{"id":38857,"date":"2024-04-16T08:31:32","date_gmt":"2024-04-16T08:31:32","guid":{"rendered":"https:\/\/kw:8890\/cleanstercom\/?page_id=16570"},"modified":"2025-11-06T23:47:55","modified_gmt":"2025-11-06T23:47:55","slug":"atterrissage-par-intelligence-artificielle","status":"publish","type":"page","link":"https:\/\/cleanster.com\/fr\/","title":{"rendered":"Atterrissage de l&#039;IA"},"content":{"rendered":"<p>Cleanster propose des services de nettoyage de premier ordre tels que le nettoyage Airbnb, le nettoyage d&#039;appartement, le nettoyage de maison, le nettoyage en profondeur, le nettoyage de pr\u00e9paration et le nettoyage de bureau.<\/p>\n<p>&nbsp;<\/p>","protected":false},"excerpt":{"rendered":"<p>Cleanster propose des services de nettoyage de premier ordre tels que le nettoyage Airbnb, le nettoyage d&#039;appartement, le nettoyage de maison, le nettoyage en profondeur, le nettoyage de pr\u00e9paration et le nettoyage de bureau. &nbsp;<\/p>","protected":false},"author":1,"featured_media":0,"parent":0,"menu_order":0,"comment_status":"closed","ping_status":"closed","template":"templates\/ai-landing.php","meta":{"_acf_changed":false,"footnotes":""},"class_list":["post-38857","page","type-page","status-publish","hentry","entry"],"acf":[],"yoast_head":"<!-- This site is optimized with the Yoast SEO Premium plugin v26.5 (Yoast SEO v27.3) - https:\/\/yoast.com\/product\/yoast-seo-premium-wordpress\/ -->\n<title>Cleanster | Cleaning &amp; Maid Services Near You<\/title>\n<meta name=\"description\" content=\"Discover Cleanster for top-rated cleaning services including apartment, house, office, and deep cleaning tailored to your needs.\" \/>\n<meta name=\"robots\" content=\"index, follow, max-snippet:-1, max-image-preview:large, max-video-preview:-1\" \/>\n<link rel=\"canonical\" href=\"https:\/\/cleanster.com\/fr\/\" \/>\n<meta property=\"og:locale\" content=\"fr_FR\" \/>\n<meta property=\"og:type\" content=\"article\" \/>\n<meta property=\"og:title\" content=\"Cleanster | Cleaning, Maid &amp; Housekeeping Services for Everyone\" \/>\n<meta property=\"og:description\" content=\"Discover Cleanster for top-rated cleaning services including apartment, house, office, and deep cleaning tailored to your needs.\" \/>\n<meta property=\"og:url\" content=\"https:\/\/cleanster.com\/fr\/\" \/>\n<meta property=\"og:site_name\" content=\"Cleanster | Cleaning &amp; Maid Services Near You\" \/>\n<meta property=\"article:publisher\" content=\"https:\/\/www.facebook.com\/cleansterhq\" \/>\n<meta property=\"article:modified_time\" content=\"2025-11-06T23:47:55+00:00\" \/>\n<meta property=\"og:image\" content=\"https:\/\/cleanster.com\/wp-content\/uploads\/2023\/11\/card@3x.png\" \/>\n\t<meta property=\"og:image:width\" content=\"1170\" \/>\n\t<meta property=\"og:image:height\" content=\"763\" \/>\n\t<meta property=\"og:image:type\" content=\"image\/png\" \/>\n<meta name=\"twitter:card\" content=\"summary_large_image\" \/>\n<meta name=\"twitter:title\" content=\"Cleanster | Cleaning, Maid &amp; Housekeeping Services for Everyone\" \/>\n<meta name=\"twitter:site\" content=\"@cleansterhq\" \/>\n<meta name=\"twitter:label1\" content=\"Dur\u00e9e de lecture estim\u00e9e\" \/>\n\t<meta name=\"twitter:data1\" content=\"1 minute\" \/>\n<script type=\"application\/ld+json\" class=\"yoast-schema-graph\">{\"@context\":\"https:\\\/\\\/schema.org\",\"@graph\":[{\"@type\":\"WebPage\",\"@id\":\"https:\\\/\\\/cleanster.com\\\/\",\"url\":\"https:\\\/\\\/cleanster.com\\\/\",\"name\":\"Cleanster | Cleaning & Maid Services Near You\",\"isPartOf\":{\"@id\":\"https:\\\/\\\/cleanster.com\\\/#website\"},\"datePublished\":\"2024-04-16T08:31:32+00:00\",\"dateModified\":\"2025-11-06T23:47:55+00:00\",\"description\":\"Discover Cleanster for top-rated cleaning services including apartment, house, office, and deep cleaning tailored to your needs.\",\"inLanguage\":\"fr-FR\",\"potentialAction\":[{\"@type\":\"ReadAction\",\"target\":[\"https:\\\/\\\/cleanster.com\\\/\"]}]},{\"@type\":\"WebSite\",\"@id\":\"https:\\\/\\\/cleanster.com\\\/#website\",\"url\":\"https:\\\/\\\/cleanster.com\\\/\",\"name\":\"Cleanster | Cleaning & Maid Services Near You\",\"description\":\"Instantly find &amp; book trusted cleaners for homes, apartment, Airbnb, and offices. Cleanster offers affordable maid, housekeeping, and commercial cleaning services near you.\",\"publisher\":{\"@id\":\"https:\\\/\\\/cleanster.com\\\/#organization\"},\"alternateName\":\"Cleanster | Cleaning, Maid & Housekeeping Services for Everyone\",\"potentialAction\":[{\"@type\":\"SearchAction\",\"target\":{\"@type\":\"EntryPoint\",\"urlTemplate\":\"https:\\\/\\\/cleanster.com\\\/?s={search_term_string}\"},\"query-input\":{\"@type\":\"PropertyValueSpecification\",\"valueRequired\":true,\"valueName\":\"search_term_string\"}}],\"inLanguage\":\"fr-FR\"},{\"@type\":\"Organization\",\"@id\":\"https:\\\/\\\/cleanster.com\\\/#organization\",\"name\":\"Cleanster\",\"alternateName\":\"Cleanster.com\",\"url\":\"https:\\\/\\\/cleanster.com\\\/\",\"logo\":{\"@type\":\"ImageObject\",\"inLanguage\":\"fr-FR\",\"@id\":\"https:\\\/\\\/cleanster.com\\\/#\\\/schema\\\/logo\\\/image\\\/\",\"url\":\"https:\\\/\\\/cleanster.com\\\/wp-content\\\/uploads\\\/2025\\\/06\\\/Cleanster-Logo-1.svg\",\"contentUrl\":\"https:\\\/\\\/cleanster.com\\\/wp-content\\\/uploads\\\/2025\\\/06\\\/Cleanster-Logo-1.svg\",\"width\":1,\"height\":1,\"caption\":\"Cleanster\"},\"image\":{\"@id\":\"https:\\\/\\\/cleanster.com\\\/#\\\/schema\\\/logo\\\/image\\\/\"},\"sameAs\":[\"https:\\\/\\\/www.facebook.com\\\/cleansterhq\",\"https:\\\/\\\/x.com\\\/cleansterhq\",\"https:\\\/\\\/www.linkedin.com\\\/company\\\/cleansterhq\",\"https:\\\/\\\/www.instagram.com\\\/cleansterhq\",\"https:\\\/\\\/vm.tiktok.com\\\/ZM8vHmcuo\\\/\",\"https:\\\/\\\/www.clubhouse.com\\\/club\\\/cleanstercom\"],\"description\":\"Cleanster is an AI-powered cleaning services platform that connects Airbnb hosts, property managers, and commercial clients with vetted, on-demand cleaners. We offer apartment, house, Airbnb, commercial, and janitorial cleaning services. With a network of over 100,000 professionals across the US, Canada, and the UK, Cleanster delivers fast, reliable, and tech-enabled cleaning at scale.\",\"email\":\"support@cleanster.com\",\"telephone\":\"+1 (888) 788-2445\",\"legalName\":\"Cleanster, Inc.\",\"foundingDate\":\"2019-05-06\",\"duns\":\"118328526\",\"naics\":\"541511\",\"numberOfEmployees\":{\"@type\":\"QuantitativeValue\",\"minValue\":\"11\",\"maxValue\":\"50\"}}]}<\/script>\n<!-- \/ Yoast SEO Premium plugin. -->","yoast_head_json":{"title":"Cleanster | Services de nettoyage et de m\u00e9nage pr\u00e8s de chez vous","description":"D\u00e9couvrez Cleanster pour des services de nettoyage de premier ordre, notamment pour un appartement, une maison, un bureau et un nettoyage en profondeur adapt\u00e9s \u00e0 vos besoins.","robots":{"index":"index","follow":"follow","max-snippet":"max-snippet:-1","max-image-preview":"max-image-preview:large","max-video-preview":"max-video-preview:-1"},"canonical":"https:\/\/cleanster.com\/fr\/","og_locale":"fr_FR","og_type":"article","og_title":"Cleanster | Cleaning, Maid & Housekeeping Services for Everyone","og_description":"Discover Cleanster for top-rated cleaning services including apartment, house, office, and deep cleaning tailored to your needs.","og_url":"https:\/\/cleanster.com\/fr\/","og_site_name":"Cleanster | Cleaning &amp; Maid Services Near You","article_publisher":"https:\/\/www.facebook.com\/cleansterhq","article_modified_time":"2025-11-06T23:47:55+00:00","og_image":[{"width":1170,"height":763,"url":"https:\/\/cleanster.com\/wp-content\/uploads\/2023\/11\/card@3x.png","type":"image\/png"}],"twitter_card":"summary_large_image","twitter_title":"Cleanster | Cleaning, Maid & Housekeeping Services for Everyone","twitter_site":"@cleansterhq","twitter_misc":{"Dur\u00e9e de lecture estim\u00e9e":"1 minute"},"schema":{"@context":"https:\/\/schema.org","@graph":[{"@type":"WebPage","@id":"https:\/\/cleanster.com\/","url":"https:\/\/cleanster.com\/","name":"Cleanster | Services de nettoyage et de m\u00e9nage pr\u00e8s de chez vous","isPartOf":{"@id":"https:\/\/cleanster.com\/#website"},"datePublished":"2024-04-16T08:31:32+00:00","dateModified":"2025-11-06T23:47:55+00:00","description":"D\u00e9couvrez Cleanster pour des services de nettoyage de premier ordre, notamment pour un appartement, une maison, un bureau et un nettoyage en profondeur adapt\u00e9s \u00e0 vos besoins.","inLanguage":"fr-FR","potentialAction":[{"@type":"ReadAction","target":["https:\/\/cleanster.com\/"]}]},{"@type":"WebSite","@id":"https:\/\/cleanster.com\/#website","url":"https:\/\/cleanster.com\/","name":"Cleanster | Services de nettoyage et de m\u00e9nage pr\u00e8s de chez vous","description":"Trouvez et r\u00e9servez instantan\u00e9ment des services de nettoyage de confiance pour vos maisons, appartements, Airbnb et bureaux. Cleanster propose des services de m\u00e9nage, d&#039;entretien m\u00e9nager et de nettoyage commercial abordables pr\u00e8s de chez vous.","publisher":{"@id":"https:\/\/cleanster.com\/#organization"},"alternateName":"Cleanster | Cleaning, Maid & Housekeeping Services for Everyone","potentialAction":[{"@type":"SearchAction","target":{"@type":"EntryPoint","urlTemplate":"https:\/\/cleanster.com\/?s={search_term_string}"},"query-input":{"@type":"PropertyValueSpecification","valueRequired":true,"valueName":"search_term_string"}}],"inLanguage":"fr-FR"},{"@type":"Organization","@id":"https:\/\/cleanster.com\/#organization","name":"Nettoyant","alternateName":"Cleanster.com","url":"https:\/\/cleanster.com\/","logo":{"@type":"ImageObject","inLanguage":"fr-FR","@id":"https:\/\/cleanster.com\/#\/schema\/logo\/image\/","url":"https:\/\/cleanster.com\/wp-content\/uploads\/2025\/06\/Cleanster-Logo-1.svg","contentUrl":"https:\/\/cleanster.com\/wp-content\/uploads\/2025\/06\/Cleanster-Logo-1.svg","width":1,"height":1,"caption":"Cleanster"},"image":{"@id":"https:\/\/cleanster.com\/#\/schema\/logo\/image\/"},"sameAs":["https:\/\/www.facebook.com\/cleansterhq","https:\/\/x.com\/cleansterhq","https:\/\/www.linkedin.com\/company\/cleansterhq","https:\/\/www.instagram.com\/cleansterhq","https:\/\/vm.tiktok.com\/ZM8vHmcuo\/","https:\/\/www.clubhouse.com\/club\/cleanstercom"],"description":"Cleanster est une plateforme de services de nettoyage optimis\u00e9e par l&#039;IA qui met en relation les h\u00f4tes Airbnb, les gestionnaires immobiliers et les clients commerciaux avec des agents de nettoyage qualifi\u00e9s et \u00e0 la demande. Nous proposons des services de nettoyage d&#039;appartements, de maisons, de logements Airbnb, de locaux commerciaux et de conciergerie. Avec un r\u00e9seau de plus de 100\u00a0000 professionnels aux \u00c9tats-Unis, au Canada et au Royaume-Uni, Cleanster offre un nettoyage rapide, fiable et technologique \u00e0 grande \u00e9chelle.","email":"support@cleanster.com","telephone":"+1 (888) 788-2445","legalName":"Cleanster, Inc.","foundingDate":"2019-05-06","duns":"118328526","naics":"541511","numberOfEmployees":{"@type":"QuantitativeValue","minValue":"11","maxValue":"50"}}]}},"_links":{"self":[{"href":"https:\/\/cleanster.com\/fr\/wp-json\/wp\/v2\/pages\/38857","targetHints":{"allow":["GET"]}}],"collection":[{"href":"https:\/\/cleanster.com\/fr\/wp-json\/wp\/v2\/pages"}],"about":[{"href":"https:\/\/cleanster.com\/fr\/wp-json\/wp\/v2\/types\/page"}],"author":[{"embeddable":true,"href":"https:\/\/cleanster.com\/fr\/wp-json\/wp\/v2\/users\/1"}],"replies":[{"embeddable":true,"href":"https:\/\/cleanster.com\/fr\/wp-json\/wp\/v2\/comments?post=38857"}],"version-history":[{"count":0,"href":"https:\/\/cleanster.com\/fr\/wp-json\/wp\/v2\/pages\/38857\/revisions"}],"wp:attachment":[{"href":"https:\/\/cleanster.com\/fr\/wp-json\/wp\/v2\/media?parent=38857"}],"curies":[{"name":"wp","href":"https:\/\/api.w.org\/{rel}","templated":true}]}}