{"id":39270,"date":"2024-05-18T07:38:15","date_gmt":"2024-05-18T07:38:15","guid":{"rendered":"https:\/\/kw:8890\/cleanstercom\/?page_id=17139"},"modified":"2025-02-16T19:34:33","modified_gmt":"2025-02-16T19:34:33","slug":"demenager-nettoyer","status":"publish","type":"page","link":"https:\/\/cleanster.com\/fr\/demenager-nettoyer\/","title":{"rendered":"Nettoyage de d\u00e9m\u00e9nagement"},"content":{"rendered":"<h2><span style=\"color: #ffffff;\"><b>Application pour un nettoyage en profondeur<\/b><\/span><\/h2>\n<p><span style=\"color: #ffffff;\"><span style=\"font-weight: 400;\">Pour la plupart d\u2019entre nous, le temps est au c\u0153ur de tout, et avec un style de vie charg\u00e9, nous voulons que tout, comme le service de nettoyage en profondeur, soit fait de plus en plus vite. Vous pouvez envisager l&#039;application Cleanster.com pour un <\/span><b>service de nettoyage en profondeur<\/b><span style=\"font-weight: 400;\">. Gr\u00e2ce \u00e0 notre application de nettoyage, vous pouvez facilement entretenir votre maison ou votre bureau. Dans l&#039;application Cleanster.com, vous pouvez profiter de nos services pour vous simplifier la vie.\u00a0<\/span><\/span><\/p>\n<p><span style=\"color: #ffffff;\"><span style=\"font-weight: 400;\">Nous savons que garder votre environnement propre est une corv\u00e9e sans fin. Nettoyage de la maison, nettoyage des bureaux, nettoyage de la maison, nettoyage en profondeur et autres. Mais avec l&#039;aide de Cleanster.com <\/span><a style=\"color: #ffffff;\" href=\"https:\/\/cleanster.com\/deep-cleaning\/\"><span style=\"font-weight: 400;\">APPLICATION<\/span><\/a><span style=\"font-weight: 400;\">, vous pouvez r\u00e9soudre votre probl\u00e8me rapidement.\u00a0<\/span><\/span><\/p>\n<p><span style=\"color: #ffffff;\"><span style=\"font-weight: 400;\">C&#039;est la meilleure application de nettoyage en profondeur<\/span><span style=\"font-weight: 400;\">,<\/span><span style=\"font-weight: 400;\"> pour Airbnb, nettoyage de maison et de bureau, location de vacances et emm\u00e9nagement\/d\u00e9m\u00e9nagement.\u00a0<\/span><\/span><\/p>\n<p><span style=\"font-weight: 400; color: #ffffff;\">Gr\u00e2ce \u00e0 cette application, vous pouvez embaucher nos nettoyeurs professionnels pour nettoyer les sols. Passez \u00e9galement l\u2019aspirateur, la poussi\u00e8re et changez les draps \u00e0 un prix raisonnable.<\/span><\/p>\n<p><span style=\"font-weight: 400; color: #ffffff;\">Les excellentes solutions logicielles de l&#039;application Cleanster.com aideront les services de nettoyage \u00e0 fonctionner efficacement. Il est facilement accessible, convivial et pratique.\u00a0\u00a0<\/span><\/p>\n<p><span style=\"font-weight: 400; color: #ffffff;\">Notre application de nettoyage en profondeur garantira de r\u00e9duire vos erreurs de planification et de traiter rapidement les annulations.<\/span><\/p>\n<p><span style=\"font-weight: 400; color: #ffffff;\">De plus, terminez les travaux selon le plan.\u00a0<\/span><\/p>\n<p><span style=\"font-weight: 400; color: #ffffff;\">Plus important encore, vous pouvez modifier votre emploi du temps par messages ou par e-mail.<\/span><\/p>\n<p><span style=\"font-weight: 400; color: #ffffff;\">Pour garder une trace de vos t\u00e2ches et t\u00e2ches essentielles, vous pouvez consulter notre application Android gratuite de nettoyage en profondeur.\u00a0<\/span><\/p>\n<h2><span style=\"color: #ffffff;\"><b>Les bases que nous consid\u00e9rons\u00a0:<\/b><\/span><\/h2>\n<p><span style=\"font-weight: 400; color: #ffffff;\">Avec notre service de nettoyage en profondeur, nos nettoyeurs vous aideront \u00e0 vous d\u00e9barrasser de la salet\u00e9. Crasse, r\u00e9sidus de savon et autres salet\u00e9s autour de votre maison ou de votre bureau.\u00a0<\/span><\/p>\n<p><span style=\"font-weight: 400; color: #ffffff;\">Nous assainissons et d\u00e9sinfectons les zones et les outils essentiels pour offrir une atmosph\u00e8re plus saine. Et donnez aux choses un aspect propre et une odeur fra\u00eeche.<\/span><\/p>\n<p><span style=\"font-weight: 400; color: #ffffff;\">Notre service de nettoyage en profondeur prend plus de temps que notre service de nettoyage r\u00e9gulier. Cela implique beaucoup de travail d\u00e9taill\u00e9 et garde notre touche personnelle.\u00a0<\/span><\/p>\n<p><span style=\"color: #ffffff;\"><span style=\"font-weight: 400;\">Nous avons plusieurs endroits pour fournir des services comme <\/span><a style=\"color: #ffffff;\" href=\"https:\/\/cleanster.com\/house-cleaning-in-austin-tx\/\"><span style=\"font-weight: 400;\">nettoyage de la maison<\/span><\/a><span style=\"font-weight: 400;\">, <\/span><a style=\"color: #ffffff;\" href=\"https:\/\/cleanster.com\/airbnb-cleaning-in-austin-tx\/\"><span style=\"font-weight: 400;\">Nettoyage Airbnb<\/span><\/a><span style=\"font-weight: 400;\">, <\/span><a style=\"color: #ffffff;\" href=\"https:\/\/cleanster.com\/vacation-rental-cleaning-in-austin-tx\/\"><span style=\"font-weight: 400;\">nettoyage de location de vacances<\/span><\/a><span style=\"font-weight: 400;\">, <\/span><a style=\"color: #ffffff;\" href=\"https:\/\/cleanster.com\/moving-in-out-cleaning-in-austin-tx\/\"><span style=\"font-weight: 400;\">d\u00e9m\u00e9nagement, nettoyage, <\/span><\/a><span style=\"font-weight: 400;\">et beaucoup plus.<\/span><\/span><\/p>\n<p><span style=\"color: #ffffff;\"><span style=\"font-weight: 400;\">Si vous pensez que votre logement n\u00e9cessite un nettoyage en profondeur, vous pouvez essayer notre Cleanster.com <\/span><a style=\"color: #ffffff;\" href=\"https:\/\/play.google.com\/store\/apps\/details?id=com.tidyapp.pro\"><span style=\"font-weight: 400;\">application<\/span><\/a><span style=\"font-weight: 400;\"> pour obtenir le meilleur service de nettoyage en profondeur.\u00a0<\/span><\/span><\/p>","protected":false},"excerpt":{"rendered":"<p>App for Deep Cleaning For most of us, time is the core of everything, and with a busy lifestyle, we want everything, such as deep cleaning service, to be done quicker and faster. You can consider the Cleanster.com App for a deep cleaning service. Using our cleaning app, you can easily maintain your house or [&hellip;]<\/p>\n","protected":false},"author":1,"featured_media":0,"parent":0,"menu_order":0,"comment_status":"closed","ping_status":"closed","template":"templates\/move-out-cleaning.php","meta":{"_acf_changed":false,"footnotes":""},"class_list":["post-39270","page","type-page","status-publish","hentry","entry"],"acf":[],"yoast_head":"<!-- This site is optimized with the Yoast SEO Premium plugin v26.5 (Yoast SEO v27.3) - https:\/\/yoast.com\/product\/yoast-seo-premium-wordpress\/ -->\n<title>App for Deep Cleaning -Cleanster.com App<\/title>\n<meta name=\"description\" content=\"The smartest way to book, pay, and find a deep cleaning service through our Cleanster.com App. App for deep cleaning service.\" \/>\n<meta name=\"robots\" content=\"index, follow, max-snippet:-1, max-image-preview:large, max-video-preview:-1\" \/>\n<link rel=\"canonical\" href=\"https:\/\/cleanster.com\/fr\/demenager-nettoyer\/\" \/>\n<meta property=\"og:locale\" content=\"fr_FR\" \/>\n<meta property=\"og:type\" content=\"article\" \/>\n<meta property=\"og:title\" content=\"Move-out Cleaning - Cleanster | Cleaning &amp; Maid Services Near You\" \/>\n<meta property=\"og:description\" content=\"The smartest way to book, pay, and find a deep cleaning service through our Cleanster.com App. App for deep cleaning service.\" \/>\n<meta property=\"og:url\" content=\"https:\/\/cleanster.com\/fr\/demenager-nettoyer\/\" \/>\n<meta property=\"og:site_name\" content=\"Cleanster | Cleaning &amp; Maid Services Near You\" \/>\n<meta property=\"article:publisher\" content=\"https:\/\/www.facebook.com\/cleansterhq\" \/>\n<meta property=\"article:modified_time\" content=\"2025-02-16T19:34:33+00:00\" \/>\n<meta property=\"og:image\" content=\"https:\/\/cleanster.com\/wp-content\/uploads\/2023\/11\/card@3x.png\" \/>\n\t<meta property=\"og:image:width\" content=\"1170\" \/>\n\t<meta property=\"og:image:height\" content=\"763\" \/>\n\t<meta property=\"og:image:type\" content=\"image\/png\" \/>\n<meta name=\"twitter:card\" content=\"summary_large_image\" \/>\n<meta name=\"twitter:site\" content=\"@cleansterhq\" \/>\n<meta name=\"twitter:label1\" content=\"Dur\u00e9e de lecture estim\u00e9e\" \/>\n\t<meta name=\"twitter:data1\" content=\"2 minutes\" \/>\n<script type=\"application\/ld+json\" class=\"yoast-schema-graph\">{\"@context\":\"https:\\\/\\\/schema.org\",\"@graph\":[{\"@type\":\"WebPage\",\"@id\":\"https:\\\/\\\/cleanster.com\\\/move-out-cleaning\\\/\",\"url\":\"https:\\\/\\\/cleanster.com\\\/move-out-cleaning\\\/\",\"name\":\"App for Deep Cleaning -Cleanster.com App\",\"isPartOf\":{\"@id\":\"https:\\\/\\\/cleanster.com\\\/#website\"},\"datePublished\":\"2024-05-18T07:38:15+00:00\",\"dateModified\":\"2025-02-16T19:34:33+00:00\",\"description\":\"The smartest way to book, pay, and find a deep cleaning service through our Cleanster.com App. App for deep cleaning service.\",\"inLanguage\":\"fr-FR\",\"potentialAction\":[{\"@type\":\"ReadAction\",\"target\":[\"https:\\\/\\\/cleanster.com\\\/move-out-cleaning\\\/\"]}]},{\"@type\":\"WebSite\",\"@id\":\"https:\\\/\\\/cleanster.com\\\/#website\",\"url\":\"https:\\\/\\\/cleanster.com\\\/\",\"name\":\"Cleanster | Cleaning & Maid Services Near You\",\"description\":\"Instantly find &amp; book trusted cleaners for homes, apartment, Airbnb, and offices. Cleanster offers affordable maid, housekeeping, and commercial cleaning services near you.\",\"publisher\":{\"@id\":\"https:\\\/\\\/cleanster.com\\\/#organization\"},\"alternateName\":\"Cleanster | Cleaning, Maid & Housekeeping Services for Everyone\",\"potentialAction\":[{\"@type\":\"SearchAction\",\"target\":{\"@type\":\"EntryPoint\",\"urlTemplate\":\"https:\\\/\\\/cleanster.com\\\/?s={search_term_string}\"},\"query-input\":{\"@type\":\"PropertyValueSpecification\",\"valueRequired\":true,\"valueName\":\"search_term_string\"}}],\"inLanguage\":\"fr-FR\"},{\"@type\":\"Organization\",\"@id\":\"https:\\\/\\\/cleanster.com\\\/#organization\",\"name\":\"Cleanster\",\"alternateName\":\"Cleanster.com\",\"url\":\"https:\\\/\\\/cleanster.com\\\/\",\"logo\":{\"@type\":\"ImageObject\",\"inLanguage\":\"fr-FR\",\"@id\":\"https:\\\/\\\/cleanster.com\\\/#\\\/schema\\\/logo\\\/image\\\/\",\"url\":\"https:\\\/\\\/cleanster.com\\\/wp-content\\\/uploads\\\/2025\\\/06\\\/Cleanster-Logo-1.svg\",\"contentUrl\":\"https:\\\/\\\/cleanster.com\\\/wp-content\\\/uploads\\\/2025\\\/06\\\/Cleanster-Logo-1.svg\",\"width\":1,\"height\":1,\"caption\":\"Cleanster\"},\"image\":{\"@id\":\"https:\\\/\\\/cleanster.com\\\/#\\\/schema\\\/logo\\\/image\\\/\"},\"sameAs\":[\"https:\\\/\\\/www.facebook.com\\\/cleansterhq\",\"https:\\\/\\\/x.com\\\/cleansterhq\",\"https:\\\/\\\/www.linkedin.com\\\/company\\\/cleansterhq\",\"https:\\\/\\\/www.instagram.com\\\/cleansterhq\",\"https:\\\/\\\/vm.tiktok.com\\\/ZM8vHmcuo\\\/\",\"https:\\\/\\\/www.clubhouse.com\\\/club\\\/cleanstercom\"],\"description\":\"Cleanster is an AI-powered cleaning services platform that connects Airbnb hosts, property managers, and commercial clients with vetted, on-demand cleaners. We offer apartment, house, Airbnb, commercial, and janitorial cleaning services. With a network of over 100,000 professionals across the US, Canada, and the UK, Cleanster delivers fast, reliable, and tech-enabled cleaning at scale.\",\"email\":\"support@cleanster.com\",\"telephone\":\"+1 (888) 788-2445\",\"legalName\":\"Cleanster, Inc.\",\"foundingDate\":\"2019-05-06\",\"duns\":\"118328526\",\"naics\":\"541511\",\"numberOfEmployees\":{\"@type\":\"QuantitativeValue\",\"minValue\":\"11\",\"maxValue\":\"50\"}}]}<\/script>\n<!-- \/ Yoast SEO Premium plugin. -->","yoast_head_json":{"title":"Application pour le nettoyage en profondeur -Application Cleanster.com","description":"La fa\u00e7on la plus intelligente de r\u00e9server, payer et trouver un service de nettoyage en profondeur via notre application Cleanster.com. Application pour un service de nettoyage en profondeur.","robots":{"index":"index","follow":"follow","max-snippet":"max-snippet:-1","max-image-preview":"max-image-preview:large","max-video-preview":"max-video-preview:-1"},"canonical":"https:\/\/cleanster.com\/fr\/demenager-nettoyer\/","og_locale":"fr_FR","og_type":"article","og_title":"Move-out Cleaning - Cleanster | Cleaning &amp; Maid Services Near You","og_description":"The smartest way to book, pay, and find a deep cleaning service through our Cleanster.com App. App for deep cleaning service.","og_url":"https:\/\/cleanster.com\/fr\/demenager-nettoyer\/","og_site_name":"Cleanster | Cleaning &amp; Maid Services Near You","article_publisher":"https:\/\/www.facebook.com\/cleansterhq","article_modified_time":"2025-02-16T19:34:33+00:00","og_image":[{"width":1170,"height":763,"url":"https:\/\/cleanster.com\/wp-content\/uploads\/2023\/11\/card@3x.png","type":"image\/png"}],"twitter_card":"summary_large_image","twitter_site":"@cleansterhq","twitter_misc":{"Dur\u00e9e de lecture estim\u00e9e":"2 minutes"},"schema":{"@context":"https:\/\/schema.org","@graph":[{"@type":"WebPage","@id":"https:\/\/cleanster.com\/move-out-cleaning\/","url":"https:\/\/cleanster.com\/move-out-cleaning\/","name":"Application pour le nettoyage en profondeur -Application Cleanster.com","isPartOf":{"@id":"https:\/\/cleanster.com\/#website"},"datePublished":"2024-05-18T07:38:15+00:00","dateModified":"2025-02-16T19:34:33+00:00","description":"La fa\u00e7on la plus intelligente de r\u00e9server, payer et trouver un service de nettoyage en profondeur via notre application Cleanster.com. Application pour un service de nettoyage en profondeur.","inLanguage":"fr-FR","potentialAction":[{"@type":"ReadAction","target":["https:\/\/cleanster.com\/move-out-cleaning\/"]}]},{"@type":"WebSite","@id":"https:\/\/cleanster.com\/#website","url":"https:\/\/cleanster.com\/","name":"Cleanster | Services de nettoyage et de m\u00e9nage pr\u00e8s de chez vous","description":"Trouvez et r\u00e9servez instantan\u00e9ment des services de nettoyage de confiance pour vos maisons, appartements, Airbnb et bureaux. Cleanster propose des services de m\u00e9nage, d&#039;entretien m\u00e9nager et de nettoyage commercial abordables pr\u00e8s de chez vous.","publisher":{"@id":"https:\/\/cleanster.com\/#organization"},"alternateName":"Cleanster | Cleaning, Maid & Housekeeping Services for Everyone","potentialAction":[{"@type":"SearchAction","target":{"@type":"EntryPoint","urlTemplate":"https:\/\/cleanster.com\/?s={search_term_string}"},"query-input":{"@type":"PropertyValueSpecification","valueRequired":true,"valueName":"search_term_string"}}],"inLanguage":"fr-FR"},{"@type":"Organization","@id":"https:\/\/cleanster.com\/#organization","name":"Nettoyant","alternateName":"Cleanster.com","url":"https:\/\/cleanster.com\/","logo":{"@type":"ImageObject","inLanguage":"fr-FR","@id":"https:\/\/cleanster.com\/#\/schema\/logo\/image\/","url":"https:\/\/cleanster.com\/wp-content\/uploads\/2025\/06\/Cleanster-Logo-1.svg","contentUrl":"https:\/\/cleanster.com\/wp-content\/uploads\/2025\/06\/Cleanster-Logo-1.svg","width":1,"height":1,"caption":"Cleanster"},"image":{"@id":"https:\/\/cleanster.com\/#\/schema\/logo\/image\/"},"sameAs":["https:\/\/www.facebook.com\/cleansterhq","https:\/\/x.com\/cleansterhq","https:\/\/www.linkedin.com\/company\/cleansterhq","https:\/\/www.instagram.com\/cleansterhq","https:\/\/vm.tiktok.com\/ZM8vHmcuo\/","https:\/\/www.clubhouse.com\/club\/cleanstercom"],"description":"Cleanster est une plateforme de services de nettoyage optimis\u00e9e par l&#039;IA qui met en relation les h\u00f4tes Airbnb, les gestionnaires immobiliers et les clients commerciaux avec des agents de nettoyage qualifi\u00e9s et \u00e0 la demande. Nous proposons des services de nettoyage d&#039;appartements, de maisons, de logements Airbnb, de locaux commerciaux et de conciergerie. Avec un r\u00e9seau de plus de 100\u00a0000 professionnels aux \u00c9tats-Unis, au Canada et au Royaume-Uni, Cleanster offre un nettoyage rapide, fiable et technologique \u00e0 grande \u00e9chelle.","email":"support@cleanster.com","telephone":"+1 (888) 788-2445","legalName":"Cleanster, Inc.","foundingDate":"2019-05-06","duns":"118328526","naics":"541511","numberOfEmployees":{"@type":"QuantitativeValue","minValue":"11","maxValue":"50"}}]}},"_links":{"self":[{"href":"https:\/\/cleanster.com\/fr\/wp-json\/wp\/v2\/pages\/39270","targetHints":{"allow":["GET"]}}],"collection":[{"href":"https:\/\/cleanster.com\/fr\/wp-json\/wp\/v2\/pages"}],"about":[{"href":"https:\/\/cleanster.com\/fr\/wp-json\/wp\/v2\/types\/page"}],"author":[{"embeddable":true,"href":"https:\/\/cleanster.com\/fr\/wp-json\/wp\/v2\/users\/1"}],"replies":[{"embeddable":true,"href":"https:\/\/cleanster.com\/fr\/wp-json\/wp\/v2\/comments?post=39270"}],"version-history":[{"count":0,"href":"https:\/\/cleanster.com\/fr\/wp-json\/wp\/v2\/pages\/39270\/revisions"}],"wp:attachment":[{"href":"https:\/\/cleanster.com\/fr\/wp-json\/wp\/v2\/media?parent=39270"}],"curies":[{"name":"wp","href":"https:\/\/api.w.org\/{rel}","templated":true}]}}