{"id":4322,"date":"2022-01-24T15:53:01","date_gmt":"2022-01-24T15:53:01","guid":{"rendered":"https:\/\/cleanster.com\/?page_id=4322"},"modified":"2023-10-31T09:06:14","modified_gmt":"2023-10-31T09:06:14","slug":"pourquoi-as-tu-besoin-dune-application-plus-propre","status":"publish","type":"page","link":"https:\/\/cleanster.com\/fr\/pourquoi-as-tu-besoin-dune-application-plus-propre\/","title":{"rendered":"Pourquoi avez-vous besoin d\u2019un nettoyant\u00a0?"},"content":{"rendered":"<h2><span style=\"font-weight: 400; color: #ffffff;\">La n\u00e9cessit\u00e9 du Nettoyant<\/span><\/h2>\n<p><span style=\"font-weight: 400; color: #ffffff;\">Tout le monde n\u2019a pas le temps de faire le m\u00e9nage, d\u2019enlever la poussi\u00e8re du sol ou des meubles. De plus, vous pouvez \u00e9galement vous salir en faisant de telles choses. Il faut parfois se rendre dans des coins ou des endroits minuscules pour nettoyer. Bien s\u00fbr, vous ne voulez pas non plus nettoyer vos toilettes apr\u00e8s un certain temps. Donc, tout cela va vous co\u00fbter du temps et de la fra\u00eecheur pr\u00e9cieux. Donc, vous ne voudrez peut-\u00eatre pas faire ces choses. Au lieu de cela, vous souhaiterez peut-\u00eatre que quelqu&#039;un qui soit professionnel et respectueux de votre budget le fasse pour vous. Ici vient la n\u00e9cessit\u00e9 du <a style=\"color: #ffffff;\" href=\"https:\/\/play.google.com\/store\/apps\/details?id=com.tidyapp&amp;hl=en_US&amp;gl=US\">Nettoyant<span style=\"font-weight: 400;\">.com<\/span><\/a>.<\/span><\/p>\n<p><span style=\"font-weight: 400; color: #ffffff;\">Gr\u00e2ce aux services, vous pouvez obtenir votre maison, votre bureau, <a style=\"color: #ffffff;\" href=\"https:\/\/cleanster.com\/airbnb-cleaning-service\/\">Airbnb<\/a> soigneusement nettoy\u00e9 sans toucher un peu de salet\u00e9 ou d&#039;eau. Vous pouvez simplement cliquer sur embaucher un nettoyeur professionnel pour effectuer ce travail. Donnez les informations n\u00e9cessaires, y compris votre adresse, lors de la r\u00e9servation du service et un professionnel sera \u00e0 votre porte avant de le savoir.\u00a0<\/span><\/p>\n<p><span style=\"font-weight: 400; color: #ffffff;\">Maintenant, nous arrivons \u00e0 la partie o\u00f9 vous posez des questions sur la n\u00e9cessit\u00e9 du Cleanster.<span style=\"font-weight: 400;\">.com<\/span>. Pour information, nous vous informons qu&#039;il n&#039;y a aucun contrat entre vous et le Cleanster.<span style=\"font-weight: 400;\">.com<\/span>. Il vous suffit d&#039;embaucher un nettoyeur professionnel en utilisant notre application dans la zone s\u00e9lectionn\u00e9e et de le payer de mani\u00e8re enti\u00e8rement s\u00e9curis\u00e9e.<\/span><\/p>\n<p><span style=\"font-weight: 400; color: #ffffff;\">Il est tout simplement pr\u00e9f\u00e9rable pour vous de ne conclure aucun contrat sur une base temporelle. Vous engagez un nettoyeur chaque fois que vous en ressentez le besoin. Votre maison, votre bureau ou Airbnb est aussi nettoy\u00e9 que possible. M\u00eame pour les propri\u00e9taires, nous vous aidons \u00e0 rendre votre propri\u00e9t\u00e9 pr\u00e9sentable. Lors d&#039;une utilisation \u00e0 long terme, la salet\u00e9 et la graisse s&#039;accumulent sur les objets.<\/span><\/p>\n<p><span style=\"font-weight: 400; color: #ffffff;\">Nous v\u00e9rifions minutieusement le curriculum vitae de chaque nettoyeur et veillons \u00e0 ce que votre propri\u00e9t\u00e9 soit entre de bonnes mains. Alors ne vous inqui\u00e9tez pas pour la s\u00e9curit\u00e9.<\/span><\/p>\n<p><span style=\"font-weight: 400; color: #ffffff;\">Alors, avez-vous besoin de nettoyer votre maison, votre bureau, votre appartement ou Airbnb ? T\u00e9l\u00e9chargez le nettoyant<span style=\"font-weight: 400;\">.com<\/span> depuis le Play Store ou l&#039;App Store et demandez \u00e0 un professionnel de le nettoyer.<\/span><\/p>","protected":false},"excerpt":{"rendered":"<p>The necessity of the Cleanster Not everyone has the time to spend on cleaning, getting the dust off the floor or furniture. Plus, you can also get yourself dirty while doing such things. You have to get to tiny corners or places in order to clean sometimes. Of course, you don\u2019t want to clean your [&hellip;]<\/p>\n","protected":false},"author":1,"featured_media":16248,"parent":0,"menu_order":0,"comment_status":"closed","ping_status":"closed","template":"templates\/why-cleanster.php","meta":{"_acf_changed":false,"footnotes":""},"class_list":["post-4322","page","type-page","status-publish","has-post-thumbnail","hentry","entry"],"acf":[],"yoast_head":"<!-- This site is optimized with the Yoast SEO Premium plugin v26.5 (Yoast SEO v27.4) - https:\/\/yoast.com\/product\/yoast-seo-premium-wordpress\/ -->\n<title>Why Do You Need Cleanster? -<\/title>\n<meta name=\"description\" content=\"Not everyone has the time to spend on cleaning, getting the dust off the floor or furniture. Cleanster.com App is the best cleaning app solution.\" \/>\n<meta name=\"robots\" content=\"index, follow, max-snippet:-1, max-image-preview:large, max-video-preview:-1\" \/>\n<link rel=\"canonical\" href=\"https:\/\/cleanster.com\/fr\/pourquoi-as-tu-besoin-dune-application-plus-propre\/\" \/>\n<meta property=\"og:locale\" content=\"fr_FR\" \/>\n<meta property=\"og:type\" content=\"article\" \/>\n<meta property=\"og:title\" content=\"Why Do You Need Cleanster? - Cleanster | Cleaning &amp; Maid Services Near You\" \/>\n<meta property=\"og:description\" content=\"Not everyone has the time to spend on cleaning, getting the dust off the floor or furniture. Cleanster.com App is the best cleaning app solution.\" \/>\n<meta property=\"og:url\" content=\"https:\/\/cleanster.com\/fr\/pourquoi-as-tu-besoin-dune-application-plus-propre\/\" \/>\n<meta property=\"og:site_name\" content=\"Cleanster | Cleaning &amp; Maid Services Near You\" \/>\n<meta property=\"article:publisher\" content=\"https:\/\/www.facebook.com\/cleansterhq\" \/>\n<meta property=\"article:modified_time\" content=\"2023-10-31T09:06:14+00:00\" \/>\n<meta property=\"og:image\" content=\"https:\/\/cleanster.com\/wp-content\/uploads\/2023\/10\/1.png\" \/>\n\t<meta property=\"og:image:width\" content=\"1440\" \/>\n\t<meta property=\"og:image:height\" content=\"700\" \/>\n\t<meta property=\"og:image:type\" content=\"image\/png\" \/>\n<meta name=\"twitter:card\" content=\"summary_large_image\" \/>\n<meta name=\"twitter:site\" content=\"@cleansterhq\" \/>\n<meta name=\"twitter:label1\" content=\"Dur\u00e9e de lecture estim\u00e9e\" \/>\n\t<meta name=\"twitter:data1\" content=\"2 minutes\" \/>\n<script type=\"application\/ld+json\" class=\"yoast-schema-graph\">{\"@context\":\"https:\\\/\\\/schema.org\",\"@graph\":[{\"@type\":\"WebPage\",\"@id\":\"https:\\\/\\\/cleanster.com\\\/why-do-you-need-cleanster-app\\\/\",\"url\":\"https:\\\/\\\/cleanster.com\\\/why-do-you-need-cleanster-app\\\/\",\"name\":\"Why Do You Need Cleanster? -\",\"isPartOf\":{\"@id\":\"https:\\\/\\\/cleanster.com\\\/#website\"},\"primaryImageOfPage\":{\"@id\":\"https:\\\/\\\/cleanster.com\\\/why-do-you-need-cleanster-app\\\/#primaryimage\"},\"image\":{\"@id\":\"https:\\\/\\\/cleanster.com\\\/why-do-you-need-cleanster-app\\\/#primaryimage\"},\"thumbnailUrl\":\"https:\\\/\\\/cleanster.com\\\/wp-content\\\/uploads\\\/2023\\\/10\\\/1.png\",\"datePublished\":\"2022-01-24T15:53:01+00:00\",\"dateModified\":\"2023-10-31T09:06:14+00:00\",\"description\":\"Not everyone has the time to spend on cleaning, getting the dust off the floor or furniture. Cleanster.com App is the best cleaning app solution.\",\"inLanguage\":\"fr-FR\",\"potentialAction\":[{\"@type\":\"ReadAction\",\"target\":[\"https:\\\/\\\/cleanster.com\\\/why-do-you-need-cleanster-app\\\/\"]}]},{\"@type\":\"ImageObject\",\"inLanguage\":\"fr-FR\",\"@id\":\"https:\\\/\\\/cleanster.com\\\/why-do-you-need-cleanster-app\\\/#primaryimage\",\"url\":\"https:\\\/\\\/cleanster.com\\\/wp-content\\\/uploads\\\/2023\\\/10\\\/1.png\",\"contentUrl\":\"https:\\\/\\\/cleanster.com\\\/wp-content\\\/uploads\\\/2023\\\/10\\\/1.png\",\"width\":1440,\"height\":700},{\"@type\":\"WebSite\",\"@id\":\"https:\\\/\\\/cleanster.com\\\/#website\",\"url\":\"https:\\\/\\\/cleanster.com\\\/\",\"name\":\"Cleanster | Cleaning & Maid Services Near You\",\"description\":\"Instantly find &amp; book trusted cleaners for homes, apartment, Airbnb, and offices. Cleanster offers affordable maid, housekeeping, and commercial cleaning services near you.\",\"publisher\":{\"@id\":\"https:\\\/\\\/cleanster.com\\\/#organization\"},\"alternateName\":\"Cleanster | Cleaning, Maid & Housekeeping Services for Everyone\",\"potentialAction\":[{\"@type\":\"SearchAction\",\"target\":{\"@type\":\"EntryPoint\",\"urlTemplate\":\"https:\\\/\\\/cleanster.com\\\/?s={search_term_string}\"},\"query-input\":{\"@type\":\"PropertyValueSpecification\",\"valueRequired\":true,\"valueName\":\"search_term_string\"}}],\"inLanguage\":\"fr-FR\"},{\"@type\":\"Organization\",\"@id\":\"https:\\\/\\\/cleanster.com\\\/#organization\",\"name\":\"Cleanster\",\"alternateName\":\"Cleanster.com\",\"url\":\"https:\\\/\\\/cleanster.com\\\/\",\"logo\":{\"@type\":\"ImageObject\",\"inLanguage\":\"fr-FR\",\"@id\":\"https:\\\/\\\/cleanster.com\\\/#\\\/schema\\\/logo\\\/image\\\/\",\"url\":\"https:\\\/\\\/cleanster.com\\\/wp-content\\\/uploads\\\/2025\\\/06\\\/Cleanster-Logo-1.svg\",\"contentUrl\":\"https:\\\/\\\/cleanster.com\\\/wp-content\\\/uploads\\\/2025\\\/06\\\/Cleanster-Logo-1.svg\",\"width\":1,\"height\":1,\"caption\":\"Cleanster\"},\"image\":{\"@id\":\"https:\\\/\\\/cleanster.com\\\/#\\\/schema\\\/logo\\\/image\\\/\"},\"sameAs\":[\"https:\\\/\\\/www.facebook.com\\\/cleansterhq\",\"https:\\\/\\\/x.com\\\/cleansterhq\",\"https:\\\/\\\/www.linkedin.com\\\/company\\\/cleansterhq\",\"https:\\\/\\\/www.instagram.com\\\/cleansterhq\",\"https:\\\/\\\/vm.tiktok.com\\\/ZM8vHmcuo\\\/\",\"https:\\\/\\\/www.clubhouse.com\\\/club\\\/cleanstercom\"],\"description\":\"Cleanster is an AI-powered cleaning services platform that connects Airbnb hosts, property managers, and commercial clients with vetted, on-demand cleaners. We offer apartment, house, Airbnb, commercial, and janitorial cleaning services. With a network of over 100,000 professionals across the US, Canada, and the UK, Cleanster delivers fast, reliable, and tech-enabled cleaning at scale.\",\"email\":\"support@cleanster.com\",\"telephone\":\"+1 (888) 788-2445\",\"legalName\":\"Cleanster, Inc.\",\"foundingDate\":\"2019-05-06\",\"duns\":\"118328526\",\"naics\":\"541511\",\"numberOfEmployees\":{\"@type\":\"QuantitativeValue\",\"minValue\":\"11\",\"maxValue\":\"50\"}}]}<\/script>\n<!-- \/ Yoast SEO Premium plugin. -->","yoast_head_json":{"title":"Pourquoi avez-vous besoin d\u2019un nettoyant\u00a0? -","description":"Tout le monde n\u2019a pas le temps de faire le m\u00e9nage, d\u2019enlever la poussi\u00e8re du sol ou des meubles. L&#039;application Cleanster.com est la meilleure solution d&#039;application de nettoyage.","robots":{"index":"index","follow":"follow","max-snippet":"max-snippet:-1","max-image-preview":"max-image-preview:large","max-video-preview":"max-video-preview:-1"},"canonical":"https:\/\/cleanster.com\/fr\/pourquoi-as-tu-besoin-dune-application-plus-propre\/","og_locale":"fr_FR","og_type":"article","og_title":"Why Do You Need Cleanster? - Cleanster | Cleaning &amp; Maid Services Near You","og_description":"Not everyone has the time to spend on cleaning, getting the dust off the floor or furniture. Cleanster.com App is the best cleaning app solution.","og_url":"https:\/\/cleanster.com\/fr\/pourquoi-as-tu-besoin-dune-application-plus-propre\/","og_site_name":"Cleanster | Cleaning &amp; Maid Services Near You","article_publisher":"https:\/\/www.facebook.com\/cleansterhq","article_modified_time":"2023-10-31T09:06:14+00:00","og_image":[{"width":1440,"height":700,"url":"https:\/\/cleanster.com\/wp-content\/uploads\/2023\/10\/1.png","type":"image\/png"}],"twitter_card":"summary_large_image","twitter_site":"@cleansterhq","twitter_misc":{"Dur\u00e9e de lecture estim\u00e9e":"2 minutes"},"schema":{"@context":"https:\/\/schema.org","@graph":[{"@type":"WebPage","@id":"https:\/\/cleanster.com\/why-do-you-need-cleanster-app\/","url":"https:\/\/cleanster.com\/why-do-you-need-cleanster-app\/","name":"Pourquoi avez-vous besoin d\u2019un nettoyant\u00a0? -","isPartOf":{"@id":"https:\/\/cleanster.com\/#website"},"primaryImageOfPage":{"@id":"https:\/\/cleanster.com\/why-do-you-need-cleanster-app\/#primaryimage"},"image":{"@id":"https:\/\/cleanster.com\/why-do-you-need-cleanster-app\/#primaryimage"},"thumbnailUrl":"https:\/\/cleanster.com\/wp-content\/uploads\/2023\/10\/1.png","datePublished":"2022-01-24T15:53:01+00:00","dateModified":"2023-10-31T09:06:14+00:00","description":"Tout le monde n\u2019a pas le temps de faire le m\u00e9nage, d\u2019enlever la poussi\u00e8re du sol ou des meubles. L&#039;application Cleanster.com est la meilleure solution d&#039;application de nettoyage.","inLanguage":"fr-FR","potentialAction":[{"@type":"ReadAction","target":["https:\/\/cleanster.com\/why-do-you-need-cleanster-app\/"]}]},{"@type":"ImageObject","inLanguage":"fr-FR","@id":"https:\/\/cleanster.com\/why-do-you-need-cleanster-app\/#primaryimage","url":"https:\/\/cleanster.com\/wp-content\/uploads\/2023\/10\/1.png","contentUrl":"https:\/\/cleanster.com\/wp-content\/uploads\/2023\/10\/1.png","width":1440,"height":700},{"@type":"WebSite","@id":"https:\/\/cleanster.com\/#website","url":"https:\/\/cleanster.com\/","name":"Cleanster | Services de nettoyage et de m\u00e9nage pr\u00e8s de chez vous","description":"Trouvez et r\u00e9servez instantan\u00e9ment des services de nettoyage de confiance pour vos maisons, appartements, Airbnb et bureaux. Cleanster propose des services de m\u00e9nage, d&#039;entretien m\u00e9nager et de nettoyage commercial abordables pr\u00e8s de chez vous.","publisher":{"@id":"https:\/\/cleanster.com\/#organization"},"alternateName":"Cleanster | Cleaning, Maid & Housekeeping Services for Everyone","potentialAction":[{"@type":"SearchAction","target":{"@type":"EntryPoint","urlTemplate":"https:\/\/cleanster.com\/?s={search_term_string}"},"query-input":{"@type":"PropertyValueSpecification","valueRequired":true,"valueName":"search_term_string"}}],"inLanguage":"fr-FR"},{"@type":"Organization","@id":"https:\/\/cleanster.com\/#organization","name":"Nettoyant","alternateName":"Cleanster.com","url":"https:\/\/cleanster.com\/","logo":{"@type":"ImageObject","inLanguage":"fr-FR","@id":"https:\/\/cleanster.com\/#\/schema\/logo\/image\/","url":"https:\/\/cleanster.com\/wp-content\/uploads\/2025\/06\/Cleanster-Logo-1.svg","contentUrl":"https:\/\/cleanster.com\/wp-content\/uploads\/2025\/06\/Cleanster-Logo-1.svg","width":1,"height":1,"caption":"Cleanster"},"image":{"@id":"https:\/\/cleanster.com\/#\/schema\/logo\/image\/"},"sameAs":["https:\/\/www.facebook.com\/cleansterhq","https:\/\/x.com\/cleansterhq","https:\/\/www.linkedin.com\/company\/cleansterhq","https:\/\/www.instagram.com\/cleansterhq","https:\/\/vm.tiktok.com\/ZM8vHmcuo\/","https:\/\/www.clubhouse.com\/club\/cleanstercom"],"description":"Cleanster est une plateforme de services de nettoyage optimis\u00e9e par l&#039;IA qui met en relation les h\u00f4tes Airbnb, les gestionnaires immobiliers et les clients commerciaux avec des agents de nettoyage qualifi\u00e9s et \u00e0 la demande. Nous proposons des services de nettoyage d&#039;appartements, de maisons, de logements Airbnb, de locaux commerciaux et de conciergerie. Avec un r\u00e9seau de plus de 100\u00a0000 professionnels aux \u00c9tats-Unis, au Canada et au Royaume-Uni, Cleanster offre un nettoyage rapide, fiable et technologique \u00e0 grande \u00e9chelle.","email":"support@cleanster.com","telephone":"+1 (888) 788-2445","legalName":"Cleanster, Inc.","foundingDate":"2019-05-06","duns":"118328526","naics":"541511","numberOfEmployees":{"@type":"QuantitativeValue","minValue":"11","maxValue":"50"}}]}},"_links":{"self":[{"href":"https:\/\/cleanster.com\/fr\/wp-json\/wp\/v2\/pages\/4322","targetHints":{"allow":["GET"]}}],"collection":[{"href":"https:\/\/cleanster.com\/fr\/wp-json\/wp\/v2\/pages"}],"about":[{"href":"https:\/\/cleanster.com\/fr\/wp-json\/wp\/v2\/types\/page"}],"author":[{"embeddable":true,"href":"https:\/\/cleanster.com\/fr\/wp-json\/wp\/v2\/users\/1"}],"replies":[{"embeddable":true,"href":"https:\/\/cleanster.com\/fr\/wp-json\/wp\/v2\/comments?post=4322"}],"version-history":[{"count":0,"href":"https:\/\/cleanster.com\/fr\/wp-json\/wp\/v2\/pages\/4322\/revisions"}],"wp:featuredmedia":[{"embeddable":true,"href":"https:\/\/cleanster.com\/fr\/wp-json\/wp\/v2\/media\/16248"}],"wp:attachment":[{"href":"https:\/\/cleanster.com\/fr\/wp-json\/wp\/v2\/media?parent=4322"}],"curies":[{"name":"wp","href":"https:\/\/api.w.org\/{rel}","templated":true}]}}