{"id":4515,"date":"2022-01-24T18:36:08","date_gmt":"2022-01-24T18:36:08","guid":{"rendered":"https:\/\/cleanster.com\/?page_id=4515"},"modified":"2024-01-09T08:02:09","modified_gmt":"2024-01-09T08:02:09","slug":"quest-ce-quune-application-plus-propre","status":"publish","type":"page","link":"https:\/\/cleanster.com\/fr\/quest-ce-quune-application-plus-propre\/","title":{"rendered":"Qu\u2019est-ce que Cleanster ?"},"content":{"rendered":"<h2><span style=\"font-weight: 400; color: #ffffff;\">Qu&#039;est-ce que le Cleanster<span style=\"font-weight: 400;\">.com<\/span>?<\/span><\/h2>\n<p><span style=\"font-weight: 400; color: #ffffff;\">Le <a style=\"color: #ffffff;\" href=\"https:\/\/cleanster.com\/how-to-download-tidy-app\/\">Nettoyant<span style=\"font-weight: 400;\">.com<\/span><\/a> C&#039;est ce que vous consid\u00e9rez comme un interm\u00e9diaire, un interm\u00e9diaire entre les services de nettoyage professionnels et les personnes qui ont besoin d&#039;un nettoyage de leur logement. Nous mettons en relation des agents de nettoyage certifi\u00e9s et sympathiques avec des personnes ou des propri\u00e9taires tr\u00e8s occup\u00e9s qui ont besoin d&#039;un nettoyage complet ou en profondeur. Comme vous \u00eates tr\u00e8s occup\u00e9 toute la journ\u00e9e, vous avez peu de temps pour nettoyer votre logement. De plus, nettoyer correctement n&#039;est pas chose ais\u00e9e. Alors, pas d&#039;inqui\u00e9tude, l&#039;application est l\u00e0. Un agent de nettoyage professionnel viendra frapper \u00e0 votre porte d&#039;un simple clic de votre t\u00e9l\u00e9phone, sans m\u00eame le savoir. La proc\u00e9dure est similaire \u00e0 celle d&#039;UBER, vous la connaissez d\u00e9j\u00e0.\u00a0<\/span><\/p>\n<p><span style=\"font-weight: 400; color: #ffffff;\">Utilisation du nettoyant<span style=\"font-weight: 400;\">.com<\/span>, vous pouvez r\u00e9server en toute s\u00e9curit\u00e9 un nettoyeur professionnel pour nettoyer votre propri\u00e9t\u00e9 telle que votre maison, votre bureau ou votre airbnb tr\u00e8s rapidement et correctement.<\/span><\/p>\n<p><span style=\"font-weight: 400; color: #ffffff;\">Le service du Nettoyeur<span style=\"font-weight: 400;\">.com<\/span> est actuellement disponible aux \u00c9tats-Unis, au Royaume-Uni et au Canada. Si vous r\u00e9sidez dans l&#039;un de ces pays, vous pouvez acc\u00e9der tr\u00e8s facilement au service de l&#039;application. Si vous recherchez un nettoyage professionnel ou en profondeur, l&#039;application <a style=\"color: #ffffff;\" href=\"https:\/\/play.google.com\/store\/apps\/details?id=com.tidyapp&amp;hl=en_US&amp;gl=US\">Nettoyant<span style=\"font-weight: 400;\">.com<\/span><\/a> est l\u00e0 pour vous.\u00a0<\/span><\/p>\n<p><span style=\"font-weight: 400; color: #ffffff;\">Le nettoyeur<span style=\"font-weight: 400;\">.com<\/span> C&#039;est rapide et s\u00e9curis\u00e9. D\u00e8s que vous r\u00e9servez un agent d&#039;entretien, il sera \u00e0 l&#039;adresse indiqu\u00e9e dans les plus brefs d\u00e9lais. Si votre s\u00e9curit\u00e9 vous pr\u00e9occupe, nous vous garantissons que vous et vos biens \u00eates en parfaite s\u00e9curit\u00e9. Lors de l&#039;enregistrement des agents d&#039;entretien, nous effectuons une v\u00e9rification approfondie de leurs ant\u00e9c\u00e9dents et nous nous assurons de leur propret\u00e9.\u00a0<\/span><\/p>\n<p><span style=\"font-weight: 400; color: #ffffff;\">Enfin, vous vous demandez peut-\u00eatre comment obtenir le Cleanster<span style=\"font-weight: 400;\">.com<\/span> sur votre appareil. La r\u00e9ponse est ici. Pour obtenir le Cleanster<span style=\"font-weight: 400;\">.com<\/span> Sur votre Android, acc\u00e9dez au Google Play Store, recherchez l&#039;application et installez-la. Pour l&#039;obtenir sur votre iOS, recherchez-la simplement dans l&#039;App Store et voil\u00e0\u00a0! Vous avez Cleanster.<span style=\"font-weight: 400;\">.com<\/span> sur votre appareil. Maintenant, asseyez-vous et profitez du service.<\/span><\/p>","protected":false},"excerpt":{"rendered":"<p>What is the Cleanster.com? The Cleanster.com is what you consider a medium, a medium between professional cleaning services and people who need their place cleaned. We connect verified and friendly cleaners with really busy people\u00a0 or landlords who need their places cleaned or deep\u00a0 cleaned. As you are super busy with your work the whole [&hellip;]<\/p>\n","protected":false},"author":1,"featured_media":16809,"parent":0,"menu_order":0,"comment_status":"closed","ping_status":"closed","template":"templates\/what-is-cleanster.php","meta":{"_acf_changed":false,"footnotes":""},"class_list":["post-4515","page","type-page","status-publish","has-post-thumbnail","hentry","entry"],"acf":[],"yoast_head":"<!-- This site is optimized with the Yoast SEO Premium plugin v26.5 (Yoast SEO v27.3) - https:\/\/yoast.com\/product\/yoast-seo-premium-wordpress\/ -->\n<title>What is Cleanster.com App?<\/title>\n<meta name=\"description\" content=\"The Cleanster.com is what you consider a medium between professional cleaning services and people who need their place cleaned.\" \/>\n<meta name=\"robots\" content=\"index, follow, max-snippet:-1, max-image-preview:large, max-video-preview:-1\" \/>\n<link rel=\"canonical\" href=\"https:\/\/cleanster.com\/fr\/quest-ce-quune-application-plus-propre\/\" \/>\n<meta property=\"og:locale\" content=\"fr_FR\" \/>\n<meta property=\"og:type\" content=\"article\" \/>\n<meta property=\"og:title\" content=\"What is Cleanster? - Cleanster | Cleaning &amp; Maid Services Near You\" \/>\n<meta property=\"og:description\" content=\"The Cleanster.com is what you consider a medium between professional cleaning services and people who need their place cleaned.\" \/>\n<meta property=\"og:url\" content=\"https:\/\/cleanster.com\/fr\/quest-ce-quune-application-plus-propre\/\" \/>\n<meta property=\"og:site_name\" content=\"Cleanster | Cleaning &amp; Maid Services Near You\" \/>\n<meta property=\"article:publisher\" content=\"https:\/\/www.facebook.com\/cleansterhq\" \/>\n<meta property=\"article:modified_time\" content=\"2024-01-09T08:02:09+00:00\" \/>\n<meta property=\"og:image\" content=\"https:\/\/cleanster.com\/wp-content\/uploads\/2023\/11\/2.png\" \/>\n\t<meta property=\"og:image:width\" content=\"1440\" \/>\n\t<meta property=\"og:image:height\" content=\"700\" \/>\n\t<meta property=\"og:image:type\" content=\"image\/png\" \/>\n<meta name=\"twitter:card\" content=\"summary_large_image\" \/>\n<meta name=\"twitter:site\" content=\"@cleansterhq\" \/>\n<meta name=\"twitter:label1\" content=\"Dur\u00e9e de lecture estim\u00e9e\" \/>\n\t<meta name=\"twitter:data1\" content=\"2 minutes\" \/>\n<script type=\"application\/ld+json\" class=\"yoast-schema-graph\">{\"@context\":\"https:\\\/\\\/schema.org\",\"@graph\":[{\"@type\":\"WebPage\",\"@id\":\"https:\\\/\\\/cleanster.com\\\/what-is-cleanster-app\\\/\",\"url\":\"https:\\\/\\\/cleanster.com\\\/what-is-cleanster-app\\\/\",\"name\":\"What is Cleanster.com App?\",\"isPartOf\":{\"@id\":\"https:\\\/\\\/cleanster.com\\\/#website\"},\"primaryImageOfPage\":{\"@id\":\"https:\\\/\\\/cleanster.com\\\/what-is-cleanster-app\\\/#primaryimage\"},\"image\":{\"@id\":\"https:\\\/\\\/cleanster.com\\\/what-is-cleanster-app\\\/#primaryimage\"},\"thumbnailUrl\":\"https:\\\/\\\/cleanster.com\\\/wp-content\\\/uploads\\\/2023\\\/11\\\/2.png\",\"datePublished\":\"2022-01-24T18:36:08+00:00\",\"dateModified\":\"2024-01-09T08:02:09+00:00\",\"description\":\"The Cleanster.com is what you consider a medium between professional cleaning services and people who need their place cleaned.\",\"inLanguage\":\"fr-FR\",\"potentialAction\":[{\"@type\":\"ReadAction\",\"target\":[\"https:\\\/\\\/cleanster.com\\\/what-is-cleanster-app\\\/\"]}]},{\"@type\":\"ImageObject\",\"inLanguage\":\"fr-FR\",\"@id\":\"https:\\\/\\\/cleanster.com\\\/what-is-cleanster-app\\\/#primaryimage\",\"url\":\"https:\\\/\\\/cleanster.com\\\/wp-content\\\/uploads\\\/2023\\\/11\\\/2.png\",\"contentUrl\":\"https:\\\/\\\/cleanster.com\\\/wp-content\\\/uploads\\\/2023\\\/11\\\/2.png\",\"width\":1440,\"height\":700},{\"@type\":\"WebSite\",\"@id\":\"https:\\\/\\\/cleanster.com\\\/#website\",\"url\":\"https:\\\/\\\/cleanster.com\\\/\",\"name\":\"Cleanster | Cleaning & Maid Services Near You\",\"description\":\"Instantly find &amp; book trusted cleaners for homes, apartment, Airbnb, and offices. Cleanster offers affordable maid, housekeeping, and commercial cleaning services near you.\",\"publisher\":{\"@id\":\"https:\\\/\\\/cleanster.com\\\/#organization\"},\"alternateName\":\"Cleanster | Cleaning, Maid & Housekeeping Services for Everyone\",\"potentialAction\":[{\"@type\":\"SearchAction\",\"target\":{\"@type\":\"EntryPoint\",\"urlTemplate\":\"https:\\\/\\\/cleanster.com\\\/?s={search_term_string}\"},\"query-input\":{\"@type\":\"PropertyValueSpecification\",\"valueRequired\":true,\"valueName\":\"search_term_string\"}}],\"inLanguage\":\"fr-FR\"},{\"@type\":\"Organization\",\"@id\":\"https:\\\/\\\/cleanster.com\\\/#organization\",\"name\":\"Cleanster\",\"alternateName\":\"Cleanster.com\",\"url\":\"https:\\\/\\\/cleanster.com\\\/\",\"logo\":{\"@type\":\"ImageObject\",\"inLanguage\":\"fr-FR\",\"@id\":\"https:\\\/\\\/cleanster.com\\\/#\\\/schema\\\/logo\\\/image\\\/\",\"url\":\"https:\\\/\\\/cleanster.com\\\/wp-content\\\/uploads\\\/2025\\\/06\\\/Cleanster-Logo-1.svg\",\"contentUrl\":\"https:\\\/\\\/cleanster.com\\\/wp-content\\\/uploads\\\/2025\\\/06\\\/Cleanster-Logo-1.svg\",\"width\":1,\"height\":1,\"caption\":\"Cleanster\"},\"image\":{\"@id\":\"https:\\\/\\\/cleanster.com\\\/#\\\/schema\\\/logo\\\/image\\\/\"},\"sameAs\":[\"https:\\\/\\\/www.facebook.com\\\/cleansterhq\",\"https:\\\/\\\/x.com\\\/cleansterhq\",\"https:\\\/\\\/www.linkedin.com\\\/company\\\/cleansterhq\",\"https:\\\/\\\/www.instagram.com\\\/cleansterhq\",\"https:\\\/\\\/vm.tiktok.com\\\/ZM8vHmcuo\\\/\",\"https:\\\/\\\/www.clubhouse.com\\\/club\\\/cleanstercom\"],\"description\":\"Cleanster is an AI-powered cleaning services platform that connects Airbnb hosts, property managers, and commercial clients with vetted, on-demand cleaners. We offer apartment, house, Airbnb, commercial, and janitorial cleaning services. With a network of over 100,000 professionals across the US, Canada, and the UK, Cleanster delivers fast, reliable, and tech-enabled cleaning at scale.\",\"email\":\"support@cleanster.com\",\"telephone\":\"+1 (888) 788-2445\",\"legalName\":\"Cleanster, Inc.\",\"foundingDate\":\"2019-05-06\",\"duns\":\"118328526\",\"naics\":\"541511\",\"numberOfEmployees\":{\"@type\":\"QuantitativeValue\",\"minValue\":\"11\",\"maxValue\":\"50\"}}]}<\/script>\n<!-- \/ Yoast SEO Premium plugin. -->","yoast_head_json":{"title":"Qu&#039;est-ce que l&#039;application Cleanster.com\u00a0?","description":"Cleanster.com est ce que vous consid\u00e9rez comme un interm\u00e9diaire entre les services de nettoyage professionnels et les personnes qui ont besoin de nettoyer leur logement.","robots":{"index":"index","follow":"follow","max-snippet":"max-snippet:-1","max-image-preview":"max-image-preview:large","max-video-preview":"max-video-preview:-1"},"canonical":"https:\/\/cleanster.com\/fr\/quest-ce-quune-application-plus-propre\/","og_locale":"fr_FR","og_type":"article","og_title":"What is Cleanster? - Cleanster | Cleaning &amp; Maid Services Near You","og_description":"The Cleanster.com is what you consider a medium between professional cleaning services and people who need their place cleaned.","og_url":"https:\/\/cleanster.com\/fr\/quest-ce-quune-application-plus-propre\/","og_site_name":"Cleanster | Cleaning &amp; Maid Services Near You","article_publisher":"https:\/\/www.facebook.com\/cleansterhq","article_modified_time":"2024-01-09T08:02:09+00:00","og_image":[{"width":1440,"height":700,"url":"https:\/\/cleanster.com\/wp-content\/uploads\/2023\/11\/2.png","type":"image\/png"}],"twitter_card":"summary_large_image","twitter_site":"@cleansterhq","twitter_misc":{"Dur\u00e9e de lecture estim\u00e9e":"2 minutes"},"schema":{"@context":"https:\/\/schema.org","@graph":[{"@type":"WebPage","@id":"https:\/\/cleanster.com\/what-is-cleanster-app\/","url":"https:\/\/cleanster.com\/what-is-cleanster-app\/","name":"Qu&#039;est-ce que l&#039;application Cleanster.com\u00a0?","isPartOf":{"@id":"https:\/\/cleanster.com\/#website"},"primaryImageOfPage":{"@id":"https:\/\/cleanster.com\/what-is-cleanster-app\/#primaryimage"},"image":{"@id":"https:\/\/cleanster.com\/what-is-cleanster-app\/#primaryimage"},"thumbnailUrl":"https:\/\/cleanster.com\/wp-content\/uploads\/2023\/11\/2.png","datePublished":"2022-01-24T18:36:08+00:00","dateModified":"2024-01-09T08:02:09+00:00","description":"Cleanster.com est ce que vous consid\u00e9rez comme un interm\u00e9diaire entre les services de nettoyage professionnels et les personnes qui ont besoin de nettoyer leur logement.","inLanguage":"fr-FR","potentialAction":[{"@type":"ReadAction","target":["https:\/\/cleanster.com\/what-is-cleanster-app\/"]}]},{"@type":"ImageObject","inLanguage":"fr-FR","@id":"https:\/\/cleanster.com\/what-is-cleanster-app\/#primaryimage","url":"https:\/\/cleanster.com\/wp-content\/uploads\/2023\/11\/2.png","contentUrl":"https:\/\/cleanster.com\/wp-content\/uploads\/2023\/11\/2.png","width":1440,"height":700},{"@type":"WebSite","@id":"https:\/\/cleanster.com\/#website","url":"https:\/\/cleanster.com\/","name":"Cleanster | Services de nettoyage et de m\u00e9nage pr\u00e8s de chez vous","description":"Trouvez et r\u00e9servez instantan\u00e9ment des services de nettoyage de confiance pour vos maisons, appartements, Airbnb et bureaux. Cleanster propose des services de m\u00e9nage, d&#039;entretien m\u00e9nager et de nettoyage commercial abordables pr\u00e8s de chez vous.","publisher":{"@id":"https:\/\/cleanster.com\/#organization"},"alternateName":"Cleanster | Cleaning, Maid & Housekeeping Services for Everyone","potentialAction":[{"@type":"SearchAction","target":{"@type":"EntryPoint","urlTemplate":"https:\/\/cleanster.com\/?s={search_term_string}"},"query-input":{"@type":"PropertyValueSpecification","valueRequired":true,"valueName":"search_term_string"}}],"inLanguage":"fr-FR"},{"@type":"Organization","@id":"https:\/\/cleanster.com\/#organization","name":"Nettoyant","alternateName":"Cleanster.com","url":"https:\/\/cleanster.com\/","logo":{"@type":"ImageObject","inLanguage":"fr-FR","@id":"https:\/\/cleanster.com\/#\/schema\/logo\/image\/","url":"https:\/\/cleanster.com\/wp-content\/uploads\/2025\/06\/Cleanster-Logo-1.svg","contentUrl":"https:\/\/cleanster.com\/wp-content\/uploads\/2025\/06\/Cleanster-Logo-1.svg","width":1,"height":1,"caption":"Cleanster"},"image":{"@id":"https:\/\/cleanster.com\/#\/schema\/logo\/image\/"},"sameAs":["https:\/\/www.facebook.com\/cleansterhq","https:\/\/x.com\/cleansterhq","https:\/\/www.linkedin.com\/company\/cleansterhq","https:\/\/www.instagram.com\/cleansterhq","https:\/\/vm.tiktok.com\/ZM8vHmcuo\/","https:\/\/www.clubhouse.com\/club\/cleanstercom"],"description":"Cleanster est une plateforme de services de nettoyage optimis\u00e9e par l&#039;IA qui met en relation les h\u00f4tes Airbnb, les gestionnaires immobiliers et les clients commerciaux avec des agents de nettoyage qualifi\u00e9s et \u00e0 la demande. Nous proposons des services de nettoyage d&#039;appartements, de maisons, de logements Airbnb, de locaux commerciaux et de conciergerie. Avec un r\u00e9seau de plus de 100\u00a0000 professionnels aux \u00c9tats-Unis, au Canada et au Royaume-Uni, Cleanster offre un nettoyage rapide, fiable et technologique \u00e0 grande \u00e9chelle.","email":"support@cleanster.com","telephone":"+1 (888) 788-2445","legalName":"Cleanster, Inc.","foundingDate":"2019-05-06","duns":"118328526","naics":"541511","numberOfEmployees":{"@type":"QuantitativeValue","minValue":"11","maxValue":"50"}}]}},"_links":{"self":[{"href":"https:\/\/cleanster.com\/fr\/wp-json\/wp\/v2\/pages\/4515","targetHints":{"allow":["GET"]}}],"collection":[{"href":"https:\/\/cleanster.com\/fr\/wp-json\/wp\/v2\/pages"}],"about":[{"href":"https:\/\/cleanster.com\/fr\/wp-json\/wp\/v2\/types\/page"}],"author":[{"embeddable":true,"href":"https:\/\/cleanster.com\/fr\/wp-json\/wp\/v2\/users\/1"}],"replies":[{"embeddable":true,"href":"https:\/\/cleanster.com\/fr\/wp-json\/wp\/v2\/comments?post=4515"}],"version-history":[{"count":0,"href":"https:\/\/cleanster.com\/fr\/wp-json\/wp\/v2\/pages\/4515\/revisions"}],"wp:featuredmedia":[{"embeddable":true,"href":"https:\/\/cleanster.com\/fr\/wp-json\/wp\/v2\/media\/16809"}],"wp:attachment":[{"href":"https:\/\/cleanster.com\/fr\/wp-json\/wp\/v2\/media?parent=4515"}],"curies":[{"name":"wp","href":"https:\/\/api.w.org\/{rel}","templated":true}]}}