{"id":4517,"date":"2022-01-24T19:07:39","date_gmt":"2022-01-24T19:07:39","guid":{"rendered":"https:\/\/cleanster.com\/?page_id=4517"},"modified":"2023-10-30T13:29:58","modified_gmt":"2023-10-30T13:29:58","slug":"fonctionnalites-de-lapplication-cleanster-com","status":"publish","type":"page","link":"https:\/\/cleanster.com\/fr\/fonctionnalites-de-lapplication-cleanster-com\/","title":{"rendered":"Caract\u00e9ristiques de l&#039;application Cleanster.com"},"content":{"rendered":"<h2><span style=\"font-weight: 400; color: #ffffff;\">Fonctionnalit\u00e9s de Cleanster<\/span><\/h2>\n<p>&nbsp;<\/p>\n<p><span style=\"font-weight: 400; color: #ffffff;\">Le Cleanster.com<a style=\"color: #ffffff;\" href=\"https:\/\/play.google.com\/store\/apps\/details?id=com.tidyapp&amp;hl=en_US&amp;gl=US\">\u00a0application<\/a> est une application mobile utilis\u00e9e pour connecter un nettoyeur professionnel avec une personne qui a besoin de son logement tel qu&#039;une maison, un bureau ou <a style=\"color: #ffffff;\" href=\"https:\/\/cleanster.com\/airbnb-cleaning-service\/\">Airbnb nettoy\u00e9<\/a>Vous vous demandez peut-\u00eatre ce qui rend Cleanster.com si performant. Quelles sont les fonctionnalit\u00e9s de l&#039;application Cleanster.com\u00a0? Voici une pr\u00e9sentation.<\/span><\/p>\n<p>&nbsp;<\/p>\n<p><span style=\"font-weight: 400; color: #ffffff;\">Tout d&#039;abord, l&#039;application Cleanster.com est disponible en deux langues\u00a0: l&#039;anglais et le fran\u00e7ais. Si vous ma\u00eetrisez l&#039;une de ces langues, vous pouvez l&#039;utiliser.<\/span><\/p>\n<p><span style=\"font-weight: 400; color: #ffffff;\">Deuxi\u00e8mement, vous pouvez discuter avec le nettoyeur que vous cherchez \u00e0 embaucher. Vous pourrez ainsi discuter ou n\u00e9gocier les conditions entre vous, ce qui vous aidera \u00e0 clarifier vos intentions.<\/span><\/p>\n<p><span style=\"font-weight: 400; color: #ffffff;\">Troisi\u00e8mement, vous pouvez choisir l&#039;adresse du nettoyage lors de la r\u00e9servation. O\u00f9 que vous soyez, vous pouvez choisir un lieu \u00e0 distance.<\/span><\/p>\n<p><span style=\"font-weight: 400; color: #ffffff;\">Quatri\u00e8mement, vous pouvez choisir votre type de propri\u00e9t\u00e9 lors de la r\u00e9servation.\u00a0<\/span><\/p>\n<p><span style=\"font-weight: 400; color: #ffffff;\">La cinqui\u00e8me fonctionnalit\u00e9, et l&#039;une des plus fascinantes, de l&#039;application Cleanster.com est la possibilit\u00e9 de programmer un nettoyage \u00e0 votre convenance. \u00c0 une heure pr\u00e9cise, le personnel de m\u00e9nage sera l\u00e0.\u00a0<\/span><\/p>\n<p><span style=\"font-weight: 400; color: #ffffff;\">Le processus de r\u00e9servation d&#039;un service de nettoyage est simple et ultra-rapide. Enfin, nous assurons votre s\u00e9curit\u00e9 et celle de vos biens. Bien entendu, le paiement est s\u00e9curis\u00e9.<\/span><\/p>\n<p><span style=\"font-weight: 400; color: #ffffff;\">Voici une suggestion simple\u00a0: une fois votre logement nettoy\u00e9 par l&#039;application Cleanster.com, vous devriez avoir envie de le refaire r\u00e9guli\u00e8rement. Vous pouvez donc souscrire un abonnement depuis l&#039;application. Il existe des formules hebdomadaires, bimensuelles et mensuelles. Souscrivez-en une et le nettoyeur interviendra le jour choisi.<\/span><\/p>\n<p>&nbsp;<\/p>\n<p><span style=\"font-weight: 400; color: #ffffff;\">Si vous \u00eates un professionnel du m\u00e9nage et souhaitez gagner un peu d&#039;argent en travaillant \u00e0 votre compte, l&#039;application Cleanster.com est faite pour vous. Inscrivez-vous comme professionnel du m\u00e9nage sur l&#039;application Cleanster.com et entrez en contact avec les propri\u00e9taires.\u00a0<\/span><\/p>","protected":false},"excerpt":{"rendered":"<p>Cleanster features &nbsp; The Cleanster.com\u00a0app is a mobile app used to connect a professional cleaner with a person who needs his\/her place such as a home, office or Airbnb cleaned. Now you might ask what makes the Cleanster.com so good. What are the Cleanster.com app features? Here\u2019s a tour for you- &nbsp; First, the Cleanster.com [&hellip;]<\/p>\n","protected":false},"author":2,"featured_media":16160,"parent":0,"menu_order":0,"comment_status":"closed","ping_status":"closed","template":"templates\/features-cleanster.php","meta":{"_acf_changed":false,"footnotes":""},"class_list":["post-4517","page","type-page","status-publish","has-post-thumbnail","hentry","entry"],"acf":[],"yoast_head":"<!-- This site is optimized with the Yoast SEO Premium plugin v26.5 (Yoast SEO v27.3) - https:\/\/yoast.com\/product\/yoast-seo-premium-wordpress\/ -->\n<title>Awesome Features of Cleanster.com App- Cleanster.com App<\/title>\n<meta name=\"description\" content=\"Features of Cleanster.com that takes cleaning to a whole new level. By utilizing Cleanster App, you can instantly get a professional cleaner.\" \/>\n<meta name=\"robots\" content=\"index, follow, max-snippet:-1, max-image-preview:large, max-video-preview:-1\" \/>\n<link rel=\"canonical\" href=\"https:\/\/cleanster.com\/fr\/fonctionnalites-de-lapplication-cleanster-com\/\" \/>\n<meta property=\"og:locale\" content=\"fr_FR\" \/>\n<meta property=\"og:type\" content=\"article\" \/>\n<meta property=\"og:title\" content=\"Features of Cleanster.com app - Cleanster | Cleaning &amp; Maid Services Near You\" \/>\n<meta property=\"og:description\" content=\"Features of Cleanster.com that takes cleaning to a whole new level. By utilizing Cleanster App, you can instantly get a professional cleaner.\" \/>\n<meta property=\"og:url\" content=\"https:\/\/cleanster.com\/fr\/fonctionnalites-de-lapplication-cleanster-com\/\" \/>\n<meta property=\"og:site_name\" content=\"Cleanster | Cleaning &amp; Maid Services Near You\" \/>\n<meta property=\"article:publisher\" content=\"https:\/\/www.facebook.com\/cleansterhq\" \/>\n<meta property=\"article:modified_time\" content=\"2023-10-30T13:29:58+00:00\" \/>\n<meta property=\"og:image\" content=\"https:\/\/cleanster.com\/wp-content\/uploads\/2023\/10\/3.png\" \/>\n\t<meta property=\"og:image:width\" content=\"1440\" \/>\n\t<meta property=\"og:image:height\" content=\"700\" \/>\n\t<meta property=\"og:image:type\" content=\"image\/png\" \/>\n<meta name=\"twitter:card\" content=\"summary_large_image\" \/>\n<meta name=\"twitter:site\" content=\"@cleansterhq\" \/>\n<meta name=\"twitter:label1\" content=\"Dur\u00e9e de lecture estim\u00e9e\" \/>\n\t<meta name=\"twitter:data1\" content=\"2 minutes\" \/>\n<script type=\"application\/ld+json\" class=\"yoast-schema-graph\">{\"@context\":\"https:\\\/\\\/schema.org\",\"@graph\":[{\"@type\":\"WebPage\",\"@id\":\"https:\\\/\\\/cleanster.com\\\/features-of-cleanster-com-app\\\/\",\"url\":\"https:\\\/\\\/cleanster.com\\\/features-of-cleanster-com-app\\\/\",\"name\":\"Awesome Features of Cleanster.com App- Cleanster.com App\",\"isPartOf\":{\"@id\":\"https:\\\/\\\/cleanster.com\\\/#website\"},\"primaryImageOfPage\":{\"@id\":\"https:\\\/\\\/cleanster.com\\\/features-of-cleanster-com-app\\\/#primaryimage\"},\"image\":{\"@id\":\"https:\\\/\\\/cleanster.com\\\/features-of-cleanster-com-app\\\/#primaryimage\"},\"thumbnailUrl\":\"https:\\\/\\\/cleanster.com\\\/wp-content\\\/uploads\\\/2023\\\/10\\\/3.png\",\"datePublished\":\"2022-01-24T19:07:39+00:00\",\"dateModified\":\"2023-10-30T13:29:58+00:00\",\"description\":\"Features of Cleanster.com that takes cleaning to a whole new level. By utilizing Cleanster App, you can instantly get a professional cleaner.\",\"inLanguage\":\"fr-FR\",\"potentialAction\":[{\"@type\":\"ReadAction\",\"target\":[\"https:\\\/\\\/cleanster.com\\\/features-of-cleanster-com-app\\\/\"]}]},{\"@type\":\"ImageObject\",\"inLanguage\":\"fr-FR\",\"@id\":\"https:\\\/\\\/cleanster.com\\\/features-of-cleanster-com-app\\\/#primaryimage\",\"url\":\"https:\\\/\\\/cleanster.com\\\/wp-content\\\/uploads\\\/2023\\\/10\\\/3.png\",\"contentUrl\":\"https:\\\/\\\/cleanster.com\\\/wp-content\\\/uploads\\\/2023\\\/10\\\/3.png\",\"width\":1440,\"height\":700},{\"@type\":\"WebSite\",\"@id\":\"https:\\\/\\\/cleanster.com\\\/#website\",\"url\":\"https:\\\/\\\/cleanster.com\\\/\",\"name\":\"Cleanster | Cleaning & Maid Services Near You\",\"description\":\"Instantly find &amp; book trusted cleaners for homes, apartment, Airbnb, and offices. Cleanster offers affordable maid, housekeeping, and commercial cleaning services near you.\",\"publisher\":{\"@id\":\"https:\\\/\\\/cleanster.com\\\/#organization\"},\"alternateName\":\"Cleanster | Cleaning, Maid & Housekeeping Services for Everyone\",\"potentialAction\":[{\"@type\":\"SearchAction\",\"target\":{\"@type\":\"EntryPoint\",\"urlTemplate\":\"https:\\\/\\\/cleanster.com\\\/?s={search_term_string}\"},\"query-input\":{\"@type\":\"PropertyValueSpecification\",\"valueRequired\":true,\"valueName\":\"search_term_string\"}}],\"inLanguage\":\"fr-FR\"},{\"@type\":\"Organization\",\"@id\":\"https:\\\/\\\/cleanster.com\\\/#organization\",\"name\":\"Cleanster\",\"alternateName\":\"Cleanster.com\",\"url\":\"https:\\\/\\\/cleanster.com\\\/\",\"logo\":{\"@type\":\"ImageObject\",\"inLanguage\":\"fr-FR\",\"@id\":\"https:\\\/\\\/cleanster.com\\\/#\\\/schema\\\/logo\\\/image\\\/\",\"url\":\"https:\\\/\\\/cleanster.com\\\/wp-content\\\/uploads\\\/2025\\\/06\\\/Cleanster-Logo-1.svg\",\"contentUrl\":\"https:\\\/\\\/cleanster.com\\\/wp-content\\\/uploads\\\/2025\\\/06\\\/Cleanster-Logo-1.svg\",\"width\":1,\"height\":1,\"caption\":\"Cleanster\"},\"image\":{\"@id\":\"https:\\\/\\\/cleanster.com\\\/#\\\/schema\\\/logo\\\/image\\\/\"},\"sameAs\":[\"https:\\\/\\\/www.facebook.com\\\/cleansterhq\",\"https:\\\/\\\/x.com\\\/cleansterhq\",\"https:\\\/\\\/www.linkedin.com\\\/company\\\/cleansterhq\",\"https:\\\/\\\/www.instagram.com\\\/cleansterhq\",\"https:\\\/\\\/vm.tiktok.com\\\/ZM8vHmcuo\\\/\",\"https:\\\/\\\/www.clubhouse.com\\\/club\\\/cleanstercom\"],\"description\":\"Cleanster is an AI-powered cleaning services platform that connects Airbnb hosts, property managers, and commercial clients with vetted, on-demand cleaners. We offer apartment, house, Airbnb, commercial, and janitorial cleaning services. With a network of over 100,000 professionals across the US, Canada, and the UK, Cleanster delivers fast, reliable, and tech-enabled cleaning at scale.\",\"email\":\"support@cleanster.com\",\"telephone\":\"+1 (888) 788-2445\",\"legalName\":\"Cleanster, Inc.\",\"foundingDate\":\"2019-05-06\",\"duns\":\"118328526\",\"naics\":\"541511\",\"numberOfEmployees\":{\"@type\":\"QuantitativeValue\",\"minValue\":\"11\",\"maxValue\":\"50\"}}]}<\/script>\n<!-- \/ Yoast SEO Premium plugin. -->","yoast_head_json":{"title":"Fonctionnalit\u00e9s impressionnantes de l&#039;application Cleanster.com - Application Cleanster.com","description":"Fonctionnalit\u00e9s de Cleanster.com qui am\u00e8nent le nettoyage \u00e0 un tout autre niveau. En utilisant l&#039;application Cleanster, vous pouvez instantan\u00e9ment obtenir un nettoyeur professionnel.","robots":{"index":"index","follow":"follow","max-snippet":"max-snippet:-1","max-image-preview":"max-image-preview:large","max-video-preview":"max-video-preview:-1"},"canonical":"https:\/\/cleanster.com\/fr\/fonctionnalites-de-lapplication-cleanster-com\/","og_locale":"fr_FR","og_type":"article","og_title":"Features of Cleanster.com app - Cleanster | Cleaning &amp; Maid Services Near You","og_description":"Features of Cleanster.com that takes cleaning to a whole new level. By utilizing Cleanster App, you can instantly get a professional cleaner.","og_url":"https:\/\/cleanster.com\/fr\/fonctionnalites-de-lapplication-cleanster-com\/","og_site_name":"Cleanster | Cleaning &amp; Maid Services Near You","article_publisher":"https:\/\/www.facebook.com\/cleansterhq","article_modified_time":"2023-10-30T13:29:58+00:00","og_image":[{"width":1440,"height":700,"url":"https:\/\/cleanster.com\/wp-content\/uploads\/2023\/10\/3.png","type":"image\/png"}],"twitter_card":"summary_large_image","twitter_site":"@cleansterhq","twitter_misc":{"Dur\u00e9e de lecture estim\u00e9e":"2 minutes"},"schema":{"@context":"https:\/\/schema.org","@graph":[{"@type":"WebPage","@id":"https:\/\/cleanster.com\/features-of-cleanster-com-app\/","url":"https:\/\/cleanster.com\/features-of-cleanster-com-app\/","name":"Fonctionnalit\u00e9s impressionnantes de l&#039;application Cleanster.com - Application Cleanster.com","isPartOf":{"@id":"https:\/\/cleanster.com\/#website"},"primaryImageOfPage":{"@id":"https:\/\/cleanster.com\/features-of-cleanster-com-app\/#primaryimage"},"image":{"@id":"https:\/\/cleanster.com\/features-of-cleanster-com-app\/#primaryimage"},"thumbnailUrl":"https:\/\/cleanster.com\/wp-content\/uploads\/2023\/10\/3.png","datePublished":"2022-01-24T19:07:39+00:00","dateModified":"2023-10-30T13:29:58+00:00","description":"Fonctionnalit\u00e9s de Cleanster.com qui am\u00e8nent le nettoyage \u00e0 un tout autre niveau. En utilisant l&#039;application Cleanster, vous pouvez instantan\u00e9ment obtenir un nettoyeur professionnel.","inLanguage":"fr-FR","potentialAction":[{"@type":"ReadAction","target":["https:\/\/cleanster.com\/features-of-cleanster-com-app\/"]}]},{"@type":"ImageObject","inLanguage":"fr-FR","@id":"https:\/\/cleanster.com\/features-of-cleanster-com-app\/#primaryimage","url":"https:\/\/cleanster.com\/wp-content\/uploads\/2023\/10\/3.png","contentUrl":"https:\/\/cleanster.com\/wp-content\/uploads\/2023\/10\/3.png","width":1440,"height":700},{"@type":"WebSite","@id":"https:\/\/cleanster.com\/#website","url":"https:\/\/cleanster.com\/","name":"Cleanster | Services de nettoyage et de m\u00e9nage pr\u00e8s de chez vous","description":"Trouvez et r\u00e9servez instantan\u00e9ment des services de nettoyage de confiance pour vos maisons, appartements, Airbnb et bureaux. Cleanster propose des services de m\u00e9nage, d&#039;entretien m\u00e9nager et de nettoyage commercial abordables pr\u00e8s de chez vous.","publisher":{"@id":"https:\/\/cleanster.com\/#organization"},"alternateName":"Cleanster | Cleaning, Maid & Housekeeping Services for Everyone","potentialAction":[{"@type":"SearchAction","target":{"@type":"EntryPoint","urlTemplate":"https:\/\/cleanster.com\/?s={search_term_string}"},"query-input":{"@type":"PropertyValueSpecification","valueRequired":true,"valueName":"search_term_string"}}],"inLanguage":"fr-FR"},{"@type":"Organization","@id":"https:\/\/cleanster.com\/#organization","name":"Nettoyant","alternateName":"Cleanster.com","url":"https:\/\/cleanster.com\/","logo":{"@type":"ImageObject","inLanguage":"fr-FR","@id":"https:\/\/cleanster.com\/#\/schema\/logo\/image\/","url":"https:\/\/cleanster.com\/wp-content\/uploads\/2025\/06\/Cleanster-Logo-1.svg","contentUrl":"https:\/\/cleanster.com\/wp-content\/uploads\/2025\/06\/Cleanster-Logo-1.svg","width":1,"height":1,"caption":"Cleanster"},"image":{"@id":"https:\/\/cleanster.com\/#\/schema\/logo\/image\/"},"sameAs":["https:\/\/www.facebook.com\/cleansterhq","https:\/\/x.com\/cleansterhq","https:\/\/www.linkedin.com\/company\/cleansterhq","https:\/\/www.instagram.com\/cleansterhq","https:\/\/vm.tiktok.com\/ZM8vHmcuo\/","https:\/\/www.clubhouse.com\/club\/cleanstercom"],"description":"Cleanster est une plateforme de services de nettoyage optimis\u00e9e par l&#039;IA qui met en relation les h\u00f4tes Airbnb, les gestionnaires immobiliers et les clients commerciaux avec des agents de nettoyage qualifi\u00e9s et \u00e0 la demande. Nous proposons des services de nettoyage d&#039;appartements, de maisons, de logements Airbnb, de locaux commerciaux et de conciergerie. Avec un r\u00e9seau de plus de 100\u00a0000 professionnels aux \u00c9tats-Unis, au Canada et au Royaume-Uni, Cleanster offre un nettoyage rapide, fiable et technologique \u00e0 grande \u00e9chelle.","email":"support@cleanster.com","telephone":"+1 (888) 788-2445","legalName":"Cleanster, Inc.","foundingDate":"2019-05-06","duns":"118328526","naics":"541511","numberOfEmployees":{"@type":"QuantitativeValue","minValue":"11","maxValue":"50"}}]}},"_links":{"self":[{"href":"https:\/\/cleanster.com\/fr\/wp-json\/wp\/v2\/pages\/4517","targetHints":{"allow":["GET"]}}],"collection":[{"href":"https:\/\/cleanster.com\/fr\/wp-json\/wp\/v2\/pages"}],"about":[{"href":"https:\/\/cleanster.com\/fr\/wp-json\/wp\/v2\/types\/page"}],"author":[{"embeddable":true,"href":"https:\/\/cleanster.com\/fr\/wp-json\/wp\/v2\/users\/2"}],"replies":[{"embeddable":true,"href":"https:\/\/cleanster.com\/fr\/wp-json\/wp\/v2\/comments?post=4517"}],"version-history":[{"count":0,"href":"https:\/\/cleanster.com\/fr\/wp-json\/wp\/v2\/pages\/4517\/revisions"}],"wp:featuredmedia":[{"embeddable":true,"href":"https:\/\/cleanster.com\/fr\/wp-json\/wp\/v2\/media\/16160"}],"wp:attachment":[{"href":"https:\/\/cleanster.com\/fr\/wp-json\/wp\/v2\/media?parent=4517"}],"curies":[{"name":"wp","href":"https:\/\/api.w.org\/{rel}","templated":true}]}}