{"id":5681,"date":"2022-10-18T07:14:46","date_gmt":"2022-10-18T07:14:46","guid":{"rendered":"https:\/\/cleanster.com\/?page_id=5681"},"modified":"2025-10-09T19:53:39","modified_gmt":"2025-10-09T19:53:39","slug":"a-propos-de-nous","status":"publish","type":"page","link":"https:\/\/cleanster.com\/fr\/a-propos-de-nous\/","title":{"rendered":"\u00c0 propos de nous"},"content":{"rendered":"<p><span style=\"color: #ffffff;\">Bienvenue sur Cleanster.com, o\u00f9 les services de nettoyage rencontrent l&#039;innovation, <a style=\"color: #ffffff;\" href=\"https:\/\/www.investopedia.com\/terms\/e\/entrepreneur.asp\">entrepreneuriat<\/a>et des pratiques \u00e9thiques. Notre plateforme, disponible sous forme d&#039;application sur tous les appareils, n&#039;est pas seulement un prestataire de services\u00a0; c&#039;est une force transformatrice dans le secteur du nettoyage. D\u00e9couvrons Cleanster.com.<\/span><\/p>\n<h2><span style=\"color: #ffffff;\"><strong>Mission et fondements \u00e9thiques<\/strong><\/span><\/h2>\n<p><span style=\"color: #ffffff;\">Au c\u0153ur de Cleanster.com se trouve une mission qui guide toutes nos actions. Nous croyons en l&#039;importance d&#039;offrir \u00e0 chacun un acc\u00e8s facile aux services de nettoyage, mais nous allons plus loin. Notre engagement envers des pratiques \u00e9thiques garantit aux professionnels du service de r\u00e9elles opportunit\u00e9s d&#039;emploi, leur permettant de devenir entrepreneurs. Il ne s&#039;agit pas seulement de nettoyage\u00a0; il s&#039;agit de cr\u00e9er une plateforme qui offre un salaire d\u00e9cent et favorise un sentiment de fiert\u00e9 et d&#039;appartenance \u00e0 l&#039;\u00e9gard du travail de nos professionnels.<\/span><\/p>\n<h2><span style=\"color: #ffffff;\"><strong>Plateforme conviviale sur tous les appareils<\/strong><\/span><\/h2>\n<p><span style=\"color: #ffffff;\">Cleanster.com comprend l&#039;importance de la commodit\u00e9 dans le monde tr\u00e9pidant d&#039;aujourd&#039;hui. C&#039;est pourquoi notre plateforme est disponible sous forme d&#039;application sur tous les appareils. Que vous utilisiez un smartphone, une tablette ou un ordinateur, acc\u00e9dez \u00e0 nos services et g\u00e9rez vos besoins de nettoyage en un clic. Nous privil\u00e9gions une exp\u00e9rience utilisateur fluide, permettant \u00e0 nos clients de planifier, g\u00e9rer et payer leurs services de nettoyage en toute simplicit\u00e9.<\/span><\/p>\n<h2><span style=\"color: #ffffff;\"><strong>Autonomiser les professionnels des services<\/strong><\/span><\/h2>\n<p><span style=\"color: #ffffff;\">Les professionnels du nettoyage qui utilisent Cleanster.com ne sont pas de simples salari\u00e9s\u00a0: ce sont de futurs entrepreneurs. Nous leur offrons une plateforme qui leur offre de r\u00e9elles opportunit\u00e9s de travail, une r\u00e9mun\u00e9ration \u00e9quitable et la possibilit\u00e9 de choisir des missions adapt\u00e9es \u00e0 leurs horaires. Notre engagement en mati\u00e8re de d\u00e9veloppement continu des comp\u00e9tences garantit \u00e0 nos professionnels du nettoyage une position de leader dans le secteur et des services d&#039;excellence \u00e0 nos clients.<\/span><\/p>\n<h2><span style=\"color: #ffffff;\"><strong>Solutions de nettoyage personnalis\u00e9es<\/strong><\/span><\/h2>\n<p><span style=\"color: #ffffff;\">Chez Cleanster.com, nous comprenons que chaque besoin de nettoyage est unique. Qu&#039;il s&#039;agisse d&#039;une propri\u00e9t\u00e9 r\u00e9sidentielle, d&#039;un espace commercial ou de services de nettoyage sp\u00e9cialis\u00e9s, notre plateforme propose des solutions sur mesure. Du nettoyage en profondeur ponctuel \u00e0 l&#039;entretien r\u00e9gulier, <a style=\"color: #ffffff;\" href=\"https:\/\/cleanster.com\/\">Cleanster.com<\/a> s&#039;adapte aux exigences vari\u00e9es de notre client\u00e8le diversifi\u00e9e.<\/span><\/p>\n<h2><span style=\"color: #ffffff;\"><strong>Transparence et responsabilit\u00e9<\/strong><\/span><\/h2>\n<p><span style=\"color: #ffffff;\">La transparence est un pilier de Cleanster.com. Nous croyons en une communication ouverte et des relations commerciales \u00e9quitables. Notre plateforme fournit des rapports financiers d\u00e9taill\u00e9s aux professionnels du service, garantissant la transparence des revenus, des d\u00e9penses et de l&#039;historique des paiements. Cet engagement de responsabilit\u00e9 s&#039;\u00e9tend \u00e0 tous les aspects de notre plateforme, cr\u00e9ant un environnement de confiance pour les clients et les professionnels du service.<\/span><\/p>\n<h2><span style=\"color: #ffffff;\"><strong>Pratiques respectueuses de l&#039;environnement<\/strong><\/span><\/h2>\n<p><span style=\"color: #ffffff;\">Cleanster.com ne se limite pas \u00e0 la propret\u00e9\u00a0; c&#039;est aussi une question de d\u00e9veloppement durable. Nous encourageons l&#039;utilisation de produits et de m\u00e9thodes de nettoyage \u00e9cologiques, minimisant ainsi l&#039;impact environnemental de nos services. Cet engagement envers des pratiques respectueuses de l&#039;environnement s&#039;inscrit dans notre engagement plus large pour un monde plus propre et plus sain.<\/span><\/p>\n<h2><span style=\"color: #ffffff;\"><strong>Conclusion\u00a0: Rejoignez la r\u00e9volution Cleanster.com<\/strong><\/span><\/h2>\n<p><span style=\"color: #ffffff;\">Cleanster.com est plus qu&#039;un service de nettoyage\u00a0; c&#039;est une r\u00e9volution dans la fa\u00e7on dont les services de nettoyage sont accessibles, fournis et v\u00e9cus. Que vous soyez un client \u00e0 la recherche de solutions de nettoyage pratiques et \u00e9thiques ou un professionnel du nettoyage en qu\u00eate d&#039;opportunit\u00e9s entrepreneuriales, Cleanster.com est votre partenaire pour transformer le secteur du nettoyage.<\/span><\/p>\n<p><span style=\"color: #ffffff;\">Rejoignez-nous dans ce voyage vers des espaces plus propres, des professionnels autonomes et un avenir meilleur et plus durable. Cleanster.com \u2013 o\u00f9 le nettoyage rencontre l&#039;innovation et l&#039;\u00e9thique.<\/span><\/p>","protected":false},"excerpt":{"rendered":"<p>Welcome to Cleanster.com, where cleaning services meet innovation, entrepreneurship, and ethical practices. Our platform, available as an app across all devices, is not just a service provider; it&#8217;s a transformative force in the cleaning industry. Let&#8217;s explore about Cleanster.com Mission and Ethical Foundations At the core of Cleanster.com is a mission that guides everything we [&hellip;]<\/p>\n","protected":false},"author":2,"featured_media":0,"parent":0,"menu_order":0,"comment_status":"closed","ping_status":"closed","template":"templates\/about.php","meta":{"_acf_changed":false,"footnotes":""},"class_list":["post-5681","page","type-page","status-publish","hentry","entry"],"acf":[],"yoast_head":"<!-- This site is optimized with the Yoast SEO Premium plugin v26.5 (Yoast SEO v27.4) - https:\/\/yoast.com\/product\/yoast-seo-premium-wordpress\/ -->\n<title>About Us<\/title>\n<meta name=\"description\" content=\"Our primary mission is to give everyone convenient and quality access to professional cleaning services. Let&#039;s explore about us\" \/>\n<meta name=\"robots\" content=\"index, follow, max-snippet:-1, max-image-preview:large, max-video-preview:-1\" \/>\n<link rel=\"canonical\" href=\"https:\/\/cleanster.com\/fr\/a-propos-de-nous\/\" \/>\n<meta property=\"og:locale\" content=\"fr_FR\" \/>\n<meta property=\"og:type\" content=\"article\" \/>\n<meta property=\"og:title\" content=\"About Us - Cleanster | Cleaning &amp; Maid Services Near You\" \/>\n<meta property=\"og:description\" content=\"Cleanster | Cleaning &amp; Maid Services Near You\" \/>\n<meta property=\"og:url\" content=\"https:\/\/cleanster.com\/fr\/a-propos-de-nous\/\" \/>\n<meta property=\"og:site_name\" content=\"Cleanster | Cleaning &amp; Maid Services Near You\" \/>\n<meta property=\"article:publisher\" content=\"https:\/\/www.facebook.com\/cleansterhq\" \/>\n<meta property=\"article:modified_time\" content=\"2025-10-09T19:53:39+00:00\" \/>\n<meta property=\"og:image\" content=\"https:\/\/cleanster.com\/wp-content\/uploads\/2023\/11\/card@3x.png\" \/>\n\t<meta property=\"og:image:width\" content=\"1170\" \/>\n\t<meta property=\"og:image:height\" content=\"763\" \/>\n\t<meta property=\"og:image:type\" content=\"image\/png\" \/>\n<meta name=\"twitter:card\" content=\"summary_large_image\" \/>\n<meta name=\"twitter:site\" content=\"@cleansterhq\" \/>\n<meta name=\"twitter:label1\" content=\"Dur\u00e9e de lecture estim\u00e9e\" \/>\n\t<meta name=\"twitter:data1\" content=\"3 minutes\" \/>\n<script type=\"application\/ld+json\" class=\"yoast-schema-graph\">{\"@context\":\"https:\\\/\\\/schema.org\",\"@graph\":[{\"@type\":\"Article\",\"@id\":\"https:\\\/\\\/cleanster.com\\\/about-us\\\/#article\",\"isPartOf\":{\"@id\":\"https:\\\/\\\/cleanster.com\\\/about-us\\\/\"},\"author\":{\"name\":\"derrick\",\"@id\":\"https:\\\/\\\/cleanster.com\\\/#\\\/schema\\\/person\\\/bf8dbd71b6062df8d87e6f3f4673c94b\"},\"headline\":\"About Us\",\"datePublished\":\"2022-10-18T07:14:46+00:00\",\"dateModified\":\"2025-10-09T19:53:39+00:00\",\"mainEntityOfPage\":{\"@id\":\"https:\\\/\\\/cleanster.com\\\/about-us\\\/\"},\"wordCount\":496,\"publisher\":{\"@id\":\"https:\\\/\\\/cleanster.com\\\/#organization\"},\"inLanguage\":\"fr-FR\"},{\"@type\":[\"WebPage\",\"AboutPage\"],\"@id\":\"https:\\\/\\\/cleanster.com\\\/about-us\\\/\",\"url\":\"https:\\\/\\\/cleanster.com\\\/about-us\\\/\",\"name\":\"About Us\",\"isPartOf\":{\"@id\":\"https:\\\/\\\/cleanster.com\\\/#website\"},\"datePublished\":\"2022-10-18T07:14:46+00:00\",\"dateModified\":\"2025-10-09T19:53:39+00:00\",\"description\":\"Our primary mission is to give everyone convenient and quality access to professional cleaning services. Let's explore about us\",\"inLanguage\":\"fr-FR\",\"potentialAction\":[{\"@type\":\"ReadAction\",\"target\":[\"https:\\\/\\\/cleanster.com\\\/about-us\\\/\"]}]},{\"@type\":\"WebSite\",\"@id\":\"https:\\\/\\\/cleanster.com\\\/#website\",\"url\":\"https:\\\/\\\/cleanster.com\\\/\",\"name\":\"Cleanster | Cleaning & Maid Services Near You\",\"description\":\"Instantly find &amp; book trusted cleaners for homes, apartment, Airbnb, and offices. Cleanster offers affordable maid, housekeeping, and commercial cleaning services near you.\",\"publisher\":{\"@id\":\"https:\\\/\\\/cleanster.com\\\/#organization\"},\"alternateName\":\"Cleanster | Cleaning, Maid & Housekeeping Services for Everyone\",\"potentialAction\":[{\"@type\":\"SearchAction\",\"target\":{\"@type\":\"EntryPoint\",\"urlTemplate\":\"https:\\\/\\\/cleanster.com\\\/?s={search_term_string}\"},\"query-input\":{\"@type\":\"PropertyValueSpecification\",\"valueRequired\":true,\"valueName\":\"search_term_string\"}}],\"inLanguage\":\"fr-FR\"},{\"@type\":\"Organization\",\"@id\":\"https:\\\/\\\/cleanster.com\\\/#organization\",\"name\":\"Cleanster\",\"alternateName\":\"Cleanster.com\",\"url\":\"https:\\\/\\\/cleanster.com\\\/\",\"logo\":{\"@type\":\"ImageObject\",\"inLanguage\":\"fr-FR\",\"@id\":\"https:\\\/\\\/cleanster.com\\\/#\\\/schema\\\/logo\\\/image\\\/\",\"url\":\"https:\\\/\\\/cleanster.com\\\/wp-content\\\/uploads\\\/2025\\\/06\\\/Cleanster-Logo-1.svg\",\"contentUrl\":\"https:\\\/\\\/cleanster.com\\\/wp-content\\\/uploads\\\/2025\\\/06\\\/Cleanster-Logo-1.svg\",\"width\":1,\"height\":1,\"caption\":\"Cleanster\"},\"image\":{\"@id\":\"https:\\\/\\\/cleanster.com\\\/#\\\/schema\\\/logo\\\/image\\\/\"},\"sameAs\":[\"https:\\\/\\\/www.facebook.com\\\/cleansterhq\",\"https:\\\/\\\/x.com\\\/cleansterhq\",\"https:\\\/\\\/www.linkedin.com\\\/company\\\/cleansterhq\",\"https:\\\/\\\/www.instagram.com\\\/cleansterhq\",\"https:\\\/\\\/vm.tiktok.com\\\/ZM8vHmcuo\\\/\",\"https:\\\/\\\/www.clubhouse.com\\\/club\\\/cleanstercom\"],\"description\":\"Cleanster is an AI-powered cleaning services platform that connects Airbnb hosts, property managers, and commercial clients with vetted, on-demand cleaners. We offer apartment, house, Airbnb, commercial, and janitorial cleaning services. With a network of over 100,000 professionals across the US, Canada, and the UK, Cleanster delivers fast, reliable, and tech-enabled cleaning at scale.\",\"email\":\"support@cleanster.com\",\"telephone\":\"+1 (888) 788-2445\",\"legalName\":\"Cleanster, Inc.\",\"foundingDate\":\"2019-05-06\",\"duns\":\"118328526\",\"naics\":\"541511\",\"numberOfEmployees\":{\"@type\":\"QuantitativeValue\",\"minValue\":\"11\",\"maxValue\":\"50\"}},{\"@type\":\"Person\",\"@id\":\"https:\\\/\\\/cleanster.com\\\/#\\\/schema\\\/person\\\/bf8dbd71b6062df8d87e6f3f4673c94b\",\"name\":\"derrick\",\"image\":{\"@type\":\"ImageObject\",\"inLanguage\":\"fr-FR\",\"@id\":\"https:\\\/\\\/secure.gravatar.com\\\/avatar\\\/2f62e80994b7c3d8c0a4c2ab9df11da93ff44009f0af5bd22d3dc9b00b03610f?s=96&d=mm&r=g\",\"url\":\"https:\\\/\\\/secure.gravatar.com\\\/avatar\\\/2f62e80994b7c3d8c0a4c2ab9df11da93ff44009f0af5bd22d3dc9b00b03610f?s=96&d=mm&r=g\",\"contentUrl\":\"https:\\\/\\\/secure.gravatar.com\\\/avatar\\\/2f62e80994b7c3d8c0a4c2ab9df11da93ff44009f0af5bd22d3dc9b00b03610f?s=96&d=mm&r=g\",\"caption\":\"derrick\"},\"url\":\"https:\\\/\\\/cleanster.com\\\/fr\\\/author\\\/derrick\\\/\"}]}<\/script>\n<!-- \/ Yoast SEO Premium plugin. -->","yoast_head_json":{"title":"\u00c0 propos de nous","description":"Notre mission premi\u00e8re est de donner \u00e0 chacun un acc\u00e8s pratique et de qualit\u00e9 \u00e0 des services de nettoyage professionnels. D\u00e9couvrons ce qui nous concerne","robots":{"index":"index","follow":"follow","max-snippet":"max-snippet:-1","max-image-preview":"max-image-preview:large","max-video-preview":"max-video-preview:-1"},"canonical":"https:\/\/cleanster.com\/fr\/a-propos-de-nous\/","og_locale":"fr_FR","og_type":"article","og_title":"About Us - Cleanster | Cleaning &amp; Maid Services Near You","og_description":"Cleanster | Cleaning &amp; Maid Services Near You","og_url":"https:\/\/cleanster.com\/fr\/a-propos-de-nous\/","og_site_name":"Cleanster | Cleaning &amp; Maid Services Near You","article_publisher":"https:\/\/www.facebook.com\/cleansterhq","article_modified_time":"2025-10-09T19:53:39+00:00","og_image":[{"width":1170,"height":763,"url":"https:\/\/cleanster.com\/wp-content\/uploads\/2023\/11\/card@3x.png","type":"image\/png"}],"twitter_card":"summary_large_image","twitter_site":"@cleansterhq","twitter_misc":{"Dur\u00e9e de lecture estim\u00e9e":"3 minutes"},"schema":{"@context":"https:\/\/schema.org","@graph":[{"@type":"Article","@id":"https:\/\/cleanster.com\/about-us\/#article","isPartOf":{"@id":"https:\/\/cleanster.com\/about-us\/"},"author":{"name":"derrick","@id":"https:\/\/cleanster.com\/#\/schema\/person\/bf8dbd71b6062df8d87e6f3f4673c94b"},"headline":"About Us","datePublished":"2022-10-18T07:14:46+00:00","dateModified":"2025-10-09T19:53:39+00:00","mainEntityOfPage":{"@id":"https:\/\/cleanster.com\/about-us\/"},"wordCount":496,"publisher":{"@id":"https:\/\/cleanster.com\/#organization"},"inLanguage":"fr-FR"},{"@type":["WebPage","AboutPage"],"@id":"https:\/\/cleanster.com\/about-us\/","url":"https:\/\/cleanster.com\/about-us\/","name":"\u00c0 propos de nous","isPartOf":{"@id":"https:\/\/cleanster.com\/#website"},"datePublished":"2022-10-18T07:14:46+00:00","dateModified":"2025-10-09T19:53:39+00:00","description":"Notre mission premi\u00e8re est de donner \u00e0 chacun un acc\u00e8s pratique et de qualit\u00e9 \u00e0 des services de nettoyage professionnels. D\u00e9couvrons ce qui nous concerne","inLanguage":"fr-FR","potentialAction":[{"@type":"ReadAction","target":["https:\/\/cleanster.com\/about-us\/"]}]},{"@type":"WebSite","@id":"https:\/\/cleanster.com\/#website","url":"https:\/\/cleanster.com\/","name":"Cleanster | Services de nettoyage et de m\u00e9nage pr\u00e8s de chez vous","description":"Trouvez et r\u00e9servez instantan\u00e9ment des services de nettoyage de confiance pour vos maisons, appartements, Airbnb et bureaux. Cleanster propose des services de m\u00e9nage, d&#039;entretien m\u00e9nager et de nettoyage commercial abordables pr\u00e8s de chez vous.","publisher":{"@id":"https:\/\/cleanster.com\/#organization"},"alternateName":"Cleanster | Cleaning, Maid & Housekeeping Services for Everyone","potentialAction":[{"@type":"SearchAction","target":{"@type":"EntryPoint","urlTemplate":"https:\/\/cleanster.com\/?s={search_term_string}"},"query-input":{"@type":"PropertyValueSpecification","valueRequired":true,"valueName":"search_term_string"}}],"inLanguage":"fr-FR"},{"@type":"Organization","@id":"https:\/\/cleanster.com\/#organization","name":"Nettoyant","alternateName":"Cleanster.com","url":"https:\/\/cleanster.com\/","logo":{"@type":"ImageObject","inLanguage":"fr-FR","@id":"https:\/\/cleanster.com\/#\/schema\/logo\/image\/","url":"https:\/\/cleanster.com\/wp-content\/uploads\/2025\/06\/Cleanster-Logo-1.svg","contentUrl":"https:\/\/cleanster.com\/wp-content\/uploads\/2025\/06\/Cleanster-Logo-1.svg","width":1,"height":1,"caption":"Cleanster"},"image":{"@id":"https:\/\/cleanster.com\/#\/schema\/logo\/image\/"},"sameAs":["https:\/\/www.facebook.com\/cleansterhq","https:\/\/x.com\/cleansterhq","https:\/\/www.linkedin.com\/company\/cleansterhq","https:\/\/www.instagram.com\/cleansterhq","https:\/\/vm.tiktok.com\/ZM8vHmcuo\/","https:\/\/www.clubhouse.com\/club\/cleanstercom"],"description":"Cleanster est une plateforme de services de nettoyage optimis\u00e9e par l&#039;IA qui met en relation les h\u00f4tes Airbnb, les gestionnaires immobiliers et les clients commerciaux avec des agents de nettoyage qualifi\u00e9s et \u00e0 la demande. Nous proposons des services de nettoyage d&#039;appartements, de maisons, de logements Airbnb, de locaux commerciaux et de conciergerie. Avec un r\u00e9seau de plus de 100\u00a0000 professionnels aux \u00c9tats-Unis, au Canada et au Royaume-Uni, Cleanster offre un nettoyage rapide, fiable et technologique \u00e0 grande \u00e9chelle.","email":"support@cleanster.com","telephone":"+1 (888) 788-2445","legalName":"Cleanster, Inc.","foundingDate":"2019-05-06","duns":"118328526","naics":"541511","numberOfEmployees":{"@type":"QuantitativeValue","minValue":"11","maxValue":"50"}},{"@type":"Person","@id":"https:\/\/cleanster.com\/#\/schema\/person\/bf8dbd71b6062df8d87e6f3f4673c94b","name":"derrick","image":{"@type":"ImageObject","inLanguage":"fr-FR","@id":"https:\/\/secure.gravatar.com\/avatar\/2f62e80994b7c3d8c0a4c2ab9df11da93ff44009f0af5bd22d3dc9b00b03610f?s=96&d=mm&r=g","url":"https:\/\/secure.gravatar.com\/avatar\/2f62e80994b7c3d8c0a4c2ab9df11da93ff44009f0af5bd22d3dc9b00b03610f?s=96&d=mm&r=g","contentUrl":"https:\/\/secure.gravatar.com\/avatar\/2f62e80994b7c3d8c0a4c2ab9df11da93ff44009f0af5bd22d3dc9b00b03610f?s=96&d=mm&r=g","caption":"derrick"},"url":"https:\/\/cleanster.com\/fr\/author\/derrick\/"}]}},"_links":{"self":[{"href":"https:\/\/cleanster.com\/fr\/wp-json\/wp\/v2\/pages\/5681","targetHints":{"allow":["GET"]}}],"collection":[{"href":"https:\/\/cleanster.com\/fr\/wp-json\/wp\/v2\/pages"}],"about":[{"href":"https:\/\/cleanster.com\/fr\/wp-json\/wp\/v2\/types\/page"}],"author":[{"embeddable":true,"href":"https:\/\/cleanster.com\/fr\/wp-json\/wp\/v2\/users\/2"}],"replies":[{"embeddable":true,"href":"https:\/\/cleanster.com\/fr\/wp-json\/wp\/v2\/comments?post=5681"}],"version-history":[{"count":0,"href":"https:\/\/cleanster.com\/fr\/wp-json\/wp\/v2\/pages\/5681\/revisions"}],"wp:attachment":[{"href":"https:\/\/cleanster.com\/fr\/wp-json\/wp\/v2\/media?parent=5681"}],"curies":[{"name":"wp","href":"https:\/\/api.w.org\/{rel}","templated":true}]}}