{"id":5802,"date":"2022-10-20T12:59:21","date_gmt":"2022-10-20T12:59:21","guid":{"rendered":"https:\/\/cleanster.com\/?page_id=5802"},"modified":"2024-01-08T10:56:00","modified_gmt":"2024-01-08T10:56:00","slug":"secteurs-et-equipes","status":"publish","type":"page","link":"https:\/\/cleanster.com\/fr\/secteurs-et-equipes\/","title":{"rendered":"Industries et \u00e9quipes"},"content":{"rendered":"<p><span style=\"color: #ffffff;\">\u00c0 une \u00e9poque o\u00f9 la propret\u00e9 et l&#039;hygi\u00e8ne sont primordiales, Cleanster.com m\u00e8ne une r\u00e9volution en repensant l&#039;acc\u00e8s et la prestation des services de nettoyage dans divers secteurs et \u00e9quipes. Sa mission est de faciliter l&#039;acc\u00e8s aux services de nettoyage tout en d\u00e9fendant les droits et les moyens de subsistance des professionnels du secteur. <a style=\"color: #ffffff;\" href=\"https:\/\/cleanster.com\/\">Cleanster.com<\/a> se pr\u00e9sente comme un mod\u00e8le d\u2019innovation et de pratiques \u00e9thiques dans l\u2019industrie du nettoyage.<\/span><\/p>\n<h2><span style=\"color: #ffffff;\">Donner aux \u00e9quipes de nettoyage les moyens d&#039;adopter des pratiques \u00e9thiques<\/span><\/h2>\n<p><span style=\"color: #ffffff;\">L&#039;engagement de Cleanster.com repose sur son engagement \u00e0 soutenir les professionnels du nettoyage. En leur offrant de r\u00e9elles opportunit\u00e9s d&#039;emploi et en leur garantissant un salaire d\u00e9cent, Cleanster.com n&#039;est pas seulement une plateforme de services de nettoyage\u00a0; c&#039;est un mouvement qui favorise la cr\u00e9ation d&#039;opportunit\u00e9s entrepreneuriales dans le secteur. Cette approche \u00e9thique favorise le d\u00e9veloppement d&#039;une main-d&#039;\u0153uvre d\u00e9vou\u00e9e et motiv\u00e9e, permettant ainsi d&#039;offrir des services de meilleure qualit\u00e9 \u00e0 nos clients, tous secteurs confondus.<\/span><\/p>\n<p><span style=\"color: #ffffff;\"><strong>Mots-cl\u00e9s SEO\u00a0:<\/strong> Services de nettoyage \u00e9thiques, autonomisation dans l&#039;industrie du nettoyage, \u00e9quipes de nettoyage professionnelles.<\/span><\/p>\n<h2><span style=\"color: #ffffff;\">R\u00e9volutionner les services de nettoyage dans le secteur de l&#039;h\u00f4tellerie<\/span><\/h2>\n<p><span style=\"color: #ffffff;\">Dans le secteur de l\u2019h\u00f4tellerie, o\u00f9 la propret\u00e9 est synonyme de <a style=\"color: #ffffff;\" href=\"https:\/\/www.zendesk.com\/blog\/3-steps-achieving-customer-satisfaction-loyalty\/#:~:text=Customer%20satisfaction%20(CSAT)%20is%20a,or%20services%20resonate%20with%20buyers.\">satisfaction client<\/a>Cleanster.com offre une solution transparente. Les h\u00f4tels, complexes h\u00f4teliers et chambres d&#039;h\u00f4tes b\u00e9n\u00e9ficient de la capacit\u00e9 de la plateforme \u00e0 les mettre rapidement en relation avec des professionnels du nettoyage de haut niveau qui comprennent les sp\u00e9cificit\u00e9s des besoins de nettoyage du secteur h\u00f4telier. Cela am\u00e9liore non seulement l&#039;exp\u00e9rience client, mais renforce \u00e9galement la r\u00e9putation du secteur.<\/span><\/p>\n<p><span style=\"color: #ffffff;\"><strong>Mots-cl\u00e9s SEO\u00a0:<\/strong> Services de nettoyage h\u00f4telier, nettoyage d&#039;h\u00f4tel, solutions de nettoyage de complexe h\u00f4telier.<\/span><\/p>\n<h2><span style=\"color: #ffffff;\">Transformer les besoins de nettoyage des entreprises<\/span><\/h2>\n<p><span style=\"color: #ffffff;\">Les bureaux et espaces professionnels n\u00e9cessitent un nettoyage r\u00e9gulier et de haute qualit\u00e9 pour maintenir un environnement productif et sain. Cleanster.com r\u00e9pond \u00e0 ces besoins pr\u00e9cis en mettant en relation les entreprises avec des \u00e9quipes de nettoyage professionnelles, form\u00e9es \u00e0 la gestion de divers environnements de bureau. Cela garantit un espace de travail propre et organis\u00e9, reflet du professionnalisme de l&#039;entreprise.<\/span><\/p>\n<p><span style=\"color: #ffffff;\"><strong>Mots-cl\u00e9s SEO\u00a0:<\/strong> Services de nettoyage d&#039;entreprise, solutions de nettoyage de bureaux, professionnels du nettoyage d&#039;entreprise.<\/span><\/p>\n<h2><span style=\"color: #ffffff;\">Pionnier dans la propret\u00e9 des espaces de vente au d\u00e9tail<\/span><\/h2>\n<p><span style=\"color: #ffffff;\">Les espaces de vente sont des lieux de passage o\u00f9 la propret\u00e9 a un impact direct sur la perception des clients et les ventes. Cleanster.com veille \u00e0 ce que les espaces de vente soient toujours impeccables et cr\u00e9ent une atmosph\u00e8re chaleureuse pour les clients. Gr\u00e2ce \u00e0 la planification rapide et efficace des services propos\u00e9s par la plateforme, les responsables de vente peuvent se concentrer davantage sur leurs clients et moins sur la propret\u00e9.<\/span><\/p>\n<p><span style=\"color: #ffffff;\"><strong>Mots-cl\u00e9s SEO\u00a0:<\/strong> Services de nettoyage de d\u00e9tail, environnements commerciaux propres.<\/span><\/p>\n<h2><span style=\"color: #ffffff;\">Am\u00e9liorer les normes de nettoyage des \u00e9tablissements de sant\u00e9<\/span><\/h2>\n<p><span style=\"color: #ffffff;\">Dans les \u00e9tablissements de sant\u00e9, o\u00f9 la propret\u00e9 est essentielle, Cleanster.com propose des services de nettoyage fiables.<\/span><\/p>\n<p><span style=\"color: #ffffff;\"><strong>Mots-cl\u00e9s SEO\u00a0:<\/strong> Services de nettoyage de soins de sant\u00e9, nettoyage d&#039;h\u00f4pitaux et d&#039;\u00e9tablissements m\u00e9dicaux.<\/span><\/p>\n<h2><span style=\"color: #ffffff;\">Soutenir les \u00e9tablissements d&#039;enseignement<\/span><\/h2>\n<p><span style=\"color: #ffffff;\">Les \u00e9coles et les universit\u00e9s doivent \u00eatre des lieux s\u00fbrs d\u2019apprentissage.<\/span><\/p>\n<p><span style=\"color: #ffffff;\"><strong>Mots-cl\u00e9s SEO\u00a0:<\/strong> Services de nettoyage scolaire, \u00e9tablissements d&#039;enseignement, solutions de nettoyage universitaire.<\/span><\/p>","protected":false},"excerpt":{"rendered":"<p>In an era where cleanliness and hygiene are paramount, Cleanster.com is leading a revolution, reshaping how cleaning services are accessed and delivered across various industries and teams. With a mission to provide convenient access to cleaning services while championing the rights and livelihoods of service professionals, Cleanster.com stands as a beacon of innovation and ethical [&hellip;]<\/p>\n","protected":false},"author":1,"featured_media":0,"parent":0,"menu_order":0,"comment_status":"closed","ping_status":"closed","template":"templates\/industries-and-teams.php","meta":{"_acf_changed":false,"footnotes":""},"class_list":["post-5802","page","type-page","status-publish","hentry","entry"],"acf":[],"yoast_head":"<!-- This site is optimized with the Yoast SEO Premium plugin v26.5 (Yoast SEO v27.4) - https:\/\/yoast.com\/product\/yoast-seo-premium-wordpress\/ -->\n<title>Industries and Teams -<\/title>\n<meta name=\"description\" content=\"Industries and Teams of Cleanster.com. You can manage your team easily but give administrators or property managers access easily.\" \/>\n<meta name=\"robots\" content=\"index, follow, max-snippet:-1, max-image-preview:large, max-video-preview:-1\" \/>\n<link rel=\"canonical\" href=\"https:\/\/cleanster.com\/fr\/secteurs-et-equipes\/\" \/>\n<meta property=\"og:locale\" content=\"fr_FR\" \/>\n<meta property=\"og:type\" content=\"article\" \/>\n<meta property=\"og:title\" content=\"Industries and Teams - Cleanster | Cleaning &amp; Maid Services Near You\" \/>\n<meta property=\"og:description\" content=\"Industries and Teams of Cleanster.com. You can manage your team easily but give administrators or property managers access easily.\" \/>\n<meta property=\"og:url\" content=\"https:\/\/cleanster.com\/fr\/secteurs-et-equipes\/\" \/>\n<meta property=\"og:site_name\" content=\"Cleanster | Cleaning &amp; Maid Services Near You\" \/>\n<meta property=\"article:publisher\" content=\"https:\/\/www.facebook.com\/cleansterhq\" \/>\n<meta property=\"article:modified_time\" content=\"2024-01-08T10:56:00+00:00\" \/>\n<meta property=\"og:image\" content=\"https:\/\/cleanster.com\/wp-content\/uploads\/2023\/11\/card@3x.png\" \/>\n\t<meta property=\"og:image:width\" content=\"1170\" \/>\n\t<meta property=\"og:image:height\" content=\"763\" \/>\n\t<meta property=\"og:image:type\" content=\"image\/png\" \/>\n<meta name=\"twitter:card\" content=\"summary_large_image\" \/>\n<meta name=\"twitter:site\" content=\"@cleansterhq\" \/>\n<meta name=\"twitter:label1\" content=\"Dur\u00e9e de lecture estim\u00e9e\" \/>\n\t<meta name=\"twitter:data1\" content=\"2 minutes\" \/>\n<script type=\"application\/ld+json\" class=\"yoast-schema-graph\">{\"@context\":\"https:\\\/\\\/schema.org\",\"@graph\":[{\"@type\":\"WebPage\",\"@id\":\"https:\\\/\\\/cleanster.com\\\/industries-and-teams\\\/\",\"url\":\"https:\\\/\\\/cleanster.com\\\/industries-and-teams\\\/\",\"name\":\"Industries and Teams -\",\"isPartOf\":{\"@id\":\"https:\\\/\\\/cleanster.com\\\/#website\"},\"datePublished\":\"2022-10-20T12:59:21+00:00\",\"dateModified\":\"2024-01-08T10:56:00+00:00\",\"description\":\"Industries and Teams of Cleanster.com. You can manage your team easily but give administrators or property managers access easily.\",\"inLanguage\":\"fr-FR\",\"potentialAction\":[{\"@type\":\"ReadAction\",\"target\":[\"https:\\\/\\\/cleanster.com\\\/industries-and-teams\\\/\"]}]},{\"@type\":\"WebSite\",\"@id\":\"https:\\\/\\\/cleanster.com\\\/#website\",\"url\":\"https:\\\/\\\/cleanster.com\\\/\",\"name\":\"Cleanster | Cleaning & Maid Services Near You\",\"description\":\"Instantly find &amp; book trusted cleaners for homes, apartment, Airbnb, and offices. Cleanster offers affordable maid, housekeeping, and commercial cleaning services near you.\",\"publisher\":{\"@id\":\"https:\\\/\\\/cleanster.com\\\/#organization\"},\"alternateName\":\"Cleanster | Cleaning, Maid & Housekeeping Services for Everyone\",\"potentialAction\":[{\"@type\":\"SearchAction\",\"target\":{\"@type\":\"EntryPoint\",\"urlTemplate\":\"https:\\\/\\\/cleanster.com\\\/?s={search_term_string}\"},\"query-input\":{\"@type\":\"PropertyValueSpecification\",\"valueRequired\":true,\"valueName\":\"search_term_string\"}}],\"inLanguage\":\"fr-FR\"},{\"@type\":\"Organization\",\"@id\":\"https:\\\/\\\/cleanster.com\\\/#organization\",\"name\":\"Cleanster\",\"alternateName\":\"Cleanster.com\",\"url\":\"https:\\\/\\\/cleanster.com\\\/\",\"logo\":{\"@type\":\"ImageObject\",\"inLanguage\":\"fr-FR\",\"@id\":\"https:\\\/\\\/cleanster.com\\\/#\\\/schema\\\/logo\\\/image\\\/\",\"url\":\"https:\\\/\\\/cleanster.com\\\/wp-content\\\/uploads\\\/2025\\\/06\\\/Cleanster-Logo-1.svg\",\"contentUrl\":\"https:\\\/\\\/cleanster.com\\\/wp-content\\\/uploads\\\/2025\\\/06\\\/Cleanster-Logo-1.svg\",\"width\":1,\"height\":1,\"caption\":\"Cleanster\"},\"image\":{\"@id\":\"https:\\\/\\\/cleanster.com\\\/#\\\/schema\\\/logo\\\/image\\\/\"},\"sameAs\":[\"https:\\\/\\\/www.facebook.com\\\/cleansterhq\",\"https:\\\/\\\/x.com\\\/cleansterhq\",\"https:\\\/\\\/www.linkedin.com\\\/company\\\/cleansterhq\",\"https:\\\/\\\/www.instagram.com\\\/cleansterhq\",\"https:\\\/\\\/vm.tiktok.com\\\/ZM8vHmcuo\\\/\",\"https:\\\/\\\/www.clubhouse.com\\\/club\\\/cleanstercom\"],\"description\":\"Cleanster is an AI-powered cleaning services platform that connects Airbnb hosts, property managers, and commercial clients with vetted, on-demand cleaners. We offer apartment, house, Airbnb, commercial, and janitorial cleaning services. With a network of over 100,000 professionals across the US, Canada, and the UK, Cleanster delivers fast, reliable, and tech-enabled cleaning at scale.\",\"email\":\"support@cleanster.com\",\"telephone\":\"+1 (888) 788-2445\",\"legalName\":\"Cleanster, Inc.\",\"foundingDate\":\"2019-05-06\",\"duns\":\"118328526\",\"naics\":\"541511\",\"numberOfEmployees\":{\"@type\":\"QuantitativeValue\",\"minValue\":\"11\",\"maxValue\":\"50\"}}]}<\/script>\n<!-- \/ Yoast SEO Premium plugin. -->","yoast_head_json":{"title":"Industries et \u00e9quipes -","description":"Industries et \u00e9quipes de Cleanster.com. Vous pouvez g\u00e9rer votre \u00e9quipe facilement, mais accorder facilement un acc\u00e8s aux administrateurs ou aux gestionnaires immobiliers.","robots":{"index":"index","follow":"follow","max-snippet":"max-snippet:-1","max-image-preview":"max-image-preview:large","max-video-preview":"max-video-preview:-1"},"canonical":"https:\/\/cleanster.com\/fr\/secteurs-et-equipes\/","og_locale":"fr_FR","og_type":"article","og_title":"Industries and Teams - Cleanster | Cleaning &amp; Maid Services Near You","og_description":"Industries and Teams of Cleanster.com. You can manage your team easily but give administrators or property managers access easily.","og_url":"https:\/\/cleanster.com\/fr\/secteurs-et-equipes\/","og_site_name":"Cleanster | Cleaning &amp; Maid Services Near You","article_publisher":"https:\/\/www.facebook.com\/cleansterhq","article_modified_time":"2024-01-08T10:56:00+00:00","og_image":[{"width":1170,"height":763,"url":"https:\/\/cleanster.com\/wp-content\/uploads\/2023\/11\/card@3x.png","type":"image\/png"}],"twitter_card":"summary_large_image","twitter_site":"@cleansterhq","twitter_misc":{"Dur\u00e9e de lecture estim\u00e9e":"2 minutes"},"schema":{"@context":"https:\/\/schema.org","@graph":[{"@type":"WebPage","@id":"https:\/\/cleanster.com\/industries-and-teams\/","url":"https:\/\/cleanster.com\/industries-and-teams\/","name":"Industries et \u00e9quipes -","isPartOf":{"@id":"https:\/\/cleanster.com\/#website"},"datePublished":"2022-10-20T12:59:21+00:00","dateModified":"2024-01-08T10:56:00+00:00","description":"Industries et \u00e9quipes de Cleanster.com. Vous pouvez g\u00e9rer votre \u00e9quipe facilement, mais accorder facilement un acc\u00e8s aux administrateurs ou aux gestionnaires immobiliers.","inLanguage":"fr-FR","potentialAction":[{"@type":"ReadAction","target":["https:\/\/cleanster.com\/industries-and-teams\/"]}]},{"@type":"WebSite","@id":"https:\/\/cleanster.com\/#website","url":"https:\/\/cleanster.com\/","name":"Cleanster | Services de nettoyage et de m\u00e9nage pr\u00e8s de chez vous","description":"Trouvez et r\u00e9servez instantan\u00e9ment des services de nettoyage de confiance pour vos maisons, appartements, Airbnb et bureaux. Cleanster propose des services de m\u00e9nage, d&#039;entretien m\u00e9nager et de nettoyage commercial abordables pr\u00e8s de chez vous.","publisher":{"@id":"https:\/\/cleanster.com\/#organization"},"alternateName":"Cleanster | Cleaning, Maid & Housekeeping Services for Everyone","potentialAction":[{"@type":"SearchAction","target":{"@type":"EntryPoint","urlTemplate":"https:\/\/cleanster.com\/?s={search_term_string}"},"query-input":{"@type":"PropertyValueSpecification","valueRequired":true,"valueName":"search_term_string"}}],"inLanguage":"fr-FR"},{"@type":"Organization","@id":"https:\/\/cleanster.com\/#organization","name":"Nettoyant","alternateName":"Cleanster.com","url":"https:\/\/cleanster.com\/","logo":{"@type":"ImageObject","inLanguage":"fr-FR","@id":"https:\/\/cleanster.com\/#\/schema\/logo\/image\/","url":"https:\/\/cleanster.com\/wp-content\/uploads\/2025\/06\/Cleanster-Logo-1.svg","contentUrl":"https:\/\/cleanster.com\/wp-content\/uploads\/2025\/06\/Cleanster-Logo-1.svg","width":1,"height":1,"caption":"Cleanster"},"image":{"@id":"https:\/\/cleanster.com\/#\/schema\/logo\/image\/"},"sameAs":["https:\/\/www.facebook.com\/cleansterhq","https:\/\/x.com\/cleansterhq","https:\/\/www.linkedin.com\/company\/cleansterhq","https:\/\/www.instagram.com\/cleansterhq","https:\/\/vm.tiktok.com\/ZM8vHmcuo\/","https:\/\/www.clubhouse.com\/club\/cleanstercom"],"description":"Cleanster est une plateforme de services de nettoyage optimis\u00e9e par l&#039;IA qui met en relation les h\u00f4tes Airbnb, les gestionnaires immobiliers et les clients commerciaux avec des agents de nettoyage qualifi\u00e9s et \u00e0 la demande. Nous proposons des services de nettoyage d&#039;appartements, de maisons, de logements Airbnb, de locaux commerciaux et de conciergerie. Avec un r\u00e9seau de plus de 100\u00a0000 professionnels aux \u00c9tats-Unis, au Canada et au Royaume-Uni, Cleanster offre un nettoyage rapide, fiable et technologique \u00e0 grande \u00e9chelle.","email":"support@cleanster.com","telephone":"+1 (888) 788-2445","legalName":"Cleanster, Inc.","foundingDate":"2019-05-06","duns":"118328526","naics":"541511","numberOfEmployees":{"@type":"QuantitativeValue","minValue":"11","maxValue":"50"}}]}},"_links":{"self":[{"href":"https:\/\/cleanster.com\/fr\/wp-json\/wp\/v2\/pages\/5802","targetHints":{"allow":["GET"]}}],"collection":[{"href":"https:\/\/cleanster.com\/fr\/wp-json\/wp\/v2\/pages"}],"about":[{"href":"https:\/\/cleanster.com\/fr\/wp-json\/wp\/v2\/types\/page"}],"author":[{"embeddable":true,"href":"https:\/\/cleanster.com\/fr\/wp-json\/wp\/v2\/users\/1"}],"replies":[{"embeddable":true,"href":"https:\/\/cleanster.com\/fr\/wp-json\/wp\/v2\/comments?post=5802"}],"version-history":[{"count":0,"href":"https:\/\/cleanster.com\/fr\/wp-json\/wp\/v2\/pages\/5802\/revisions"}],"wp:attachment":[{"href":"https:\/\/cleanster.com\/fr\/wp-json\/wp\/v2\/media?parent=5802"}],"curies":[{"name":"wp","href":"https:\/\/api.w.org\/{rel}","templated":true}]}}