{"id":6054,"date":"2022-10-26T16:12:51","date_gmt":"2022-10-26T16:12:51","guid":{"rendered":"http:\/\/cleanster.ca\/?page_id=6054"},"modified":"2024-01-08T07:07:21","modified_gmt":"2024-01-08T07:07:21","slug":"menage-a-san-antonio-texas","status":"publish","type":"page","link":"https:\/\/cleanster.com\/fr\/menage-a-san-antonio-texas\/","title":{"rendered":"Nettoyage de maison \u00e0 San Antonio, Texas"},"content":{"rendered":"<h2><span style=\"color: #ffffff;\"><b>Application pour le m\u00e9nage dans<\/b><b> San Antonio, Texas\u00a0<\/b><\/span><\/h2>\n<p><span style=\"color: #ffffff;\"><span style=\"font-weight: 400;\">Une maison est l\u2019endroit o\u00f9 tout d\u00e9pend de votre tranquillit\u00e9 d\u2019esprit, de votre bonheur, d\u2019un mode de vie plus sain et bien d\u2019autres encore. Votre emploi du temps charg\u00e9 ne vous laisse probablement pas le choix pour faire le m\u00e9nage. Si vous recherchez une application professionnelle pour le m\u00e9nage en <\/span><a style=\"color: #ffffff;\" href=\"https:\/\/en.wikipedia.org\/wiki\/San_Antonio\"><span style=\"font-weight: 400;\">San Antonio, Texas<\/span><\/a><span style=\"font-weight: 400;\">\u00a0 pour votre maison, personne ne peut battre Cleanster.com. Notre application professionnelle pour le service de m\u00e9nage \u00e0 <\/span><span style=\"font-weight: 400;\">San Antonio, Texas <\/span><span style=\"font-weight: 400;\">\u00a0est une excellente application pour tout naviguer facilement.<\/span><\/span><\/p>\n<p><span style=\"font-weight: 400; color: #ffffff;\">Nous pensons qu&#039;une maison propre semble plus saine lorsqu&#039;elle est nettoy\u00e9e par <a style=\"color: #ffffff;\" href=\"https:\/\/cleanster.com\/\">Cleanster.com<\/a> nettoyeurs professionnels.<\/span><\/p>\n<h2><span style=\"color: #ffffff;\"><b>Application de liste de contr\u00f4le pour le nettoyage de la maison<\/b><\/span><\/h2>\n<p><span style=\"font-weight: 400; color: #ffffff;\">Jetez un \u0153il de plus pr\u00e8s \u00e0 l&#039;application de service de nettoyage de maison professionnel de Cleanster.com\u00a0:<\/span><\/p>\n<p><span style=\"font-weight: 400; color: #ffffff;\">Salons \u2013 Nous \u00e9poussetons et nettoyons les surfaces en bois et en verre. Nettoyer sous les coussins du canap\u00e9 et les objets d\u00e9coratifs.\u00a0<\/span><\/p>\n<p><span style=\"font-weight: 400; color: #ffffff;\">Cuisines \u2013 Nous nettoyons professionnellement les fa\u00e7ades des placards, les tables et les chaises avec un chiffon humide. Nous nettoyons, lavons et d\u00e9sinfectons \u00e9galement les plans de travail. Vidons les poubelles.\u00a0<\/span><\/p>\n<p><span style=\"font-weight: 400; color: #ffffff;\">Salles de bains \u2013 Lavez et d\u00e9sinfectez en profondeur les toilettes, les vanit\u00e9s, les baignoires, le sol et les douches.<\/span><\/p>\n<p><span style=\"font-weight: 400; color: #ffffff;\">Chambres \u2013 Faites le lit, \u00e9poussetez et disposez les oreillers et les peluches. Nous nettoyons en profondeur les surfaces et sous le lit.\u00a0<\/span><\/p>\n<p><span style=\"font-weight: 400; color: #ffffff;\">Toutes les pi\u00e8ces \u2013 Passez l\u2019aspirateur, la vadrouille et d\u00e9sinfectez en profondeur toutes les pi\u00e8ces.<\/span><\/p>\n<h2><span style=\"color: #ffffff;\"><b>Meilleure application de nettoyage de maison<\/b><\/span><\/h2>\n<p><span style=\"font-weight: 400; color: #ffffff;\">Le nettoyage est notre priorit\u00e9, nous faisons donc de notre mieux pour que les choses restent faciles et simples. Cleanster.com propose une large gamme de services pour votre maison, qu&#039;il s&#039;agisse de nettoyage pour Airbnb, d&#039;emm\u00e9nagement ou de d\u00e9m\u00e9nagement. Nos nettoyeurs sont professionnels, sympathiques et efficaces.\u00a0<\/span><\/p>\n<p><span style=\"font-weight: 400; color: #ffffff;\">Cleanster.com offre des r\u00e9sultats de nettoyage exceptionnels, r\u00e9duit l&#039;empreinte environnementale, dispose d&#039;un personnel form\u00e9 et comp\u00e9tent, d&#039;outils et d&#039;\u00e9quipements sp\u00e9cialis\u00e9s. Plus important encore, vous ne payez que pour le service que vous utilisez.\u00a0<\/span><\/p>\n<p><span style=\"color: #ffffff;\"><a style=\"color: #ffffff;\" href=\"https:\/\/play.google.com\/store\/apps\/details?id=com.tidyapp.pro\"><span style=\"font-weight: 400;\">Nettoyant<\/span><\/a><span style=\"font-weight: 400;\">.com est la meilleure application pour les services de nettoyage de maison en <\/span><span style=\"font-weight: 400;\">San Antonio, Texas<\/span><span style=\"font-weight: 400;\">\u00a0 pour les utilisateurs mobiles Android et iPhone.\u00a0<\/span><\/span><\/p>\n<p><span style=\"font-weight: 400; color: #ffffff;\">Notre service est rentable.<\/span><\/p>\n<p><span style=\"font-weight: 400; color: #ffffff;\">Nous proposons une application simple de planification du m\u00e9nage pour Airbnb.\u00a0<\/span><\/p>\n<p><span style=\"font-weight: 400; color: #ffffff;\">L&#039;application de planification du m\u00e9nage est gratuite, vous pouvez donc planifier la r\u00e9partition de vos t\u00e2ches en fonction de votre temps.<\/span><\/p>\n<p><span style=\"color: #ffffff;\"><span style=\"font-weight: 400;\">Nous ne sommes pas seulement bas\u00e9s \u00e0 <\/span><span style=\"font-weight: 400;\">San Antonio <\/span><span style=\"font-weight: 400;\">Nous avons plusieurs endroits pour fournir plusieurs services comme <\/span><a style=\"color: #ffffff;\" href=\"https:\/\/cleanster.ca\/airbnb-cleaning-in-austin-tx\/\"><span style=\"font-weight: 400;\">Nettoyage Airbnb<\/span><\/a><span style=\"font-weight: 400;\">, <\/span><a style=\"color: #ffffff;\" href=\"https:\/\/cleanster.ca\/deep-cleaning-in-austin-tx-2\/\"><span style=\"font-weight: 400;\">nettoyage en profondeur<\/span><\/a><span style=\"font-weight: 400;\">, <\/span><a style=\"color: #ffffff;\" href=\"https:\/\/cleanster.ca\/vacation-rental-cleaning-in-austin-tx\/\"><span style=\"font-weight: 400;\">nettoyage de location de vacances<\/span><\/a><span style=\"font-weight: 400;\"> et beaucoup plus.<\/span><\/span><\/p>","protected":false},"excerpt":{"rendered":"<p>App for house cleaning in San Antonio, TX\u00a0 A home is where everything depends on your peace of mind, happiness, healthier lifestyle, and many more. Your busy schedule probably does not leave you a choice for cleaning the house. If you are looking for a professional app for house cleaning in San Antonio, TX\u00a0 for [&hellip;]<\/p>\n","protected":false},"author":1,"featured_media":16061,"parent":0,"menu_order":0,"comment_status":"closed","ping_status":"closed","template":"templates\/services.php","meta":{"_acf_changed":false,"footnotes":""},"class_list":["post-6054","page","type-page","status-publish","has-post-thumbnail","hentry","entry"],"acf":[],"yoast_head":"<!-- This site is optimized with the Yoast SEO Premium plugin v26.5 (Yoast SEO v27.4) - https:\/\/yoast.com\/product\/yoast-seo-premium-wordpress\/ -->\n<title>App for cleaning service in San Antonio, TX - Cleanster.com<\/title>\n<meta name=\"description\" content=\"The smartest way to book, pay, and find house cleaning service in San Antonio, TX through our Cleanster.com It takes only 30 seconds.\" \/>\n<meta name=\"robots\" content=\"index, follow, max-snippet:-1, max-image-preview:large, max-video-preview:-1\" \/>\n<link rel=\"canonical\" href=\"https:\/\/cleanster.com\/fr\/menage-a-san-antonio-texas\/\" \/>\n<meta property=\"og:locale\" content=\"fr_FR\" \/>\n<meta property=\"og:type\" content=\"article\" \/>\n<meta property=\"og:title\" content=\"House Cleaning in San Antonio, TX - Cleanster | Cleaning &amp; Maid Services Near You\" \/>\n<meta property=\"og:description\" content=\"The smartest way to book, pay, and find house cleaning service in San Antonio, TX through our Cleanster.com It takes only 30 seconds.\" \/>\n<meta property=\"og:url\" content=\"https:\/\/cleanster.com\/fr\/menage-a-san-antonio-texas\/\" \/>\n<meta property=\"og:site_name\" content=\"Cleanster | Cleaning &amp; Maid Services Near You\" \/>\n<meta property=\"article:publisher\" content=\"https:\/\/www.facebook.com\/cleansterhq\" \/>\n<meta property=\"article:modified_time\" content=\"2024-01-08T07:07:21+00:00\" \/>\n<meta property=\"og:image\" content=\"https:\/\/cleanster.com\/wp-content\/uploads\/2023\/10\/house-img.jpg\" \/>\n\t<meta property=\"og:image:width\" content=\"950\" \/>\n\t<meta property=\"og:image:height\" content=\"670\" \/>\n\t<meta property=\"og:image:type\" content=\"image\/jpeg\" \/>\n<meta name=\"twitter:card\" content=\"summary_large_image\" \/>\n<meta name=\"twitter:site\" content=\"@cleansterhq\" \/>\n<meta name=\"twitter:label1\" content=\"Dur\u00e9e de lecture estim\u00e9e\" \/>\n\t<meta name=\"twitter:data1\" content=\"2 minutes\" \/>\n<script type=\"application\/ld+json\" class=\"yoast-schema-graph\">{\"@context\":\"https:\\\/\\\/schema.org\",\"@graph\":[{\"@type\":\"WebPage\",\"@id\":\"https:\\\/\\\/cleanster.com\\\/house-cleaning-in-san-antonio-tx\\\/\",\"url\":\"https:\\\/\\\/cleanster.com\\\/house-cleaning-in-san-antonio-tx\\\/\",\"name\":\"App for cleaning service in San Antonio, TX - Cleanster.com\",\"isPartOf\":{\"@id\":\"https:\\\/\\\/cleanster.com\\\/#website\"},\"primaryImageOfPage\":{\"@id\":\"https:\\\/\\\/cleanster.com\\\/house-cleaning-in-san-antonio-tx\\\/#primaryimage\"},\"image\":{\"@id\":\"https:\\\/\\\/cleanster.com\\\/house-cleaning-in-san-antonio-tx\\\/#primaryimage\"},\"thumbnailUrl\":\"https:\\\/\\\/cleanster.com\\\/wp-content\\\/uploads\\\/2023\\\/10\\\/house-img.jpg\",\"datePublished\":\"2022-10-26T16:12:51+00:00\",\"dateModified\":\"2024-01-08T07:07:21+00:00\",\"description\":\"The smartest way to book, pay, and find house cleaning service in San Antonio, TX through our Cleanster.com It takes only 30 seconds.\",\"inLanguage\":\"fr-FR\",\"potentialAction\":[{\"@type\":\"ReadAction\",\"target\":[\"https:\\\/\\\/cleanster.com\\\/house-cleaning-in-san-antonio-tx\\\/\"]}]},{\"@type\":\"ImageObject\",\"inLanguage\":\"fr-FR\",\"@id\":\"https:\\\/\\\/cleanster.com\\\/house-cleaning-in-san-antonio-tx\\\/#primaryimage\",\"url\":\"https:\\\/\\\/cleanster.com\\\/wp-content\\\/uploads\\\/2023\\\/10\\\/house-img.jpg\",\"contentUrl\":\"https:\\\/\\\/cleanster.com\\\/wp-content\\\/uploads\\\/2023\\\/10\\\/house-img.jpg\",\"width\":950,\"height\":670},{\"@type\":\"WebSite\",\"@id\":\"https:\\\/\\\/cleanster.com\\\/#website\",\"url\":\"https:\\\/\\\/cleanster.com\\\/\",\"name\":\"Cleanster | Cleaning & Maid Services Near You\",\"description\":\"Instantly find &amp; book trusted cleaners for homes, apartment, Airbnb, and offices. Cleanster offers affordable maid, housekeeping, and commercial cleaning services near you.\",\"publisher\":{\"@id\":\"https:\\\/\\\/cleanster.com\\\/#organization\"},\"alternateName\":\"Cleanster | Cleaning, Maid & Housekeeping Services for Everyone\",\"potentialAction\":[{\"@type\":\"SearchAction\",\"target\":{\"@type\":\"EntryPoint\",\"urlTemplate\":\"https:\\\/\\\/cleanster.com\\\/?s={search_term_string}\"},\"query-input\":{\"@type\":\"PropertyValueSpecification\",\"valueRequired\":true,\"valueName\":\"search_term_string\"}}],\"inLanguage\":\"fr-FR\"},{\"@type\":\"Organization\",\"@id\":\"https:\\\/\\\/cleanster.com\\\/#organization\",\"name\":\"Cleanster\",\"alternateName\":\"Cleanster.com\",\"url\":\"https:\\\/\\\/cleanster.com\\\/\",\"logo\":{\"@type\":\"ImageObject\",\"inLanguage\":\"fr-FR\",\"@id\":\"https:\\\/\\\/cleanster.com\\\/#\\\/schema\\\/logo\\\/image\\\/\",\"url\":\"https:\\\/\\\/cleanster.com\\\/wp-content\\\/uploads\\\/2025\\\/06\\\/Cleanster-Logo-1.svg\",\"contentUrl\":\"https:\\\/\\\/cleanster.com\\\/wp-content\\\/uploads\\\/2025\\\/06\\\/Cleanster-Logo-1.svg\",\"width\":1,\"height\":1,\"caption\":\"Cleanster\"},\"image\":{\"@id\":\"https:\\\/\\\/cleanster.com\\\/#\\\/schema\\\/logo\\\/image\\\/\"},\"sameAs\":[\"https:\\\/\\\/www.facebook.com\\\/cleansterhq\",\"https:\\\/\\\/x.com\\\/cleansterhq\",\"https:\\\/\\\/www.linkedin.com\\\/company\\\/cleansterhq\",\"https:\\\/\\\/www.instagram.com\\\/cleansterhq\",\"https:\\\/\\\/vm.tiktok.com\\\/ZM8vHmcuo\\\/\",\"https:\\\/\\\/www.clubhouse.com\\\/club\\\/cleanstercom\"],\"description\":\"Cleanster is an AI-powered cleaning services platform that connects Airbnb hosts, property managers, and commercial clients with vetted, on-demand cleaners. We offer apartment, house, Airbnb, commercial, and janitorial cleaning services. With a network of over 100,000 professionals across the US, Canada, and the UK, Cleanster delivers fast, reliable, and tech-enabled cleaning at scale.\",\"email\":\"support@cleanster.com\",\"telephone\":\"+1 (888) 788-2445\",\"legalName\":\"Cleanster, Inc.\",\"foundingDate\":\"2019-05-06\",\"duns\":\"118328526\",\"naics\":\"541511\",\"numberOfEmployees\":{\"@type\":\"QuantitativeValue\",\"minValue\":\"11\",\"maxValue\":\"50\"}}]}<\/script>\n<!-- \/ Yoast SEO Premium plugin. -->","yoast_head_json":{"title":"Application pour le service de nettoyage \u00e0 San Antonio, Texas - Cleanster.com","description":"Le moyen le plus intelligent de r\u00e9server, de payer et de trouver un service de m\u00e9nage \u00e0 San Antonio, Texas via notre Cleanster.com Cela ne prend que 30 secondes.","robots":{"index":"index","follow":"follow","max-snippet":"max-snippet:-1","max-image-preview":"max-image-preview:large","max-video-preview":"max-video-preview:-1"},"canonical":"https:\/\/cleanster.com\/fr\/menage-a-san-antonio-texas\/","og_locale":"fr_FR","og_type":"article","og_title":"House Cleaning in San Antonio, TX - Cleanster | Cleaning &amp; Maid Services Near You","og_description":"The smartest way to book, pay, and find house cleaning service in San Antonio, TX through our Cleanster.com It takes only 30 seconds.","og_url":"https:\/\/cleanster.com\/fr\/menage-a-san-antonio-texas\/","og_site_name":"Cleanster | Cleaning &amp; Maid Services Near You","article_publisher":"https:\/\/www.facebook.com\/cleansterhq","article_modified_time":"2024-01-08T07:07:21+00:00","og_image":[{"width":950,"height":670,"url":"https:\/\/cleanster.com\/wp-content\/uploads\/2023\/10\/house-img.jpg","type":"image\/jpeg"}],"twitter_card":"summary_large_image","twitter_site":"@cleansterhq","twitter_misc":{"Dur\u00e9e de lecture estim\u00e9e":"2 minutes"},"schema":{"@context":"https:\/\/schema.org","@graph":[{"@type":"WebPage","@id":"https:\/\/cleanster.com\/house-cleaning-in-san-antonio-tx\/","url":"https:\/\/cleanster.com\/house-cleaning-in-san-antonio-tx\/","name":"Application pour le service de nettoyage \u00e0 San Antonio, Texas - Cleanster.com","isPartOf":{"@id":"https:\/\/cleanster.com\/#website"},"primaryImageOfPage":{"@id":"https:\/\/cleanster.com\/house-cleaning-in-san-antonio-tx\/#primaryimage"},"image":{"@id":"https:\/\/cleanster.com\/house-cleaning-in-san-antonio-tx\/#primaryimage"},"thumbnailUrl":"https:\/\/cleanster.com\/wp-content\/uploads\/2023\/10\/house-img.jpg","datePublished":"2022-10-26T16:12:51+00:00","dateModified":"2024-01-08T07:07:21+00:00","description":"Le moyen le plus intelligent de r\u00e9server, de payer et de trouver un service de m\u00e9nage \u00e0 San Antonio, Texas via notre Cleanster.com Cela ne prend que 30 secondes.","inLanguage":"fr-FR","potentialAction":[{"@type":"ReadAction","target":["https:\/\/cleanster.com\/house-cleaning-in-san-antonio-tx\/"]}]},{"@type":"ImageObject","inLanguage":"fr-FR","@id":"https:\/\/cleanster.com\/house-cleaning-in-san-antonio-tx\/#primaryimage","url":"https:\/\/cleanster.com\/wp-content\/uploads\/2023\/10\/house-img.jpg","contentUrl":"https:\/\/cleanster.com\/wp-content\/uploads\/2023\/10\/house-img.jpg","width":950,"height":670},{"@type":"WebSite","@id":"https:\/\/cleanster.com\/#website","url":"https:\/\/cleanster.com\/","name":"Cleanster | Services de nettoyage et de m\u00e9nage pr\u00e8s de chez vous","description":"Trouvez et r\u00e9servez instantan\u00e9ment des services de nettoyage de confiance pour vos maisons, appartements, Airbnb et bureaux. Cleanster propose des services de m\u00e9nage, d&#039;entretien m\u00e9nager et de nettoyage commercial abordables pr\u00e8s de chez vous.","publisher":{"@id":"https:\/\/cleanster.com\/#organization"},"alternateName":"Cleanster | Cleaning, Maid & Housekeeping Services for Everyone","potentialAction":[{"@type":"SearchAction","target":{"@type":"EntryPoint","urlTemplate":"https:\/\/cleanster.com\/?s={search_term_string}"},"query-input":{"@type":"PropertyValueSpecification","valueRequired":true,"valueName":"search_term_string"}}],"inLanguage":"fr-FR"},{"@type":"Organization","@id":"https:\/\/cleanster.com\/#organization","name":"Nettoyant","alternateName":"Cleanster.com","url":"https:\/\/cleanster.com\/","logo":{"@type":"ImageObject","inLanguage":"fr-FR","@id":"https:\/\/cleanster.com\/#\/schema\/logo\/image\/","url":"https:\/\/cleanster.com\/wp-content\/uploads\/2025\/06\/Cleanster-Logo-1.svg","contentUrl":"https:\/\/cleanster.com\/wp-content\/uploads\/2025\/06\/Cleanster-Logo-1.svg","width":1,"height":1,"caption":"Cleanster"},"image":{"@id":"https:\/\/cleanster.com\/#\/schema\/logo\/image\/"},"sameAs":["https:\/\/www.facebook.com\/cleansterhq","https:\/\/x.com\/cleansterhq","https:\/\/www.linkedin.com\/company\/cleansterhq","https:\/\/www.instagram.com\/cleansterhq","https:\/\/vm.tiktok.com\/ZM8vHmcuo\/","https:\/\/www.clubhouse.com\/club\/cleanstercom"],"description":"Cleanster est une plateforme de services de nettoyage optimis\u00e9e par l&#039;IA qui met en relation les h\u00f4tes Airbnb, les gestionnaires immobiliers et les clients commerciaux avec des agents de nettoyage qualifi\u00e9s et \u00e0 la demande. Nous proposons des services de nettoyage d&#039;appartements, de maisons, de logements Airbnb, de locaux commerciaux et de conciergerie. Avec un r\u00e9seau de plus de 100\u00a0000 professionnels aux \u00c9tats-Unis, au Canada et au Royaume-Uni, Cleanster offre un nettoyage rapide, fiable et technologique \u00e0 grande \u00e9chelle.","email":"support@cleanster.com","telephone":"+1 (888) 788-2445","legalName":"Cleanster, Inc.","foundingDate":"2019-05-06","duns":"118328526","naics":"541511","numberOfEmployees":{"@type":"QuantitativeValue","minValue":"11","maxValue":"50"}}]}},"_links":{"self":[{"href":"https:\/\/cleanster.com\/fr\/wp-json\/wp\/v2\/pages\/6054","targetHints":{"allow":["GET"]}}],"collection":[{"href":"https:\/\/cleanster.com\/fr\/wp-json\/wp\/v2\/pages"}],"about":[{"href":"https:\/\/cleanster.com\/fr\/wp-json\/wp\/v2\/types\/page"}],"author":[{"embeddable":true,"href":"https:\/\/cleanster.com\/fr\/wp-json\/wp\/v2\/users\/1"}],"replies":[{"embeddable":true,"href":"https:\/\/cleanster.com\/fr\/wp-json\/wp\/v2\/comments?post=6054"}],"version-history":[{"count":0,"href":"https:\/\/cleanster.com\/fr\/wp-json\/wp\/v2\/pages\/6054\/revisions"}],"wp:featuredmedia":[{"embeddable":true,"href":"https:\/\/cleanster.com\/fr\/wp-json\/wp\/v2\/media\/16061"}],"wp:attachment":[{"href":"https:\/\/cleanster.com\/fr\/wp-json\/wp\/v2\/media?parent=6054"}],"curies":[{"name":"wp","href":"https:\/\/api.w.org\/{rel}","templated":true}]}}