{"id":6140,"date":"2022-10-26T16:57:23","date_gmt":"2022-10-26T16:57:23","guid":{"rendered":"http:\/\/cleanster.ca\/?page_id=6140"},"modified":"2023-11-02T11:42:49","modified_gmt":"2023-11-02T11:42:49","slug":"nettoyage-de-bureau-a-proximite","status":"publish","type":"page","link":"https:\/\/cleanster.com\/fr\/nettoyage-de-bureau-a-proximite\/","title":{"rendered":"Nettoyage de bureau \u00e0 proximit\u00e9"},"content":{"rendered":"<p><span style=\"color: #ffffff;\"><span style=\"font-weight: 400;\">The Cleanster.com est le plus prometteur <\/span><b>application pour les services de nettoyage de bureaux pr\u00e8s de chez vous<\/b><b>.<\/b><span style=\"font-weight: 400;\"> Avec le <\/span><a style=\"color: #ffffff;\" href=\"https:\/\/cleanster.ca\/\"><span style=\"font-weight: 400;\">Nettoyant<\/span><\/a><a style=\"color: #ffffff;\" href=\"https:\/\/cleanster.ca\/\">.com<\/a>, vous pouvez r\u00e9server notre service de nettoyage de bureaux \u00e0 un prix abordable.\u00a0<\/span><\/p>\n<p><span style=\"color: #ffffff;\"><span style=\"font-weight: 400;\">Le service de nettoyage de bureaux de Cleanster.com pr\u00e8s de chez vous<\/span><span style=\"font-weight: 400;\">\u00a0 <\/span><span style=\"font-weight: 400;\">peut vous aider \u00e0 faire vos affaires dans un environnement 100% sans bact\u00e9ries, hygi\u00e9nique et frais avec l&#039;aide de nos nettoyeurs exp\u00e9riment\u00e9s.\u00a0<\/span><\/span><\/p>\n<p><span style=\"color: #ffffff;\"><span style=\"font-weight: 400;\">Depuis l&#039;apparition de la COVID-19, le nettoyage quotidien des bureaux est devenu plus essentiel que jamais. Notre \u00e9quipe de nettoyage professionnelle se fera un plaisir de garantir la s\u00e9curit\u00e9 et la conformit\u00e9 de votre entreprise. Nous sommes non seulement pr\u00e8s de chez vous, mais nous disposons \u00e9galement de plusieurs points de vente pour vous proposer divers services, tels que <\/span><a style=\"color: #ffffff;\" href=\"https:\/\/cleanster.ca\/house-cleaning-in-austin-tx\/\"><span style=\"font-weight: 400;\">nettoyage de la maison<\/span><\/a><span style=\"font-weight: 400;\">, <\/span><a style=\"color: #ffffff;\" href=\"https:\/\/cleanster.ca\/airbnb-cleaning-in-austin-tx\/\"><span style=\"font-weight: 400;\">Nettoyage Airbnb<\/span><\/a><span style=\"font-weight: 400;\">, <\/span><a style=\"color: #ffffff;\" href=\"https:\/\/cleanster.ca\/deep-cleaning-in-austin-tx-2\/\"><span style=\"font-weight: 400;\">nettoyage en profondeur<\/span><\/a><span style=\"font-weight: 400;\">, <\/span><a style=\"color: #ffffff;\" href=\"https:\/\/cleanster.ca\/vacation-rental-cleaning-in-austin-tx\/\"><span style=\"font-weight: 400;\">nettoyage de location de vacances<\/span><\/a><span style=\"font-weight: 400;\"> , et bien d&#039;autres encore.<\/span><\/span><\/p>\n<h2><span style=\"color: #ffffff;\"><b>Services de nettoyage d&#039;entreprises et de bureaux\u00a0<\/b><\/span><\/h2>\n<p><span style=\"font-weight: 400; color: #ffffff;\">Un service de nettoyage professionnel en profondeur joue un r\u00f4le essentiel pour pr\u00e9server la sant\u00e9 et l&#039;organisation de vos employ\u00e9s et r\u00e9duire la propagation du virus. Voici quelques services disponibles\u00a0:<\/span><\/p>\n<p><span style=\"color: #ffffff;\"><b>Nettoyage de base<\/b><span style=\"font-weight: 400;\">\u2013 Balayer et nettoyer les sols et essuyer les surfaces. Nous nettoyons les espaces communs comme la cuisine et la salle de bain.<\/span><\/span><\/p>\n<p>&nbsp;<\/p>\n<p><span style=\"color: #ffffff;\"><b>Nettoyage en profondeur<\/b><span style=\"font-weight: 400;\">\u2013 Micro-ondes, passer l&#039;aspirateur sur les meubles rembourr\u00e9s, derri\u00e8re les placards et nettoyer les appareils \u00e9lectrom\u00e9nagers. \u00c9galement polir les sols et les meubles, et d&#039;autres choses.<\/span><\/span><\/p>\n<p>&nbsp;<\/p>\n<p><span style=\"color: #ffffff;\"><b>D\u00e9sinfection en profondeur<\/b><span style=\"font-weight: 400;\">\u2013 Nettoyez les ventilateurs de plafond, les robinets et les poign\u00e9es de porte.<\/span><\/span><\/p>\n<p>&nbsp;<\/p>\n<p><span style=\"color: #ffffff;\"><b>D\u00e9sinfection des surfaces<\/b><span style=\"font-weight: 400;\">\u2013 Claviers, ordinateurs de bureau, souris, accoudoirs de chaise et ordinateurs de bureau.\u00a0<\/span><\/span><\/p>\n<p>&nbsp;<\/p>\n<p><span style=\"color: #ffffff;\"><b>Nettoyage de vitres<\/b><span style=\"font-weight: 400;\">\u2013 Polir toutes les fen\u00eatres et vitres.\u00a0<\/span><\/span><\/p>\n<p>&nbsp;<\/p>\n<p><span style=\"color: #ffffff;\"><b>Nettoyage de stores et de rideaux<\/b><span style=\"font-weight: 400;\">\u2013 Particules de poussi\u00e8re collantes.<\/span><\/span><\/p>\n<p>&nbsp;<\/p>\n<p><span style=\"color: #ffffff;\"><b>Nettoyage de tapis et de sols<\/b><span style=\"font-weight: 400;\">\u2013 D\u00e9barrassez-vous de toutes les bact\u00e9ries, de la poussi\u00e8re et de la d\u00e9sinfection.<\/span><\/span><\/p>\n<p>&nbsp;<\/p>\n<p><span style=\"color: #ffffff;\"><b>Nettoyage de meubles<\/b><span style=\"font-weight: 400;\">\u2013 Bureaux, chaises, tables basses et canap\u00e9s de salon pour se d\u00e9tendre, organiser des r\u00e9unions ou des entretiens.<\/span><\/span><\/p>\n<p>&nbsp;<\/p>\n<h2><span style=\"color: #ffffff;\"><b>Comment obtenir un emploi de nettoyage de bureau ?<\/b><\/span><\/h2>\n<p><span style=\"color: #ffffff;\"><span style=\"font-weight: 400;\">Si vous recherchez un emploi de nettoyage, essayez de trouver votre emploi de nettoyage de bureau via le <\/span><a style=\"color: #ffffff;\" href=\"https:\/\/play.google.com\/store\/apps\/details?id=com.tidyapp.pro\"><span style=\"font-weight: 400;\">Cleanster.com<\/span><\/a><span style=\"font-weight: 400;\">En tant que nettoyeur, si vous poss\u00e9dez les qualit\u00e9s ci-dessous, vous pouvez facilement obtenir un travail de nettoyage aupr\u00e8s de Cleanster.com.\u00a0<\/span><\/span><\/p>\n<p><span style=\"font-weight: 400; color: #ffffff;\">Une certaine exp\u00e9rience en nettoyage est requise.<\/span><\/p>\n<p><span style=\"font-weight: 400; color: #ffffff;\">Vous devez savoir comment utiliser les outils et \u00e9quipements de nettoyage.\u00a0<\/span><\/p>\n<p><span style=\"font-weight: 400; color: #ffffff;\">Comment utiliser un aspirateur portable.<\/span><\/p>\n<p><span style=\"font-weight: 400; color: #ffffff;\">Avoir la capacit\u00e9 de suivre des directives, de travailler avec une supervision minimale et de fonctionner en coop\u00e9ration.<\/span><\/p>\n<h2><span style=\"color: #ffffff;\"><b>Le nettoyeur<span style=\"font-weight: 400;\">.com<\/span> est une application de services de nettoyage de bureaux professionnels qui comprend :<\/b><\/span><\/h2>\n<p><span style=\"font-weight: 400; color: #ffffff;\">Aucun frais cach\u00e9.\u00a0\u00a0<\/span><\/p>\n<p><span style=\"font-weight: 400; color: #ffffff;\">Personnel assur\u00e9 et contr\u00f4l\u00e9<\/span><\/p>\n<p><span style=\"font-weight: 400; color: #ffffff;\">Abordable<\/span><\/p>","protected":false},"excerpt":{"rendered":"<p>The Cleanster.com is the most promising app for office cleaning services near you. With the Cleanster.com, you can book our office cleaning service at a budget-friendly price.\u00a0 The Cleanster.com&#8217;s office cleaning service near you\u00a0 can help you to do your business in a 100% bacteria-free, hygienic, and fresh environment with the help of our experienced [&hellip;]<\/p>\n","protected":false},"author":1,"featured_media":17310,"parent":0,"menu_order":0,"comment_status":"closed","ping_status":"closed","template":"templates\/services.php","meta":{"_acf_changed":false,"footnotes":""},"class_list":["post-6140","page","type-page","status-publish","has-post-thumbnail","hentry","entry"],"acf":[],"yoast_head":"<!-- This site is optimized with the Yoast SEO Premium plugin v26.5 (Yoast SEO v27.4) - https:\/\/yoast.com\/product\/yoast-seo-premium-wordpress\/ -->\n<title>App for office cleaning service - Cleanster.com<\/title>\n<meta name=\"description\" content=\"The smartest way to book, pay, and find office cleaning service near me through our Cleanster.com. It takes only 30 seconds.\" \/>\n<meta name=\"robots\" content=\"index, follow, max-snippet:-1, max-image-preview:large, max-video-preview:-1\" \/>\n<link rel=\"canonical\" href=\"https:\/\/cleanster.com\/fr\/nettoyage-de-bureau-a-proximite\/\" \/>\n<meta property=\"og:locale\" content=\"fr_FR\" \/>\n<meta property=\"og:type\" content=\"article\" \/>\n<meta property=\"og:title\" content=\"Office Cleaning in near me - Cleanster | Cleaning &amp; Maid Services Near You\" \/>\n<meta property=\"og:description\" content=\"The smartest way to book, pay, and find office cleaning service near me through our Cleanster.com. It takes only 30 seconds.\" \/>\n<meta property=\"og:url\" content=\"https:\/\/cleanster.com\/fr\/nettoyage-de-bureau-a-proximite\/\" \/>\n<meta property=\"og:site_name\" content=\"Cleanster | Cleaning &amp; Maid Services Near You\" \/>\n<meta property=\"article:publisher\" content=\"https:\/\/www.facebook.com\/cleansterhq\" \/>\n<meta property=\"article:modified_time\" content=\"2023-11-02T11:42:49+00:00\" \/>\n<meta property=\"og:image\" content=\"https:\/\/cleanster.com\/wp-content\/uploads\/2023\/11\/office-img.jpg\" \/>\n\t<meta property=\"og:image:width\" content=\"950\" \/>\n\t<meta property=\"og:image:height\" content=\"670\" \/>\n\t<meta property=\"og:image:type\" content=\"image\/jpeg\" \/>\n<meta name=\"twitter:card\" content=\"summary_large_image\" \/>\n<meta name=\"twitter:site\" content=\"@cleansterhq\" \/>\n<meta name=\"twitter:label1\" content=\"Dur\u00e9e de lecture estim\u00e9e\" \/>\n\t<meta name=\"twitter:data1\" content=\"2 minutes\" \/>\n<script type=\"application\/ld+json\" class=\"yoast-schema-graph\">{\"@context\":\"https:\\\/\\\/schema.org\",\"@graph\":[{\"@type\":\"WebPage\",\"@id\":\"https:\\\/\\\/cleanster.com\\\/office-cleaning-near-me\\\/\",\"url\":\"https:\\\/\\\/cleanster.com\\\/office-cleaning-near-me\\\/\",\"name\":\"App for office cleaning service - Cleanster.com\",\"isPartOf\":{\"@id\":\"https:\\\/\\\/cleanster.com\\\/#website\"},\"primaryImageOfPage\":{\"@id\":\"https:\\\/\\\/cleanster.com\\\/office-cleaning-near-me\\\/#primaryimage\"},\"image\":{\"@id\":\"https:\\\/\\\/cleanster.com\\\/office-cleaning-near-me\\\/#primaryimage\"},\"thumbnailUrl\":\"https:\\\/\\\/cleanster.com\\\/wp-content\\\/uploads\\\/2023\\\/11\\\/office-img.jpg\",\"datePublished\":\"2022-10-26T16:57:23+00:00\",\"dateModified\":\"2023-11-02T11:42:49+00:00\",\"description\":\"The smartest way to book, pay, and find office cleaning service near me through our Cleanster.com. It takes only 30 seconds.\",\"inLanguage\":\"fr-FR\",\"potentialAction\":[{\"@type\":\"ReadAction\",\"target\":[\"https:\\\/\\\/cleanster.com\\\/office-cleaning-near-me\\\/\"]}]},{\"@type\":\"ImageObject\",\"inLanguage\":\"fr-FR\",\"@id\":\"https:\\\/\\\/cleanster.com\\\/office-cleaning-near-me\\\/#primaryimage\",\"url\":\"https:\\\/\\\/cleanster.com\\\/wp-content\\\/uploads\\\/2023\\\/11\\\/office-img.jpg\",\"contentUrl\":\"https:\\\/\\\/cleanster.com\\\/wp-content\\\/uploads\\\/2023\\\/11\\\/office-img.jpg\",\"width\":950,\"height\":670},{\"@type\":\"WebSite\",\"@id\":\"https:\\\/\\\/cleanster.com\\\/#website\",\"url\":\"https:\\\/\\\/cleanster.com\\\/\",\"name\":\"Cleanster | Cleaning & Maid Services Near You\",\"description\":\"Instantly find &amp; book trusted cleaners for homes, apartment, Airbnb, and offices. Cleanster offers affordable maid, housekeeping, and commercial cleaning services near you.\",\"publisher\":{\"@id\":\"https:\\\/\\\/cleanster.com\\\/#organization\"},\"alternateName\":\"Cleanster | Cleaning, Maid & Housekeeping Services for Everyone\",\"potentialAction\":[{\"@type\":\"SearchAction\",\"target\":{\"@type\":\"EntryPoint\",\"urlTemplate\":\"https:\\\/\\\/cleanster.com\\\/?s={search_term_string}\"},\"query-input\":{\"@type\":\"PropertyValueSpecification\",\"valueRequired\":true,\"valueName\":\"search_term_string\"}}],\"inLanguage\":\"fr-FR\"},{\"@type\":\"Organization\",\"@id\":\"https:\\\/\\\/cleanster.com\\\/#organization\",\"name\":\"Cleanster\",\"alternateName\":\"Cleanster.com\",\"url\":\"https:\\\/\\\/cleanster.com\\\/\",\"logo\":{\"@type\":\"ImageObject\",\"inLanguage\":\"fr-FR\",\"@id\":\"https:\\\/\\\/cleanster.com\\\/#\\\/schema\\\/logo\\\/image\\\/\",\"url\":\"https:\\\/\\\/cleanster.com\\\/wp-content\\\/uploads\\\/2025\\\/06\\\/Cleanster-Logo-1.svg\",\"contentUrl\":\"https:\\\/\\\/cleanster.com\\\/wp-content\\\/uploads\\\/2025\\\/06\\\/Cleanster-Logo-1.svg\",\"width\":1,\"height\":1,\"caption\":\"Cleanster\"},\"image\":{\"@id\":\"https:\\\/\\\/cleanster.com\\\/#\\\/schema\\\/logo\\\/image\\\/\"},\"sameAs\":[\"https:\\\/\\\/www.facebook.com\\\/cleansterhq\",\"https:\\\/\\\/x.com\\\/cleansterhq\",\"https:\\\/\\\/www.linkedin.com\\\/company\\\/cleansterhq\",\"https:\\\/\\\/www.instagram.com\\\/cleansterhq\",\"https:\\\/\\\/vm.tiktok.com\\\/ZM8vHmcuo\\\/\",\"https:\\\/\\\/www.clubhouse.com\\\/club\\\/cleanstercom\"],\"description\":\"Cleanster is an AI-powered cleaning services platform that connects Airbnb hosts, property managers, and commercial clients with vetted, on-demand cleaners. We offer apartment, house, Airbnb, commercial, and janitorial cleaning services. With a network of over 100,000 professionals across the US, Canada, and the UK, Cleanster delivers fast, reliable, and tech-enabled cleaning at scale.\",\"email\":\"support@cleanster.com\",\"telephone\":\"+1 (888) 788-2445\",\"legalName\":\"Cleanster, Inc.\",\"foundingDate\":\"2019-05-06\",\"duns\":\"118328526\",\"naics\":\"541511\",\"numberOfEmployees\":{\"@type\":\"QuantitativeValue\",\"minValue\":\"11\",\"maxValue\":\"50\"}}]}<\/script>\n<!-- \/ Yoast SEO Premium plugin. -->","yoast_head_json":{"title":"Application pour le service de nettoyage de bureau - Cleanster.com","description":"La fa\u00e7on la plus intelligente de r\u00e9server, de payer et de trouver un service de nettoyage de bureau pr\u00e8s de chez moi via notre Cleanster.com. Cela ne prend que 30 secondes.","robots":{"index":"index","follow":"follow","max-snippet":"max-snippet:-1","max-image-preview":"max-image-preview:large","max-video-preview":"max-video-preview:-1"},"canonical":"https:\/\/cleanster.com\/fr\/nettoyage-de-bureau-a-proximite\/","og_locale":"fr_FR","og_type":"article","og_title":"Office Cleaning in near me - Cleanster | Cleaning &amp; Maid Services Near You","og_description":"The smartest way to book, pay, and find office cleaning service near me through our Cleanster.com. It takes only 30 seconds.","og_url":"https:\/\/cleanster.com\/fr\/nettoyage-de-bureau-a-proximite\/","og_site_name":"Cleanster | Cleaning &amp; Maid Services Near You","article_publisher":"https:\/\/www.facebook.com\/cleansterhq","article_modified_time":"2023-11-02T11:42:49+00:00","og_image":[{"width":950,"height":670,"url":"https:\/\/cleanster.com\/wp-content\/uploads\/2023\/11\/office-img.jpg","type":"image\/jpeg"}],"twitter_card":"summary_large_image","twitter_site":"@cleansterhq","twitter_misc":{"Dur\u00e9e de lecture estim\u00e9e":"2 minutes"},"schema":{"@context":"https:\/\/schema.org","@graph":[{"@type":"WebPage","@id":"https:\/\/cleanster.com\/office-cleaning-near-me\/","url":"https:\/\/cleanster.com\/office-cleaning-near-me\/","name":"Application pour le service de nettoyage de bureau - Cleanster.com","isPartOf":{"@id":"https:\/\/cleanster.com\/#website"},"primaryImageOfPage":{"@id":"https:\/\/cleanster.com\/office-cleaning-near-me\/#primaryimage"},"image":{"@id":"https:\/\/cleanster.com\/office-cleaning-near-me\/#primaryimage"},"thumbnailUrl":"https:\/\/cleanster.com\/wp-content\/uploads\/2023\/11\/office-img.jpg","datePublished":"2022-10-26T16:57:23+00:00","dateModified":"2023-11-02T11:42:49+00:00","description":"La fa\u00e7on la plus intelligente de r\u00e9server, de payer et de trouver un service de nettoyage de bureau pr\u00e8s de chez moi via notre Cleanster.com. Cela ne prend que 30 secondes.","inLanguage":"fr-FR","potentialAction":[{"@type":"ReadAction","target":["https:\/\/cleanster.com\/office-cleaning-near-me\/"]}]},{"@type":"ImageObject","inLanguage":"fr-FR","@id":"https:\/\/cleanster.com\/office-cleaning-near-me\/#primaryimage","url":"https:\/\/cleanster.com\/wp-content\/uploads\/2023\/11\/office-img.jpg","contentUrl":"https:\/\/cleanster.com\/wp-content\/uploads\/2023\/11\/office-img.jpg","width":950,"height":670},{"@type":"WebSite","@id":"https:\/\/cleanster.com\/#website","url":"https:\/\/cleanster.com\/","name":"Cleanster | Services de nettoyage et de m\u00e9nage pr\u00e8s de chez vous","description":"Trouvez et r\u00e9servez instantan\u00e9ment des services de nettoyage de confiance pour vos maisons, appartements, Airbnb et bureaux. Cleanster propose des services de m\u00e9nage, d&#039;entretien m\u00e9nager et de nettoyage commercial abordables pr\u00e8s de chez vous.","publisher":{"@id":"https:\/\/cleanster.com\/#organization"},"alternateName":"Cleanster | Cleaning, Maid & Housekeeping Services for Everyone","potentialAction":[{"@type":"SearchAction","target":{"@type":"EntryPoint","urlTemplate":"https:\/\/cleanster.com\/?s={search_term_string}"},"query-input":{"@type":"PropertyValueSpecification","valueRequired":true,"valueName":"search_term_string"}}],"inLanguage":"fr-FR"},{"@type":"Organization","@id":"https:\/\/cleanster.com\/#organization","name":"Nettoyant","alternateName":"Cleanster.com","url":"https:\/\/cleanster.com\/","logo":{"@type":"ImageObject","inLanguage":"fr-FR","@id":"https:\/\/cleanster.com\/#\/schema\/logo\/image\/","url":"https:\/\/cleanster.com\/wp-content\/uploads\/2025\/06\/Cleanster-Logo-1.svg","contentUrl":"https:\/\/cleanster.com\/wp-content\/uploads\/2025\/06\/Cleanster-Logo-1.svg","width":1,"height":1,"caption":"Cleanster"},"image":{"@id":"https:\/\/cleanster.com\/#\/schema\/logo\/image\/"},"sameAs":["https:\/\/www.facebook.com\/cleansterhq","https:\/\/x.com\/cleansterhq","https:\/\/www.linkedin.com\/company\/cleansterhq","https:\/\/www.instagram.com\/cleansterhq","https:\/\/vm.tiktok.com\/ZM8vHmcuo\/","https:\/\/www.clubhouse.com\/club\/cleanstercom"],"description":"Cleanster est une plateforme de services de nettoyage optimis\u00e9e par l&#039;IA qui met en relation les h\u00f4tes Airbnb, les gestionnaires immobiliers et les clients commerciaux avec des agents de nettoyage qualifi\u00e9s et \u00e0 la demande. Nous proposons des services de nettoyage d&#039;appartements, de maisons, de logements Airbnb, de locaux commerciaux et de conciergerie. Avec un r\u00e9seau de plus de 100\u00a0000 professionnels aux \u00c9tats-Unis, au Canada et au Royaume-Uni, Cleanster offre un nettoyage rapide, fiable et technologique \u00e0 grande \u00e9chelle.","email":"support@cleanster.com","telephone":"+1 (888) 788-2445","legalName":"Cleanster, Inc.","foundingDate":"2019-05-06","duns":"118328526","naics":"541511","numberOfEmployees":{"@type":"QuantitativeValue","minValue":"11","maxValue":"50"}}]}},"_links":{"self":[{"href":"https:\/\/cleanster.com\/fr\/wp-json\/wp\/v2\/pages\/6140","targetHints":{"allow":["GET"]}}],"collection":[{"href":"https:\/\/cleanster.com\/fr\/wp-json\/wp\/v2\/pages"}],"about":[{"href":"https:\/\/cleanster.com\/fr\/wp-json\/wp\/v2\/types\/page"}],"author":[{"embeddable":true,"href":"https:\/\/cleanster.com\/fr\/wp-json\/wp\/v2\/users\/1"}],"replies":[{"embeddable":true,"href":"https:\/\/cleanster.com\/fr\/wp-json\/wp\/v2\/comments?post=6140"}],"version-history":[{"count":0,"href":"https:\/\/cleanster.com\/fr\/wp-json\/wp\/v2\/pages\/6140\/revisions"}],"wp:featuredmedia":[{"embeddable":true,"href":"https:\/\/cleanster.com\/fr\/wp-json\/wp\/v2\/media\/17310"}],"wp:attachment":[{"href":"https:\/\/cleanster.com\/fr\/wp-json\/wp\/v2\/media?parent=6140"}],"curies":[{"name":"wp","href":"https:\/\/api.w.org\/{rel}","templated":true}]}}