{"id":6184,"date":"2022-10-26T17:26:03","date_gmt":"2022-10-26T17:26:03","guid":{"rendered":"http:\/\/cleanster.ca\/?page_id=6184"},"modified":"2025-10-09T20:49:02","modified_gmt":"2025-10-09T20:49:02","slug":"nettoyage-airbnb-a-philadelphie-pa-2","status":"publish","type":"page","link":"https:\/\/cleanster.com\/fr\/nettoyage-airbnb-a-philadelphie-pa-2\/","title":{"rendered":"Nettoyage Airbnb \u00e0 Philadelphie, Pennsylvanie"},"content":{"rendered":"<h2><span style=\"color: #ffffff;\"><span style=\"font-weight: 400;\">Application pour le service de nettoyage Airbnb en <\/span><span style=\"font-weight: 400;\">Philadelphie, Pennsylvanie<\/span><\/span><\/h2>\n<p><span style=\"color: #ffffff;\"><span style=\"font-weight: 400;\">Gardez votre propri\u00e9t\u00e9 propre et organis\u00e9e afin de pouvoir augmenter la note ou l&#039;avis de votre client en utilisant notre application de nettoyage Airbnb dans <\/span><span style=\"font-weight: 400;\">Philadelphie PA<\/span><b>. <\/b><span style=\"font-weight: 400;\">En utilisant le<\/span><a style=\"color: #ffffff;\" href=\"https:\/\/cleanster.ca\/\"> Cleanster.com<span style=\"font-weight: 400;\">\u00a0application<\/span><\/a><span style=\"font-weight: 400;\"> pour l&#039;application de nettoyage Airbnb, vous pouvez obtenir un excellent nettoyage de qualit\u00e9 professionnelle pour votre logement afin de garantir que vos clients sont satisfaits de votre professionnalisme d&#039;h\u00e9bergement. En tant qu&#039;entrepreneur ou propri\u00e9taire, d\u00e9marrer votre entreprise avec le <a style=\"color: #ffffff;\" href=\"https:\/\/cleanster.com\/\">Cleanster.com<\/a> cela vous serait b\u00e9n\u00e9fique et cela peut \u00eatre un bon choix pour votre entreprise. The Cleanster.com <\/span><b>L&#039;application rend les choses faciles et garde tout professionnel. <\/b><span style=\"font-weight: 400;\">Maintenant, nous servons l&#039;ensemble<\/span> <a style=\"color: #ffffff;\" href=\"https:\/\/en.wikipedia.org\/wiki\/Philadelphia\"><span style=\"font-weight: 400;\">Philadelphie, Pennsylvanie<\/span><\/a><\/span><\/p>\n<p><span style=\"color: #ffffff;\"><span style=\"font-weight: 400;\">Donc, si vous recherchez un service de nettoyage Airbnb \u00e0 <\/span><span style=\"font-weight: 400;\">Philadelphie, Pennsylvanie<\/span><b>, ne le faites pas<\/b><span style=\"font-weight: 400;\">\u00a0h\u00e9siter.<\/span><\/span><\/p>\n<h2><span style=\"font-weight: 400; color: #ffffff;\">Application Emplois de nettoyage Airbnb<\/span><\/h2>\n<p><span style=\"color: #ffffff;\"><b>Le travail du m\u00e9nage Airbnb<\/b><span style=\"font-weight: 400;\"> est de nettoyer votre propri\u00e9t\u00e9 en utilisant des produits et des proc\u00e9d\u00e9s de nettoyage uniques.<\/span><\/span><\/p>\n<p><span style=\"font-weight: 400; color: #ffffff;\">Cela vous aidera \u00e0 respecter votre planning.<\/span><\/p>\n<p><span style=\"font-weight: 400; color: #ffffff;\">\u00a0Vous pouvez effectuer des inspections immobili\u00e8res mobiles pour faire gagner du temps \u00e0 vos gestionnaires immobiliers sur les locations de vacances.\u00a0<\/span><\/p>\n<p><span style=\"font-weight: 400; color: #ffffff;\">Vous pouvez int\u00e9grer vos ic\u00f4nes de statut pour suivre les notes, les photos, les enregistrements VIP et les d\u00e9parts tardifs.<\/span><\/p>\n<p><span style=\"font-weight: 400; color: #ffffff;\">Facilitez les choses pour les entreprises d\u2019entretien m\u00e9nager et les soci\u00e9t\u00e9s de gestion immobili\u00e8re.<\/span><\/p>\n<h2><span style=\"font-weight: 400; color: #ffffff;\">Application de calendrier de nettoyage Cleanster.com<\/span><\/h2>\n<p><span style=\"font-weight: 400; color: #ffffff;\">Si vous ne souhaitez pas envoyer votre calendrier par e-mail au nettoyeur pour \u00e9viter de saisir les dates et de les mettre \u00e0 jour, essayez Cleanster.com. Cleanster.com vous aidera \u00e0 synchroniser votre compte Airbnb. En utilisant notre Cleanster.com, vous pouvez utiliser des images pour que le nettoyeur sache \u00e0 quoi faire attention et les lui envoyer. Envoyez le lien de votre calendrier Airbnb \u00e0 votre nettoyeur pour conna\u00eetre les dates de r\u00e9servation.<\/span><\/p>\n<h2><span style=\"font-weight: 400; color: #ffffff;\">Liste de contr\u00f4le de nettoyage Airbnb de Cleanster.com<\/span><\/h2>\n<p><span style=\"font-weight: 400; color: #ffffff;\">Nos nettoyeurs professionnels nettoieront et d\u00e9sinfecteront en profondeur chaque meuble et appareil \u00e9lectronique, laveront et changeront les draps et les serviettes, fabriqueront des lits de style h\u00f4telier et nettoieront en profondeur la cuisine et la salle de bain. Ils balayeront et passeront la serpilli\u00e8re sur les sols et passeront l&#039;aspirateur sur les tapis. Sortir les poubelles. Remplissez les produits essentiels, les articles de toilette et les miroirs propres et lumineux. Nous sommes d\u00e9vou\u00e9s et tr\u00e8s comp\u00e9tents pour fournir des r\u00e9sultats de nettoyage de haute qualit\u00e9.<\/span><\/p>","protected":false},"excerpt":{"rendered":"<p>App for Airbnb cleaning service in Philadelphia, PA Keep your property clean and organized so you can increase your client&#8217;s rating or review by using our Airbnb cleaning app in Philadelphia PA. Using the Cleanster.com\u00a0app for Airbnb cleaning app, you can get excellent and professional-grade cleaning for your place to ensure your customers are satisfied [&hellip;]<\/p>\n","protected":false},"author":1,"featured_media":16058,"parent":0,"menu_order":0,"comment_status":"closed","ping_status":"closed","template":"templates\/services.php","meta":{"_acf_changed":false,"footnotes":""},"class_list":["post-6184","page","type-page","status-publish","has-post-thumbnail","hentry","entry"],"acf":[],"yoast_head":"<!-- This site is optimized with the Yoast SEO Premium plugin v26.5 (Yoast SEO v27.3) - https:\/\/yoast.com\/product\/yoast-seo-premium-wordpress\/ -->\n<title>App for Airbnb cleaning service in Philadelphia, PA- Cleanster<\/title>\n<meta name=\"description\" content=\"The smartest way to book, pay, and find App for Airbnb cleaning service in Philadelphia, PA through our Cleanster.com.\" \/>\n<meta name=\"robots\" content=\"index, follow, max-snippet:-1, max-image-preview:large, max-video-preview:-1\" \/>\n<link rel=\"canonical\" href=\"https:\/\/cleanster.com\/fr\/nettoyage-airbnb-a-philadelphie-pa-2\/\" \/>\n<meta property=\"og:locale\" content=\"fr_FR\" \/>\n<meta property=\"og:type\" content=\"article\" \/>\n<meta property=\"og:title\" content=\"Airbnb Cleaning in Philadelphia, PA - Cleanster | Cleaning &amp; Maid Services Near You\" \/>\n<meta property=\"og:description\" content=\"The smartest way to book, pay, and find App for Airbnb cleaning service in Philadelphia, PA through our Cleanster.com.\" \/>\n<meta property=\"og:url\" content=\"https:\/\/cleanster.com\/fr\/nettoyage-airbnb-a-philadelphie-pa-2\/\" \/>\n<meta property=\"og:site_name\" content=\"Cleanster | Cleaning &amp; Maid Services Near You\" \/>\n<meta property=\"article:publisher\" content=\"https:\/\/www.facebook.com\/cleansterhq\" \/>\n<meta property=\"article:modified_time\" content=\"2025-10-09T20:49:02+00:00\" \/>\n<meta property=\"og:image\" content=\"https:\/\/cleanster.com\/wp-content\/uploads\/2023\/10\/airbnb-img.jpg\" \/>\n\t<meta property=\"og:image:width\" content=\"950\" \/>\n\t<meta property=\"og:image:height\" content=\"670\" \/>\n\t<meta property=\"og:image:type\" content=\"image\/jpeg\" \/>\n<meta name=\"twitter:card\" content=\"summary_large_image\" \/>\n<meta name=\"twitter:site\" content=\"@cleansterhq\" \/>\n<meta name=\"twitter:label1\" content=\"Dur\u00e9e de lecture estim\u00e9e\" \/>\n\t<meta name=\"twitter:data1\" content=\"2 minutes\" \/>\n<script type=\"application\/ld+json\" class=\"yoast-schema-graph\">{\"@context\":\"https:\\\/\\\/schema.org\",\"@graph\":[{\"@type\":\"WebPage\",\"@id\":\"https:\\\/\\\/cleanster.com\\\/airbnb-cleaning-in-philadelphia-pa\\\/\",\"url\":\"https:\\\/\\\/cleanster.com\\\/airbnb-cleaning-in-philadelphia-pa\\\/\",\"name\":\"App for Airbnb cleaning service in Philadelphia, PA- Cleanster\",\"isPartOf\":{\"@id\":\"https:\\\/\\\/cleanster.com\\\/#website\"},\"primaryImageOfPage\":{\"@id\":\"https:\\\/\\\/cleanster.com\\\/airbnb-cleaning-in-philadelphia-pa\\\/#primaryimage\"},\"image\":{\"@id\":\"https:\\\/\\\/cleanster.com\\\/airbnb-cleaning-in-philadelphia-pa\\\/#primaryimage\"},\"thumbnailUrl\":\"https:\\\/\\\/cleanster.com\\\/wp-content\\\/uploads\\\/2023\\\/10\\\/airbnb-img.jpg\",\"datePublished\":\"2022-10-26T17:26:03+00:00\",\"dateModified\":\"2025-10-09T20:49:02+00:00\",\"description\":\"The smartest way to book, pay, and find App for Airbnb cleaning service in Philadelphia, PA through our Cleanster.com.\",\"inLanguage\":\"fr-FR\",\"potentialAction\":[{\"@type\":\"ReadAction\",\"target\":[\"https:\\\/\\\/cleanster.com\\\/airbnb-cleaning-in-philadelphia-pa\\\/\"]}]},{\"@type\":\"ImageObject\",\"inLanguage\":\"fr-FR\",\"@id\":\"https:\\\/\\\/cleanster.com\\\/airbnb-cleaning-in-philadelphia-pa\\\/#primaryimage\",\"url\":\"https:\\\/\\\/cleanster.com\\\/wp-content\\\/uploads\\\/2023\\\/10\\\/airbnb-img.jpg\",\"contentUrl\":\"https:\\\/\\\/cleanster.com\\\/wp-content\\\/uploads\\\/2023\\\/10\\\/airbnb-img.jpg\",\"width\":950,\"height\":670},{\"@type\":\"WebSite\",\"@id\":\"https:\\\/\\\/cleanster.com\\\/#website\",\"url\":\"https:\\\/\\\/cleanster.com\\\/\",\"name\":\"Cleanster | Cleaning & Maid Services Near You\",\"description\":\"Instantly find &amp; book trusted cleaners for homes, apartment, Airbnb, and offices. Cleanster offers affordable maid, housekeeping, and commercial cleaning services near you.\",\"publisher\":{\"@id\":\"https:\\\/\\\/cleanster.com\\\/#organization\"},\"alternateName\":\"Cleanster | Cleaning, Maid & Housekeeping Services for Everyone\",\"potentialAction\":[{\"@type\":\"SearchAction\",\"target\":{\"@type\":\"EntryPoint\",\"urlTemplate\":\"https:\\\/\\\/cleanster.com\\\/?s={search_term_string}\"},\"query-input\":{\"@type\":\"PropertyValueSpecification\",\"valueRequired\":true,\"valueName\":\"search_term_string\"}}],\"inLanguage\":\"fr-FR\"},{\"@type\":\"Organization\",\"@id\":\"https:\\\/\\\/cleanster.com\\\/#organization\",\"name\":\"Cleanster\",\"alternateName\":\"Cleanster.com\",\"url\":\"https:\\\/\\\/cleanster.com\\\/\",\"logo\":{\"@type\":\"ImageObject\",\"inLanguage\":\"fr-FR\",\"@id\":\"https:\\\/\\\/cleanster.com\\\/#\\\/schema\\\/logo\\\/image\\\/\",\"url\":\"https:\\\/\\\/cleanster.com\\\/wp-content\\\/uploads\\\/2025\\\/06\\\/Cleanster-Logo-1.svg\",\"contentUrl\":\"https:\\\/\\\/cleanster.com\\\/wp-content\\\/uploads\\\/2025\\\/06\\\/Cleanster-Logo-1.svg\",\"width\":1,\"height\":1,\"caption\":\"Cleanster\"},\"image\":{\"@id\":\"https:\\\/\\\/cleanster.com\\\/#\\\/schema\\\/logo\\\/image\\\/\"},\"sameAs\":[\"https:\\\/\\\/www.facebook.com\\\/cleansterhq\",\"https:\\\/\\\/x.com\\\/cleansterhq\",\"https:\\\/\\\/www.linkedin.com\\\/company\\\/cleansterhq\",\"https:\\\/\\\/www.instagram.com\\\/cleansterhq\",\"https:\\\/\\\/vm.tiktok.com\\\/ZM8vHmcuo\\\/\",\"https:\\\/\\\/www.clubhouse.com\\\/club\\\/cleanstercom\"],\"description\":\"Cleanster is an AI-powered cleaning services platform that connects Airbnb hosts, property managers, and commercial clients with vetted, on-demand cleaners. We offer apartment, house, Airbnb, commercial, and janitorial cleaning services. With a network of over 100,000 professionals across the US, Canada, and the UK, Cleanster delivers fast, reliable, and tech-enabled cleaning at scale.\",\"email\":\"support@cleanster.com\",\"telephone\":\"+1 (888) 788-2445\",\"legalName\":\"Cleanster, Inc.\",\"foundingDate\":\"2019-05-06\",\"duns\":\"118328526\",\"naics\":\"541511\",\"numberOfEmployees\":{\"@type\":\"QuantitativeValue\",\"minValue\":\"11\",\"maxValue\":\"50\"}}]}<\/script>\n<!-- \/ Yoast SEO Premium plugin. -->","yoast_head_json":{"title":"Application pour le service de nettoyage Airbnb \u00e0 Philadelphie, PA - Cleanster","description":"Le moyen le plus intelligent de r\u00e9server, de payer et de trouver une application pour le service de nettoyage Airbnb \u00e0 Philadelphie, en Pennsylvanie, via notre Cleanster.com.","robots":{"index":"index","follow":"follow","max-snippet":"max-snippet:-1","max-image-preview":"max-image-preview:large","max-video-preview":"max-video-preview:-1"},"canonical":"https:\/\/cleanster.com\/fr\/nettoyage-airbnb-a-philadelphie-pa-2\/","og_locale":"fr_FR","og_type":"article","og_title":"Airbnb Cleaning in Philadelphia, PA - Cleanster | Cleaning &amp; Maid Services Near You","og_description":"The smartest way to book, pay, and find App for Airbnb cleaning service in Philadelphia, PA through our Cleanster.com.","og_url":"https:\/\/cleanster.com\/fr\/nettoyage-airbnb-a-philadelphie-pa-2\/","og_site_name":"Cleanster | Cleaning &amp; Maid Services Near You","article_publisher":"https:\/\/www.facebook.com\/cleansterhq","article_modified_time":"2025-10-09T20:49:02+00:00","og_image":[{"width":950,"height":670,"url":"https:\/\/cleanster.com\/wp-content\/uploads\/2023\/10\/airbnb-img.jpg","type":"image\/jpeg"}],"twitter_card":"summary_large_image","twitter_site":"@cleansterhq","twitter_misc":{"Dur\u00e9e de lecture estim\u00e9e":"2 minutes"},"schema":{"@context":"https:\/\/schema.org","@graph":[{"@type":"WebPage","@id":"https:\/\/cleanster.com\/airbnb-cleaning-in-philadelphia-pa\/","url":"https:\/\/cleanster.com\/airbnb-cleaning-in-philadelphia-pa\/","name":"Application pour le service de nettoyage Airbnb \u00e0 Philadelphie, PA - Cleanster","isPartOf":{"@id":"https:\/\/cleanster.com\/#website"},"primaryImageOfPage":{"@id":"https:\/\/cleanster.com\/airbnb-cleaning-in-philadelphia-pa\/#primaryimage"},"image":{"@id":"https:\/\/cleanster.com\/airbnb-cleaning-in-philadelphia-pa\/#primaryimage"},"thumbnailUrl":"https:\/\/cleanster.com\/wp-content\/uploads\/2023\/10\/airbnb-img.jpg","datePublished":"2022-10-26T17:26:03+00:00","dateModified":"2025-10-09T20:49:02+00:00","description":"Le moyen le plus intelligent de r\u00e9server, de payer et de trouver une application pour le service de nettoyage Airbnb \u00e0 Philadelphie, en Pennsylvanie, via notre Cleanster.com.","inLanguage":"fr-FR","potentialAction":[{"@type":"ReadAction","target":["https:\/\/cleanster.com\/airbnb-cleaning-in-philadelphia-pa\/"]}]},{"@type":"ImageObject","inLanguage":"fr-FR","@id":"https:\/\/cleanster.com\/airbnb-cleaning-in-philadelphia-pa\/#primaryimage","url":"https:\/\/cleanster.com\/wp-content\/uploads\/2023\/10\/airbnb-img.jpg","contentUrl":"https:\/\/cleanster.com\/wp-content\/uploads\/2023\/10\/airbnb-img.jpg","width":950,"height":670},{"@type":"WebSite","@id":"https:\/\/cleanster.com\/#website","url":"https:\/\/cleanster.com\/","name":"Cleanster | Services de nettoyage et de m\u00e9nage pr\u00e8s de chez vous","description":"Trouvez et r\u00e9servez instantan\u00e9ment des services de nettoyage de confiance pour vos maisons, appartements, Airbnb et bureaux. Cleanster propose des services de m\u00e9nage, d&#039;entretien m\u00e9nager et de nettoyage commercial abordables pr\u00e8s de chez vous.","publisher":{"@id":"https:\/\/cleanster.com\/#organization"},"alternateName":"Cleanster | Cleaning, Maid & Housekeeping Services for Everyone","potentialAction":[{"@type":"SearchAction","target":{"@type":"EntryPoint","urlTemplate":"https:\/\/cleanster.com\/?s={search_term_string}"},"query-input":{"@type":"PropertyValueSpecification","valueRequired":true,"valueName":"search_term_string"}}],"inLanguage":"fr-FR"},{"@type":"Organization","@id":"https:\/\/cleanster.com\/#organization","name":"Nettoyant","alternateName":"Cleanster.com","url":"https:\/\/cleanster.com\/","logo":{"@type":"ImageObject","inLanguage":"fr-FR","@id":"https:\/\/cleanster.com\/#\/schema\/logo\/image\/","url":"https:\/\/cleanster.com\/wp-content\/uploads\/2025\/06\/Cleanster-Logo-1.svg","contentUrl":"https:\/\/cleanster.com\/wp-content\/uploads\/2025\/06\/Cleanster-Logo-1.svg","width":1,"height":1,"caption":"Cleanster"},"image":{"@id":"https:\/\/cleanster.com\/#\/schema\/logo\/image\/"},"sameAs":["https:\/\/www.facebook.com\/cleansterhq","https:\/\/x.com\/cleansterhq","https:\/\/www.linkedin.com\/company\/cleansterhq","https:\/\/www.instagram.com\/cleansterhq","https:\/\/vm.tiktok.com\/ZM8vHmcuo\/","https:\/\/www.clubhouse.com\/club\/cleanstercom"],"description":"Cleanster est une plateforme de services de nettoyage optimis\u00e9e par l&#039;IA qui met en relation les h\u00f4tes Airbnb, les gestionnaires immobiliers et les clients commerciaux avec des agents de nettoyage qualifi\u00e9s et \u00e0 la demande. Nous proposons des services de nettoyage d&#039;appartements, de maisons, de logements Airbnb, de locaux commerciaux et de conciergerie. Avec un r\u00e9seau de plus de 100\u00a0000 professionnels aux \u00c9tats-Unis, au Canada et au Royaume-Uni, Cleanster offre un nettoyage rapide, fiable et technologique \u00e0 grande \u00e9chelle.","email":"support@cleanster.com","telephone":"+1 (888) 788-2445","legalName":"Cleanster, Inc.","foundingDate":"2019-05-06","duns":"118328526","naics":"541511","numberOfEmployees":{"@type":"QuantitativeValue","minValue":"11","maxValue":"50"}}]}},"_links":{"self":[{"href":"https:\/\/cleanster.com\/fr\/wp-json\/wp\/v2\/pages\/6184","targetHints":{"allow":["GET"]}}],"collection":[{"href":"https:\/\/cleanster.com\/fr\/wp-json\/wp\/v2\/pages"}],"about":[{"href":"https:\/\/cleanster.com\/fr\/wp-json\/wp\/v2\/types\/page"}],"author":[{"embeddable":true,"href":"https:\/\/cleanster.com\/fr\/wp-json\/wp\/v2\/users\/1"}],"replies":[{"embeddable":true,"href":"https:\/\/cleanster.com\/fr\/wp-json\/wp\/v2\/comments?post=6184"}],"version-history":[{"count":0,"href":"https:\/\/cleanster.com\/fr\/wp-json\/wp\/v2\/pages\/6184\/revisions"}],"wp:featuredmedia":[{"embeddable":true,"href":"https:\/\/cleanster.com\/fr\/wp-json\/wp\/v2\/media\/16058"}],"wp:attachment":[{"href":"https:\/\/cleanster.com\/fr\/wp-json\/wp\/v2\/media?parent=6184"}],"curies":[{"name":"wp","href":"https:\/\/api.w.org\/{rel}","templated":true}]}}