{"id":79,"date":"2023-08-08T07:17:55","date_gmt":"2023-08-08T07:17:55","guid":{"rendered":"https:\/\/cleanster.com\/?page_id=79"},"modified":"2026-02-25T19:20:19","modified_gmt":"2026-02-25T19:20:19","slug":"services-de-nettoyage-dappartements-2","status":"publish","type":"page","link":"https:\/\/cleanster.com\/fr\/services-de-nettoyage-dappartements-2\/","title":{"rendered":"Services de nettoyage d&#039;appartements"},"content":{"rendered":"<h2><span style=\"color: #ffffff;\">Quels sont les meilleurs services de nettoyage d&#039;appartement dans ma r\u00e9gion ?<\/span><\/h2>\n<p><span style=\"color: #ffffff;\">Proposition d&#039;avantages r\u00e9sidentiels pour les personnes en situation de propret\u00e9<\/span><\/p>\n<h2><span style=\"color: #ffffff;\">Aper\u00e7u<\/span><\/h2>\n<h2><span style=\"color: #ffffff;\">Cleanster est une plateforme de nettoyage fiable qui compte plus de 15\u00a0000 clients satisfaits aux \u00c9tats-Unis. Avec Cleanster, les r\u00e9sidents peuvent r\u00e9server instantan\u00e9ment des services de nettoyage professionnels pour leur appartement ou leur copropri\u00e9t\u00e9, avec notre garantie de satisfaction 100%. Qu&#039;il s&#039;agisse d&#039;un rafra\u00eechissement ponctuel, d&#039;un nettoyage en profondeur, d&#039;un d\u00e9m\u00e9nagement ou d&#039;un service r\u00e9current, Cleanster simplifie la vie.<\/span><\/h2>\n<h2><\/h2>\n<h2><span style=\"color: #ffffff;\">Avantage propos\u00e9 aux r\u00e9sidents<\/span><\/h2>\n<p style=\"font-weight: 400;\"><span style=\"color: #ffffff;\">\u00ab Bienvenue chez vous avec Cleanster \u00bb \u2013 Profitez d&#039;avantages exclusifs gr\u00e2ce \u00e0 la plateforme Cleanster, notamment\u00a0:<\/span><br \/>\n<span style=\"color: #ffffff;\">\u2013 30% de r\u00e9duction sur votre premier nettoyage \u00e0 partir de $99<\/span><br \/>\n<span style=\"color: #ffffff;\">\u2013 $25 Cleanster Cash pour votre prochaine r\u00e9servation<\/span><br \/>\n<span style=\"color: #ffffff;\">\u2013 R\u00e9servation en temps r\u00e9el avec des nettoyeurs professionnels enti\u00e8rement contr\u00f4l\u00e9s<\/span><br \/>\n<span style=\"color: #ffffff;\">\u2013 Tarification transparente et devis instantan\u00e9s<\/span><br \/>\n<span style=\"color: #ffffff;\">\u2013 S\u00e9lection de nettoyeur personnalis\u00e9 en fonction de la note et de la disponibilit\u00e9, avec la possibilit\u00e9 de r\u00e9server \u00e0 nouveau le m\u00eame nettoyeur ou d\u2019en essayer un nouveau \u00e0 chaque fois<\/span><br \/>\n<span style=\"color: #ffffff;\">Tous les nettoyages sont couverts par une garantie de satisfaction 100%.<\/span><\/p>\n<h2><span style=\"color: #ffffff;\">Options d&#039;engagement des r\u00e9sidents en prime (facultatif)<\/span><\/h2>\n<p style=\"font-weight: 400;\"><span style=\"color: #ffffff;\">\u2013 R\u00e9compenses de parrainage : les r\u00e9sidents re\u00e7oivent $25 Cleanster Cash lorsqu&#039;un ami r\u00e9serve en utilisant son code de parrainage.<\/span><br \/>\n<span style=\"color: #ffffff;\">\u2013 Fid\u00e9lit\u00e9 r\u00e9currente : R\u00e9servez 7 nettoyages r\u00e9currents, obtenez le 8e GRATUIT.<\/span><br \/>\n<span style=\"color: #ffffff;\">\u2013 Promotion Nettoyage en profondeur : apr\u00e8s 5 r\u00e9servations termin\u00e9es, d\u00e9bloquez 20% de r\u00e9duction sur les nettoyages en profondeur (\u00e9mission automatique, expire dans 3 mois).<\/span><\/p>\n<p style=\"font-weight: 400;\">","protected":false},"excerpt":{"rendered":"<p>What are the best services for apartment cleaning in my area? Cleanster Residential Perk Proposal Overview Cleanster is a trusted cleaning platform serving over 15,000+ happy customers across US. With Cleanster, residents can instantly book professional cleaners for apartment or condo all backed by our 100% satisfaction guarantee. Whether it\u2019s a one-time freshen-up, deep, move-out [&hellip;]<\/p>\n","protected":false},"author":1,"featured_media":0,"parent":0,"menu_order":0,"comment_status":"closed","ping_status":"closed","template":"templates\/residents.php","meta":{"_acf_changed":false,"footnotes":""},"class_list":["post-79","page","type-page","status-publish","hentry","entry"],"acf":[],"yoast_head":"<!-- This site is optimized with the Yoast SEO Premium plugin v26.5 (Yoast SEO v27.3) - https:\/\/yoast.com\/product\/yoast-seo-premium-wordpress\/ -->\n<title>Apartment Resident Looking For Reliable Cleaning Services<\/title>\n<meta name=\"description\" content=\"Apartment residents can benefit from Cleanster.com\u2019s tailored cleaning services. Discover convenient services for your home.\" \/>\n<meta name=\"robots\" content=\"index, follow, max-snippet:-1, max-image-preview:large, max-video-preview:-1\" \/>\n<link rel=\"canonical\" href=\"https:\/\/cleanster.com\/fr\/services-de-nettoyage-dappartements-2\/\" \/>\n<meta property=\"og:locale\" content=\"fr_FR\" \/>\n<meta property=\"og:type\" content=\"article\" \/>\n<meta property=\"og:title\" content=\"Apartment Cleaning Services - Cleanster | Cleaning &amp; Maid Services Near You\" \/>\n<meta property=\"og:description\" content=\"Apartment residents can benefit from Cleanster.com\u2019s tailored cleaning services. Discover convenient services for your home.\" \/>\n<meta property=\"og:url\" content=\"https:\/\/cleanster.com\/fr\/services-de-nettoyage-dappartements-2\/\" \/>\n<meta property=\"og:site_name\" content=\"Cleanster | Cleaning &amp; Maid Services Near You\" \/>\n<meta property=\"article:publisher\" content=\"https:\/\/www.facebook.com\/cleansterhq\" \/>\n<meta property=\"article:modified_time\" content=\"2026-02-25T19:20:19+00:00\" \/>\n<meta property=\"og:image\" content=\"https:\/\/cleanster.com\/wp-content\/uploads\/2023\/11\/card@3x.png\" \/>\n\t<meta property=\"og:image:width\" content=\"1170\" \/>\n\t<meta property=\"og:image:height\" content=\"763\" \/>\n\t<meta property=\"og:image:type\" content=\"image\/png\" \/>\n<meta name=\"twitter:card\" content=\"summary_large_image\" \/>\n<meta name=\"twitter:site\" content=\"@cleansterhq\" \/>\n<meta name=\"twitter:label1\" content=\"Dur\u00e9e de lecture estim\u00e9e\" \/>\n\t<meta name=\"twitter:data1\" content=\"1 minute\" \/>\n<script type=\"application\/ld+json\" class=\"yoast-schema-graph\">{\"@context\":\"https:\\\/\\\/schema.org\",\"@graph\":[{\"@type\":\"WebPage\",\"@id\":\"https:\\\/\\\/cleanster.com\\\/apartment-cleaning-services\\\/\",\"url\":\"https:\\\/\\\/cleanster.com\\\/apartment-cleaning-services\",\"name\":\"Apartment Resident Looking For Reliable Cleaning Services\",\"isPartOf\":{\"@id\":\"https:\\\/\\\/cleanster.com\\\/#website\"},\"datePublished\":\"2023-08-08T07:17:55+00:00\",\"dateModified\":\"2026-02-25T19:20:19+00:00\",\"description\":\"Apartment residents can benefit from Cleanster.com\u2019s tailored cleaning services. Discover convenient services for your home.\",\"inLanguage\":\"fr-FR\",\"potentialAction\":[{\"@type\":\"ReadAction\",\"target\":[\"https:\\\/\\\/cleanster.com\\\/apartment-cleaning-services\"]}]},{\"@type\":\"WebSite\",\"@id\":\"https:\\\/\\\/cleanster.com\\\/#website\",\"url\":\"https:\\\/\\\/cleanster.com\\\/\",\"name\":\"Cleanster | Cleaning & Maid Services Near You\",\"description\":\"Instantly find &amp; book trusted cleaners for homes, apartment, Airbnb, and offices. Cleanster offers affordable maid, housekeeping, and commercial cleaning services near you.\",\"publisher\":{\"@id\":\"https:\\\/\\\/cleanster.com\\\/#organization\"},\"alternateName\":\"Cleanster | Cleaning, Maid & Housekeeping Services for Everyone\",\"potentialAction\":[{\"@type\":\"SearchAction\",\"target\":{\"@type\":\"EntryPoint\",\"urlTemplate\":\"https:\\\/\\\/cleanster.com\\\/?s={search_term_string}\"},\"query-input\":{\"@type\":\"PropertyValueSpecification\",\"valueRequired\":true,\"valueName\":\"search_term_string\"}}],\"inLanguage\":\"fr-FR\"},{\"@type\":\"Organization\",\"@id\":\"https:\\\/\\\/cleanster.com\\\/#organization\",\"name\":\"Cleanster\",\"alternateName\":\"Cleanster.com\",\"url\":\"https:\\\/\\\/cleanster.com\\\/\",\"logo\":{\"@type\":\"ImageObject\",\"inLanguage\":\"fr-FR\",\"@id\":\"https:\\\/\\\/cleanster.com\\\/#\\\/schema\\\/logo\\\/image\\\/\",\"url\":\"https:\\\/\\\/cleanster.com\\\/wp-content\\\/uploads\\\/2025\\\/06\\\/Cleanster-Logo-1.svg\",\"contentUrl\":\"https:\\\/\\\/cleanster.com\\\/wp-content\\\/uploads\\\/2025\\\/06\\\/Cleanster-Logo-1.svg\",\"width\":1,\"height\":1,\"caption\":\"Cleanster\"},\"image\":{\"@id\":\"https:\\\/\\\/cleanster.com\\\/#\\\/schema\\\/logo\\\/image\\\/\"},\"sameAs\":[\"https:\\\/\\\/www.facebook.com\\\/cleansterhq\",\"https:\\\/\\\/x.com\\\/cleansterhq\",\"https:\\\/\\\/www.linkedin.com\\\/company\\\/cleansterhq\",\"https:\\\/\\\/www.instagram.com\\\/cleansterhq\",\"https:\\\/\\\/vm.tiktok.com\\\/ZM8vHmcuo\\\/\",\"https:\\\/\\\/www.clubhouse.com\\\/club\\\/cleanstercom\"],\"description\":\"Cleanster is an AI-powered cleaning services platform that connects Airbnb hosts, property managers, and commercial clients with vetted, on-demand cleaners. We offer apartment, house, Airbnb, commercial, and janitorial cleaning services. With a network of over 100,000 professionals across the US, Canada, and the UK, Cleanster delivers fast, reliable, and tech-enabled cleaning at scale.\",\"email\":\"support@cleanster.com\",\"telephone\":\"+1 (888) 788-2445\",\"legalName\":\"Cleanster, Inc.\",\"foundingDate\":\"2019-05-06\",\"duns\":\"118328526\",\"naics\":\"541511\",\"numberOfEmployees\":{\"@type\":\"QuantitativeValue\",\"minValue\":\"11\",\"maxValue\":\"50\"}}]}<\/script>\n<!-- \/ Yoast SEO Premium plugin. -->","yoast_head_json":{"title":"R\u00e9sident d&#039;appartement \u00e0 la recherche de services de nettoyage fiables","description":"Les r\u00e9sidents d&#039;appartements peuvent b\u00e9n\u00e9ficier des services de nettoyage sur mesure de Cleanster.com. D\u00e9couvrez des services pratiques pour votre maison.","robots":{"index":"index","follow":"follow","max-snippet":"max-snippet:-1","max-image-preview":"max-image-preview:large","max-video-preview":"max-video-preview:-1"},"canonical":"https:\/\/cleanster.com\/fr\/services-de-nettoyage-dappartements-2\/","og_locale":"fr_FR","og_type":"article","og_title":"Apartment Cleaning Services - Cleanster | Cleaning &amp; Maid Services Near You","og_description":"Apartment residents can benefit from Cleanster.com\u2019s tailored cleaning services. Discover convenient services for your home.","og_url":"https:\/\/cleanster.com\/fr\/services-de-nettoyage-dappartements-2\/","og_site_name":"Cleanster | Cleaning &amp; Maid Services Near You","article_publisher":"https:\/\/www.facebook.com\/cleansterhq","article_modified_time":"2026-02-25T19:20:19+00:00","og_image":[{"width":1170,"height":763,"url":"https:\/\/cleanster.com\/wp-content\/uploads\/2023\/11\/card@3x.png","type":"image\/png"}],"twitter_card":"summary_large_image","twitter_site":"@cleansterhq","twitter_misc":{"Dur\u00e9e de lecture estim\u00e9e":"1 minute"},"schema":{"@context":"https:\/\/schema.org","@graph":[{"@type":"WebPage","@id":"https:\/\/cleanster.com\/apartment-cleaning-services\/","url":"https:\/\/cleanster.com\/apartment-cleaning-services","name":"R\u00e9sident d&#039;appartement \u00e0 la recherche de services de nettoyage fiables","isPartOf":{"@id":"https:\/\/cleanster.com\/#website"},"datePublished":"2023-08-08T07:17:55+00:00","dateModified":"2026-02-25T19:20:19+00:00","description":"Les r\u00e9sidents d&#039;appartements peuvent b\u00e9n\u00e9ficier des services de nettoyage sur mesure de Cleanster.com. D\u00e9couvrez des services pratiques pour votre maison.","inLanguage":"fr-FR","potentialAction":[{"@type":"ReadAction","target":["https:\/\/cleanster.com\/apartment-cleaning-services"]}]},{"@type":"WebSite","@id":"https:\/\/cleanster.com\/#website","url":"https:\/\/cleanster.com\/","name":"Cleanster | Services de nettoyage et de m\u00e9nage pr\u00e8s de chez vous","description":"Trouvez et r\u00e9servez instantan\u00e9ment des services de nettoyage de confiance pour vos maisons, appartements, Airbnb et bureaux. Cleanster propose des services de m\u00e9nage, d&#039;entretien m\u00e9nager et de nettoyage commercial abordables pr\u00e8s de chez vous.","publisher":{"@id":"https:\/\/cleanster.com\/#organization"},"alternateName":"Cleanster | Cleaning, Maid & Housekeeping Services for Everyone","potentialAction":[{"@type":"SearchAction","target":{"@type":"EntryPoint","urlTemplate":"https:\/\/cleanster.com\/?s={search_term_string}"},"query-input":{"@type":"PropertyValueSpecification","valueRequired":true,"valueName":"search_term_string"}}],"inLanguage":"fr-FR"},{"@type":"Organization","@id":"https:\/\/cleanster.com\/#organization","name":"Nettoyant","alternateName":"Cleanster.com","url":"https:\/\/cleanster.com\/","logo":{"@type":"ImageObject","inLanguage":"fr-FR","@id":"https:\/\/cleanster.com\/#\/schema\/logo\/image\/","url":"https:\/\/cleanster.com\/wp-content\/uploads\/2025\/06\/Cleanster-Logo-1.svg","contentUrl":"https:\/\/cleanster.com\/wp-content\/uploads\/2025\/06\/Cleanster-Logo-1.svg","width":1,"height":1,"caption":"Cleanster"},"image":{"@id":"https:\/\/cleanster.com\/#\/schema\/logo\/image\/"},"sameAs":["https:\/\/www.facebook.com\/cleansterhq","https:\/\/x.com\/cleansterhq","https:\/\/www.linkedin.com\/company\/cleansterhq","https:\/\/www.instagram.com\/cleansterhq","https:\/\/vm.tiktok.com\/ZM8vHmcuo\/","https:\/\/www.clubhouse.com\/club\/cleanstercom"],"description":"Cleanster est une plateforme de services de nettoyage optimis\u00e9e par l&#039;IA qui met en relation les h\u00f4tes Airbnb, les gestionnaires immobiliers et les clients commerciaux avec des agents de nettoyage qualifi\u00e9s et \u00e0 la demande. Nous proposons des services de nettoyage d&#039;appartements, de maisons, de logements Airbnb, de locaux commerciaux et de conciergerie. Avec un r\u00e9seau de plus de 100\u00a0000 professionnels aux \u00c9tats-Unis, au Canada et au Royaume-Uni, Cleanster offre un nettoyage rapide, fiable et technologique \u00e0 grande \u00e9chelle.","email":"support@cleanster.com","telephone":"+1 (888) 788-2445","legalName":"Cleanster, Inc.","foundingDate":"2019-05-06","duns":"118328526","naics":"541511","numberOfEmployees":{"@type":"QuantitativeValue","minValue":"11","maxValue":"50"}}]}},"_links":{"self":[{"href":"https:\/\/cleanster.com\/fr\/wp-json\/wp\/v2\/pages\/79","targetHints":{"allow":["GET"]}}],"collection":[{"href":"https:\/\/cleanster.com\/fr\/wp-json\/wp\/v2\/pages"}],"about":[{"href":"https:\/\/cleanster.com\/fr\/wp-json\/wp\/v2\/types\/page"}],"author":[{"embeddable":true,"href":"https:\/\/cleanster.com\/fr\/wp-json\/wp\/v2\/users\/1"}],"replies":[{"embeddable":true,"href":"https:\/\/cleanster.com\/fr\/wp-json\/wp\/v2\/comments?post=79"}],"version-history":[{"count":0,"href":"https:\/\/cleanster.com\/fr\/wp-json\/wp\/v2\/pages\/79\/revisions"}],"wp:attachment":[{"href":"https:\/\/cleanster.com\/fr\/wp-json\/wp\/v2\/media?parent=79"}],"curies":[{"name":"wp","href":"https:\/\/api.w.org\/{rel}","templated":true}]}}