{"id":8723,"date":"2022-11-22T18:28:29","date_gmt":"2022-11-22T18:28:29","guid":{"rendered":"https:\/\/cleanster.ca\/?page_id=8723"},"modified":"2024-01-08T06:49:17","modified_gmt":"2024-01-08T06:49:17","slug":"nettoyage-en-profondeur-a-el-paso-texas","status":"publish","type":"page","link":"https:\/\/cleanster.com\/fr\/nettoyage-en-profondeur-a-el-paso-texas\/","title":{"rendered":"Nettoyage en profondeur \u00e0 El-Paso, Texas"},"content":{"rendered":"<h2><span style=\"color: #ffffff;\"><b>Application de nettoyage en profondeur \u00e0 El-Paso, Texas<\/b><\/span><\/h2>\n<p><span style=\"color: #ffffff;\"><span style=\"font-weight: 400;\">Pour la plupart d&#039;entre nous, le temps est au c\u0153ur de tout, et avec un style de vie charg\u00e9, nous voulons que tout, comme le service de nettoyage en profondeur, soit effectu\u00e9 de plus en plus rapidement. Vous pouvez envisager l&#039;application Cleanster.com pour un <\/span><b>service de nettoyage en profondeur<\/b><span style=\"font-weight: 400;\"> \u00e0 El-Paso, Texas. Gr\u00e2ce \u00e0 notre application de nettoyage, entretenez facilement votre maison ou votre bureau. Avec l&#039;application Cleanster.com, profitez de nos services pour vous simplifier la vie.\u00a0<\/span><\/span><\/p>\n<p><span style=\"color: #ffffff;\"><span style=\"font-weight: 400;\">Nous savons que garder votre environnement propre est une corv\u00e9e sans fin. Nettoyage de la maison, nettoyage des bureaux, nettoyage de la maison, nettoyage en profondeur et autres. Mais avec l&#039;aide de Cleanster.com <\/span><a style=\"color: #ffffff;\" href=\"https:\/\/cleanster.ca\/\"><span style=\"font-weight: 400;\">\u00a0APPLICATION<\/span><\/a><span style=\"font-weight: 400;\">, vous pouvez r\u00e9soudre votre probl\u00e8me facilement.\u00a0<\/span><\/span><\/p>\n<p><span style=\"color: #ffffff;\"><span style=\"font-weight: 400;\">C&#039;est la meilleure application de nettoyage en profondeur <a style=\"color: #ffffff;\" href=\"https:\/\/en.wikipedia.org\/wiki\/El_Paso,_Texas\">El-Paso, Texas<\/a><\/span><span style=\"font-weight: 400;\">\u00a0pour Airbnb, le nettoyage de maisons et de bureaux, le nettoyage de locations de vacances et l&#039;emm\u00e9nagement\/d\u00e9part.\u00a0<\/span><\/span><\/p>\n<p><span style=\"font-weight: 400; color: #ffffff;\">Gr\u00e2ce \u00e0 cette application, vous pouvez embaucher nos nettoyeurs professionnels pour nettoyer les sols. Passez \u00e9galement l\u2019aspirateur, la poussi\u00e8re et changez les draps \u00e0 un prix raisonnable.<\/span><\/p>\n<p><span style=\"font-weight: 400; color: #ffffff;\">Les excellentes solutions logicielles de l&#039;application Cleanster.com aideront les services de nettoyage \u00e0 fonctionner efficacement. Il est facilement accessible, convivial et pratique.\u00a0\u00a0<\/span><\/p>\n<p><span style=\"font-weight: 400; color: #ffffff;\">Notre application de nettoyage en profondeur vous garantit de r\u00e9duire vos erreurs de planification et de g\u00e9rer rapidement les annulations. De plus, vous effectuez les travaux conform\u00e9ment au planning.\u00a0<\/span><\/p>\n<p><span style=\"font-weight: 400; color: #ffffff;\">Plus important encore, vous pouvez modifier votre emploi du temps par messages ou par e-mail.<\/span><\/p>\n<p><span style=\"font-weight: 400; color: #ffffff;\">Pour suivre vos t\u00e2ches et t\u00e2ches essentielles, vous pouvez consulter notre application Android gratuite de nettoyage en profondeur.\u00a0<\/span><\/p>\n<h2><span style=\"color: #ffffff;\"><b>Les bases que nous consid\u00e9rons\u00a0:<\/b><\/span><\/h2>\n<p><span style=\"font-weight: 400; color: #ffffff;\">Avec notre service de nettoyage en profondeur, nos nettoyeurs vous aideront \u00e0 vous d\u00e9barrasser de la salet\u00e9. Crasse, r\u00e9sidus de savon et autres salet\u00e9s autour de votre maison ou de votre bureau.\u00a0<\/span><\/p>\n<p><span style=\"font-weight: 400; color: #ffffff;\">Nous assainissons et d\u00e9sinfectons en profondeur les zones et les outils essentiels pour offrir un<\/span><\/p>","protected":false},"excerpt":{"rendered":"<p>App for Deep Cleaning in El-Paso, TX For most of us, time is the core of everything, and with a busy lifestyle, we want everything such as deep cleaning service to be done quicker and faster. You can consider the Cleanster.com App for a deep cleaning service in El-Paso, TX. By using our cleaning app, [&hellip;]<\/p>\n","protected":false},"author":1,"featured_media":16053,"parent":0,"menu_order":0,"comment_status":"closed","ping_status":"closed","template":"templates\/services.php","meta":{"_acf_changed":false,"footnotes":""},"class_list":["post-8723","page","type-page","status-publish","has-post-thumbnail","hentry","entry"],"acf":[],"yoast_head":"<!-- This site is optimized with the Yoast SEO Premium plugin v26.5 (Yoast SEO v27.4) - https:\/\/yoast.com\/product\/yoast-seo-premium-wordpress\/ -->\n<title>App for deep cleaning in El-Paso, TX - Cleanster.com App<\/title>\n<meta name=\"description\" content=\"The smartest way to book, pay, and find deep cleaning service in El-Paso, TX through Cleanster.com. It takes only 30 seconds .\" \/>\n<meta name=\"robots\" content=\"index, follow, max-snippet:-1, max-image-preview:large, max-video-preview:-1\" \/>\n<link rel=\"canonical\" href=\"https:\/\/cleanster.com\/fr\/nettoyage-en-profondeur-a-el-paso-texas\/\" \/>\n<meta property=\"og:locale\" content=\"fr_FR\" \/>\n<meta property=\"og:type\" content=\"article\" \/>\n<meta property=\"og:title\" content=\"Deep Cleaning in El-Paso, TX - Cleanster | Cleaning &amp; Maid Services Near You\" \/>\n<meta property=\"og:description\" content=\"The smartest way to book, pay, and find deep cleaning service in El-Paso, TX through Cleanster.com. It takes only 30 seconds .\" \/>\n<meta property=\"og:url\" content=\"https:\/\/cleanster.com\/fr\/nettoyage-en-profondeur-a-el-paso-texas\/\" \/>\n<meta property=\"og:site_name\" content=\"Cleanster | Cleaning &amp; Maid Services Near You\" \/>\n<meta property=\"article:publisher\" content=\"https:\/\/www.facebook.com\/cleansterhq\" \/>\n<meta property=\"article:modified_time\" content=\"2024-01-08T06:49:17+00:00\" \/>\n<meta property=\"og:image\" content=\"https:\/\/cleanster.com\/wp-content\/uploads\/2023\/10\/deep-img.jpg\" \/>\n\t<meta property=\"og:image:width\" content=\"950\" \/>\n\t<meta property=\"og:image:height\" content=\"670\" \/>\n\t<meta property=\"og:image:type\" content=\"image\/jpeg\" \/>\n<meta name=\"twitter:card\" content=\"summary_large_image\" \/>\n<meta name=\"twitter:site\" content=\"@cleansterhq\" \/>\n<meta name=\"twitter:label1\" content=\"Dur\u00e9e de lecture estim\u00e9e\" \/>\n\t<meta name=\"twitter:data1\" content=\"2 minutes\" \/>\n<script type=\"application\/ld+json\" class=\"yoast-schema-graph\">{\"@context\":\"https:\\\/\\\/schema.org\",\"@graph\":[{\"@type\":\"WebPage\",\"@id\":\"https:\\\/\\\/cleanster.com\\\/deep-cleaning-in-el-paso-tx\\\/\",\"url\":\"https:\\\/\\\/cleanster.com\\\/deep-cleaning-in-el-paso-tx\\\/\",\"name\":\"App for deep cleaning in El-Paso, TX - Cleanster.com App\",\"isPartOf\":{\"@id\":\"https:\\\/\\\/cleanster.com\\\/#website\"},\"primaryImageOfPage\":{\"@id\":\"https:\\\/\\\/cleanster.com\\\/deep-cleaning-in-el-paso-tx\\\/#primaryimage\"},\"image\":{\"@id\":\"https:\\\/\\\/cleanster.com\\\/deep-cleaning-in-el-paso-tx\\\/#primaryimage\"},\"thumbnailUrl\":\"https:\\\/\\\/cleanster.com\\\/wp-content\\\/uploads\\\/2023\\\/10\\\/deep-img.jpg\",\"datePublished\":\"2022-11-22T18:28:29+00:00\",\"dateModified\":\"2024-01-08T06:49:17+00:00\",\"description\":\"The smartest way to book, pay, and find deep cleaning service in El-Paso, TX through Cleanster.com. It takes only 30 seconds .\",\"inLanguage\":\"fr-FR\",\"potentialAction\":[{\"@type\":\"ReadAction\",\"target\":[\"https:\\\/\\\/cleanster.com\\\/deep-cleaning-in-el-paso-tx\\\/\"]}]},{\"@type\":\"ImageObject\",\"inLanguage\":\"fr-FR\",\"@id\":\"https:\\\/\\\/cleanster.com\\\/deep-cleaning-in-el-paso-tx\\\/#primaryimage\",\"url\":\"https:\\\/\\\/cleanster.com\\\/wp-content\\\/uploads\\\/2023\\\/10\\\/deep-img.jpg\",\"contentUrl\":\"https:\\\/\\\/cleanster.com\\\/wp-content\\\/uploads\\\/2023\\\/10\\\/deep-img.jpg\",\"width\":950,\"height\":670},{\"@type\":\"WebSite\",\"@id\":\"https:\\\/\\\/cleanster.com\\\/#website\",\"url\":\"https:\\\/\\\/cleanster.com\\\/\",\"name\":\"Cleanster | Cleaning & Maid Services Near You\",\"description\":\"Instantly find &amp; book trusted cleaners for homes, apartment, Airbnb, and offices. Cleanster offers affordable maid, housekeeping, and commercial cleaning services near you.\",\"publisher\":{\"@id\":\"https:\\\/\\\/cleanster.com\\\/#organization\"},\"alternateName\":\"Cleanster | Cleaning, Maid & Housekeeping Services for Everyone\",\"potentialAction\":[{\"@type\":\"SearchAction\",\"target\":{\"@type\":\"EntryPoint\",\"urlTemplate\":\"https:\\\/\\\/cleanster.com\\\/?s={search_term_string}\"},\"query-input\":{\"@type\":\"PropertyValueSpecification\",\"valueRequired\":true,\"valueName\":\"search_term_string\"}}],\"inLanguage\":\"fr-FR\"},{\"@type\":\"Organization\",\"@id\":\"https:\\\/\\\/cleanster.com\\\/#organization\",\"name\":\"Cleanster\",\"alternateName\":\"Cleanster.com\",\"url\":\"https:\\\/\\\/cleanster.com\\\/\",\"logo\":{\"@type\":\"ImageObject\",\"inLanguage\":\"fr-FR\",\"@id\":\"https:\\\/\\\/cleanster.com\\\/#\\\/schema\\\/logo\\\/image\\\/\",\"url\":\"https:\\\/\\\/cleanster.com\\\/wp-content\\\/uploads\\\/2025\\\/06\\\/Cleanster-Logo-1.svg\",\"contentUrl\":\"https:\\\/\\\/cleanster.com\\\/wp-content\\\/uploads\\\/2025\\\/06\\\/Cleanster-Logo-1.svg\",\"width\":1,\"height\":1,\"caption\":\"Cleanster\"},\"image\":{\"@id\":\"https:\\\/\\\/cleanster.com\\\/#\\\/schema\\\/logo\\\/image\\\/\"},\"sameAs\":[\"https:\\\/\\\/www.facebook.com\\\/cleansterhq\",\"https:\\\/\\\/x.com\\\/cleansterhq\",\"https:\\\/\\\/www.linkedin.com\\\/company\\\/cleansterhq\",\"https:\\\/\\\/www.instagram.com\\\/cleansterhq\",\"https:\\\/\\\/vm.tiktok.com\\\/ZM8vHmcuo\\\/\",\"https:\\\/\\\/www.clubhouse.com\\\/club\\\/cleanstercom\"],\"description\":\"Cleanster is an AI-powered cleaning services platform that connects Airbnb hosts, property managers, and commercial clients with vetted, on-demand cleaners. We offer apartment, house, Airbnb, commercial, and janitorial cleaning services. With a network of over 100,000 professionals across the US, Canada, and the UK, Cleanster delivers fast, reliable, and tech-enabled cleaning at scale.\",\"email\":\"support@cleanster.com\",\"telephone\":\"+1 (888) 788-2445\",\"legalName\":\"Cleanster, Inc.\",\"foundingDate\":\"2019-05-06\",\"duns\":\"118328526\",\"naics\":\"541511\",\"numberOfEmployees\":{\"@type\":\"QuantitativeValue\",\"minValue\":\"11\",\"maxValue\":\"50\"}}]}<\/script>\n<!-- \/ Yoast SEO Premium plugin. -->","yoast_head_json":{"title":"Application pour un nettoyage en profondeur \u00e0 El-Paso, Texas - Application Cleanster.com","description":"Le moyen le plus intelligent de r\u00e9server, de payer et de trouver un service de nettoyage en profondeur \u00e0 El-Paso, Texas via Cleanster.com. Cela ne prend que 30 secondes.","robots":{"index":"index","follow":"follow","max-snippet":"max-snippet:-1","max-image-preview":"max-image-preview:large","max-video-preview":"max-video-preview:-1"},"canonical":"https:\/\/cleanster.com\/fr\/nettoyage-en-profondeur-a-el-paso-texas\/","og_locale":"fr_FR","og_type":"article","og_title":"Deep Cleaning in El-Paso, TX - Cleanster | Cleaning &amp; Maid Services Near You","og_description":"The smartest way to book, pay, and find deep cleaning service in El-Paso, TX through Cleanster.com. It takes only 30 seconds .","og_url":"https:\/\/cleanster.com\/fr\/nettoyage-en-profondeur-a-el-paso-texas\/","og_site_name":"Cleanster | Cleaning &amp; Maid Services Near You","article_publisher":"https:\/\/www.facebook.com\/cleansterhq","article_modified_time":"2024-01-08T06:49:17+00:00","og_image":[{"width":950,"height":670,"url":"https:\/\/cleanster.com\/wp-content\/uploads\/2023\/10\/deep-img.jpg","type":"image\/jpeg"}],"twitter_card":"summary_large_image","twitter_site":"@cleansterhq","twitter_misc":{"Dur\u00e9e de lecture estim\u00e9e":"2 minutes"},"schema":{"@context":"https:\/\/schema.org","@graph":[{"@type":"WebPage","@id":"https:\/\/cleanster.com\/deep-cleaning-in-el-paso-tx\/","url":"https:\/\/cleanster.com\/deep-cleaning-in-el-paso-tx\/","name":"Application pour un nettoyage en profondeur \u00e0 El-Paso, Texas - Application Cleanster.com","isPartOf":{"@id":"https:\/\/cleanster.com\/#website"},"primaryImageOfPage":{"@id":"https:\/\/cleanster.com\/deep-cleaning-in-el-paso-tx\/#primaryimage"},"image":{"@id":"https:\/\/cleanster.com\/deep-cleaning-in-el-paso-tx\/#primaryimage"},"thumbnailUrl":"https:\/\/cleanster.com\/wp-content\/uploads\/2023\/10\/deep-img.jpg","datePublished":"2022-11-22T18:28:29+00:00","dateModified":"2024-01-08T06:49:17+00:00","description":"Le moyen le plus intelligent de r\u00e9server, de payer et de trouver un service de nettoyage en profondeur \u00e0 El-Paso, Texas via Cleanster.com. Cela ne prend que 30 secondes.","inLanguage":"fr-FR","potentialAction":[{"@type":"ReadAction","target":["https:\/\/cleanster.com\/deep-cleaning-in-el-paso-tx\/"]}]},{"@type":"ImageObject","inLanguage":"fr-FR","@id":"https:\/\/cleanster.com\/deep-cleaning-in-el-paso-tx\/#primaryimage","url":"https:\/\/cleanster.com\/wp-content\/uploads\/2023\/10\/deep-img.jpg","contentUrl":"https:\/\/cleanster.com\/wp-content\/uploads\/2023\/10\/deep-img.jpg","width":950,"height":670},{"@type":"WebSite","@id":"https:\/\/cleanster.com\/#website","url":"https:\/\/cleanster.com\/","name":"Cleanster | Services de nettoyage et de m\u00e9nage pr\u00e8s de chez vous","description":"Trouvez et r\u00e9servez instantan\u00e9ment des services de nettoyage de confiance pour vos maisons, appartements, Airbnb et bureaux. Cleanster propose des services de m\u00e9nage, d&#039;entretien m\u00e9nager et de nettoyage commercial abordables pr\u00e8s de chez vous.","publisher":{"@id":"https:\/\/cleanster.com\/#organization"},"alternateName":"Cleanster | Cleaning, Maid & Housekeeping Services for Everyone","potentialAction":[{"@type":"SearchAction","target":{"@type":"EntryPoint","urlTemplate":"https:\/\/cleanster.com\/?s={search_term_string}"},"query-input":{"@type":"PropertyValueSpecification","valueRequired":true,"valueName":"search_term_string"}}],"inLanguage":"fr-FR"},{"@type":"Organization","@id":"https:\/\/cleanster.com\/#organization","name":"Nettoyant","alternateName":"Cleanster.com","url":"https:\/\/cleanster.com\/","logo":{"@type":"ImageObject","inLanguage":"fr-FR","@id":"https:\/\/cleanster.com\/#\/schema\/logo\/image\/","url":"https:\/\/cleanster.com\/wp-content\/uploads\/2025\/06\/Cleanster-Logo-1.svg","contentUrl":"https:\/\/cleanster.com\/wp-content\/uploads\/2025\/06\/Cleanster-Logo-1.svg","width":1,"height":1,"caption":"Cleanster"},"image":{"@id":"https:\/\/cleanster.com\/#\/schema\/logo\/image\/"},"sameAs":["https:\/\/www.facebook.com\/cleansterhq","https:\/\/x.com\/cleansterhq","https:\/\/www.linkedin.com\/company\/cleansterhq","https:\/\/www.instagram.com\/cleansterhq","https:\/\/vm.tiktok.com\/ZM8vHmcuo\/","https:\/\/www.clubhouse.com\/club\/cleanstercom"],"description":"Cleanster est une plateforme de services de nettoyage optimis\u00e9e par l&#039;IA qui met en relation les h\u00f4tes Airbnb, les gestionnaires immobiliers et les clients commerciaux avec des agents de nettoyage qualifi\u00e9s et \u00e0 la demande. Nous proposons des services de nettoyage d&#039;appartements, de maisons, de logements Airbnb, de locaux commerciaux et de conciergerie. Avec un r\u00e9seau de plus de 100\u00a0000 professionnels aux \u00c9tats-Unis, au Canada et au Royaume-Uni, Cleanster offre un nettoyage rapide, fiable et technologique \u00e0 grande \u00e9chelle.","email":"support@cleanster.com","telephone":"+1 (888) 788-2445","legalName":"Cleanster, Inc.","foundingDate":"2019-05-06","duns":"118328526","naics":"541511","numberOfEmployees":{"@type":"QuantitativeValue","minValue":"11","maxValue":"50"}}]}},"_links":{"self":[{"href":"https:\/\/cleanster.com\/fr\/wp-json\/wp\/v2\/pages\/8723","targetHints":{"allow":["GET"]}}],"collection":[{"href":"https:\/\/cleanster.com\/fr\/wp-json\/wp\/v2\/pages"}],"about":[{"href":"https:\/\/cleanster.com\/fr\/wp-json\/wp\/v2\/types\/page"}],"author":[{"embeddable":true,"href":"https:\/\/cleanster.com\/fr\/wp-json\/wp\/v2\/users\/1"}],"replies":[{"embeddable":true,"href":"https:\/\/cleanster.com\/fr\/wp-json\/wp\/v2\/comments?post=8723"}],"version-history":[{"count":0,"href":"https:\/\/cleanster.com\/fr\/wp-json\/wp\/v2\/pages\/8723\/revisions"}],"wp:featuredmedia":[{"embeddable":true,"href":"https:\/\/cleanster.com\/fr\/wp-json\/wp\/v2\/media\/16053"}],"wp:attachment":[{"href":"https:\/\/cleanster.com\/fr\/wp-json\/wp\/v2\/media?parent=8723"}],"curies":[{"name":"wp","href":"https:\/\/api.w.org\/{rel}","templated":true}]}}