{"id":1328,"date":"2021-12-23T00:13:49","date_gmt":"2021-12-23T00:13:49","guid":{"rendered":"https:\/\/cleanster.com\/?page_id=1328"},"modified":"2024-01-08T10:59:08","modified_gmt":"2024-01-08T10:59:08","slug":"gestione-del-magazzino-biancheria","status":"publish","type":"page","link":"https:\/\/cleanster.com\/it\/gestione-del-magazzino-biancheria\/","title":{"rendered":"Gestione dell&#039;inventario e della biancheria (beta)"},"content":{"rendered":"<p><span style=\"color: #ffffff;\">Cleanster.com, leader del settore nella fornitura di un comodo accesso ai servizi di pulizia, \u00e8 ancora una volta all&#039;avanguardia nell&#039;innovazione. Siamo entusiasti di annunciare il lancio beta della nostra funzionalit\u00e0 Inventory and Linen Management, un punto di svolta nel panorama dei servizi di pulizia. Questa aggiunta rivoluzionaria alle offerte di Cleanster.com \u00e8 progettata per migliorare le esperienze degli utenti, semplificare le operazioni e potenziare ulteriormente i professionisti dei servizi.<\/span><\/p>\n<h2><span style=\"color: #ffffff;\"><strong>Semplificazione della gestione dell&#039;inventario per l&#039;efficienza<\/strong><\/span><\/h2>\n<h3><span style=\"color: #ffffff;\"><strong>1. Monitoraggio intelligente dell&#039;inventario:<\/strong><\/span><\/h3>\n<p><span style=\"color: #ffffff;\">La funzionalit\u00e0 Inventory and Linen Management di Cleanster.com offre un monitoraggio intelligente dell&#039;inventario, consentendo ai property manager e ai professionisti dei servizi di tenere un registro dettagliato di prodotti per la pulizia, attrezzature e biancheria. Ci\u00f2 garantisce che abbiano gli strumenti giusti per il lavoro, riducendo i tempi di fermo e migliorando l&#039;efficienza complessiva.<\/span><\/p>\n<h3><span style=\"color: #ffffff;\"><strong>2. Aggiornamenti in tempo reale:<\/strong><\/span><\/h3>\n<p><span style=\"color: #ffffff;\">Sperimenta aggiornamenti in tempo reale sui livelli di inventario. La piattaforma invia notifiche quando le scorte stanno per esaurirsi, eliminando il rischio di rimanere senza materiali essenziali per la pulizia durante un lavoro. Questo approccio proattivo garantisce che i professionisti della pulizia siano sempre ben attrezzati.<\/span><\/p>\n<h3><span style=\"color: #ffffff;\"><strong>3. Controllo centralizzato dell&#039;inventario:<\/strong><\/span><\/h3>\n<p><span style=\"color: #ffffff;\">Con Inventory and Linen Management di Cleanster.com, gli utenti hanno accesso a un sistema di controllo centralizzato. Ci\u00f2 significa che, che tu stia gestendo una singola propriet\u00e0 o pi\u00f9 sedi, puoi supervisionare e controllare il tuo inventario da un&#039;unica interfaccia di facile utilizzo.<\/span><\/p>\n<h2><span style=\"color: #ffffff;\"><strong>Migliorare la gestione della biancheria per servizi impeccabili<\/strong><\/span><\/h2>\n<h3><span style=\"color: #ffffff;\"><strong>1. Monitoraggio e rotazione della biancheria:<\/strong><\/span><\/h3>\n<p><span style=\"color: #ffffff;\">La funzionalit\u00e0 facilita il monitoraggio della biancheria, assicurando che venga costantemente ruotata per mantenerne freschezza e qualit\u00e0. Ci\u00f2 \u00e8 particolarmente utile per i servizi di pulizia di strutture ricettive e case vacanze, dove la presentazione \u00e8 fondamentale.<\/span><\/p>\n<h3><span style=\"color: #ffffff;\"><strong>2. Garanzia di qualit\u00e0:<\/strong><\/span><\/h3>\n<p><span style=\"color: #ffffff;\">La funzionalit\u00e0 Inventory and Linen Management di Cleanster.com include un componente di garanzia della qualit\u00e0. I professionisti del servizio possono registrare le condizioni della biancheria, consentendo ai property manager di monitorare l&#039;usura nel tempo.\u00a0<\/span><\/p>\n<h3><span style=\"color: #ffffff;\"><strong>3. Avvisi di rifornimento biancheria:<\/strong><\/span><\/h3>\n<p><span style=\"color: #ffffff;\">Non preoccuparti pi\u00f9 di rimanere senza biancheria pulita. <a style=\"color: #ffffff;\" href=\"https:\/\/cleanster.com\/\">Cleanster. com<\/a> invia avvisi quando \u00e8 il momento di rifornire la tua scorta di biancheria, prevenendo qualsiasi interruzione nei servizi. Questa funzionalit\u00e0 proattiva \u00e8 un punto di svolta per i property manager che vogliono garantire un&#039;esperienza impeccabile ai propri ospiti.<\/span><\/p>\n<h2><span style=\"color: #ffffff;\"><strong>Interfaccia intuitiva per un&#039;integrazione perfetta<\/strong><\/span><\/h2>\n<h3><span style=\"color: #ffffff;\"><strong>1. Dashboard intuitiva:<\/strong><\/span><\/h3>\n<p><span style=\"color: #ffffff;\">La funzionalit\u00e0 Inventory and Linen Management di Cleanster.com \u00e8 dotata di una dashboard intuitiva. Gli utenti possono navigare e accedere facilmente a tutte le informazioni rilevanti, semplificando sia per i property manager che per i professionisti dei servizi l&#039;integrazione di questa nuova funzionalit\u00e0 nei loro flussi di lavoro.<\/span><\/p>\n<h3><span style=\"color: #ffffff;\"><strong>2. Compatibilit\u00e0 con i dispositivi:<\/strong><\/span><\/h3>\n<p><span style=\"color: #ffffff;\">Goditi la stessa esperienza intuitiva su tutti i dispositivi.<\/span><\/p>\n<h2><span style=\"color: #ffffff;\"><strong>Beta Testing: la tua possibilit\u00e0 di dare forma al futuro<\/strong><\/span><\/h2>\n<p><span style=\"color: #ffffff;\">Cleanster.com crede nel potere del feedback degli utenti, ed \u00e8 per questo che stiamo lanciando la funzionalit\u00e0 Inventory and Linen Management in versione beta. Invitiamo i nostri utenti a esplorare questa nuova funzionalit\u00e0, fornire feedback e contribuire a dare forma al futuro di <a style=\"color: #ffffff;\" href=\"https:\/\/qualitasprimum.com\/en\/cleaning-management-services\/\">gestione dei servizi di pulizia.<\/a><\/span><\/p>\n<h2><span style=\"color: #ffffff;\"><strong>Conclusione: portare i servizi di pulizia a nuovi livelli<\/strong><\/span><\/h2>\n<p><span style=\"color: #ffffff;\">Con l&#039;introduzione della funzionalit\u00e0 Inventory and Linen Management, Cleanster.com riafferma il suo impegno per l&#039;innovazione e l&#039;eccellenza nel settore dei servizi di pulizia. Non stiamo solo fornendo servizi di pulizia; stiamo potenziando i professionisti dei servizi e i property manager con gli strumenti di cui hanno bisogno per fornire un servizio impeccabile, ogni volta.\u00a0<\/span><\/p>","protected":false},"excerpt":{"rendered":"<p>Cleanster.com, the industry leader in providing convenient access to cleaning services, is once again at the forefront of innovation. We are thrilled to announce the beta launch of our Inventory and Linen Management feature, a game-changer in the cleaning services landscape. This revolutionary addition to Cleanster.com&#8217;s offerings is designed to elevate user experiences, streamline operations, [&hellip;]<\/p>\n","protected":false},"author":1,"featured_media":0,"parent":0,"menu_order":0,"comment_status":"closed","ping_status":"closed","template":"templates\/rental.php","meta":{"_acf_changed":false,"footnotes":""},"class_list":["post-1328","page","type-page","status-publish","hentry","entry"],"acf":[],"yoast_head":"<!-- This site is optimized with the Yoast SEO Premium plugin v26.5 (Yoast SEO v27.3) - https:\/\/yoast.com\/product\/yoast-seo-premium-wordpress\/ -->\n<title>Cleanster.com offers an Inventory and Linen Management system<\/title>\n<meta name=\"description\" content=\"When you can get an excellent Inventory and Linen Management cleaning service from the Cleanster.com, why go somewhere else?\" \/>\n<meta name=\"robots\" content=\"index, follow, max-snippet:-1, max-image-preview:large, max-video-preview:-1\" \/>\n<link rel=\"canonical\" href=\"https:\/\/cleanster.com\/it\/gestione-del-magazzino-biancheria\/\" \/>\n<meta property=\"og:locale\" content=\"it_IT\" \/>\n<meta property=\"og:type\" content=\"article\" \/>\n<meta property=\"og:title\" content=\"Inventory and Linen Management (Beta) - Cleanster | Cleaning &amp; Maid Services Near You\" \/>\n<meta property=\"og:description\" content=\"When you can get an excellent Inventory and Linen Management cleaning service from the Cleanster.com, why go somewhere else?\" \/>\n<meta property=\"og:url\" content=\"https:\/\/cleanster.com\/it\/gestione-del-magazzino-biancheria\/\" \/>\n<meta property=\"og:site_name\" content=\"Cleanster | Cleaning &amp; Maid Services Near You\" \/>\n<meta property=\"article:publisher\" content=\"https:\/\/www.facebook.com\/cleansterhq\" \/>\n<meta property=\"article:modified_time\" content=\"2024-01-08T10:59:08+00:00\" \/>\n<meta property=\"og:image\" content=\"https:\/\/cleanster.com\/wp-content\/uploads\/2023\/11\/card@3x.png\" \/>\n\t<meta property=\"og:image:width\" content=\"1170\" \/>\n\t<meta property=\"og:image:height\" content=\"763\" \/>\n\t<meta property=\"og:image:type\" content=\"image\/png\" \/>\n<meta name=\"twitter:card\" content=\"summary_large_image\" \/>\n<meta name=\"twitter:site\" content=\"@cleansterhq\" \/>\n<meta name=\"twitter:label1\" content=\"Tempo di lettura stimato\" \/>\n\t<meta name=\"twitter:data1\" content=\"3 minuti\" \/>\n<script type=\"application\/ld+json\" class=\"yoast-schema-graph\">{\"@context\":\"https:\\\/\\\/schema.org\",\"@graph\":[{\"@type\":\"WebPage\",\"@id\":\"https:\\\/\\\/cleanster.com\\\/inventory-linen-management\\\/\",\"url\":\"https:\\\/\\\/cleanster.com\\\/inventory-linen-management\\\/\",\"name\":\"Cleanster.com offers an Inventory and Linen Management system\",\"isPartOf\":{\"@id\":\"https:\\\/\\\/cleanster.com\\\/#website\"},\"datePublished\":\"2021-12-23T00:13:49+00:00\",\"dateModified\":\"2024-01-08T10:59:08+00:00\",\"description\":\"When you can get an excellent Inventory and Linen Management cleaning service from the Cleanster.com, why go somewhere else?\",\"inLanguage\":\"it-IT\",\"potentialAction\":[{\"@type\":\"ReadAction\",\"target\":[\"https:\\\/\\\/cleanster.com\\\/inventory-linen-management\\\/\"]}]},{\"@type\":\"WebSite\",\"@id\":\"https:\\\/\\\/cleanster.com\\\/#website\",\"url\":\"https:\\\/\\\/cleanster.com\\\/\",\"name\":\"Cleanster | Cleaning & Maid Services Near You\",\"description\":\"Instantly find &amp; book trusted cleaners for homes, apartment, Airbnb, and offices. Cleanster offers affordable maid, housekeeping, and commercial cleaning services near you.\",\"publisher\":{\"@id\":\"https:\\\/\\\/cleanster.com\\\/#organization\"},\"alternateName\":\"Cleanster | Cleaning, Maid & Housekeeping Services for Everyone\",\"potentialAction\":[{\"@type\":\"SearchAction\",\"target\":{\"@type\":\"EntryPoint\",\"urlTemplate\":\"https:\\\/\\\/cleanster.com\\\/?s={search_term_string}\"},\"query-input\":{\"@type\":\"PropertyValueSpecification\",\"valueRequired\":true,\"valueName\":\"search_term_string\"}}],\"inLanguage\":\"it-IT\"},{\"@type\":\"Organization\",\"@id\":\"https:\\\/\\\/cleanster.com\\\/#organization\",\"name\":\"Cleanster\",\"alternateName\":\"Cleanster.com\",\"url\":\"https:\\\/\\\/cleanster.com\\\/\",\"logo\":{\"@type\":\"ImageObject\",\"inLanguage\":\"it-IT\",\"@id\":\"https:\\\/\\\/cleanster.com\\\/#\\\/schema\\\/logo\\\/image\\\/\",\"url\":\"https:\\\/\\\/cleanster.com\\\/wp-content\\\/uploads\\\/2025\\\/06\\\/Cleanster-Logo-1.svg\",\"contentUrl\":\"https:\\\/\\\/cleanster.com\\\/wp-content\\\/uploads\\\/2025\\\/06\\\/Cleanster-Logo-1.svg\",\"width\":1,\"height\":1,\"caption\":\"Cleanster\"},\"image\":{\"@id\":\"https:\\\/\\\/cleanster.com\\\/#\\\/schema\\\/logo\\\/image\\\/\"},\"sameAs\":[\"https:\\\/\\\/www.facebook.com\\\/cleansterhq\",\"https:\\\/\\\/x.com\\\/cleansterhq\",\"https:\\\/\\\/www.linkedin.com\\\/company\\\/cleansterhq\",\"https:\\\/\\\/www.instagram.com\\\/cleansterhq\",\"https:\\\/\\\/vm.tiktok.com\\\/ZM8vHmcuo\\\/\",\"https:\\\/\\\/www.clubhouse.com\\\/club\\\/cleanstercom\"],\"description\":\"Cleanster is an AI-powered cleaning services platform that connects Airbnb hosts, property managers, and commercial clients with vetted, on-demand cleaners. We offer apartment, house, Airbnb, commercial, and janitorial cleaning services. With a network of over 100,000 professionals across the US, Canada, and the UK, Cleanster delivers fast, reliable, and tech-enabled cleaning at scale.\",\"email\":\"support@cleanster.com\",\"telephone\":\"+1 (888) 788-2445\",\"legalName\":\"Cleanster, Inc.\",\"foundingDate\":\"2019-05-06\",\"duns\":\"118328526\",\"naics\":\"541511\",\"numberOfEmployees\":{\"@type\":\"QuantitativeValue\",\"minValue\":\"11\",\"maxValue\":\"50\"}}]}<\/script>\n<!-- \/ Yoast SEO Premium plugin. -->","yoast_head_json":{"title":"Cleanster.com offre un sistema di gestione dell&#039;inventario e della biancheria","description":"Quando puoi ottenere un eccellente servizio di pulizia per la gestione dell&#039;inventario e della biancheria da Cleanster.com, perch\u00e9 andare da qualche altra parte?","robots":{"index":"index","follow":"follow","max-snippet":"max-snippet:-1","max-image-preview":"max-image-preview:large","max-video-preview":"max-video-preview:-1"},"canonical":"https:\/\/cleanster.com\/it\/gestione-del-magazzino-biancheria\/","og_locale":"it_IT","og_type":"article","og_title":"Inventory and Linen Management (Beta) - Cleanster | Cleaning &amp; Maid Services Near You","og_description":"When you can get an excellent Inventory and Linen Management cleaning service from the Cleanster.com, why go somewhere else?","og_url":"https:\/\/cleanster.com\/it\/gestione-del-magazzino-biancheria\/","og_site_name":"Cleanster | Cleaning &amp; Maid Services Near You","article_publisher":"https:\/\/www.facebook.com\/cleansterhq","article_modified_time":"2024-01-08T10:59:08+00:00","og_image":[{"width":1170,"height":763,"url":"https:\/\/cleanster.com\/wp-content\/uploads\/2023\/11\/card@3x.png","type":"image\/png"}],"twitter_card":"summary_large_image","twitter_site":"@cleansterhq","twitter_misc":{"Tempo di lettura stimato":"3 minuti"},"schema":{"@context":"https:\/\/schema.org","@graph":[{"@type":"WebPage","@id":"https:\/\/cleanster.com\/inventory-linen-management\/","url":"https:\/\/cleanster.com\/inventory-linen-management\/","name":"Cleanster.com offre un sistema di gestione dell&#039;inventario e della biancheria","isPartOf":{"@id":"https:\/\/cleanster.com\/#website"},"datePublished":"2021-12-23T00:13:49+00:00","dateModified":"2024-01-08T10:59:08+00:00","description":"Quando puoi ottenere un eccellente servizio di pulizia per la gestione dell&#039;inventario e della biancheria da Cleanster.com, perch\u00e9 andare da qualche altra parte?","inLanguage":"it-IT","potentialAction":[{"@type":"ReadAction","target":["https:\/\/cleanster.com\/inventory-linen-management\/"]}]},{"@type":"WebSite","@id":"https:\/\/cleanster.com\/#website","url":"https:\/\/cleanster.com\/","name":"Cleanster | Servizi di pulizia e colf vicino a te","description":"Trova e prenota subito servizi di pulizia affidabili per case, appartamenti, Airbnb e uffici. Cleanster offre servizi di pulizia domestica, domestica e commerciale a prezzi accessibili vicino a te.","publisher":{"@id":"https:\/\/cleanster.com\/#organization"},"alternateName":"Cleanster | Cleaning, Maid & Housekeeping Services for Everyone","potentialAction":[{"@type":"SearchAction","target":{"@type":"EntryPoint","urlTemplate":"https:\/\/cleanster.com\/?s={search_term_string}"},"query-input":{"@type":"PropertyValueSpecification","valueRequired":true,"valueName":"search_term_string"}}],"inLanguage":"it-IT"},{"@type":"Organization","@id":"https:\/\/cleanster.com\/#organization","name":"Pulitore","alternateName":"Cleanster.com","url":"https:\/\/cleanster.com\/","logo":{"@type":"ImageObject","inLanguage":"it-IT","@id":"https:\/\/cleanster.com\/#\/schema\/logo\/image\/","url":"https:\/\/cleanster.com\/wp-content\/uploads\/2025\/06\/Cleanster-Logo-1.svg","contentUrl":"https:\/\/cleanster.com\/wp-content\/uploads\/2025\/06\/Cleanster-Logo-1.svg","width":1,"height":1,"caption":"Cleanster"},"image":{"@id":"https:\/\/cleanster.com\/#\/schema\/logo\/image\/"},"sameAs":["https:\/\/www.facebook.com\/cleansterhq","https:\/\/x.com\/cleansterhq","https:\/\/www.linkedin.com\/company\/cleansterhq","https:\/\/www.instagram.com\/cleansterhq","https:\/\/vm.tiktok.com\/ZM8vHmcuo\/","https:\/\/www.clubhouse.com\/club\/cleanstercom"],"description":"Cleanster \u00e8 una piattaforma di servizi di pulizia basata sull&#039;intelligenza artificiale che mette in contatto host Airbnb, gestori immobiliari e clienti commerciali con addetti alle pulizie selezionati e disponibili su richiesta. Offriamo servizi di pulizia per appartamenti, case, Airbnb, attivit\u00e0 commerciali e servizi di pulizia. Con una rete di oltre 100.000 professionisti negli Stati Uniti, in Canada e nel Regno Unito, Cleanster offre servizi di pulizia rapidi, affidabili e tecnologicamente avanzati su larga scala.","email":"support@cleanster.com","telephone":"+1 (888) 788-2445","legalName":"Cleanster, Inc.","foundingDate":"2019-05-06","duns":"118328526","naics":"541511","numberOfEmployees":{"@type":"QuantitativeValue","minValue":"11","maxValue":"50"}}]}},"_links":{"self":[{"href":"https:\/\/cleanster.com\/it\/wp-json\/wp\/v2\/pages\/1328","targetHints":{"allow":["GET"]}}],"collection":[{"href":"https:\/\/cleanster.com\/it\/wp-json\/wp\/v2\/pages"}],"about":[{"href":"https:\/\/cleanster.com\/it\/wp-json\/wp\/v2\/types\/page"}],"author":[{"embeddable":true,"href":"https:\/\/cleanster.com\/it\/wp-json\/wp\/v2\/users\/1"}],"replies":[{"embeddable":true,"href":"https:\/\/cleanster.com\/it\/wp-json\/wp\/v2\/comments?post=1328"}],"version-history":[{"count":0,"href":"https:\/\/cleanster.com\/it\/wp-json\/wp\/v2\/pages\/1328\/revisions"}],"wp:attachment":[{"href":"https:\/\/cleanster.com\/it\/wp-json\/wp\/v2\/media?parent=1328"}],"curies":[{"name":"wp","href":"https:\/\/api.w.org\/{rel}","templated":true}]}}