{"id":14967,"date":"2023-10-25T04:20:20","date_gmt":"2023-10-25T04:20:20","guid":{"rendered":"https:\/\/cleanster.com\/?page_id=14967"},"modified":"2023-12-19T16:59:34","modified_gmt":"2023-12-19T16:59:34","slug":"servizi-di-pulizia-airbnb-us-florida-marco-island-2","status":"publish","type":"page","link":"https:\/\/cleanster.com\/it\/servizi-di-pulizia-airbnb-us-florida-marco-island-2\/","title":{"rendered":"App per servizi di pulizia Airbnb pi\u00f9 apprezzata a Marco Island, Florida \u2013 Cleanster"},"content":{"rendered":"<h2><span style=\"color: #ffffff;\"><b>App per servizi di pulizia Airbnb pi\u00f9 apprezzata a Marco Island, Florida<\/b><\/span><\/h2>\n<p><span style=\"color: #ffffff;\"><span style=\"font-weight: 400;\">Migliora la pulizia della tua propriet\u00e0 e migliora le valutazioni dei tuoi ospiti con la nostra app di pulizia Airbnb di prima qualit\u00e0<\/span> <a style=\"color: #ffffff;\" href=\"https:\/\/en.wikipedia.org\/wiki\/Marco_Island,_Florida\">Marco Island, Florida<\/a><span style=\"font-weight: 400;\">L&#039;app Cleanster garantisce che il tuo spazio riceva una pulizia di livello professionale e di prim&#039;ordine, lasciando i tuoi clienti colpiti dalla tua abilit\u00e0 nell&#039;accoglienza. Che tu sia un imprenditore che lancia una nuova attivit\u00e0 o un proprietario di casa in cerca di soluzioni di pulizia impeccabili, Cleanster \u00e8 la scelta ideale per le esigenze della tua attivit\u00e0. Semplifica le operazioni e mantiene un tocco professionale. Ancora pi\u00f9 importante, Cleanster \u00e8 ora disponibile in tutta Marco Island, Florida.<\/span><\/span><\/p>\n<p><span style=\"font-weight: 400; color: #ffffff;\">Se cerchi un&#039;app per la pulizia Airbnb senza pari a Marco Island, Florida, non cercare oltre.<\/span><\/p>\n<h2><span style=\"color: #ffffff;\"><b>Perch\u00e9 Cleanster \u00e8 la migliore app per i servizi di pulizia di Airbnb a Marco Island, Florida:<\/b><\/span><\/h2>\n<h3><span style=\"color: #ffffff;\"><b>Eccellenza nelle pulizie di Airbnb:<\/b><\/span><\/h3>\n<p><span style=\"font-weight: 400; color: #ffffff;\">Il nostro team dedicato utilizza prodotti e processi di pulizia esclusivi per pulire e organizzare in modo impeccabile la tua propriet\u00e0.<\/span><\/p>\n<h3><span style=\"color: #ffffff;\"><b>Pianificazione efficiente:<\/b><\/span><\/h3>\n<p><span style=\"font-weight: 400; color: #ffffff;\">Tieni sotto controllo la tua agenda di gestione immobiliare con l&#039;app Cleanster, che consente anche un coordinamento impeccabile e ispezioni immobiliari in mobilit\u00e0 che ti fanno risparmiare tempo.<\/span><\/p>\n<h3><span style=\"color: #ffffff;\"><b>Funzionalit\u00e0 integrate:<\/b><\/span><\/h3>\n<p><span style=\"font-weight: 400; color: #ffffff;\">Migliora la comunicazione e l&#039;efficienza con icone di stato integrate per tenere traccia di note, foto, check-in VIP e check-out posticipato. Inoltre, semplifica le attivit\u00e0 per le aziende di pulizie e gestione immobiliare.<\/span><\/p>\n<h3><span style=\"color: #ffffff;\"><b>App Calendario Pulizie Cleanster:<\/b><\/span><\/h3>\n<p><span style=\"font-weight: 400; color: #ffffff;\">Semplifica il processo di coordinamento sincronizzando la tua app Cleanster con il tuo account Airbnb, eliminando la necessit\u00e0 di aggiornamenti manuali del calendario. Quindi condividi immagini dettagliate con il tuo addetto alle pulizie per fornire aspettative chiare.<\/span><\/p>\n<h3><span style=\"color: #ffffff;\">App di pulizia Airbnb a Marco Island<\/span><\/h3>\n<p><span style=\"font-weight: 400; color: #ffffff;\">I nostri addetti alle pulizie professionisti vanno oltre ogni aspettativa, pulendo e igienizzando a fondo mobili ed elettrodomestici, cambiando lenzuola e asciugamani, rifacendo i letti in stile hotel e pulendo a fondo cucine e bagni. Spazzare e lavare i pavimenti, aspirare i tappeti e portare fuori la spazzatura: ci assicuriamo che ogni dettaglio sia curato nei minimi dettagli. Riempite gli articoli essenziali e i prodotti da bagno e lasciate gli specchi splendenti.<\/span><\/p>\n<p><span style=\"font-weight: 400; color: #ffffff;\">Scoprite la dedizione e la competenza dei nostri professionisti delle pulizie, impegnati a garantire risultati di alta qualit\u00e0 che superano le aspettative.<\/span><\/p>\n<h2><span style=\"color: #ffffff;\"><b>Tecnologia all&#039;avanguardia per operazioni senza interruzioni:<\/b><\/span><\/h2>\n<p><span style=\"font-weight: 400; color: #ffffff;\">Cleanster sfrutta la tecnologia all&#039;avanguardia per semplificare le operazioni e migliorare la comunicazione. La nostra app intuitiva facilita il coordinamento senza sforzo, consentendo ai property manager e al personale addetto alle pulizie di rimanere connessi e informati. Inoltre, con aggiornamenti in tempo reale, puoi gestire in modo efficiente le prenotazioni, monitorare i progressi delle pulizie e garantire un flusso di lavoro fluido per la tua societ\u00e0 di gestione immobiliare.<\/span><\/p>\n<h2><span style=\"color: #ffffff;\"><b>Comunicazione trasparente e responsabilit\u00e0:<\/b><\/span><\/h2>\n<p><span style=\"color: #ffffff;\"><span style=\"font-weight: 400;\">Una comunicazione chiara \u00e8 la chiave per una partnership di successo.<\/span><a style=\"color: #ffffff;\" href=\"https:\/\/cleanster.com\/\"> <span style=\"font-weight: 400;\">Pulitore<\/span><\/a><span style=\"font-weight: 400;\"> promuove una comunicazione trasparente tra proprietari, gestori e personale addetto alle pulizie. La nostra app fornisce una piattaforma per condividere note, foto e altre informazioni vitali, promuovendo la responsabilit\u00e0 e assicurando che tutti siano sulla stessa lunghezza d&#039;onda.<\/span><\/span><\/p>","protected":false},"excerpt":{"rendered":"<p>Top-Rated Airbnb Cleaning Service app in Marco Island, Florida Elevate your property&#8217;s cleanliness and enhance your guest ratings with our premier Airbnb cleaning app in Marco Island, Florida. So that the Cleanster app ensures your space receives top-notch, professional-grade cleaning, leaving your customers impressed with your hosting prowess. Whether you&#8217;re an entrepreneur launching a new [&hellip;]<\/p>\n","protected":false},"author":2,"featured_media":0,"parent":0,"menu_order":0,"comment_status":"closed","ping_status":"closed","template":"templates\/str.php","meta":{"_acf_changed":false,"footnotes":""},"class_list":["post-14967","page","type-page","status-publish","hentry","entry"],"acf":[],"yoast_head":"<!-- This site is optimized with the Yoast SEO Premium plugin v26.5 (Yoast SEO v27.3) - https:\/\/yoast.com\/product\/yoast-seo-premium-wordpress\/ -->\n<title>Top- rated Airbnb cleaning app in Marco Island, Florida<\/title>\n<meta name=\"description\" content=\"Discover the ultimate solution for Airbnb hosts! Streamline your cleaning routine with the best Airbnb cleaning app in Marco Island, Florida.\" \/>\n<meta name=\"robots\" content=\"index, follow, max-snippet:-1, max-image-preview:large, max-video-preview:-1\" \/>\n<link rel=\"canonical\" href=\"https:\/\/cleanster.com\/it\/servizi-di-pulizia-airbnb-us-florida-marco-island-2\/\" \/>\n<meta property=\"og:locale\" content=\"it_IT\" \/>\n<meta property=\"og:type\" content=\"article\" \/>\n<meta property=\"og:title\" content=\"Top-Rated Airbnb Cleaning Service App in Marco Island, Florida - Cleanster - Cleanster | Cleaning &amp; Maid Services Near You\" \/>\n<meta property=\"og:description\" content=\"Discover the ultimate solution for Airbnb hosts! Streamline your cleaning routine with the best Airbnb cleaning app in Marco Island, Florida.\" \/>\n<meta property=\"og:url\" content=\"https:\/\/cleanster.com\/it\/servizi-di-pulizia-airbnb-us-florida-marco-island-2\/\" \/>\n<meta property=\"og:site_name\" content=\"Cleanster | Cleaning &amp; Maid Services Near You\" \/>\n<meta property=\"article:publisher\" content=\"https:\/\/www.facebook.com\/cleansterhq\" \/>\n<meta property=\"article:modified_time\" content=\"2023-12-19T16:59:34+00:00\" \/>\n<meta property=\"og:image\" content=\"https:\/\/cleanster.com\/wp-content\/uploads\/2023\/11\/card@3x.png\" \/>\n\t<meta property=\"og:image:width\" content=\"1170\" \/>\n\t<meta property=\"og:image:height\" content=\"763\" \/>\n\t<meta property=\"og:image:type\" content=\"image\/png\" \/>\n<meta name=\"twitter:card\" content=\"summary_large_image\" \/>\n<meta name=\"twitter:site\" content=\"@cleansterhq\" \/>\n<meta name=\"twitter:label1\" content=\"Tempo di lettura stimato\" \/>\n\t<meta name=\"twitter:data1\" content=\"2 minuti\" \/>\n<script type=\"application\/ld+json\" class=\"yoast-schema-graph\">{\"@context\":\"https:\\\/\\\/schema.org\",\"@graph\":[{\"@type\":\"WebPage\",\"@id\":\"https:\\\/\\\/cleanster.com\\\/airbnb-cleaning-services-us-florida-marco-island\\\/\",\"url\":\"https:\\\/\\\/cleanster.com\\\/airbnb-cleaning-services-us-florida-marco-island\\\/\",\"name\":\"Top- rated Airbnb cleaning app in Marco Island, Florida\",\"isPartOf\":{\"@id\":\"https:\\\/\\\/cleanster.com\\\/#website\"},\"datePublished\":\"2023-10-25T04:20:20+00:00\",\"dateModified\":\"2023-12-19T16:59:34+00:00\",\"description\":\"Discover the ultimate solution for Airbnb hosts! Streamline your cleaning routine with the best Airbnb cleaning app in Marco Island, Florida.\",\"inLanguage\":\"it-IT\",\"potentialAction\":[{\"@type\":\"ReadAction\",\"target\":[\"https:\\\/\\\/cleanster.com\\\/airbnb-cleaning-services-us-florida-marco-island\\\/\"]}]},{\"@type\":\"WebSite\",\"@id\":\"https:\\\/\\\/cleanster.com\\\/#website\",\"url\":\"https:\\\/\\\/cleanster.com\\\/\",\"name\":\"Cleanster | Cleaning & Maid Services Near You\",\"description\":\"Instantly find &amp; book trusted cleaners for homes, apartment, Airbnb, and offices. Cleanster offers affordable maid, housekeeping, and commercial cleaning services near you.\",\"publisher\":{\"@id\":\"https:\\\/\\\/cleanster.com\\\/#organization\"},\"alternateName\":\"Cleanster | Cleaning, Maid & Housekeeping Services for Everyone\",\"potentialAction\":[{\"@type\":\"SearchAction\",\"target\":{\"@type\":\"EntryPoint\",\"urlTemplate\":\"https:\\\/\\\/cleanster.com\\\/?s={search_term_string}\"},\"query-input\":{\"@type\":\"PropertyValueSpecification\",\"valueRequired\":true,\"valueName\":\"search_term_string\"}}],\"inLanguage\":\"it-IT\"},{\"@type\":\"Organization\",\"@id\":\"https:\\\/\\\/cleanster.com\\\/#organization\",\"name\":\"Cleanster\",\"alternateName\":\"Cleanster.com\",\"url\":\"https:\\\/\\\/cleanster.com\\\/\",\"logo\":{\"@type\":\"ImageObject\",\"inLanguage\":\"it-IT\",\"@id\":\"https:\\\/\\\/cleanster.com\\\/#\\\/schema\\\/logo\\\/image\\\/\",\"url\":\"https:\\\/\\\/cleanster.com\\\/wp-content\\\/uploads\\\/2025\\\/06\\\/Cleanster-Logo-1.svg\",\"contentUrl\":\"https:\\\/\\\/cleanster.com\\\/wp-content\\\/uploads\\\/2025\\\/06\\\/Cleanster-Logo-1.svg\",\"width\":1,\"height\":1,\"caption\":\"Cleanster\"},\"image\":{\"@id\":\"https:\\\/\\\/cleanster.com\\\/#\\\/schema\\\/logo\\\/image\\\/\"},\"sameAs\":[\"https:\\\/\\\/www.facebook.com\\\/cleansterhq\",\"https:\\\/\\\/x.com\\\/cleansterhq\",\"https:\\\/\\\/www.linkedin.com\\\/company\\\/cleansterhq\",\"https:\\\/\\\/www.instagram.com\\\/cleansterhq\",\"https:\\\/\\\/vm.tiktok.com\\\/ZM8vHmcuo\\\/\",\"https:\\\/\\\/www.clubhouse.com\\\/club\\\/cleanstercom\"],\"description\":\"Cleanster is an AI-powered cleaning services platform that connects Airbnb hosts, property managers, and commercial clients with vetted, on-demand cleaners. We offer apartment, house, Airbnb, commercial, and janitorial cleaning services. With a network of over 100,000 professionals across the US, Canada, and the UK, Cleanster delivers fast, reliable, and tech-enabled cleaning at scale.\",\"email\":\"support@cleanster.com\",\"telephone\":\"+1 (888) 788-2445\",\"legalName\":\"Cleanster, Inc.\",\"foundingDate\":\"2019-05-06\",\"duns\":\"118328526\",\"naics\":\"541511\",\"numberOfEmployees\":{\"@type\":\"QuantitativeValue\",\"minValue\":\"11\",\"maxValue\":\"50\"}}]}<\/script>\n<!-- \/ Yoast SEO Premium plugin. -->","yoast_head_json":{"title":"L&#039;app di pulizia di Airbnb pi\u00f9 votata a Marco Island, in Florida","description":"Scopri la soluzione definitiva per gli host Airbnb! Semplifica la tua routine di pulizia con la migliore app di pulizia Airbnb a Marco Island, in Florida.","robots":{"index":"index","follow":"follow","max-snippet":"max-snippet:-1","max-image-preview":"max-image-preview:large","max-video-preview":"max-video-preview:-1"},"canonical":"https:\/\/cleanster.com\/it\/servizi-di-pulizia-airbnb-us-florida-marco-island-2\/","og_locale":"it_IT","og_type":"article","og_title":"Top-Rated Airbnb Cleaning Service App in Marco Island, Florida - Cleanster - Cleanster | Cleaning &amp; Maid Services Near You","og_description":"Discover the ultimate solution for Airbnb hosts! Streamline your cleaning routine with the best Airbnb cleaning app in Marco Island, Florida.","og_url":"https:\/\/cleanster.com\/it\/servizi-di-pulizia-airbnb-us-florida-marco-island-2\/","og_site_name":"Cleanster | Cleaning &amp; Maid Services Near You","article_publisher":"https:\/\/www.facebook.com\/cleansterhq","article_modified_time":"2023-12-19T16:59:34+00:00","og_image":[{"width":1170,"height":763,"url":"https:\/\/cleanster.com\/wp-content\/uploads\/2023\/11\/card@3x.png","type":"image\/png"}],"twitter_card":"summary_large_image","twitter_site":"@cleansterhq","twitter_misc":{"Tempo di lettura stimato":"2 minuti"},"schema":{"@context":"https:\/\/schema.org","@graph":[{"@type":"WebPage","@id":"https:\/\/cleanster.com\/airbnb-cleaning-services-us-florida-marco-island\/","url":"https:\/\/cleanster.com\/airbnb-cleaning-services-us-florida-marco-island\/","name":"L&#039;app di pulizia di Airbnb pi\u00f9 votata a Marco Island, in Florida","isPartOf":{"@id":"https:\/\/cleanster.com\/#website"},"datePublished":"2023-10-25T04:20:20+00:00","dateModified":"2023-12-19T16:59:34+00:00","description":"Scopri la soluzione definitiva per gli host Airbnb! Semplifica la tua routine di pulizia con la migliore app di pulizia Airbnb a Marco Island, in Florida.","inLanguage":"it-IT","potentialAction":[{"@type":"ReadAction","target":["https:\/\/cleanster.com\/airbnb-cleaning-services-us-florida-marco-island\/"]}]},{"@type":"WebSite","@id":"https:\/\/cleanster.com\/#website","url":"https:\/\/cleanster.com\/","name":"Cleanster | Servizi di pulizia e colf vicino a te","description":"Trova e prenota subito servizi di pulizia affidabili per case, appartamenti, Airbnb e uffici. Cleanster offre servizi di pulizia domestica, domestica e commerciale a prezzi accessibili vicino a te.","publisher":{"@id":"https:\/\/cleanster.com\/#organization"},"alternateName":"Cleanster | Cleaning, Maid & Housekeeping Services for Everyone","potentialAction":[{"@type":"SearchAction","target":{"@type":"EntryPoint","urlTemplate":"https:\/\/cleanster.com\/?s={search_term_string}"},"query-input":{"@type":"PropertyValueSpecification","valueRequired":true,"valueName":"search_term_string"}}],"inLanguage":"it-IT"},{"@type":"Organization","@id":"https:\/\/cleanster.com\/#organization","name":"Pulitore","alternateName":"Cleanster.com","url":"https:\/\/cleanster.com\/","logo":{"@type":"ImageObject","inLanguage":"it-IT","@id":"https:\/\/cleanster.com\/#\/schema\/logo\/image\/","url":"https:\/\/cleanster.com\/wp-content\/uploads\/2025\/06\/Cleanster-Logo-1.svg","contentUrl":"https:\/\/cleanster.com\/wp-content\/uploads\/2025\/06\/Cleanster-Logo-1.svg","width":1,"height":1,"caption":"Cleanster"},"image":{"@id":"https:\/\/cleanster.com\/#\/schema\/logo\/image\/"},"sameAs":["https:\/\/www.facebook.com\/cleansterhq","https:\/\/x.com\/cleansterhq","https:\/\/www.linkedin.com\/company\/cleansterhq","https:\/\/www.instagram.com\/cleansterhq","https:\/\/vm.tiktok.com\/ZM8vHmcuo\/","https:\/\/www.clubhouse.com\/club\/cleanstercom"],"description":"Cleanster \u00e8 una piattaforma di servizi di pulizia basata sull&#039;intelligenza artificiale che mette in contatto host Airbnb, gestori immobiliari e clienti commerciali con addetti alle pulizie selezionati e disponibili su richiesta. Offriamo servizi di pulizia per appartamenti, case, Airbnb, attivit\u00e0 commerciali e servizi di pulizia. Con una rete di oltre 100.000 professionisti negli Stati Uniti, in Canada e nel Regno Unito, Cleanster offre servizi di pulizia rapidi, affidabili e tecnologicamente avanzati su larga scala.","email":"support@cleanster.com","telephone":"+1 (888) 788-2445","legalName":"Cleanster, Inc.","foundingDate":"2019-05-06","duns":"118328526","naics":"541511","numberOfEmployees":{"@type":"QuantitativeValue","minValue":"11","maxValue":"50"}}]}},"_links":{"self":[{"href":"https:\/\/cleanster.com\/it\/wp-json\/wp\/v2\/pages\/14967","targetHints":{"allow":["GET"]}}],"collection":[{"href":"https:\/\/cleanster.com\/it\/wp-json\/wp\/v2\/pages"}],"about":[{"href":"https:\/\/cleanster.com\/it\/wp-json\/wp\/v2\/types\/page"}],"author":[{"embeddable":true,"href":"https:\/\/cleanster.com\/it\/wp-json\/wp\/v2\/users\/2"}],"replies":[{"embeddable":true,"href":"https:\/\/cleanster.com\/it\/wp-json\/wp\/v2\/comments?post=14967"}],"version-history":[{"count":0,"href":"https:\/\/cleanster.com\/it\/wp-json\/wp\/v2\/pages\/14967\/revisions"}],"wp:attachment":[{"href":"https:\/\/cleanster.com\/it\/wp-json\/wp\/v2\/media?parent=14967"}],"curies":[{"name":"wp","href":"https:\/\/api.w.org\/{rel}","templated":true}]}}