{"id":1572,"date":"2021-12-23T02:08:18","date_gmt":"2021-12-23T02:08:18","guid":{"rendered":"https:\/\/cleanster.com\/?page_id=1572"},"modified":"2024-01-08T11:41:49","modified_gmt":"2024-01-08T11:41:49","slug":"reporting-e-analisi","status":"publish","type":"page","link":"https:\/\/cleanster.com\/it\/reporting-e-analisi\/","title":{"rendered":"Reporting e analisi"},"content":{"rendered":"<p><span style=\"color: #ffffff;\">Nell&#039;era digitale, i dati sono sovrani. Per il settore delle pulizie, questo si traduce nell&#039;esigenza critica di reporting e analisi avanzati per semplificare le operazioni e migliorare l&#039;erogazione dei servizi. Cleanster.com, una piattaforma di servizi di pulizia pionieristica, sta stabilendo nuovi parametri di riferimento integrando strumenti di reporting e analisi completi. Questa integrazione si allinea perfettamente con la nostra missione di fornire un comodo accesso ai servizi di pulizia, offrendo al contempo ai professionisti dei servizi opportunit\u00e0 di lavoro etiche.<\/span><\/p>\n<h2><span style=\"color: #ffffff;\">Trasformare i servizi di pulizia con informazioni basate sui dati<\/span><\/h2>\n<h3><span style=\"color: #ffffff;\"><strong>1. Analisi approfondita delle prestazioni:<\/strong><\/span><\/h3>\n<p><span style=\"color: #ffffff;\">Gli strumenti di reporting di Cleanster.com offrono informazioni dettagliate sulle prestazioni dei team di pulizia. Analizzando fattori come efficienza temporale, valutazioni della soddisfazione del cliente e percentuali di clienti abituali, forniamo ai professionisti dei servizi dati fruibili per perfezionare continuamente i loro servizi.<\/span><\/p>\n<h3><span style=\"color: #ffffff;\"><strong>2. Rendicontazione finanziaria per la trasparenza:<\/strong><\/span><\/h3>\n<p><span style=\"color: #ffffff;\">La trasparenza nelle transazioni finanziarie \u00e8 fondamentale sia per i professionisti dei servizi che per i clienti. Cleanster.com fornisce report finanziari dettagliati, inclusi guadagni, spese e cronologie dei pagamenti. Questo livello di trasparenza \u00e8 essenziale per i professionisti dei servizi che aspirano a diventare imprenditori, aiutandoli a gestire le proprie finanze in modo efficace.<\/span><\/p>\n<h3><span style=\"color: #ffffff;\"><strong>3. Feedback e valutazioni dei clienti:<\/strong><\/span><\/h3>\n<p><span style=\"color: #ffffff;\">Il feedback dei clienti \u00e8 una miniera d&#039;oro di informazioni. Cleanster.com d\u00e0 priorit\u00e0 a questo aspetto incorporando le valutazioni e le recensioni dei clienti nei suoi report. Questo feedback aiuta i professionisti delle pulizie a comprendere le aspettative dei clienti e le aree di miglioramento, promuovendo una cultura di eccellenza.<\/span><\/p>\n<h2><span style=\"color: #ffffff;\">Migliorare l&#039;efficienza operativa<\/span><\/h2>\n<h3><span style=\"color: #ffffff;\"><strong>1. Monitoraggio dei lavori in tempo reale:<\/strong><\/span><\/h3>\n<p><span style=\"color: #ffffff;\">La nostra piattaforma offre funzionalit\u00e0 di monitoraggio del lavoro in tempo reale, consentendo ai professionisti delle pulizie di monitorare in modo completo l&#039;avanzamento del lavoro. Questa funzionalit\u00e0 garantisce il completamento tempestivo delle attivit\u00e0 e aiuta ad adattare i programmi in modo proattivo.<\/span><\/p>\n<h3><span style=\"color: #ffffff;\"><strong>2. Utilizzo e gestione dell&#039;inventario:<\/strong><\/span><\/h3>\n<p><span style=\"color: #ffffff;\">Con <a style=\"color: #ffffff;\" href=\"https:\/\/cleanster.com\">Cleanster. com<\/a>, i professionisti dei servizi possono monitorare l&#039;utilizzo dell&#039;inventario nel tempo. Questa analisi aiuta a prevedere le future esigenze di inventario, evitando scenari di sovrapproduzione o sottoscorta e ottimizzando l&#039;utilizzo delle risorse.<\/span><\/p>\n<h3><span style=\"color: #ffffff;\"><strong>3. Report personalizzabili:<\/strong><\/span><\/h3>\n<p><span style=\"color: #ffffff;\">Poich\u00e9 ogni professionista delle pulizie e ogni cliente ha esigenze uniche, Cleanster.com offre report personalizzabili. Gli utenti possono selezionare i parametri su cui vogliono concentrarsi, rendendo lo strumento di reporting adattabile e intuitivo.<\/span><\/p>\n<h2><span style=\"color: #ffffff;\">Promuovere la crescita aziendale e la soddisfazione del cliente<\/span><\/h2>\n<h3><span style=\"color: #ffffff;\"><strong>1. Decisioni aziendali strategiche:<\/strong><\/span><\/h3>\n<p><span style=\"color: #ffffff;\">Dotati di dati completi, i professionisti della pulizia che utilizzano Cleanster.com possono prendere decisioni informate, <a style=\"color: #ffffff;\" href=\"https:\/\/hbr.org\/2013\/11\/what-makes-strategic-decisions-different\">decisioni aziendali strategiche<\/a>Che si tratti di ampliare i servizi, modificare i prezzi o migliorare gli sforzi di marketing, le decisioni basate sui dati portano a una crescita aziendale sostenibile.<\/span><\/p>\n<h3><span style=\"color: #ffffff;\"><strong>2. Soddisfare le aspettative del cliente:<\/strong><\/span><\/h3>\n<p><span style=\"color: #ffffff;\">Comprendendo le esigenze del cliente tramite feedback e analisi delle prestazioni, i professionisti delle pulizie possono personalizzare i loro servizi per soddisfare e superare queste aspettative. Questo approccio incentrato sul cliente \u00e8 fondamentale per costruire lealt\u00e0 e una solida reputazione.<\/span><\/p>\n<h3><span style=\"color: #ffffff;\"><strong>3. Vantaggio competitivo:<\/strong><\/span><\/h3>\n<p><span style=\"color: #ffffff;\">In un mercato competitivo, gli strumenti di reporting e analisi di Cleanster.com offrono un vantaggio significativo. I professionisti dei servizi dotati di approfondimenti dettagliati possono offrire servizi superiori, differenziandosi nel settore.<\/span><\/p>\n<h2><span style=\"color: #ffffff;\">Conclusione: il futuro della pulizia \u00e8 basato sui dati<\/span><\/h2>\n<p><span style=\"color: #ffffff;\">Cleanster.com sta rivoluzionando il settore dei servizi di pulizia abbracciando il potere dei dati. Con i nostri strumenti avanzati di reporting e analisi, non stiamo solo facilitando i servizi di pulizia, ma stiamo anche potenziando i professionisti e soddisfacendo i clienti attraverso approfondimenti intelligenti. In un mondo in cui i dati guidano le decisioni, Cleanster.com sta guidando la carica, un report alla volta.<\/span><\/p>","protected":false},"excerpt":{"rendered":"<p>In the digital age, data is king. For the cleaning industry, this translates into the critical need for advanced reporting and analysis to streamline operations and enhance service delivery. Cleanster.com, a trailblazing cleaning service platform, is setting new benchmarks by integrating comprehensive reporting and analysis tools. This integration aligns perfectly with our mission to provide [&hellip;]<\/p>\n","protected":false},"author":1,"featured_media":0,"parent":0,"menu_order":0,"comment_status":"closed","ping_status":"closed","template":"templates\/rental.php","meta":{"_acf_changed":false,"footnotes":""},"class_list":["post-1572","page","type-page","status-publish","hentry","entry"],"acf":[],"yoast_head":"<!-- This site is optimized with the Yoast SEO Premium plugin v26.5 (Yoast SEO v27.4) - https:\/\/yoast.com\/product\/yoast-seo-premium-wordpress\/ -->\n<title>Regarding the Cleanster.com\u2019s modern reporting &amp; analysis factor<\/title>\n<meta name=\"description\" content=\"We offer smart and useful reporting and analysis features for your home or business cleaning service at a reasonable price. Check the detail\" \/>\n<meta name=\"robots\" content=\"index, follow, max-snippet:-1, max-image-preview:large, max-video-preview:-1\" \/>\n<link rel=\"canonical\" href=\"https:\/\/cleanster.com\/it\/reporting-e-analisi\/\" \/>\n<meta property=\"og:locale\" content=\"it_IT\" \/>\n<meta property=\"og:type\" content=\"article\" \/>\n<meta property=\"og:title\" content=\"Reporting and Analysis - Cleanster | Cleaning &amp; Maid Services Near You\" \/>\n<meta property=\"og:description\" content=\"We offer smart and useful reporting and analysis features for your home or business cleaning service at a reasonable price. Check the detail\" \/>\n<meta property=\"og:url\" content=\"https:\/\/cleanster.com\/it\/reporting-e-analisi\/\" \/>\n<meta property=\"og:site_name\" content=\"Cleanster | Cleaning &amp; Maid Services Near You\" \/>\n<meta property=\"article:publisher\" content=\"https:\/\/www.facebook.com\/cleansterhq\" \/>\n<meta property=\"article:modified_time\" content=\"2024-01-08T11:41:49+00:00\" \/>\n<meta property=\"og:image\" content=\"https:\/\/cleanster.com\/wp-content\/uploads\/2023\/11\/card@3x.png\" \/>\n\t<meta property=\"og:image:width\" content=\"1170\" \/>\n\t<meta property=\"og:image:height\" content=\"763\" \/>\n\t<meta property=\"og:image:type\" content=\"image\/png\" \/>\n<meta name=\"twitter:card\" content=\"summary_large_image\" \/>\n<meta name=\"twitter:site\" content=\"@cleansterhq\" \/>\n<meta name=\"twitter:label1\" content=\"Tempo di lettura stimato\" \/>\n\t<meta name=\"twitter:data1\" content=\"3 minuti\" \/>\n<script type=\"application\/ld+json\" class=\"yoast-schema-graph\">{\"@context\":\"https:\\\/\\\/schema.org\",\"@graph\":[{\"@type\":\"WebPage\",\"@id\":\"https:\\\/\\\/cleanster.com\\\/reporting-and-analysis\\\/\",\"url\":\"https:\\\/\\\/cleanster.com\\\/reporting-and-analysis\\\/\",\"name\":\"Regarding the Cleanster.com\u2019s modern reporting & analysis factor\",\"isPartOf\":{\"@id\":\"https:\\\/\\\/cleanster.com\\\/#website\"},\"datePublished\":\"2021-12-23T02:08:18+00:00\",\"dateModified\":\"2024-01-08T11:41:49+00:00\",\"description\":\"We offer smart and useful reporting and analysis features for your home or business cleaning service at a reasonable price. Check the detail\",\"inLanguage\":\"it-IT\",\"potentialAction\":[{\"@type\":\"ReadAction\",\"target\":[\"https:\\\/\\\/cleanster.com\\\/reporting-and-analysis\\\/\"]}]},{\"@type\":\"WebSite\",\"@id\":\"https:\\\/\\\/cleanster.com\\\/#website\",\"url\":\"https:\\\/\\\/cleanster.com\\\/\",\"name\":\"Cleanster | Cleaning & Maid Services Near You\",\"description\":\"Instantly find &amp; book trusted cleaners for homes, apartment, Airbnb, and offices. Cleanster offers affordable maid, housekeeping, and commercial cleaning services near you.\",\"publisher\":{\"@id\":\"https:\\\/\\\/cleanster.com\\\/#organization\"},\"alternateName\":\"Cleanster | Cleaning, Maid & Housekeeping Services for Everyone\",\"potentialAction\":[{\"@type\":\"SearchAction\",\"target\":{\"@type\":\"EntryPoint\",\"urlTemplate\":\"https:\\\/\\\/cleanster.com\\\/?s={search_term_string}\"},\"query-input\":{\"@type\":\"PropertyValueSpecification\",\"valueRequired\":true,\"valueName\":\"search_term_string\"}}],\"inLanguage\":\"it-IT\"},{\"@type\":\"Organization\",\"@id\":\"https:\\\/\\\/cleanster.com\\\/#organization\",\"name\":\"Cleanster\",\"alternateName\":\"Cleanster.com\",\"url\":\"https:\\\/\\\/cleanster.com\\\/\",\"logo\":{\"@type\":\"ImageObject\",\"inLanguage\":\"it-IT\",\"@id\":\"https:\\\/\\\/cleanster.com\\\/#\\\/schema\\\/logo\\\/image\\\/\",\"url\":\"https:\\\/\\\/cleanster.com\\\/wp-content\\\/uploads\\\/2025\\\/06\\\/Cleanster-Logo-1.svg\",\"contentUrl\":\"https:\\\/\\\/cleanster.com\\\/wp-content\\\/uploads\\\/2025\\\/06\\\/Cleanster-Logo-1.svg\",\"width\":1,\"height\":1,\"caption\":\"Cleanster\"},\"image\":{\"@id\":\"https:\\\/\\\/cleanster.com\\\/#\\\/schema\\\/logo\\\/image\\\/\"},\"sameAs\":[\"https:\\\/\\\/www.facebook.com\\\/cleansterhq\",\"https:\\\/\\\/x.com\\\/cleansterhq\",\"https:\\\/\\\/www.linkedin.com\\\/company\\\/cleansterhq\",\"https:\\\/\\\/www.instagram.com\\\/cleansterhq\",\"https:\\\/\\\/vm.tiktok.com\\\/ZM8vHmcuo\\\/\",\"https:\\\/\\\/www.clubhouse.com\\\/club\\\/cleanstercom\"],\"description\":\"Cleanster is an AI-powered cleaning services platform that connects Airbnb hosts, property managers, and commercial clients with vetted, on-demand cleaners. We offer apartment, house, Airbnb, commercial, and janitorial cleaning services. With a network of over 100,000 professionals across the US, Canada, and the UK, Cleanster delivers fast, reliable, and tech-enabled cleaning at scale.\",\"email\":\"support@cleanster.com\",\"telephone\":\"+1 (888) 788-2445\",\"legalName\":\"Cleanster, Inc.\",\"foundingDate\":\"2019-05-06\",\"duns\":\"118328526\",\"naics\":\"541511\",\"numberOfEmployees\":{\"@type\":\"QuantitativeValue\",\"minValue\":\"11\",\"maxValue\":\"50\"}}]}<\/script>\n<!-- \/ Yoast SEO Premium plugin. -->","yoast_head_json":{"title":"Per quanto riguarda il moderno fattore di reporting e analisi di Cleanster.com","description":"Offriamo funzionalit\u00e0 di reporting e analisi intelligenti e utili per il tuo servizio di pulizia domestica o aziendale a un prezzo ragionevole. Controlla i dettagli","robots":{"index":"index","follow":"follow","max-snippet":"max-snippet:-1","max-image-preview":"max-image-preview:large","max-video-preview":"max-video-preview:-1"},"canonical":"https:\/\/cleanster.com\/it\/reporting-e-analisi\/","og_locale":"it_IT","og_type":"article","og_title":"Reporting and Analysis - Cleanster | Cleaning &amp; Maid Services Near You","og_description":"We offer smart and useful reporting and analysis features for your home or business cleaning service at a reasonable price. Check the detail","og_url":"https:\/\/cleanster.com\/it\/reporting-e-analisi\/","og_site_name":"Cleanster | Cleaning &amp; Maid Services Near You","article_publisher":"https:\/\/www.facebook.com\/cleansterhq","article_modified_time":"2024-01-08T11:41:49+00:00","og_image":[{"width":1170,"height":763,"url":"https:\/\/cleanster.com\/wp-content\/uploads\/2023\/11\/card@3x.png","type":"image\/png"}],"twitter_card":"summary_large_image","twitter_site":"@cleansterhq","twitter_misc":{"Tempo di lettura stimato":"3 minuti"},"schema":{"@context":"https:\/\/schema.org","@graph":[{"@type":"WebPage","@id":"https:\/\/cleanster.com\/reporting-and-analysis\/","url":"https:\/\/cleanster.com\/reporting-and-analysis\/","name":"Per quanto riguarda il moderno fattore di reporting e analisi di Cleanster.com","isPartOf":{"@id":"https:\/\/cleanster.com\/#website"},"datePublished":"2021-12-23T02:08:18+00:00","dateModified":"2024-01-08T11:41:49+00:00","description":"Offriamo funzionalit\u00e0 di reporting e analisi intelligenti e utili per il tuo servizio di pulizia domestica o aziendale a un prezzo ragionevole. Controlla i dettagli","inLanguage":"it-IT","potentialAction":[{"@type":"ReadAction","target":["https:\/\/cleanster.com\/reporting-and-analysis\/"]}]},{"@type":"WebSite","@id":"https:\/\/cleanster.com\/#website","url":"https:\/\/cleanster.com\/","name":"Cleanster | Servizi di pulizia e colf vicino a te","description":"Trova e prenota subito servizi di pulizia affidabili per case, appartamenti, Airbnb e uffici. Cleanster offre servizi di pulizia domestica, domestica e commerciale a prezzi accessibili vicino a te.","publisher":{"@id":"https:\/\/cleanster.com\/#organization"},"alternateName":"Cleanster | Cleaning, Maid & Housekeeping Services for Everyone","potentialAction":[{"@type":"SearchAction","target":{"@type":"EntryPoint","urlTemplate":"https:\/\/cleanster.com\/?s={search_term_string}"},"query-input":{"@type":"PropertyValueSpecification","valueRequired":true,"valueName":"search_term_string"}}],"inLanguage":"it-IT"},{"@type":"Organization","@id":"https:\/\/cleanster.com\/#organization","name":"Pulitore","alternateName":"Cleanster.com","url":"https:\/\/cleanster.com\/","logo":{"@type":"ImageObject","inLanguage":"it-IT","@id":"https:\/\/cleanster.com\/#\/schema\/logo\/image\/","url":"https:\/\/cleanster.com\/wp-content\/uploads\/2025\/06\/Cleanster-Logo-1.svg","contentUrl":"https:\/\/cleanster.com\/wp-content\/uploads\/2025\/06\/Cleanster-Logo-1.svg","width":1,"height":1,"caption":"Cleanster"},"image":{"@id":"https:\/\/cleanster.com\/#\/schema\/logo\/image\/"},"sameAs":["https:\/\/www.facebook.com\/cleansterhq","https:\/\/x.com\/cleansterhq","https:\/\/www.linkedin.com\/company\/cleansterhq","https:\/\/www.instagram.com\/cleansterhq","https:\/\/vm.tiktok.com\/ZM8vHmcuo\/","https:\/\/www.clubhouse.com\/club\/cleanstercom"],"description":"Cleanster \u00e8 una piattaforma di servizi di pulizia basata sull&#039;intelligenza artificiale che mette in contatto host Airbnb, gestori immobiliari e clienti commerciali con addetti alle pulizie selezionati e disponibili su richiesta. Offriamo servizi di pulizia per appartamenti, case, Airbnb, attivit\u00e0 commerciali e servizi di pulizia. Con una rete di oltre 100.000 professionisti negli Stati Uniti, in Canada e nel Regno Unito, Cleanster offre servizi di pulizia rapidi, affidabili e tecnologicamente avanzati su larga scala.","email":"support@cleanster.com","telephone":"+1 (888) 788-2445","legalName":"Cleanster, Inc.","foundingDate":"2019-05-06","duns":"118328526","naics":"541511","numberOfEmployees":{"@type":"QuantitativeValue","minValue":"11","maxValue":"50"}}]}},"_links":{"self":[{"href":"https:\/\/cleanster.com\/it\/wp-json\/wp\/v2\/pages\/1572","targetHints":{"allow":["GET"]}}],"collection":[{"href":"https:\/\/cleanster.com\/it\/wp-json\/wp\/v2\/pages"}],"about":[{"href":"https:\/\/cleanster.com\/it\/wp-json\/wp\/v2\/types\/page"}],"author":[{"embeddable":true,"href":"https:\/\/cleanster.com\/it\/wp-json\/wp\/v2\/users\/1"}],"replies":[{"embeddable":true,"href":"https:\/\/cleanster.com\/it\/wp-json\/wp\/v2\/comments?post=1572"}],"version-history":[{"count":0,"href":"https:\/\/cleanster.com\/it\/wp-json\/wp\/v2\/pages\/1572\/revisions"}],"wp:attachment":[{"href":"https:\/\/cleanster.com\/it\/wp-json\/wp\/v2\/media?parent=1572"}],"curies":[{"name":"wp","href":"https:\/\/api.w.org\/{rel}","templated":true}]}}