{"id":2390,"date":"2021-12-12T02:26:02","date_gmt":"2021-12-12T02:26:02","guid":{"rendered":"https:\/\/cleanster.com\/?page_id=726"},"modified":"2024-01-08T12:30:05","modified_gmt":"2024-01-08T12:30:05","slug":"pianificazione-delle-attivita","status":"publish","type":"page","link":"https:\/\/cleanster.com\/it\/pianificazione-delle-attivita\/","title":{"rendered":"Pianificazione delle attivit\u00e0"},"content":{"rendered":"<p><span style=\"color: #ffffff;\">Nel mondo frenetico in cui viviamo oggi, una pianificazione efficiente delle attivit\u00e0 \u00e8 fondamentale nel settore delle pulizie.<a style=\"color: #ffffff;\" href=\"https:\/\/cleanster.com\/\"> Cleanster. com<\/a>, una piattaforma completa disponibile su tutti i dispositivi, sta guidando la trasformazione del modo in cui le attivit\u00e0 di pulizia vengono programmate e gestite. Con un focus sulla praticit\u00e0 per gli utenti e sul supporto ai professionisti dei servizi per diventare imprenditori, Cleanster.com si distingue come un punto di svolta nel settore. Questo articolo esplora come Cleanster.com sta rivoluzionando la programmazione delle attivit\u00e0 nei servizi di pulizia.<\/span><\/p>\n<h2><span style=\"color: #ffffff;\"><strong>Pianificazione innovativa delle attivit\u00e0 per una maggiore efficienza<\/strong><\/span><\/h2>\n<h3><span style=\"color: #ffffff;\"><strong>1. Interfaccia intuitiva:<\/strong><\/span><\/h3>\n<p><span style=\"color: #ffffff;\">Cleanster.com vanta un&#039;interfaccia intuitiva e facile da usare, che semplifica la programmazione delle attivit\u00e0 di pulizia da parte dei clienti. Che si tratti di un servizio una tantum o di appuntamenti ricorrenti, la piattaforma soddisfa tutte le esigenze con pochi clic.<\/span><\/p>\n<h3><span style=\"color: #ffffff;\"><strong>2. Disponibilit\u00e0 in tempo reale:<\/strong><\/span><\/h3>\n<p><span style=\"color: #ffffff;\">La funzionalit\u00e0 di disponibilit\u00e0 in tempo reale dell&#039;app consente ai clienti di visualizzare e prenotare professionisti delle pulizie in base al loro programma attuale. Questa funzionalit\u00e0 non solo fa risparmiare tempo, ma garantisce anche conferme di prenotazione immediate, migliorando la soddisfazione del cliente.<\/span><\/p>\n<h2><span style=\"color: #ffffff;\"><strong>Potenziare i professionisti delle pulizie con orari flessibili<\/strong><\/span><\/h2>\n<h3><span style=\"color: #ffffff;\"><strong>1. Controllo imprenditoriale:<\/strong><\/span><\/h3>\n<p><span style=\"color: #ffffff;\">Su Cleanster.com, i professionisti dei servizi hanno la flessibilit\u00e0 di gestire i propri programmi. Questa autonomia consente loro di <a style=\"color: #ffffff;\" href=\"https:\/\/www.indeed.com\/career-advice\/finding-a-job\/entrepreneur-jobs\">lavorare come imprenditori<\/a>, scegliendo incarichi in linea con la loro disponibilit\u00e0 e preferenze.<\/span><\/p>\n<h3><span style=\"color: #ffffff;\"><strong>2. Gestione efficiente del carico di lavoro:<\/strong><\/span><\/h3>\n<p><span style=\"color: #ffffff;\">Il sistema di pianificazione della piattaforma consente agli addetti alle pulizie di gestire in modo efficiente il proprio carico di lavoro. Avendo il controllo sui propri programmi, possono ottimizzare le proprie ore di lavoro, assicurando una vita lavorativa equilibrata e produttiva.<\/span><\/p>\n<h2><span style=\"color: #ffffff;\"><strong>Integrazione e coordinamento senza soluzione di continuit\u00e0<\/strong><\/span><\/h2>\n<h3><span style=\"color: #ffffff;\"><strong>1. Coordinamento tra i team:<\/strong><\/span><\/h3>\n<p><span style=\"color: #ffffff;\">Il sistema di pianificazione avanzato di Cleanster.com facilita il coordinamento senza soluzione di continuit\u00e0 tra i team di pulizia. Ci\u00f2 garantisce che le attivit\u00e0 siano distribuite uniformemente e completate in modo tempestivo, portando a una maggiore efficienza operativa.<\/span><\/p>\n<h3><span style=\"color: #ffffff;\"><strong>2. Integrazione con i calendari:<\/strong><\/span><\/h3>\n<p><span style=\"color: #ffffff;\">L&#039;app si integra con i calendari personali e professionali, consentendo agli utenti e ai fornitori di servizi di sincronizzare i loro programmi di pulizia con altri impegni. Questa integrazione assicura un equilibrio armonioso tra vita personale e professionale.<\/span><\/p>\n<h2><span style=\"color: #ffffff;\"><strong>Pianificazione personalizzata per esigenze diverse<\/strong><\/span><\/h2>\n<h3><span style=\"color: #ffffff;\"><strong>1. Su misura per le esigenze del cliente:<\/strong><\/span><\/h3>\n<p><span style=\"color: #ffffff;\">Consapevole che ogni cliente ha esigenze uniche, Cleanster.com offre opzioni di programmazione personalizzate. Che si tratti di servizi di pulizia residenziali, commerciali o specializzati, la piattaforma pu\u00f2 soddisfare vari requisiti.<\/span><\/p>\n<h3><span style=\"color: #ffffff;\"><strong>2. Pianificazione anticipata e promemoria:<\/strong><\/span><\/h3>\n<p><span style=\"color: #ffffff;\">Grazie alle opzioni di programmazione anticipata e ai promemoria automatici, clienti e professionisti possono pianificare in anticipo, assicurandosi che le attivit\u00e0 di pulizia non vengano mai trascurate o dimenticate.<\/span><\/p>\n<h2><span style=\"color: #ffffff;\"><strong>Conclusione: Cleanster.com \u2013 Pioniere nella pianificazione delle attivit\u00e0 nei servizi di pulizia<\/strong><\/span><\/h2>\n<p><span style=\"color: #ffffff;\">Cleanster.com non \u00e8 solo una piattaforma di servizi di pulizia; \u00e8 una rivoluzione nella gestione delle attivit\u00e0. Con una tecnologia user-friendly con un approccio etico allo sviluppo professionale, Cleanster.com sta stabilendo nuovi standard nel settore delle pulizie. Per i clienti che cercano servizi di pulizia e per i professionisti che aspirano a crescere come imprenditori, Cleanster.com \u00e8 la soluzione definitiva, un&#039;attivit\u00e0 che si adatta alle esigenze del mondo moderno.<\/span><\/p>","protected":false},"excerpt":{"rendered":"<p>In today&#8217;s fast-paced world, efficient task scheduling is crucial in the cleaning industry. Cleanster.com, a comprehensive platform available across all devices, is leading the way in transforming how cleaning tasks are scheduled and managed. With a focus on convenience for users and supporting service professionals to become entrepreneurs, Cleanster.com stands out as a game-changer in [&hellip;]<\/p>\n","protected":false},"author":1,"featured_media":0,"parent":0,"menu_order":0,"comment_status":"closed","ping_status":"closed","template":"templates\/rental.php","meta":{"_acf_changed":false,"footnotes":""},"class_list":["post-2390","page","type-page","status-publish","hentry","entry"],"acf":[],"yoast_head":"<!-- This site is optimized with the Yoast SEO Premium plugin v26.5 (Yoast SEO v27.3) - https:\/\/yoast.com\/product\/yoast-seo-premium-wordpress\/ -->\n<title>Task Scheduling -<\/title>\n<meta name=\"description\" content=\"Scheduling cleans, inspections, maintenance repairs, and other property care tasks don&#039;t have to be a royal pain. Use Cleanster.com today.\" \/>\n<meta name=\"robots\" content=\"index, follow, max-snippet:-1, max-image-preview:large, max-video-preview:-1\" \/>\n<link rel=\"canonical\" href=\"https:\/\/cleanster.com\/it\/pianificazione-delle-attivita\/\" \/>\n<meta property=\"og:locale\" content=\"it_IT\" \/>\n<meta property=\"og:type\" content=\"article\" \/>\n<meta property=\"og:title\" content=\"Task Scheduling - Cleanster | Cleaning &amp; Maid Services Near You\" \/>\n<meta property=\"og:description\" content=\"Scheduling cleans, inspections, maintenance repairs, and other property care tasks don&#039;t have to be a royal pain. Use Cleanster.com today.\" \/>\n<meta property=\"og:url\" content=\"https:\/\/cleanster.com\/it\/pianificazione-delle-attivita\/\" \/>\n<meta property=\"og:site_name\" content=\"Cleanster | Cleaning &amp; Maid Services Near You\" \/>\n<meta property=\"article:publisher\" content=\"https:\/\/www.facebook.com\/cleansterhq\" \/>\n<meta property=\"article:modified_time\" content=\"2024-01-08T12:30:05+00:00\" \/>\n<meta property=\"og:image\" content=\"https:\/\/cleanster.com\/wp-content\/uploads\/2023\/11\/card@3x.png\" \/>\n\t<meta property=\"og:image:width\" content=\"1170\" \/>\n\t<meta property=\"og:image:height\" content=\"763\" \/>\n\t<meta property=\"og:image:type\" content=\"image\/png\" \/>\n<meta name=\"twitter:card\" content=\"summary_large_image\" \/>\n<meta name=\"twitter:site\" content=\"@cleansterhq\" \/>\n<meta name=\"twitter:label1\" content=\"Tempo di lettura stimato\" \/>\n\t<meta name=\"twitter:data1\" content=\"2 minuti\" \/>\n<script type=\"application\/ld+json\" class=\"yoast-schema-graph\">{\"@context\":\"https:\\\/\\\/schema.org\",\"@graph\":[{\"@type\":\"WebPage\",\"@id\":\"https:\\\/\\\/cleanster.com\\\/task-scheduling\\\/\",\"url\":\"https:\\\/\\\/cleanster.com\\\/task-scheduling\\\/\",\"name\":\"Task Scheduling -\",\"isPartOf\":{\"@id\":\"https:\\\/\\\/cleanster.com\\\/#website\"},\"datePublished\":\"2021-12-12T02:26:02+00:00\",\"dateModified\":\"2024-01-08T12:30:05+00:00\",\"description\":\"Scheduling cleans, inspections, maintenance repairs, and other property care tasks don't have to be a royal pain. Use Cleanster.com today.\",\"inLanguage\":\"it-IT\",\"potentialAction\":[{\"@type\":\"ReadAction\",\"target\":[\"https:\\\/\\\/cleanster.com\\\/task-scheduling\\\/\"]}]},{\"@type\":\"WebSite\",\"@id\":\"https:\\\/\\\/cleanster.com\\\/#website\",\"url\":\"https:\\\/\\\/cleanster.com\\\/\",\"name\":\"Cleanster | Cleaning & Maid Services Near You\",\"description\":\"Instantly find &amp; book trusted cleaners for homes, apartment, Airbnb, and offices. Cleanster offers affordable maid, housekeeping, and commercial cleaning services near you.\",\"publisher\":{\"@id\":\"https:\\\/\\\/cleanster.com\\\/#organization\"},\"alternateName\":\"Cleanster | Cleaning, Maid & Housekeeping Services for Everyone\",\"potentialAction\":[{\"@type\":\"SearchAction\",\"target\":{\"@type\":\"EntryPoint\",\"urlTemplate\":\"https:\\\/\\\/cleanster.com\\\/?s={search_term_string}\"},\"query-input\":{\"@type\":\"PropertyValueSpecification\",\"valueRequired\":true,\"valueName\":\"search_term_string\"}}],\"inLanguage\":\"it-IT\"},{\"@type\":\"Organization\",\"@id\":\"https:\\\/\\\/cleanster.com\\\/#organization\",\"name\":\"Cleanster\",\"alternateName\":\"Cleanster.com\",\"url\":\"https:\\\/\\\/cleanster.com\\\/\",\"logo\":{\"@type\":\"ImageObject\",\"inLanguage\":\"it-IT\",\"@id\":\"https:\\\/\\\/cleanster.com\\\/#\\\/schema\\\/logo\\\/image\\\/\",\"url\":\"https:\\\/\\\/cleanster.com\\\/wp-content\\\/uploads\\\/2025\\\/06\\\/Cleanster-Logo-1.svg\",\"contentUrl\":\"https:\\\/\\\/cleanster.com\\\/wp-content\\\/uploads\\\/2025\\\/06\\\/Cleanster-Logo-1.svg\",\"width\":1,\"height\":1,\"caption\":\"Cleanster\"},\"image\":{\"@id\":\"https:\\\/\\\/cleanster.com\\\/#\\\/schema\\\/logo\\\/image\\\/\"},\"sameAs\":[\"https:\\\/\\\/www.facebook.com\\\/cleansterhq\",\"https:\\\/\\\/x.com\\\/cleansterhq\",\"https:\\\/\\\/www.linkedin.com\\\/company\\\/cleansterhq\",\"https:\\\/\\\/www.instagram.com\\\/cleansterhq\",\"https:\\\/\\\/vm.tiktok.com\\\/ZM8vHmcuo\\\/\",\"https:\\\/\\\/www.clubhouse.com\\\/club\\\/cleanstercom\"],\"description\":\"Cleanster is an AI-powered cleaning services platform that connects Airbnb hosts, property managers, and commercial clients with vetted, on-demand cleaners. We offer apartment, house, Airbnb, commercial, and janitorial cleaning services. With a network of over 100,000 professionals across the US, Canada, and the UK, Cleanster delivers fast, reliable, and tech-enabled cleaning at scale.\",\"email\":\"support@cleanster.com\",\"telephone\":\"+1 (888) 788-2445\",\"legalName\":\"Cleanster, Inc.\",\"foundingDate\":\"2019-05-06\",\"duns\":\"118328526\",\"naics\":\"541511\",\"numberOfEmployees\":{\"@type\":\"QuantitativeValue\",\"minValue\":\"11\",\"maxValue\":\"50\"}}]}<\/script>\n<!-- \/ Yoast SEO Premium plugin. -->","yoast_head_json":{"title":"Pianificazione delle attivit\u00e0 -","description":"Pianificare pulizie, ispezioni, riparazioni di manutenzione e altre attivit\u00e0 di cura della propriet\u00e0 non deve essere una seccatura. Utilizza Cleanster.com oggi stesso.","robots":{"index":"index","follow":"follow","max-snippet":"max-snippet:-1","max-image-preview":"max-image-preview:large","max-video-preview":"max-video-preview:-1"},"canonical":"https:\/\/cleanster.com\/it\/pianificazione-delle-attivita\/","og_locale":"it_IT","og_type":"article","og_title":"Task Scheduling - Cleanster | Cleaning &amp; Maid Services Near You","og_description":"Scheduling cleans, inspections, maintenance repairs, and other property care tasks don't have to be a royal pain. Use Cleanster.com today.","og_url":"https:\/\/cleanster.com\/it\/pianificazione-delle-attivita\/","og_site_name":"Cleanster | Cleaning &amp; Maid Services Near You","article_publisher":"https:\/\/www.facebook.com\/cleansterhq","article_modified_time":"2024-01-08T12:30:05+00:00","og_image":[{"width":1170,"height":763,"url":"https:\/\/cleanster.com\/wp-content\/uploads\/2023\/11\/card@3x.png","type":"image\/png"}],"twitter_card":"summary_large_image","twitter_site":"@cleansterhq","twitter_misc":{"Tempo di lettura stimato":"2 minuti"},"schema":{"@context":"https:\/\/schema.org","@graph":[{"@type":"WebPage","@id":"https:\/\/cleanster.com\/task-scheduling\/","url":"https:\/\/cleanster.com\/task-scheduling\/","name":"Pianificazione delle attivit\u00e0 -","isPartOf":{"@id":"https:\/\/cleanster.com\/#website"},"datePublished":"2021-12-12T02:26:02+00:00","dateModified":"2024-01-08T12:30:05+00:00","description":"Pianificare pulizie, ispezioni, riparazioni di manutenzione e altre attivit\u00e0 di cura della propriet\u00e0 non deve essere una seccatura. Utilizza Cleanster.com oggi stesso.","inLanguage":"it-IT","potentialAction":[{"@type":"ReadAction","target":["https:\/\/cleanster.com\/task-scheduling\/"]}]},{"@type":"WebSite","@id":"https:\/\/cleanster.com\/#website","url":"https:\/\/cleanster.com\/","name":"Cleanster | Servizi di pulizia e colf vicino a te","description":"Trova e prenota subito servizi di pulizia affidabili per case, appartamenti, Airbnb e uffici. Cleanster offre servizi di pulizia domestica, domestica e commerciale a prezzi accessibili vicino a te.","publisher":{"@id":"https:\/\/cleanster.com\/#organization"},"alternateName":"Cleanster | Cleaning, Maid & Housekeeping Services for Everyone","potentialAction":[{"@type":"SearchAction","target":{"@type":"EntryPoint","urlTemplate":"https:\/\/cleanster.com\/?s={search_term_string}"},"query-input":{"@type":"PropertyValueSpecification","valueRequired":true,"valueName":"search_term_string"}}],"inLanguage":"it-IT"},{"@type":"Organization","@id":"https:\/\/cleanster.com\/#organization","name":"Pulitore","alternateName":"Cleanster.com","url":"https:\/\/cleanster.com\/","logo":{"@type":"ImageObject","inLanguage":"it-IT","@id":"https:\/\/cleanster.com\/#\/schema\/logo\/image\/","url":"https:\/\/cleanster.com\/wp-content\/uploads\/2025\/06\/Cleanster-Logo-1.svg","contentUrl":"https:\/\/cleanster.com\/wp-content\/uploads\/2025\/06\/Cleanster-Logo-1.svg","width":1,"height":1,"caption":"Cleanster"},"image":{"@id":"https:\/\/cleanster.com\/#\/schema\/logo\/image\/"},"sameAs":["https:\/\/www.facebook.com\/cleansterhq","https:\/\/x.com\/cleansterhq","https:\/\/www.linkedin.com\/company\/cleansterhq","https:\/\/www.instagram.com\/cleansterhq","https:\/\/vm.tiktok.com\/ZM8vHmcuo\/","https:\/\/www.clubhouse.com\/club\/cleanstercom"],"description":"Cleanster \u00e8 una piattaforma di servizi di pulizia basata sull&#039;intelligenza artificiale che mette in contatto host Airbnb, gestori immobiliari e clienti commerciali con addetti alle pulizie selezionati e disponibili su richiesta. Offriamo servizi di pulizia per appartamenti, case, Airbnb, attivit\u00e0 commerciali e servizi di pulizia. Con una rete di oltre 100.000 professionisti negli Stati Uniti, in Canada e nel Regno Unito, Cleanster offre servizi di pulizia rapidi, affidabili e tecnologicamente avanzati su larga scala.","email":"support@cleanster.com","telephone":"+1 (888) 788-2445","legalName":"Cleanster, Inc.","foundingDate":"2019-05-06","duns":"118328526","naics":"541511","numberOfEmployees":{"@type":"QuantitativeValue","minValue":"11","maxValue":"50"}}]}},"_links":{"self":[{"href":"https:\/\/cleanster.com\/it\/wp-json\/wp\/v2\/pages\/2390","targetHints":{"allow":["GET"]}}],"collection":[{"href":"https:\/\/cleanster.com\/it\/wp-json\/wp\/v2\/pages"}],"about":[{"href":"https:\/\/cleanster.com\/it\/wp-json\/wp\/v2\/types\/page"}],"author":[{"embeddable":true,"href":"https:\/\/cleanster.com\/it\/wp-json\/wp\/v2\/users\/1"}],"replies":[{"embeddable":true,"href":"https:\/\/cleanster.com\/it\/wp-json\/wp\/v2\/comments?post=2390"}],"version-history":[{"count":0,"href":"https:\/\/cleanster.com\/it\/wp-json\/wp\/v2\/pages\/2390\/revisions"}],"wp:attachment":[{"href":"https:\/\/cleanster.com\/it\/wp-json\/wp\/v2\/media?parent=2390"}],"curies":[{"name":"wp","href":"https:\/\/api.w.org\/{rel}","templated":true}]}}