{"id":2392,"date":"2021-12-23T01:53:00","date_gmt":"2021-12-23T01:53:00","guid":{"rendered":"https:\/\/cleanster.com\/?page_id=1426"},"modified":"2025-07-18T16:47:55","modified_gmt":"2025-07-18T16:47:55","slug":"potenti-integrazioni-con-i-sistemi-pms-ical","status":"publish","type":"page","link":"https:\/\/cleanster.com\/it\/potenti-integrazioni-con-i-sistemi-pms-ical\/","title":{"rendered":"Potenti integrazioni con sistemi PMS e iCal"},"content":{"rendered":"<p><span style=\"color: #ffffff;\">Nel dinamico mondo dei servizi di pulizia, efficienza e coordinamento sono fondamentali. <a style=\"color: #ffffff;\" href=\"https:\/\/cleanster.com\/\">Cleanster. com<\/a>, una piattaforma leader nella fornitura di servizi di pulizia accessibili e nell&#039;empowerment dei professionisti dei servizi, sta compiendo un significativo passo avanti integrandosi con <a style=\"color: #ffffff;\" href=\"https:\/\/www.doorloop.com\/blog\/property-management-system\">Sistemi di gestione immobiliare<\/a> (PMS) e iCalendar (iCal). Questo progresso semplifica le operazioni, garantendo una pianificazione e una gestione fluide sia per i fornitori di servizi che per i clienti.<\/span><\/p>\n<h2><span style=\"color: #ffffff;\"><strong>Sincronizzazione perfetta con il sistema PMS<\/strong><\/span><\/h2>\n<h3><span style=\"color: #ffffff;\"><strong>1. Coordinamento migliorato:<\/strong><\/span><\/h3>\n<p><span style=\"color: #ffffff;\">L&#039;integrazione con PMS consente un coordinamento senza pari tra property manager e team di pulizia. Collegando direttamente la piattaforma di Cleanster.com con PMS, la pianificazione diventa pi\u00f9 efficiente, riducendo la probabilit\u00e0 di doppie prenotazioni o conflitti di pianificazione.<\/span><\/p>\n<h3><span style=\"color: #ffffff;\"><strong>2. Aggiornamenti sulla disponibilit\u00e0 in tempo reale:<\/strong><\/span><\/h3>\n<p><span style=\"color: #ffffff;\">Man mano che le prenotazioni vengono effettuate o modificate all&#039;interno del PMS, Cleanster.com si aggiorna in tempo reale. Questa funzionalit\u00e0 assicura che i professionisti delle pulizie siano sempre aggiornati, consentendo loro di pianificare i propri programmi in modo efficace ed evitare corse dell&#039;ultimo minuto.<\/span><\/p>\n<h3><span style=\"color: #ffffff;\"><strong>3. Operazioni semplificate:<\/strong><\/span><\/h3>\n<p><span style=\"color: #ffffff;\">Questa integrazione semplifica il processo di gestione per i property manager. Con programmi di pulizia direttamente collegati ai check-in e ai check-out degli ospiti, garantisce che le propriet\u00e0 siano sempre pronte e accoglienti, migliorando le esperienze degli ospiti.<\/span><\/p>\n<h2><span style=\"color: #ffffff;\"><strong>Integrazione iCal per una pi\u00f9 ampia accessibilit\u00e0<\/strong><\/span><\/h2>\n<h3><span style=\"color: #ffffff;\"><strong>1. Compatibilit\u00e0 del calendario universale:<\/strong><\/span><\/h3>\n<p><span style=\"color: #ffffff;\">Integrandosi con iCal, Cleanster.com amplia la sua accessibilit\u00e0. Gli utenti possono sincronizzare i loro programmi di pulizia con praticamente qualsiasi calendario digitale, che sia Google Calendar, Outlook o Apple Calendar, offrendo flessibilit\u00e0 e facilit\u00e0 d&#039;uso.<\/span><\/p>\n<h3><span style=\"color: #ffffff;\"><strong>2. Pianificazione semplificata:<\/strong><\/span><\/h3>\n<p><span style=\"color: #ffffff;\">Questa integrazione significa che i property manager e i professionisti delle pulizie possono visualizzare e gestire i loro programmi nel formato con cui si sentono pi\u00f9 a loro agio. Riduce la curva di apprendimento e la necessit\u00e0 di pi\u00f9 sistemi di calendario.<\/span><\/p>\n<h3><span style=\"color: #ffffff;\"><strong>3. Comunicazione migliorata:<\/strong><\/span><\/h3>\n<p><span style=\"color: #ffffff;\">Con l&#039;integrazione iCal, promemoria e notifiche sugli appuntamenti di pulizia possono essere impostati per garantire che nessun dettaglio venga trascurato. Questo livello di comunicazione \u00e8 fondamentale per mantenere elevati standard di fornitura del servizio.<\/span><\/p>\n<h1><span style=\"color: #ffffff;\">Cleanster.com: Miglioramento delle operazioni di pulizia con potenti integrazioni con i sistemi PMS e iCal<\/span><\/h1>\n<p><span style=\"color: #ffffff;\">Nel dinamico mondo dei servizi di pulizia, efficienza e coordinamento sono essenziali. Cleanster.com, una piattaforma leader nella fornitura di servizi di pulizia accessibili e nell&#039;empowerment dei professionisti dei servizi, sta compiendo un significativo passo avanti integrandosi con Property Management Systems (PMS) e iCalendar (iCal). Questo progresso semplifica le operazioni, garantendo una pianificazione e una gestione senza interruzioni sia per i fornitori di servizi che per i clienti.<\/span><\/p>\n<h2><span style=\"color: #ffffff;\"><strong>Sincronizzazione perfetta con i sistemi di gestione immobiliare<\/strong><\/span><\/h2>\n<h3><span style=\"color: #ffffff;\"><strong>1. Coordinamento migliorato:<\/strong><\/span><\/h3>\n<p><span style=\"color: #ffffff;\">L&#039;integrazione con PMS consente un coordinamento senza pari tra property manager e team di pulizia. Collegando direttamente la piattaforma di Cleanster.com con PMS, la pianificazione diventa pi\u00f9 efficiente, riducendo la probabilit\u00e0 di doppie prenotazioni o conflitti di pianificazione.<\/span><\/p>\n<h3><span style=\"color: #ffffff;\"><strong>2. Aggiornamenti sulla disponibilit\u00e0 in tempo reale:<\/strong><\/span><\/h3>\n<p><span style=\"color: #ffffff;\">Man mano che le prenotazioni vengono effettuate o modificate all&#039;interno del PMS, Cleanster.com si aggiorna in tempo reale. Questa funzionalit\u00e0 assicura che i professionisti delle pulizie siano sempre aggiornati, consentendo loro di pianificare i propri programmi in modo efficace ed evitare corse dell&#039;ultimo minuto.<\/span><\/p>\n<h3><span style=\"color: #ffffff;\"><strong>3. Operazioni semplificate:<\/strong><\/span><\/h3>\n<p><span style=\"color: #ffffff;\">Questa integrazione semplifica il processo di gestione per i property manager. Con programmi di pulizia direttamente collegati ai check-in e ai check-out degli ospiti, garantisce che le propriet\u00e0 siano sempre pronte e accoglienti, migliorando le esperienze degli ospiti.<\/span><\/p>\n<h2><span style=\"color: #ffffff;\"><strong>Integrazione iCal per una pi\u00f9 ampia accessibilit\u00e0<\/strong><\/span><\/h2>\n<h3><span style=\"color: #ffffff;\"><strong>1. Compatibilit\u00e0 del calendario universale:<\/strong><\/span><\/h3>\n<p><span style=\"color: #ffffff;\">Integrandosi con iCal, Cleanster.com amplia la sua accessibilit\u00e0. Gli utenti possono sincronizzare i loro programmi di pulizia con praticamente qualsiasi calendario digitale, che sia Google Calendar, Outlook o Apple Calendar, offrendo flessibilit\u00e0 e facilit\u00e0 d&#039;uso.<\/span><\/p>\n<h3><span style=\"color: #ffffff;\"><strong>2. Pianificazione semplificata:<\/strong><\/span><\/h3>\n<p><span style=\"color: #ffffff;\">Questa integrazione significa che i property manager e i professionisti delle pulizie possono visualizzare e gestire i loro programmi nel formato con cui si sentono pi\u00f9 a loro agio. Riduce la curva di apprendimento e la necessit\u00e0 di pi\u00f9 sistemi di calendario.<\/span><\/p>\n<h3><span style=\"color: #ffffff;\"><strong>3. Comunicazione migliorata:<\/strong><\/span><\/h3>\n<p><span style=\"color: #ffffff;\">Con l&#039;integrazione iCal, promemoria e notifiche sugli appuntamenti di pulizia possono essere impostati per garantire che nessun dettaglio venga trascurato. Questo livello di comunicazione \u00e8 fondamentale per mantenere elevati standard di fornitura del servizio.<\/span><\/p>\n<h2><span style=\"color: #ffffff;\"><strong>Vantaggi per i professionisti dei servizi e gli amministratori immobiliari<\/strong><\/span><\/h2>\n<h3><span style=\"color: #ffffff;\"><strong>1. Aumento della produttivit\u00e0:<\/strong><\/span><\/h3>\n<p><span style=\"color: #ffffff;\">Per i professionisti delle pulizie, queste integrazioni significano meno tempo dedicato alle attivit\u00e0 amministrative e pi\u00f9 tempo dedicato ai servizi di pulizia veri e propri. Questa efficienza porta a una maggiore produttivit\u00e0 e alla capacit\u00e0 di assumersi pi\u00f9 lavoro.<\/span><\/p>\n<h3><span style=\"color: #ffffff;\"><strong>2. Maggiore soddisfazione:<\/strong><\/span><\/h3>\n<p><span style=\"color: #ffffff;\">I property manager traggono vantaggio dal processo semplificato, che porta a una maggiore soddisfazione degli ospiti. Una propriet\u00e0 ben tenuta \u00e8 essenziale nel settore dell&#039;ospitalit\u00e0 e queste integrazioni assicurano che gli standard di pulizia siano costantemente rispettati.<\/span><\/p>\n<h3><span style=\"color: #ffffff;\"><strong>3. Vantaggio competitivo:<\/strong><\/span><\/h3>\n<p><span style=\"color: #ffffff;\">In un mercato in cui efficienza e affidabilit\u00e0 sono essenziali, queste integrazioni forniscono un vantaggio competitivo. Le propriet\u00e0 che utilizzano i servizi integrati di Cleanster.com possono assicurare ai propri ospiti standard impeccabili.<\/span><\/p>\n<h2><span style=\"color: #ffffff;\"><strong>Conclusione: stabilire nuovi standard nei servizi di pulizia<\/strong><\/span><\/h2>\n<p><span style=\"color: #ffffff;\">L&#039;integrazione di Cleanster.com con PMS e iCal \u00e8 pi\u00f9 di un semplice aggiornamento tecnico; \u00e8 un impegno verso l&#039;eccellenza e la praticit\u00e0 nel settore delle pulizie. Sfruttando la potenza di queste integrazioni, Cleanster.com sta stabilendo nuovi standard in termini di efficienza e affidabilit\u00e0 del servizio, consolidando ulteriormente la sua posizione di leader nel settore dei servizi di pulizia.<\/span><\/p>","protected":false},"excerpt":{"rendered":"<p>In the dynamic world of cleaning services, efficiency and coordination are key. Cleanster.com, a leading platform in providing accessible cleaning services and empowering service professionals, is taking a significant leap forward by integrating with Property Management Systems (PMS) and iCalendar (iCal). This advancement streamlines operations, ensuring seamless scheduling and management for both service providers and [&hellip;]<\/p>\n","protected":false},"author":1,"featured_media":0,"parent":0,"menu_order":0,"comment_status":"closed","ping_status":"closed","template":"templates\/rental.php","meta":{"_acf_changed":false,"footnotes":""},"class_list":["post-2392","page","type-page","status-publish","hentry","entry"],"acf":[],"yoast_head":"<!-- This site is optimized with the Yoast SEO Premium plugin v26.5 (Yoast SEO v27.3) - https:\/\/yoast.com\/product\/yoast-seo-premium-wordpress\/ -->\n<title>Powerful Integrations with Property Management Systems &amp; iCal<\/title>\n<meta name=\"description\" content=\"Our Property Management System automatically syncs your property details and reservation, which makes it easy for you\" \/>\n<meta name=\"robots\" content=\"index, follow, max-snippet:-1, max-image-preview:large, max-video-preview:-1\" \/>\n<link rel=\"canonical\" href=\"https:\/\/cleanster.com\/it\/potenti-integrazioni-con-i-sistemi-pms-ical\/\" \/>\n<meta property=\"og:locale\" content=\"it_IT\" \/>\n<meta property=\"og:type\" content=\"article\" \/>\n<meta property=\"og:title\" content=\"Powerful Integrations with PMS Systems &amp; iCal - Cleanster | Cleaning &amp; Maid Services Near You\" \/>\n<meta property=\"og:description\" content=\"Our Property Management System automatically syncs your property details and reservation, which makes it easy for you\" \/>\n<meta property=\"og:url\" content=\"https:\/\/cleanster.com\/it\/potenti-integrazioni-con-i-sistemi-pms-ical\/\" \/>\n<meta property=\"og:site_name\" content=\"Cleanster | Cleaning &amp; Maid Services Near You\" \/>\n<meta property=\"article:publisher\" content=\"https:\/\/www.facebook.com\/cleansterhq\" \/>\n<meta property=\"article:modified_time\" content=\"2025-07-18T16:47:55+00:00\" \/>\n<meta property=\"og:image\" content=\"https:\/\/cleanster.com\/wp-content\/uploads\/2023\/11\/card@3x.png\" \/>\n\t<meta property=\"og:image:width\" content=\"1170\" \/>\n\t<meta property=\"og:image:height\" content=\"763\" \/>\n\t<meta property=\"og:image:type\" content=\"image\/png\" \/>\n<meta name=\"twitter:card\" content=\"summary_large_image\" \/>\n<meta name=\"twitter:site\" content=\"@cleansterhq\" \/>\n<meta name=\"twitter:label1\" content=\"Tempo di lettura stimato\" \/>\n\t<meta name=\"twitter:data1\" content=\"4 minuti\" \/>\n<script type=\"application\/ld+json\" class=\"yoast-schema-graph\">{\"@context\":\"https:\\\/\\\/schema.org\",\"@graph\":[{\"@type\":\"WebPage\",\"@id\":\"https:\\\/\\\/cleanster.com\\\/powerful-integrations-with-pms-systems-ical\\\/\",\"url\":\"https:\\\/\\\/cleanster.com\\\/powerful-integrations-with-pms-systems-ical\\\/\",\"name\":\"Powerful Integrations with Property Management Systems & iCal\",\"isPartOf\":{\"@id\":\"https:\\\/\\\/cleanster.com\\\/#website\"},\"datePublished\":\"2021-12-23T01:53:00+00:00\",\"dateModified\":\"2025-07-18T16:47:55+00:00\",\"description\":\"Our Property Management System automatically syncs your property details and reservation, which makes it easy for you\",\"inLanguage\":\"it-IT\",\"potentialAction\":[{\"@type\":\"ReadAction\",\"target\":[\"https:\\\/\\\/cleanster.com\\\/powerful-integrations-with-pms-systems-ical\\\/\"]}]},{\"@type\":\"WebSite\",\"@id\":\"https:\\\/\\\/cleanster.com\\\/#website\",\"url\":\"https:\\\/\\\/cleanster.com\\\/\",\"name\":\"Cleanster | Cleaning & Maid Services Near You\",\"description\":\"Instantly find &amp; book trusted cleaners for homes, apartment, Airbnb, and offices. Cleanster offers affordable maid, housekeeping, and commercial cleaning services near you.\",\"publisher\":{\"@id\":\"https:\\\/\\\/cleanster.com\\\/#organization\"},\"alternateName\":\"Cleanster | Cleaning, Maid & Housekeeping Services for Everyone\",\"potentialAction\":[{\"@type\":\"SearchAction\",\"target\":{\"@type\":\"EntryPoint\",\"urlTemplate\":\"https:\\\/\\\/cleanster.com\\\/?s={search_term_string}\"},\"query-input\":{\"@type\":\"PropertyValueSpecification\",\"valueRequired\":true,\"valueName\":\"search_term_string\"}}],\"inLanguage\":\"it-IT\"},{\"@type\":\"Organization\",\"@id\":\"https:\\\/\\\/cleanster.com\\\/#organization\",\"name\":\"Cleanster\",\"alternateName\":\"Cleanster.com\",\"url\":\"https:\\\/\\\/cleanster.com\\\/\",\"logo\":{\"@type\":\"ImageObject\",\"inLanguage\":\"it-IT\",\"@id\":\"https:\\\/\\\/cleanster.com\\\/#\\\/schema\\\/logo\\\/image\\\/\",\"url\":\"https:\\\/\\\/cleanster.com\\\/wp-content\\\/uploads\\\/2025\\\/06\\\/Cleanster-Logo-1.svg\",\"contentUrl\":\"https:\\\/\\\/cleanster.com\\\/wp-content\\\/uploads\\\/2025\\\/06\\\/Cleanster-Logo-1.svg\",\"width\":1,\"height\":1,\"caption\":\"Cleanster\"},\"image\":{\"@id\":\"https:\\\/\\\/cleanster.com\\\/#\\\/schema\\\/logo\\\/image\\\/\"},\"sameAs\":[\"https:\\\/\\\/www.facebook.com\\\/cleansterhq\",\"https:\\\/\\\/x.com\\\/cleansterhq\",\"https:\\\/\\\/www.linkedin.com\\\/company\\\/cleansterhq\",\"https:\\\/\\\/www.instagram.com\\\/cleansterhq\",\"https:\\\/\\\/vm.tiktok.com\\\/ZM8vHmcuo\\\/\",\"https:\\\/\\\/www.clubhouse.com\\\/club\\\/cleanstercom\"],\"description\":\"Cleanster is an AI-powered cleaning services platform that connects Airbnb hosts, property managers, and commercial clients with vetted, on-demand cleaners. We offer apartment, house, Airbnb, commercial, and janitorial cleaning services. With a network of over 100,000 professionals across the US, Canada, and the UK, Cleanster delivers fast, reliable, and tech-enabled cleaning at scale.\",\"email\":\"support@cleanster.com\",\"telephone\":\"+1 (888) 788-2445\",\"legalName\":\"Cleanster, Inc.\",\"foundingDate\":\"2019-05-06\",\"duns\":\"118328526\",\"naics\":\"541511\",\"numberOfEmployees\":{\"@type\":\"QuantitativeValue\",\"minValue\":\"11\",\"maxValue\":\"50\"}}]}<\/script>\n<!-- \/ Yoast SEO Premium plugin. -->","yoast_head_json":{"title":"Potenti integrazioni con i sistemi di gestione della propriet\u00e0 e iCal","description":"Il nostro sistema di gestione della propriet\u00e0 sincronizza automaticamente i dettagli della tua propriet\u00e0 e la prenotazione, il che ti semplifica il compito","robots":{"index":"index","follow":"follow","max-snippet":"max-snippet:-1","max-image-preview":"max-image-preview:large","max-video-preview":"max-video-preview:-1"},"canonical":"https:\/\/cleanster.com\/it\/potenti-integrazioni-con-i-sistemi-pms-ical\/","og_locale":"it_IT","og_type":"article","og_title":"Powerful Integrations with PMS Systems & iCal - Cleanster | Cleaning &amp; Maid Services Near You","og_description":"Our Property Management System automatically syncs your property details and reservation, which makes it easy for you","og_url":"https:\/\/cleanster.com\/it\/potenti-integrazioni-con-i-sistemi-pms-ical\/","og_site_name":"Cleanster | Cleaning &amp; Maid Services Near You","article_publisher":"https:\/\/www.facebook.com\/cleansterhq","article_modified_time":"2025-07-18T16:47:55+00:00","og_image":[{"width":1170,"height":763,"url":"https:\/\/cleanster.com\/wp-content\/uploads\/2023\/11\/card@3x.png","type":"image\/png"}],"twitter_card":"summary_large_image","twitter_site":"@cleansterhq","twitter_misc":{"Tempo di lettura stimato":"4 minuti"},"schema":{"@context":"https:\/\/schema.org","@graph":[{"@type":"WebPage","@id":"https:\/\/cleanster.com\/powerful-integrations-with-pms-systems-ical\/","url":"https:\/\/cleanster.com\/powerful-integrations-with-pms-systems-ical\/","name":"Potenti integrazioni con i sistemi di gestione della propriet\u00e0 e iCal","isPartOf":{"@id":"https:\/\/cleanster.com\/#website"},"datePublished":"2021-12-23T01:53:00+00:00","dateModified":"2025-07-18T16:47:55+00:00","description":"Il nostro sistema di gestione della propriet\u00e0 sincronizza automaticamente i dettagli della tua propriet\u00e0 e la prenotazione, il che ti semplifica il compito","inLanguage":"it-IT","potentialAction":[{"@type":"ReadAction","target":["https:\/\/cleanster.com\/powerful-integrations-with-pms-systems-ical\/"]}]},{"@type":"WebSite","@id":"https:\/\/cleanster.com\/#website","url":"https:\/\/cleanster.com\/","name":"Cleanster | Servizi di pulizia e colf vicino a te","description":"Trova e prenota subito servizi di pulizia affidabili per case, appartamenti, Airbnb e uffici. Cleanster offre servizi di pulizia domestica, domestica e commerciale a prezzi accessibili vicino a te.","publisher":{"@id":"https:\/\/cleanster.com\/#organization"},"alternateName":"Cleanster | Cleaning, Maid & Housekeeping Services for Everyone","potentialAction":[{"@type":"SearchAction","target":{"@type":"EntryPoint","urlTemplate":"https:\/\/cleanster.com\/?s={search_term_string}"},"query-input":{"@type":"PropertyValueSpecification","valueRequired":true,"valueName":"search_term_string"}}],"inLanguage":"it-IT"},{"@type":"Organization","@id":"https:\/\/cleanster.com\/#organization","name":"Pulitore","alternateName":"Cleanster.com","url":"https:\/\/cleanster.com\/","logo":{"@type":"ImageObject","inLanguage":"it-IT","@id":"https:\/\/cleanster.com\/#\/schema\/logo\/image\/","url":"https:\/\/cleanster.com\/wp-content\/uploads\/2025\/06\/Cleanster-Logo-1.svg","contentUrl":"https:\/\/cleanster.com\/wp-content\/uploads\/2025\/06\/Cleanster-Logo-1.svg","width":1,"height":1,"caption":"Cleanster"},"image":{"@id":"https:\/\/cleanster.com\/#\/schema\/logo\/image\/"},"sameAs":["https:\/\/www.facebook.com\/cleansterhq","https:\/\/x.com\/cleansterhq","https:\/\/www.linkedin.com\/company\/cleansterhq","https:\/\/www.instagram.com\/cleansterhq","https:\/\/vm.tiktok.com\/ZM8vHmcuo\/","https:\/\/www.clubhouse.com\/club\/cleanstercom"],"description":"Cleanster \u00e8 una piattaforma di servizi di pulizia basata sull&#039;intelligenza artificiale che mette in contatto host Airbnb, gestori immobiliari e clienti commerciali con addetti alle pulizie selezionati e disponibili su richiesta. Offriamo servizi di pulizia per appartamenti, case, Airbnb, attivit\u00e0 commerciali e servizi di pulizia. Con una rete di oltre 100.000 professionisti negli Stati Uniti, in Canada e nel Regno Unito, Cleanster offre servizi di pulizia rapidi, affidabili e tecnologicamente avanzati su larga scala.","email":"support@cleanster.com","telephone":"+1 (888) 788-2445","legalName":"Cleanster, Inc.","foundingDate":"2019-05-06","duns":"118328526","naics":"541511","numberOfEmployees":{"@type":"QuantitativeValue","minValue":"11","maxValue":"50"}}]}},"_links":{"self":[{"href":"https:\/\/cleanster.com\/it\/wp-json\/wp\/v2\/pages\/2392","targetHints":{"allow":["GET"]}}],"collection":[{"href":"https:\/\/cleanster.com\/it\/wp-json\/wp\/v2\/pages"}],"about":[{"href":"https:\/\/cleanster.com\/it\/wp-json\/wp\/v2\/types\/page"}],"author":[{"embeddable":true,"href":"https:\/\/cleanster.com\/it\/wp-json\/wp\/v2\/users\/1"}],"replies":[{"embeddable":true,"href":"https:\/\/cleanster.com\/it\/wp-json\/wp\/v2\/comments?post=2392"}],"version-history":[{"count":0,"href":"https:\/\/cleanster.com\/it\/wp-json\/wp\/v2\/pages\/2392\/revisions"}],"wp:attachment":[{"href":"https:\/\/cleanster.com\/it\/wp-json\/wp\/v2\/media?parent=2392"}],"curies":[{"name":"wp","href":"https:\/\/api.w.org\/{rel}","templated":true}]}}