{"id":2716,"date":"2022-01-14T16:16:48","date_gmt":"2022-01-14T16:16:48","guid":{"rendered":"http:\/\/cleanster.com\/?page_id=2716"},"modified":"2025-10-10T00:33:43","modified_gmt":"2025-10-10T00:33:43","slug":"pulizie-di-casa","status":"publish","type":"page","link":"https:\/\/cleanster.com\/it\/pulizie-di-casa\/","title":{"rendered":"Pulizie di casa"},"content":{"rendered":"<h2><span style=\"color: #000000;\"><b>App per la pulizia della casa\u00a0<\/b><\/span><\/h2>\n<p><span style=\"color: #000000;\"><span style=\"font-weight: 400;\">Una casa \u00e8 il luogo in cui dovresti sentirti pi\u00f9 a tuo agio, ma<\/span><\/span><span style=\"color: #000000;\"><span style=\"font-weight: 400;\">I nostri impegni probabilmente limitano le tue possibilit\u00e0 di pulizia. Non preoccuparti, perch\u00e9 esiste un&#039;app per questo: <\/span><span style=\"font-weight: 400;\">Niente \u00e8 meglio di Cleanster, l&#039;app intuitiva che ti mette in contatto con professionisti delle pulizie locali a prezzi accessibili.\u00a0<\/span><\/span><\/p>\n<p>Utilizzare Cleanster per programmare e pulire la tua casa ti fa risparmiare tempo e ti d\u00e0 la tranquillit\u00e0 di sapere che il lavoro \u00e8 stato svolto bene.<\/p>\n<h2><span style=\"color: #000000;\"><b>Lista di controllo per la pulizia della casa<\/b><\/span><\/h2>\n<p><span style=\"font-weight: 400; color: #000000;\">Scopri pi\u00f9 da vicino i servizi di pulizia professionale di Cleanster.<\/span><\/p>\n<p><span style=\"font-weight: 400; color: #000000;\">Tutte le stanze: aspirapolvere, lavapavimenti e igienizzazione di tutti gli spazi.<\/span><\/p>\n<p><span style=\"font-weight: 400; color: #000000;\">Soggiorni - Spolverare e pulire superfici in legno e vetro. Pulizia sotto i cuscini del divano e oggetti decorativi.\u00a0<\/span><\/p>\n<p><span style=\"font-weight: 400; color: #000000;\">Cucine: pulizia a umido di ante di armadi, tavoli e sedie. Lavaggio, igienizzazione e sanificazione dei piani di lavoro. Portare fuori la spazzatura.\u00a0<\/span><\/p>\n<p><span style=\"font-weight: 400; color: #000000;\">Bagni: pulizia profonda e igienizzazione di servizi igienici, mobili, vasche da bagno, pavimenti e docce.<\/span><\/p>\n<p><span style=\"font-weight: 400; color: #000000;\">Camere da letto: rifare il letto, spolverare, sistemare cuscini e peluche. Pulizia profonda delle superfici e sotto il letto.\u00a0<\/span><\/p>\n<h2><span style=\"color: #000000;\"><b>Migliore app per la pulizia della casa<\/b><\/span><\/h2>\n<p><span style=\"font-weight: 400; color: #000000;\">La pulizia \u00e8 la nostra priorit\u00e0, quindi rendiamo il resto facile e semplice. Cleanster offre una vasta gamma di servizi per soddisfare le vostre esigenze, dalle pulizie domestiche ordinarie alle pulizie di Airbnb, fino alle pulizie approfondite per il trasloco. I nostri addetti alle pulizie altamente qualificati sono professionali, cordiali ed efficienti, e offrono...<\/span><span style=\"font-weight: 400; color: #000000;\">Risultati di pulizia eccezionali. Grazie al loro vasto know-how, contribuiscono a ridurre l&#039;impatto ambientale utilizzando strumenti e attrezzature specializzati. Ecco alcune altre fantastiche funzionalit\u00e0: <\/span><\/p>\n<ul>\n<li><span style=\"font-weight: 400; color: #000000;\">Paghi solo per il servizio che richiedi, rendendo il servizio conveniente. <\/span><\/li>\n<li><span style=\"font-weight: 400; color: #000000;\">\u00c8 possibile impostare un programma di pulizia tramite l&#039;app<\/span><\/li>\n<li>Puoi suddividere i lavori in base ai tuoi tempi.<\/li>\n<\/ul>\n<p><span style=\"color: #000000;\"><span style=\"font-weight: 400;\">Il pulitore<\/span><a style=\"color: #000000;\" href=\"https:\/\/play.google.com\/store\/apps\/details?id=com.tidyapp.pro\"><span style=\"font-weight: 400;\">\u00a0app<\/span><\/a><span style=\"font-weight: 400;\"> \u00e8 il miglior servizio di pulizia<\/span><span style=\"font-weight: 400;\">\u00a0per utenti Android e iPhone.\u00a0<\/span><\/span><\/p>\n<p><span style=\"color: #000000;\"><span style=\"font-weight: 400;\">Offriamo i nostri servizi in numerose localit\u00e0 negli Stati Uniti e in Canada. Per <\/span><span style=\"font-weight: 400;\">Pulizia di Airbnb<\/span><span style=\"font-weight: 400;\">, <\/span><span style=\"font-weight: 400;\">pulizia profonda<\/span><span style=\"font-weight: 400;\">, <\/span><span style=\"font-weight: 400;\">pulizia della casa vacanza<\/span><span style=\"font-weight: 400;\"> e molto altro ancora, scarica subito Cleanster.<\/span><\/span><\/p>","protected":false},"excerpt":{"rendered":"<p>App for house cleaning\u00a0 A home is where you should feel most at ease, but your busy schedule probably limits your options for cleaning your space. Not to worry, because, there&#8217;s an app for that: nothing beats Cleanster, the user-friendly app that connects you to local professional cleaners with affordable rates.\u00a0 Using Cleanster to schedule [&hellip;]<\/p>\n","protected":false},"author":1,"featured_media":0,"parent":0,"menu_order":0,"comment_status":"closed","ping_status":"closed","template":"templates\/home-cleaning.php","meta":{"_acf_changed":false,"footnotes":""},"class_list":["post-2716","page","type-page","status-publish","hentry","entry"],"acf":[],"yoast_head":"<!-- This site is optimized with the Yoast SEO Premium plugin v26.5 (Yoast SEO v27.4) - https:\/\/yoast.com\/product\/yoast-seo-premium-wordpress\/ -->\n<title>Professional House Cleaning Services<\/title>\n<meta name=\"description\" content=\"Cleanster is the app for house cleaning you need. Easily connect with local professionals for effective cleaning solutions.\" \/>\n<meta name=\"robots\" content=\"index, follow, max-snippet:-1, max-image-preview:large, max-video-preview:-1\" \/>\n<link rel=\"canonical\" href=\"https:\/\/cleanster.com\/it\/pulizie-di-casa\/\" \/>\n<meta property=\"og:locale\" content=\"it_IT\" \/>\n<meta property=\"og:type\" content=\"article\" \/>\n<meta property=\"og:title\" content=\"House Cleaning - Cleanster | Cleaning &amp; Maid Services Near You\" \/>\n<meta property=\"og:description\" content=\"Cleanster is the app for house cleaning you need. Easily connect with local professionals for effective cleaning solutions.\" \/>\n<meta property=\"og:url\" content=\"https:\/\/cleanster.com\/it\/pulizie-di-casa\/\" \/>\n<meta property=\"og:site_name\" content=\"Cleanster | Cleaning &amp; Maid Services Near You\" \/>\n<meta property=\"article:publisher\" content=\"https:\/\/www.facebook.com\/cleansterhq\" \/>\n<meta property=\"article:modified_time\" content=\"2025-10-10T00:33:43+00:00\" \/>\n<meta property=\"og:image\" content=\"https:\/\/cleanster.com\/wp-content\/uploads\/2023\/11\/card@3x.png\" \/>\n\t<meta property=\"og:image:width\" content=\"1170\" \/>\n\t<meta property=\"og:image:height\" content=\"763\" \/>\n\t<meta property=\"og:image:type\" content=\"image\/png\" \/>\n<meta name=\"twitter:card\" content=\"summary_large_image\" \/>\n<meta name=\"twitter:site\" content=\"@cleansterhq\" \/>\n<meta name=\"twitter:label1\" content=\"Tempo di lettura stimato\" \/>\n\t<meta name=\"twitter:data1\" content=\"2 minuti\" \/>\n<script type=\"application\/ld+json\" class=\"yoast-schema-graph\">{\"@context\":\"https:\\\/\\\/schema.org\",\"@graph\":[{\"@type\":\"WebPage\",\"@id\":\"https:\\\/\\\/cleanster.com\\\/house-cleaning\\\/\",\"url\":\"https:\\\/\\\/cleanster.com\\\/house-cleaning\\\/\",\"name\":\"Professional House Cleaning Services\",\"isPartOf\":{\"@id\":\"https:\\\/\\\/cleanster.com\\\/#website\"},\"datePublished\":\"2022-01-14T16:16:48+00:00\",\"dateModified\":\"2025-10-10T00:33:43+00:00\",\"description\":\"Cleanster is the app for house cleaning you need. Easily connect with local professionals for effective cleaning solutions.\",\"inLanguage\":\"it-IT\",\"potentialAction\":[{\"@type\":\"ReadAction\",\"target\":[\"https:\\\/\\\/cleanster.com\\\/house-cleaning\\\/\"]}]},{\"@type\":\"WebSite\",\"@id\":\"https:\\\/\\\/cleanster.com\\\/#website\",\"url\":\"https:\\\/\\\/cleanster.com\\\/\",\"name\":\"Cleanster | Cleaning & Maid Services Near You\",\"description\":\"Instantly find &amp; book trusted cleaners for homes, apartment, Airbnb, and offices. Cleanster offers affordable maid, housekeeping, and commercial cleaning services near you.\",\"publisher\":{\"@id\":\"https:\\\/\\\/cleanster.com\\\/#organization\"},\"alternateName\":\"Cleanster | Cleaning, Maid & Housekeeping Services for Everyone\",\"potentialAction\":[{\"@type\":\"SearchAction\",\"target\":{\"@type\":\"EntryPoint\",\"urlTemplate\":\"https:\\\/\\\/cleanster.com\\\/?s={search_term_string}\"},\"query-input\":{\"@type\":\"PropertyValueSpecification\",\"valueRequired\":true,\"valueName\":\"search_term_string\"}}],\"inLanguage\":\"it-IT\"},{\"@type\":\"Organization\",\"@id\":\"https:\\\/\\\/cleanster.com\\\/#organization\",\"name\":\"Cleanster\",\"alternateName\":\"Cleanster.com\",\"url\":\"https:\\\/\\\/cleanster.com\\\/\",\"logo\":{\"@type\":\"ImageObject\",\"inLanguage\":\"it-IT\",\"@id\":\"https:\\\/\\\/cleanster.com\\\/#\\\/schema\\\/logo\\\/image\\\/\",\"url\":\"https:\\\/\\\/cleanster.com\\\/wp-content\\\/uploads\\\/2025\\\/06\\\/Cleanster-Logo-1.svg\",\"contentUrl\":\"https:\\\/\\\/cleanster.com\\\/wp-content\\\/uploads\\\/2025\\\/06\\\/Cleanster-Logo-1.svg\",\"width\":1,\"height\":1,\"caption\":\"Cleanster\"},\"image\":{\"@id\":\"https:\\\/\\\/cleanster.com\\\/#\\\/schema\\\/logo\\\/image\\\/\"},\"sameAs\":[\"https:\\\/\\\/www.facebook.com\\\/cleansterhq\",\"https:\\\/\\\/x.com\\\/cleansterhq\",\"https:\\\/\\\/www.linkedin.com\\\/company\\\/cleansterhq\",\"https:\\\/\\\/www.instagram.com\\\/cleansterhq\",\"https:\\\/\\\/vm.tiktok.com\\\/ZM8vHmcuo\\\/\",\"https:\\\/\\\/www.clubhouse.com\\\/club\\\/cleanstercom\"],\"description\":\"Cleanster is an AI-powered cleaning services platform that connects Airbnb hosts, property managers, and commercial clients with vetted, on-demand cleaners. We offer apartment, house, Airbnb, commercial, and janitorial cleaning services. With a network of over 100,000 professionals across the US, Canada, and the UK, Cleanster delivers fast, reliable, and tech-enabled cleaning at scale.\",\"email\":\"support@cleanster.com\",\"telephone\":\"+1 (888) 788-2445\",\"legalName\":\"Cleanster, Inc.\",\"foundingDate\":\"2019-05-06\",\"duns\":\"118328526\",\"naics\":\"541511\",\"numberOfEmployees\":{\"@type\":\"QuantitativeValue\",\"minValue\":\"11\",\"maxValue\":\"50\"}}]}<\/script>\n<!-- \/ Yoast SEO Premium plugin. -->","yoast_head_json":{"title":"Servizi di pulizia professionale della casa","description":"Cleanster \u00e8 l&#039;app per le pulizie domestiche di cui hai bisogno. Contatta facilmente professionisti locali per soluzioni di pulizia efficaci.","robots":{"index":"index","follow":"follow","max-snippet":"max-snippet:-1","max-image-preview":"max-image-preview:large","max-video-preview":"max-video-preview:-1"},"canonical":"https:\/\/cleanster.com\/it\/pulizie-di-casa\/","og_locale":"it_IT","og_type":"article","og_title":"House Cleaning - Cleanster | Cleaning &amp; Maid Services Near You","og_description":"Cleanster is the app for house cleaning you need. Easily connect with local professionals for effective cleaning solutions.","og_url":"https:\/\/cleanster.com\/it\/pulizie-di-casa\/","og_site_name":"Cleanster | Cleaning &amp; Maid Services Near You","article_publisher":"https:\/\/www.facebook.com\/cleansterhq","article_modified_time":"2025-10-10T00:33:43+00:00","og_image":[{"width":1170,"height":763,"url":"https:\/\/cleanster.com\/wp-content\/uploads\/2023\/11\/card@3x.png","type":"image\/png"}],"twitter_card":"summary_large_image","twitter_site":"@cleansterhq","twitter_misc":{"Tempo di lettura stimato":"2 minuti"},"schema":{"@context":"https:\/\/schema.org","@graph":[{"@type":"WebPage","@id":"https:\/\/cleanster.com\/house-cleaning\/","url":"https:\/\/cleanster.com\/house-cleaning\/","name":"Servizi di pulizia professionale della casa","isPartOf":{"@id":"https:\/\/cleanster.com\/#website"},"datePublished":"2022-01-14T16:16:48+00:00","dateModified":"2025-10-10T00:33:43+00:00","description":"Cleanster \u00e8 l&#039;app per le pulizie domestiche di cui hai bisogno. Contatta facilmente professionisti locali per soluzioni di pulizia efficaci.","inLanguage":"it-IT","potentialAction":[{"@type":"ReadAction","target":["https:\/\/cleanster.com\/house-cleaning\/"]}]},{"@type":"WebSite","@id":"https:\/\/cleanster.com\/#website","url":"https:\/\/cleanster.com\/","name":"Cleanster | Servizi di pulizia e colf vicino a te","description":"Trova e prenota subito servizi di pulizia affidabili per case, appartamenti, Airbnb e uffici. Cleanster offre servizi di pulizia domestica, domestica e commerciale a prezzi accessibili vicino a te.","publisher":{"@id":"https:\/\/cleanster.com\/#organization"},"alternateName":"Cleanster | Cleaning, Maid & Housekeeping Services for Everyone","potentialAction":[{"@type":"SearchAction","target":{"@type":"EntryPoint","urlTemplate":"https:\/\/cleanster.com\/?s={search_term_string}"},"query-input":{"@type":"PropertyValueSpecification","valueRequired":true,"valueName":"search_term_string"}}],"inLanguage":"it-IT"},{"@type":"Organization","@id":"https:\/\/cleanster.com\/#organization","name":"Pulitore","alternateName":"Cleanster.com","url":"https:\/\/cleanster.com\/","logo":{"@type":"ImageObject","inLanguage":"it-IT","@id":"https:\/\/cleanster.com\/#\/schema\/logo\/image\/","url":"https:\/\/cleanster.com\/wp-content\/uploads\/2025\/06\/Cleanster-Logo-1.svg","contentUrl":"https:\/\/cleanster.com\/wp-content\/uploads\/2025\/06\/Cleanster-Logo-1.svg","width":1,"height":1,"caption":"Cleanster"},"image":{"@id":"https:\/\/cleanster.com\/#\/schema\/logo\/image\/"},"sameAs":["https:\/\/www.facebook.com\/cleansterhq","https:\/\/x.com\/cleansterhq","https:\/\/www.linkedin.com\/company\/cleansterhq","https:\/\/www.instagram.com\/cleansterhq","https:\/\/vm.tiktok.com\/ZM8vHmcuo\/","https:\/\/www.clubhouse.com\/club\/cleanstercom"],"description":"Cleanster \u00e8 una piattaforma di servizi di pulizia basata sull&#039;intelligenza artificiale che mette in contatto host Airbnb, gestori immobiliari e clienti commerciali con addetti alle pulizie selezionati e disponibili su richiesta. Offriamo servizi di pulizia per appartamenti, case, Airbnb, attivit\u00e0 commerciali e servizi di pulizia. Con una rete di oltre 100.000 professionisti negli Stati Uniti, in Canada e nel Regno Unito, Cleanster offre servizi di pulizia rapidi, affidabili e tecnologicamente avanzati su larga scala.","email":"support@cleanster.com","telephone":"+1 (888) 788-2445","legalName":"Cleanster, Inc.","foundingDate":"2019-05-06","duns":"118328526","naics":"541511","numberOfEmployees":{"@type":"QuantitativeValue","minValue":"11","maxValue":"50"}}]}},"_links":{"self":[{"href":"https:\/\/cleanster.com\/it\/wp-json\/wp\/v2\/pages\/2716","targetHints":{"allow":["GET"]}}],"collection":[{"href":"https:\/\/cleanster.com\/it\/wp-json\/wp\/v2\/pages"}],"about":[{"href":"https:\/\/cleanster.com\/it\/wp-json\/wp\/v2\/types\/page"}],"author":[{"embeddable":true,"href":"https:\/\/cleanster.com\/it\/wp-json\/wp\/v2\/users\/1"}],"replies":[{"embeddable":true,"href":"https:\/\/cleanster.com\/it\/wp-json\/wp\/v2\/comments?post=2716"}],"version-history":[{"count":0,"href":"https:\/\/cleanster.com\/it\/wp-json\/wp\/v2\/pages\/2716\/revisions"}],"wp:attachment":[{"href":"https:\/\/cleanster.com\/it\/wp-json\/wp\/v2\/media?parent=2716"}],"curies":[{"name":"wp","href":"https:\/\/api.w.org\/{rel}","templated":true}]}}