{"id":4515,"date":"2022-01-24T18:36:08","date_gmt":"2022-01-24T18:36:08","guid":{"rendered":"https:\/\/cleanster.com\/?page_id=4515"},"modified":"2024-01-09T08:02:09","modified_gmt":"2024-01-09T08:02:09","slug":"cose-lapp-cleanster","status":"publish","type":"page","link":"https:\/\/cleanster.com\/it\/cose-lapp-cleanster\/","title":{"rendered":"Cos&#039;\u00e8 Cleanster?"},"content":{"rendered":"<h2><span style=\"font-weight: 400; color: #ffffff;\">Che cos&#039;\u00e8 Cleanster<span style=\"font-weight: 400;\">.com<\/span>?<\/span><\/h2>\n<p><span style=\"font-weight: 400; color: #ffffff;\">IL <a style=\"color: #ffffff;\" href=\"https:\/\/cleanster.com\/how-to-download-tidy-app\/\">Pulitore<span style=\"font-weight: 400;\">.com<\/span><\/a> \u00e8 ci\u00f2 che consideri un mezzo, una via di mezzo tra i servizi di pulizia professionali e le persone che hanno bisogno di pulire la propria casa. Mettiamo in contatto addetti alle pulizie verificati e cordiali con persone molto impegnate o proprietari di casa che hanno bisogno di una pulizia o di una pulizia profonda dei loro spazi. Essendo super impegnati con il lavoro tutto il giorno, non hai molto tempo per pulire la tua casa. Inoltre, non \u00e8 facile pulire a fondo una casa. Quindi, non preoccuparti, l&#039;app \u00e8 qui. Un addetto alle pulizie professionista busser\u00e0 alla tua porta con un semplice clic sul tuo telefono prima che tu te ne accorga. La procedura \u00e8 come UBER, che gi\u00e0 sai come fare.\u00a0<\/span><\/p>\n<p><span style=\"font-weight: 400; color: #ffffff;\">Utilizzo di Cleanster<span style=\"font-weight: 400;\">.com<\/span>, puoi prenotare in tutta sicurezza un addetto alle pulizie professionista per sistemare la tua propriet\u00e0, come casa, ufficio o Airbnb, in modo rapido e corretto.<\/span><\/p>\n<p><span style=\"font-weight: 400; color: #ffffff;\">Il servizio del Cleanster<span style=\"font-weight: 400;\">.com<\/span> \u00e8 attualmente disponibile per Stati Uniti, Regno Unito e Canada. Quindi, se vivi in uno di questi fantastici paesi, puoi usufruire del servizio dell&#039;app molto facilmente. Cerchi una pulizia professionale o profonda, <a style=\"color: #ffffff;\" href=\"https:\/\/play.google.com\/store\/apps\/details?id=com.tidyapp&amp;hl=en_US&amp;gl=US\">Pulitore<span style=\"font-weight: 400;\">.com<\/span><\/a> \u00e8 qui per te.\u00a0<\/span><\/p>\n<p><span style=\"font-weight: 400; color: #ffffff;\">Il pulitore<span style=\"font-weight: 400;\">.com<\/span> \u00c8 veloce e sicuro. Quando prenoti un addetto alle pulizie, questo arriver\u00e0 all&#039;indirizzo da te indicato il prima possibile. Se sei preoccupato per la sicurezza, ti garantiamo la massima sicurezza per te e la tua propriet\u00e0. Quando registriamo gli addetti alle pulizie, effettuiamo un controllo approfondito dei precedenti dei lavoratori e ci assicuriamo che siano puliti.\u00a0<\/span><\/p>\n<p><span style=\"font-weight: 400; color: #ffffff;\">Infine, potresti chiederti come puoi ottenere Cleanster<span style=\"font-weight: 400;\">.com<\/span> sul tuo dispositivo. La risposta \u00e8 qui per te. Per ottenere Cleanster<span style=\"font-weight: 400;\">.com<\/span> Sul tuo Android, vai su Google Play Store, cerca l&#039;app e installala. Oppure, per scaricarla sul tuo iOS, cerca semplicemente l&#039;app nell&#039;App Store e voil\u00e0! Hai Cleanster.<span style=\"font-weight: 400;\">.com<\/span> sul tuo dispositivo. Ora rilassati e goditi il servizio.<\/span><\/p>","protected":false},"excerpt":{"rendered":"<p>What is the Cleanster.com? The Cleanster.com is what you consider a medium, a medium between professional cleaning services and people who need their place cleaned. We connect verified and friendly cleaners with really busy people\u00a0 or landlords who need their places cleaned or deep\u00a0 cleaned. As you are super busy with your work the whole [&hellip;]<\/p>\n","protected":false},"author":1,"featured_media":16809,"parent":0,"menu_order":0,"comment_status":"closed","ping_status":"closed","template":"templates\/what-is-cleanster.php","meta":{"_acf_changed":false,"footnotes":""},"class_list":["post-4515","page","type-page","status-publish","has-post-thumbnail","hentry","entry"],"acf":[],"yoast_head":"<!-- This site is optimized with the Yoast SEO Premium plugin v26.5 (Yoast SEO v27.3) - https:\/\/yoast.com\/product\/yoast-seo-premium-wordpress\/ -->\n<title>What is Cleanster.com App?<\/title>\n<meta name=\"description\" content=\"The Cleanster.com is what you consider a medium between professional cleaning services and people who need their place cleaned.\" \/>\n<meta name=\"robots\" content=\"index, follow, max-snippet:-1, max-image-preview:large, max-video-preview:-1\" \/>\n<link rel=\"canonical\" href=\"https:\/\/cleanster.com\/it\/cose-lapp-cleanster\/\" \/>\n<meta property=\"og:locale\" content=\"it_IT\" \/>\n<meta property=\"og:type\" content=\"article\" \/>\n<meta property=\"og:title\" content=\"What is Cleanster? - Cleanster | Cleaning &amp; Maid Services Near You\" \/>\n<meta property=\"og:description\" content=\"The Cleanster.com is what you consider a medium between professional cleaning services and people who need their place cleaned.\" \/>\n<meta property=\"og:url\" content=\"https:\/\/cleanster.com\/it\/cose-lapp-cleanster\/\" \/>\n<meta property=\"og:site_name\" content=\"Cleanster | Cleaning &amp; Maid Services Near You\" \/>\n<meta property=\"article:publisher\" content=\"https:\/\/www.facebook.com\/cleansterhq\" \/>\n<meta property=\"article:modified_time\" content=\"2024-01-09T08:02:09+00:00\" \/>\n<meta property=\"og:image\" content=\"https:\/\/cleanster.com\/wp-content\/uploads\/2023\/11\/2.png\" \/>\n\t<meta property=\"og:image:width\" content=\"1440\" \/>\n\t<meta property=\"og:image:height\" content=\"700\" \/>\n\t<meta property=\"og:image:type\" content=\"image\/png\" \/>\n<meta name=\"twitter:card\" content=\"summary_large_image\" \/>\n<meta name=\"twitter:site\" content=\"@cleansterhq\" \/>\n<meta name=\"twitter:label1\" content=\"Tempo di lettura stimato\" \/>\n\t<meta name=\"twitter:data1\" content=\"2 minuti\" \/>\n<script type=\"application\/ld+json\" class=\"yoast-schema-graph\">{\"@context\":\"https:\\\/\\\/schema.org\",\"@graph\":[{\"@type\":\"WebPage\",\"@id\":\"https:\\\/\\\/cleanster.com\\\/what-is-cleanster-app\\\/\",\"url\":\"https:\\\/\\\/cleanster.com\\\/what-is-cleanster-app\\\/\",\"name\":\"What is Cleanster.com App?\",\"isPartOf\":{\"@id\":\"https:\\\/\\\/cleanster.com\\\/#website\"},\"primaryImageOfPage\":{\"@id\":\"https:\\\/\\\/cleanster.com\\\/what-is-cleanster-app\\\/#primaryimage\"},\"image\":{\"@id\":\"https:\\\/\\\/cleanster.com\\\/what-is-cleanster-app\\\/#primaryimage\"},\"thumbnailUrl\":\"https:\\\/\\\/cleanster.com\\\/wp-content\\\/uploads\\\/2023\\\/11\\\/2.png\",\"datePublished\":\"2022-01-24T18:36:08+00:00\",\"dateModified\":\"2024-01-09T08:02:09+00:00\",\"description\":\"The Cleanster.com is what you consider a medium between professional cleaning services and people who need their place cleaned.\",\"inLanguage\":\"it-IT\",\"potentialAction\":[{\"@type\":\"ReadAction\",\"target\":[\"https:\\\/\\\/cleanster.com\\\/what-is-cleanster-app\\\/\"]}]},{\"@type\":\"ImageObject\",\"inLanguage\":\"it-IT\",\"@id\":\"https:\\\/\\\/cleanster.com\\\/what-is-cleanster-app\\\/#primaryimage\",\"url\":\"https:\\\/\\\/cleanster.com\\\/wp-content\\\/uploads\\\/2023\\\/11\\\/2.png\",\"contentUrl\":\"https:\\\/\\\/cleanster.com\\\/wp-content\\\/uploads\\\/2023\\\/11\\\/2.png\",\"width\":1440,\"height\":700},{\"@type\":\"WebSite\",\"@id\":\"https:\\\/\\\/cleanster.com\\\/#website\",\"url\":\"https:\\\/\\\/cleanster.com\\\/\",\"name\":\"Cleanster | Cleaning & Maid Services Near You\",\"description\":\"Instantly find &amp; book trusted cleaners for homes, apartment, Airbnb, and offices. Cleanster offers affordable maid, housekeeping, and commercial cleaning services near you.\",\"publisher\":{\"@id\":\"https:\\\/\\\/cleanster.com\\\/#organization\"},\"alternateName\":\"Cleanster | Cleaning, Maid & Housekeeping Services for Everyone\",\"potentialAction\":[{\"@type\":\"SearchAction\",\"target\":{\"@type\":\"EntryPoint\",\"urlTemplate\":\"https:\\\/\\\/cleanster.com\\\/?s={search_term_string}\"},\"query-input\":{\"@type\":\"PropertyValueSpecification\",\"valueRequired\":true,\"valueName\":\"search_term_string\"}}],\"inLanguage\":\"it-IT\"},{\"@type\":\"Organization\",\"@id\":\"https:\\\/\\\/cleanster.com\\\/#organization\",\"name\":\"Cleanster\",\"alternateName\":\"Cleanster.com\",\"url\":\"https:\\\/\\\/cleanster.com\\\/\",\"logo\":{\"@type\":\"ImageObject\",\"inLanguage\":\"it-IT\",\"@id\":\"https:\\\/\\\/cleanster.com\\\/#\\\/schema\\\/logo\\\/image\\\/\",\"url\":\"https:\\\/\\\/cleanster.com\\\/wp-content\\\/uploads\\\/2025\\\/06\\\/Cleanster-Logo-1.svg\",\"contentUrl\":\"https:\\\/\\\/cleanster.com\\\/wp-content\\\/uploads\\\/2025\\\/06\\\/Cleanster-Logo-1.svg\",\"width\":1,\"height\":1,\"caption\":\"Cleanster\"},\"image\":{\"@id\":\"https:\\\/\\\/cleanster.com\\\/#\\\/schema\\\/logo\\\/image\\\/\"},\"sameAs\":[\"https:\\\/\\\/www.facebook.com\\\/cleansterhq\",\"https:\\\/\\\/x.com\\\/cleansterhq\",\"https:\\\/\\\/www.linkedin.com\\\/company\\\/cleansterhq\",\"https:\\\/\\\/www.instagram.com\\\/cleansterhq\",\"https:\\\/\\\/vm.tiktok.com\\\/ZM8vHmcuo\\\/\",\"https:\\\/\\\/www.clubhouse.com\\\/club\\\/cleanstercom\"],\"description\":\"Cleanster is an AI-powered cleaning services platform that connects Airbnb hosts, property managers, and commercial clients with vetted, on-demand cleaners. We offer apartment, house, Airbnb, commercial, and janitorial cleaning services. With a network of over 100,000 professionals across the US, Canada, and the UK, Cleanster delivers fast, reliable, and tech-enabled cleaning at scale.\",\"email\":\"support@cleanster.com\",\"telephone\":\"+1 (888) 788-2445\",\"legalName\":\"Cleanster, Inc.\",\"foundingDate\":\"2019-05-06\",\"duns\":\"118328526\",\"naics\":\"541511\",\"numberOfEmployees\":{\"@type\":\"QuantitativeValue\",\"minValue\":\"11\",\"maxValue\":\"50\"}}]}<\/script>\n<!-- \/ Yoast SEO Premium plugin. -->","yoast_head_json":{"title":"Cos&#039;\u00e8 l&#039;app Cleanster.com?","description":"Cleanster.com \u00e8 quello che consideri un mezzo tra i servizi di pulizia professionali e le persone che hanno bisogno di pulire la loro casa.","robots":{"index":"index","follow":"follow","max-snippet":"max-snippet:-1","max-image-preview":"max-image-preview:large","max-video-preview":"max-video-preview:-1"},"canonical":"https:\/\/cleanster.com\/it\/cose-lapp-cleanster\/","og_locale":"it_IT","og_type":"article","og_title":"What is Cleanster? - Cleanster | Cleaning &amp; Maid Services Near You","og_description":"The Cleanster.com is what you consider a medium between professional cleaning services and people who need their place cleaned.","og_url":"https:\/\/cleanster.com\/it\/cose-lapp-cleanster\/","og_site_name":"Cleanster | Cleaning &amp; Maid Services Near You","article_publisher":"https:\/\/www.facebook.com\/cleansterhq","article_modified_time":"2024-01-09T08:02:09+00:00","og_image":[{"width":1440,"height":700,"url":"https:\/\/cleanster.com\/wp-content\/uploads\/2023\/11\/2.png","type":"image\/png"}],"twitter_card":"summary_large_image","twitter_site":"@cleansterhq","twitter_misc":{"Tempo di lettura stimato":"2 minuti"},"schema":{"@context":"https:\/\/schema.org","@graph":[{"@type":"WebPage","@id":"https:\/\/cleanster.com\/what-is-cleanster-app\/","url":"https:\/\/cleanster.com\/what-is-cleanster-app\/","name":"Cos&#039;\u00e8 l&#039;app Cleanster.com?","isPartOf":{"@id":"https:\/\/cleanster.com\/#website"},"primaryImageOfPage":{"@id":"https:\/\/cleanster.com\/what-is-cleanster-app\/#primaryimage"},"image":{"@id":"https:\/\/cleanster.com\/what-is-cleanster-app\/#primaryimage"},"thumbnailUrl":"https:\/\/cleanster.com\/wp-content\/uploads\/2023\/11\/2.png","datePublished":"2022-01-24T18:36:08+00:00","dateModified":"2024-01-09T08:02:09+00:00","description":"Cleanster.com \u00e8 quello che consideri un mezzo tra i servizi di pulizia professionali e le persone che hanno bisogno di pulire la loro casa.","inLanguage":"it-IT","potentialAction":[{"@type":"ReadAction","target":["https:\/\/cleanster.com\/what-is-cleanster-app\/"]}]},{"@type":"ImageObject","inLanguage":"it-IT","@id":"https:\/\/cleanster.com\/what-is-cleanster-app\/#primaryimage","url":"https:\/\/cleanster.com\/wp-content\/uploads\/2023\/11\/2.png","contentUrl":"https:\/\/cleanster.com\/wp-content\/uploads\/2023\/11\/2.png","width":1440,"height":700},{"@type":"WebSite","@id":"https:\/\/cleanster.com\/#website","url":"https:\/\/cleanster.com\/","name":"Cleanster | Servizi di pulizia e colf vicino a te","description":"Trova e prenota subito servizi di pulizia affidabili per case, appartamenti, Airbnb e uffici. Cleanster offre servizi di pulizia domestica, domestica e commerciale a prezzi accessibili vicino a te.","publisher":{"@id":"https:\/\/cleanster.com\/#organization"},"alternateName":"Cleanster | Cleaning, Maid & Housekeeping Services for Everyone","potentialAction":[{"@type":"SearchAction","target":{"@type":"EntryPoint","urlTemplate":"https:\/\/cleanster.com\/?s={search_term_string}"},"query-input":{"@type":"PropertyValueSpecification","valueRequired":true,"valueName":"search_term_string"}}],"inLanguage":"it-IT"},{"@type":"Organization","@id":"https:\/\/cleanster.com\/#organization","name":"Pulitore","alternateName":"Cleanster.com","url":"https:\/\/cleanster.com\/","logo":{"@type":"ImageObject","inLanguage":"it-IT","@id":"https:\/\/cleanster.com\/#\/schema\/logo\/image\/","url":"https:\/\/cleanster.com\/wp-content\/uploads\/2025\/06\/Cleanster-Logo-1.svg","contentUrl":"https:\/\/cleanster.com\/wp-content\/uploads\/2025\/06\/Cleanster-Logo-1.svg","width":1,"height":1,"caption":"Cleanster"},"image":{"@id":"https:\/\/cleanster.com\/#\/schema\/logo\/image\/"},"sameAs":["https:\/\/www.facebook.com\/cleansterhq","https:\/\/x.com\/cleansterhq","https:\/\/www.linkedin.com\/company\/cleansterhq","https:\/\/www.instagram.com\/cleansterhq","https:\/\/vm.tiktok.com\/ZM8vHmcuo\/","https:\/\/www.clubhouse.com\/club\/cleanstercom"],"description":"Cleanster \u00e8 una piattaforma di servizi di pulizia basata sull&#039;intelligenza artificiale che mette in contatto host Airbnb, gestori immobiliari e clienti commerciali con addetti alle pulizie selezionati e disponibili su richiesta. Offriamo servizi di pulizia per appartamenti, case, Airbnb, attivit\u00e0 commerciali e servizi di pulizia. Con una rete di oltre 100.000 professionisti negli Stati Uniti, in Canada e nel Regno Unito, Cleanster offre servizi di pulizia rapidi, affidabili e tecnologicamente avanzati su larga scala.","email":"support@cleanster.com","telephone":"+1 (888) 788-2445","legalName":"Cleanster, Inc.","foundingDate":"2019-05-06","duns":"118328526","naics":"541511","numberOfEmployees":{"@type":"QuantitativeValue","minValue":"11","maxValue":"50"}}]}},"_links":{"self":[{"href":"https:\/\/cleanster.com\/it\/wp-json\/wp\/v2\/pages\/4515","targetHints":{"allow":["GET"]}}],"collection":[{"href":"https:\/\/cleanster.com\/it\/wp-json\/wp\/v2\/pages"}],"about":[{"href":"https:\/\/cleanster.com\/it\/wp-json\/wp\/v2\/types\/page"}],"author":[{"embeddable":true,"href":"https:\/\/cleanster.com\/it\/wp-json\/wp\/v2\/users\/1"}],"replies":[{"embeddable":true,"href":"https:\/\/cleanster.com\/it\/wp-json\/wp\/v2\/comments?post=4515"}],"version-history":[{"count":0,"href":"https:\/\/cleanster.com\/it\/wp-json\/wp\/v2\/pages\/4515\/revisions"}],"wp:featuredmedia":[{"embeddable":true,"href":"https:\/\/cleanster.com\/it\/wp-json\/wp\/v2\/media\/16809"}],"wp:attachment":[{"href":"https:\/\/cleanster.com\/it\/wp-json\/wp\/v2\/media?parent=4515"}],"curies":[{"name":"wp","href":"https:\/\/api.w.org\/{rel}","templated":true}]}}