{"id":6006,"date":"2022-10-26T15:36:13","date_gmt":"2022-10-26T15:36:13","guid":{"rendered":"http:\/\/cleanster.ca\/?page_id=6006"},"modified":"2023-11-02T15:23:52","modified_gmt":"2023-11-02T15:23:52","slug":"app-per-il-servizio-di-pulizia-nellapp-qc-cleanster-di-montreal","status":"publish","type":"page","link":"https:\/\/cleanster.com\/it\/app-per-il-servizio-di-pulizia-nellapp-qc-cleanster-di-montreal\/","title":{"rendered":"Pulizie domestiche a Montreal, QC"},"content":{"rendered":"<h2><span style=\"color: #ffffff;\"><b>App per la pulizia della casa in <\/b><b>, <\/b><b>Montreal, QC\u00a0<\/b><\/span><\/h2>\n<p><span style=\"color: #ffffff;\"><span style=\"font-weight: 400;\">Una casa \u00e8 dove tutto dipende dalla tua tranquillit\u00e0, felicit\u00e0, stile di vita pi\u00f9 sano e molto altro. Il tuo programma fitto di impegni probabilmente non ti lascia scelta per la pulizia della casa. Se stai cercando un&#039;app professionale per la pulizia della casa in <\/span><a style=\"color: #ffffff;\" href=\"https:\/\/en.wikipedia.org\/wiki\/Montreal\"><span style=\"font-weight: 400;\">Montreal, QC<\/span><\/a><span style=\"font-weight: 400;\">\u00a0 per la tua casa nessuno pu\u00f2 battere Cleanster.com. La nostra app professionale per il servizio di pulizia della casa in <\/span><span style=\"font-weight: 400;\">Montreal<\/span> <span style=\"font-weight: 400;\">\u00a0\u00e8 un&#039;app eccellente per navigare ovunque con facilit\u00e0.<\/span><\/span><\/p>\n<p><span style=\"font-weight: 400; color: #ffffff;\">Siamo convinti che una casa pulita dia una sensazione di salute maggiore quando viene pulita dai professionisti delle pulizie di Cleanster.com.<\/span><\/p>\n<h2><span style=\"color: #ffffff;\"><b>App per la lista di controllo delle pulizie domestiche<\/b><\/span><\/h2>\n<p><span style=\"font-weight: 400; color: #ffffff;\">Dai un&#039;occhiata pi\u00f9 da vicino all&#039;app per il servizio di pulizia professionale della casa di Cleanster.com:<\/span><\/p>\n<p><span style=\"font-weight: 400; color: #ffffff;\">Soggiorni \u2013 Spolveriamo e puliamo superfici in legno e vetro. Puliamo sotto i cuscini del divano e gli oggetti decorativi.\u00a0<\/span><\/p>\n<p><span style=\"font-weight: 400; color: #ffffff;\">Cucine \u2013 Puliamo professionalmente con un panno umido i frontali degli armadi, i tavoli e le sedie. Inoltre, laviamo, puliamo e igienizziamo i ripiani. Svuotiamo i bidoni della spazzatura.\u00a0<\/span><\/p>\n<p><span style=\"font-weight: 400; color: #ffffff;\">Bagni: lavare e disinfettare a fondo i servizi igienici, i mobili della cucina, le vasche da bagno, i pavimenti e le docce.<\/span><\/p>\n<p><span style=\"font-weight: 400; color: #ffffff;\">Camere da letto \u2013 Rifare il letto, spolverare, sistemare cuscini e peluche. Puliamo a fondo le superfici e sotto il letto.\u00a0<\/span><\/p>\n<p><span style=\"font-weight: 400; color: #ffffff;\">Tutte le stanze: aspirare, lavare e disinfettare a fondo tutte le stanze.<\/span><\/p>\n<h2><span style=\"color: #ffffff;\"><b>Migliore app per la pulizia della casa<\/b><\/span><\/h2>\n<p><span style=\"font-weight: 400; color: #ffffff;\">La pulizia \u00e8 la nostra priorit\u00e0, quindi facciamo del nostro meglio per mantenere le cose facili e semplici. Cleanster.com offre un&#039;ampia gamma di servizi per la tua casa, che si tratti di pulizie per Airbnb, traslochi o traslochi. I nostri addetti alle pulizie sono professionali, amichevoli ed efficienti.\u00a0<\/span><\/p>\n<p><span style=\"font-weight: 400; color: #ffffff;\">Cleanster.com offre risultati di pulizia eccezionali, riduce l&#039;impatto ambientale, personale qualificato e qualificato, strumenti e attrezzature specializzati. Ma soprattutto, paghi solo per il servizio che stai usufruendo.\u00a0<\/span><\/p>\n<p><span style=\"color: #ffffff;\"><span style=\"font-weight: 400;\">IL <\/span><a style=\"color: #ffffff;\" href=\"https:\/\/play.google.com\/store\/apps\/details?id=com.tidyapp.pro\"><span style=\"font-weight: 400;\">Pulitore<\/span><\/a><span style=\"font-weight: 400;\">.com \u00e8 la migliore app per i servizi di pulizia della casa in <\/span><span style=\"font-weight: 400;\">Montreal, QC<\/span><span style=\"font-weight: 400;\">\u00a0 per utenti di dispositivi mobili Android e iPhone.\u00a0<\/span><\/span><\/p>\n<p><span style=\"font-weight: 400; color: #ffffff;\">Il nostro servizio \u00e8 conveniente.<\/span><\/p>\n<p><span style=\"font-weight: 400; color: #ffffff;\">Offriamo un&#039;app semplice per pianificare le pulizie della casa su Airbnb.\u00a0<\/span><\/p>\n<p><span style=\"font-weight: 400; color: #ffffff;\">L&#039;app per programmare le pulizie domestiche \u00e8 gratuita, cos\u00ec puoi programmare la suddivisione delle faccende in base al tuo tempo.<\/span><\/p>\n<p><span style=\"color: #ffffff;\"><span style=\"font-weight: 400;\">Non abbiamo sede solo in <\/span><span style=\"font-weight: 400;\">Montreal<\/span><span style=\"font-weight: 400;\"> Abbiamo diversi posti per fornire diversi servizi come <\/span><a style=\"color: #ffffff;\" href=\"https:\/\/cleanster.ca\/airbnb-cleaning-in-austin-tx\/\"><span style=\"font-weight: 400;\">Pulizia di Airbnb<\/span><\/a><span style=\"font-weight: 400;\">, <\/span><a style=\"color: #ffffff;\" href=\"https:\/\/cleanster.ca\/deep-cleaning-in-austin-tx-2\/\"><span style=\"font-weight: 400;\">pulizia profonda<\/span><\/a><span style=\"font-weight: 400;\">, <\/span><a style=\"color: #ffffff;\" href=\"https:\/\/cleanster.ca\/vacation-rental-cleaning-in-austin-tx\/\"><span style=\"font-weight: 400;\">pulizia della casa vacanza<\/span><\/a><span style=\"font-weight: 400;\"> e molti altri.<\/span><\/span><\/p>","protected":false},"excerpt":{"rendered":"<p>App for house cleaning in , Montr\u00e9al, QC\u00a0 A home is where everything depends on your peace of mind, happiness, healthier lifestyle, and many more. Your busy schedule probably does not leave you a choice for cleaning the house. If you are looking for a professional app for house cleaning in Montr\u00e9al, QC\u00a0 for your [&hellip;]<\/p>\n","protected":false},"author":1,"featured_media":16061,"parent":0,"menu_order":0,"comment_status":"closed","ping_status":"closed","template":"templates\/services.php","meta":{"_acf_changed":false,"footnotes":""},"class_list":["post-6006","page","type-page","status-publish","has-post-thumbnail","hentry","entry"],"acf":[],"yoast_head":"<!-- This site is optimized with the Yoast SEO Premium plugin v26.5 (Yoast SEO v27.3) - https:\/\/yoast.com\/product\/yoast-seo-premium-wordpress\/ -->\n<title>App for House Cleaning- Cleanster.com<\/title>\n<meta name=\"description\" content=\"The smartest way to book, pay, and find house cleaning service in Montr\u00e9al, QC through our Cleanster.com. It takes only 30 seconds.\" \/>\n<meta name=\"robots\" content=\"index, follow, max-snippet:-1, max-image-preview:large, max-video-preview:-1\" \/>\n<link rel=\"canonical\" href=\"https:\/\/cleanster.com\/it\/app-per-il-servizio-di-pulizia-nellapp-qc-cleanster-di-montreal\/\" \/>\n<meta property=\"og:locale\" content=\"it_IT\" \/>\n<meta property=\"og:type\" content=\"article\" \/>\n<meta property=\"og:title\" content=\"House Cleaning in Montr\u00e9al, QC - Cleanster | Cleaning &amp; Maid Services Near You\" \/>\n<meta property=\"og:description\" content=\"The smartest way to book, pay, and find house cleaning service in Montr\u00e9al, QC through our Cleanster.com. It takes only 30 seconds.\" \/>\n<meta property=\"og:url\" content=\"https:\/\/cleanster.com\/it\/app-per-il-servizio-di-pulizia-nellapp-qc-cleanster-di-montreal\/\" \/>\n<meta property=\"og:site_name\" content=\"Cleanster | Cleaning &amp; Maid Services Near You\" \/>\n<meta property=\"article:publisher\" content=\"https:\/\/www.facebook.com\/cleansterhq\" \/>\n<meta property=\"article:modified_time\" content=\"2023-11-02T15:23:52+00:00\" \/>\n<meta property=\"og:image\" content=\"https:\/\/cleanster.com\/wp-content\/uploads\/2023\/10\/house-img.jpg\" \/>\n\t<meta property=\"og:image:width\" content=\"950\" \/>\n\t<meta property=\"og:image:height\" content=\"670\" \/>\n\t<meta property=\"og:image:type\" content=\"image\/jpeg\" \/>\n<meta name=\"twitter:card\" content=\"summary_large_image\" \/>\n<meta name=\"twitter:site\" content=\"@cleansterhq\" \/>\n<meta name=\"twitter:label1\" content=\"Tempo di lettura stimato\" \/>\n\t<meta name=\"twitter:data1\" content=\"2 minuti\" \/>\n<script type=\"application\/ld+json\" class=\"yoast-schema-graph\">{\"@context\":\"https:\\\/\\\/schema.org\",\"@graph\":[{\"@type\":\"WebPage\",\"@id\":\"https:\\\/\\\/cleanster.com\\\/app-for-cleaning-service-in-montreal-qc-cleanster-app\\\/\",\"url\":\"https:\\\/\\\/cleanster.com\\\/app-for-cleaning-service-in-montreal-qc-cleanster-app\\\/\",\"name\":\"App for House Cleaning- Cleanster.com\",\"isPartOf\":{\"@id\":\"https:\\\/\\\/cleanster.com\\\/#website\"},\"primaryImageOfPage\":{\"@id\":\"https:\\\/\\\/cleanster.com\\\/app-for-cleaning-service-in-montreal-qc-cleanster-app\\\/#primaryimage\"},\"image\":{\"@id\":\"https:\\\/\\\/cleanster.com\\\/app-for-cleaning-service-in-montreal-qc-cleanster-app\\\/#primaryimage\"},\"thumbnailUrl\":\"https:\\\/\\\/cleanster.com\\\/wp-content\\\/uploads\\\/2023\\\/10\\\/house-img.jpg\",\"datePublished\":\"2022-10-26T15:36:13+00:00\",\"dateModified\":\"2023-11-02T15:23:52+00:00\",\"description\":\"The smartest way to book, pay, and find house cleaning service in Montr\u00e9al, QC through our Cleanster.com. It takes only 30 seconds.\",\"inLanguage\":\"it-IT\",\"potentialAction\":[{\"@type\":\"ReadAction\",\"target\":[\"https:\\\/\\\/cleanster.com\\\/app-for-cleaning-service-in-montreal-qc-cleanster-app\\\/\"]}]},{\"@type\":\"ImageObject\",\"inLanguage\":\"it-IT\",\"@id\":\"https:\\\/\\\/cleanster.com\\\/app-for-cleaning-service-in-montreal-qc-cleanster-app\\\/#primaryimage\",\"url\":\"https:\\\/\\\/cleanster.com\\\/wp-content\\\/uploads\\\/2023\\\/10\\\/house-img.jpg\",\"contentUrl\":\"https:\\\/\\\/cleanster.com\\\/wp-content\\\/uploads\\\/2023\\\/10\\\/house-img.jpg\",\"width\":950,\"height\":670},{\"@type\":\"WebSite\",\"@id\":\"https:\\\/\\\/cleanster.com\\\/#website\",\"url\":\"https:\\\/\\\/cleanster.com\\\/\",\"name\":\"Cleanster | Cleaning & Maid Services Near You\",\"description\":\"Instantly find &amp; book trusted cleaners for homes, apartment, Airbnb, and offices. Cleanster offers affordable maid, housekeeping, and commercial cleaning services near you.\",\"publisher\":{\"@id\":\"https:\\\/\\\/cleanster.com\\\/#organization\"},\"alternateName\":\"Cleanster | Cleaning, Maid & Housekeeping Services for Everyone\",\"potentialAction\":[{\"@type\":\"SearchAction\",\"target\":{\"@type\":\"EntryPoint\",\"urlTemplate\":\"https:\\\/\\\/cleanster.com\\\/?s={search_term_string}\"},\"query-input\":{\"@type\":\"PropertyValueSpecification\",\"valueRequired\":true,\"valueName\":\"search_term_string\"}}],\"inLanguage\":\"it-IT\"},{\"@type\":\"Organization\",\"@id\":\"https:\\\/\\\/cleanster.com\\\/#organization\",\"name\":\"Cleanster\",\"alternateName\":\"Cleanster.com\",\"url\":\"https:\\\/\\\/cleanster.com\\\/\",\"logo\":{\"@type\":\"ImageObject\",\"inLanguage\":\"it-IT\",\"@id\":\"https:\\\/\\\/cleanster.com\\\/#\\\/schema\\\/logo\\\/image\\\/\",\"url\":\"https:\\\/\\\/cleanster.com\\\/wp-content\\\/uploads\\\/2025\\\/06\\\/Cleanster-Logo-1.svg\",\"contentUrl\":\"https:\\\/\\\/cleanster.com\\\/wp-content\\\/uploads\\\/2025\\\/06\\\/Cleanster-Logo-1.svg\",\"width\":1,\"height\":1,\"caption\":\"Cleanster\"},\"image\":{\"@id\":\"https:\\\/\\\/cleanster.com\\\/#\\\/schema\\\/logo\\\/image\\\/\"},\"sameAs\":[\"https:\\\/\\\/www.facebook.com\\\/cleansterhq\",\"https:\\\/\\\/x.com\\\/cleansterhq\",\"https:\\\/\\\/www.linkedin.com\\\/company\\\/cleansterhq\",\"https:\\\/\\\/www.instagram.com\\\/cleansterhq\",\"https:\\\/\\\/vm.tiktok.com\\\/ZM8vHmcuo\\\/\",\"https:\\\/\\\/www.clubhouse.com\\\/club\\\/cleanstercom\"],\"description\":\"Cleanster is an AI-powered cleaning services platform that connects Airbnb hosts, property managers, and commercial clients with vetted, on-demand cleaners. We offer apartment, house, Airbnb, commercial, and janitorial cleaning services. With a network of over 100,000 professionals across the US, Canada, and the UK, Cleanster delivers fast, reliable, and tech-enabled cleaning at scale.\",\"email\":\"support@cleanster.com\",\"telephone\":\"+1 (888) 788-2445\",\"legalName\":\"Cleanster, Inc.\",\"foundingDate\":\"2019-05-06\",\"duns\":\"118328526\",\"naics\":\"541511\",\"numberOfEmployees\":{\"@type\":\"QuantitativeValue\",\"minValue\":\"11\",\"maxValue\":\"50\"}}]}<\/script>\n<!-- \/ Yoast SEO Premium plugin. -->","yoast_head_json":{"title":"App per la pulizia della casa - Cleanster.com","description":"Il modo pi\u00f9 intelligente per prenotare, pagare e trovare un servizio di pulizia della casa a Montr\u00e9al, QC tramite il nostro Cleanster.com. Ci vogliono solo 30 secondi.","robots":{"index":"index","follow":"follow","max-snippet":"max-snippet:-1","max-image-preview":"max-image-preview:large","max-video-preview":"max-video-preview:-1"},"canonical":"https:\/\/cleanster.com\/it\/app-per-il-servizio-di-pulizia-nellapp-qc-cleanster-di-montreal\/","og_locale":"it_IT","og_type":"article","og_title":"House Cleaning in Montr\u00e9al, QC - Cleanster | Cleaning &amp; Maid Services Near You","og_description":"The smartest way to book, pay, and find house cleaning service in Montr\u00e9al, QC through our Cleanster.com. It takes only 30 seconds.","og_url":"https:\/\/cleanster.com\/it\/app-per-il-servizio-di-pulizia-nellapp-qc-cleanster-di-montreal\/","og_site_name":"Cleanster | Cleaning &amp; Maid Services Near You","article_publisher":"https:\/\/www.facebook.com\/cleansterhq","article_modified_time":"2023-11-02T15:23:52+00:00","og_image":[{"width":950,"height":670,"url":"https:\/\/cleanster.com\/wp-content\/uploads\/2023\/10\/house-img.jpg","type":"image\/jpeg"}],"twitter_card":"summary_large_image","twitter_site":"@cleansterhq","twitter_misc":{"Tempo di lettura stimato":"2 minuti"},"schema":{"@context":"https:\/\/schema.org","@graph":[{"@type":"WebPage","@id":"https:\/\/cleanster.com\/app-for-cleaning-service-in-montreal-qc-cleanster-app\/","url":"https:\/\/cleanster.com\/app-for-cleaning-service-in-montreal-qc-cleanster-app\/","name":"App per la pulizia della casa - Cleanster.com","isPartOf":{"@id":"https:\/\/cleanster.com\/#website"},"primaryImageOfPage":{"@id":"https:\/\/cleanster.com\/app-for-cleaning-service-in-montreal-qc-cleanster-app\/#primaryimage"},"image":{"@id":"https:\/\/cleanster.com\/app-for-cleaning-service-in-montreal-qc-cleanster-app\/#primaryimage"},"thumbnailUrl":"https:\/\/cleanster.com\/wp-content\/uploads\/2023\/10\/house-img.jpg","datePublished":"2022-10-26T15:36:13+00:00","dateModified":"2023-11-02T15:23:52+00:00","description":"Il modo pi\u00f9 intelligente per prenotare, pagare e trovare un servizio di pulizia della casa a Montr\u00e9al, QC tramite il nostro Cleanster.com. Ci vogliono solo 30 secondi.","inLanguage":"it-IT","potentialAction":[{"@type":"ReadAction","target":["https:\/\/cleanster.com\/app-for-cleaning-service-in-montreal-qc-cleanster-app\/"]}]},{"@type":"ImageObject","inLanguage":"it-IT","@id":"https:\/\/cleanster.com\/app-for-cleaning-service-in-montreal-qc-cleanster-app\/#primaryimage","url":"https:\/\/cleanster.com\/wp-content\/uploads\/2023\/10\/house-img.jpg","contentUrl":"https:\/\/cleanster.com\/wp-content\/uploads\/2023\/10\/house-img.jpg","width":950,"height":670},{"@type":"WebSite","@id":"https:\/\/cleanster.com\/#website","url":"https:\/\/cleanster.com\/","name":"Cleanster | Servizi di pulizia e colf vicino a te","description":"Trova e prenota subito servizi di pulizia affidabili per case, appartamenti, Airbnb e uffici. Cleanster offre servizi di pulizia domestica, domestica e commerciale a prezzi accessibili vicino a te.","publisher":{"@id":"https:\/\/cleanster.com\/#organization"},"alternateName":"Cleanster | Cleaning, Maid & Housekeeping Services for Everyone","potentialAction":[{"@type":"SearchAction","target":{"@type":"EntryPoint","urlTemplate":"https:\/\/cleanster.com\/?s={search_term_string}"},"query-input":{"@type":"PropertyValueSpecification","valueRequired":true,"valueName":"search_term_string"}}],"inLanguage":"it-IT"},{"@type":"Organization","@id":"https:\/\/cleanster.com\/#organization","name":"Pulitore","alternateName":"Cleanster.com","url":"https:\/\/cleanster.com\/","logo":{"@type":"ImageObject","inLanguage":"it-IT","@id":"https:\/\/cleanster.com\/#\/schema\/logo\/image\/","url":"https:\/\/cleanster.com\/wp-content\/uploads\/2025\/06\/Cleanster-Logo-1.svg","contentUrl":"https:\/\/cleanster.com\/wp-content\/uploads\/2025\/06\/Cleanster-Logo-1.svg","width":1,"height":1,"caption":"Cleanster"},"image":{"@id":"https:\/\/cleanster.com\/#\/schema\/logo\/image\/"},"sameAs":["https:\/\/www.facebook.com\/cleansterhq","https:\/\/x.com\/cleansterhq","https:\/\/www.linkedin.com\/company\/cleansterhq","https:\/\/www.instagram.com\/cleansterhq","https:\/\/vm.tiktok.com\/ZM8vHmcuo\/","https:\/\/www.clubhouse.com\/club\/cleanstercom"],"description":"Cleanster \u00e8 una piattaforma di servizi di pulizia basata sull&#039;intelligenza artificiale che mette in contatto host Airbnb, gestori immobiliari e clienti commerciali con addetti alle pulizie selezionati e disponibili su richiesta. Offriamo servizi di pulizia per appartamenti, case, Airbnb, attivit\u00e0 commerciali e servizi di pulizia. Con una rete di oltre 100.000 professionisti negli Stati Uniti, in Canada e nel Regno Unito, Cleanster offre servizi di pulizia rapidi, affidabili e tecnologicamente avanzati su larga scala.","email":"support@cleanster.com","telephone":"+1 (888) 788-2445","legalName":"Cleanster, Inc.","foundingDate":"2019-05-06","duns":"118328526","naics":"541511","numberOfEmployees":{"@type":"QuantitativeValue","minValue":"11","maxValue":"50"}}]}},"_links":{"self":[{"href":"https:\/\/cleanster.com\/it\/wp-json\/wp\/v2\/pages\/6006","targetHints":{"allow":["GET"]}}],"collection":[{"href":"https:\/\/cleanster.com\/it\/wp-json\/wp\/v2\/pages"}],"about":[{"href":"https:\/\/cleanster.com\/it\/wp-json\/wp\/v2\/types\/page"}],"author":[{"embeddable":true,"href":"https:\/\/cleanster.com\/it\/wp-json\/wp\/v2\/users\/1"}],"replies":[{"embeddable":true,"href":"https:\/\/cleanster.com\/it\/wp-json\/wp\/v2\/comments?post=6006"}],"version-history":[{"count":0,"href":"https:\/\/cleanster.com\/it\/wp-json\/wp\/v2\/pages\/6006\/revisions"}],"wp:featuredmedia":[{"embeddable":true,"href":"https:\/\/cleanster.com\/it\/wp-json\/wp\/v2\/media\/16061"}],"wp:attachment":[{"href":"https:\/\/cleanster.com\/it\/wp-json\/wp\/v2\/media?parent=6006"}],"curies":[{"name":"wp","href":"https:\/\/api.w.org\/{rel}","templated":true}]}}