{"id":6384,"date":"2022-10-26T19:25:02","date_gmt":"2022-10-26T19:25:02","guid":{"rendered":"http:\/\/cleanster.ca\/?page_id=6384"},"modified":"2024-01-08T11:03:18","modified_gmt":"2024-01-08T11:03:18","slug":"trasferirsi-a-fare-le-pulizie-a-new-york-city-new-york","status":"publish","type":"page","link":"https:\/\/cleanster.com\/it\/trasferirsi-a-fare-le-pulizie-a-new-york-city-new-york\/","title":{"rendered":"Trasferirsi a fare le pulizie a New York City, NY"},"content":{"rendered":"<h2><span style=\"color: #ffffff;\"><b>App per la pulizia in entrata e in uscita <\/b><b>New York City, New York<\/b><\/span><\/h2>\n<p><span style=\"color: #ffffff;\"><span style=\"font-weight: 400;\">Stai cercando un&#039;app per la pulizia di traslochi in entrata e in uscita a<\/span> <span style=\"font-weight: 400;\">New York City, New York<\/span><span style=\"font-weight: 400;\">? Allora senza alcun dubbio, puoi provare il <\/span><a style=\"color: #ffffff;\" href=\"https:\/\/play.google.com\/store\/apps\/details?id=com.tidyapp.pro\"><span style=\"font-weight: 400;\">Pulitore<\/span><\/a><a style=\"color: #ffffff;\" href=\"https:\/\/play.google.com\/store\/apps\/details?id=com.tidyapp.pro\">.com <\/a>per questo servizio.\u00a0<\/span><\/p>\n<p><span style=\"color: #ffffff;\"><span style=\"font-weight: 400;\">Ci sono innumerevoli attivit\u00e0 e processi che devi svolgere mentre ti sposti da un posto all&#039;altro. <\/span><a style=\"color: #ffffff;\" href=\"https:\/\/cleanster.com\/\"><span style=\"font-weight: 400;\">Pulitore<\/span>.com<\/a> offre soluzioni per servizi di pulizia sia in entrata che in uscita.<\/span><\/p>\n<p><span style=\"font-weight: 400; color: #ffffff;\">I professionisti di Cleanster.com puliranno a fondo la tua nuova o vecchia casa per rendere la tua esperienza di trasloco il pi\u00f9 agevole e senza preoccupazioni possibile e si occuperanno di tutto il disordine per te.<\/span><\/p>\n<h2><span style=\"color: #ffffff;\"><b>Lista di controllo per la pulizia in movimento L&#039;app Cleanster.com offre:<\/b><\/span><\/h2>\n<p><span style=\"font-weight: 400; color: #ffffff;\">I professionisti di Cleanster.com possono occuparsi di tutti gli elementi della tua checklist per le pulizie di fine trasloco senza danneggiare la propriet\u00e0, cos\u00ec potrai dedicare pi\u00f9 tempo ai preparativi per il trasloco.\u00a0<\/span><\/p>\n<p><span style=\"font-weight: 400; color: #ffffff;\">Polvere (tutto)<\/span><\/p>\n<p><span style=\"font-weight: 400; color: #ffffff;\">Pulisci gli elettrodomestici della cucina<\/span><\/p>\n<p><span style=\"font-weight: 400; color: #ffffff;\">Pulisci gli armadietti<\/span><\/p>\n<p><span style=\"font-weight: 400; color: #ffffff;\">Pulisci lavandini e ripiani<\/span><\/p>\n<p><span style=\"font-weight: 400; color: #ffffff;\">Strofinare i bagni<\/span><\/p>\n<p><span style=\"font-weight: 400; color: #ffffff;\">Doccia e vasca da bagno con scrub<\/span><\/p>\n<p><span style=\"font-weight: 400; color: #ffffff;\">Pulisci i battiscopa<\/span><\/p>\n<p><span style=\"font-weight: 400; color: #ffffff;\">Aspirare e spazzare tutti i pavimenti<\/span><\/p>\n<p><span style=\"font-weight: 400; color: #ffffff;\">Eseguiamo i nostri servizi di pulizia e trasloco in modo efficiente con le nostre mani professionali. Puoi personalizzare il programma di pulizia del trasloco in base alle tue esigenze.\u00a0<\/span><\/p>\n<p><span style=\"color: #ffffff;\"><span style=\"font-weight: 400;\">Non abbiamo sede solo in <\/span><span style=\"font-weight: 400;\">Citt\u00e0 di New York,<\/span><span style=\"font-weight: 400;\"> Abbiamo diversi posti per fornire diversi servizi come <\/span><a style=\"color: #ffffff;\" href=\"https:\/\/cleanster.ca\/house-cleaning-in-austin-tx\/\"><span style=\"font-weight: 400;\">pulizie di casa<\/span><\/a><span style=\"font-weight: 400;\">, <\/span><a style=\"color: #ffffff;\" href=\"https:\/\/cleanster.ca\/airbnb-cleaning-in-austin-tx\/\"><span style=\"font-weight: 400;\">pulizia di airbnb<\/span><\/a><span style=\"font-weight: 400;\">, <\/span><a style=\"color: #ffffff;\" href=\"https:\/\/cleanster.ca\/deep-cleaning-in-austin-tx-2\/\"><span style=\"font-weight: 400;\">pulizia profonda<\/span><\/a><span style=\"font-weight: 400;\">, <\/span><a style=\"color: #ffffff;\" href=\"https:\/\/cleanster.ca\/vacation-rental-cleaning-in-austin-tx\/\"><span style=\"font-weight: 400;\">pulizia della casa vacanza<\/span><\/a>,<span style=\"font-weight: 400;\"> e molti altri.<\/span><\/span><\/p>\n<h2><span style=\"color: #ffffff;\"><b>Servizio di trasloco<\/b><\/span><\/h2>\n<p><span style=\"color: #ffffff;\"><span style=\"font-weight: 400;\">Traslocare in una casa rende le cose eccitanti e anche stressanti. Ci sono molte cose che devi organizzare prima di traslocare. Cose come pulire e preparare nuovi mobili e altro. Con Cleanster.com, il nostro esperto pu\u00f2 svolgere queste faccende in modo molto competente. La nostra eccellente app \u00e8 disponibile anche per i servizi di pulizia per traslochi in <\/span><a style=\"color: #ffffff;\" href=\"https:\/\/en.wikipedia.org\/wiki\/New_York_City\"><span style=\"font-weight: 400;\">New York City, New York<\/span><\/a><\/span><\/p>\n<p><span style=\"font-weight: 400; color: #ffffff;\">Puliremo a fondo la tua nuova casa, sistemeremo i mobili pesanti e ci assicureremo che tutto sia in perfette condizioni.<\/span><\/p>\n<p><span style=\"font-weight: 400; color: #ffffff;\">Che tu stia traslocando o stia per cambiare casa, abbiamo progettato la nostra app per offrirti servizi di pulizia per traslochi a prezzi accessibili.\u00a0<\/span><\/p>\n<h2><span style=\"color: #ffffff;\"><b>Vantaggi che puoi ottenere<\/b><\/span><\/h2>\n<p><span style=\"font-weight: 400; color: #ffffff;\">Ti aiutiamo a risparmiare tempo e siamo molto pi\u00f9 sicuri di quanto pensi.<\/span><\/p>\n<p><span style=\"font-weight: 400; color: #ffffff;\">Non devi preoccuparti della gestione dei permessi e delle consulenze.<\/span><\/p>\n<p><span style=\"font-weight: 400; color: #ffffff;\">Disponiamo dell&#039;attrezzatura per la pulizia esatta.<\/span><\/p>\n<p><span style=\"font-weight: 400; color: #ffffff;\">Il nostro personale \u00e8 altamente qualificato nello spostamento di oggetti pesanti.<\/span><\/p>","protected":false},"excerpt":{"rendered":"<p>Moving In and Out Cleaning App in New York City, NY Are you looking for a moving-in and out cleaning app in New York City, NY? Then without any doubt, you can try the Cleanster.com for this service.\u00a0 There are countless tasks and processes you need to do while you are moving from one place [&hellip;]<\/p>\n","protected":false},"author":1,"featured_media":17319,"parent":0,"menu_order":0,"comment_status":"closed","ping_status":"closed","template":"templates\/services.php","meta":{"_acf_changed":false,"footnotes":""},"class_list":["post-6384","page","type-page","status-publish","has-post-thumbnail","hentry","entry"],"acf":[],"yoast_head":"<!-- This site is optimized with the Yoast SEO Premium plugin v26.5 (Yoast SEO v27.4) - https:\/\/yoast.com\/product\/yoast-seo-premium-wordpress\/ -->\n<title>Moving in and out cleaning app in NewYork City, NY- Cleanster.com<\/title>\n<meta name=\"description\" content=\"The smartest way to book, pay, and find moving in and out cleaning service in New York City, NY through Cleanster.com. Let&#039;s download\" \/>\n<meta name=\"robots\" content=\"index, follow, max-snippet:-1, max-image-preview:large, max-video-preview:-1\" \/>\n<link rel=\"canonical\" href=\"https:\/\/cleanster.com\/it\/trasferirsi-a-fare-le-pulizie-a-new-york-city-new-york\/\" \/>\n<meta property=\"og:locale\" content=\"it_IT\" \/>\n<meta property=\"og:type\" content=\"article\" \/>\n<meta property=\"og:title\" content=\"Moving In Out Cleaning in New York City, NY - Cleanster | Cleaning &amp; Maid Services Near You\" \/>\n<meta property=\"og:description\" content=\"The smartest way to book, pay, and find moving in and out cleaning service in New York City, NY through Cleanster.com. Let&#039;s download\" \/>\n<meta property=\"og:url\" content=\"https:\/\/cleanster.com\/it\/trasferirsi-a-fare-le-pulizie-a-new-york-city-new-york\/\" \/>\n<meta property=\"og:site_name\" content=\"Cleanster | Cleaning &amp; Maid Services Near You\" \/>\n<meta property=\"article:publisher\" content=\"https:\/\/www.facebook.com\/cleansterhq\" \/>\n<meta property=\"article:modified_time\" content=\"2024-01-08T11:03:18+00:00\" \/>\n<meta property=\"og:image\" content=\"https:\/\/cleanster.com\/wp-content\/uploads\/2023\/11\/moving-img.jpg\" \/>\n\t<meta property=\"og:image:width\" content=\"950\" \/>\n\t<meta property=\"og:image:height\" content=\"670\" \/>\n\t<meta property=\"og:image:type\" content=\"image\/jpeg\" \/>\n<meta name=\"twitter:card\" content=\"summary_large_image\" \/>\n<meta name=\"twitter:site\" content=\"@cleansterhq\" \/>\n<meta name=\"twitter:label1\" content=\"Tempo di lettura stimato\" \/>\n\t<meta name=\"twitter:data1\" content=\"2 minuti\" \/>\n<script type=\"application\/ld+json\" class=\"yoast-schema-graph\">{\"@context\":\"https:\\\/\\\/schema.org\",\"@graph\":[{\"@type\":\"WebPage\",\"@id\":\"https:\\\/\\\/cleanster.com\\\/moving-in-out-cleaning-in-new-york-city-ny\\\/\",\"url\":\"https:\\\/\\\/cleanster.com\\\/moving-in-out-cleaning-in-new-york-city-ny\\\/\",\"name\":\"Moving in and out cleaning app in NewYork City, NY- Cleanster.com\",\"isPartOf\":{\"@id\":\"https:\\\/\\\/cleanster.com\\\/#website\"},\"primaryImageOfPage\":{\"@id\":\"https:\\\/\\\/cleanster.com\\\/moving-in-out-cleaning-in-new-york-city-ny\\\/#primaryimage\"},\"image\":{\"@id\":\"https:\\\/\\\/cleanster.com\\\/moving-in-out-cleaning-in-new-york-city-ny\\\/#primaryimage\"},\"thumbnailUrl\":\"https:\\\/\\\/cleanster.com\\\/wp-content\\\/uploads\\\/2023\\\/11\\\/moving-img.jpg\",\"datePublished\":\"2022-10-26T19:25:02+00:00\",\"dateModified\":\"2024-01-08T11:03:18+00:00\",\"description\":\"The smartest way to book, pay, and find moving in and out cleaning service in New York City, NY through Cleanster.com. Let's download\",\"inLanguage\":\"it-IT\",\"potentialAction\":[{\"@type\":\"ReadAction\",\"target\":[\"https:\\\/\\\/cleanster.com\\\/moving-in-out-cleaning-in-new-york-city-ny\\\/\"]}]},{\"@type\":\"ImageObject\",\"inLanguage\":\"it-IT\",\"@id\":\"https:\\\/\\\/cleanster.com\\\/moving-in-out-cleaning-in-new-york-city-ny\\\/#primaryimage\",\"url\":\"https:\\\/\\\/cleanster.com\\\/wp-content\\\/uploads\\\/2023\\\/11\\\/moving-img.jpg\",\"contentUrl\":\"https:\\\/\\\/cleanster.com\\\/wp-content\\\/uploads\\\/2023\\\/11\\\/moving-img.jpg\",\"width\":950,\"height\":670},{\"@type\":\"WebSite\",\"@id\":\"https:\\\/\\\/cleanster.com\\\/#website\",\"url\":\"https:\\\/\\\/cleanster.com\\\/\",\"name\":\"Cleanster | Cleaning & Maid Services Near You\",\"description\":\"Instantly find &amp; book trusted cleaners for homes, apartment, Airbnb, and offices. Cleanster offers affordable maid, housekeeping, and commercial cleaning services near you.\",\"publisher\":{\"@id\":\"https:\\\/\\\/cleanster.com\\\/#organization\"},\"alternateName\":\"Cleanster | Cleaning, Maid & Housekeeping Services for Everyone\",\"potentialAction\":[{\"@type\":\"SearchAction\",\"target\":{\"@type\":\"EntryPoint\",\"urlTemplate\":\"https:\\\/\\\/cleanster.com\\\/?s={search_term_string}\"},\"query-input\":{\"@type\":\"PropertyValueSpecification\",\"valueRequired\":true,\"valueName\":\"search_term_string\"}}],\"inLanguage\":\"it-IT\"},{\"@type\":\"Organization\",\"@id\":\"https:\\\/\\\/cleanster.com\\\/#organization\",\"name\":\"Cleanster\",\"alternateName\":\"Cleanster.com\",\"url\":\"https:\\\/\\\/cleanster.com\\\/\",\"logo\":{\"@type\":\"ImageObject\",\"inLanguage\":\"it-IT\",\"@id\":\"https:\\\/\\\/cleanster.com\\\/#\\\/schema\\\/logo\\\/image\\\/\",\"url\":\"https:\\\/\\\/cleanster.com\\\/wp-content\\\/uploads\\\/2025\\\/06\\\/Cleanster-Logo-1.svg\",\"contentUrl\":\"https:\\\/\\\/cleanster.com\\\/wp-content\\\/uploads\\\/2025\\\/06\\\/Cleanster-Logo-1.svg\",\"width\":1,\"height\":1,\"caption\":\"Cleanster\"},\"image\":{\"@id\":\"https:\\\/\\\/cleanster.com\\\/#\\\/schema\\\/logo\\\/image\\\/\"},\"sameAs\":[\"https:\\\/\\\/www.facebook.com\\\/cleansterhq\",\"https:\\\/\\\/x.com\\\/cleansterhq\",\"https:\\\/\\\/www.linkedin.com\\\/company\\\/cleansterhq\",\"https:\\\/\\\/www.instagram.com\\\/cleansterhq\",\"https:\\\/\\\/vm.tiktok.com\\\/ZM8vHmcuo\\\/\",\"https:\\\/\\\/www.clubhouse.com\\\/club\\\/cleanstercom\"],\"description\":\"Cleanster is an AI-powered cleaning services platform that connects Airbnb hosts, property managers, and commercial clients with vetted, on-demand cleaners. We offer apartment, house, Airbnb, commercial, and janitorial cleaning services. With a network of over 100,000 professionals across the US, Canada, and the UK, Cleanster delivers fast, reliable, and tech-enabled cleaning at scale.\",\"email\":\"support@cleanster.com\",\"telephone\":\"+1 (888) 788-2445\",\"legalName\":\"Cleanster, Inc.\",\"foundingDate\":\"2019-05-06\",\"duns\":\"118328526\",\"naics\":\"541511\",\"numberOfEmployees\":{\"@type\":\"QuantitativeValue\",\"minValue\":\"11\",\"maxValue\":\"50\"}}]}<\/script>\n<!-- \/ Yoast SEO Premium plugin. -->","yoast_head_json":{"title":"Muoversi dentro e fuori dall&#039;app di pulizia a NewYork City, NY- Cleanster.com","description":"Il modo pi\u00f9 intelligente per prenotare, pagare e trovare servizi di pulizia in entrata e in uscita a New York City, NY attraverso Cleanster.com. Scarichiamo","robots":{"index":"index","follow":"follow","max-snippet":"max-snippet:-1","max-image-preview":"max-image-preview:large","max-video-preview":"max-video-preview:-1"},"canonical":"https:\/\/cleanster.com\/it\/trasferirsi-a-fare-le-pulizie-a-new-york-city-new-york\/","og_locale":"it_IT","og_type":"article","og_title":"Moving In Out Cleaning in New York City, NY - Cleanster | Cleaning &amp; Maid Services Near You","og_description":"The smartest way to book, pay, and find moving in and out cleaning service in New York City, NY through Cleanster.com. Let's download","og_url":"https:\/\/cleanster.com\/it\/trasferirsi-a-fare-le-pulizie-a-new-york-city-new-york\/","og_site_name":"Cleanster | Cleaning &amp; Maid Services Near You","article_publisher":"https:\/\/www.facebook.com\/cleansterhq","article_modified_time":"2024-01-08T11:03:18+00:00","og_image":[{"width":950,"height":670,"url":"https:\/\/cleanster.com\/wp-content\/uploads\/2023\/11\/moving-img.jpg","type":"image\/jpeg"}],"twitter_card":"summary_large_image","twitter_site":"@cleansterhq","twitter_misc":{"Tempo di lettura stimato":"2 minuti"},"schema":{"@context":"https:\/\/schema.org","@graph":[{"@type":"WebPage","@id":"https:\/\/cleanster.com\/moving-in-out-cleaning-in-new-york-city-ny\/","url":"https:\/\/cleanster.com\/moving-in-out-cleaning-in-new-york-city-ny\/","name":"Muoversi dentro e fuori dall&#039;app di pulizia a NewYork City, NY- Cleanster.com","isPartOf":{"@id":"https:\/\/cleanster.com\/#website"},"primaryImageOfPage":{"@id":"https:\/\/cleanster.com\/moving-in-out-cleaning-in-new-york-city-ny\/#primaryimage"},"image":{"@id":"https:\/\/cleanster.com\/moving-in-out-cleaning-in-new-york-city-ny\/#primaryimage"},"thumbnailUrl":"https:\/\/cleanster.com\/wp-content\/uploads\/2023\/11\/moving-img.jpg","datePublished":"2022-10-26T19:25:02+00:00","dateModified":"2024-01-08T11:03:18+00:00","description":"Il modo pi\u00f9 intelligente per prenotare, pagare e trovare servizi di pulizia in entrata e in uscita a New York City, NY attraverso Cleanster.com. Scarichiamo","inLanguage":"it-IT","potentialAction":[{"@type":"ReadAction","target":["https:\/\/cleanster.com\/moving-in-out-cleaning-in-new-york-city-ny\/"]}]},{"@type":"ImageObject","inLanguage":"it-IT","@id":"https:\/\/cleanster.com\/moving-in-out-cleaning-in-new-york-city-ny\/#primaryimage","url":"https:\/\/cleanster.com\/wp-content\/uploads\/2023\/11\/moving-img.jpg","contentUrl":"https:\/\/cleanster.com\/wp-content\/uploads\/2023\/11\/moving-img.jpg","width":950,"height":670},{"@type":"WebSite","@id":"https:\/\/cleanster.com\/#website","url":"https:\/\/cleanster.com\/","name":"Cleanster | Servizi di pulizia e colf vicino a te","description":"Trova e prenota subito servizi di pulizia affidabili per case, appartamenti, Airbnb e uffici. Cleanster offre servizi di pulizia domestica, domestica e commerciale a prezzi accessibili vicino a te.","publisher":{"@id":"https:\/\/cleanster.com\/#organization"},"alternateName":"Cleanster | Cleaning, Maid & Housekeeping Services for Everyone","potentialAction":[{"@type":"SearchAction","target":{"@type":"EntryPoint","urlTemplate":"https:\/\/cleanster.com\/?s={search_term_string}"},"query-input":{"@type":"PropertyValueSpecification","valueRequired":true,"valueName":"search_term_string"}}],"inLanguage":"it-IT"},{"@type":"Organization","@id":"https:\/\/cleanster.com\/#organization","name":"Pulitore","alternateName":"Cleanster.com","url":"https:\/\/cleanster.com\/","logo":{"@type":"ImageObject","inLanguage":"it-IT","@id":"https:\/\/cleanster.com\/#\/schema\/logo\/image\/","url":"https:\/\/cleanster.com\/wp-content\/uploads\/2025\/06\/Cleanster-Logo-1.svg","contentUrl":"https:\/\/cleanster.com\/wp-content\/uploads\/2025\/06\/Cleanster-Logo-1.svg","width":1,"height":1,"caption":"Cleanster"},"image":{"@id":"https:\/\/cleanster.com\/#\/schema\/logo\/image\/"},"sameAs":["https:\/\/www.facebook.com\/cleansterhq","https:\/\/x.com\/cleansterhq","https:\/\/www.linkedin.com\/company\/cleansterhq","https:\/\/www.instagram.com\/cleansterhq","https:\/\/vm.tiktok.com\/ZM8vHmcuo\/","https:\/\/www.clubhouse.com\/club\/cleanstercom"],"description":"Cleanster \u00e8 una piattaforma di servizi di pulizia basata sull&#039;intelligenza artificiale che mette in contatto host Airbnb, gestori immobiliari e clienti commerciali con addetti alle pulizie selezionati e disponibili su richiesta. Offriamo servizi di pulizia per appartamenti, case, Airbnb, attivit\u00e0 commerciali e servizi di pulizia. Con una rete di oltre 100.000 professionisti negli Stati Uniti, in Canada e nel Regno Unito, Cleanster offre servizi di pulizia rapidi, affidabili e tecnologicamente avanzati su larga scala.","email":"support@cleanster.com","telephone":"+1 (888) 788-2445","legalName":"Cleanster, Inc.","foundingDate":"2019-05-06","duns":"118328526","naics":"541511","numberOfEmployees":{"@type":"QuantitativeValue","minValue":"11","maxValue":"50"}}]}},"_links":{"self":[{"href":"https:\/\/cleanster.com\/it\/wp-json\/wp\/v2\/pages\/6384","targetHints":{"allow":["GET"]}}],"collection":[{"href":"https:\/\/cleanster.com\/it\/wp-json\/wp\/v2\/pages"}],"about":[{"href":"https:\/\/cleanster.com\/it\/wp-json\/wp\/v2\/types\/page"}],"author":[{"embeddable":true,"href":"https:\/\/cleanster.com\/it\/wp-json\/wp\/v2\/users\/1"}],"replies":[{"embeddable":true,"href":"https:\/\/cleanster.com\/it\/wp-json\/wp\/v2\/comments?post=6384"}],"version-history":[{"count":0,"href":"https:\/\/cleanster.com\/it\/wp-json\/wp\/v2\/pages\/6384\/revisions"}],"wp:featuredmedia":[{"embeddable":true,"href":"https:\/\/cleanster.com\/it\/wp-json\/wp\/v2\/media\/17319"}],"wp:attachment":[{"href":"https:\/\/cleanster.com\/it\/wp-json\/wp\/v2\/media?parent=6384"}],"curies":[{"name":"wp","href":"https:\/\/api.w.org\/{rel}","templated":true}]}}