{"id":10006,"date":"2023-07-25T15:47:56","date_gmt":"2023-07-25T15:47:56","guid":{"rendered":"https:\/\/cleanster.ca\/?page_id=10006"},"modified":"2025-10-09T20:02:10","modified_gmt":"2025-10-09T20:02:10","slug":"limpeza-do-airbnb-automatizada","status":"publish","type":"page","link":"https:\/\/cleanster.com\/pt\/limpeza-do-airbnb-automatizada\/","title":{"rendered":"Limpeza automatizada do Airbnb"},"content":{"rendered":"<h2><span style=\"color: #ffffff;\"><b>App para limpeza profunda<\/b><\/span><\/h2>\n<p><span style=\"color: #ffffff;\"><span style=\"font-weight: 400;\">Para a maioria de n\u00f3s, o tempo \u00e9 a ess\u00eancia de tudo e, com um estilo de vida agitado, queremos que tudo, como servi\u00e7os de limpeza profunda e limpeza do Airbnb, seja feito cada vez mais r\u00e1pido. Voc\u00ea pode considerar o aplicativo Cleanster.com para uma <\/span>servi\u00e7o de limpeza profunda. <span style=\"font-weight: 400;\">Com nosso aplicativo de limpeza, voc\u00ea pode cuidar facilmente da sua casa ou escrit\u00f3rio. Na Cleanster.com, voc\u00ea pode aproveitar nossos servi\u00e7os para tornar a sua vida mais tranquila.\u00a0<\/span><\/span><\/p>\n<p><span style=\"color: #ffffff;\"><span style=\"font-weight: 400;\">Sabemos que manter o seu ambiente limpo \u00e9 uma tarefa sem fim. Limpeza de casa, escrit\u00f3rio, limpeza dom\u00e9stica, limpeza profunda e muito mais. Mas com a ajuda da Cleanster.com<\/span><span style=\"font-weight: 400;\">, voc\u00ea pode resolver seu problema rapidamente.\u00a0<\/span><\/span><\/p>\n<p><span style=\"color: #ffffff;\"><span style=\"font-weight: 400;\">\u00c9 o melhor aplicativo de limpeza profunda<\/span><span style=\"font-weight: 400;\">\u00a0para Airbnb, limpeza de casa e escrit\u00f3rio, aluguel por temporada e mudan\u00e7a de entrada\/sa\u00edda.\u00a0<\/span><\/span><\/p>\n<p><span style=\"font-weight: 400; color: #ffffff;\">Atrav\u00e9s deste aplicativo, voc\u00ea pode contratar nossos faxineiros profissionais para limpar o ch\u00e3o. Al\u00e9m disso, aspire, tire o p\u00f3 e troque a roupa de cama a um pre\u00e7o razo\u00e1vel.<\/span><\/p>\n<p><span style=\"font-weight: 400; color: #ffffff;\">As excelentes solu\u00e7\u00f5es de software da Cleanster.com ajudar\u00e3o os servi\u00e7os de limpeza a operar com efici\u00eancia. S\u00e3o de f\u00e1cil acesso, f\u00e1ceis de usar e pr\u00e1ticos.\u00a0\u00a0<\/span><\/p>\n<p><span style=\"font-weight: 400; color: #ffffff;\">Nosso profundo <span style=\"font-weight: 400;\">Airbnb <\/span>O aplicativo de limpeza garantir\u00e1 a redu\u00e7\u00e3o de erros de agendamento e resolver\u00e1 os cancelamentos rapidamente.<\/span><\/p>\n<p><span style=\"font-weight: 400; color: #ffffff;\">Al\u00e9m disso, conclua os trabalhos de acordo com o plano.\u00a0<\/span><\/p>\n<p><span style=\"font-weight: 400; color: #ffffff;\">Mais importante ainda, voc\u00ea pode alterar sua programa\u00e7\u00e3o por meio de mensagens ou e-mail.<\/span><\/p>\n<p><span style=\"font-weight: 400; color: #ffffff;\">Para acompanhar suas tarefas e afazeres essenciais, voc\u00ea pode conferir nosso aplicativo gratuito de limpeza profunda para Android.\u00a0<\/span><\/p>\n<h2><span style=\"color: #ffffff;\"><b>No\u00e7\u00f5es b\u00e1sicas que consideramos:<\/b><\/span><\/h2>\n<p><span style=\"font-weight: 400; color: #ffffff;\">Com nosso servi\u00e7o de limpeza profunda, nossos produtos de limpeza ajudar\u00e3o voc\u00ea a se livrar da sujeira. Sujeira, espuma de sab\u00e3o e outras sujeiras em sua casa ou escrit\u00f3rio.\u00a0<\/span><\/p>\n<p><span style=\"font-weight: 400; color: #ffffff;\">Higienizamos e desinfetamos as \u00e1reas e utens\u00edlios essenciais para oferecer um ambiente mais saud\u00e1vel. E fazer as coisas parecerem limpas e cheirarem frescas.<\/span><\/p>\n<p><span style=\"font-weight: 400; color: #ffffff;\">Nosso servi\u00e7o de limpeza profunda leva mais tempo do que nosso servi\u00e7o de limpeza regular. Envolve muito trabalho detalhado e mant\u00e9m nosso toque pessoal.\u00a0<\/span><\/p>\n<p><span style=\"color: #ffffff;\"><span style=\"font-weight: 400;\">Temos v\u00e1rios locais para prestar servi\u00e7os como <\/span><a style=\"color: #ffffff;\" href=\"https:\/\/cleanster.ca\/house-cleaning\/\"><span style=\"font-weight: 400;\">Limpeza de casa<\/span><\/a><span style=\"font-weight: 400;\">, <\/span><a style=\"color: #ffffff;\" href=\"https:\/\/cleanster.ca\/airbnb-cleaning-in-austin-tx\/\"><span style=\"font-weight: 400;\">Limpeza do Airbnb<\/span><\/a><span style=\"font-weight: 400;\">, <\/span><a style=\"color: #ffffff;\" href=\"https:\/\/cleanster.ca\/vacation-rental-cleaning-in-austin-tx\/\"><span style=\"font-weight: 400;\">limpeza de aluguel de temporada<\/span><\/a><span style=\"font-weight: 400;\">, <\/span><a style=\"color: #ffffff;\" href=\"https:\/\/cleanster.ca\/moving-in-out-cleaning-in-austin-tx\/\"><span style=\"font-weight: 400;\">entrando e saindo de limpeza, <\/span><\/a><span style=\"font-weight: 400;\">e muitos mais.<\/span><\/span><\/p>\n<p><span style=\"color: #ffffff;\"><span style=\"font-weight: 400;\">Se voc\u00ea acha que sua casa precisa de uma limpeza completa, experimente nosso Cleanster.com <\/span><span style=\"font-weight: 400;\">para obter o melhor servi\u00e7o de limpeza profunda.\u00a0<\/span><\/span><\/p>","protected":false},"excerpt":{"rendered":"<p>App for Deep Cleaning For most of us, time is the core of everything, and with a busy lifestyle, we want everything, such as deep cleaning service, and Airbnb Cleaning, to be done quicker and faster. You can consider the Cleanster.com App for a deep cleaning service. Using our cleaning app, you can easily maintain [&hellip;]<\/p>\n","protected":false},"author":2,"featured_media":39,"parent":0,"menu_order":0,"comment_status":"closed","ping_status":"closed","template":"templates\/services.php","meta":{"_acf_changed":false,"footnotes":""},"class_list":["post-10006","page","type-page","status-publish","has-post-thumbnail","hentry","entry"],"acf":[],"yoast_head":"<!-- This site is optimized with the Yoast SEO Premium plugin v26.5 (Yoast SEO v27.4) - https:\/\/yoast.com\/product\/yoast-seo-premium-wordpress\/ -->\n<title>Airbnb Cleaning App | Cleanster.com<\/title>\n<meta name=\"description\" content=\"The smart way to book, pay, and find Airbnb vacation rental cleaners in 30 seconds. Cleanster.com for Airbnb Cleaning\" \/>\n<meta name=\"robots\" content=\"index, follow, max-snippet:-1, max-image-preview:large, max-video-preview:-1\" \/>\n<link rel=\"canonical\" href=\"https:\/\/cleanster.com\/pt\/limpeza-do-airbnb-automatizada\/\" \/>\n<meta property=\"og:locale\" content=\"pt_PT\" \/>\n<meta property=\"og:type\" content=\"article\" \/>\n<meta property=\"og:title\" content=\"Airbnb Cleaning Automated - Cleanster | Cleaning &amp; Maid Services Near You\" \/>\n<meta property=\"og:description\" content=\"The smart way to book, pay, and find Airbnb vacation rental cleaners in 30 seconds. Cleanster.com for Airbnb Cleaning\" \/>\n<meta property=\"og:url\" content=\"https:\/\/cleanster.com\/pt\/limpeza-do-airbnb-automatizada\/\" \/>\n<meta property=\"og:site_name\" content=\"Cleanster | Cleaning &amp; Maid Services Near You\" \/>\n<meta property=\"article:publisher\" content=\"https:\/\/www.facebook.com\/cleansterhq\" \/>\n<meta property=\"article:modified_time\" content=\"2025-10-09T20:02:10+00:00\" \/>\n<meta property=\"og:image\" content=\"https:\/\/cleanster.com\/wp-content\/uploads\/2023\/08\/intro-bg1.jpg\" \/>\n\t<meta property=\"og:image:width\" content=\"1920\" \/>\n\t<meta property=\"og:image:height\" content=\"1080\" \/>\n\t<meta property=\"og:image:type\" content=\"image\/jpeg\" \/>\n<meta name=\"twitter:card\" content=\"summary_large_image\" \/>\n<meta name=\"twitter:site\" content=\"@cleansterhq\" \/>\n<meta name=\"twitter:label1\" content=\"Tempo estimado de leitura\" \/>\n\t<meta name=\"twitter:data1\" content=\"2 minutos\" \/>\n<script type=\"application\/ld+json\" class=\"yoast-schema-graph\">{\"@context\":\"https:\\\/\\\/schema.org\",\"@graph\":[{\"@type\":\"Article\",\"@id\":\"https:\\\/\\\/cleanster.com\\\/airbnb-cleaning-automated\\\/#article\",\"isPartOf\":{\"@id\":\"https:\\\/\\\/cleanster.com\\\/airbnb-cleaning-automated\\\/\"},\"author\":{\"name\":\"derrick\",\"@id\":\"https:\\\/\\\/cleanster.com\\\/#\\\/schema\\\/person\\\/bf8dbd71b6062df8d87e6f3f4673c94b\"},\"headline\":\"Airbnb Cleaning Automated\",\"datePublished\":\"2023-07-25T15:47:56+00:00\",\"dateModified\":\"2025-10-09T20:02:10+00:00\",\"mainEntityOfPage\":{\"@id\":\"https:\\\/\\\/cleanster.com\\\/airbnb-cleaning-automated\\\/\"},\"wordCount\":342,\"publisher\":{\"@id\":\"https:\\\/\\\/cleanster.com\\\/#organization\"},\"image\":{\"@id\":\"https:\\\/\\\/cleanster.com\\\/airbnb-cleaning-automated\\\/#primaryimage\"},\"thumbnailUrl\":\"https:\\\/\\\/cleanster.com\\\/wp-content\\\/uploads\\\/2023\\\/08\\\/intro-bg1.jpg\",\"inLanguage\":\"pt-PT\"},{\"@type\":[\"WebPage\",\"ItemPage\"],\"@id\":\"https:\\\/\\\/cleanster.com\\\/airbnb-cleaning-automated\\\/\",\"url\":\"https:\\\/\\\/cleanster.com\\\/airbnb-cleaning-automated\\\/\",\"name\":\"Airbnb Cleaning App | Cleanster.com\",\"isPartOf\":{\"@id\":\"https:\\\/\\\/cleanster.com\\\/#website\"},\"primaryImageOfPage\":{\"@id\":\"https:\\\/\\\/cleanster.com\\\/airbnb-cleaning-automated\\\/#primaryimage\"},\"image\":{\"@id\":\"https:\\\/\\\/cleanster.com\\\/airbnb-cleaning-automated\\\/#primaryimage\"},\"thumbnailUrl\":\"https:\\\/\\\/cleanster.com\\\/wp-content\\\/uploads\\\/2023\\\/08\\\/intro-bg1.jpg\",\"datePublished\":\"2023-07-25T15:47:56+00:00\",\"dateModified\":\"2025-10-09T20:02:10+00:00\",\"description\":\"The smart way to book, pay, and find Airbnb vacation rental cleaners in 30 seconds. Cleanster.com for Airbnb Cleaning\",\"inLanguage\":\"pt-PT\",\"potentialAction\":[{\"@type\":\"ReadAction\",\"target\":[\"https:\\\/\\\/cleanster.com\\\/airbnb-cleaning-automated\\\/\"]}]},{\"@type\":\"ImageObject\",\"inLanguage\":\"pt-PT\",\"@id\":\"https:\\\/\\\/cleanster.com\\\/airbnb-cleaning-automated\\\/#primaryimage\",\"url\":\"https:\\\/\\\/cleanster.com\\\/wp-content\\\/uploads\\\/2023\\\/08\\\/intro-bg1.jpg\",\"contentUrl\":\"https:\\\/\\\/cleanster.com\\\/wp-content\\\/uploads\\\/2023\\\/08\\\/intro-bg1.jpg\",\"width\":1920,\"height\":1080},{\"@type\":\"WebSite\",\"@id\":\"https:\\\/\\\/cleanster.com\\\/#website\",\"url\":\"https:\\\/\\\/cleanster.com\\\/\",\"name\":\"Cleanster | Cleaning & Maid Services Near You\",\"description\":\"Instantly find &amp; book trusted cleaners for homes, apartment, Airbnb, and offices. Cleanster offers affordable maid, housekeeping, and commercial cleaning services near you.\",\"publisher\":{\"@id\":\"https:\\\/\\\/cleanster.com\\\/#organization\"},\"alternateName\":\"Cleanster | Cleaning, Maid & Housekeeping Services for Everyone\",\"potentialAction\":[{\"@type\":\"SearchAction\",\"target\":{\"@type\":\"EntryPoint\",\"urlTemplate\":\"https:\\\/\\\/cleanster.com\\\/?s={search_term_string}\"},\"query-input\":{\"@type\":\"PropertyValueSpecification\",\"valueRequired\":true,\"valueName\":\"search_term_string\"}}],\"inLanguage\":\"pt-PT\"},{\"@type\":\"Organization\",\"@id\":\"https:\\\/\\\/cleanster.com\\\/#organization\",\"name\":\"Cleanster\",\"alternateName\":\"Cleanster.com\",\"url\":\"https:\\\/\\\/cleanster.com\\\/\",\"logo\":{\"@type\":\"ImageObject\",\"inLanguage\":\"pt-PT\",\"@id\":\"https:\\\/\\\/cleanster.com\\\/#\\\/schema\\\/logo\\\/image\\\/\",\"url\":\"https:\\\/\\\/cleanster.com\\\/wp-content\\\/uploads\\\/2025\\\/06\\\/Cleanster-Logo-1.svg\",\"contentUrl\":\"https:\\\/\\\/cleanster.com\\\/wp-content\\\/uploads\\\/2025\\\/06\\\/Cleanster-Logo-1.svg\",\"width\":1,\"height\":1,\"caption\":\"Cleanster\"},\"image\":{\"@id\":\"https:\\\/\\\/cleanster.com\\\/#\\\/schema\\\/logo\\\/image\\\/\"},\"sameAs\":[\"https:\\\/\\\/www.facebook.com\\\/cleansterhq\",\"https:\\\/\\\/x.com\\\/cleansterhq\",\"https:\\\/\\\/www.linkedin.com\\\/company\\\/cleansterhq\",\"https:\\\/\\\/www.instagram.com\\\/cleansterhq\",\"https:\\\/\\\/vm.tiktok.com\\\/ZM8vHmcuo\\\/\",\"https:\\\/\\\/www.clubhouse.com\\\/club\\\/cleanstercom\"],\"description\":\"Cleanster is an AI-powered cleaning services platform that connects Airbnb hosts, property managers, and commercial clients with vetted, on-demand cleaners. We offer apartment, house, Airbnb, commercial, and janitorial cleaning services. With a network of over 100,000 professionals across the US, Canada, and the UK, Cleanster delivers fast, reliable, and tech-enabled cleaning at scale.\",\"email\":\"support@cleanster.com\",\"telephone\":\"+1 (888) 788-2445\",\"legalName\":\"Cleanster, Inc.\",\"foundingDate\":\"2019-05-06\",\"duns\":\"118328526\",\"naics\":\"541511\",\"numberOfEmployees\":{\"@type\":\"QuantitativeValue\",\"minValue\":\"11\",\"maxValue\":\"50\"}},{\"@type\":\"Person\",\"@id\":\"https:\\\/\\\/cleanster.com\\\/#\\\/schema\\\/person\\\/bf8dbd71b6062df8d87e6f3f4673c94b\",\"name\":\"derrick\",\"image\":{\"@type\":\"ImageObject\",\"inLanguage\":\"pt-PT\",\"@id\":\"https:\\\/\\\/secure.gravatar.com\\\/avatar\\\/2f62e80994b7c3d8c0a4c2ab9df11da93ff44009f0af5bd22d3dc9b00b03610f?s=96&d=mm&r=g\",\"url\":\"https:\\\/\\\/secure.gravatar.com\\\/avatar\\\/2f62e80994b7c3d8c0a4c2ab9df11da93ff44009f0af5bd22d3dc9b00b03610f?s=96&d=mm&r=g\",\"contentUrl\":\"https:\\\/\\\/secure.gravatar.com\\\/avatar\\\/2f62e80994b7c3d8c0a4c2ab9df11da93ff44009f0af5bd22d3dc9b00b03610f?s=96&d=mm&r=g\",\"caption\":\"derrick\"},\"url\":\"https:\\\/\\\/cleanster.com\\\/pt\\\/author\\\/derrick\\\/\"}]}<\/script>\n<!-- \/ Yoast SEO Premium plugin. -->","yoast_head_json":{"title":"Aplicativo de limpeza do Airbnb | Cleanster. com","description":"A maneira inteligente de reservar, pagar e encontrar faxineiros de aluguel por temporada do Airbnb em 30 segundos. Cleanster.com para limpeza do Airbnb","robots":{"index":"index","follow":"follow","max-snippet":"max-snippet:-1","max-image-preview":"max-image-preview:large","max-video-preview":"max-video-preview:-1"},"canonical":"https:\/\/cleanster.com\/pt\/limpeza-do-airbnb-automatizada\/","og_locale":"pt_PT","og_type":"article","og_title":"Airbnb Cleaning Automated - Cleanster | Cleaning &amp; Maid Services Near You","og_description":"The smart way to book, pay, and find Airbnb vacation rental cleaners in 30 seconds. Cleanster.com for Airbnb Cleaning","og_url":"https:\/\/cleanster.com\/pt\/limpeza-do-airbnb-automatizada\/","og_site_name":"Cleanster | Cleaning &amp; Maid Services Near You","article_publisher":"https:\/\/www.facebook.com\/cleansterhq","article_modified_time":"2025-10-09T20:02:10+00:00","og_image":[{"width":1920,"height":1080,"url":"https:\/\/cleanster.com\/wp-content\/uploads\/2023\/08\/intro-bg1.jpg","type":"image\/jpeg"}],"twitter_card":"summary_large_image","twitter_site":"@cleansterhq","twitter_misc":{"Tempo estimado de leitura":"2 minutos"},"schema":{"@context":"https:\/\/schema.org","@graph":[{"@type":"Article","@id":"https:\/\/cleanster.com\/airbnb-cleaning-automated\/#article","isPartOf":{"@id":"https:\/\/cleanster.com\/airbnb-cleaning-automated\/"},"author":{"name":"derrick","@id":"https:\/\/cleanster.com\/#\/schema\/person\/bf8dbd71b6062df8d87e6f3f4673c94b"},"headline":"Airbnb Cleaning Automated","datePublished":"2023-07-25T15:47:56+00:00","dateModified":"2025-10-09T20:02:10+00:00","mainEntityOfPage":{"@id":"https:\/\/cleanster.com\/airbnb-cleaning-automated\/"},"wordCount":342,"publisher":{"@id":"https:\/\/cleanster.com\/#organization"},"image":{"@id":"https:\/\/cleanster.com\/airbnb-cleaning-automated\/#primaryimage"},"thumbnailUrl":"https:\/\/cleanster.com\/wp-content\/uploads\/2023\/08\/intro-bg1.jpg","inLanguage":"pt-PT"},{"@type":["WebPage","ItemPage"],"@id":"https:\/\/cleanster.com\/airbnb-cleaning-automated\/","url":"https:\/\/cleanster.com\/airbnb-cleaning-automated\/","name":"Aplicativo de limpeza do Airbnb | Cleanster. com","isPartOf":{"@id":"https:\/\/cleanster.com\/#website"},"primaryImageOfPage":{"@id":"https:\/\/cleanster.com\/airbnb-cleaning-automated\/#primaryimage"},"image":{"@id":"https:\/\/cleanster.com\/airbnb-cleaning-automated\/#primaryimage"},"thumbnailUrl":"https:\/\/cleanster.com\/wp-content\/uploads\/2023\/08\/intro-bg1.jpg","datePublished":"2023-07-25T15:47:56+00:00","dateModified":"2025-10-09T20:02:10+00:00","description":"A maneira inteligente de reservar, pagar e encontrar faxineiros de aluguel por temporada do Airbnb em 30 segundos. Cleanster.com para limpeza do Airbnb","inLanguage":"pt-PT","potentialAction":[{"@type":"ReadAction","target":["https:\/\/cleanster.com\/airbnb-cleaning-automated\/"]}]},{"@type":"ImageObject","inLanguage":"pt-PT","@id":"https:\/\/cleanster.com\/airbnb-cleaning-automated\/#primaryimage","url":"https:\/\/cleanster.com\/wp-content\/uploads\/2023\/08\/intro-bg1.jpg","contentUrl":"https:\/\/cleanster.com\/wp-content\/uploads\/2023\/08\/intro-bg1.jpg","width":1920,"height":1080},{"@type":"WebSite","@id":"https:\/\/cleanster.com\/#website","url":"https:\/\/cleanster.com\/","name":"Cleanster | Servi\u00e7os de limpeza e limpeza perto de voc\u00ea","description":"Encontre e reserve instantaneamente servi\u00e7os de limpeza confi\u00e1veis para resid\u00eancias, apartamentos, Airbnb e escrit\u00f3rios. A Cleanster oferece servi\u00e7os acess\u00edveis de limpeza dom\u00e9stica, limpeza dom\u00e9stica e limpeza comercial perto de voc\u00ea.","publisher":{"@id":"https:\/\/cleanster.com\/#organization"},"alternateName":"Cleanster | Cleaning, Maid & Housekeeping Services for Everyone","potentialAction":[{"@type":"SearchAction","target":{"@type":"EntryPoint","urlTemplate":"https:\/\/cleanster.com\/?s={search_term_string}"},"query-input":{"@type":"PropertyValueSpecification","valueRequired":true,"valueName":"search_term_string"}}],"inLanguage":"pt-PT"},{"@type":"Organization","@id":"https:\/\/cleanster.com\/#organization","name":"Limpador","alternateName":"Cleanster.com","url":"https:\/\/cleanster.com\/","logo":{"@type":"ImageObject","inLanguage":"pt-PT","@id":"https:\/\/cleanster.com\/#\/schema\/logo\/image\/","url":"https:\/\/cleanster.com\/wp-content\/uploads\/2025\/06\/Cleanster-Logo-1.svg","contentUrl":"https:\/\/cleanster.com\/wp-content\/uploads\/2025\/06\/Cleanster-Logo-1.svg","width":1,"height":1,"caption":"Cleanster"},"image":{"@id":"https:\/\/cleanster.com\/#\/schema\/logo\/image\/"},"sameAs":["https:\/\/www.facebook.com\/cleansterhq","https:\/\/x.com\/cleansterhq","https:\/\/www.linkedin.com\/company\/cleansterhq","https:\/\/www.instagram.com\/cleansterhq","https:\/\/vm.tiktok.com\/ZM8vHmcuo\/","https:\/\/www.clubhouse.com\/club\/cleanstercom"],"description":"A Cleanster \u00e9 uma plataforma de servi\u00e7os de limpeza com tecnologia de IA que conecta anfitri\u00f5es do Airbnb, administradores de im\u00f3veis e clientes comerciais a profissionais de limpeza qualificados e sob demanda. Oferecemos servi\u00e7os de limpeza para apartamentos, casas, Airbnb, empresas e servi\u00e7os de zeladoria. Com uma rede de mais de 100.000 profissionais nos EUA, Canad\u00e1 e Reino Unido, a Cleanster oferece limpeza r\u00e1pida, confi\u00e1vel e com tecnologia em larga escala.","email":"support@cleanster.com","telephone":"+1 (888) 788-2445","legalName":"Cleanster, Inc.","foundingDate":"2019-05-06","duns":"118328526","naics":"541511","numberOfEmployees":{"@type":"QuantitativeValue","minValue":"11","maxValue":"50"}},{"@type":"Person","@id":"https:\/\/cleanster.com\/#\/schema\/person\/bf8dbd71b6062df8d87e6f3f4673c94b","name":"torre","image":{"@type":"ImageObject","inLanguage":"pt-PT","@id":"https:\/\/secure.gravatar.com\/avatar\/2f62e80994b7c3d8c0a4c2ab9df11da93ff44009f0af5bd22d3dc9b00b03610f?s=96&d=mm&r=g","url":"https:\/\/secure.gravatar.com\/avatar\/2f62e80994b7c3d8c0a4c2ab9df11da93ff44009f0af5bd22d3dc9b00b03610f?s=96&d=mm&r=g","contentUrl":"https:\/\/secure.gravatar.com\/avatar\/2f62e80994b7c3d8c0a4c2ab9df11da93ff44009f0af5bd22d3dc9b00b03610f?s=96&d=mm&r=g","caption":"derrick"},"url":"https:\/\/cleanster.com\/pt\/author\/derrick\/"}]}},"_links":{"self":[{"href":"https:\/\/cleanster.com\/pt\/wp-json\/wp\/v2\/pages\/10006","targetHints":{"allow":["GET"]}}],"collection":[{"href":"https:\/\/cleanster.com\/pt\/wp-json\/wp\/v2\/pages"}],"about":[{"href":"https:\/\/cleanster.com\/pt\/wp-json\/wp\/v2\/types\/page"}],"author":[{"embeddable":true,"href":"https:\/\/cleanster.com\/pt\/wp-json\/wp\/v2\/users\/2"}],"replies":[{"embeddable":true,"href":"https:\/\/cleanster.com\/pt\/wp-json\/wp\/v2\/comments?post=10006"}],"version-history":[{"count":0,"href":"https:\/\/cleanster.com\/pt\/wp-json\/wp\/v2\/pages\/10006\/revisions"}],"wp:featuredmedia":[{"embeddable":true,"href":"https:\/\/cleanster.com\/pt\/wp-json\/wp\/v2\/media\/39"}],"wp:attachment":[{"href":"https:\/\/cleanster.com\/pt\/wp-json\/wp\/v2\/media?parent=10006"}],"curies":[{"name":"wp","href":"https:\/\/api.w.org\/{rel}","templated":true}]}}