{"id":12,"date":"2023-08-08T06:38:22","date_gmt":"2023-08-08T06:38:22","guid":{"rendered":"https:\/\/cleanster.com\/?page_id=12"},"modified":"2025-10-09T22:13:58","modified_gmt":"2025-10-09T22:13:58","slug":"produtos-de-limpeza","status":"publish","type":"page","link":"https:\/\/cleanster.com\/pt\/produtos-de-limpeza\/","title":{"rendered":"Limpadores"},"content":{"rendered":"<p><span style=\"color: #ffffff;\">No mundo din\u00e2mico das oportunidades da economia gig, onde flexibilidade e rendimentos s\u00e3o fundamentais, encontrar empregos de limpeza no Airbnb com altos sal\u00e1rios pode ser uma virada de jogo. \u201cCleanster.com\u201d, um sistema inovador de servi\u00e7os de limpeza, est\u00e1 revolucionando a forma como os profissionais de limpeza se conectam com oportunidades lucrativas. Imagine obter acesso instant\u00e2neo a centenas de trabalhos de limpeza bem remunerados nas suas proximidades \u2013 esta \u00e9 a promessa que Cleanster.com cumpre.<\/span><\/p>\n<h2><span style=\"color: #ffffff;\"><strong>Descoberta perfeita de empregos com Cleanster.com<\/strong><\/span><\/h2>\n<h3><span style=\"color: #ffffff;\"><strong>Pesquisa de emprego sem esfor\u00e7o<\/strong><\/span><\/h3>\n<p><span style=\"color: #ffffff;\">O aplicativo Cleanster.com fornece uma interface amig\u00e1vel que permite que os faxineiros naveguem sem esfor\u00e7o por uma vasta gama de trabalhos de limpeza do Airbnb.<\/span><\/p>\n<p><span style=\"color: #ffffff;\">Filtros baseados em localiza\u00e7\u00e3o, taxas salariais e prefer\u00eancias de trabalho tornam conveniente encontrar oportunidades que correspondam \u00e0s prefer\u00eancias individuais.<\/span><\/p>\n<h3><span style=\"color: #ffffff;\"><strong>Notifica\u00e7\u00f5es de trabalho em tempo real<\/strong><\/span><\/h3>\n<p><span style=\"color: #ffffff;\">Cleanster.com mant\u00e9m os limpadores informados com notifica\u00e7\u00f5es de trabalho em tempo real. Receba atualiza\u00e7\u00f5es instant\u00e2neas sobre novas oportunidades que correspondam \u00e0s suas habilidades e prefer\u00eancias de localiza\u00e7\u00e3o.<\/span><\/p>\n<p><span style=\"color: #ffffff;\">Diga adeus \u00e0s oportunidades perdidas, pois Cleanster.com garante que voc\u00ea seja prontamente informado sobre poss\u00edveis empregos perto de voc\u00ea.<\/span><\/p>\n<h3><span style=\"color: #ffffff;\"><strong>Listas de empregos detalhadas<\/strong><\/span><\/h3>\n<p><span style=\"color: #ffffff;\">Cada lista de empregos no Cleanster.com vem com detalhes abrangentes, incluindo taxas de pagamento, tarefas exigidas e instru\u00e7\u00f5es espec\u00edficas dos propriet\u00e1rios.<\/span><\/p>\n<p><span style=\"color: #ffffff;\">Os profissionais de limpeza podem tomar decis\u00f5es informadas com base nas suas prefer\u00eancias e disponibilidade, garantindo uma experi\u00eancia de trabalho perfeita.<\/span><\/p>\n<h2><span style=\"color: #ffffff;\"><strong>Maximizando os ganhos atrav\u00e9s <a style=\"color: #ffffff;\" href=\"https:\/\/cleanster.com\/\">Cleanster.com<\/a><\/strong><\/span><\/h2>\n<h3><span style=\"color: #ffffff;\"><strong>Taxas de remunera\u00e7\u00e3o competitivas<\/strong><\/span><\/h3>\n<p><span style=\"color: #ffffff;\">Cleanster.com est\u00e1 empenhada em conectar faxineiros com empregos de limpeza bem remunerados no Airbnb. A plataforma colabora com propriet\u00e1rios que valorizam a import\u00e2ncia de servi\u00e7os de limpeza de qualidade, garantindo que os profissionais de limpeza sejam adequadamente compensados pelos seus esfor\u00e7os.<\/span><\/p>\n<h3><span style=\"color: #ffffff;\"><strong>Transa\u00e7\u00f5es de pagamento transparentes<\/strong><\/span><\/h3>\n<p><span style=\"color: #ffffff;\">Cleanster.com simplifica o processo de pagamento, proporcionando transpar\u00eancia e confiabilidade. Os profissionais de limpeza podem ter a certeza de que receber\u00e3o uma compensa\u00e7\u00e3o justa pelos seus servi\u00e7os.<\/span><\/p>\n<p><span style=\"color: #ffffff;\">O gateway de pagamento seguro do aplicativo facilita transa\u00e7\u00f5es perfeitas, eliminando preocupa\u00e7\u00f5es com atrasos ou discrep\u00e2ncias nos pagamentos.<\/span><\/p>\n<h3><span style=\"color: #ffffff;\"><strong>Oportunidades de crescimento<\/strong><\/span><\/h3>\n<p><span style=\"color: #ffffff;\">Cleanster.com n\u00e3o trata apenas de encontrar empregos; trata-se de construir uma carreira sustent\u00e1vel no <a style=\"color: #ffffff;\" href=\"https:\/\/www.osha.gov\/cleaning-industry\">ind\u00fastria de limpeza<\/a>. A plataforma incentiva os faxineiros a criarem seus perfis, mostrarem suas habilidades e receberem classifica\u00e7\u00f5es e avalia\u00e7\u00f5es de clientes satisfeitos.<\/span><\/p>\n<h3><span style=\"color: #ffffff;\"><strong>Agendamento Automatizado<\/strong><\/span><\/h3>\n<p><span style=\"color: #ffffff;\">O sistema de automa\u00e7\u00e3o do Cleanster.com agiliza o processo de agendamento. Os faxineiros podem definir sua disponibilidade e o aplicativo combina-os de forma inteligente com trabalhos adequados \u00e0s suas agendas.<\/span><\/p>\n<h3><span style=\"color: #ffffff;\"><strong>An\u00e1lise de desempenho<\/strong><\/span><\/h3>\n<p><span style=\"color: #ffffff;\">Cleanster.com oferece desempenho para monitorar sua efici\u00eancia, taxas e satisfa\u00e7\u00e3o do cliente. Esta abordagem ajuda os profissionais de limpeza a melhorar as suas compet\u00eancias e a atrair mais oportunidades.<\/span><\/p>\n<h3><span style=\"color: #ffffff;\"><strong>Comunica\u00e7\u00e3o com o cliente<\/strong><\/span><\/h3>\n<p><span style=\"color: #ffffff;\">O aplicativo facilita a comunica\u00e7\u00e3o entre faxineiros e propriet\u00e1rios. Os faxineiros podem receber instru\u00e7\u00f5es espec\u00edficas para que possam construir relacionamentos profissionais que levem \u00e0 repeti\u00e7\u00e3o de neg\u00f3cios.<\/span><\/p>","protected":false},"excerpt":{"rendered":"<p>In the dynamic world of gig economy opportunities, where flexibility and earnings are key, finding high-paying Airbnb cleaning jobs can be a game-changer. &#8220;Cleanster.com,&#8221; an innovative cleaning service system, is revolutionizing the way cleaners connect with lucrative opportunities. Imagine gaining instant access to hundreds of well-compensated cleaning jobs in your vicinity \u2013 this is the [&hellip;]<\/p>\n","protected":false},"author":1,"featured_media":0,"parent":0,"menu_order":0,"comment_status":"closed","ping_status":"closed","template":"templates\/apartments.php","meta":{"_acf_changed":false,"footnotes":""},"class_list":["post-12","page","type-page","status-publish","hentry","entry"],"acf":[],"yoast_head":"<!-- This site is optimized with the Yoast SEO Premium plugin v26.5 (Yoast SEO v27.4) - https:\/\/yoast.com\/product\/yoast-seo-premium-wordpress\/ -->\n<title>Cleanster | Cleaning &amp; Maid Services Near You | We take care of cleaning your home or short-term rental<\/title>\n<meta name=\"description\" content=\"The world\u2019s top property management firms trust Cleanster to get the cleaning done right. Let&#039;s explore cleaning jobs\" \/>\n<meta name=\"robots\" content=\"index, follow, max-snippet:-1, max-image-preview:large, max-video-preview:-1\" \/>\n<link rel=\"canonical\" href=\"https:\/\/cleanster.com\/pt\/produtos-de-limpeza\/\" \/>\n<meta property=\"og:locale\" content=\"pt_PT\" \/>\n<meta property=\"og:type\" content=\"article\" \/>\n<meta property=\"og:title\" content=\"Cleaners - Cleanster | Cleaning &amp; Maid Services Near You\" \/>\n<meta property=\"og:description\" content=\"The world\u2019s top property management firms trust Cleanster to get the cleaning done right. Let&#039;s explore cleaning jobs\" \/>\n<meta property=\"og:url\" content=\"https:\/\/cleanster.com\/pt\/produtos-de-limpeza\/\" \/>\n<meta property=\"og:site_name\" content=\"Cleanster | Cleaning &amp; Maid Services Near You\" \/>\n<meta property=\"article:publisher\" content=\"https:\/\/www.facebook.com\/cleansterhq\" \/>\n<meta property=\"article:modified_time\" content=\"2025-10-09T22:13:58+00:00\" \/>\n<meta property=\"og:image\" content=\"https:\/\/cleanster.com\/wp-content\/uploads\/2023\/11\/card@3x.png\" \/>\n\t<meta property=\"og:image:width\" content=\"1170\" \/>\n\t<meta property=\"og:image:height\" content=\"763\" \/>\n\t<meta property=\"og:image:type\" content=\"image\/png\" \/>\n<meta name=\"twitter:card\" content=\"summary_large_image\" \/>\n<meta name=\"twitter:site\" content=\"@cleansterhq\" \/>\n<meta name=\"twitter:label1\" content=\"Tempo estimado de leitura\" \/>\n\t<meta name=\"twitter:data1\" content=\"2 minutos\" \/>\n<script type=\"application\/ld+json\" class=\"yoast-schema-graph\">{\"@context\":\"https:\\\/\\\/schema.org\",\"@graph\":[{\"@type\":\"WebPage\",\"@id\":\"https:\\\/\\\/cleanster.com\\\/cleaners\\\/\",\"url\":\"https:\\\/\\\/cleanster.com\\\/cleaners\",\"name\":\"Cleanster | Cleaning &amp; Maid Services Near You | We take care of cleaning your home or short-term rental\",\"isPartOf\":{\"@id\":\"https:\\\/\\\/cleanster.com\\\/#website\"},\"datePublished\":\"2023-08-08T06:38:22+00:00\",\"dateModified\":\"2025-10-09T22:13:58+00:00\",\"description\":\"The world\u2019s top property management firms trust Cleanster to get the cleaning done right. Let's explore cleaning jobs\",\"inLanguage\":\"pt-PT\",\"potentialAction\":[{\"@type\":\"ReadAction\",\"target\":[\"https:\\\/\\\/cleanster.com\\\/cleaners\"]}]},{\"@type\":\"WebSite\",\"@id\":\"https:\\\/\\\/cleanster.com\\\/#website\",\"url\":\"https:\\\/\\\/cleanster.com\\\/\",\"name\":\"Cleanster | Cleaning & Maid Services Near You\",\"description\":\"Instantly find &amp; book trusted cleaners for homes, apartment, Airbnb, and offices. Cleanster offers affordable maid, housekeeping, and commercial cleaning services near you.\",\"publisher\":{\"@id\":\"https:\\\/\\\/cleanster.com\\\/#organization\"},\"alternateName\":\"Cleanster | Cleaning, Maid & Housekeeping Services for Everyone\",\"potentialAction\":[{\"@type\":\"SearchAction\",\"target\":{\"@type\":\"EntryPoint\",\"urlTemplate\":\"https:\\\/\\\/cleanster.com\\\/?s={search_term_string}\"},\"query-input\":{\"@type\":\"PropertyValueSpecification\",\"valueRequired\":true,\"valueName\":\"search_term_string\"}}],\"inLanguage\":\"pt-PT\"},{\"@type\":\"Organization\",\"@id\":\"https:\\\/\\\/cleanster.com\\\/#organization\",\"name\":\"Cleanster\",\"alternateName\":\"Cleanster.com\",\"url\":\"https:\\\/\\\/cleanster.com\\\/\",\"logo\":{\"@type\":\"ImageObject\",\"inLanguage\":\"pt-PT\",\"@id\":\"https:\\\/\\\/cleanster.com\\\/#\\\/schema\\\/logo\\\/image\\\/\",\"url\":\"https:\\\/\\\/cleanster.com\\\/wp-content\\\/uploads\\\/2025\\\/06\\\/Cleanster-Logo-1.svg\",\"contentUrl\":\"https:\\\/\\\/cleanster.com\\\/wp-content\\\/uploads\\\/2025\\\/06\\\/Cleanster-Logo-1.svg\",\"width\":1,\"height\":1,\"caption\":\"Cleanster\"},\"image\":{\"@id\":\"https:\\\/\\\/cleanster.com\\\/#\\\/schema\\\/logo\\\/image\\\/\"},\"sameAs\":[\"https:\\\/\\\/www.facebook.com\\\/cleansterhq\",\"https:\\\/\\\/x.com\\\/cleansterhq\",\"https:\\\/\\\/www.linkedin.com\\\/company\\\/cleansterhq\",\"https:\\\/\\\/www.instagram.com\\\/cleansterhq\",\"https:\\\/\\\/vm.tiktok.com\\\/ZM8vHmcuo\\\/\",\"https:\\\/\\\/www.clubhouse.com\\\/club\\\/cleanstercom\"],\"description\":\"Cleanster is an AI-powered cleaning services platform that connects Airbnb hosts, property managers, and commercial clients with vetted, on-demand cleaners. We offer apartment, house, Airbnb, commercial, and janitorial cleaning services. With a network of over 100,000 professionals across the US, Canada, and the UK, Cleanster delivers fast, reliable, and tech-enabled cleaning at scale.\",\"email\":\"support@cleanster.com\",\"telephone\":\"+1 (888) 788-2445\",\"legalName\":\"Cleanster, Inc.\",\"foundingDate\":\"2019-05-06\",\"duns\":\"118328526\",\"naics\":\"541511\",\"numberOfEmployees\":{\"@type\":\"QuantitativeValue\",\"minValue\":\"11\",\"maxValue\":\"50\"}}]}<\/script>\n<!-- \/ Yoast SEO Premium plugin. -->","yoast_head_json":{"title":"Cleanster | Servi\u00e7os de limpeza e limpeza perto de voc\u00ea | N\u00f3s cuidamos da limpeza da sua casa ou aluguel de curta temporada","description":"As principais empresas de administra\u00e7\u00e3o de propriedades do mundo confiam na Cleanster para fazer a limpeza corretamente. Vamos explorar trabalhos de limpeza","robots":{"index":"index","follow":"follow","max-snippet":"max-snippet:-1","max-image-preview":"max-image-preview:large","max-video-preview":"max-video-preview:-1"},"canonical":"https:\/\/cleanster.com\/pt\/produtos-de-limpeza\/","og_locale":"pt_PT","og_type":"article","og_title":"Cleaners - Cleanster | Cleaning &amp; Maid Services Near You","og_description":"The world\u2019s top property management firms trust Cleanster to get the cleaning done right. Let's explore cleaning jobs","og_url":"https:\/\/cleanster.com\/pt\/produtos-de-limpeza\/","og_site_name":"Cleanster | Cleaning &amp; Maid Services Near You","article_publisher":"https:\/\/www.facebook.com\/cleansterhq","article_modified_time":"2025-10-09T22:13:58+00:00","og_image":[{"width":1170,"height":763,"url":"https:\/\/cleanster.com\/wp-content\/uploads\/2023\/11\/card@3x.png","type":"image\/png"}],"twitter_card":"summary_large_image","twitter_site":"@cleansterhq","twitter_misc":{"Tempo estimado de leitura":"2 minutos"},"schema":{"@context":"https:\/\/schema.org","@graph":[{"@type":"WebPage","@id":"https:\/\/cleanster.com\/cleaners\/","url":"https:\/\/cleanster.com\/cleaners","name":"Cleanster | Servi\u00e7os de limpeza e limpeza perto de voc\u00ea | N\u00f3s cuidamos da limpeza da sua casa ou aluguel de curta temporada","isPartOf":{"@id":"https:\/\/cleanster.com\/#website"},"datePublished":"2023-08-08T06:38:22+00:00","dateModified":"2025-10-09T22:13:58+00:00","description":"As principais empresas de administra\u00e7\u00e3o de propriedades do mundo confiam na Cleanster para fazer a limpeza corretamente. Vamos explorar trabalhos de limpeza","inLanguage":"pt-PT","potentialAction":[{"@type":"ReadAction","target":["https:\/\/cleanster.com\/cleaners"]}]},{"@type":"WebSite","@id":"https:\/\/cleanster.com\/#website","url":"https:\/\/cleanster.com\/","name":"Cleanster | Servi\u00e7os de limpeza e limpeza perto de voc\u00ea","description":"Encontre e reserve instantaneamente servi\u00e7os de limpeza confi\u00e1veis para resid\u00eancias, apartamentos, Airbnb e escrit\u00f3rios. A Cleanster oferece servi\u00e7os acess\u00edveis de limpeza dom\u00e9stica, limpeza dom\u00e9stica e limpeza comercial perto de voc\u00ea.","publisher":{"@id":"https:\/\/cleanster.com\/#organization"},"alternateName":"Cleanster | Cleaning, Maid & Housekeeping Services for Everyone","potentialAction":[{"@type":"SearchAction","target":{"@type":"EntryPoint","urlTemplate":"https:\/\/cleanster.com\/?s={search_term_string}"},"query-input":{"@type":"PropertyValueSpecification","valueRequired":true,"valueName":"search_term_string"}}],"inLanguage":"pt-PT"},{"@type":"Organization","@id":"https:\/\/cleanster.com\/#organization","name":"Limpador","alternateName":"Cleanster.com","url":"https:\/\/cleanster.com\/","logo":{"@type":"ImageObject","inLanguage":"pt-PT","@id":"https:\/\/cleanster.com\/#\/schema\/logo\/image\/","url":"https:\/\/cleanster.com\/wp-content\/uploads\/2025\/06\/Cleanster-Logo-1.svg","contentUrl":"https:\/\/cleanster.com\/wp-content\/uploads\/2025\/06\/Cleanster-Logo-1.svg","width":1,"height":1,"caption":"Cleanster"},"image":{"@id":"https:\/\/cleanster.com\/#\/schema\/logo\/image\/"},"sameAs":["https:\/\/www.facebook.com\/cleansterhq","https:\/\/x.com\/cleansterhq","https:\/\/www.linkedin.com\/company\/cleansterhq","https:\/\/www.instagram.com\/cleansterhq","https:\/\/vm.tiktok.com\/ZM8vHmcuo\/","https:\/\/www.clubhouse.com\/club\/cleanstercom"],"description":"A Cleanster \u00e9 uma plataforma de servi\u00e7os de limpeza com tecnologia de IA que conecta anfitri\u00f5es do Airbnb, administradores de im\u00f3veis e clientes comerciais a profissionais de limpeza qualificados e sob demanda. Oferecemos servi\u00e7os de limpeza para apartamentos, casas, Airbnb, empresas e servi\u00e7os de zeladoria. Com uma rede de mais de 100.000 profissionais nos EUA, Canad\u00e1 e Reino Unido, a Cleanster oferece limpeza r\u00e1pida, confi\u00e1vel e com tecnologia em larga escala.","email":"support@cleanster.com","telephone":"+1 (888) 788-2445","legalName":"Cleanster, Inc.","foundingDate":"2019-05-06","duns":"118328526","naics":"541511","numberOfEmployees":{"@type":"QuantitativeValue","minValue":"11","maxValue":"50"}}]}},"_links":{"self":[{"href":"https:\/\/cleanster.com\/pt\/wp-json\/wp\/v2\/pages\/12","targetHints":{"allow":["GET"]}}],"collection":[{"href":"https:\/\/cleanster.com\/pt\/wp-json\/wp\/v2\/pages"}],"about":[{"href":"https:\/\/cleanster.com\/pt\/wp-json\/wp\/v2\/types\/page"}],"author":[{"embeddable":true,"href":"https:\/\/cleanster.com\/pt\/wp-json\/wp\/v2\/users\/1"}],"replies":[{"embeddable":true,"href":"https:\/\/cleanster.com\/pt\/wp-json\/wp\/v2\/comments?post=12"}],"version-history":[{"count":0,"href":"https:\/\/cleanster.com\/pt\/wp-json\/wp\/v2\/pages\/12\/revisions"}],"wp:attachment":[{"href":"https:\/\/cleanster.com\/pt\/wp-json\/wp\/v2\/media?parent=12"}],"curies":[{"name":"wp","href":"https:\/\/api.w.org\/{rel}","templated":true}]}}