{"id":1328,"date":"2021-12-23T00:13:49","date_gmt":"2021-12-23T00:13:49","guid":{"rendered":"https:\/\/cleanster.com\/?page_id=1328"},"modified":"2024-01-08T10:59:08","modified_gmt":"2024-01-08T10:59:08","slug":"gestao-de-estoque-de-roupa","status":"publish","type":"page","link":"https:\/\/cleanster.com\/pt\/gestao-de-estoque-de-roupa\/","title":{"rendered":"Gerenciamento de estoque e roupa de cama (Beta)"},"content":{"rendered":"<p><span style=\"color: #ffffff;\">A Cleanster.com, l\u00edder do setor em fornecer acesso conveniente a servi\u00e7os de limpeza, est\u00e1 mais uma vez na vanguarda da inova\u00e7\u00e3o. Estamos felizes em anunciar o lan\u00e7amento beta do nosso recurso de Gerenciamento de Estoque e Roupa de Cama, um divisor de \u00e1guas no cen\u00e1rio de servi\u00e7os de limpeza. Esta adi\u00e7\u00e3o revolucion\u00e1ria \u00e0s ofertas da Cleanster.com foi projetada para elevar as experi\u00eancias do usu\u00e1rio, agilizar as opera\u00e7\u00f5es e capacitar ainda mais os profissionais de servi\u00e7o.<\/span><\/p>\n<h2><span style=\"color: #ffffff;\"><strong>Simplificando a gest\u00e3o de estoque para efici\u00eancia<\/strong><\/span><\/h2>\n<h3><span style=\"color: #ffffff;\"><strong>1. Rastreamento de invent\u00e1rio inteligente:<\/strong><\/span><\/h3>\n<p><span style=\"color: #ffffff;\">O recurso Inventory and Linen Management do Cleanster.com oferece rastreamento inteligente de invent\u00e1rio, permitindo que gerentes de propriedades e profissionais de servi\u00e7os mantenham um registro detalhado de suprimentos de limpeza, equipamentos e roupas de cama. Isso garante que eles tenham as ferramentas certas para o trabalho, reduzindo o tempo de inatividade e aumentando a efici\u00eancia geral.<\/span><\/p>\n<h3><span style=\"color: #ffffff;\"><strong>2. Atualiza\u00e7\u00f5es em tempo real:<\/strong><\/span><\/h3>\n<p><span style=\"color: #ffffff;\">Experimente atualiza\u00e7\u00f5es em tempo real sobre os n\u00edveis de estoque. A plataforma envia notifica\u00e7\u00f5es quando os suprimentos est\u00e3o acabando, eliminando o risco de ficar sem materiais de limpeza essenciais durante um trabalho. Essa abordagem proativa garante que os profissionais de limpeza estejam sempre bem equipados.<\/span><\/p>\n<h3><span style=\"color: #ffffff;\"><strong>3. Controle de estoque centralizado:<\/strong><\/span><\/h3>\n<p><span style=\"color: #ffffff;\">Com o Inventory and Linen Management da Cleanster.com, os usu\u00e1rios ganham acesso a um sistema de controle centralizado. Isso significa que, quer voc\u00ea esteja gerenciando uma \u00fanica propriedade ou v\u00e1rios locais, voc\u00ea pode supervisionar e controlar seu invent\u00e1rio a partir de uma interface f\u00e1cil de usar.<\/span><\/p>\n<h2><span style=\"color: #ffffff;\"><strong>Melhorando a gest\u00e3o de roupa de cama para servi\u00e7os impec\u00e1veis<\/strong><\/span><\/h2>\n<h3><span style=\"color: #ffffff;\"><strong>1. Rastreamento e rota\u00e7\u00e3o de linho:<\/strong><\/span><\/h3>\n<p><span style=\"color: #ffffff;\">O recurso facilita o rastreamento f\u00e1cil de roupas de cama, garantindo que elas sejam rotacionadas consistentemente para manter o frescor e a qualidade. Isso \u00e9 particularmente ben\u00e9fico para servi\u00e7os de limpeza de hospitalidade e aluguel de f\u00e9rias, onde a apresenta\u00e7\u00e3o \u00e9 essencial.<\/span><\/p>\n<h3><span style=\"color: #ffffff;\"><strong>2. Garantia de qualidade:<\/strong><\/span><\/h3>\n<p><span style=\"color: #ffffff;\">O recurso Inventory and Linen Management do Cleanster.com inclui um componente de garantia de qualidade. Profissionais de servi\u00e7o podem registrar a condi\u00e7\u00e3o dos len\u00e7\u00f3is, permitindo que os gerentes de propriedade rastreiem o desgaste ao longo do tempo.\u00a0<\/span><\/p>\n<h3><span style=\"color: #ffffff;\"><strong>3. Alertas de reposi\u00e7\u00e3o de roupa de cama:<\/strong><\/span><\/h3>\n<p><span style=\"color: #ffffff;\">Nunca mais se preocupe em ficar sem roupas de cama limpas. <a style=\"color: #ffffff;\" href=\"https:\/\/cleanster.com\/\">Cleanster.com<\/a> envia alertas quando \u00e9 hora de repor seu estoque de roupa de cama, evitando qualquer interrup\u00e7\u00e3o nos servi\u00e7os. Esse recurso proativo \u00e9 um divisor de \u00e1guas para administradores de propriedades que querem garantir uma experi\u00eancia perfeita para seus h\u00f3spedes.<\/span><\/p>\n<h2><span style=\"color: #ffffff;\"><strong>Interface amig\u00e1vel para integra\u00e7\u00e3o perfeita<\/strong><\/span><\/h2>\n<h3><span style=\"color: #ffffff;\"><strong>1. Painel intuitivo:<\/strong><\/span><\/h3>\n<p><span style=\"color: #ffffff;\">O recurso Inventory and Linen Management do Cleanster.com vem com um painel intuitivo. Os usu\u00e1rios podem navegar e acessar facilmente todas as informa\u00e7\u00f5es relevantes, tornando simples para gerentes de propriedades e profissionais de servi\u00e7os integrar esse novo recurso em seus fluxos de trabalho.<\/span><\/p>\n<h3><span style=\"color: #ffffff;\"><strong>2. Compatibilidade com dispositivos:<\/strong><\/span><\/h3>\n<p><span style=\"color: #ffffff;\">Aproveite a mesma experi\u00eancia de f\u00e1cil utiliza\u00e7\u00e3o em todos os dispositivos.<\/span><\/p>\n<h2><span style=\"color: #ffffff;\"><strong>Teste Beta: Sua Chance de Moldar o Futuro<\/strong><\/span><\/h2>\n<p><span style=\"color: #ffffff;\">A Cleanster.com acredita no poder do feedback do usu\u00e1rio, e \u00e9 por isso que estamos lan\u00e7ando o recurso de Gerenciamento de Estoque e Roupa de Cama em beta. Convidamos nossos usu\u00e1rios a explorar essa nova funcionalidade, fornecer feedback e fazer parte da forma\u00e7\u00e3o do futuro da <a style=\"color: #ffffff;\" href=\"https:\/\/qualitasprimum.com\/en\/cleaning-management-services\/\">gest\u00e3o de servi\u00e7os de limpeza.<\/a><\/span><\/p>\n<h2><span style=\"color: #ffffff;\"><strong>Conclus\u00e3o: Elevando os servi\u00e7os de limpeza a novos patamares<\/strong><\/span><\/h2>\n<p><span style=\"color: #ffffff;\">Com a introdu\u00e7\u00e3o do recurso Inventory and Linen Management, a Cleanster.com reafirma seu compromisso com a inova\u00e7\u00e3o e excel\u00eancia no setor de servi\u00e7os de limpeza. N\u00e3o estamos apenas fornecendo servi\u00e7os de limpeza; estamos capacitando profissionais de servi\u00e7o e administradores de propriedades com as ferramentas de que precisam para fornecer um servi\u00e7o impec\u00e1vel, sempre.\u00a0<\/span><\/p>","protected":false},"excerpt":{"rendered":"<p>Cleanster.com, the industry leader in providing convenient access to cleaning services, is once again at the forefront of innovation. We are thrilled to announce the beta launch of our Inventory and Linen Management feature, a game-changer in the cleaning services landscape. This revolutionary addition to Cleanster.com&#8217;s offerings is designed to elevate user experiences, streamline operations, [&hellip;]<\/p>\n","protected":false},"author":1,"featured_media":0,"parent":0,"menu_order":0,"comment_status":"closed","ping_status":"closed","template":"templates\/rental.php","meta":{"_acf_changed":false,"footnotes":""},"class_list":["post-1328","page","type-page","status-publish","hentry","entry"],"acf":[],"yoast_head":"<!-- This site is optimized with the Yoast SEO Premium plugin v26.5 (Yoast SEO v27.5) - https:\/\/yoast.com\/product\/yoast-seo-premium-wordpress\/ -->\n<title>Cleanster.com offers an Inventory and Linen Management system<\/title>\n<meta name=\"description\" content=\"When you can get an excellent Inventory and Linen Management cleaning service from the Cleanster.com, why go somewhere else?\" \/>\n<meta name=\"robots\" content=\"index, follow, max-snippet:-1, max-image-preview:large, max-video-preview:-1\" \/>\n<link rel=\"canonical\" href=\"https:\/\/cleanster.com\/pt\/gestao-de-estoque-de-roupa\/\" \/>\n<meta property=\"og:locale\" content=\"pt_PT\" \/>\n<meta property=\"og:type\" content=\"article\" \/>\n<meta property=\"og:title\" content=\"Inventory and Linen Management (Beta) - Cleanster | Cleaning &amp; Maid Services Near You\" \/>\n<meta property=\"og:description\" content=\"When you can get an excellent Inventory and Linen Management cleaning service from the Cleanster.com, why go somewhere else?\" \/>\n<meta property=\"og:url\" content=\"https:\/\/cleanster.com\/pt\/gestao-de-estoque-de-roupa\/\" \/>\n<meta property=\"og:site_name\" content=\"Cleanster | Cleaning &amp; Maid Services Near You\" \/>\n<meta property=\"article:publisher\" content=\"https:\/\/www.facebook.com\/cleansterhq\" \/>\n<meta property=\"article:modified_time\" content=\"2024-01-08T10:59:08+00:00\" \/>\n<meta property=\"og:image\" content=\"https:\/\/cleanster.com\/wp-content\/uploads\/2023\/11\/card@3x.png\" \/>\n\t<meta property=\"og:image:width\" content=\"1170\" \/>\n\t<meta property=\"og:image:height\" content=\"763\" \/>\n\t<meta property=\"og:image:type\" content=\"image\/png\" \/>\n<meta name=\"twitter:card\" content=\"summary_large_image\" \/>\n<meta name=\"twitter:site\" content=\"@cleansterhq\" \/>\n<meta name=\"twitter:label1\" content=\"Tempo estimado de leitura\" \/>\n\t<meta name=\"twitter:data1\" content=\"3 minutos\" \/>\n<script type=\"application\/ld+json\" class=\"yoast-schema-graph\">{\"@context\":\"https:\\\/\\\/schema.org\",\"@graph\":[{\"@type\":\"WebPage\",\"@id\":\"https:\\\/\\\/cleanster.com\\\/inventory-linen-management\\\/\",\"url\":\"https:\\\/\\\/cleanster.com\\\/inventory-linen-management\\\/\",\"name\":\"Cleanster.com offers an Inventory and Linen Management system\",\"isPartOf\":{\"@id\":\"https:\\\/\\\/cleanster.com\\\/#website\"},\"datePublished\":\"2021-12-23T00:13:49+00:00\",\"dateModified\":\"2024-01-08T10:59:08+00:00\",\"description\":\"When you can get an excellent Inventory and Linen Management cleaning service from the Cleanster.com, why go somewhere else?\",\"inLanguage\":\"pt-PT\",\"potentialAction\":[{\"@type\":\"ReadAction\",\"target\":[\"https:\\\/\\\/cleanster.com\\\/inventory-linen-management\\\/\"]}]},{\"@type\":\"WebSite\",\"@id\":\"https:\\\/\\\/cleanster.com\\\/#website\",\"url\":\"https:\\\/\\\/cleanster.com\\\/\",\"name\":\"Cleanster | Cleaning & Maid Services Near You\",\"description\":\"Instantly find &amp; book trusted cleaners for homes, apartment, Airbnb, and offices. Cleanster offers affordable maid, housekeeping, and commercial cleaning services near you.\",\"publisher\":{\"@id\":\"https:\\\/\\\/cleanster.com\\\/#organization\"},\"alternateName\":\"Cleanster | Cleaning, Maid & Housekeeping Services for Everyone\",\"potentialAction\":[{\"@type\":\"SearchAction\",\"target\":{\"@type\":\"EntryPoint\",\"urlTemplate\":\"https:\\\/\\\/cleanster.com\\\/?s={search_term_string}\"},\"query-input\":{\"@type\":\"PropertyValueSpecification\",\"valueRequired\":true,\"valueName\":\"search_term_string\"}}],\"inLanguage\":\"pt-PT\"},{\"@type\":\"Organization\",\"@id\":\"https:\\\/\\\/cleanster.com\\\/#organization\",\"name\":\"Cleanster\",\"alternateName\":\"Cleanster.com\",\"url\":\"https:\\\/\\\/cleanster.com\\\/\",\"logo\":{\"@type\":\"ImageObject\",\"inLanguage\":\"pt-PT\",\"@id\":\"https:\\\/\\\/cleanster.com\\\/#\\\/schema\\\/logo\\\/image\\\/\",\"url\":\"https:\\\/\\\/cleanster.com\\\/wp-content\\\/uploads\\\/2025\\\/06\\\/Cleanster-Logo-1.svg\",\"contentUrl\":\"https:\\\/\\\/cleanster.com\\\/wp-content\\\/uploads\\\/2025\\\/06\\\/Cleanster-Logo-1.svg\",\"width\":1,\"height\":1,\"caption\":\"Cleanster\"},\"image\":{\"@id\":\"https:\\\/\\\/cleanster.com\\\/#\\\/schema\\\/logo\\\/image\\\/\"},\"sameAs\":[\"https:\\\/\\\/www.facebook.com\\\/cleansterhq\",\"https:\\\/\\\/x.com\\\/cleansterhq\",\"https:\\\/\\\/www.linkedin.com\\\/company\\\/cleansterhq\",\"https:\\\/\\\/www.instagram.com\\\/cleansterhq\",\"https:\\\/\\\/vm.tiktok.com\\\/ZM8vHmcuo\\\/\",\"https:\\\/\\\/www.clubhouse.com\\\/club\\\/cleanstercom\"],\"description\":\"Cleanster is an AI-powered cleaning services platform that connects Airbnb hosts, property managers, and commercial clients with vetted, on-demand cleaners. We offer apartment, house, Airbnb, commercial, and janitorial cleaning services. With a network of over 100,000 professionals across the US, Canada, and the UK, Cleanster delivers fast, reliable, and tech-enabled cleaning at scale.\",\"email\":\"support@cleanster.com\",\"telephone\":\"+1 (888) 788-2445\",\"legalName\":\"Cleanster, Inc.\",\"foundingDate\":\"2019-05-06\",\"duns\":\"118328526\",\"naics\":\"541511\",\"numberOfEmployees\":{\"@type\":\"QuantitativeValue\",\"minValue\":\"11\",\"maxValue\":\"50\"}}]}<\/script>\n<!-- \/ Yoast SEO Premium plugin. -->","yoast_head_json":{"title":"Cleanster.com oferece um sistema de gerenciamento de estoque e roupa de cama","description":"Quando voc\u00ea pode obter um excelente servi\u00e7o de limpeza de gerenciamento de estoque e roupa de cama no Cleanster.com, por que ir para outro lugar?","robots":{"index":"index","follow":"follow","max-snippet":"max-snippet:-1","max-image-preview":"max-image-preview:large","max-video-preview":"max-video-preview:-1"},"canonical":"https:\/\/cleanster.com\/pt\/gestao-de-estoque-de-roupa\/","og_locale":"pt_PT","og_type":"article","og_title":"Inventory and Linen Management (Beta) - Cleanster | Cleaning &amp; Maid Services Near You","og_description":"When you can get an excellent Inventory and Linen Management cleaning service from the Cleanster.com, why go somewhere else?","og_url":"https:\/\/cleanster.com\/pt\/gestao-de-estoque-de-roupa\/","og_site_name":"Cleanster | Cleaning &amp; Maid Services Near You","article_publisher":"https:\/\/www.facebook.com\/cleansterhq","article_modified_time":"2024-01-08T10:59:08+00:00","og_image":[{"width":1170,"height":763,"url":"https:\/\/cleanster.com\/wp-content\/uploads\/2023\/11\/card@3x.png","type":"image\/png"}],"twitter_card":"summary_large_image","twitter_site":"@cleansterhq","twitter_misc":{"Tempo estimado de leitura":"3 minutos"},"schema":{"@context":"https:\/\/schema.org","@graph":[{"@type":"WebPage","@id":"https:\/\/cleanster.com\/inventory-linen-management\/","url":"https:\/\/cleanster.com\/inventory-linen-management\/","name":"Cleanster.com oferece um sistema de gerenciamento de estoque e roupa de cama","isPartOf":{"@id":"https:\/\/cleanster.com\/#website"},"datePublished":"2021-12-23T00:13:49+00:00","dateModified":"2024-01-08T10:59:08+00:00","description":"Quando voc\u00ea pode obter um excelente servi\u00e7o de limpeza de gerenciamento de estoque e roupa de cama no Cleanster.com, por que ir para outro lugar?","inLanguage":"pt-PT","potentialAction":[{"@type":"ReadAction","target":["https:\/\/cleanster.com\/inventory-linen-management\/"]}]},{"@type":"WebSite","@id":"https:\/\/cleanster.com\/#website","url":"https:\/\/cleanster.com\/","name":"Cleanster | Servi\u00e7os de limpeza e limpeza perto de voc\u00ea","description":"Encontre e reserve instantaneamente servi\u00e7os de limpeza confi\u00e1veis para resid\u00eancias, apartamentos, Airbnb e escrit\u00f3rios. A Cleanster oferece servi\u00e7os acess\u00edveis de limpeza dom\u00e9stica, limpeza dom\u00e9stica e limpeza comercial perto de voc\u00ea.","publisher":{"@id":"https:\/\/cleanster.com\/#organization"},"alternateName":"Cleanster | Cleaning, Maid & Housekeeping Services for Everyone","potentialAction":[{"@type":"SearchAction","target":{"@type":"EntryPoint","urlTemplate":"https:\/\/cleanster.com\/?s={search_term_string}"},"query-input":{"@type":"PropertyValueSpecification","valueRequired":true,"valueName":"search_term_string"}}],"inLanguage":"pt-PT"},{"@type":"Organization","@id":"https:\/\/cleanster.com\/#organization","name":"Limpador","alternateName":"Cleanster.com","url":"https:\/\/cleanster.com\/","logo":{"@type":"ImageObject","inLanguage":"pt-PT","@id":"https:\/\/cleanster.com\/#\/schema\/logo\/image\/","url":"https:\/\/cleanster.com\/wp-content\/uploads\/2025\/06\/Cleanster-Logo-1.svg","contentUrl":"https:\/\/cleanster.com\/wp-content\/uploads\/2025\/06\/Cleanster-Logo-1.svg","width":1,"height":1,"caption":"Cleanster"},"image":{"@id":"https:\/\/cleanster.com\/#\/schema\/logo\/image\/"},"sameAs":["https:\/\/www.facebook.com\/cleansterhq","https:\/\/x.com\/cleansterhq","https:\/\/www.linkedin.com\/company\/cleansterhq","https:\/\/www.instagram.com\/cleansterhq","https:\/\/vm.tiktok.com\/ZM8vHmcuo\/","https:\/\/www.clubhouse.com\/club\/cleanstercom"],"description":"A Cleanster \u00e9 uma plataforma de servi\u00e7os de limpeza com tecnologia de IA que conecta anfitri\u00f5es do Airbnb, administradores de im\u00f3veis e clientes comerciais a profissionais de limpeza qualificados e sob demanda. Oferecemos servi\u00e7os de limpeza para apartamentos, casas, Airbnb, empresas e servi\u00e7os de zeladoria. Com uma rede de mais de 100.000 profissionais nos EUA, Canad\u00e1 e Reino Unido, a Cleanster oferece limpeza r\u00e1pida, confi\u00e1vel e com tecnologia em larga escala.","email":"support@cleanster.com","telephone":"+1 (888) 788-2445","legalName":"Cleanster, Inc.","foundingDate":"2019-05-06","duns":"118328526","naics":"541511","numberOfEmployees":{"@type":"QuantitativeValue","minValue":"11","maxValue":"50"}}]}},"_links":{"self":[{"href":"https:\/\/cleanster.com\/pt\/wp-json\/wp\/v2\/pages\/1328","targetHints":{"allow":["GET"]}}],"collection":[{"href":"https:\/\/cleanster.com\/pt\/wp-json\/wp\/v2\/pages"}],"about":[{"href":"https:\/\/cleanster.com\/pt\/wp-json\/wp\/v2\/types\/page"}],"author":[{"embeddable":true,"href":"https:\/\/cleanster.com\/pt\/wp-json\/wp\/v2\/users\/1"}],"replies":[{"embeddable":true,"href":"https:\/\/cleanster.com\/pt\/wp-json\/wp\/v2\/comments?post=1328"}],"version-history":[{"count":0,"href":"https:\/\/cleanster.com\/pt\/wp-json\/wp\/v2\/pages\/1328\/revisions"}],"wp:attachment":[{"href":"https:\/\/cleanster.com\/pt\/wp-json\/wp\/v2\/media?parent=1328"}],"curies":[{"name":"wp","href":"https:\/\/api.w.org\/{rel}","templated":true}]}}