{"id":13741,"date":"2023-10-23T09:36:44","date_gmt":"2023-10-23T09:36:44","guid":{"rendered":"https:\/\/cleanster.com\/?page_id=13741"},"modified":"2023-12-13T06:49:36","modified_gmt":"2023-12-13T06:49:36","slug":"melhores-produtos-de-limpeza-do-airbnb-nos-texas-alamo","status":"publish","type":"page","link":"https:\/\/cleanster.com\/pt\/melhores-produtos-de-limpeza-do-airbnb-nos-texas-alamo\/","title":{"rendered":"O melhor aplicativo de servi\u00e7o de limpeza do Airbnb em Alamo, Texas - Cleanster"},"content":{"rendered":"<h2><span style=\"font-weight: 400; color: #ffffff;\">Aplicativo para servi\u00e7o de limpeza do Airbnb em Alamo, Texas<\/span><\/h2>\n<p><span style=\"color: #ffffff;\"><span style=\"font-weight: 400;\">Mantenha sua propriedade limpa e organizada para que voc\u00ea possa aumentar a classifica\u00e7\u00e3o ou avalia\u00e7\u00e3o de seus clientes usando nosso aplicativo de limpeza do Airbnb em <a href=\"https:\/\/en.wikipedia.org\/wiki\/Alamo,_Texas\">\u00c1lamo Texas<\/a><\/span><b>. <\/b><span style=\"font-weight: 400;\">Usando o<\/span><a style=\"color: #ffffff;\" href=\"https:\/\/cleanster.com\/str\"> <span style=\"font-weight: 400;\">Aplicativo limpador<\/span><\/a><span style=\"font-weight: 400;\"> para o aplicativo de limpeza do Airbnb, voc\u00ea pode obter uma limpeza excelente e de n\u00edvel profissional para seu local, para garantir que seus clientes fiquem satisfeitos com seu profissionalismo de hospedagem. Como empres\u00e1rio ou propriet\u00e1rio, iniciar o seu neg\u00f3cio com o<\/span><a style=\"color: #ffffff;\" href=\"https:\/\/cleanster.com\/str\"> <span style=\"font-weight: 400;\">Limpador<\/span><\/a><span style=\"font-weight: 400;\"> beneficiaria voc\u00ea e pode ser uma boa escolha para o seu neg\u00f3cio. O<\/span><a style=\"color: #ffffff;\" href=\"https:\/\/cleanster.com\/str\"> <span style=\"font-weight: 400;\">Limpador<\/span><\/a><b> app facilita as coisas e mant\u00e9m tudo profissional. <\/b><span style=\"font-weight: 400;\">Agora estamos atendendo todo<\/span> \u00c1lamo, Texas.<\/span><\/p>\n<p><span style=\"color: #ffffff;\"><span style=\"font-weight: 400;\">Ent\u00e3o, se voc\u00ea est\u00e1 procurando por limpeza Airbnb em Alamo Texas<\/span><b>.<\/b><span style=\"font-weight: 400;\"> N\u00e3o hesite.<\/span><\/span><\/p>\n<h2><span style=\"font-weight: 400; color: #ffffff;\">O melhor aplicativo de limpeza do Airbnb em Alamo, Texas<\/span><\/h2>\n<p><span style=\"color: #ffffff;\"><b>Trabalho de limpeza do Airbnb<\/b><span style=\"font-weight: 400;\"> \u00e9 limpar sua propriedade usando produtos e processos de limpeza exclusivos.<\/span><\/span><\/p>\n<p><span style=\"font-weight: 400; color: #ffffff;\">Isso o ajudar\u00e1 a acompanhar o agendamento.<\/span><\/p>\n<p><span style=\"font-weight: 400; color: #ffffff;\">\u00a0Voc\u00ea pode fazer inspe\u00e7\u00f5es m\u00f3veis de propriedades para economizar tempo dos gerentes de propriedades em alugu\u00e9is por temporada.\u00a0<\/span><\/p>\n<p><span style=\"font-weight: 400; color: #ffffff;\">Voc\u00ea pode incorporar seus \u00edcones de status para rastrear notas, fotos, check-ins VIP e check-out tardio.<\/span><\/p>\n<p><span style=\"font-weight: 400; color: #ffffff;\">Facilite as coisas para empresas de limpeza e administra\u00e7\u00e3o de propriedades.<\/span><\/p>\n<h2><span style=\"font-weight: 400; color: #ffffff;\">Aplicativo de calend\u00e1rio de limpeza Cleanster<\/span><\/h2>\n<p><span style=\"color: #ffffff;\"><span style=\"font-weight: 400;\">Se voc\u00ea n\u00e3o quiser enviar sua agenda por e-mail para a faxineira para evitar digitar datas e atualiz\u00e1-la, tente o<\/span><a style=\"color: #ffffff;\" href=\"https:\/\/cleanster.com\/str\"> <span style=\"font-weight: 400;\">Limpador<\/span><\/a><span style=\"font-weight: 400;\">. O Cleanster ir\u00e1 ajud\u00e1-lo a sincronizar com sua conta do Airbnb. Usando nosso aplicativo airbnb, voc\u00ea pode usar imagens, para que o faxineiro saiba o que procurar e envie para eles. Envie o link do seu calend\u00e1rio do Airbnb para o seu limpador para saber as datas da reserva.<\/span><\/span><\/p>\n<h2><span style=\"font-weight: 400; color: #ffffff;\">Lista de verifica\u00e7\u00e3o de limpeza do Airbnb<\/span><\/h2>\n<p><span style=\"font-weight: 400; color: #ffffff;\">Nossos limpadores profissionais limpar\u00e3o e higienizar\u00e3o profundamente todos os m\u00f3veis e dispositivos eletr\u00f4nicos, lavar\u00e3o e trocar\u00e3o len\u00e7\u00f3is e toalhas, far\u00e3o camas estilo hotel e limpar\u00e3o profundamente a cozinha e o banheiro. Eles v\u00e3o varrer e esfregar o ch\u00e3o e aspirar os tapetes. Tirar o lixo. Reabaste\u00e7a itens essenciais, produtos de higiene pessoal e espelhos limpos e brilhantes. Somos dedicados e temos muito conhecimento em fornecer resultados de limpeza de alta qualidade.<\/span><\/p>","protected":false},"excerpt":{"rendered":"<p>App for Airbnb cleaning service in Alamo Texas Keep your property clean and organized so you can increase your client&#8217;s rating or review by using our Airbnb cleaning app in Alamo Texas. Using the Cleanster app for Airbnb cleaning app, you can get excellent and professional-grade cleaning for your place to ensure your customers are [&hellip;]<\/p>\n","protected":false},"author":2,"featured_media":0,"parent":0,"menu_order":0,"comment_status":"closed","ping_status":"closed","template":"templates\/str.php","meta":{"_acf_changed":false,"footnotes":""},"class_list":["post-13741","page","type-page","status-publish","hentry","entry"],"acf":[],"yoast_head":"<!-- This site is optimized with the Yoast SEO Premium plugin v26.5 (Yoast SEO v27.3) - https:\/\/yoast.com\/product\/yoast-seo-premium-wordpress\/ -->\n<title>The Best Airbnb cleaning app in Alamo, Texas - Cleanster.com<\/title>\n<meta name=\"description\" content=\"Discover the ultimate solution for Airbnb hosts! Streamline your cleaning routine with the best Airbnb cleaning app in Alamo, Texas.\" \/>\n<meta name=\"robots\" content=\"index, follow, max-snippet:-1, max-image-preview:large, max-video-preview:-1\" \/>\n<link rel=\"canonical\" href=\"https:\/\/cleanster.com\/pt\/melhores-produtos-de-limpeza-do-airbnb-nos-texas-alamo\/\" \/>\n<meta property=\"og:locale\" content=\"pt_PT\" \/>\n<meta property=\"og:type\" content=\"article\" \/>\n<meta property=\"og:title\" content=\"The Best Airbnb Cleaning Service App in Alamo, Texas- Cleanster - Cleanster | Cleaning &amp; Maid Services Near You\" \/>\n<meta property=\"og:description\" content=\"Discover the ultimate solution for Airbnb hosts! Streamline your cleaning routine with the best Airbnb cleaning app in Alamo, Texas.\" \/>\n<meta property=\"og:url\" content=\"https:\/\/cleanster.com\/pt\/melhores-produtos-de-limpeza-do-airbnb-nos-texas-alamo\/\" \/>\n<meta property=\"og:site_name\" content=\"Cleanster | Cleaning &amp; Maid Services Near You\" \/>\n<meta property=\"article:publisher\" content=\"https:\/\/www.facebook.com\/cleansterhq\" \/>\n<meta property=\"article:modified_time\" content=\"2023-12-13T06:49:36+00:00\" \/>\n<meta property=\"og:image\" content=\"https:\/\/cleanster.com\/wp-content\/uploads\/2023\/11\/card@3x.png\" \/>\n\t<meta property=\"og:image:width\" content=\"1170\" \/>\n\t<meta property=\"og:image:height\" content=\"763\" \/>\n\t<meta property=\"og:image:type\" content=\"image\/png\" \/>\n<meta name=\"twitter:card\" content=\"summary_large_image\" \/>\n<meta name=\"twitter:site\" content=\"@cleansterhq\" \/>\n<meta name=\"twitter:label1\" content=\"Tempo estimado de leitura\" \/>\n\t<meta name=\"twitter:data1\" content=\"2 minutos\" \/>\n<script type=\"application\/ld+json\" class=\"yoast-schema-graph\">{\"@context\":\"https:\\\/\\\/schema.org\",\"@graph\":[{\"@type\":\"WebPage\",\"@id\":\"https:\\\/\\\/cleanster.com\\\/best-airbnb-cleaners-us-texas-alamo\\\/\",\"url\":\"https:\\\/\\\/cleanster.com\\\/best-airbnb-cleaners-us-texas-alamo\\\/\",\"name\":\"The Best Airbnb cleaning app in Alamo, Texas - Cleanster.com\",\"isPartOf\":{\"@id\":\"https:\\\/\\\/cleanster.com\\\/#website\"},\"datePublished\":\"2023-10-23T09:36:44+00:00\",\"dateModified\":\"2023-12-13T06:49:36+00:00\",\"description\":\"Discover the ultimate solution for Airbnb hosts! Streamline your cleaning routine with the best Airbnb cleaning app in Alamo, Texas.\",\"inLanguage\":\"pt-PT\",\"potentialAction\":[{\"@type\":\"ReadAction\",\"target\":[\"https:\\\/\\\/cleanster.com\\\/best-airbnb-cleaners-us-texas-alamo\\\/\"]}]},{\"@type\":\"WebSite\",\"@id\":\"https:\\\/\\\/cleanster.com\\\/#website\",\"url\":\"https:\\\/\\\/cleanster.com\\\/\",\"name\":\"Cleanster | Cleaning & Maid Services Near You\",\"description\":\"Instantly find &amp; book trusted cleaners for homes, apartment, Airbnb, and offices. Cleanster offers affordable maid, housekeeping, and commercial cleaning services near you.\",\"publisher\":{\"@id\":\"https:\\\/\\\/cleanster.com\\\/#organization\"},\"alternateName\":\"Cleanster | Cleaning, Maid & Housekeeping Services for Everyone\",\"potentialAction\":[{\"@type\":\"SearchAction\",\"target\":{\"@type\":\"EntryPoint\",\"urlTemplate\":\"https:\\\/\\\/cleanster.com\\\/?s={search_term_string}\"},\"query-input\":{\"@type\":\"PropertyValueSpecification\",\"valueRequired\":true,\"valueName\":\"search_term_string\"}}],\"inLanguage\":\"pt-PT\"},{\"@type\":\"Organization\",\"@id\":\"https:\\\/\\\/cleanster.com\\\/#organization\",\"name\":\"Cleanster\",\"alternateName\":\"Cleanster.com\",\"url\":\"https:\\\/\\\/cleanster.com\\\/\",\"logo\":{\"@type\":\"ImageObject\",\"inLanguage\":\"pt-PT\",\"@id\":\"https:\\\/\\\/cleanster.com\\\/#\\\/schema\\\/logo\\\/image\\\/\",\"url\":\"https:\\\/\\\/cleanster.com\\\/wp-content\\\/uploads\\\/2025\\\/06\\\/Cleanster-Logo-1.svg\",\"contentUrl\":\"https:\\\/\\\/cleanster.com\\\/wp-content\\\/uploads\\\/2025\\\/06\\\/Cleanster-Logo-1.svg\",\"width\":1,\"height\":1,\"caption\":\"Cleanster\"},\"image\":{\"@id\":\"https:\\\/\\\/cleanster.com\\\/#\\\/schema\\\/logo\\\/image\\\/\"},\"sameAs\":[\"https:\\\/\\\/www.facebook.com\\\/cleansterhq\",\"https:\\\/\\\/x.com\\\/cleansterhq\",\"https:\\\/\\\/www.linkedin.com\\\/company\\\/cleansterhq\",\"https:\\\/\\\/www.instagram.com\\\/cleansterhq\",\"https:\\\/\\\/vm.tiktok.com\\\/ZM8vHmcuo\\\/\",\"https:\\\/\\\/www.clubhouse.com\\\/club\\\/cleanstercom\"],\"description\":\"Cleanster is an AI-powered cleaning services platform that connects Airbnb hosts, property managers, and commercial clients with vetted, on-demand cleaners. We offer apartment, house, Airbnb, commercial, and janitorial cleaning services. With a network of over 100,000 professionals across the US, Canada, and the UK, Cleanster delivers fast, reliable, and tech-enabled cleaning at scale.\",\"email\":\"support@cleanster.com\",\"telephone\":\"+1 (888) 788-2445\",\"legalName\":\"Cleanster, Inc.\",\"foundingDate\":\"2019-05-06\",\"duns\":\"118328526\",\"naics\":\"541511\",\"numberOfEmployees\":{\"@type\":\"QuantitativeValue\",\"minValue\":\"11\",\"maxValue\":\"50\"}}]}<\/script>\n<!-- \/ Yoast SEO Premium plugin. -->","yoast_head_json":{"title":"O melhor aplicativo de limpeza do Airbnb em Alamo, Texas - Cleanster.com","description":"Descubra a solu\u00e7\u00e3o definitiva para anfitri\u00f5es do Airbnb! Simplifique sua rotina de limpeza com o melhor aplicativo de limpeza do Airbnb em Alamo, Texas.","robots":{"index":"index","follow":"follow","max-snippet":"max-snippet:-1","max-image-preview":"max-image-preview:large","max-video-preview":"max-video-preview:-1"},"canonical":"https:\/\/cleanster.com\/pt\/melhores-produtos-de-limpeza-do-airbnb-nos-texas-alamo\/","og_locale":"pt_PT","og_type":"article","og_title":"The Best Airbnb Cleaning Service App in Alamo, Texas- Cleanster - Cleanster | Cleaning &amp; Maid Services Near You","og_description":"Discover the ultimate solution for Airbnb hosts! Streamline your cleaning routine with the best Airbnb cleaning app in Alamo, Texas.","og_url":"https:\/\/cleanster.com\/pt\/melhores-produtos-de-limpeza-do-airbnb-nos-texas-alamo\/","og_site_name":"Cleanster | Cleaning &amp; Maid Services Near You","article_publisher":"https:\/\/www.facebook.com\/cleansterhq","article_modified_time":"2023-12-13T06:49:36+00:00","og_image":[{"width":1170,"height":763,"url":"https:\/\/cleanster.com\/wp-content\/uploads\/2023\/11\/card@3x.png","type":"image\/png"}],"twitter_card":"summary_large_image","twitter_site":"@cleansterhq","twitter_misc":{"Tempo estimado de leitura":"2 minutos"},"schema":{"@context":"https:\/\/schema.org","@graph":[{"@type":"WebPage","@id":"https:\/\/cleanster.com\/best-airbnb-cleaners-us-texas-alamo\/","url":"https:\/\/cleanster.com\/best-airbnb-cleaners-us-texas-alamo\/","name":"O melhor aplicativo de limpeza do Airbnb em Alamo, Texas - Cleanster.com","isPartOf":{"@id":"https:\/\/cleanster.com\/#website"},"datePublished":"2023-10-23T09:36:44+00:00","dateModified":"2023-12-13T06:49:36+00:00","description":"Descubra a solu\u00e7\u00e3o definitiva para anfitri\u00f5es do Airbnb! Simplifique sua rotina de limpeza com o melhor aplicativo de limpeza do Airbnb em Alamo, Texas.","inLanguage":"pt-PT","potentialAction":[{"@type":"ReadAction","target":["https:\/\/cleanster.com\/best-airbnb-cleaners-us-texas-alamo\/"]}]},{"@type":"WebSite","@id":"https:\/\/cleanster.com\/#website","url":"https:\/\/cleanster.com\/","name":"Cleanster | Servi\u00e7os de limpeza e limpeza perto de voc\u00ea","description":"Encontre e reserve instantaneamente servi\u00e7os de limpeza confi\u00e1veis para resid\u00eancias, apartamentos, Airbnb e escrit\u00f3rios. A Cleanster oferece servi\u00e7os acess\u00edveis de limpeza dom\u00e9stica, limpeza dom\u00e9stica e limpeza comercial perto de voc\u00ea.","publisher":{"@id":"https:\/\/cleanster.com\/#organization"},"alternateName":"Cleanster | Cleaning, Maid & Housekeeping Services for Everyone","potentialAction":[{"@type":"SearchAction","target":{"@type":"EntryPoint","urlTemplate":"https:\/\/cleanster.com\/?s={search_term_string}"},"query-input":{"@type":"PropertyValueSpecification","valueRequired":true,"valueName":"search_term_string"}}],"inLanguage":"pt-PT"},{"@type":"Organization","@id":"https:\/\/cleanster.com\/#organization","name":"Limpador","alternateName":"Cleanster.com","url":"https:\/\/cleanster.com\/","logo":{"@type":"ImageObject","inLanguage":"pt-PT","@id":"https:\/\/cleanster.com\/#\/schema\/logo\/image\/","url":"https:\/\/cleanster.com\/wp-content\/uploads\/2025\/06\/Cleanster-Logo-1.svg","contentUrl":"https:\/\/cleanster.com\/wp-content\/uploads\/2025\/06\/Cleanster-Logo-1.svg","width":1,"height":1,"caption":"Cleanster"},"image":{"@id":"https:\/\/cleanster.com\/#\/schema\/logo\/image\/"},"sameAs":["https:\/\/www.facebook.com\/cleansterhq","https:\/\/x.com\/cleansterhq","https:\/\/www.linkedin.com\/company\/cleansterhq","https:\/\/www.instagram.com\/cleansterhq","https:\/\/vm.tiktok.com\/ZM8vHmcuo\/","https:\/\/www.clubhouse.com\/club\/cleanstercom"],"description":"A Cleanster \u00e9 uma plataforma de servi\u00e7os de limpeza com tecnologia de IA que conecta anfitri\u00f5es do Airbnb, administradores de im\u00f3veis e clientes comerciais a profissionais de limpeza qualificados e sob demanda. Oferecemos servi\u00e7os de limpeza para apartamentos, casas, Airbnb, empresas e servi\u00e7os de zeladoria. Com uma rede de mais de 100.000 profissionais nos EUA, Canad\u00e1 e Reino Unido, a Cleanster oferece limpeza r\u00e1pida, confi\u00e1vel e com tecnologia em larga escala.","email":"support@cleanster.com","telephone":"+1 (888) 788-2445","legalName":"Cleanster, Inc.","foundingDate":"2019-05-06","duns":"118328526","naics":"541511","numberOfEmployees":{"@type":"QuantitativeValue","minValue":"11","maxValue":"50"}}]}},"_links":{"self":[{"href":"https:\/\/cleanster.com\/pt\/wp-json\/wp\/v2\/pages\/13741","targetHints":{"allow":["GET"]}}],"collection":[{"href":"https:\/\/cleanster.com\/pt\/wp-json\/wp\/v2\/pages"}],"about":[{"href":"https:\/\/cleanster.com\/pt\/wp-json\/wp\/v2\/types\/page"}],"author":[{"embeddable":true,"href":"https:\/\/cleanster.com\/pt\/wp-json\/wp\/v2\/users\/2"}],"replies":[{"embeddable":true,"href":"https:\/\/cleanster.com\/pt\/wp-json\/wp\/v2\/comments?post=13741"}],"version-history":[{"count":0,"href":"https:\/\/cleanster.com\/pt\/wp-json\/wp\/v2\/pages\/13741\/revisions"}],"wp:attachment":[{"href":"https:\/\/cleanster.com\/pt\/wp-json\/wp\/v2\/media?parent=13741"}],"curies":[{"name":"wp","href":"https:\/\/api.w.org\/{rel}","templated":true}]}}