{"id":1572,"date":"2021-12-23T02:08:18","date_gmt":"2021-12-23T02:08:18","guid":{"rendered":"https:\/\/cleanster.com\/?page_id=1572"},"modified":"2024-01-08T11:41:49","modified_gmt":"2024-01-08T11:41:49","slug":"relatorios-e-analises","status":"publish","type":"page","link":"https:\/\/cleanster.com\/pt\/relatorios-e-analises\/","title":{"rendered":"Relat\u00f3rios e An\u00e1lise"},"content":{"rendered":"<p><span style=\"color: #ffffff;\">Na era digital, os dados s\u00e3o reis. Para o setor de limpeza, isso se traduz na necessidade cr\u00edtica de relat\u00f3rios e an\u00e1lises avan\u00e7ados para agilizar as opera\u00e7\u00f5es e aprimorar a presta\u00e7\u00e3o de servi\u00e7os. A Cleanster.com, uma plataforma pioneira de servi\u00e7os de limpeza, est\u00e1 estabelecendo novos padr\u00f5es ao integrar ferramentas abrangentes de relat\u00f3rios e an\u00e1lises. Essa integra\u00e7\u00e3o se alinha perfeitamente com nossa miss\u00e3o de fornecer acesso conveniente a servi\u00e7os de limpeza, ao mesmo tempo em que capacita profissionais de servi\u00e7os com oportunidades de trabalho \u00e9tico.<\/span><\/p>\n<h2><span style=\"color: #ffffff;\">Transformando servi\u00e7os de limpeza com insights baseados em dados<\/span><\/h2>\n<h3><span style=\"color: #ffffff;\"><strong>1. An\u00e1lise de desempenho aprofundada:<\/strong><\/span><\/h3>\n<p><span style=\"color: #ffffff;\">As ferramentas de relat\u00f3rios da Cleanster.com oferecem insights detalhados sobre o desempenho das equipes de limpeza. Ao analisar fatores como efici\u00eancia de tempo, classifica\u00e7\u00f5es de satisfa\u00e7\u00e3o do cliente e taxas de clientes recorrentes, capacitamos os profissionais de servi\u00e7o com dados acion\u00e1veis para refinar seus servi\u00e7os continuamente.<\/span><\/p>\n<h3><span style=\"color: #ffffff;\"><strong>2. Relat\u00f3rios financeiros para transpar\u00eancia:<\/strong><\/span><\/h3>\n<p><span style=\"color: #ffffff;\">A transpar\u00eancia nas transa\u00e7\u00f5es financeiras \u00e9 crucial tanto para profissionais de servi\u00e7o quanto para clientes. O Cleanster.com fornece relat\u00f3rios financeiros detalhados, incluindo ganhos, despesas e hist\u00f3ricos de pagamento. Esse n\u00edvel de transpar\u00eancia \u00e9 essencial para profissionais de servi\u00e7o que desejam se tornar empreendedores, ajudando-os a gerenciar suas finan\u00e7as de forma eficaz.<\/span><\/p>\n<h3><span style=\"color: #ffffff;\"><strong>3. Coment\u00e1rios e avalia\u00e7\u00f5es dos clientes:<\/strong><\/span><\/h3>\n<p><span style=\"color: #ffffff;\">O feedback do cliente \u00e9 uma mina de ouro de informa\u00e7\u00f5es. A Cleanster.com prioriza isso ao incorporar avalia\u00e7\u00f5es e avalia\u00e7\u00f5es de clientes em seus relat\u00f3rios. Esse feedback ajuda os profissionais de limpeza a entender as expectativas do cliente e as \u00e1reas para melhoria, fomentando uma cultura de excel\u00eancia.<\/span><\/p>\n<h2><span style=\"color: #ffffff;\">Melhorando a efici\u00eancia operacional<\/span><\/h2>\n<h3><span style=\"color: #ffffff;\"><strong>1. Rastreamento de tarefas em tempo real:<\/strong><\/span><\/h3>\n<p><span style=\"color: #ffffff;\">Nossa plataforma oferece recursos de rastreamento de trabalho em tempo real, permitindo que profissionais de limpeza monitorem o progresso do trabalho de forma abrangente. Esse recurso garante a conclus\u00e3o oportuna das tarefas e ajuda a ajustar os cronogramas de forma proativa.<\/span><\/p>\n<h3><span style=\"color: #ffffff;\"><strong>2. Uso e gerenciamento de invent\u00e1rio:<\/strong><\/span><\/h3>\n<p><span style=\"color: #ffffff;\">Com <a style=\"color: #ffffff;\" href=\"https:\/\/cleanster.com\">Cleanster.com<\/a>, os profissionais de servi\u00e7o podem rastrear o uso do invent\u00e1rio ao longo do tempo. Essa an\u00e1lise ajuda a prever necessidades futuras de invent\u00e1rio, evitando cen\u00e1rios de estoque excessivo ou insuficiente e otimizando a utiliza\u00e7\u00e3o de recursos.<\/span><\/p>\n<h3><span style=\"color: #ffffff;\"><strong>3. Relat\u00f3rios personaliz\u00e1veis:<\/strong><\/span><\/h3>\n<p><span style=\"color: #ffffff;\">Entendendo que cada profissional de limpeza e cliente tem necessidades \u00fanicas, a Cleanster.com oferece relat\u00f3rios personaliz\u00e1veis. Os usu\u00e1rios podem selecionar os par\u00e2metros nos quais desejam se concentrar, tornando a ferramenta de relat\u00f3rios adapt\u00e1vel e f\u00e1cil de usar.<\/span><\/p>\n<h2><span style=\"color: #ffffff;\">Impulsionando o crescimento dos neg\u00f3cios e a satisfa\u00e7\u00e3o do cliente<\/span><\/h2>\n<h3><span style=\"color: #ffffff;\"><strong>1. Decis\u00f5es estrat\u00e9gicas de neg\u00f3cios:<\/strong><\/span><\/h3>\n<p><span style=\"color: #ffffff;\">Munidos de dados abrangentes, os profissionais de limpeza que usam o Cleanster.com podem tomar decis\u00f5es informadas, <a style=\"color: #ffffff;\" href=\"https:\/\/hbr.org\/2013\/11\/what-makes-strategic-decisions-different\">decis\u00f5es estrat\u00e9gicas de neg\u00f3cios<\/a>. Seja expandindo servi\u00e7os, ajustando pre\u00e7os ou aprimorando esfor\u00e7os de marketing, decis\u00f5es baseadas em dados levam ao crescimento sustent\u00e1vel dos neg\u00f3cios.<\/span><\/p>\n<h3><span style=\"color: #ffffff;\"><strong>2. Atender \u00e0s expectativas do cliente:<\/strong><\/span><\/h3>\n<p><span style=\"color: #ffffff;\">Ao entender as necessidades do cliente por meio de feedback e an\u00e1lise de desempenho, os profissionais de limpeza podem personalizar seus servi\u00e7os para atender e exceder essas expectativas. Essa abordagem centrada no cliente \u00e9 essencial para construir lealdade e uma reputa\u00e7\u00e3o forte.<\/span><\/p>\n<h3><span style=\"color: #ffffff;\"><strong>3. Vantagem competitiva:<\/strong><\/span><\/h3>\n<p><span style=\"color: #ffffff;\">Em um mercado competitivo, as ferramentas de relat\u00f3rios e an\u00e1lises da Cleanster.com fornecem uma vantagem significativa. Profissionais de servi\u00e7o equipados com insights detalhados podem oferecer servi\u00e7os superiores, diferenciando-se no setor.<\/span><\/p>\n<h2><span style=\"color: #ffffff;\">Conclus\u00e3o: O futuro da limpeza \u00e9 baseado em dados<\/span><\/h2>\n<p><span style=\"color: #ffffff;\">A Cleanster.com est\u00e1 revolucionando o setor de servi\u00e7os de limpeza ao adotar o poder dos dados. Com nossas ferramentas avan\u00e7adas de relat\u00f3rios e an\u00e1lises, n\u00e3o estamos apenas facilitando servi\u00e7os de limpeza, mas capacitando profissionais e satisfazendo clientes por meio de insights inteligentes. Em um mundo onde os dados direcionam as decis\u00f5es, a Cleanster.com est\u00e1 liderando a mudan\u00e7a, um relat\u00f3rio de cada vez.<\/span><\/p>","protected":false},"excerpt":{"rendered":"<p>In the digital age, data is king. For the cleaning industry, this translates into the critical need for advanced reporting and analysis to streamline operations and enhance service delivery. Cleanster.com, a trailblazing cleaning service platform, is setting new benchmarks by integrating comprehensive reporting and analysis tools. This integration aligns perfectly with our mission to provide [&hellip;]<\/p>\n","protected":false},"author":1,"featured_media":0,"parent":0,"menu_order":0,"comment_status":"closed","ping_status":"closed","template":"templates\/rental.php","meta":{"_acf_changed":false,"footnotes":""},"class_list":["post-1572","page","type-page","status-publish","hentry","entry"],"acf":[],"yoast_head":"<!-- This site is optimized with the Yoast SEO Premium plugin v26.5 (Yoast SEO v27.4) - https:\/\/yoast.com\/product\/yoast-seo-premium-wordpress\/ -->\n<title>Regarding the Cleanster.com\u2019s modern reporting &amp; analysis factor<\/title>\n<meta name=\"description\" content=\"We offer smart and useful reporting and analysis features for your home or business cleaning service at a reasonable price. Check the detail\" \/>\n<meta name=\"robots\" content=\"index, follow, max-snippet:-1, max-image-preview:large, max-video-preview:-1\" \/>\n<link rel=\"canonical\" href=\"https:\/\/cleanster.com\/pt\/relatorios-e-analises\/\" \/>\n<meta property=\"og:locale\" content=\"pt_PT\" \/>\n<meta property=\"og:type\" content=\"article\" \/>\n<meta property=\"og:title\" content=\"Reporting and Analysis - Cleanster | Cleaning &amp; Maid Services Near You\" \/>\n<meta property=\"og:description\" content=\"We offer smart and useful reporting and analysis features for your home or business cleaning service at a reasonable price. Check the detail\" \/>\n<meta property=\"og:url\" content=\"https:\/\/cleanster.com\/pt\/relatorios-e-analises\/\" \/>\n<meta property=\"og:site_name\" content=\"Cleanster | Cleaning &amp; Maid Services Near You\" \/>\n<meta property=\"article:publisher\" content=\"https:\/\/www.facebook.com\/cleansterhq\" \/>\n<meta property=\"article:modified_time\" content=\"2024-01-08T11:41:49+00:00\" \/>\n<meta property=\"og:image\" content=\"https:\/\/cleanster.com\/wp-content\/uploads\/2023\/11\/card@3x.png\" \/>\n\t<meta property=\"og:image:width\" content=\"1170\" \/>\n\t<meta property=\"og:image:height\" content=\"763\" \/>\n\t<meta property=\"og:image:type\" content=\"image\/png\" \/>\n<meta name=\"twitter:card\" content=\"summary_large_image\" \/>\n<meta name=\"twitter:site\" content=\"@cleansterhq\" \/>\n<meta name=\"twitter:label1\" content=\"Tempo estimado de leitura\" \/>\n\t<meta name=\"twitter:data1\" content=\"3 minutos\" \/>\n<script type=\"application\/ld+json\" class=\"yoast-schema-graph\">{\"@context\":\"https:\\\/\\\/schema.org\",\"@graph\":[{\"@type\":\"WebPage\",\"@id\":\"https:\\\/\\\/cleanster.com\\\/reporting-and-analysis\\\/\",\"url\":\"https:\\\/\\\/cleanster.com\\\/reporting-and-analysis\\\/\",\"name\":\"Regarding the Cleanster.com\u2019s modern reporting & analysis factor\",\"isPartOf\":{\"@id\":\"https:\\\/\\\/cleanster.com\\\/#website\"},\"datePublished\":\"2021-12-23T02:08:18+00:00\",\"dateModified\":\"2024-01-08T11:41:49+00:00\",\"description\":\"We offer smart and useful reporting and analysis features for your home or business cleaning service at a reasonable price. Check the detail\",\"inLanguage\":\"pt-PT\",\"potentialAction\":[{\"@type\":\"ReadAction\",\"target\":[\"https:\\\/\\\/cleanster.com\\\/reporting-and-analysis\\\/\"]}]},{\"@type\":\"WebSite\",\"@id\":\"https:\\\/\\\/cleanster.com\\\/#website\",\"url\":\"https:\\\/\\\/cleanster.com\\\/\",\"name\":\"Cleanster | Cleaning & Maid Services Near You\",\"description\":\"Instantly find &amp; book trusted cleaners for homes, apartment, Airbnb, and offices. Cleanster offers affordable maid, housekeeping, and commercial cleaning services near you.\",\"publisher\":{\"@id\":\"https:\\\/\\\/cleanster.com\\\/#organization\"},\"alternateName\":\"Cleanster | Cleaning, Maid & Housekeeping Services for Everyone\",\"potentialAction\":[{\"@type\":\"SearchAction\",\"target\":{\"@type\":\"EntryPoint\",\"urlTemplate\":\"https:\\\/\\\/cleanster.com\\\/?s={search_term_string}\"},\"query-input\":{\"@type\":\"PropertyValueSpecification\",\"valueRequired\":true,\"valueName\":\"search_term_string\"}}],\"inLanguage\":\"pt-PT\"},{\"@type\":\"Organization\",\"@id\":\"https:\\\/\\\/cleanster.com\\\/#organization\",\"name\":\"Cleanster\",\"alternateName\":\"Cleanster.com\",\"url\":\"https:\\\/\\\/cleanster.com\\\/\",\"logo\":{\"@type\":\"ImageObject\",\"inLanguage\":\"pt-PT\",\"@id\":\"https:\\\/\\\/cleanster.com\\\/#\\\/schema\\\/logo\\\/image\\\/\",\"url\":\"https:\\\/\\\/cleanster.com\\\/wp-content\\\/uploads\\\/2025\\\/06\\\/Cleanster-Logo-1.svg\",\"contentUrl\":\"https:\\\/\\\/cleanster.com\\\/wp-content\\\/uploads\\\/2025\\\/06\\\/Cleanster-Logo-1.svg\",\"width\":1,\"height\":1,\"caption\":\"Cleanster\"},\"image\":{\"@id\":\"https:\\\/\\\/cleanster.com\\\/#\\\/schema\\\/logo\\\/image\\\/\"},\"sameAs\":[\"https:\\\/\\\/www.facebook.com\\\/cleansterhq\",\"https:\\\/\\\/x.com\\\/cleansterhq\",\"https:\\\/\\\/www.linkedin.com\\\/company\\\/cleansterhq\",\"https:\\\/\\\/www.instagram.com\\\/cleansterhq\",\"https:\\\/\\\/vm.tiktok.com\\\/ZM8vHmcuo\\\/\",\"https:\\\/\\\/www.clubhouse.com\\\/club\\\/cleanstercom\"],\"description\":\"Cleanster is an AI-powered cleaning services platform that connects Airbnb hosts, property managers, and commercial clients with vetted, on-demand cleaners. We offer apartment, house, Airbnb, commercial, and janitorial cleaning services. With a network of over 100,000 professionals across the US, Canada, and the UK, Cleanster delivers fast, reliable, and tech-enabled cleaning at scale.\",\"email\":\"support@cleanster.com\",\"telephone\":\"+1 (888) 788-2445\",\"legalName\":\"Cleanster, Inc.\",\"foundingDate\":\"2019-05-06\",\"duns\":\"118328526\",\"naics\":\"541511\",\"numberOfEmployees\":{\"@type\":\"QuantitativeValue\",\"minValue\":\"11\",\"maxValue\":\"50\"}}]}<\/script>\n<!-- \/ Yoast SEO Premium plugin. -->","yoast_head_json":{"title":"Em rela\u00e7\u00e3o ao fator moderno de relat\u00f3rios e an\u00e1lises do Cleanster.com","description":"Oferecemos recursos inteligentes e \u00fateis de relat\u00f3rios e an\u00e1lises para o servi\u00e7o de limpeza de sua casa ou empresa a um pre\u00e7o razo\u00e1vel. Verifique o detalhe","robots":{"index":"index","follow":"follow","max-snippet":"max-snippet:-1","max-image-preview":"max-image-preview:large","max-video-preview":"max-video-preview:-1"},"canonical":"https:\/\/cleanster.com\/pt\/relatorios-e-analises\/","og_locale":"pt_PT","og_type":"article","og_title":"Reporting and Analysis - Cleanster | Cleaning &amp; Maid Services Near You","og_description":"We offer smart and useful reporting and analysis features for your home or business cleaning service at a reasonable price. Check the detail","og_url":"https:\/\/cleanster.com\/pt\/relatorios-e-analises\/","og_site_name":"Cleanster | Cleaning &amp; Maid Services Near You","article_publisher":"https:\/\/www.facebook.com\/cleansterhq","article_modified_time":"2024-01-08T11:41:49+00:00","og_image":[{"width":1170,"height":763,"url":"https:\/\/cleanster.com\/wp-content\/uploads\/2023\/11\/card@3x.png","type":"image\/png"}],"twitter_card":"summary_large_image","twitter_site":"@cleansterhq","twitter_misc":{"Tempo estimado de leitura":"3 minutos"},"schema":{"@context":"https:\/\/schema.org","@graph":[{"@type":"WebPage","@id":"https:\/\/cleanster.com\/reporting-and-analysis\/","url":"https:\/\/cleanster.com\/reporting-and-analysis\/","name":"Em rela\u00e7\u00e3o ao fator moderno de relat\u00f3rios e an\u00e1lises do Cleanster.com","isPartOf":{"@id":"https:\/\/cleanster.com\/#website"},"datePublished":"2021-12-23T02:08:18+00:00","dateModified":"2024-01-08T11:41:49+00:00","description":"Oferecemos recursos inteligentes e \u00fateis de relat\u00f3rios e an\u00e1lises para o servi\u00e7o de limpeza de sua casa ou empresa a um pre\u00e7o razo\u00e1vel. Verifique o detalhe","inLanguage":"pt-PT","potentialAction":[{"@type":"ReadAction","target":["https:\/\/cleanster.com\/reporting-and-analysis\/"]}]},{"@type":"WebSite","@id":"https:\/\/cleanster.com\/#website","url":"https:\/\/cleanster.com\/","name":"Cleanster | Servi\u00e7os de limpeza e limpeza perto de voc\u00ea","description":"Encontre e reserve instantaneamente servi\u00e7os de limpeza confi\u00e1veis para resid\u00eancias, apartamentos, Airbnb e escrit\u00f3rios. A Cleanster oferece servi\u00e7os acess\u00edveis de limpeza dom\u00e9stica, limpeza dom\u00e9stica e limpeza comercial perto de voc\u00ea.","publisher":{"@id":"https:\/\/cleanster.com\/#organization"},"alternateName":"Cleanster | Cleaning, Maid & Housekeeping Services for Everyone","potentialAction":[{"@type":"SearchAction","target":{"@type":"EntryPoint","urlTemplate":"https:\/\/cleanster.com\/?s={search_term_string}"},"query-input":{"@type":"PropertyValueSpecification","valueRequired":true,"valueName":"search_term_string"}}],"inLanguage":"pt-PT"},{"@type":"Organization","@id":"https:\/\/cleanster.com\/#organization","name":"Limpador","alternateName":"Cleanster.com","url":"https:\/\/cleanster.com\/","logo":{"@type":"ImageObject","inLanguage":"pt-PT","@id":"https:\/\/cleanster.com\/#\/schema\/logo\/image\/","url":"https:\/\/cleanster.com\/wp-content\/uploads\/2025\/06\/Cleanster-Logo-1.svg","contentUrl":"https:\/\/cleanster.com\/wp-content\/uploads\/2025\/06\/Cleanster-Logo-1.svg","width":1,"height":1,"caption":"Cleanster"},"image":{"@id":"https:\/\/cleanster.com\/#\/schema\/logo\/image\/"},"sameAs":["https:\/\/www.facebook.com\/cleansterhq","https:\/\/x.com\/cleansterhq","https:\/\/www.linkedin.com\/company\/cleansterhq","https:\/\/www.instagram.com\/cleansterhq","https:\/\/vm.tiktok.com\/ZM8vHmcuo\/","https:\/\/www.clubhouse.com\/club\/cleanstercom"],"description":"A Cleanster \u00e9 uma plataforma de servi\u00e7os de limpeza com tecnologia de IA que conecta anfitri\u00f5es do Airbnb, administradores de im\u00f3veis e clientes comerciais a profissionais de limpeza qualificados e sob demanda. Oferecemos servi\u00e7os de limpeza para apartamentos, casas, Airbnb, empresas e servi\u00e7os de zeladoria. Com uma rede de mais de 100.000 profissionais nos EUA, Canad\u00e1 e Reino Unido, a Cleanster oferece limpeza r\u00e1pida, confi\u00e1vel e com tecnologia em larga escala.","email":"support@cleanster.com","telephone":"+1 (888) 788-2445","legalName":"Cleanster, Inc.","foundingDate":"2019-05-06","duns":"118328526","naics":"541511","numberOfEmployees":{"@type":"QuantitativeValue","minValue":"11","maxValue":"50"}}]}},"_links":{"self":[{"href":"https:\/\/cleanster.com\/pt\/wp-json\/wp\/v2\/pages\/1572","targetHints":{"allow":["GET"]}}],"collection":[{"href":"https:\/\/cleanster.com\/pt\/wp-json\/wp\/v2\/pages"}],"about":[{"href":"https:\/\/cleanster.com\/pt\/wp-json\/wp\/v2\/types\/page"}],"author":[{"embeddable":true,"href":"https:\/\/cleanster.com\/pt\/wp-json\/wp\/v2\/users\/1"}],"replies":[{"embeddable":true,"href":"https:\/\/cleanster.com\/pt\/wp-json\/wp\/v2\/comments?post=1572"}],"version-history":[{"count":0,"href":"https:\/\/cleanster.com\/pt\/wp-json\/wp\/v2\/pages\/1572\/revisions"}],"wp:attachment":[{"href":"https:\/\/cleanster.com\/pt\/wp-json\/wp\/v2\/media?parent=1572"}],"curies":[{"name":"wp","href":"https:\/\/api.w.org\/{rel}","templated":true}]}}