{"id":15976,"date":"2023-10-26T15:42:34","date_gmt":"2023-10-26T15:42:34","guid":{"rendered":"https:\/\/cleanster.com\/?page_id=15976"},"modified":"2024-03-22T08:23:21","modified_gmt":"2024-03-22T08:23:21","slug":"pagina-inicial","status":"publish","type":"page","link":"https:\/\/cleanster.com\/pt\/pagina-inicial\/","title":{"rendered":"Pagina inicial"},"content":{"rendered":"<h1><span style=\"color: #ffffff;\">Cleanster.com \u00e9 o melhor aplicativo de servi\u00e7o de limpeza para encontrar faxineiros do Airbnb e agendar a limpeza automaticamente.<\/span><\/h1>\n<h1><span style=\"color: #ffffff;\">Um mergulho profundo em alugu\u00e9is por temporada e compartilhamento de carros\u201d<\/span><\/h1>\n<h3><span style=\"color: #ffffff;\"><strong>Explorando o mundo dos alugu\u00e9is por temporada do Airbnb e VRBO<\/strong><\/span><\/h3>\n<h1><span style=\"color: #ffffff;\"><strong>\u00a0A nova face das estadias de f\u00e9rias: Airbnb e VRBO<\/strong><\/span><\/h1>\n<p><span style=\"color: #ffffff;\">Bem-vindo ao emocionante mundo das viagens modernas, onde as estadias em hot\u00e9is tradicionais est\u00e3o sendo transformadas pelo aumento dos alugu\u00e9is por temporada por meio de plataformas como Airbnb e VRBO. J\u00e1 se foi o tempo em que os hot\u00e9is eram a \u00fanica op\u00e7\u00e3o para os viajantes. Hoje, os alugu\u00e9is por temporada oferecem uma maneira \u00fanica e personalizada de conhecer novos destinos. De apartamentos aconchegantes na cidade a amplas casas \u00e0 beira-mar, plataformas como Airbnb e VRBO oferecem uma infinidade de op\u00e7\u00f5es para todo tipo de viajante.<\/span><\/p>\n<p><span style=\"color: #ffffff;\">A principal vantagem? Uma casa longe de casa. Essas plataformas oferecem o conforto e a conveni\u00eancia de um espa\u00e7o totalmente mobiliado, completo com cozinhas, quartos privativos e, muitas vezes, toques locais exclusivos que tornam a sua estadia especial.<\/span><\/p>\n<h3><span style=\"color: #ffffff;\"><strong>Navegando na tend\u00eancia crescente de compartilhamento de carros Turo e Air B e B<\/strong><\/span><\/h3>\n<h1><span style=\"color: #ffffff;\"><strong>A ascens\u00e3o do compartilhamento de carros ponto a ponto: Turo e Air B e B<\/strong><\/span><\/h1>\n<p><span style=\"color: #ffffff;\">Mas viajar n\u00e3o envolve apenas onde voc\u00ea fica; \u00e9 tamb\u00e9m sobre como voc\u00ea se locomove. Entre nos servi\u00e7os de compartilhamento de carros Turo e Air B and B. Esta abordagem inovadora ao aluguer de autom\u00f3veis permite-lhe alugar ve\u00edculos diretamente aos seus propriet\u00e1rios. Se voc\u00ea precisa de um carro compacto para dirigir na cidade ou de um SUV para uma viagem em fam\u00edlia, o Turo e o Air B and B oferecem uma gama de op\u00e7\u00f5es.<\/span><\/p>\n<p><span style=\"color: #ffffff;\">O que diferencia esses servi\u00e7os? Flexibilidade e personaliza\u00e7\u00e3o. Voc\u00ea n\u00e3o est\u00e1 apenas alugando um carro; voc\u00ea est\u00e1 adquirindo um ve\u00edculo que parece pessoal, geralmente com recomenda\u00e7\u00f5es e insights do pr\u00f3prio propriet\u00e1rio. Al\u00e9m disso, muitas vezes \u00e9 mais acess\u00edvel do que os servi\u00e7os tradicionais de aluguel de autom\u00f3veis.<\/span><\/p>\n<h3><span style=\"color: #ffffff;\"><strong>Aluguel de temporada Vbro x Airbnb: uma compara\u00e7\u00e3o abrangente<\/strong><\/span><\/h3>\n<h1><span style=\"color: #ffffff;\"><strong>\u00a0Comparando as principais plataformas de aluguel por temporada: o que \u00e9 melhor para sua viagem?<\/strong><\/span><\/h1>\n<p><span style=\"color: #ffffff;\">Com tantas op\u00e7\u00f5es, escolher a plataforma de aluguel por temporada certa pode ser cansativo. Vamos comparar o Vbro (muitas vezes confundido com VRBO) e o Airbnb. Embora ambas as plataformas ofere\u00e7am uma ampla gama de propriedades, existem algumas diferen\u00e7as.<\/span><\/p>\n<p><span style=\"color: #ffffff;\">O Airbnb \u00e9 conhecido por suas diversas ofertas, desde quartos compartilhados at\u00e9 casas luxuosas. A Vbro, por outro lado, concentra-se principalmente no aluguel de propriedades inteiras, o que a torna uma op\u00e7\u00e3o para fam\u00edlias e grupos maiores. As estruturas de pre\u00e7os tamb\u00e9m variam, com o Airbnb oferecendo op\u00e7\u00f5es de pre\u00e7os mais flex\u00edveis e o Vbro frequentemente atendendo a listagens mais premium.<\/span><\/p>\n<p><span style=\"color: #ffffff;\">Como gerente de propriedades experiente e anfitri\u00e3o hospitaleiro do Airbnb, fa\u00e7o login regularmente em minhas contas do Airbnb e VRBO para gerenciar meu diversificado portf\u00f3lio de alugu\u00e9is por temporada, incluindo charmosos alugu\u00e9is por temporada do Airbnb em San Diego, luxuosas propriedades VRBO na Fl\u00f3rida e um retiro exclusivo VRBO no Hava\u00ed, enquanto tamb\u00e9m utilizando o IGMS para uma gest\u00e3o imobili\u00e1ria eficiente; Garanto que cada propriedade, seja uma aconchegante cabana Airbnb em Asheville ou uma casa VRBO Maine \u00e0 beira-mar, seja mantida nos mais altos padr\u00f5es com os melhores produtos de limpeza e servi\u00e7os profissionais de limpeza, verificando frequentemente as avalia\u00e7\u00f5es do Airbnb e VRBO para obter feedback dos h\u00f3spedes e at\u00e9 mesmo considerando adicionais ofertas como c\u00e2meras de seguran\u00e7a externas para maior seguran\u00e7a, ao mesmo tempo em que fico de olho em eventos como o C2E2 Chicago ou o Miramar Air Show para ajustar minhas estrat\u00e9gias de aluguel e, \u00e0s vezes, navegando no Turo para op\u00e7\u00f5es exclusivas de aluguel de carros para meus h\u00f3spedes, garantindo cada estadia, em um Airbnb ficar na movimentada Chicago em um VRBO sereno na Costa Rica \u00e9 memor\u00e1vel e confort\u00e1vel.<\/span><\/p>\n<p><span style=\"color: #ffffff;\">Na minha fun\u00e7\u00e3o como anfitri\u00e3o dedicado do Airbnb e gerente de propriedade VRBO, frequentemente me envolvo em uma variedade de tarefas, desde garantir servi\u00e7os de limpeza impec\u00e1veis perto de mim para meus alugu\u00e9is do Airbnb em locais vibrantes como Airbnb Miami, Airbnb Las Vegas e Airbnb Chicago, at\u00e9 gerenciar o processo de login do Airbnb e o tratamento de d\u00favidas sobre alugu\u00e9is mensais do Airbnb; Eu seleciono meticulosamente os melhores materiais de limpeza para cada login do VRBO, incluindo minhas propriedades no VRBO Costa Rica e VRBO Michigan, e sempre fico atualizado com as dicas de limpeza mais recentes e os melhores aspiradores de p\u00f3 para manter os mais altos padr\u00f5es de limpeza, seja para um VRBO Maine listagem ou um apartamento do Airbnb em San Diego, ao mesmo tempo que usa o login do propriet\u00e1rio VRBO e o login do propriet\u00e1rio do Airbnb para rastrear reservas, especialmente durante eventos de alta demanda, como o festival Epcot Food and Wine, o desfile Gasparilla ou C2E2 em Chicago, e manter a comunica\u00e7\u00e3o com a casa faxineiros perto de mim para garantir que cada propriedade, incluindo aquelas no Airbnb Key West ou VRBO Asheville NC, esteja nas melhores condi\u00e7\u00f5es, oferecendo aos h\u00f3spedes uma experi\u00eancia incompar\u00e1vel, quer estejam hospedados em um aluguel do Airbnb em Austin ou explorando op\u00e7\u00f5es como o Airbnb Londres Inglaterra, ao mesmo tempo equilibrar minhas responsabilidades como gerente de propriedades do Airbnb e utilizar plataformas como Lodgify e Mashvisor para agilizar as opera\u00e7\u00f5es e otimizar meus an\u00fancios do Airbnb e VRBO para um melhor desempenho.<\/span><\/p>\n<p>&nbsp;<\/p>\n<p>&nbsp;<\/p>\n<h3><span style=\"color: #ffffff;\"><strong>Aprimorando sua jornada: as vantagens do Turo e da Air B e B<\/strong><\/span><\/h3>\n<h1><span style=\"color: #ffffff;\"><strong>Maximizando sua experi\u00eancia de viagem com compartilhamento de carro<\/strong><\/span><\/h1>\n<p><span style=\"color: #ffffff;\">O compartilhamento de carros n\u00e3o \u00e9 apenas uma quest\u00e3o de conveni\u00eancia; trata-se de melhorar sua experi\u00eancia de viagem. Servi\u00e7os como Turo e Air B and B permitem que voc\u00ea escolha um carro que atenda \u00e0s suas necessidades e estilo espec\u00edficos. Dirigir um carro que voc\u00ea adora pode tornar sua viagem mais agrad\u00e1vel. Al\u00e9m disso, essas plataformas geralmente oferecem carros que n\u00e3o est\u00e3o dispon\u00edveis nas locadoras tradicionais, desde cl\u00e1ssicos vintage at\u00e9 os modelos el\u00e9tricos mais recentes.<\/span><\/p>\n<p><span style=\"color: #ffffff;\">Em minha extensa jornada como gerente de propriedades do Airbnb e VRBO, ampliei meu portf\u00f3lio para incluir diversas ofertas, como propriedades do Airbnb no Reino Unido, apartamentos VRBO em Londres e estadias exclusivas no Airbnb Asheville NC, ao mesmo tempo em que gerencio coberturas do VRBO em Nova York e do Airbnb na praia da Fl\u00f3rida. casas, garantindo que cada uma esteja equipada com as melhores fechaduras inteligentes e com utens\u00edlios essenciais de cozinha; minhas responsabilidades se estendem \u00e0 supervis\u00e3o dos servi\u00e7os de limpeza do Airbnb em v\u00e1rios locais, do Airbnb Colorado Springs ao Airbnb Tampa, garantindo que cada propriedade, seja um condom\u00ednio do Airbnb no centro de Austin TX ou uma cabana remota na montanha VRBO Utah, receba servi\u00e7os de limpeza de casa de alto n\u00edvel perto de mim, e permane\u00e7o conectado com a comunidade do Airbnb por meio de f\u00f3runs e eventos do Airbnb, como a Maratona de Nashville, atualizando constantemente minhas informa\u00e7\u00f5es de login do Airbnb por quest\u00f5es de seguran\u00e7a e ficando de olho nos sites concorrentes do Airbnb; Tamb\u00e9m exploro oportunidades de expans\u00e3o, como considerar alugu\u00e9is mensais do Airbnb no Airbnb San Diego CA ou Airbnb Santa B\u00e1rbara, sempre garantindo que cada propriedade Airbnb e VRBO, seja uma casa Airbnb Boston ou uma villa VRBO Costa Rica, esteja \u00e0 altura do o que h\u00e1 de mais moderno em padr\u00f5es de aluguel por temporada, utilizando o login do anfitri\u00e3o do Airbnb para verificar avalia\u00e7\u00f5es e responder prontamente \u00e0s d\u00favidas dos h\u00f3spedes, ao mesmo tempo em que navega pelas complexidades do gerenciamento de propriedades com ferramentas como OwnerRez e IGMS e se mant\u00e9m informado sobre eventos locais, como o Colorado Springs Events ou o Epcot Food e Festival do Vinho para ajustar minhas estrat\u00e9gias de aluguel de acordo. Em minha fun\u00e7\u00e3o multifacetada como anfitri\u00e3o do Airbnb e VRBO, atualizo constantemente minhas propriedades, incluindo uma ecl\u00e9tica casa de campo Airbnb em Charleston SC e uma espa\u00e7osa casa VRBO Destin \u00e0 beira-mar, garantindo que estejam equipadas com c\u00e2meras de seguran\u00e7a externas e limpas pelos melhores servi\u00e7os de limpeza perto de mim , ao mesmo tempo que se mant\u00e9m atualizado sobre as avalia\u00e7\u00f5es do Airbnb e do VRBO para manter a alta satisfa\u00e7\u00e3o dos h\u00f3spedes; Mantenho-me informado sobre eventos como a Maratona de Nashville e o Epcot Food and Wine Festival, que influenciam a procura de aluguer dos meus an\u00fancios Airbnb Atlanta e VRBO Wisconsin, e entro regularmente no meu login de propriet\u00e1rio Airbnb e login de propriet\u00e1rio VRBO para gerir reservas e rever dicas de limpeza, garantir que propriedades como meu Airbnb Savannah e VRBO Asheville NC estejam \u00e0 altura, completas com os melhores produtos e servi\u00e7os de limpeza de faxineiros perto de mim; minhas fun\u00e7\u00f5es tamb\u00e9m envolvem o envolvimento com plataformas como Lodgify para gerenciamento eficiente, explorando oportunidades de aluguel mensal do Airbnb em locais vibrantes como Airbnb San Diego CA e Airbnb Santa Barbara, e considerando a instala\u00e7\u00e3o dos melhores bloqueios inteligentes para minhas propriedades Airbnb Austin e VRBO Maine, todas ao mesmo tempo que garante que cada estadia, seja em um condom\u00ednio \u00e0 beira-mar do Airbnb em Miami ou em uma aconchegante cabana VRBO em Utah, proporcione uma experi\u00eancia memor\u00e1vel e segura para todos os h\u00f3spedes.<\/span><\/p>\n<p>&nbsp;<\/p>\n<h3><span style=\"color: #ffffff;\"><strong>O cen\u00e1rio em evolu\u00e7\u00e3o das viagens: plataformas de aluguel e compartilhamento<\/strong><\/span><\/h3>\n<h1><span style=\"color: #ffffff;\"><strong>Conclus\u00e3o: Abra\u00e7ando o Futuro das Viagens<\/strong><\/span><\/h1>\n<p><span style=\"color: #ffffff;\">Ao olharmos para o futuro, fica claro que o cen\u00e1rio das viagens est\u00e1 evoluindo rapidamente. Plataformas de aluguel por temporada e compartilhamento de carros como Airbnb, VRBO, Turo e Air B and B est\u00e3o na vanguarda dessa mudan\u00e7a. Eles oferecem aos viajantes flexibilidade, variedade e personaliza\u00e7\u00e3o sem precedentes.<\/span><\/p>\n<p><span style=\"color: #ffffff;\">A ind\u00fastria de viagens n\u00e3o se trata mais apenas de ir do ponto A ao B ou de encontrar um lugar para dormir. Trata-se de criar uma experi\u00eancia t\u00e3o \u00fanica quanto cada viajante. Com estas plataformas, as possibilidades s\u00e3o infinitas e o futuro das viagens parece mais brilhante e emocionante do que nunca.<\/span><\/p>\n<p>&nbsp;<\/p>\n<p>&nbsp;<\/p>","protected":false},"excerpt":{"rendered":"<p>Cleanster.com is the best cleaning service application for finding airbnb cleaners and schedule cleaning automatically. A Deep Dive into Vacation Rentals and Car Sharing&#8221; Exploring the World of Airbnb Vacation Rentals and VRBO \u00a0The Changing Face of Vacation Stays: Airbnb and VRBO Welcome to the exciting world of modern travel, where the traditional hotel stays [&hellip;]<\/p>\n","protected":false},"author":1,"featured_media":0,"parent":0,"menu_order":0,"comment_status":"closed","ping_status":"closed","template":"templates\/index.php","meta":{"_acf_changed":false,"footnotes":""},"class_list":["post-15976","page","type-page","status-publish","hentry","entry"],"acf":[],"yoast_head":"<!-- This site is optimized with the Yoast SEO Premium plugin v26.5 (Yoast SEO v27.3) - https:\/\/yoast.com\/product\/yoast-seo-premium-wordpress\/ -->\n<title>Apartment Building &amp; Vacation Rental Cleaning Services | Cleanster.com<\/title>\n<meta name=\"description\" content=\"Elevate your Airbnb and vacation rentals with Cleanster&#039;s premier cleaning services. Offering local maid and house cleaning solutions near you. Our dedicated team ensures your rental shines, enhancing guest experience. Book your reliable, top-rated cleaning service today.\" \/>\n<meta name=\"robots\" content=\"index, follow, max-snippet:-1, max-image-preview:large, max-video-preview:-1\" \/>\n<link rel=\"canonical\" href=\"https:\/\/cleanster.com\/pt\/pagina-inicial\/\" \/>\n<meta property=\"og:locale\" content=\"pt_PT\" \/>\n<meta property=\"og:type\" content=\"article\" \/>\n<meta property=\"og:title\" content=\"Cleanster | Cleaning &amp; Maid Services Near You\" \/>\n<meta property=\"og:description\" content=\"Elevate your Airbnb and vacation rentals with Cleanster&#039;s premier cleaning services. Offering local maid and house cleaning solutions near you. Our dedicated team ensures your rental shines, enhancing guest experience. Book your reliable, top-rated cleaning service today.\" \/>\n<meta property=\"og:url\" content=\"https:\/\/cleanster.com\/pt\/pagina-inicial\/\" \/>\n<meta property=\"og:site_name\" content=\"Cleanster | Cleaning &amp; Maid Services Near You\" \/>\n<meta property=\"article:publisher\" content=\"https:\/\/www.facebook.com\/cleansterhq\" \/>\n<meta property=\"article:modified_time\" content=\"2024-03-22T08:23:21+00:00\" \/>\n<meta property=\"og:image\" content=\"https:\/\/cleanster.com\/wp-content\/uploads\/2023\/11\/card.png\" \/>\n\t<meta property=\"og:image:width\" content=\"390\" \/>\n\t<meta property=\"og:image:height\" content=\"255\" \/>\n\t<meta property=\"og:image:type\" content=\"image\/png\" \/>\n<meta name=\"twitter:card\" content=\"summary_large_image\" \/>\n<meta name=\"twitter:title\" content=\"Cleanster | Cleaning &amp; Maid Services Near You\" \/>\n<meta name=\"twitter:site\" content=\"@cleansterhq\" \/>\n<meta name=\"twitter:label1\" content=\"Tempo estimado de leitura\" \/>\n\t<meta name=\"twitter:data1\" content=\"7 minutos\" \/>\n<script type=\"application\/ld+json\" class=\"yoast-schema-graph\">{\"@context\":\"https:\\\/\\\/schema.org\",\"@graph\":[{\"@type\":\"WebPage\",\"@id\":\"https:\\\/\\\/cleanster.com\\\/homepage\\\/\",\"url\":\"https:\\\/\\\/cleanster.com\\\/homepage\\\/\",\"name\":\"Apartment Building & Vacation Rental Cleaning Services | Cleanster.com\",\"isPartOf\":{\"@id\":\"https:\\\/\\\/cleanster.com\\\/#website\"},\"datePublished\":\"2023-10-26T15:42:34+00:00\",\"dateModified\":\"2024-03-22T08:23:21+00:00\",\"description\":\"Elevate your Airbnb and vacation rentals with Cleanster's premier cleaning services. Offering local maid and house cleaning solutions near you. Our dedicated team ensures your rental shines, enhancing guest experience. Book your reliable, top-rated cleaning service today.\",\"inLanguage\":\"pt-PT\",\"potentialAction\":[{\"@type\":\"ReadAction\",\"target\":[\"https:\\\/\\\/cleanster.com\\\/homepage\\\/\"]}]},{\"@type\":\"WebSite\",\"@id\":\"https:\\\/\\\/cleanster.com\\\/#website\",\"url\":\"https:\\\/\\\/cleanster.com\\\/\",\"name\":\"Cleanster | Cleaning & Maid Services Near You\",\"description\":\"Instantly find &amp; book trusted cleaners for homes, apartment, Airbnb, and offices. Cleanster offers affordable maid, housekeeping, and commercial cleaning services near you.\",\"publisher\":{\"@id\":\"https:\\\/\\\/cleanster.com\\\/#organization\"},\"alternateName\":\"Cleanster | Cleaning, Maid & Housekeeping Services for Everyone\",\"potentialAction\":[{\"@type\":\"SearchAction\",\"target\":{\"@type\":\"EntryPoint\",\"urlTemplate\":\"https:\\\/\\\/cleanster.com\\\/?s={search_term_string}\"},\"query-input\":{\"@type\":\"PropertyValueSpecification\",\"valueRequired\":true,\"valueName\":\"search_term_string\"}}],\"inLanguage\":\"pt-PT\"},{\"@type\":\"Organization\",\"@id\":\"https:\\\/\\\/cleanster.com\\\/#organization\",\"name\":\"Cleanster\",\"alternateName\":\"Cleanster.com\",\"url\":\"https:\\\/\\\/cleanster.com\\\/\",\"logo\":{\"@type\":\"ImageObject\",\"inLanguage\":\"pt-PT\",\"@id\":\"https:\\\/\\\/cleanster.com\\\/#\\\/schema\\\/logo\\\/image\\\/\",\"url\":\"https:\\\/\\\/cleanster.com\\\/wp-content\\\/uploads\\\/2025\\\/06\\\/Cleanster-Logo-1.svg\",\"contentUrl\":\"https:\\\/\\\/cleanster.com\\\/wp-content\\\/uploads\\\/2025\\\/06\\\/Cleanster-Logo-1.svg\",\"width\":1,\"height\":1,\"caption\":\"Cleanster\"},\"image\":{\"@id\":\"https:\\\/\\\/cleanster.com\\\/#\\\/schema\\\/logo\\\/image\\\/\"},\"sameAs\":[\"https:\\\/\\\/www.facebook.com\\\/cleansterhq\",\"https:\\\/\\\/x.com\\\/cleansterhq\",\"https:\\\/\\\/www.linkedin.com\\\/company\\\/cleansterhq\",\"https:\\\/\\\/www.instagram.com\\\/cleansterhq\",\"https:\\\/\\\/vm.tiktok.com\\\/ZM8vHmcuo\\\/\",\"https:\\\/\\\/www.clubhouse.com\\\/club\\\/cleanstercom\"],\"description\":\"Cleanster is an AI-powered cleaning services platform that connects Airbnb hosts, property managers, and commercial clients with vetted, on-demand cleaners. We offer apartment, house, Airbnb, commercial, and janitorial cleaning services. With a network of over 100,000 professionals across the US, Canada, and the UK, Cleanster delivers fast, reliable, and tech-enabled cleaning at scale.\",\"email\":\"support@cleanster.com\",\"telephone\":\"+1 (888) 788-2445\",\"legalName\":\"Cleanster, Inc.\",\"foundingDate\":\"2019-05-06\",\"duns\":\"118328526\",\"naics\":\"541511\",\"numberOfEmployees\":{\"@type\":\"QuantitativeValue\",\"minValue\":\"11\",\"maxValue\":\"50\"}}]}<\/script>\n<!-- \/ Yoast SEO Premium plugin. -->","yoast_head_json":{"title":"Servi\u00e7os de limpeza de pr\u00e9dios de apartamentos e alugu\u00e9is de temporada | Cleanster. com","description":"Eleve seu Airbnb e alugu\u00e9is por temporada com os principais servi\u00e7os de limpeza da Cleanster. Oferecendo solu\u00e7\u00f5es locais de limpeza e limpeza dom\u00e9stica perto de voc\u00ea. Nossa equipe dedicada garante que seu aluguel brilhe, melhorando a experi\u00eancia do h\u00f3spede. Reserve hoje mesmo seu servi\u00e7o de limpeza confi\u00e1vel e de alta qualidade.","robots":{"index":"index","follow":"follow","max-snippet":"max-snippet:-1","max-image-preview":"max-image-preview:large","max-video-preview":"max-video-preview:-1"},"canonical":"https:\/\/cleanster.com\/pt\/pagina-inicial\/","og_locale":"pt_PT","og_type":"article","og_title":"Cleanster | Cleaning &amp; Maid Services Near You","og_description":"Elevate your Airbnb and vacation rentals with Cleanster's premier cleaning services. Offering local maid and house cleaning solutions near you. Our dedicated team ensures your rental shines, enhancing guest experience. Book your reliable, top-rated cleaning service today.","og_url":"https:\/\/cleanster.com\/pt\/pagina-inicial\/","og_site_name":"Cleanster | Cleaning &amp; Maid Services Near You","article_publisher":"https:\/\/www.facebook.com\/cleansterhq","article_modified_time":"2024-03-22T08:23:21+00:00","og_image":[{"width":390,"height":255,"url":"https:\/\/cleanster.com\/wp-content\/uploads\/2023\/11\/card.png","type":"image\/png"}],"twitter_card":"summary_large_image","twitter_title":"Cleanster | Cleaning &amp; Maid Services Near You","twitter_site":"@cleansterhq","twitter_misc":{"Tempo estimado de leitura":"7 minutos"},"schema":{"@context":"https:\/\/schema.org","@graph":[{"@type":"WebPage","@id":"https:\/\/cleanster.com\/homepage\/","url":"https:\/\/cleanster.com\/homepage\/","name":"Servi\u00e7os de limpeza de pr\u00e9dios de apartamentos e alugu\u00e9is de temporada | Cleanster. com","isPartOf":{"@id":"https:\/\/cleanster.com\/#website"},"datePublished":"2023-10-26T15:42:34+00:00","dateModified":"2024-03-22T08:23:21+00:00","description":"Eleve seu Airbnb e alugu\u00e9is por temporada com os principais servi\u00e7os de limpeza da Cleanster. Oferecendo solu\u00e7\u00f5es locais de limpeza e limpeza dom\u00e9stica perto de voc\u00ea. Nossa equipe dedicada garante que seu aluguel brilhe, melhorando a experi\u00eancia do h\u00f3spede. Reserve hoje mesmo seu servi\u00e7o de limpeza confi\u00e1vel e de alta qualidade.","inLanguage":"pt-PT","potentialAction":[{"@type":"ReadAction","target":["https:\/\/cleanster.com\/homepage\/"]}]},{"@type":"WebSite","@id":"https:\/\/cleanster.com\/#website","url":"https:\/\/cleanster.com\/","name":"Cleanster | Servi\u00e7os de limpeza e limpeza perto de voc\u00ea","description":"Encontre e reserve instantaneamente servi\u00e7os de limpeza confi\u00e1veis para resid\u00eancias, apartamentos, Airbnb e escrit\u00f3rios. A Cleanster oferece servi\u00e7os acess\u00edveis de limpeza dom\u00e9stica, limpeza dom\u00e9stica e limpeza comercial perto de voc\u00ea.","publisher":{"@id":"https:\/\/cleanster.com\/#organization"},"alternateName":"Cleanster | Cleaning, Maid & Housekeeping Services for Everyone","potentialAction":[{"@type":"SearchAction","target":{"@type":"EntryPoint","urlTemplate":"https:\/\/cleanster.com\/?s={search_term_string}"},"query-input":{"@type":"PropertyValueSpecification","valueRequired":true,"valueName":"search_term_string"}}],"inLanguage":"pt-PT"},{"@type":"Organization","@id":"https:\/\/cleanster.com\/#organization","name":"Limpador","alternateName":"Cleanster.com","url":"https:\/\/cleanster.com\/","logo":{"@type":"ImageObject","inLanguage":"pt-PT","@id":"https:\/\/cleanster.com\/#\/schema\/logo\/image\/","url":"https:\/\/cleanster.com\/wp-content\/uploads\/2025\/06\/Cleanster-Logo-1.svg","contentUrl":"https:\/\/cleanster.com\/wp-content\/uploads\/2025\/06\/Cleanster-Logo-1.svg","width":1,"height":1,"caption":"Cleanster"},"image":{"@id":"https:\/\/cleanster.com\/#\/schema\/logo\/image\/"},"sameAs":["https:\/\/www.facebook.com\/cleansterhq","https:\/\/x.com\/cleansterhq","https:\/\/www.linkedin.com\/company\/cleansterhq","https:\/\/www.instagram.com\/cleansterhq","https:\/\/vm.tiktok.com\/ZM8vHmcuo\/","https:\/\/www.clubhouse.com\/club\/cleanstercom"],"description":"A Cleanster \u00e9 uma plataforma de servi\u00e7os de limpeza com tecnologia de IA que conecta anfitri\u00f5es do Airbnb, administradores de im\u00f3veis e clientes comerciais a profissionais de limpeza qualificados e sob demanda. Oferecemos servi\u00e7os de limpeza para apartamentos, casas, Airbnb, empresas e servi\u00e7os de zeladoria. Com uma rede de mais de 100.000 profissionais nos EUA, Canad\u00e1 e Reino Unido, a Cleanster oferece limpeza r\u00e1pida, confi\u00e1vel e com tecnologia em larga escala.","email":"support@cleanster.com","telephone":"+1 (888) 788-2445","legalName":"Cleanster, Inc.","foundingDate":"2019-05-06","duns":"118328526","naics":"541511","numberOfEmployees":{"@type":"QuantitativeValue","minValue":"11","maxValue":"50"}}]}},"_links":{"self":[{"href":"https:\/\/cleanster.com\/pt\/wp-json\/wp\/v2\/pages\/15976","targetHints":{"allow":["GET"]}}],"collection":[{"href":"https:\/\/cleanster.com\/pt\/wp-json\/wp\/v2\/pages"}],"about":[{"href":"https:\/\/cleanster.com\/pt\/wp-json\/wp\/v2\/types\/page"}],"author":[{"embeddable":true,"href":"https:\/\/cleanster.com\/pt\/wp-json\/wp\/v2\/users\/1"}],"replies":[{"embeddable":true,"href":"https:\/\/cleanster.com\/pt\/wp-json\/wp\/v2\/comments?post=15976"}],"version-history":[{"count":0,"href":"https:\/\/cleanster.com\/pt\/wp-json\/wp\/v2\/pages\/15976\/revisions"}],"wp:attachment":[{"href":"https:\/\/cleanster.com\/pt\/wp-json\/wp\/v2\/media?parent=15976"}],"curies":[{"name":"wp","href":"https:\/\/api.w.org\/{rel}","templated":true}]}}