{"id":16032,"date":"2021-12-15T16:07:46","date_gmt":"2021-12-15T16:07:46","guid":{"rendered":"https:\/\/cleanster.com\/?page_id=902"},"modified":"2025-10-10T00:34:57","modified_gmt":"2025-10-10T00:34:57","slug":"caracteristicas","status":"publish","type":"page","link":"https:\/\/cleanster.com\/pt\/caracteristicas\/","title":{"rendered":"Limpeza Padr\u00e3o"},"content":{"rendered":"<h2><span style=\"font-weight: 400; color: #ffffff;\">Limpe com o Cleanster<span style=\"font-weight: 400;\">.com<\/span><\/span><\/h2>\n<p><span style=\"font-weight: 400; color: #ffffff;\"><a style=\"color: #ffffff;\" href=\"https:\/\/play.google.com\/store\/apps\/details?id=com.tidyapp&amp;hl=en_US&amp;gl=US\">Limpador<span style=\"font-weight: 400;\">.com<\/span><\/a> fornece servi\u00e7os de limpeza profissional para propriet\u00e1rios que n\u00e3o t\u00eam tempo para essas coisas. Limpe com o Cleanster<span style=\"font-weight: 400;\">.com<\/span>, e limpe toda a sua casa, escrit\u00f3rio, Airbnb, etc. Limpadores profissionais da Cleanster<span style=\"font-weight: 400;\">.com<\/span> oferecemos servi\u00e7os de limpeza de banheiros, cozinhas, quartos e outras \u00e1reas de estar. Os servi\u00e7os de limpeza de banheiros podem incluir enxaguar e limpar seu chuveiro e banheira. Voc\u00ea tamb\u00e9m pode limpar o exterior do vaso sanit\u00e1rio, espelhos e arm\u00e1rios. Tiramos o p\u00f3 das sa\u00eddas de ar acess\u00edveis, esfregamos e aspiramos o ch\u00e3o. Dobramos as toalhas e muito mais. Sua lata de lixo tamb\u00e9m ser\u00e1 esvaziada.<\/span><\/p>\n<p><span style=\"font-weight: 400; color: #ffffff;\">Na se\u00e7\u00e3o de cozinha, est\u00e1 dispon\u00edvel a limpeza e limpeza dos seus utens\u00edlios de cozinha. Limparemos o interior e o exterior do seu micro-ondas, entre outros eletr\u00f4nicos de cozinha. Tiramos o p\u00f3 das sa\u00eddas de ar acess\u00edveis e esvaziamos o lixo. Seus m\u00f3veis e superf\u00edcies vis\u00edveis ser\u00e3o limpos e espanados. Tiraremos o p\u00f3 dos rodap\u00e9s da sua cozinha. Limparemos o exterior dos arm\u00e1rios, bancadas e backsplash da sua cozinha.\u00a0<\/span><\/p>\n<p><span style=\"font-weight: 400; color: #ffffff;\">No seu quarto, os profissionais far\u00e3o suas camas. Eles dobrar\u00e3o suas roupas. Os pisos do seu quarto ser\u00e3o esfregados e aspirados. Eles tirar\u00e3o o p\u00f3 e limpar\u00e3o seus m\u00f3veis e superf\u00edcies vis\u00edveis. N\u00f3s tiraremos o p\u00f3 dos seus rodap\u00e9s. Eles at\u00e9 tirar\u00e3o o p\u00f3 das sa\u00eddas de ar acess\u00edveis e esvaziar\u00e3o seu lixo.\u00a0<\/span><\/p>\n<p><span style=\"font-weight: 400; color: #ffffff;\">Mas voc\u00ea n\u00e3o pode deix\u00e1-los levantar coisas pesadas como coisas com mais de 25 libras. E voc\u00ea tamb\u00e9m n\u00e3o pode ter seu trabalho externo feito por eles. Por exemplo, voc\u00ea est\u00e1 fora do trabalho de janela ou paisagismo ou trabalho de quintal, etc. Remo\u00e7\u00e3o de manchas profundas ou garagens n\u00e3o est\u00e3o inclu\u00eddas, al\u00e9m da varredura b\u00e1sica.\u00a0<\/span><\/p>\n<p><span style=\"font-weight: 400; color: #ffffff;\">N\u00e3o se preocupem pessoal, al\u00e9m dos servi\u00e7os acima mencionados, o <a style=\"color: #ffffff;\" href=\"https:\/\/cleanster.com\/how-to-download-tidy-app\/\">Limpador<span style=\"font-weight: 400;\">.com<\/span><\/a> profissionais at\u00e9 mesmo ajudar\u00e3o voc\u00ea com suas coisas entrando ou saindo. Voc\u00ea at\u00e9 mesmo receber\u00e1 ajuda para lavar ou secar suas roupas. Voc\u00ea tamb\u00e9m pode mandar limpar sua geladeira. <\/span><\/p>","protected":false},"excerpt":{"rendered":"<p>Clean with the Cleanster.com Cleanster.com provides professional cleaning services for owners who don\u2019t have time for these things. Clean with the Cleanster.com, and clean your entire home, office, Airbnb, etc. Professional cleaners from Cleanster.com provide bathroom, kitchen, bedroom, and other living area cleaning services. Bathroom cleaning services can include rinsing and wiping your shower and [&hellip;]<\/p>\n","protected":false},"author":2,"featured_media":0,"parent":0,"menu_order":0,"comment_status":"closed","ping_status":"closed","template":"templates\/features.php","meta":{"_acf_changed":false,"footnotes":""},"class_list":["post-16032","page","type-page","status-publish","hentry","entry"],"acf":[],"yoast_head":"<!-- This site is optimized with the Yoast SEO Premium plugin v26.5 (Yoast SEO v27.3) - https:\/\/yoast.com\/product\/yoast-seo-premium-wordpress\/ -->\n<title>Standard Cleaning - Home Clean-ing on Demand Cleanster | Cleaning &amp; Maid Services Near You<\/title>\n<meta name=\"description\" content=\"Best Maid Services - Clean-ing from $15\/hour. Find Recommended House Cleaning Services in near you. Download Cleanster.com today.\" \/>\n<meta name=\"robots\" content=\"index, follow, max-snippet:-1, max-image-preview:large, max-video-preview:-1\" \/>\n<link rel=\"canonical\" href=\"https:\/\/cleanster.com\/pt\/caracteristicas\/\" \/>\n<meta property=\"og:locale\" content=\"pt_PT\" \/>\n<meta property=\"og:type\" content=\"article\" \/>\n<meta property=\"og:title\" content=\"Standard Cleaning - Cleanster | Cleaning &amp; Maid Services Near You\" \/>\n<meta property=\"og:description\" content=\"Best Maid Services - Clean-ing from $15\/hour. Find Recommended House Cleaning Services in near you. Download Cleanster.com today.\" \/>\n<meta property=\"og:url\" content=\"https:\/\/cleanster.com\/pt\/caracteristicas\/\" \/>\n<meta property=\"og:site_name\" content=\"Cleanster | Cleaning &amp; Maid Services Near You\" \/>\n<meta property=\"article:publisher\" content=\"https:\/\/www.facebook.com\/cleansterhq\" \/>\n<meta property=\"article:modified_time\" content=\"2025-10-10T00:34:57+00:00\" \/>\n<meta property=\"og:image\" content=\"https:\/\/cleanster.com\/wp-content\/uploads\/2023\/11\/card@3x.png\" \/>\n\t<meta property=\"og:image:width\" content=\"1170\" \/>\n\t<meta property=\"og:image:height\" content=\"763\" \/>\n\t<meta property=\"og:image:type\" content=\"image\/png\" \/>\n<meta name=\"twitter:card\" content=\"summary_large_image\" \/>\n<meta name=\"twitter:site\" content=\"@cleansterhq\" \/>\n<meta name=\"twitter:label1\" content=\"Tempo estimado de leitura\" \/>\n\t<meta name=\"twitter:data1\" content=\"2 minutos\" \/>\n<script type=\"application\/ld+json\" class=\"yoast-schema-graph\">{\"@context\":\"https:\\\/\\\/schema.org\",\"@graph\":[{\"@type\":\"WebPage\",\"@id\":\"https:\\\/\\\/cleanster.com\\\/features\\\/\",\"url\":\"https:\\\/\\\/cleanster.com\\\/features\\\/\",\"name\":\"Standard Cleaning - Home Clean-ing on Demand Cleanster | Cleaning &amp; Maid Services Near You\",\"isPartOf\":{\"@id\":\"https:\\\/\\\/cleanster.com\\\/#website\"},\"datePublished\":\"2021-12-15T16:07:46+00:00\",\"dateModified\":\"2025-10-10T00:34:57+00:00\",\"description\":\"Best Maid Services - Clean-ing from $15\\\/hour. Find Recommended House Cleaning Services in near you. Download Cleanster.com today.\",\"inLanguage\":\"pt-PT\",\"potentialAction\":[{\"@type\":\"ReadAction\",\"target\":[\"https:\\\/\\\/cleanster.com\\\/features\\\/\"]}]},{\"@type\":\"WebSite\",\"@id\":\"https:\\\/\\\/cleanster.com\\\/#website\",\"url\":\"https:\\\/\\\/cleanster.com\\\/\",\"name\":\"Cleanster | Cleaning & Maid Services Near You\",\"description\":\"Instantly find &amp; book trusted cleaners for homes, apartment, Airbnb, and offices. Cleanster offers affordable maid, housekeeping, and commercial cleaning services near you.\",\"publisher\":{\"@id\":\"https:\\\/\\\/cleanster.com\\\/#organization\"},\"alternateName\":\"Cleanster | Cleaning, Maid & Housekeeping Services for Everyone\",\"potentialAction\":[{\"@type\":\"SearchAction\",\"target\":{\"@type\":\"EntryPoint\",\"urlTemplate\":\"https:\\\/\\\/cleanster.com\\\/?s={search_term_string}\"},\"query-input\":{\"@type\":\"PropertyValueSpecification\",\"valueRequired\":true,\"valueName\":\"search_term_string\"}}],\"inLanguage\":\"pt-PT\"},{\"@type\":\"Organization\",\"@id\":\"https:\\\/\\\/cleanster.com\\\/#organization\",\"name\":\"Cleanster\",\"alternateName\":\"Cleanster.com\",\"url\":\"https:\\\/\\\/cleanster.com\\\/\",\"logo\":{\"@type\":\"ImageObject\",\"inLanguage\":\"pt-PT\",\"@id\":\"https:\\\/\\\/cleanster.com\\\/#\\\/schema\\\/logo\\\/image\\\/\",\"url\":\"https:\\\/\\\/cleanster.com\\\/wp-content\\\/uploads\\\/2025\\\/06\\\/Cleanster-Logo-1.svg\",\"contentUrl\":\"https:\\\/\\\/cleanster.com\\\/wp-content\\\/uploads\\\/2025\\\/06\\\/Cleanster-Logo-1.svg\",\"width\":1,\"height\":1,\"caption\":\"Cleanster\"},\"image\":{\"@id\":\"https:\\\/\\\/cleanster.com\\\/#\\\/schema\\\/logo\\\/image\\\/\"},\"sameAs\":[\"https:\\\/\\\/www.facebook.com\\\/cleansterhq\",\"https:\\\/\\\/x.com\\\/cleansterhq\",\"https:\\\/\\\/www.linkedin.com\\\/company\\\/cleansterhq\",\"https:\\\/\\\/www.instagram.com\\\/cleansterhq\",\"https:\\\/\\\/vm.tiktok.com\\\/ZM8vHmcuo\\\/\",\"https:\\\/\\\/www.clubhouse.com\\\/club\\\/cleanstercom\"],\"description\":\"Cleanster is an AI-powered cleaning services platform that connects Airbnb hosts, property managers, and commercial clients with vetted, on-demand cleaners. We offer apartment, house, Airbnb, commercial, and janitorial cleaning services. With a network of over 100,000 professionals across the US, Canada, and the UK, Cleanster delivers fast, reliable, and tech-enabled cleaning at scale.\",\"email\":\"support@cleanster.com\",\"telephone\":\"+1 (888) 788-2445\",\"legalName\":\"Cleanster, Inc.\",\"foundingDate\":\"2019-05-06\",\"duns\":\"118328526\",\"naics\":\"541511\",\"numberOfEmployees\":{\"@type\":\"QuantitativeValue\",\"minValue\":\"11\",\"maxValue\":\"50\"}}]}<\/script>\n<!-- \/ Yoast SEO Premium plugin. -->","yoast_head_json":{"title":"Limpeza Padr\u00e3o - Limpeza Residencial sob Demanda | Servi\u00e7os de Limpeza e Empregada Dom\u00e9stica Perto de Voc\u00ea","description":"Melhores servi\u00e7os de limpeza - Limpeza de $15\/hora. Encontre servi\u00e7os de limpeza dom\u00e9stica recomendados perto de voc\u00ea. Baixe Cleanster.com hoje.","robots":{"index":"index","follow":"follow","max-snippet":"max-snippet:-1","max-image-preview":"max-image-preview:large","max-video-preview":"max-video-preview:-1"},"canonical":"https:\/\/cleanster.com\/pt\/caracteristicas\/","og_locale":"pt_PT","og_type":"article","og_title":"Standard Cleaning - Cleanster | Cleaning &amp; Maid Services Near You","og_description":"Best Maid Services - Clean-ing from $15\/hour. Find Recommended House Cleaning Services in near you. Download Cleanster.com today.","og_url":"https:\/\/cleanster.com\/pt\/caracteristicas\/","og_site_name":"Cleanster | Cleaning &amp; Maid Services Near You","article_publisher":"https:\/\/www.facebook.com\/cleansterhq","article_modified_time":"2025-10-10T00:34:57+00:00","og_image":[{"width":1170,"height":763,"url":"https:\/\/cleanster.com\/wp-content\/uploads\/2023\/11\/card@3x.png","type":"image\/png"}],"twitter_card":"summary_large_image","twitter_site":"@cleansterhq","twitter_misc":{"Tempo estimado de leitura":"2 minutos"},"schema":{"@context":"https:\/\/schema.org","@graph":[{"@type":"WebPage","@id":"https:\/\/cleanster.com\/features\/","url":"https:\/\/cleanster.com\/features\/","name":"Limpeza Padr\u00e3o - Limpeza Residencial sob Demanda | Servi\u00e7os de Limpeza e Empregada Dom\u00e9stica Perto de Voc\u00ea","isPartOf":{"@id":"https:\/\/cleanster.com\/#website"},"datePublished":"2021-12-15T16:07:46+00:00","dateModified":"2025-10-10T00:34:57+00:00","description":"Melhores servi\u00e7os de limpeza - Limpeza de $15\/hora. Encontre servi\u00e7os de limpeza dom\u00e9stica recomendados perto de voc\u00ea. Baixe Cleanster.com hoje.","inLanguage":"pt-PT","potentialAction":[{"@type":"ReadAction","target":["https:\/\/cleanster.com\/features\/"]}]},{"@type":"WebSite","@id":"https:\/\/cleanster.com\/#website","url":"https:\/\/cleanster.com\/","name":"Cleanster | Servi\u00e7os de limpeza e limpeza perto de voc\u00ea","description":"Encontre e reserve instantaneamente servi\u00e7os de limpeza confi\u00e1veis para resid\u00eancias, apartamentos, Airbnb e escrit\u00f3rios. A Cleanster oferece servi\u00e7os acess\u00edveis de limpeza dom\u00e9stica, limpeza dom\u00e9stica e limpeza comercial perto de voc\u00ea.","publisher":{"@id":"https:\/\/cleanster.com\/#organization"},"alternateName":"Cleanster | Cleaning, Maid & Housekeeping Services for Everyone","potentialAction":[{"@type":"SearchAction","target":{"@type":"EntryPoint","urlTemplate":"https:\/\/cleanster.com\/?s={search_term_string}"},"query-input":{"@type":"PropertyValueSpecification","valueRequired":true,"valueName":"search_term_string"}}],"inLanguage":"pt-PT"},{"@type":"Organization","@id":"https:\/\/cleanster.com\/#organization","name":"Limpador","alternateName":"Cleanster.com","url":"https:\/\/cleanster.com\/","logo":{"@type":"ImageObject","inLanguage":"pt-PT","@id":"https:\/\/cleanster.com\/#\/schema\/logo\/image\/","url":"https:\/\/cleanster.com\/wp-content\/uploads\/2025\/06\/Cleanster-Logo-1.svg","contentUrl":"https:\/\/cleanster.com\/wp-content\/uploads\/2025\/06\/Cleanster-Logo-1.svg","width":1,"height":1,"caption":"Cleanster"},"image":{"@id":"https:\/\/cleanster.com\/#\/schema\/logo\/image\/"},"sameAs":["https:\/\/www.facebook.com\/cleansterhq","https:\/\/x.com\/cleansterhq","https:\/\/www.linkedin.com\/company\/cleansterhq","https:\/\/www.instagram.com\/cleansterhq","https:\/\/vm.tiktok.com\/ZM8vHmcuo\/","https:\/\/www.clubhouse.com\/club\/cleanstercom"],"description":"A Cleanster \u00e9 uma plataforma de servi\u00e7os de limpeza com tecnologia de IA que conecta anfitri\u00f5es do Airbnb, administradores de im\u00f3veis e clientes comerciais a profissionais de limpeza qualificados e sob demanda. Oferecemos servi\u00e7os de limpeza para apartamentos, casas, Airbnb, empresas e servi\u00e7os de zeladoria. Com uma rede de mais de 100.000 profissionais nos EUA, Canad\u00e1 e Reino Unido, a Cleanster oferece limpeza r\u00e1pida, confi\u00e1vel e com tecnologia em larga escala.","email":"support@cleanster.com","telephone":"+1 (888) 788-2445","legalName":"Cleanster, Inc.","foundingDate":"2019-05-06","duns":"118328526","naics":"541511","numberOfEmployees":{"@type":"QuantitativeValue","minValue":"11","maxValue":"50"}}]}},"_links":{"self":[{"href":"https:\/\/cleanster.com\/pt\/wp-json\/wp\/v2\/pages\/16032","targetHints":{"allow":["GET"]}}],"collection":[{"href":"https:\/\/cleanster.com\/pt\/wp-json\/wp\/v2\/pages"}],"about":[{"href":"https:\/\/cleanster.com\/pt\/wp-json\/wp\/v2\/types\/page"}],"author":[{"embeddable":true,"href":"https:\/\/cleanster.com\/pt\/wp-json\/wp\/v2\/users\/2"}],"replies":[{"embeddable":true,"href":"https:\/\/cleanster.com\/pt\/wp-json\/wp\/v2\/comments?post=16032"}],"version-history":[{"count":0,"href":"https:\/\/cleanster.com\/pt\/wp-json\/wp\/v2\/pages\/16032\/revisions"}],"wp:attachment":[{"href":"https:\/\/cleanster.com\/pt\/wp-json\/wp\/v2\/media?parent=16032"}],"curies":[{"name":"wp","href":"https:\/\/api.w.org\/{rel}","templated":true}]}}