{"id":20096,"date":"2023-11-13T05:36:06","date_gmt":"2023-11-13T05:36:06","guid":{"rendered":"https:\/\/cleanster.com\/?page_id=20096"},"modified":"2023-12-26T03:29:46","modified_gmt":"2023-12-26T03:29:46","slug":"servicos-de-limpeza-do-airbnb-ca-ontario-ottawa","status":"publish","type":"page","link":"https:\/\/cleanster.com\/pt\/servicos-de-limpeza-do-airbnb-ca-ontario-ottawa\/","title":{"rendered":"Aplicativo de limpeza do Airbnb com melhor classifica\u00e7\u00e3o em Ottawa, Ont\u00e1rio- Cleanster"},"content":{"rendered":"<h2><span style=\"color: #ffffff;\"><b>Aplicativo de servi\u00e7o de limpeza do Airbnb mais bem avaliado em Ottawa, Ont\u00e1rio<\/b><\/span><\/h2>\n<p><span style=\"font-weight: 400; color: #ffffff;\">Melhore a limpeza da sua propriedade e melhore as avalia\u00e7\u00f5es dos seus h\u00f3spedes com o nosso aplicativo de limpeza premium do Airbnb em Ottawa, Ont\u00e1rio. O aplicativo Cleanster garante que seu espa\u00e7o receba uma limpeza profissional de alta qualidade, deixando seus clientes impressionados com a sua compet\u00eancia como anfitri\u00e3o. Seja voc\u00ea um empreendedor iniciante ou um propriet\u00e1rio em busca de solu\u00e7\u00f5es de limpeza impec\u00e1veis, o Cleanster \u00e9 a escolha ideal para as necessidades do seu neg\u00f3cio. Simplificando as opera\u00e7\u00f5es e mantendo um toque profissional. E o mais importante: o Cleanster agora est\u00e1 dispon\u00edvel em toda Ottawa, Ont\u00e1rio.<\/span><\/p>\n<p><span style=\"color: #ffffff;\"><span style=\"font-weight: 400;\">Para um aplicativo de limpeza Airbnb incompar\u00e1vel em Ottawa, Ont\u00e1rio<\/span>\u00a0n\u00e3o procure mais.<\/span><\/p>\n<h2><span style=\"color: #ffffff;\"><b>Por que o Cleanster \u00e9 o melhor aplicativo de servi\u00e7o de limpeza do Airbnb em Ottawa, Ont\u00e1rio:<\/b><\/span><\/h2>\n<h3><span style=\"color: #ffffff;\"><b>Excel\u00eancia em limpeza do Airbnb:<\/b><\/span><\/h3>\n<p><span style=\"font-weight: 400; color: #ffffff;\">Nossa equipe dedicada emprega produtos e processos de limpeza exclusivos para limpar e organizar sua propriedade de forma impec\u00e1vel.<\/span><\/p>\n<h3><span style=\"color: #ffffff;\"><b>Agendamento eficiente:<\/b><\/span><\/h3>\n<p><span style=\"font-weight: 400; color: #ffffff;\">Fique por dentro da programa\u00e7\u00e3o de gerenciamento de sua propriedade com o aplicativo Cleanster, que permite coordena\u00e7\u00e3o perfeita e inspe\u00e7\u00f5es m\u00f3veis de propriedades que economizam tempo.<\/span><\/p>\n<h3><span style=\"color: #ffffff;\"><b>Recursos integrados:<\/b><\/span><\/h3>\n<p><span style=\"font-weight: 400; color: #ffffff;\">Melhore a comunica\u00e7\u00e3o e a efici\u00eancia com \u00edcones de status integrados para rastrear notas, fotos, check-ins VIP e check-outs tardios. Al\u00e9m disso, torna tudo muito f\u00e1cil para empresas de limpeza e administra\u00e7\u00e3o de propriedades.<\/span><\/p>\n<h3><span style=\"color: #ffffff;\"><b>Aplicativo de calend\u00e1rio de limpeza Cleanster:<\/b><\/span><\/h3>\n<p><span style=\"font-weight: 400; color: #ffffff;\">Simplifique o processo de coordena\u00e7\u00e3o sincronizando seu aplicativo Cleanster com sua conta Airbnb, eliminando a necessidade de atualiza\u00e7\u00f5es manuais de calend\u00e1rio. Em seguida, compartilhe imagens detalhadas com seu faxineiro para fornecer expectativas claras.<\/span><\/p>\n<h3><span style=\"color: #ffffff;\"><b>Aplicativo de limpeza do Airbnb em Ottawa:<\/b><\/span><\/h3>\n<p><span style=\"font-weight: 400; color: #ffffff;\">Nossos profissionais de limpeza v\u00e3o al\u00e9m, limpando e higienizando profundamente m\u00f3veis e eletr\u00f4nicos, trocando len\u00e7\u00f3is e toalhas, arrumando camas estilo hotel e limpando completamente cozinhas e banheiros. Para resumir, varrendo e esfregando pisos, aspirando carpetes e tirando o lixo, garantimos que cada detalhe seja coberto. Reabaste\u00e7a itens essenciais e artigos de higiene e deixe os espelhos brilhando de limpo.<\/span><\/p>\n<p><span style=\"font-weight: 400; color: #ffffff;\">Experimente a dedica\u00e7\u00e3o e a compet\u00eancia dos nossos profissionais de limpeza, comprometidos em entregar resultados de alta qualidade que superam as expectativas.<\/span><\/p>\n<h2><span style=\"color: #ffffff;\"><b>Tecnologia de ponta para opera\u00e7\u00f5es perfeitas:<\/b><\/span><\/h2>\n<p><span style=\"font-weight: 400; color: #ffffff;\">O Cleanster utiliza tecnologia de ponta para otimizar as opera\u00e7\u00f5es e melhorar a comunica\u00e7\u00e3o. Nosso aplicativo de f\u00e1cil utiliza\u00e7\u00e3o facilita a coordena\u00e7\u00e3o sem esfor\u00e7o, permitindo que os gerentes de propriedades e a equipe de limpeza permane\u00e7am conectados e informados. Al\u00e9m disso, com atualiza\u00e7\u00f5es em tempo real, voc\u00ea pode gerenciar reservas de forma eficiente, monitorar o progresso da limpeza e garantir um fluxo de trabalho tranquilo para sua empresa de administra\u00e7\u00e3o de propriedades.<\/span><\/p>\n<h2><span style=\"color: #ffffff;\"><b>Comunica\u00e7\u00e3o transparente e responsabiliza\u00e7\u00e3o:<\/b><\/span><\/h2>\n<p><span style=\"color: #ffffff;\"><span style=\"font-weight: 400;\">Uma comunica\u00e7\u00e3o clara \u00e9 essencial para uma parceria bem-sucedida.<\/span><a style=\"color: #ffffff;\" href=\"https:\/\/cleanster.com\/\"><span style=\"font-weight: 400;\"> Limpador<\/span><\/a><span style=\"font-weight: 400;\"> promove comunica\u00e7\u00e3o transparente entre propriet\u00e1rios de im\u00f3veis, gerentes e equipe de limpeza. Nosso aplicativo fornece uma plataforma para compartilhar notas, fotos e outras informa\u00e7\u00f5es vitais, promovendo a responsabiliza\u00e7\u00e3o e garantindo que todos estejam na mesma p\u00e1gina.<\/span><\/span><\/p>","protected":false},"excerpt":{"rendered":"<p>Top-Rated Airbnb Cleaning Service app in Ottawa, Ontario Elevate your property&#8217;s cleanliness and enhance your guest ratings with our premier Airbnb cleaning app in Ottawa, Ontario. So that the Cleanster app ensures your space receives top-notch, professional-grade cleaning, leaving your customers impressed with your hosting prowess. Whether you&#8217;re an entrepreneur launching a new venture or [&hellip;]<\/p>\n","protected":false},"author":2,"featured_media":0,"parent":0,"menu_order":0,"comment_status":"closed","ping_status":"closed","template":"templates\/str.php","meta":{"_acf_changed":false,"footnotes":""},"class_list":["post-20096","page","type-page","status-publish","hentry","entry"],"acf":[],"yoast_head":"<!-- This site is optimized with the Yoast SEO Premium plugin v26.5 (Yoast SEO v27.3) - https:\/\/yoast.com\/product\/yoast-seo-premium-wordpress\/ -->\n<title>Top-Rated Airbnb cleaning app in Ottawa, Ontario - Cleanster.com<\/title>\n<meta name=\"description\" content=\"Discover the ultimate solution for Airbnb hosts! Streamline your cleaning routine with the top-rated Airbnb cleaning app in Ottawa, Ontario.\" \/>\n<meta name=\"robots\" content=\"index, follow, max-snippet:-1, max-image-preview:large, max-video-preview:-1\" \/>\n<link rel=\"canonical\" href=\"https:\/\/cleanster.com\/pt\/servicos-de-limpeza-do-airbnb-ca-ontario-ottawa\/\" \/>\n<meta property=\"og:locale\" content=\"pt_PT\" \/>\n<meta property=\"og:type\" content=\"article\" \/>\n<meta property=\"og:title\" content=\"Top-Rated Airbnb cleaning app in Ottawa, Ontario- Cleanster - Cleanster | Cleaning &amp; Maid Services Near You\" \/>\n<meta property=\"og:description\" content=\"Discover the ultimate solution for Airbnb hosts! Streamline your cleaning routine with the top-rated Airbnb cleaning app in Ottawa, Ontario.\" \/>\n<meta property=\"og:url\" content=\"https:\/\/cleanster.com\/pt\/servicos-de-limpeza-do-airbnb-ca-ontario-ottawa\/\" \/>\n<meta property=\"og:site_name\" content=\"Cleanster | Cleaning &amp; Maid Services Near You\" \/>\n<meta property=\"article:publisher\" content=\"https:\/\/www.facebook.com\/cleansterhq\" \/>\n<meta property=\"article:modified_time\" content=\"2023-12-26T03:29:46+00:00\" \/>\n<meta property=\"og:image\" content=\"https:\/\/cleanster.com\/wp-content\/uploads\/2023\/11\/card@3x.png\" \/>\n\t<meta property=\"og:image:width\" content=\"1170\" \/>\n\t<meta property=\"og:image:height\" content=\"763\" \/>\n\t<meta property=\"og:image:type\" content=\"image\/png\" \/>\n<meta name=\"twitter:card\" content=\"summary_large_image\" \/>\n<meta name=\"twitter:site\" content=\"@cleansterhq\" \/>\n<meta name=\"twitter:label1\" content=\"Tempo estimado de leitura\" \/>\n\t<meta name=\"twitter:data1\" content=\"2 minutos\" \/>\n<script type=\"application\/ld+json\" class=\"yoast-schema-graph\">{\"@context\":\"https:\\\/\\\/schema.org\",\"@graph\":[{\"@type\":\"WebPage\",\"@id\":\"https:\\\/\\\/cleanster.com\\\/airbnb-cleaning-services-ca-ontario-ottawa\\\/\",\"url\":\"https:\\\/\\\/cleanster.com\\\/airbnb-cleaning-services-ca-ontario-ottawa\\\/\",\"name\":\"Top-Rated Airbnb cleaning app in Ottawa, Ontario - Cleanster.com\",\"isPartOf\":{\"@id\":\"https:\\\/\\\/cleanster.com\\\/#website\"},\"datePublished\":\"2023-11-13T05:36:06+00:00\",\"dateModified\":\"2023-12-26T03:29:46+00:00\",\"description\":\"Discover the ultimate solution for Airbnb hosts! Streamline your cleaning routine with the top-rated Airbnb cleaning app in Ottawa, Ontario.\",\"inLanguage\":\"pt-PT\",\"potentialAction\":[{\"@type\":\"ReadAction\",\"target\":[\"https:\\\/\\\/cleanster.com\\\/airbnb-cleaning-services-ca-ontario-ottawa\\\/\"]}]},{\"@type\":\"WebSite\",\"@id\":\"https:\\\/\\\/cleanster.com\\\/#website\",\"url\":\"https:\\\/\\\/cleanster.com\\\/\",\"name\":\"Cleanster | Cleaning & Maid Services Near You\",\"description\":\"Instantly find &amp; book trusted cleaners for homes, apartment, Airbnb, and offices. Cleanster offers affordable maid, housekeeping, and commercial cleaning services near you.\",\"publisher\":{\"@id\":\"https:\\\/\\\/cleanster.com\\\/#organization\"},\"alternateName\":\"Cleanster | Cleaning, Maid & Housekeeping Services for Everyone\",\"potentialAction\":[{\"@type\":\"SearchAction\",\"target\":{\"@type\":\"EntryPoint\",\"urlTemplate\":\"https:\\\/\\\/cleanster.com\\\/?s={search_term_string}\"},\"query-input\":{\"@type\":\"PropertyValueSpecification\",\"valueRequired\":true,\"valueName\":\"search_term_string\"}}],\"inLanguage\":\"pt-PT\"},{\"@type\":\"Organization\",\"@id\":\"https:\\\/\\\/cleanster.com\\\/#organization\",\"name\":\"Cleanster\",\"alternateName\":\"Cleanster.com\",\"url\":\"https:\\\/\\\/cleanster.com\\\/\",\"logo\":{\"@type\":\"ImageObject\",\"inLanguage\":\"pt-PT\",\"@id\":\"https:\\\/\\\/cleanster.com\\\/#\\\/schema\\\/logo\\\/image\\\/\",\"url\":\"https:\\\/\\\/cleanster.com\\\/wp-content\\\/uploads\\\/2025\\\/06\\\/Cleanster-Logo-1.svg\",\"contentUrl\":\"https:\\\/\\\/cleanster.com\\\/wp-content\\\/uploads\\\/2025\\\/06\\\/Cleanster-Logo-1.svg\",\"width\":1,\"height\":1,\"caption\":\"Cleanster\"},\"image\":{\"@id\":\"https:\\\/\\\/cleanster.com\\\/#\\\/schema\\\/logo\\\/image\\\/\"},\"sameAs\":[\"https:\\\/\\\/www.facebook.com\\\/cleansterhq\",\"https:\\\/\\\/x.com\\\/cleansterhq\",\"https:\\\/\\\/www.linkedin.com\\\/company\\\/cleansterhq\",\"https:\\\/\\\/www.instagram.com\\\/cleansterhq\",\"https:\\\/\\\/vm.tiktok.com\\\/ZM8vHmcuo\\\/\",\"https:\\\/\\\/www.clubhouse.com\\\/club\\\/cleanstercom\"],\"description\":\"Cleanster is an AI-powered cleaning services platform that connects Airbnb hosts, property managers, and commercial clients with vetted, on-demand cleaners. We offer apartment, house, Airbnb, commercial, and janitorial cleaning services. With a network of over 100,000 professionals across the US, Canada, and the UK, Cleanster delivers fast, reliable, and tech-enabled cleaning at scale.\",\"email\":\"support@cleanster.com\",\"telephone\":\"+1 (888) 788-2445\",\"legalName\":\"Cleanster, Inc.\",\"foundingDate\":\"2019-05-06\",\"duns\":\"118328526\",\"naics\":\"541511\",\"numberOfEmployees\":{\"@type\":\"QuantitativeValue\",\"minValue\":\"11\",\"maxValue\":\"50\"}}]}<\/script>\n<!-- \/ Yoast SEO Premium plugin. -->","yoast_head_json":{"title":"Aplicativo de limpeza do Airbnb com melhor classifica\u00e7\u00e3o em Ottawa, Ont\u00e1rio - Cleanster.com","description":"Descubra a solu\u00e7\u00e3o definitiva para anfitri\u00f5es do Airbnb! Simplifique sua rotina de limpeza com o aplicativo de limpeza do Airbnb com melhor classifica\u00e7\u00e3o em Ottawa, Ont\u00e1rio.","robots":{"index":"index","follow":"follow","max-snippet":"max-snippet:-1","max-image-preview":"max-image-preview:large","max-video-preview":"max-video-preview:-1"},"canonical":"https:\/\/cleanster.com\/pt\/servicos-de-limpeza-do-airbnb-ca-ontario-ottawa\/","og_locale":"pt_PT","og_type":"article","og_title":"Top-Rated Airbnb cleaning app in Ottawa, Ontario- Cleanster - Cleanster | Cleaning &amp; Maid Services Near You","og_description":"Discover the ultimate solution for Airbnb hosts! Streamline your cleaning routine with the top-rated Airbnb cleaning app in Ottawa, Ontario.","og_url":"https:\/\/cleanster.com\/pt\/servicos-de-limpeza-do-airbnb-ca-ontario-ottawa\/","og_site_name":"Cleanster | Cleaning &amp; Maid Services Near You","article_publisher":"https:\/\/www.facebook.com\/cleansterhq","article_modified_time":"2023-12-26T03:29:46+00:00","og_image":[{"width":1170,"height":763,"url":"https:\/\/cleanster.com\/wp-content\/uploads\/2023\/11\/card@3x.png","type":"image\/png"}],"twitter_card":"summary_large_image","twitter_site":"@cleansterhq","twitter_misc":{"Tempo estimado de leitura":"2 minutos"},"schema":{"@context":"https:\/\/schema.org","@graph":[{"@type":"WebPage","@id":"https:\/\/cleanster.com\/airbnb-cleaning-services-ca-ontario-ottawa\/","url":"https:\/\/cleanster.com\/airbnb-cleaning-services-ca-ontario-ottawa\/","name":"Aplicativo de limpeza do Airbnb com melhor classifica\u00e7\u00e3o em Ottawa, Ont\u00e1rio - Cleanster.com","isPartOf":{"@id":"https:\/\/cleanster.com\/#website"},"datePublished":"2023-11-13T05:36:06+00:00","dateModified":"2023-12-26T03:29:46+00:00","description":"Descubra a solu\u00e7\u00e3o definitiva para anfitri\u00f5es do Airbnb! Simplifique sua rotina de limpeza com o aplicativo de limpeza do Airbnb com melhor classifica\u00e7\u00e3o em Ottawa, Ont\u00e1rio.","inLanguage":"pt-PT","potentialAction":[{"@type":"ReadAction","target":["https:\/\/cleanster.com\/airbnb-cleaning-services-ca-ontario-ottawa\/"]}]},{"@type":"WebSite","@id":"https:\/\/cleanster.com\/#website","url":"https:\/\/cleanster.com\/","name":"Cleanster | Servi\u00e7os de limpeza e limpeza perto de voc\u00ea","description":"Encontre e reserve instantaneamente servi\u00e7os de limpeza confi\u00e1veis para resid\u00eancias, apartamentos, Airbnb e escrit\u00f3rios. A Cleanster oferece servi\u00e7os acess\u00edveis de limpeza dom\u00e9stica, limpeza dom\u00e9stica e limpeza comercial perto de voc\u00ea.","publisher":{"@id":"https:\/\/cleanster.com\/#organization"},"alternateName":"Cleanster | Cleaning, Maid & Housekeeping Services for Everyone","potentialAction":[{"@type":"SearchAction","target":{"@type":"EntryPoint","urlTemplate":"https:\/\/cleanster.com\/?s={search_term_string}"},"query-input":{"@type":"PropertyValueSpecification","valueRequired":true,"valueName":"search_term_string"}}],"inLanguage":"pt-PT"},{"@type":"Organization","@id":"https:\/\/cleanster.com\/#organization","name":"Limpador","alternateName":"Cleanster.com","url":"https:\/\/cleanster.com\/","logo":{"@type":"ImageObject","inLanguage":"pt-PT","@id":"https:\/\/cleanster.com\/#\/schema\/logo\/image\/","url":"https:\/\/cleanster.com\/wp-content\/uploads\/2025\/06\/Cleanster-Logo-1.svg","contentUrl":"https:\/\/cleanster.com\/wp-content\/uploads\/2025\/06\/Cleanster-Logo-1.svg","width":1,"height":1,"caption":"Cleanster"},"image":{"@id":"https:\/\/cleanster.com\/#\/schema\/logo\/image\/"},"sameAs":["https:\/\/www.facebook.com\/cleansterhq","https:\/\/x.com\/cleansterhq","https:\/\/www.linkedin.com\/company\/cleansterhq","https:\/\/www.instagram.com\/cleansterhq","https:\/\/vm.tiktok.com\/ZM8vHmcuo\/","https:\/\/www.clubhouse.com\/club\/cleanstercom"],"description":"A Cleanster \u00e9 uma plataforma de servi\u00e7os de limpeza com tecnologia de IA que conecta anfitri\u00f5es do Airbnb, administradores de im\u00f3veis e clientes comerciais a profissionais de limpeza qualificados e sob demanda. Oferecemos servi\u00e7os de limpeza para apartamentos, casas, Airbnb, empresas e servi\u00e7os de zeladoria. Com uma rede de mais de 100.000 profissionais nos EUA, Canad\u00e1 e Reino Unido, a Cleanster oferece limpeza r\u00e1pida, confi\u00e1vel e com tecnologia em larga escala.","email":"support@cleanster.com","telephone":"+1 (888) 788-2445","legalName":"Cleanster, Inc.","foundingDate":"2019-05-06","duns":"118328526","naics":"541511","numberOfEmployees":{"@type":"QuantitativeValue","minValue":"11","maxValue":"50"}}]}},"_links":{"self":[{"href":"https:\/\/cleanster.com\/pt\/wp-json\/wp\/v2\/pages\/20096","targetHints":{"allow":["GET"]}}],"collection":[{"href":"https:\/\/cleanster.com\/pt\/wp-json\/wp\/v2\/pages"}],"about":[{"href":"https:\/\/cleanster.com\/pt\/wp-json\/wp\/v2\/types\/page"}],"author":[{"embeddable":true,"href":"https:\/\/cleanster.com\/pt\/wp-json\/wp\/v2\/users\/2"}],"replies":[{"embeddable":true,"href":"https:\/\/cleanster.com\/pt\/wp-json\/wp\/v2\/comments?post=20096"}],"version-history":[{"count":0,"href":"https:\/\/cleanster.com\/pt\/wp-json\/wp\/v2\/pages\/20096\/revisions"}],"wp:attachment":[{"href":"https:\/\/cleanster.com\/pt\/wp-json\/wp\/v2\/media?parent=20096"}],"curies":[{"name":"wp","href":"https:\/\/api.w.org\/{rel}","templated":true}]}}