{"id":2390,"date":"2021-12-12T02:26:02","date_gmt":"2021-12-12T02:26:02","guid":{"rendered":"https:\/\/cleanster.com\/?page_id=726"},"modified":"2024-01-08T12:30:05","modified_gmt":"2024-01-08T12:30:05","slug":"agendamento-de-tarefas","status":"publish","type":"page","link":"https:\/\/cleanster.com\/pt\/agendamento-de-tarefas\/","title":{"rendered":"Agendamento de Tarefas"},"content":{"rendered":"<p><span style=\"color: #ffffff;\">No mundo acelerado de hoje, o agendamento eficiente de tarefas \u00e9 crucial na ind\u00fastria de limpeza.<a style=\"color: #ffffff;\" href=\"https:\/\/cleanster.com\/\"> Cleanster.com<\/a>, uma plataforma abrangente dispon\u00edvel em todos os dispositivos, est\u00e1 liderando o caminho na transforma\u00e7\u00e3o da forma como as tarefas de limpeza s\u00e3o agendadas e gerenciadas. Com foco na conveni\u00eancia para os usu\u00e1rios e no apoio aos profissionais de servi\u00e7os para se tornarem empreendedores, Cleanster.com se destaca como um divisor de \u00e1guas no setor. Este artigo explora como Cleanster.com est\u00e1 revolucionando o agendamento de tarefas em servi\u00e7os de limpeza.<\/span><\/p>\n<h2><span style=\"color: #ffffff;\"><strong>Agendamento de tarefas inovador para maior efici\u00eancia<\/strong><\/span><\/h2>\n<h3><span style=\"color: #ffffff;\"><strong>1. Interface amig\u00e1vel:<\/strong><\/span><\/h3>\n<p><span style=\"color: #ffffff;\">Cleanster.com possui uma interface intuitiva e f\u00e1cil de navegar, tornando simples para os clientes agendar tarefas de limpeza. Quer se trate de um servi\u00e7o \u00fanico ou de compromissos recorrentes, a plataforma atende a todas as necessidades com apenas alguns cliques.<\/span><\/p>\n<h3><span style=\"color: #ffffff;\"><strong>2. Disponibilidade em tempo real:<\/strong><\/span><\/h3>\n<p><span style=\"color: #ffffff;\">O recurso de disponibilidade em tempo real do aplicativo permite que os clientes visualizem e reservem profissionais de limpeza com base em sua programa\u00e7\u00e3o atual. Esta funcionalidade n\u00e3o s\u00f3 economiza tempo, mas tamb\u00e9m garante confirma\u00e7\u00f5es imediatas de reservas, aumentando a satisfa\u00e7\u00e3o do cliente.<\/span><\/p>\n<h2><span style=\"color: #ffffff;\"><strong>Capacitando profissionais de limpeza com agendamento flex\u00edvel<\/strong><\/span><\/h2>\n<h3><span style=\"color: #ffffff;\"><strong>1. Controle Empreendedor:<\/strong><\/span><\/h3>\n<p><span style=\"color: #ffffff;\">Na Cleanster.com, os profissionais de servi\u00e7o t\u00eam flexibilidade para gerenciar suas agendas. Esta autonomia permite-lhes <a style=\"color: #ffffff;\" href=\"https:\/\/www.indeed.com\/career-advice\/finding-a-job\/entrepreneur-jobs\">trabalhar como empreendedores<\/a>, escolhendo atribui\u00e7\u00f5es que se alinhem com sua disponibilidade e prefer\u00eancias.<\/span><\/p>\n<h3><span style=\"color: #ffffff;\"><strong>2. Gerenciamento eficiente de carga de trabalho:<\/strong><\/span><\/h3>\n<p><span style=\"color: #ffffff;\">O sistema de agendamento da plataforma permite que os faxineiros gerenciem com efici\u00eancia sua carga de trabalho. Ao ter controle sobre seus hor\u00e1rios, eles podem otimizar suas horas de trabalho, garantindo uma vida profissional equilibrada e produtiva.<\/span><\/p>\n<h2><span style=\"color: #ffffff;\"><strong>Integra\u00e7\u00e3o e coordena\u00e7\u00e3o perfeitas<\/strong><\/span><\/h2>\n<h3><span style=\"color: #ffffff;\"><strong>1. Coordena\u00e7\u00e3o entre equipes:<\/strong><\/span><\/h3>\n<p><span style=\"color: #ffffff;\">O sistema avan\u00e7ado de agendamento do Cleanster.com facilita a coordena\u00e7\u00e3o perfeita entre as equipes de limpeza. Isso garante que as tarefas sejam distribu\u00eddas uniformemente e conclu\u00eddas em tempo h\u00e1bil, levando a uma maior efici\u00eancia operacional.<\/span><\/p>\n<h3><span style=\"color: #ffffff;\"><strong>2. Integra\u00e7\u00e3o com Calend\u00e1rios:<\/strong><\/span><\/h3>\n<p><span style=\"color: #ffffff;\">O aplicativo se integra a agendas pessoais e profissionais, permitindo que usu\u00e1rios e prestadores de servi\u00e7o sincronizem seus hor\u00e1rios de limpeza com outros compromissos. Esta integra\u00e7\u00e3o garante um equil\u00edbrio harmonioso entre a vida pessoal e profissional.<\/span><\/p>\n<h2><span style=\"color: #ffffff;\"><strong>Agendamento personalizado para necessidades variadas<\/strong><\/span><\/h2>\n<h3><span style=\"color: #ffffff;\"><strong>1. Adaptado aos requisitos do cliente:<\/strong><\/span><\/h3>\n<p><span style=\"color: #ffffff;\">Entendendo que cada cliente tem necessidades \u00fanicas, Cleanster.com oferece op\u00e7\u00f5es de agendamento customizadas. Quer se trate de servi\u00e7os de limpeza residencial, comercial ou especializado, a plataforma pode atender a diversos requisitos.<\/span><\/p>\n<h3><span style=\"color: #ffffff;\"><strong>2. Planejamento antecipado e lembretes:<\/strong><\/span><\/h3>\n<p><span style=\"color: #ffffff;\">Com op\u00e7\u00f5es de agendamento antecipado e lembretes autom\u00e1ticos, clientes e profissionais podem planejar com anteced\u00eancia, garantindo que as tarefas de limpeza nunca sejam esquecidas.<\/span><\/p>\n<h2><span style=\"color: #ffffff;\"><strong>Conclus\u00e3o: Cleanster.com \u2013 Pioneirismo em agendamento de tarefas em servi\u00e7os de limpeza<\/strong><\/span><\/h2>\n<p><span style=\"color: #ffffff;\">Cleanster.com n\u00e3o \u00e9 apenas uma plataforma de servi\u00e7os de limpeza; \u00e9 uma revolu\u00e7\u00e3o no gerenciamento de tarefas. Com tecnologia f\u00e1cil de usar e uma abordagem \u00e9tica para o desenvolvimento profissional, Cleanster.com est\u00e1 estabelecendo novos padr\u00f5es na ind\u00fastria de limpeza. Para clientes que buscam servi\u00e7os de limpeza e para profissionais que desejam crescer como empreendedores, Cleanster.com \u00e9 a solu\u00e7\u00e3o definitiva, uma tarefa que se adapta \u00e0s necessidades do mundo moderno.<\/span><\/p>","protected":false},"excerpt":{"rendered":"<p>In today&#8217;s fast-paced world, efficient task scheduling is crucial in the cleaning industry. Cleanster.com, a comprehensive platform available across all devices, is leading the way in transforming how cleaning tasks are scheduled and managed. With a focus on convenience for users and supporting service professionals to become entrepreneurs, Cleanster.com stands out as a game-changer in [&hellip;]<\/p>\n","protected":false},"author":1,"featured_media":0,"parent":0,"menu_order":0,"comment_status":"closed","ping_status":"closed","template":"templates\/rental.php","meta":{"_acf_changed":false,"footnotes":""},"class_list":["post-2390","page","type-page","status-publish","hentry","entry"],"acf":[],"yoast_head":"<!-- This site is optimized with the Yoast SEO Premium plugin v26.5 (Yoast SEO v27.3) - https:\/\/yoast.com\/product\/yoast-seo-premium-wordpress\/ -->\n<title>Task Scheduling -<\/title>\n<meta name=\"description\" content=\"Scheduling cleans, inspections, maintenance repairs, and other property care tasks don&#039;t have to be a royal pain. Use Cleanster.com today.\" \/>\n<meta name=\"robots\" content=\"index, follow, max-snippet:-1, max-image-preview:large, max-video-preview:-1\" \/>\n<link rel=\"canonical\" href=\"https:\/\/cleanster.com\/pt\/agendamento-de-tarefas\/\" \/>\n<meta property=\"og:locale\" content=\"pt_PT\" \/>\n<meta property=\"og:type\" content=\"article\" \/>\n<meta property=\"og:title\" content=\"Task Scheduling - Cleanster | Cleaning &amp; Maid Services Near You\" \/>\n<meta property=\"og:description\" content=\"Scheduling cleans, inspections, maintenance repairs, and other property care tasks don&#039;t have to be a royal pain. Use Cleanster.com today.\" \/>\n<meta property=\"og:url\" content=\"https:\/\/cleanster.com\/pt\/agendamento-de-tarefas\/\" \/>\n<meta property=\"og:site_name\" content=\"Cleanster | Cleaning &amp; Maid Services Near You\" \/>\n<meta property=\"article:publisher\" content=\"https:\/\/www.facebook.com\/cleansterhq\" \/>\n<meta property=\"article:modified_time\" content=\"2024-01-08T12:30:05+00:00\" \/>\n<meta property=\"og:image\" content=\"https:\/\/cleanster.com\/wp-content\/uploads\/2023\/11\/card@3x.png\" \/>\n\t<meta property=\"og:image:width\" content=\"1170\" \/>\n\t<meta property=\"og:image:height\" content=\"763\" \/>\n\t<meta property=\"og:image:type\" content=\"image\/png\" \/>\n<meta name=\"twitter:card\" content=\"summary_large_image\" \/>\n<meta name=\"twitter:site\" content=\"@cleansterhq\" \/>\n<meta name=\"twitter:label1\" content=\"Tempo estimado de leitura\" \/>\n\t<meta name=\"twitter:data1\" content=\"2 minutos\" \/>\n<script type=\"application\/ld+json\" class=\"yoast-schema-graph\">{\"@context\":\"https:\\\/\\\/schema.org\",\"@graph\":[{\"@type\":\"WebPage\",\"@id\":\"https:\\\/\\\/cleanster.com\\\/task-scheduling\\\/\",\"url\":\"https:\\\/\\\/cleanster.com\\\/task-scheduling\\\/\",\"name\":\"Task Scheduling -\",\"isPartOf\":{\"@id\":\"https:\\\/\\\/cleanster.com\\\/#website\"},\"datePublished\":\"2021-12-12T02:26:02+00:00\",\"dateModified\":\"2024-01-08T12:30:05+00:00\",\"description\":\"Scheduling cleans, inspections, maintenance repairs, and other property care tasks don't have to be a royal pain. Use Cleanster.com today.\",\"inLanguage\":\"pt-PT\",\"potentialAction\":[{\"@type\":\"ReadAction\",\"target\":[\"https:\\\/\\\/cleanster.com\\\/task-scheduling\\\/\"]}]},{\"@type\":\"WebSite\",\"@id\":\"https:\\\/\\\/cleanster.com\\\/#website\",\"url\":\"https:\\\/\\\/cleanster.com\\\/\",\"name\":\"Cleanster | Cleaning & Maid Services Near You\",\"description\":\"Instantly find &amp; book trusted cleaners for homes, apartment, Airbnb, and offices. Cleanster offers affordable maid, housekeeping, and commercial cleaning services near you.\",\"publisher\":{\"@id\":\"https:\\\/\\\/cleanster.com\\\/#organization\"},\"alternateName\":\"Cleanster | Cleaning, Maid & Housekeeping Services for Everyone\",\"potentialAction\":[{\"@type\":\"SearchAction\",\"target\":{\"@type\":\"EntryPoint\",\"urlTemplate\":\"https:\\\/\\\/cleanster.com\\\/?s={search_term_string}\"},\"query-input\":{\"@type\":\"PropertyValueSpecification\",\"valueRequired\":true,\"valueName\":\"search_term_string\"}}],\"inLanguage\":\"pt-PT\"},{\"@type\":\"Organization\",\"@id\":\"https:\\\/\\\/cleanster.com\\\/#organization\",\"name\":\"Cleanster\",\"alternateName\":\"Cleanster.com\",\"url\":\"https:\\\/\\\/cleanster.com\\\/\",\"logo\":{\"@type\":\"ImageObject\",\"inLanguage\":\"pt-PT\",\"@id\":\"https:\\\/\\\/cleanster.com\\\/#\\\/schema\\\/logo\\\/image\\\/\",\"url\":\"https:\\\/\\\/cleanster.com\\\/wp-content\\\/uploads\\\/2025\\\/06\\\/Cleanster-Logo-1.svg\",\"contentUrl\":\"https:\\\/\\\/cleanster.com\\\/wp-content\\\/uploads\\\/2025\\\/06\\\/Cleanster-Logo-1.svg\",\"width\":1,\"height\":1,\"caption\":\"Cleanster\"},\"image\":{\"@id\":\"https:\\\/\\\/cleanster.com\\\/#\\\/schema\\\/logo\\\/image\\\/\"},\"sameAs\":[\"https:\\\/\\\/www.facebook.com\\\/cleansterhq\",\"https:\\\/\\\/x.com\\\/cleansterhq\",\"https:\\\/\\\/www.linkedin.com\\\/company\\\/cleansterhq\",\"https:\\\/\\\/www.instagram.com\\\/cleansterhq\",\"https:\\\/\\\/vm.tiktok.com\\\/ZM8vHmcuo\\\/\",\"https:\\\/\\\/www.clubhouse.com\\\/club\\\/cleanstercom\"],\"description\":\"Cleanster is an AI-powered cleaning services platform that connects Airbnb hosts, property managers, and commercial clients with vetted, on-demand cleaners. We offer apartment, house, Airbnb, commercial, and janitorial cleaning services. With a network of over 100,000 professionals across the US, Canada, and the UK, Cleanster delivers fast, reliable, and tech-enabled cleaning at scale.\",\"email\":\"support@cleanster.com\",\"telephone\":\"+1 (888) 788-2445\",\"legalName\":\"Cleanster, Inc.\",\"foundingDate\":\"2019-05-06\",\"duns\":\"118328526\",\"naics\":\"541511\",\"numberOfEmployees\":{\"@type\":\"QuantitativeValue\",\"minValue\":\"11\",\"maxValue\":\"50\"}}]}<\/script>\n<!-- \/ Yoast SEO Premium plugin. -->","yoast_head_json":{"title":"Agendamento de tarefas -","description":"Agendar limpezas, inspe\u00e7\u00f5es, reparos de manuten\u00e7\u00e3o e outras tarefas de cuidado de propriedade n\u00e3o precisa ser uma tarefa dif\u00edcil. Use Cleanster.com hoje.","robots":{"index":"index","follow":"follow","max-snippet":"max-snippet:-1","max-image-preview":"max-image-preview:large","max-video-preview":"max-video-preview:-1"},"canonical":"https:\/\/cleanster.com\/pt\/agendamento-de-tarefas\/","og_locale":"pt_PT","og_type":"article","og_title":"Task Scheduling - Cleanster | Cleaning &amp; Maid Services Near You","og_description":"Scheduling cleans, inspections, maintenance repairs, and other property care tasks don't have to be a royal pain. Use Cleanster.com today.","og_url":"https:\/\/cleanster.com\/pt\/agendamento-de-tarefas\/","og_site_name":"Cleanster | Cleaning &amp; Maid Services Near You","article_publisher":"https:\/\/www.facebook.com\/cleansterhq","article_modified_time":"2024-01-08T12:30:05+00:00","og_image":[{"width":1170,"height":763,"url":"https:\/\/cleanster.com\/wp-content\/uploads\/2023\/11\/card@3x.png","type":"image\/png"}],"twitter_card":"summary_large_image","twitter_site":"@cleansterhq","twitter_misc":{"Tempo estimado de leitura":"2 minutos"},"schema":{"@context":"https:\/\/schema.org","@graph":[{"@type":"WebPage","@id":"https:\/\/cleanster.com\/task-scheduling\/","url":"https:\/\/cleanster.com\/task-scheduling\/","name":"Agendamento de tarefas -","isPartOf":{"@id":"https:\/\/cleanster.com\/#website"},"datePublished":"2021-12-12T02:26:02+00:00","dateModified":"2024-01-08T12:30:05+00:00","description":"Agendar limpezas, inspe\u00e7\u00f5es, reparos de manuten\u00e7\u00e3o e outras tarefas de cuidado de propriedade n\u00e3o precisa ser uma tarefa dif\u00edcil. Use Cleanster.com hoje.","inLanguage":"pt-PT","potentialAction":[{"@type":"ReadAction","target":["https:\/\/cleanster.com\/task-scheduling\/"]}]},{"@type":"WebSite","@id":"https:\/\/cleanster.com\/#website","url":"https:\/\/cleanster.com\/","name":"Cleanster | Servi\u00e7os de limpeza e limpeza perto de voc\u00ea","description":"Encontre e reserve instantaneamente servi\u00e7os de limpeza confi\u00e1veis para resid\u00eancias, apartamentos, Airbnb e escrit\u00f3rios. A Cleanster oferece servi\u00e7os acess\u00edveis de limpeza dom\u00e9stica, limpeza dom\u00e9stica e limpeza comercial perto de voc\u00ea.","publisher":{"@id":"https:\/\/cleanster.com\/#organization"},"alternateName":"Cleanster | Cleaning, Maid & Housekeeping Services for Everyone","potentialAction":[{"@type":"SearchAction","target":{"@type":"EntryPoint","urlTemplate":"https:\/\/cleanster.com\/?s={search_term_string}"},"query-input":{"@type":"PropertyValueSpecification","valueRequired":true,"valueName":"search_term_string"}}],"inLanguage":"pt-PT"},{"@type":"Organization","@id":"https:\/\/cleanster.com\/#organization","name":"Limpador","alternateName":"Cleanster.com","url":"https:\/\/cleanster.com\/","logo":{"@type":"ImageObject","inLanguage":"pt-PT","@id":"https:\/\/cleanster.com\/#\/schema\/logo\/image\/","url":"https:\/\/cleanster.com\/wp-content\/uploads\/2025\/06\/Cleanster-Logo-1.svg","contentUrl":"https:\/\/cleanster.com\/wp-content\/uploads\/2025\/06\/Cleanster-Logo-1.svg","width":1,"height":1,"caption":"Cleanster"},"image":{"@id":"https:\/\/cleanster.com\/#\/schema\/logo\/image\/"},"sameAs":["https:\/\/www.facebook.com\/cleansterhq","https:\/\/x.com\/cleansterhq","https:\/\/www.linkedin.com\/company\/cleansterhq","https:\/\/www.instagram.com\/cleansterhq","https:\/\/vm.tiktok.com\/ZM8vHmcuo\/","https:\/\/www.clubhouse.com\/club\/cleanstercom"],"description":"A Cleanster \u00e9 uma plataforma de servi\u00e7os de limpeza com tecnologia de IA que conecta anfitri\u00f5es do Airbnb, administradores de im\u00f3veis e clientes comerciais a profissionais de limpeza qualificados e sob demanda. Oferecemos servi\u00e7os de limpeza para apartamentos, casas, Airbnb, empresas e servi\u00e7os de zeladoria. Com uma rede de mais de 100.000 profissionais nos EUA, Canad\u00e1 e Reino Unido, a Cleanster oferece limpeza r\u00e1pida, confi\u00e1vel e com tecnologia em larga escala.","email":"support@cleanster.com","telephone":"+1 (888) 788-2445","legalName":"Cleanster, Inc.","foundingDate":"2019-05-06","duns":"118328526","naics":"541511","numberOfEmployees":{"@type":"QuantitativeValue","minValue":"11","maxValue":"50"}}]}},"_links":{"self":[{"href":"https:\/\/cleanster.com\/pt\/wp-json\/wp\/v2\/pages\/2390","targetHints":{"allow":["GET"]}}],"collection":[{"href":"https:\/\/cleanster.com\/pt\/wp-json\/wp\/v2\/pages"}],"about":[{"href":"https:\/\/cleanster.com\/pt\/wp-json\/wp\/v2\/types\/page"}],"author":[{"embeddable":true,"href":"https:\/\/cleanster.com\/pt\/wp-json\/wp\/v2\/users\/1"}],"replies":[{"embeddable":true,"href":"https:\/\/cleanster.com\/pt\/wp-json\/wp\/v2\/comments?post=2390"}],"version-history":[{"count":0,"href":"https:\/\/cleanster.com\/pt\/wp-json\/wp\/v2\/pages\/2390\/revisions"}],"wp:attachment":[{"href":"https:\/\/cleanster.com\/pt\/wp-json\/wp\/v2\/media?parent=2390"}],"curies":[{"name":"wp","href":"https:\/\/api.w.org\/{rel}","templated":true}]}}