{"id":2392,"date":"2021-12-23T01:53:00","date_gmt":"2021-12-23T01:53:00","guid":{"rendered":"https:\/\/cleanster.com\/?page_id=1426"},"modified":"2025-07-18T16:47:55","modified_gmt":"2025-07-18T16:47:55","slug":"integracoes-poderosas-com-sistemas-pms-ical","status":"publish","type":"page","link":"https:\/\/cleanster.com\/pt\/integracoes-poderosas-com-sistemas-pms-ical\/","title":{"rendered":"Integra\u00e7\u00f5es poderosas com sistemas PMS e iCal"},"content":{"rendered":"<p><span style=\"color: #ffffff;\">No mundo din\u00e2mico dos servi\u00e7os de limpeza, efici\u00eancia e coordena\u00e7\u00e3o s\u00e3o essenciais. <a style=\"color: #ffffff;\" href=\"https:\/\/cleanster.com\/\">Cleanster.com<\/a>, uma plataforma l\u00edder no fornecimento de servi\u00e7os de limpeza acess\u00edveis e na capacita\u00e7\u00e3o de profissionais de servi\u00e7os, est\u00e1 dando um salto significativo ao se integrar com <a style=\"color: #ffffff;\" href=\"https:\/\/www.doorloop.com\/blog\/property-management-system\">Sistemas de Gest\u00e3o de Propriedades<\/a> (PMS) e iCalendar (iCal). Esse avan\u00e7o simplifica as opera\u00e7\u00f5es, garantindo agendamento e gerenciamento perfeitos para provedores de servi\u00e7o e clientes.<\/span><\/p>\n<h2><span style=\"color: #ffffff;\"><strong>Sincroniza\u00e7\u00e3o perfeita com o sistema PMS<\/strong><\/span><\/h2>\n<h3><span style=\"color: #ffffff;\"><strong>1. Coordena\u00e7\u00e3o aprimorada:<\/strong><\/span><\/h3>\n<p><span style=\"color: #ffffff;\">A integra\u00e7\u00e3o com o PMS permite uma coordena\u00e7\u00e3o inigual\u00e1vel entre gerentes de propriedade e equipes de limpeza. Ao vincular diretamente a plataforma da Cleanster.com com o PMS, o agendamento se torna mais eficiente, reduzindo a probabilidade de reservas duplas ou conflitos de agendamento.<\/span><\/p>\n<h3><span style=\"color: #ffffff;\"><strong>2. Atualiza\u00e7\u00f5es de disponibilidade em tempo real:<\/strong><\/span><\/h3>\n<p><span style=\"color: #ffffff;\">Conforme as reservas s\u00e3o feitas ou alteradas dentro do PMS, o Cleanster.com atualiza em tempo real. Esse recurso garante que os profissionais de limpeza estejam sempre informados, permitindo que planejem suas agendas de forma eficaz e evitem correrias de \u00faltima hora.<\/span><\/p>\n<h3><span style=\"color: #ffffff;\"><strong>3. Opera\u00e7\u00f5es simplificadas:<\/strong><\/span><\/h3>\n<p><span style=\"color: #ffffff;\">Essa integra\u00e7\u00e3o simplifica o processo de gerenciamento para gerentes de propriedades. Com cronogramas de limpeza diretamente vinculados aos check-ins e check-outs dos h\u00f3spedes, ela garante que as propriedades estejam sempre prontas e acolhedoras, aprimorando as experi\u00eancias dos h\u00f3spedes.<\/span><\/p>\n<h2><span style=\"color: #ffffff;\"><strong>Integra\u00e7\u00e3o iCal para maior acessibilidade<\/strong><\/span><\/h2>\n<h3><span style=\"color: #ffffff;\"><strong>1. Compatibilidade com calend\u00e1rio universal:<\/strong><\/span><\/h3>\n<p><span style=\"color: #ffffff;\">Ao integrar com o iCal, o Cleanster.com amplia sua acessibilidade. Os usu\u00e1rios podem sincronizar seus cronogramas de limpeza com praticamente qualquer calend\u00e1rio digital, seja Google Calendar, Outlook ou Apple Calendar, fornecendo flexibilidade e facilidade de uso.<\/span><\/p>\n<h3><span style=\"color: #ffffff;\"><strong>2. Agendamento simplificado:<\/strong><\/span><\/h3>\n<p><span style=\"color: #ffffff;\">Essa integra\u00e7\u00e3o significa que os administradores de propriedades e profissionais de limpeza podem visualizar e gerenciar suas agendas no formato com o qual se sentem mais confort\u00e1veis. Ela reduz a curva de aprendizado e a necessidade de m\u00faltiplos sistemas de calend\u00e1rio.<\/span><\/p>\n<h3><span style=\"color: #ffffff;\"><strong>3. Comunica\u00e7\u00e3o aprimorada:<\/strong><\/span><\/h3>\n<p><span style=\"color: #ffffff;\">Com a integra\u00e7\u00e3o do iCal, lembretes e notifica\u00e7\u00f5es sobre compromissos de limpeza podem ser definidos para garantir que nenhum detalhe seja esquecido. Esse n\u00edvel de comunica\u00e7\u00e3o \u00e9 crucial para manter altos padr\u00f5es de entrega de servi\u00e7os.<\/span><\/p>\n<h1><span style=\"color: #ffffff;\">Cleanster.com: Aprimorando as opera\u00e7\u00f5es de limpeza com integra\u00e7\u00f5es poderosas com sistemas PMS e iCal<\/span><\/h1>\n<p><span style=\"color: #ffffff;\">No mundo din\u00e2mico dos servi\u00e7os de limpeza, efici\u00eancia e coordena\u00e7\u00e3o s\u00e3o essenciais. A Cleanster.com, uma plataforma l\u00edder no fornecimento de servi\u00e7os de limpeza acess\u00edveis e na capacita\u00e7\u00e3o de profissionais de servi\u00e7o, est\u00e1 dando um salto significativo ao se integrar com os Property Management Systems (PMS) e o iCalendar (iCal). Esse avan\u00e7o simplifica as opera\u00e7\u00f5es, garantindo agendamento e gerenciamento perfeitos para provedores de servi\u00e7o e clientes.<\/span><\/p>\n<h2><span style=\"color: #ffffff;\"><strong>Sincroniza\u00e7\u00e3o perfeita com sistemas de gerenciamento de propriedades<\/strong><\/span><\/h2>\n<h3><span style=\"color: #ffffff;\"><strong>1. Coordena\u00e7\u00e3o aprimorada:<\/strong><\/span><\/h3>\n<p><span style=\"color: #ffffff;\">A integra\u00e7\u00e3o com o PMS permite uma coordena\u00e7\u00e3o inigual\u00e1vel entre gerentes de propriedade e equipes de limpeza. Ao vincular diretamente a plataforma da Cleanster.com com o PMS, o agendamento se torna mais eficiente, reduzindo a probabilidade de reservas duplas ou conflitos de agendamento.<\/span><\/p>\n<h3><span style=\"color: #ffffff;\"><strong>2. Atualiza\u00e7\u00f5es de disponibilidade em tempo real:<\/strong><\/span><\/h3>\n<p><span style=\"color: #ffffff;\">Conforme as reservas s\u00e3o feitas ou alteradas dentro do PMS, o Cleanster.com atualiza em tempo real. Esse recurso garante que os profissionais de limpeza estejam sempre informados, permitindo que planejem suas agendas de forma eficaz e evitem correrias de \u00faltima hora.<\/span><\/p>\n<h3><span style=\"color: #ffffff;\"><strong>3. Opera\u00e7\u00f5es simplificadas:<\/strong><\/span><\/h3>\n<p><span style=\"color: #ffffff;\">Essa integra\u00e7\u00e3o simplifica o processo de gerenciamento para gerentes de propriedades. Com cronogramas de limpeza diretamente vinculados aos check-ins e check-outs dos h\u00f3spedes, ela garante que as propriedades estejam sempre prontas e acolhedoras, aprimorando as experi\u00eancias dos h\u00f3spedes.<\/span><\/p>\n<h2><span style=\"color: #ffffff;\"><strong>Integra\u00e7\u00e3o iCal para maior acessibilidade<\/strong><\/span><\/h2>\n<h3><span style=\"color: #ffffff;\"><strong>1. Compatibilidade com calend\u00e1rio universal:<\/strong><\/span><\/h3>\n<p><span style=\"color: #ffffff;\">Ao integrar com o iCal, o Cleanster.com amplia sua acessibilidade. Os usu\u00e1rios podem sincronizar seus cronogramas de limpeza com praticamente qualquer calend\u00e1rio digital, seja Google Calendar, Outlook ou Apple Calendar, fornecendo flexibilidade e facilidade de uso.<\/span><\/p>\n<h3><span style=\"color: #ffffff;\"><strong>2. Agendamento simplificado:<\/strong><\/span><\/h3>\n<p><span style=\"color: #ffffff;\">Essa integra\u00e7\u00e3o significa que os administradores de propriedades e profissionais de limpeza podem visualizar e gerenciar suas agendas no formato com o qual se sentem mais confort\u00e1veis. Ela reduz a curva de aprendizado e a necessidade de m\u00faltiplos sistemas de calend\u00e1rio.<\/span><\/p>\n<h3><span style=\"color: #ffffff;\"><strong>3. Comunica\u00e7\u00e3o aprimorada:<\/strong><\/span><\/h3>\n<p><span style=\"color: #ffffff;\">Com a integra\u00e7\u00e3o do iCal, lembretes e notifica\u00e7\u00f5es sobre compromissos de limpeza podem ser definidos para garantir que nenhum detalhe seja esquecido. Esse n\u00edvel de comunica\u00e7\u00e3o \u00e9 crucial para manter altos padr\u00f5es de entrega de servi\u00e7os.<\/span><\/p>\n<h2><span style=\"color: #ffffff;\"><strong>Benef\u00edcios para profissionais de servi\u00e7os e administradores de propriedades<\/strong><\/span><\/h2>\n<h3><span style=\"color: #ffffff;\"><strong>1. Aumento da produtividade:<\/strong><\/span><\/h3>\n<p><span style=\"color: #ffffff;\">Para profissionais de limpeza, essas integra\u00e7\u00f5es significam menos tempo gasto em tarefas administrativas e mais tempo em servi\u00e7os de limpeza reais. Essa efici\u00eancia leva ao aumento da produtividade e \u00e0 capacidade de assumir mais trabalho.<\/span><\/p>\n<h3><span style=\"color: #ffffff;\"><strong>2. Maior satisfa\u00e7\u00e3o:<\/strong><\/span><\/h3>\n<p><span style=\"color: #ffffff;\">Os administradores de propriedades se beneficiam do processo simplificado, levando a uma maior satisfa\u00e7\u00e3o dos h\u00f3spedes. Uma propriedade bem conservada \u00e9 essencial no setor de hospitalidade, e essas integra\u00e7\u00f5es garantem que os padr\u00f5es de limpeza sejam consistentemente atendidos.<\/span><\/p>\n<h3><span style=\"color: #ffffff;\"><strong>3. Vantagem competitiva:<\/strong><\/span><\/h3>\n<p><span style=\"color: #ffffff;\">Em um mercado onde efici\u00eancia e confiabilidade s\u00e3o essenciais, essas integra\u00e7\u00f5es fornecem uma vantagem competitiva. Propriedades que usam os servi\u00e7os integrados da Cleanster.com podem garantir aos seus h\u00f3spedes padr\u00f5es impec\u00e1veis.<\/span><\/p>\n<h2><span style=\"color: #ffffff;\"><strong>Conclus\u00e3o: Estabelecendo novos padr\u00f5es em servi\u00e7os de limpeza<\/strong><\/span><\/h2>\n<p><span style=\"color: #ffffff;\">A integra\u00e7\u00e3o do Cleanster.com com PMS e iCal \u00e9 mais do que apenas uma atualiza\u00e7\u00e3o t\u00e9cnica; \u00e9 um compromisso com a excel\u00eancia e conveni\u00eancia no setor de limpeza. Ao aproveitar o poder dessas integra\u00e7\u00f5es, o Cleanster.com est\u00e1 definindo novos padr\u00f5es em efici\u00eancia e confiabilidade de servi\u00e7o, solidificando ainda mais sua posi\u00e7\u00e3o como l\u00edder no setor de servi\u00e7os de limpeza.<\/span><\/p>","protected":false},"excerpt":{"rendered":"<p>In the dynamic world of cleaning services, efficiency and coordination are key. Cleanster.com, a leading platform in providing accessible cleaning services and empowering service professionals, is taking a significant leap forward by integrating with Property Management Systems (PMS) and iCalendar (iCal). This advancement streamlines operations, ensuring seamless scheduling and management for both service providers and [&hellip;]<\/p>\n","protected":false},"author":1,"featured_media":0,"parent":0,"menu_order":0,"comment_status":"closed","ping_status":"closed","template":"templates\/rental.php","meta":{"_acf_changed":false,"footnotes":""},"class_list":["post-2392","page","type-page","status-publish","hentry","entry"],"acf":[],"yoast_head":"<!-- This site is optimized with the Yoast SEO Premium plugin v26.5 (Yoast SEO v27.3) - https:\/\/yoast.com\/product\/yoast-seo-premium-wordpress\/ -->\n<title>Powerful Integrations with Property Management Systems &amp; iCal<\/title>\n<meta name=\"description\" content=\"Our Property Management System automatically syncs your property details and reservation, which makes it easy for you\" \/>\n<meta name=\"robots\" content=\"index, follow, max-snippet:-1, max-image-preview:large, max-video-preview:-1\" \/>\n<link rel=\"canonical\" href=\"https:\/\/cleanster.com\/pt\/integracoes-poderosas-com-sistemas-pms-ical\/\" \/>\n<meta property=\"og:locale\" content=\"pt_PT\" \/>\n<meta property=\"og:type\" content=\"article\" \/>\n<meta property=\"og:title\" content=\"Powerful Integrations with PMS Systems &amp; iCal - Cleanster | Cleaning &amp; Maid Services Near You\" \/>\n<meta property=\"og:description\" content=\"Our Property Management System automatically syncs your property details and reservation, which makes it easy for you\" \/>\n<meta property=\"og:url\" content=\"https:\/\/cleanster.com\/pt\/integracoes-poderosas-com-sistemas-pms-ical\/\" \/>\n<meta property=\"og:site_name\" content=\"Cleanster | Cleaning &amp; Maid Services Near You\" \/>\n<meta property=\"article:publisher\" content=\"https:\/\/www.facebook.com\/cleansterhq\" \/>\n<meta property=\"article:modified_time\" content=\"2025-07-18T16:47:55+00:00\" \/>\n<meta property=\"og:image\" content=\"https:\/\/cleanster.com\/wp-content\/uploads\/2023\/11\/card@3x.png\" \/>\n\t<meta property=\"og:image:width\" content=\"1170\" \/>\n\t<meta property=\"og:image:height\" content=\"763\" \/>\n\t<meta property=\"og:image:type\" content=\"image\/png\" \/>\n<meta name=\"twitter:card\" content=\"summary_large_image\" \/>\n<meta name=\"twitter:site\" content=\"@cleansterhq\" \/>\n<meta name=\"twitter:label1\" content=\"Tempo estimado de leitura\" \/>\n\t<meta name=\"twitter:data1\" content=\"4 minutos\" \/>\n<script type=\"application\/ld+json\" class=\"yoast-schema-graph\">{\"@context\":\"https:\\\/\\\/schema.org\",\"@graph\":[{\"@type\":\"WebPage\",\"@id\":\"https:\\\/\\\/cleanster.com\\\/powerful-integrations-with-pms-systems-ical\\\/\",\"url\":\"https:\\\/\\\/cleanster.com\\\/powerful-integrations-with-pms-systems-ical\\\/\",\"name\":\"Powerful Integrations with Property Management Systems & iCal\",\"isPartOf\":{\"@id\":\"https:\\\/\\\/cleanster.com\\\/#website\"},\"datePublished\":\"2021-12-23T01:53:00+00:00\",\"dateModified\":\"2025-07-18T16:47:55+00:00\",\"description\":\"Our Property Management System automatically syncs your property details and reservation, which makes it easy for you\",\"inLanguage\":\"pt-PT\",\"potentialAction\":[{\"@type\":\"ReadAction\",\"target\":[\"https:\\\/\\\/cleanster.com\\\/powerful-integrations-with-pms-systems-ical\\\/\"]}]},{\"@type\":\"WebSite\",\"@id\":\"https:\\\/\\\/cleanster.com\\\/#website\",\"url\":\"https:\\\/\\\/cleanster.com\\\/\",\"name\":\"Cleanster | Cleaning & Maid Services Near You\",\"description\":\"Instantly find &amp; book trusted cleaners for homes, apartment, Airbnb, and offices. Cleanster offers affordable maid, housekeeping, and commercial cleaning services near you.\",\"publisher\":{\"@id\":\"https:\\\/\\\/cleanster.com\\\/#organization\"},\"alternateName\":\"Cleanster | Cleaning, Maid & Housekeeping Services for Everyone\",\"potentialAction\":[{\"@type\":\"SearchAction\",\"target\":{\"@type\":\"EntryPoint\",\"urlTemplate\":\"https:\\\/\\\/cleanster.com\\\/?s={search_term_string}\"},\"query-input\":{\"@type\":\"PropertyValueSpecification\",\"valueRequired\":true,\"valueName\":\"search_term_string\"}}],\"inLanguage\":\"pt-PT\"},{\"@type\":\"Organization\",\"@id\":\"https:\\\/\\\/cleanster.com\\\/#organization\",\"name\":\"Cleanster\",\"alternateName\":\"Cleanster.com\",\"url\":\"https:\\\/\\\/cleanster.com\\\/\",\"logo\":{\"@type\":\"ImageObject\",\"inLanguage\":\"pt-PT\",\"@id\":\"https:\\\/\\\/cleanster.com\\\/#\\\/schema\\\/logo\\\/image\\\/\",\"url\":\"https:\\\/\\\/cleanster.com\\\/wp-content\\\/uploads\\\/2025\\\/06\\\/Cleanster-Logo-1.svg\",\"contentUrl\":\"https:\\\/\\\/cleanster.com\\\/wp-content\\\/uploads\\\/2025\\\/06\\\/Cleanster-Logo-1.svg\",\"width\":1,\"height\":1,\"caption\":\"Cleanster\"},\"image\":{\"@id\":\"https:\\\/\\\/cleanster.com\\\/#\\\/schema\\\/logo\\\/image\\\/\"},\"sameAs\":[\"https:\\\/\\\/www.facebook.com\\\/cleansterhq\",\"https:\\\/\\\/x.com\\\/cleansterhq\",\"https:\\\/\\\/www.linkedin.com\\\/company\\\/cleansterhq\",\"https:\\\/\\\/www.instagram.com\\\/cleansterhq\",\"https:\\\/\\\/vm.tiktok.com\\\/ZM8vHmcuo\\\/\",\"https:\\\/\\\/www.clubhouse.com\\\/club\\\/cleanstercom\"],\"description\":\"Cleanster is an AI-powered cleaning services platform that connects Airbnb hosts, property managers, and commercial clients with vetted, on-demand cleaners. We offer apartment, house, Airbnb, commercial, and janitorial cleaning services. With a network of over 100,000 professionals across the US, Canada, and the UK, Cleanster delivers fast, reliable, and tech-enabled cleaning at scale.\",\"email\":\"support@cleanster.com\",\"telephone\":\"+1 (888) 788-2445\",\"legalName\":\"Cleanster, Inc.\",\"foundingDate\":\"2019-05-06\",\"duns\":\"118328526\",\"naics\":\"541511\",\"numberOfEmployees\":{\"@type\":\"QuantitativeValue\",\"minValue\":\"11\",\"maxValue\":\"50\"}}]}<\/script>\n<!-- \/ Yoast SEO Premium plugin. -->","yoast_head_json":{"title":"Integra\u00e7\u00f5es poderosas com sistemas de gerenciamento de propriedades e iCal","description":"Nosso sistema de gerenciamento de propriedades sincroniza automaticamente os detalhes e a reserva da sua propriedade, o que facilita para voc\u00ea","robots":{"index":"index","follow":"follow","max-snippet":"max-snippet:-1","max-image-preview":"max-image-preview:large","max-video-preview":"max-video-preview:-1"},"canonical":"https:\/\/cleanster.com\/pt\/integracoes-poderosas-com-sistemas-pms-ical\/","og_locale":"pt_PT","og_type":"article","og_title":"Powerful Integrations with PMS Systems & iCal - Cleanster | Cleaning &amp; Maid Services Near You","og_description":"Our Property Management System automatically syncs your property details and reservation, which makes it easy for you","og_url":"https:\/\/cleanster.com\/pt\/integracoes-poderosas-com-sistemas-pms-ical\/","og_site_name":"Cleanster | Cleaning &amp; Maid Services Near You","article_publisher":"https:\/\/www.facebook.com\/cleansterhq","article_modified_time":"2025-07-18T16:47:55+00:00","og_image":[{"width":1170,"height":763,"url":"https:\/\/cleanster.com\/wp-content\/uploads\/2023\/11\/card@3x.png","type":"image\/png"}],"twitter_card":"summary_large_image","twitter_site":"@cleansterhq","twitter_misc":{"Tempo estimado de leitura":"4 minutos"},"schema":{"@context":"https:\/\/schema.org","@graph":[{"@type":"WebPage","@id":"https:\/\/cleanster.com\/powerful-integrations-with-pms-systems-ical\/","url":"https:\/\/cleanster.com\/powerful-integrations-with-pms-systems-ical\/","name":"Integra\u00e7\u00f5es poderosas com sistemas de gerenciamento de propriedades e iCal","isPartOf":{"@id":"https:\/\/cleanster.com\/#website"},"datePublished":"2021-12-23T01:53:00+00:00","dateModified":"2025-07-18T16:47:55+00:00","description":"Nosso sistema de gerenciamento de propriedades sincroniza automaticamente os detalhes e a reserva da sua propriedade, o que facilita para voc\u00ea","inLanguage":"pt-PT","potentialAction":[{"@type":"ReadAction","target":["https:\/\/cleanster.com\/powerful-integrations-with-pms-systems-ical\/"]}]},{"@type":"WebSite","@id":"https:\/\/cleanster.com\/#website","url":"https:\/\/cleanster.com\/","name":"Cleanster | Servi\u00e7os de limpeza e limpeza perto de voc\u00ea","description":"Encontre e reserve instantaneamente servi\u00e7os de limpeza confi\u00e1veis para resid\u00eancias, apartamentos, Airbnb e escrit\u00f3rios. A Cleanster oferece servi\u00e7os acess\u00edveis de limpeza dom\u00e9stica, limpeza dom\u00e9stica e limpeza comercial perto de voc\u00ea.","publisher":{"@id":"https:\/\/cleanster.com\/#organization"},"alternateName":"Cleanster | Cleaning, Maid & Housekeeping Services for Everyone","potentialAction":[{"@type":"SearchAction","target":{"@type":"EntryPoint","urlTemplate":"https:\/\/cleanster.com\/?s={search_term_string}"},"query-input":{"@type":"PropertyValueSpecification","valueRequired":true,"valueName":"search_term_string"}}],"inLanguage":"pt-PT"},{"@type":"Organization","@id":"https:\/\/cleanster.com\/#organization","name":"Limpador","alternateName":"Cleanster.com","url":"https:\/\/cleanster.com\/","logo":{"@type":"ImageObject","inLanguage":"pt-PT","@id":"https:\/\/cleanster.com\/#\/schema\/logo\/image\/","url":"https:\/\/cleanster.com\/wp-content\/uploads\/2025\/06\/Cleanster-Logo-1.svg","contentUrl":"https:\/\/cleanster.com\/wp-content\/uploads\/2025\/06\/Cleanster-Logo-1.svg","width":1,"height":1,"caption":"Cleanster"},"image":{"@id":"https:\/\/cleanster.com\/#\/schema\/logo\/image\/"},"sameAs":["https:\/\/www.facebook.com\/cleansterhq","https:\/\/x.com\/cleansterhq","https:\/\/www.linkedin.com\/company\/cleansterhq","https:\/\/www.instagram.com\/cleansterhq","https:\/\/vm.tiktok.com\/ZM8vHmcuo\/","https:\/\/www.clubhouse.com\/club\/cleanstercom"],"description":"A Cleanster \u00e9 uma plataforma de servi\u00e7os de limpeza com tecnologia de IA que conecta anfitri\u00f5es do Airbnb, administradores de im\u00f3veis e clientes comerciais a profissionais de limpeza qualificados e sob demanda. Oferecemos servi\u00e7os de limpeza para apartamentos, casas, Airbnb, empresas e servi\u00e7os de zeladoria. Com uma rede de mais de 100.000 profissionais nos EUA, Canad\u00e1 e Reino Unido, a Cleanster oferece limpeza r\u00e1pida, confi\u00e1vel e com tecnologia em larga escala.","email":"support@cleanster.com","telephone":"+1 (888) 788-2445","legalName":"Cleanster, Inc.","foundingDate":"2019-05-06","duns":"118328526","naics":"541511","numberOfEmployees":{"@type":"QuantitativeValue","minValue":"11","maxValue":"50"}}]}},"_links":{"self":[{"href":"https:\/\/cleanster.com\/pt\/wp-json\/wp\/v2\/pages\/2392","targetHints":{"allow":["GET"]}}],"collection":[{"href":"https:\/\/cleanster.com\/pt\/wp-json\/wp\/v2\/pages"}],"about":[{"href":"https:\/\/cleanster.com\/pt\/wp-json\/wp\/v2\/types\/page"}],"author":[{"embeddable":true,"href":"https:\/\/cleanster.com\/pt\/wp-json\/wp\/v2\/users\/1"}],"replies":[{"embeddable":true,"href":"https:\/\/cleanster.com\/pt\/wp-json\/wp\/v2\/comments?post=2392"}],"version-history":[{"count":0,"href":"https:\/\/cleanster.com\/pt\/wp-json\/wp\/v2\/pages\/2392\/revisions"}],"wp:attachment":[{"href":"https:\/\/cleanster.com\/pt\/wp-json\/wp\/v2\/media?parent=2392"}],"curies":[{"name":"wp","href":"https:\/\/api.w.org\/{rel}","templated":true}]}}