{"id":2716,"date":"2022-01-14T16:16:48","date_gmt":"2022-01-14T16:16:48","guid":{"rendered":"http:\/\/cleanster.com\/?page_id=2716"},"modified":"2025-10-10T00:33:43","modified_gmt":"2025-10-10T00:33:43","slug":"limpeza-de-casa","status":"publish","type":"page","link":"https:\/\/cleanster.com\/pt\/limpeza-de-casa\/","title":{"rendered":"Limpeza de casa"},"content":{"rendered":"<h2><span style=\"color: #000000;\"><b>App para limpeza de casa\u00a0<\/b><\/span><\/h2>\n<p><span style=\"color: #000000;\"><span style=\"font-weight: 400;\">Um lar \u00e9 onde voc\u00ea deve se sentir mais \u00e0 vontade, mas<\/span><\/span><span style=\"color: #000000;\"><span style=\"font-weight: 400;\">Nossa agenda lotada provavelmente limita suas op\u00e7\u00f5es de limpeza. N\u00e3o se preocupe, porque existe um aplicativo para isso: <\/span><span style=\"font-weight: 400;\">nada supera o Cleanster, o aplicativo f\u00e1cil de usar que conecta voc\u00ea a profissionais de limpeza locais com pre\u00e7os acess\u00edveis.\u00a0<\/span><\/span><\/p>\n<p>Usar o Cleanster para agendar e limpar sua casa economiza seu tempo e lhe d\u00e1 tranquilidade sabendo que o trabalho foi bem feito.<\/p>\n<h2><span style=\"color: #000000;\"><b>Lista de verifica\u00e7\u00e3o de limpeza dom\u00e9stica<\/b><\/span><\/h2>\n<p><span style=\"font-weight: 400; color: #000000;\">Conhe\u00e7a mais de perto os servi\u00e7os de limpeza profissional da Cleanster.<\/span><\/p>\n<p><span style=\"font-weight: 400; color: #000000;\">Todos os c\u00f4modos \u2013 Aspira\u00e7\u00e3o, limpeza e higieniza\u00e7\u00e3o de todos os espa\u00e7os.<\/span><\/p>\n<p><span style=\"font-weight: 400; color: #000000;\">Salas de estar \u2013 Limpeza e remo\u00e7\u00e3o de p\u00f3 de superf\u00edcies de madeira e vidro. Limpeza embaixo das almofadas do sof\u00e1 e de itens decorativos.\u00a0<\/span><\/p>\n<p><span style=\"font-weight: 400; color: #000000;\">Cozinhas \u2013 Limpar frentes de arm\u00e1rios, mesas e cadeiras com pano \u00famido. Esfregar, lavar e higienizar bancadas. Levar o lixo para fora.\u00a0<\/span><\/p>\n<p><span style=\"font-weight: 400; color: #000000;\">Banheiros \u2013 Limpeza profunda e higieniza\u00e7\u00e3o de vasos sanit\u00e1rios, vaidades, banheiras, pisos e chuveiros.<\/span><\/p>\n<p><span style=\"font-weight: 400; color: #000000;\">Quartos \u2013 Arrumar a cama, tirar o p\u00f3, arrumar travesseiros e bichinhos de pel\u00facia. Limpar profundamente as superf\u00edcies e debaixo da cama.\u00a0<\/span><\/p>\n<h2><span style=\"color: #000000;\"><b>Melhor aplicativo de limpeza dom\u00e9stica<\/b><\/span><\/h2>\n<p><span style=\"font-weight: 400; color: #000000;\">A limpeza \u00e9 a nossa prioridade, por isso mantemos o resto f\u00e1cil e simples. A Cleanster oferece uma ampla gama de servi\u00e7os para atender \u00e0s suas necessidades, desde limpeza dom\u00e9stica regular at\u00e9 limpezas no Airbnb e limpezas profundas na mudan\u00e7a. Nossos profissionais de limpeza altamente qualificados s\u00e3o profissionais, simp\u00e1ticos e eficientes, entregando um servi\u00e7o de alta qualidade.<\/span><span style=\"font-weight: 400; color: #000000;\">Resultados de limpeza excepcionais. Com seu amplo conhecimento, eles contribuem para a redu\u00e7\u00e3o do impacto ambiental, utilizando ferramentas e equipamentos especializados. Aqui est\u00e3o mais alguns recursos interessantes: <\/span><\/p>\n<ul>\n<li><span style=\"font-weight: 400; color: #000000;\">Voc\u00ea s\u00f3 paga pelo servi\u00e7o solicitado, o que torna o servi\u00e7o mais econ\u00f4mico. <\/span><\/li>\n<li><span style=\"font-weight: 400; color: #000000;\">Voc\u00ea pode configurar um cronograma de limpeza usando o aplicativo<\/span><\/li>\n<li>Voc\u00ea pode dividir as tarefas com base no seu cronograma.<\/li>\n<\/ul>\n<p><span style=\"color: #000000;\"><span style=\"font-weight: 400;\">O limpador<\/span><a style=\"color: #000000;\" href=\"https:\/\/play.google.com\/store\/apps\/details?id=com.tidyapp.pro\"><span style=\"font-weight: 400;\">\u00a0aplicativo<\/span><\/a><span style=\"font-weight: 400;\"> \u00e9 o melhor servi\u00e7o de limpeza<\/span><span style=\"font-weight: 400;\">\u00a0para usu\u00e1rios de Android e iPhone.\u00a0<\/span><\/span><\/p>\n<p><span style=\"color: #000000;\"><span style=\"font-weight: 400;\">Oferecemos nossos servi\u00e7os em diversos locais nos Estados Unidos e Canad\u00e1. Para <\/span><span style=\"font-weight: 400;\">Limpeza do Airbnb<\/span><span style=\"font-weight: 400;\">, <\/span><span style=\"font-weight: 400;\">limpeza profunda<\/span><span style=\"font-weight: 400;\">, <\/span><span style=\"font-weight: 400;\">limpeza de aluguel de temporada<\/span><span style=\"font-weight: 400;\"> e muito mais, baixe o Cleanster agora.<\/span><\/span><\/p>","protected":false},"excerpt":{"rendered":"<p>App for house cleaning\u00a0 A home is where you should feel most at ease, but your busy schedule probably limits your options for cleaning your space. Not to worry, because, there&#8217;s an app for that: nothing beats Cleanster, the user-friendly app that connects you to local professional cleaners with affordable rates.\u00a0 Using Cleanster to schedule [&hellip;]<\/p>\n","protected":false},"author":1,"featured_media":0,"parent":0,"menu_order":0,"comment_status":"closed","ping_status":"closed","template":"templates\/home-cleaning.php","meta":{"_acf_changed":false,"footnotes":""},"class_list":["post-2716","page","type-page","status-publish","hentry","entry"],"acf":[],"yoast_head":"<!-- This site is optimized with the Yoast SEO Premium plugin v26.5 (Yoast SEO v27.4) - https:\/\/yoast.com\/product\/yoast-seo-premium-wordpress\/ -->\n<title>Professional House Cleaning Services<\/title>\n<meta name=\"description\" content=\"Cleanster is the app for house cleaning you need. Easily connect with local professionals for effective cleaning solutions.\" \/>\n<meta name=\"robots\" content=\"index, follow, max-snippet:-1, max-image-preview:large, max-video-preview:-1\" \/>\n<link rel=\"canonical\" href=\"https:\/\/cleanster.com\/pt\/limpeza-de-casa\/\" \/>\n<meta property=\"og:locale\" content=\"pt_PT\" \/>\n<meta property=\"og:type\" content=\"article\" \/>\n<meta property=\"og:title\" content=\"House Cleaning - Cleanster | Cleaning &amp; Maid Services Near You\" \/>\n<meta property=\"og:description\" content=\"Cleanster is the app for house cleaning you need. Easily connect with local professionals for effective cleaning solutions.\" \/>\n<meta property=\"og:url\" content=\"https:\/\/cleanster.com\/pt\/limpeza-de-casa\/\" \/>\n<meta property=\"og:site_name\" content=\"Cleanster | Cleaning &amp; Maid Services Near You\" \/>\n<meta property=\"article:publisher\" content=\"https:\/\/www.facebook.com\/cleansterhq\" \/>\n<meta property=\"article:modified_time\" content=\"2025-10-10T00:33:43+00:00\" \/>\n<meta property=\"og:image\" content=\"https:\/\/cleanster.com\/wp-content\/uploads\/2023\/11\/card@3x.png\" \/>\n\t<meta property=\"og:image:width\" content=\"1170\" \/>\n\t<meta property=\"og:image:height\" content=\"763\" \/>\n\t<meta property=\"og:image:type\" content=\"image\/png\" \/>\n<meta name=\"twitter:card\" content=\"summary_large_image\" \/>\n<meta name=\"twitter:site\" content=\"@cleansterhq\" \/>\n<meta name=\"twitter:label1\" content=\"Tempo estimado de leitura\" \/>\n\t<meta name=\"twitter:data1\" content=\"2 minutos\" \/>\n<script type=\"application\/ld+json\" class=\"yoast-schema-graph\">{\"@context\":\"https:\\\/\\\/schema.org\",\"@graph\":[{\"@type\":\"WebPage\",\"@id\":\"https:\\\/\\\/cleanster.com\\\/house-cleaning\\\/\",\"url\":\"https:\\\/\\\/cleanster.com\\\/house-cleaning\\\/\",\"name\":\"Professional House Cleaning Services\",\"isPartOf\":{\"@id\":\"https:\\\/\\\/cleanster.com\\\/#website\"},\"datePublished\":\"2022-01-14T16:16:48+00:00\",\"dateModified\":\"2025-10-10T00:33:43+00:00\",\"description\":\"Cleanster is the app for house cleaning you need. Easily connect with local professionals for effective cleaning solutions.\",\"inLanguage\":\"pt-PT\",\"potentialAction\":[{\"@type\":\"ReadAction\",\"target\":[\"https:\\\/\\\/cleanster.com\\\/house-cleaning\\\/\"]}]},{\"@type\":\"WebSite\",\"@id\":\"https:\\\/\\\/cleanster.com\\\/#website\",\"url\":\"https:\\\/\\\/cleanster.com\\\/\",\"name\":\"Cleanster | Cleaning & Maid Services Near You\",\"description\":\"Instantly find &amp; book trusted cleaners for homes, apartment, Airbnb, and offices. Cleanster offers affordable maid, housekeeping, and commercial cleaning services near you.\",\"publisher\":{\"@id\":\"https:\\\/\\\/cleanster.com\\\/#organization\"},\"alternateName\":\"Cleanster | Cleaning, Maid & Housekeeping Services for Everyone\",\"potentialAction\":[{\"@type\":\"SearchAction\",\"target\":{\"@type\":\"EntryPoint\",\"urlTemplate\":\"https:\\\/\\\/cleanster.com\\\/?s={search_term_string}\"},\"query-input\":{\"@type\":\"PropertyValueSpecification\",\"valueRequired\":true,\"valueName\":\"search_term_string\"}}],\"inLanguage\":\"pt-PT\"},{\"@type\":\"Organization\",\"@id\":\"https:\\\/\\\/cleanster.com\\\/#organization\",\"name\":\"Cleanster\",\"alternateName\":\"Cleanster.com\",\"url\":\"https:\\\/\\\/cleanster.com\\\/\",\"logo\":{\"@type\":\"ImageObject\",\"inLanguage\":\"pt-PT\",\"@id\":\"https:\\\/\\\/cleanster.com\\\/#\\\/schema\\\/logo\\\/image\\\/\",\"url\":\"https:\\\/\\\/cleanster.com\\\/wp-content\\\/uploads\\\/2025\\\/06\\\/Cleanster-Logo-1.svg\",\"contentUrl\":\"https:\\\/\\\/cleanster.com\\\/wp-content\\\/uploads\\\/2025\\\/06\\\/Cleanster-Logo-1.svg\",\"width\":1,\"height\":1,\"caption\":\"Cleanster\"},\"image\":{\"@id\":\"https:\\\/\\\/cleanster.com\\\/#\\\/schema\\\/logo\\\/image\\\/\"},\"sameAs\":[\"https:\\\/\\\/www.facebook.com\\\/cleansterhq\",\"https:\\\/\\\/x.com\\\/cleansterhq\",\"https:\\\/\\\/www.linkedin.com\\\/company\\\/cleansterhq\",\"https:\\\/\\\/www.instagram.com\\\/cleansterhq\",\"https:\\\/\\\/vm.tiktok.com\\\/ZM8vHmcuo\\\/\",\"https:\\\/\\\/www.clubhouse.com\\\/club\\\/cleanstercom\"],\"description\":\"Cleanster is an AI-powered cleaning services platform that connects Airbnb hosts, property managers, and commercial clients with vetted, on-demand cleaners. We offer apartment, house, Airbnb, commercial, and janitorial cleaning services. With a network of over 100,000 professionals across the US, Canada, and the UK, Cleanster delivers fast, reliable, and tech-enabled cleaning at scale.\",\"email\":\"support@cleanster.com\",\"telephone\":\"+1 (888) 788-2445\",\"legalName\":\"Cleanster, Inc.\",\"foundingDate\":\"2019-05-06\",\"duns\":\"118328526\",\"naics\":\"541511\",\"numberOfEmployees\":{\"@type\":\"QuantitativeValue\",\"minValue\":\"11\",\"maxValue\":\"50\"}}]}<\/script>\n<!-- \/ Yoast SEO Premium plugin. -->","yoast_head_json":{"title":"Servi\u00e7os profissionais de limpeza residencial","description":"Cleanster \u00e9 o aplicativo para limpeza dom\u00e9stica que voc\u00ea precisa. Conecte-se facilmente com profissionais locais para obter solu\u00e7\u00f5es de limpeza eficazes.","robots":{"index":"index","follow":"follow","max-snippet":"max-snippet:-1","max-image-preview":"max-image-preview:large","max-video-preview":"max-video-preview:-1"},"canonical":"https:\/\/cleanster.com\/pt\/limpeza-de-casa\/","og_locale":"pt_PT","og_type":"article","og_title":"House Cleaning - Cleanster | Cleaning &amp; Maid Services Near You","og_description":"Cleanster is the app for house cleaning you need. Easily connect with local professionals for effective cleaning solutions.","og_url":"https:\/\/cleanster.com\/pt\/limpeza-de-casa\/","og_site_name":"Cleanster | Cleaning &amp; Maid Services Near You","article_publisher":"https:\/\/www.facebook.com\/cleansterhq","article_modified_time":"2025-10-10T00:33:43+00:00","og_image":[{"width":1170,"height":763,"url":"https:\/\/cleanster.com\/wp-content\/uploads\/2023\/11\/card@3x.png","type":"image\/png"}],"twitter_card":"summary_large_image","twitter_site":"@cleansterhq","twitter_misc":{"Tempo estimado de leitura":"2 minutos"},"schema":{"@context":"https:\/\/schema.org","@graph":[{"@type":"WebPage","@id":"https:\/\/cleanster.com\/house-cleaning\/","url":"https:\/\/cleanster.com\/house-cleaning\/","name":"Servi\u00e7os profissionais de limpeza residencial","isPartOf":{"@id":"https:\/\/cleanster.com\/#website"},"datePublished":"2022-01-14T16:16:48+00:00","dateModified":"2025-10-10T00:33:43+00:00","description":"Cleanster \u00e9 o aplicativo para limpeza dom\u00e9stica que voc\u00ea precisa. Conecte-se facilmente com profissionais locais para obter solu\u00e7\u00f5es de limpeza eficazes.","inLanguage":"pt-PT","potentialAction":[{"@type":"ReadAction","target":["https:\/\/cleanster.com\/house-cleaning\/"]}]},{"@type":"WebSite","@id":"https:\/\/cleanster.com\/#website","url":"https:\/\/cleanster.com\/","name":"Cleanster | Servi\u00e7os de limpeza e limpeza perto de voc\u00ea","description":"Encontre e reserve instantaneamente servi\u00e7os de limpeza confi\u00e1veis para resid\u00eancias, apartamentos, Airbnb e escrit\u00f3rios. A Cleanster oferece servi\u00e7os acess\u00edveis de limpeza dom\u00e9stica, limpeza dom\u00e9stica e limpeza comercial perto de voc\u00ea.","publisher":{"@id":"https:\/\/cleanster.com\/#organization"},"alternateName":"Cleanster | Cleaning, Maid & Housekeeping Services for Everyone","potentialAction":[{"@type":"SearchAction","target":{"@type":"EntryPoint","urlTemplate":"https:\/\/cleanster.com\/?s={search_term_string}"},"query-input":{"@type":"PropertyValueSpecification","valueRequired":true,"valueName":"search_term_string"}}],"inLanguage":"pt-PT"},{"@type":"Organization","@id":"https:\/\/cleanster.com\/#organization","name":"Limpador","alternateName":"Cleanster.com","url":"https:\/\/cleanster.com\/","logo":{"@type":"ImageObject","inLanguage":"pt-PT","@id":"https:\/\/cleanster.com\/#\/schema\/logo\/image\/","url":"https:\/\/cleanster.com\/wp-content\/uploads\/2025\/06\/Cleanster-Logo-1.svg","contentUrl":"https:\/\/cleanster.com\/wp-content\/uploads\/2025\/06\/Cleanster-Logo-1.svg","width":1,"height":1,"caption":"Cleanster"},"image":{"@id":"https:\/\/cleanster.com\/#\/schema\/logo\/image\/"},"sameAs":["https:\/\/www.facebook.com\/cleansterhq","https:\/\/x.com\/cleansterhq","https:\/\/www.linkedin.com\/company\/cleansterhq","https:\/\/www.instagram.com\/cleansterhq","https:\/\/vm.tiktok.com\/ZM8vHmcuo\/","https:\/\/www.clubhouse.com\/club\/cleanstercom"],"description":"A Cleanster \u00e9 uma plataforma de servi\u00e7os de limpeza com tecnologia de IA que conecta anfitri\u00f5es do Airbnb, administradores de im\u00f3veis e clientes comerciais a profissionais de limpeza qualificados e sob demanda. Oferecemos servi\u00e7os de limpeza para apartamentos, casas, Airbnb, empresas e servi\u00e7os de zeladoria. Com uma rede de mais de 100.000 profissionais nos EUA, Canad\u00e1 e Reino Unido, a Cleanster oferece limpeza r\u00e1pida, confi\u00e1vel e com tecnologia em larga escala.","email":"support@cleanster.com","telephone":"+1 (888) 788-2445","legalName":"Cleanster, Inc.","foundingDate":"2019-05-06","duns":"118328526","naics":"541511","numberOfEmployees":{"@type":"QuantitativeValue","minValue":"11","maxValue":"50"}}]}},"_links":{"self":[{"href":"https:\/\/cleanster.com\/pt\/wp-json\/wp\/v2\/pages\/2716","targetHints":{"allow":["GET"]}}],"collection":[{"href":"https:\/\/cleanster.com\/pt\/wp-json\/wp\/v2\/pages"}],"about":[{"href":"https:\/\/cleanster.com\/pt\/wp-json\/wp\/v2\/types\/page"}],"author":[{"embeddable":true,"href":"https:\/\/cleanster.com\/pt\/wp-json\/wp\/v2\/users\/1"}],"replies":[{"embeddable":true,"href":"https:\/\/cleanster.com\/pt\/wp-json\/wp\/v2\/comments?post=2716"}],"version-history":[{"count":0,"href":"https:\/\/cleanster.com\/pt\/wp-json\/wp\/v2\/pages\/2716\/revisions"}],"wp:attachment":[{"href":"https:\/\/cleanster.com\/pt\/wp-json\/wp\/v2\/media?parent=2716"}],"curies":[{"name":"wp","href":"https:\/\/api.w.org\/{rel}","templated":true}]}}