{"id":4322,"date":"2022-01-24T15:53:01","date_gmt":"2022-01-24T15:53:01","guid":{"rendered":"https:\/\/cleanster.com\/?page_id=4322"},"modified":"2023-10-31T09:06:14","modified_gmt":"2023-10-31T09:06:14","slug":"por-que-voce-precisa-de-um-aplicativo-de-limpeza","status":"publish","type":"page","link":"https:\/\/cleanster.com\/pt\/por-que-voce-precisa-de-um-aplicativo-de-limpeza\/","title":{"rendered":"Por que voc\u00ea precisa do limpador?"},"content":{"rendered":"<h2><span style=\"font-weight: 400; color: #ffffff;\">A necessidade do limpador<\/span><\/h2>\n<p><span style=\"font-weight: 400; color: #ffffff;\">Nem todo mundo tem tempo para limpar, tirar a poeira do ch\u00e3o ou dos m\u00f3veis. Al\u00e9m disso, voc\u00ea tamb\u00e9m pode se sujar ao fazer essas coisas. Voc\u00ea tem que chegar a cantos ou lugares min\u00fasculos para limpar \u00e0s vezes. Claro, voc\u00ea tamb\u00e9m n\u00e3o quer limpar seu banheiro depois de algum tempo. Ent\u00e3o, tudo isso vai custar tempo e frescor valiosos. Ent\u00e3o, voc\u00ea pode n\u00e3o querer fazer essas coisas. Em vez disso, voc\u00ea pode querer que algu\u00e9m fa\u00e7a isso por voc\u00ea, que seja profissional e econ\u00f4mico. A\u00ed vem a necessidade do <a style=\"color: #ffffff;\" href=\"https:\/\/play.google.com\/store\/apps\/details?id=com.tidyapp&amp;hl=en_US&amp;gl=US\">Limpador<span style=\"font-weight: 400;\">.com<\/span><\/a>.<\/span><\/p>\n<p><span style=\"font-weight: 400; color: #ffffff;\">Usando os servi\u00e7os, voc\u00ea pode obter sua casa, escrit\u00f3rio, <a style=\"color: #ffffff;\" href=\"https:\/\/cleanster.com\/airbnb-cleaning-service\/\">Airbnb<\/a> bem limpo sem tocar um pouco de sujeira ou \u00e1gua. Voc\u00ea pode simplesmente clicar em para contratar um limpador profissional para realizar esse trabalho. Forne\u00e7a as informa\u00e7\u00f5es necess\u00e1rias, incluindo seu endere\u00e7o, durante a reserva do servi\u00e7o e um profissional estar\u00e1 \u00e0 sua porta antes de saber.\u00a0<\/span><\/p>\n<p><span style=\"font-weight: 400; color: #ffffff;\">Agora chegamos \u00e0 parte onde voc\u00ea pergunta sobre a necessidade do Cleanster<span style=\"font-weight: 400;\">.com<\/span>. Para sua informa\u00e7\u00e3o, informamos que n\u00e3o existe contrato entre voc\u00ea e o Cleanster<span style=\"font-weight: 400;\">.com<\/span>. Voc\u00ea simplesmente contrata um faxineiro profissional usando nosso aplicativo na \u00e1rea selecionada e paga a ele, o que \u00e9 totalmente seguro.<\/span><\/p>\n<p><span style=\"font-weight: 400; color: #ffffff;\">\u00c9 simplesmente melhor para voc\u00ea n\u00e3o celebrar nenhum contrato por tempo determinado. Voc\u00ea contrata uma faxineira sempre que sentir necessidade. Sua casa, escrit\u00f3rio ou Airbnb ficam t\u00e3o limpos quanto poss\u00edvel. Mesmo para os propriet\u00e1rios, ajudamos a tornar o seu im\u00f3vel apresent\u00e1vel. Com o uso prolongado, as coisas ficam acumuladas com sujeira e graxa.<\/span><\/p>\n<p><span style=\"font-weight: 400; color: #ffffff;\">Fazemos uma verifica\u00e7\u00e3o minuciosa do curr\u00edculo de cada faxineiro e garantimos que sua propriedade esteja em boas m\u00e3os. Ent\u00e3o, n\u00e3o se preocupe com seguran\u00e7a.<\/span><\/p>\n<p><span style=\"font-weight: 400; color: #ffffff;\">Ent\u00e3o, precisa de limpeza na sua casa, escrit\u00f3rio, apartamento ou Airbnb? Baixe o limpador<span style=\"font-weight: 400;\">.com<\/span> na Play Store ou App Store e pe\u00e7a a um profissional para limpar.<\/span><\/p>","protected":false},"excerpt":{"rendered":"<p>The necessity of the Cleanster Not everyone has the time to spend on cleaning, getting the dust off the floor or furniture. Plus, you can also get yourself dirty while doing such things. You have to get to tiny corners or places in order to clean sometimes. Of course, you don\u2019t want to clean your [&hellip;]<\/p>\n","protected":false},"author":1,"featured_media":16248,"parent":0,"menu_order":0,"comment_status":"closed","ping_status":"closed","template":"templates\/why-cleanster.php","meta":{"_acf_changed":false,"footnotes":""},"class_list":["post-4322","page","type-page","status-publish","has-post-thumbnail","hentry","entry"],"acf":[],"yoast_head":"<!-- This site is optimized with the Yoast SEO Premium plugin v26.5 (Yoast SEO v27.4) - https:\/\/yoast.com\/product\/yoast-seo-premium-wordpress\/ -->\n<title>Why Do You Need Cleanster? -<\/title>\n<meta name=\"description\" content=\"Not everyone has the time to spend on cleaning, getting the dust off the floor or furniture. Cleanster.com App is the best cleaning app solution.\" \/>\n<meta name=\"robots\" content=\"index, follow, max-snippet:-1, max-image-preview:large, max-video-preview:-1\" \/>\n<link rel=\"canonical\" href=\"https:\/\/cleanster.com\/pt\/por-que-voce-precisa-de-um-aplicativo-de-limpeza\/\" \/>\n<meta property=\"og:locale\" content=\"pt_PT\" \/>\n<meta property=\"og:type\" content=\"article\" \/>\n<meta property=\"og:title\" content=\"Why Do You Need Cleanster? - Cleanster | Cleaning &amp; Maid Services Near You\" \/>\n<meta property=\"og:description\" content=\"Not everyone has the time to spend on cleaning, getting the dust off the floor or furniture. Cleanster.com App is the best cleaning app solution.\" \/>\n<meta property=\"og:url\" content=\"https:\/\/cleanster.com\/pt\/por-que-voce-precisa-de-um-aplicativo-de-limpeza\/\" \/>\n<meta property=\"og:site_name\" content=\"Cleanster | Cleaning &amp; Maid Services Near You\" \/>\n<meta property=\"article:publisher\" content=\"https:\/\/www.facebook.com\/cleansterhq\" \/>\n<meta property=\"article:modified_time\" content=\"2023-10-31T09:06:14+00:00\" \/>\n<meta property=\"og:image\" content=\"https:\/\/cleanster.com\/wp-content\/uploads\/2023\/10\/1.png\" \/>\n\t<meta property=\"og:image:width\" content=\"1440\" \/>\n\t<meta property=\"og:image:height\" content=\"700\" \/>\n\t<meta property=\"og:image:type\" content=\"image\/png\" \/>\n<meta name=\"twitter:card\" content=\"summary_large_image\" \/>\n<meta name=\"twitter:site\" content=\"@cleansterhq\" \/>\n<meta name=\"twitter:label1\" content=\"Tempo estimado de leitura\" \/>\n\t<meta name=\"twitter:data1\" content=\"2 minutos\" \/>\n<script type=\"application\/ld+json\" class=\"yoast-schema-graph\">{\"@context\":\"https:\\\/\\\/schema.org\",\"@graph\":[{\"@type\":\"WebPage\",\"@id\":\"https:\\\/\\\/cleanster.com\\\/why-do-you-need-cleanster-app\\\/\",\"url\":\"https:\\\/\\\/cleanster.com\\\/why-do-you-need-cleanster-app\\\/\",\"name\":\"Why Do You Need Cleanster? -\",\"isPartOf\":{\"@id\":\"https:\\\/\\\/cleanster.com\\\/#website\"},\"primaryImageOfPage\":{\"@id\":\"https:\\\/\\\/cleanster.com\\\/why-do-you-need-cleanster-app\\\/#primaryimage\"},\"image\":{\"@id\":\"https:\\\/\\\/cleanster.com\\\/why-do-you-need-cleanster-app\\\/#primaryimage\"},\"thumbnailUrl\":\"https:\\\/\\\/cleanster.com\\\/wp-content\\\/uploads\\\/2023\\\/10\\\/1.png\",\"datePublished\":\"2022-01-24T15:53:01+00:00\",\"dateModified\":\"2023-10-31T09:06:14+00:00\",\"description\":\"Not everyone has the time to spend on cleaning, getting the dust off the floor or furniture. Cleanster.com App is the best cleaning app solution.\",\"inLanguage\":\"pt-PT\",\"potentialAction\":[{\"@type\":\"ReadAction\",\"target\":[\"https:\\\/\\\/cleanster.com\\\/why-do-you-need-cleanster-app\\\/\"]}]},{\"@type\":\"ImageObject\",\"inLanguage\":\"pt-PT\",\"@id\":\"https:\\\/\\\/cleanster.com\\\/why-do-you-need-cleanster-app\\\/#primaryimage\",\"url\":\"https:\\\/\\\/cleanster.com\\\/wp-content\\\/uploads\\\/2023\\\/10\\\/1.png\",\"contentUrl\":\"https:\\\/\\\/cleanster.com\\\/wp-content\\\/uploads\\\/2023\\\/10\\\/1.png\",\"width\":1440,\"height\":700},{\"@type\":\"WebSite\",\"@id\":\"https:\\\/\\\/cleanster.com\\\/#website\",\"url\":\"https:\\\/\\\/cleanster.com\\\/\",\"name\":\"Cleanster | Cleaning & Maid Services Near You\",\"description\":\"Instantly find &amp; book trusted cleaners for homes, apartment, Airbnb, and offices. Cleanster offers affordable maid, housekeeping, and commercial cleaning services near you.\",\"publisher\":{\"@id\":\"https:\\\/\\\/cleanster.com\\\/#organization\"},\"alternateName\":\"Cleanster | Cleaning, Maid & Housekeeping Services for Everyone\",\"potentialAction\":[{\"@type\":\"SearchAction\",\"target\":{\"@type\":\"EntryPoint\",\"urlTemplate\":\"https:\\\/\\\/cleanster.com\\\/?s={search_term_string}\"},\"query-input\":{\"@type\":\"PropertyValueSpecification\",\"valueRequired\":true,\"valueName\":\"search_term_string\"}}],\"inLanguage\":\"pt-PT\"},{\"@type\":\"Organization\",\"@id\":\"https:\\\/\\\/cleanster.com\\\/#organization\",\"name\":\"Cleanster\",\"alternateName\":\"Cleanster.com\",\"url\":\"https:\\\/\\\/cleanster.com\\\/\",\"logo\":{\"@type\":\"ImageObject\",\"inLanguage\":\"pt-PT\",\"@id\":\"https:\\\/\\\/cleanster.com\\\/#\\\/schema\\\/logo\\\/image\\\/\",\"url\":\"https:\\\/\\\/cleanster.com\\\/wp-content\\\/uploads\\\/2025\\\/06\\\/Cleanster-Logo-1.svg\",\"contentUrl\":\"https:\\\/\\\/cleanster.com\\\/wp-content\\\/uploads\\\/2025\\\/06\\\/Cleanster-Logo-1.svg\",\"width\":1,\"height\":1,\"caption\":\"Cleanster\"},\"image\":{\"@id\":\"https:\\\/\\\/cleanster.com\\\/#\\\/schema\\\/logo\\\/image\\\/\"},\"sameAs\":[\"https:\\\/\\\/www.facebook.com\\\/cleansterhq\",\"https:\\\/\\\/x.com\\\/cleansterhq\",\"https:\\\/\\\/www.linkedin.com\\\/company\\\/cleansterhq\",\"https:\\\/\\\/www.instagram.com\\\/cleansterhq\",\"https:\\\/\\\/vm.tiktok.com\\\/ZM8vHmcuo\\\/\",\"https:\\\/\\\/www.clubhouse.com\\\/club\\\/cleanstercom\"],\"description\":\"Cleanster is an AI-powered cleaning services platform that connects Airbnb hosts, property managers, and commercial clients with vetted, on-demand cleaners. We offer apartment, house, Airbnb, commercial, and janitorial cleaning services. With a network of over 100,000 professionals across the US, Canada, and the UK, Cleanster delivers fast, reliable, and tech-enabled cleaning at scale.\",\"email\":\"support@cleanster.com\",\"telephone\":\"+1 (888) 788-2445\",\"legalName\":\"Cleanster, Inc.\",\"foundingDate\":\"2019-05-06\",\"duns\":\"118328526\",\"naics\":\"541511\",\"numberOfEmployees\":{\"@type\":\"QuantitativeValue\",\"minValue\":\"11\",\"maxValue\":\"50\"}}]}<\/script>\n<!-- \/ Yoast SEO Premium plugin. -->","yoast_head_json":{"title":"Por que voc\u00ea precisa do limpador? -","description":"Nem todo mundo tem tempo para limpar, tirar a poeira do ch\u00e3o ou dos m\u00f3veis. Cleanster.com App \u00e9 a melhor solu\u00e7\u00e3o de aplicativo de limpeza.","robots":{"index":"index","follow":"follow","max-snippet":"max-snippet:-1","max-image-preview":"max-image-preview:large","max-video-preview":"max-video-preview:-1"},"canonical":"https:\/\/cleanster.com\/pt\/por-que-voce-precisa-de-um-aplicativo-de-limpeza\/","og_locale":"pt_PT","og_type":"article","og_title":"Why Do You Need Cleanster? - Cleanster | Cleaning &amp; Maid Services Near You","og_description":"Not everyone has the time to spend on cleaning, getting the dust off the floor or furniture. Cleanster.com App is the best cleaning app solution.","og_url":"https:\/\/cleanster.com\/pt\/por-que-voce-precisa-de-um-aplicativo-de-limpeza\/","og_site_name":"Cleanster | Cleaning &amp; Maid Services Near You","article_publisher":"https:\/\/www.facebook.com\/cleansterhq","article_modified_time":"2023-10-31T09:06:14+00:00","og_image":[{"width":1440,"height":700,"url":"https:\/\/cleanster.com\/wp-content\/uploads\/2023\/10\/1.png","type":"image\/png"}],"twitter_card":"summary_large_image","twitter_site":"@cleansterhq","twitter_misc":{"Tempo estimado de leitura":"2 minutos"},"schema":{"@context":"https:\/\/schema.org","@graph":[{"@type":"WebPage","@id":"https:\/\/cleanster.com\/why-do-you-need-cleanster-app\/","url":"https:\/\/cleanster.com\/why-do-you-need-cleanster-app\/","name":"Por que voc\u00ea precisa do limpador? -","isPartOf":{"@id":"https:\/\/cleanster.com\/#website"},"primaryImageOfPage":{"@id":"https:\/\/cleanster.com\/why-do-you-need-cleanster-app\/#primaryimage"},"image":{"@id":"https:\/\/cleanster.com\/why-do-you-need-cleanster-app\/#primaryimage"},"thumbnailUrl":"https:\/\/cleanster.com\/wp-content\/uploads\/2023\/10\/1.png","datePublished":"2022-01-24T15:53:01+00:00","dateModified":"2023-10-31T09:06:14+00:00","description":"Nem todo mundo tem tempo para limpar, tirar a poeira do ch\u00e3o ou dos m\u00f3veis. Cleanster.com App \u00e9 a melhor solu\u00e7\u00e3o de aplicativo de limpeza.","inLanguage":"pt-PT","potentialAction":[{"@type":"ReadAction","target":["https:\/\/cleanster.com\/why-do-you-need-cleanster-app\/"]}]},{"@type":"ImageObject","inLanguage":"pt-PT","@id":"https:\/\/cleanster.com\/why-do-you-need-cleanster-app\/#primaryimage","url":"https:\/\/cleanster.com\/wp-content\/uploads\/2023\/10\/1.png","contentUrl":"https:\/\/cleanster.com\/wp-content\/uploads\/2023\/10\/1.png","width":1440,"height":700},{"@type":"WebSite","@id":"https:\/\/cleanster.com\/#website","url":"https:\/\/cleanster.com\/","name":"Cleanster | Servi\u00e7os de limpeza e limpeza perto de voc\u00ea","description":"Encontre e reserve instantaneamente servi\u00e7os de limpeza confi\u00e1veis para resid\u00eancias, apartamentos, Airbnb e escrit\u00f3rios. A Cleanster oferece servi\u00e7os acess\u00edveis de limpeza dom\u00e9stica, limpeza dom\u00e9stica e limpeza comercial perto de voc\u00ea.","publisher":{"@id":"https:\/\/cleanster.com\/#organization"},"alternateName":"Cleanster | Cleaning, Maid & Housekeeping Services for Everyone","potentialAction":[{"@type":"SearchAction","target":{"@type":"EntryPoint","urlTemplate":"https:\/\/cleanster.com\/?s={search_term_string}"},"query-input":{"@type":"PropertyValueSpecification","valueRequired":true,"valueName":"search_term_string"}}],"inLanguage":"pt-PT"},{"@type":"Organization","@id":"https:\/\/cleanster.com\/#organization","name":"Limpador","alternateName":"Cleanster.com","url":"https:\/\/cleanster.com\/","logo":{"@type":"ImageObject","inLanguage":"pt-PT","@id":"https:\/\/cleanster.com\/#\/schema\/logo\/image\/","url":"https:\/\/cleanster.com\/wp-content\/uploads\/2025\/06\/Cleanster-Logo-1.svg","contentUrl":"https:\/\/cleanster.com\/wp-content\/uploads\/2025\/06\/Cleanster-Logo-1.svg","width":1,"height":1,"caption":"Cleanster"},"image":{"@id":"https:\/\/cleanster.com\/#\/schema\/logo\/image\/"},"sameAs":["https:\/\/www.facebook.com\/cleansterhq","https:\/\/x.com\/cleansterhq","https:\/\/www.linkedin.com\/company\/cleansterhq","https:\/\/www.instagram.com\/cleansterhq","https:\/\/vm.tiktok.com\/ZM8vHmcuo\/","https:\/\/www.clubhouse.com\/club\/cleanstercom"],"description":"A Cleanster \u00e9 uma plataforma de servi\u00e7os de limpeza com tecnologia de IA que conecta anfitri\u00f5es do Airbnb, administradores de im\u00f3veis e clientes comerciais a profissionais de limpeza qualificados e sob demanda. Oferecemos servi\u00e7os de limpeza para apartamentos, casas, Airbnb, empresas e servi\u00e7os de zeladoria. Com uma rede de mais de 100.000 profissionais nos EUA, Canad\u00e1 e Reino Unido, a Cleanster oferece limpeza r\u00e1pida, confi\u00e1vel e com tecnologia em larga escala.","email":"support@cleanster.com","telephone":"+1 (888) 788-2445","legalName":"Cleanster, Inc.","foundingDate":"2019-05-06","duns":"118328526","naics":"541511","numberOfEmployees":{"@type":"QuantitativeValue","minValue":"11","maxValue":"50"}}]}},"_links":{"self":[{"href":"https:\/\/cleanster.com\/pt\/wp-json\/wp\/v2\/pages\/4322","targetHints":{"allow":["GET"]}}],"collection":[{"href":"https:\/\/cleanster.com\/pt\/wp-json\/wp\/v2\/pages"}],"about":[{"href":"https:\/\/cleanster.com\/pt\/wp-json\/wp\/v2\/types\/page"}],"author":[{"embeddable":true,"href":"https:\/\/cleanster.com\/pt\/wp-json\/wp\/v2\/users\/1"}],"replies":[{"embeddable":true,"href":"https:\/\/cleanster.com\/pt\/wp-json\/wp\/v2\/comments?post=4322"}],"version-history":[{"count":0,"href":"https:\/\/cleanster.com\/pt\/wp-json\/wp\/v2\/pages\/4322\/revisions"}],"wp:featuredmedia":[{"embeddable":true,"href":"https:\/\/cleanster.com\/pt\/wp-json\/wp\/v2\/media\/16248"}],"wp:attachment":[{"href":"https:\/\/cleanster.com\/pt\/wp-json\/wp\/v2\/media?parent=4322"}],"curies":[{"name":"wp","href":"https:\/\/api.w.org\/{rel}","templated":true}]}}