{"id":4515,"date":"2022-01-24T18:36:08","date_gmt":"2022-01-24T18:36:08","guid":{"rendered":"https:\/\/cleanster.com\/?page_id=4515"},"modified":"2024-01-09T08:02:09","modified_gmt":"2024-01-09T08:02:09","slug":"o-que-e-aplicativo-de-limpeza","status":"publish","type":"page","link":"https:\/\/cleanster.com\/pt\/o-que-e-aplicativo-de-limpeza\/","title":{"rendered":"O que \u00e9 limpador?"},"content":{"rendered":"<h2><span style=\"font-weight: 400; color: #ffffff;\">O que \u00e9 o Cleanster<span style=\"font-weight: 400;\">.com<\/span>?<\/span><\/h2>\n<p><span style=\"font-weight: 400; color: #ffffff;\">O <a style=\"color: #ffffff;\" href=\"https:\/\/cleanster.com\/how-to-download-tidy-app\/\">Limpador<span style=\"font-weight: 400;\">.com<\/span><\/a> \u00c9 o que voc\u00ea considera um meio termo, um meio termo entre servi\u00e7os de limpeza profissional e pessoas que precisam de limpeza. Conectamos faxineiros verificados e amig\u00e1veis com pessoas realmente ocupadas ou propriet\u00e1rios que precisam de limpeza profunda ou limpeza profunda em seus im\u00f3veis. Como voc\u00ea est\u00e1 superocupado com seu trabalho o dia todo, n\u00e3o sobra muito tempo para limpar seu im\u00f3vel. Al\u00e9m disso, n\u00e3o \u00e9 f\u00e1cil limpar um local adequadamente. Ent\u00e3o, n\u00e3o se preocupem, pessoal, o aplicativo est\u00e1 aqui. Um faxineiro profissional bater\u00e1 \u00e0 sua porta com um simples clique do seu celular antes que voc\u00ea perceba. O procedimento \u00e9 como o do UBER, que voc\u00ea j\u00e1 sabe como fazer.\u00a0<\/span><\/p>\n<p><span style=\"font-weight: 400; color: #ffffff;\">Usando o Cleanster<span style=\"font-weight: 400;\">.com<\/span>, voc\u00ea pode reservar com seguran\u00e7a um profissional de limpeza para limpar sua propriedade, como casa, escrit\u00f3rio ou Airbnb, de forma r\u00e1pida e adequada.<\/span><\/p>\n<p><span style=\"font-weight: 400; color: #ffffff;\">O servi\u00e7o do Cleanster<span style=\"font-weight: 400;\">.com<\/span> est\u00e1 atualmente dispon\u00edvel para os EUA, Reino Unido e Canad\u00e1. Portanto, se voc\u00ea mora em qualquer um desses pa\u00edses fant\u00e1sticos, pode obter o servi\u00e7o do aplicativo com muita facilidade. Procurando por uma limpeza profissional ou profunda, o <a style=\"color: #ffffff;\" href=\"https:\/\/play.google.com\/store\/apps\/details?id=com.tidyapp&amp;hl=en_US&amp;gl=US\">Limpador<span style=\"font-weight: 400;\">.com<\/span><\/a> est\u00e1 aqui para voc\u00ea.\u00a0<\/span><\/p>\n<p><span style=\"font-weight: 400; color: #ffffff;\">O limpador<span style=\"font-weight: 400;\">.com<\/span> \u00e9 r\u00e1pido e seguro. Ao contratar um profissional de limpeza, ele estar\u00e1 no endere\u00e7o informado o mais r\u00e1pido poss\u00edvel. Caso esteja preocupado com a seguran\u00e7a, garantimos que voc\u00ea e sua propriedade estejam totalmente seguros. Ao cadastrar os profissionais de limpeza, fazemos uma verifica\u00e7\u00e3o completa dos antecedentes dos funcion\u00e1rios e garantimos que eles estejam limpos.\u00a0<\/span><\/p>\n<p><span style=\"font-weight: 400; color: #ffffff;\">Por fim, voc\u00ea pode estar se perguntando como obter o Cleanster<span style=\"font-weight: 400;\">.com<\/span> no seu dispositivo. A resposta est\u00e1 aqui para voc\u00ea. Para obter o Cleanster<span style=\"font-weight: 400;\">.com<\/span> No seu Android, acesse a Google Play Store, pesquise o aplicativo e instale-o. Ou, para obt\u00ea-lo no seu iOS, basta pesquisar o aplicativo na App Store e pronto! Voc\u00ea tem o Cleanster.<span style=\"font-weight: 400;\">.com<\/span> no seu dispositivo. Agora relaxe e aproveite o servi\u00e7o.<\/span><\/p>","protected":false},"excerpt":{"rendered":"<p>What is the Cleanster.com? The Cleanster.com is what you consider a medium, a medium between professional cleaning services and people who need their place cleaned. We connect verified and friendly cleaners with really busy people\u00a0 or landlords who need their places cleaned or deep\u00a0 cleaned. As you are super busy with your work the whole [&hellip;]<\/p>\n","protected":false},"author":1,"featured_media":16809,"parent":0,"menu_order":0,"comment_status":"closed","ping_status":"closed","template":"templates\/what-is-cleanster.php","meta":{"_acf_changed":false,"footnotes":""},"class_list":["post-4515","page","type-page","status-publish","has-post-thumbnail","hentry","entry"],"acf":[],"yoast_head":"<!-- This site is optimized with the Yoast SEO Premium plugin v26.5 (Yoast SEO v27.5) - https:\/\/yoast.com\/product\/yoast-seo-premium-wordpress\/ -->\n<title>What is Cleanster.com App?<\/title>\n<meta name=\"description\" content=\"The Cleanster.com is what you consider a medium between professional cleaning services and people who need their place cleaned.\" \/>\n<meta name=\"robots\" content=\"index, follow, max-snippet:-1, max-image-preview:large, max-video-preview:-1\" \/>\n<link rel=\"canonical\" href=\"https:\/\/cleanster.com\/pt\/o-que-e-aplicativo-de-limpeza\/\" \/>\n<meta property=\"og:locale\" content=\"pt_PT\" \/>\n<meta property=\"og:type\" content=\"article\" \/>\n<meta property=\"og:title\" content=\"What is Cleanster? - Cleanster | Cleaning &amp; Maid Services Near You\" \/>\n<meta property=\"og:description\" content=\"The Cleanster.com is what you consider a medium between professional cleaning services and people who need their place cleaned.\" \/>\n<meta property=\"og:url\" content=\"https:\/\/cleanster.com\/pt\/o-que-e-aplicativo-de-limpeza\/\" \/>\n<meta property=\"og:site_name\" content=\"Cleanster | Cleaning &amp; Maid Services Near You\" \/>\n<meta property=\"article:publisher\" content=\"https:\/\/www.facebook.com\/cleansterhq\" \/>\n<meta property=\"article:modified_time\" content=\"2024-01-09T08:02:09+00:00\" \/>\n<meta property=\"og:image\" content=\"https:\/\/cleanster.com\/wp-content\/uploads\/2023\/11\/2.png\" \/>\n\t<meta property=\"og:image:width\" content=\"1440\" \/>\n\t<meta property=\"og:image:height\" content=\"700\" \/>\n\t<meta property=\"og:image:type\" content=\"image\/png\" \/>\n<meta name=\"twitter:card\" content=\"summary_large_image\" \/>\n<meta name=\"twitter:site\" content=\"@cleansterhq\" \/>\n<meta name=\"twitter:label1\" content=\"Tempo estimado de leitura\" \/>\n\t<meta name=\"twitter:data1\" content=\"2 minutos\" \/>\n<script type=\"application\/ld+json\" class=\"yoast-schema-graph\">{\"@context\":\"https:\\\/\\\/schema.org\",\"@graph\":[{\"@type\":\"WebPage\",\"@id\":\"https:\\\/\\\/cleanster.com\\\/what-is-cleanster-app\\\/\",\"url\":\"https:\\\/\\\/cleanster.com\\\/what-is-cleanster-app\\\/\",\"name\":\"What is Cleanster.com App?\",\"isPartOf\":{\"@id\":\"https:\\\/\\\/cleanster.com\\\/#website\"},\"primaryImageOfPage\":{\"@id\":\"https:\\\/\\\/cleanster.com\\\/what-is-cleanster-app\\\/#primaryimage\"},\"image\":{\"@id\":\"https:\\\/\\\/cleanster.com\\\/what-is-cleanster-app\\\/#primaryimage\"},\"thumbnailUrl\":\"https:\\\/\\\/cleanster.com\\\/wp-content\\\/uploads\\\/2023\\\/11\\\/2.png\",\"datePublished\":\"2022-01-24T18:36:08+00:00\",\"dateModified\":\"2024-01-09T08:02:09+00:00\",\"description\":\"The Cleanster.com is what you consider a medium between professional cleaning services and people who need their place cleaned.\",\"inLanguage\":\"pt-PT\",\"potentialAction\":[{\"@type\":\"ReadAction\",\"target\":[\"https:\\\/\\\/cleanster.com\\\/what-is-cleanster-app\\\/\"]}]},{\"@type\":\"ImageObject\",\"inLanguage\":\"pt-PT\",\"@id\":\"https:\\\/\\\/cleanster.com\\\/what-is-cleanster-app\\\/#primaryimage\",\"url\":\"https:\\\/\\\/cleanster.com\\\/wp-content\\\/uploads\\\/2023\\\/11\\\/2.png\",\"contentUrl\":\"https:\\\/\\\/cleanster.com\\\/wp-content\\\/uploads\\\/2023\\\/11\\\/2.png\",\"width\":1440,\"height\":700},{\"@type\":\"WebSite\",\"@id\":\"https:\\\/\\\/cleanster.com\\\/#website\",\"url\":\"https:\\\/\\\/cleanster.com\\\/\",\"name\":\"Cleanster | Cleaning & Maid Services Near You\",\"description\":\"Instantly find &amp; book trusted cleaners for homes, apartment, Airbnb, and offices. Cleanster offers affordable maid, housekeeping, and commercial cleaning services near you.\",\"publisher\":{\"@id\":\"https:\\\/\\\/cleanster.com\\\/#organization\"},\"alternateName\":\"Cleanster | Cleaning, Maid & Housekeeping Services for Everyone\",\"potentialAction\":[{\"@type\":\"SearchAction\",\"target\":{\"@type\":\"EntryPoint\",\"urlTemplate\":\"https:\\\/\\\/cleanster.com\\\/?s={search_term_string}\"},\"query-input\":{\"@type\":\"PropertyValueSpecification\",\"valueRequired\":true,\"valueName\":\"search_term_string\"}}],\"inLanguage\":\"pt-PT\"},{\"@type\":\"Organization\",\"@id\":\"https:\\\/\\\/cleanster.com\\\/#organization\",\"name\":\"Cleanster\",\"alternateName\":\"Cleanster.com\",\"url\":\"https:\\\/\\\/cleanster.com\\\/\",\"logo\":{\"@type\":\"ImageObject\",\"inLanguage\":\"pt-PT\",\"@id\":\"https:\\\/\\\/cleanster.com\\\/#\\\/schema\\\/logo\\\/image\\\/\",\"url\":\"https:\\\/\\\/cleanster.com\\\/wp-content\\\/uploads\\\/2025\\\/06\\\/Cleanster-Logo-1.svg\",\"contentUrl\":\"https:\\\/\\\/cleanster.com\\\/wp-content\\\/uploads\\\/2025\\\/06\\\/Cleanster-Logo-1.svg\",\"width\":1,\"height\":1,\"caption\":\"Cleanster\"},\"image\":{\"@id\":\"https:\\\/\\\/cleanster.com\\\/#\\\/schema\\\/logo\\\/image\\\/\"},\"sameAs\":[\"https:\\\/\\\/www.facebook.com\\\/cleansterhq\",\"https:\\\/\\\/x.com\\\/cleansterhq\",\"https:\\\/\\\/www.linkedin.com\\\/company\\\/cleansterhq\",\"https:\\\/\\\/www.instagram.com\\\/cleansterhq\",\"https:\\\/\\\/vm.tiktok.com\\\/ZM8vHmcuo\\\/\",\"https:\\\/\\\/www.clubhouse.com\\\/club\\\/cleanstercom\"],\"description\":\"Cleanster is an AI-powered cleaning services platform that connects Airbnb hosts, property managers, and commercial clients with vetted, on-demand cleaners. We offer apartment, house, Airbnb, commercial, and janitorial cleaning services. With a network of over 100,000 professionals across the US, Canada, and the UK, Cleanster delivers fast, reliable, and tech-enabled cleaning at scale.\",\"email\":\"support@cleanster.com\",\"telephone\":\"+1 (888) 788-2445\",\"legalName\":\"Cleanster, Inc.\",\"foundingDate\":\"2019-05-06\",\"duns\":\"118328526\",\"naics\":\"541511\",\"numberOfEmployees\":{\"@type\":\"QuantitativeValue\",\"minValue\":\"11\",\"maxValue\":\"50\"}}]}<\/script>\n<!-- \/ Yoast SEO Premium plugin. -->","yoast_head_json":{"title":"O que \u00e9 o aplicativo Cleanster.com?","description":"O Cleanster.com \u00e9 o que voc\u00ea considera um meio-termo entre os servi\u00e7os de limpeza profissionais e as pessoas que precisam de limpeza em seu local.","robots":{"index":"index","follow":"follow","max-snippet":"max-snippet:-1","max-image-preview":"max-image-preview:large","max-video-preview":"max-video-preview:-1"},"canonical":"https:\/\/cleanster.com\/pt\/o-que-e-aplicativo-de-limpeza\/","og_locale":"pt_PT","og_type":"article","og_title":"What is Cleanster? - Cleanster | Cleaning &amp; Maid Services Near You","og_description":"The Cleanster.com is what you consider a medium between professional cleaning services and people who need their place cleaned.","og_url":"https:\/\/cleanster.com\/pt\/o-que-e-aplicativo-de-limpeza\/","og_site_name":"Cleanster | Cleaning &amp; Maid Services Near You","article_publisher":"https:\/\/www.facebook.com\/cleansterhq","article_modified_time":"2024-01-09T08:02:09+00:00","og_image":[{"width":1440,"height":700,"url":"https:\/\/cleanster.com\/wp-content\/uploads\/2023\/11\/2.png","type":"image\/png"}],"twitter_card":"summary_large_image","twitter_site":"@cleansterhq","twitter_misc":{"Tempo estimado de leitura":"2 minutos"},"schema":{"@context":"https:\/\/schema.org","@graph":[{"@type":"WebPage","@id":"https:\/\/cleanster.com\/what-is-cleanster-app\/","url":"https:\/\/cleanster.com\/what-is-cleanster-app\/","name":"O que \u00e9 o aplicativo Cleanster.com?","isPartOf":{"@id":"https:\/\/cleanster.com\/#website"},"primaryImageOfPage":{"@id":"https:\/\/cleanster.com\/what-is-cleanster-app\/#primaryimage"},"image":{"@id":"https:\/\/cleanster.com\/what-is-cleanster-app\/#primaryimage"},"thumbnailUrl":"https:\/\/cleanster.com\/wp-content\/uploads\/2023\/11\/2.png","datePublished":"2022-01-24T18:36:08+00:00","dateModified":"2024-01-09T08:02:09+00:00","description":"O Cleanster.com \u00e9 o que voc\u00ea considera um meio-termo entre os servi\u00e7os de limpeza profissionais e as pessoas que precisam de limpeza em seu local.","inLanguage":"pt-PT","potentialAction":[{"@type":"ReadAction","target":["https:\/\/cleanster.com\/what-is-cleanster-app\/"]}]},{"@type":"ImageObject","inLanguage":"pt-PT","@id":"https:\/\/cleanster.com\/what-is-cleanster-app\/#primaryimage","url":"https:\/\/cleanster.com\/wp-content\/uploads\/2023\/11\/2.png","contentUrl":"https:\/\/cleanster.com\/wp-content\/uploads\/2023\/11\/2.png","width":1440,"height":700},{"@type":"WebSite","@id":"https:\/\/cleanster.com\/#website","url":"https:\/\/cleanster.com\/","name":"Cleanster | Servi\u00e7os de limpeza e limpeza perto de voc\u00ea","description":"Encontre e reserve instantaneamente servi\u00e7os de limpeza confi\u00e1veis para resid\u00eancias, apartamentos, Airbnb e escrit\u00f3rios. A Cleanster oferece servi\u00e7os acess\u00edveis de limpeza dom\u00e9stica, limpeza dom\u00e9stica e limpeza comercial perto de voc\u00ea.","publisher":{"@id":"https:\/\/cleanster.com\/#organization"},"alternateName":"Cleanster | Cleaning, Maid & Housekeeping Services for Everyone","potentialAction":[{"@type":"SearchAction","target":{"@type":"EntryPoint","urlTemplate":"https:\/\/cleanster.com\/?s={search_term_string}"},"query-input":{"@type":"PropertyValueSpecification","valueRequired":true,"valueName":"search_term_string"}}],"inLanguage":"pt-PT"},{"@type":"Organization","@id":"https:\/\/cleanster.com\/#organization","name":"Limpador","alternateName":"Cleanster.com","url":"https:\/\/cleanster.com\/","logo":{"@type":"ImageObject","inLanguage":"pt-PT","@id":"https:\/\/cleanster.com\/#\/schema\/logo\/image\/","url":"https:\/\/cleanster.com\/wp-content\/uploads\/2025\/06\/Cleanster-Logo-1.svg","contentUrl":"https:\/\/cleanster.com\/wp-content\/uploads\/2025\/06\/Cleanster-Logo-1.svg","width":1,"height":1,"caption":"Cleanster"},"image":{"@id":"https:\/\/cleanster.com\/#\/schema\/logo\/image\/"},"sameAs":["https:\/\/www.facebook.com\/cleansterhq","https:\/\/x.com\/cleansterhq","https:\/\/www.linkedin.com\/company\/cleansterhq","https:\/\/www.instagram.com\/cleansterhq","https:\/\/vm.tiktok.com\/ZM8vHmcuo\/","https:\/\/www.clubhouse.com\/club\/cleanstercom"],"description":"A Cleanster \u00e9 uma plataforma de servi\u00e7os de limpeza com tecnologia de IA que conecta anfitri\u00f5es do Airbnb, administradores de im\u00f3veis e clientes comerciais a profissionais de limpeza qualificados e sob demanda. Oferecemos servi\u00e7os de limpeza para apartamentos, casas, Airbnb, empresas e servi\u00e7os de zeladoria. Com uma rede de mais de 100.000 profissionais nos EUA, Canad\u00e1 e Reino Unido, a Cleanster oferece limpeza r\u00e1pida, confi\u00e1vel e com tecnologia em larga escala.","email":"support@cleanster.com","telephone":"+1 (888) 788-2445","legalName":"Cleanster, Inc.","foundingDate":"2019-05-06","duns":"118328526","naics":"541511","numberOfEmployees":{"@type":"QuantitativeValue","minValue":"11","maxValue":"50"}}]}},"_links":{"self":[{"href":"https:\/\/cleanster.com\/pt\/wp-json\/wp\/v2\/pages\/4515","targetHints":{"allow":["GET"]}}],"collection":[{"href":"https:\/\/cleanster.com\/pt\/wp-json\/wp\/v2\/pages"}],"about":[{"href":"https:\/\/cleanster.com\/pt\/wp-json\/wp\/v2\/types\/page"}],"author":[{"embeddable":true,"href":"https:\/\/cleanster.com\/pt\/wp-json\/wp\/v2\/users\/1"}],"replies":[{"embeddable":true,"href":"https:\/\/cleanster.com\/pt\/wp-json\/wp\/v2\/comments?post=4515"}],"version-history":[{"count":0,"href":"https:\/\/cleanster.com\/pt\/wp-json\/wp\/v2\/pages\/4515\/revisions"}],"wp:featuredmedia":[{"embeddable":true,"href":"https:\/\/cleanster.com\/pt\/wp-json\/wp\/v2\/media\/16809"}],"wp:attachment":[{"href":"https:\/\/cleanster.com\/pt\/wp-json\/wp\/v2\/media?parent=4515"}],"curies":[{"name":"wp","href":"https:\/\/api.w.org\/{rel}","templated":true}]}}