{"id":4517,"date":"2022-01-24T19:07:39","date_gmt":"2022-01-24T19:07:39","guid":{"rendered":"https:\/\/cleanster.com\/?page_id=4517"},"modified":"2023-10-30T13:29:58","modified_gmt":"2023-10-30T13:29:58","slug":"recursos-do-aplicativo-cleanster-com","status":"publish","type":"page","link":"https:\/\/cleanster.com\/pt\/recursos-do-aplicativo-cleanster-com\/","title":{"rendered":"Recursos do aplicativo Cleanster.com"},"content":{"rendered":"<h2><span style=\"font-weight: 400; color: #ffffff;\">Recursos do Cleanster<\/span><\/h2>\n<p>&nbsp;<\/p>\n<p><span style=\"font-weight: 400; color: #ffffff;\">The Cleanster. com<a style=\"color: #ffffff;\" href=\"https:\/\/play.google.com\/store\/apps\/details?id=com.tidyapp&amp;hl=en_US&amp;gl=US\">\u00a0aplicativo<\/a> \u00e9 um aplicativo m\u00f3vel usado para conectar um profissional de limpeza com uma pessoa que precisa de seu local, como uma casa, escrit\u00f3rio ou <a style=\"color: #ffffff;\" href=\"https:\/\/cleanster.com\/airbnb-cleaning-service\/\">Airbnb limpo<\/a>Agora voc\u00ea deve estar se perguntando o que torna o Cleanster.com t\u00e3o bom. Quais s\u00e3o os recursos do aplicativo Cleanster.com? Aqui vai um tour para voc\u00ea:<\/span><\/p>\n<p>&nbsp;<\/p>\n<p><span style=\"font-weight: 400; color: #ffffff;\">Primeiro, o aplicativo Cleanster.com est\u00e1 dispon\u00edvel em dois idiomas: ingl\u00eas e franc\u00eas. Ent\u00e3o, se voc\u00ea conhece algum deles, est\u00e1 pronto para come\u00e7ar.<\/span><\/p>\n<p><span style=\"font-weight: 400; color: #ffffff;\">Segundo, voc\u00ea pode conversar com o profissional de limpeza que est\u00e1 tentando contratar. Voc\u00eas podem discutir ou negociar os termos entre si. Isso ajuda a esclarecer suas d\u00favidas.<\/span><\/p>\n<p><span style=\"font-weight: 400; color: #ffffff;\">Terceiro, voc\u00ea pode escolher um endere\u00e7o para a limpeza no momento da reserva. Onde quer que voc\u00ea esteja no momento, voc\u00ea pode escolher um local remoto.<\/span><\/p>\n<p><span style=\"font-weight: 400; color: #ffffff;\">Quarto, voc\u00ea pode escolher o tipo de propriedade ao fazer a reserva.\u00a0<\/span><\/p>\n<p><span style=\"font-weight: 400; color: #ffffff;\">O quinto e um dos recursos mais fascinantes do aplicativo Cleanster.com \u00e9 que voc\u00ea pode agendar o hor\u00e1rio de limpeza que desejar. Em um hor\u00e1rio espec\u00edfico, o profissional estar\u00e1 l\u00e1.\u00a0<\/span><\/p>\n<p><span style=\"font-weight: 400; color: #ffffff;\">O processo completo de contrata\u00e7\u00e3o de um servi\u00e7o de limpeza \u00e9 totalmente simples e super r\u00e1pido. Por fim, a seguran\u00e7a de voc\u00ea e de sua propriedade \u00e9 totalmente garantida por n\u00f3s. E, claro, o pagamento \u00e9 garantido.<\/span><\/p>\n<p><span style=\"font-weight: 400; color: #ffffff;\">Agora, aqui vai uma sugest\u00e3o simp\u00e1tica para voc\u00ea. Depois de limpar sua casa com o servi\u00e7o do aplicativo Cleanster.com, voc\u00ea vai querer fazer isso novamente como rotina. Ent\u00e3o, basta assinar o aplicativo. H\u00e1 planos semanais, quinzenais e mensais para voc\u00ea. Contrate um e o faxineiro estar\u00e1 l\u00e1 no dia selecionado.<\/span><\/p>\n<p>&nbsp;<\/p>\n<p><span style=\"font-weight: 400; color: #ffffff;\">Se voc\u00ea \u00e9 um profissional de limpeza e quer ganhar um dinheiro extra trabalhando por conta pr\u00f3pria, o aplicativo Cleanster.com \u00e9 para voc\u00ea. Cadastre-se como profissional de limpeza no aplicativo Cleanster.com e conecte-se com propriet\u00e1rios ou locadores.\u00a0<\/span><\/p>","protected":false},"excerpt":{"rendered":"<p>Cleanster features &nbsp; The Cleanster.com\u00a0app is a mobile app used to connect a professional cleaner with a person who needs his\/her place such as a home, office or Airbnb cleaned. Now you might ask what makes the Cleanster.com so good. What are the Cleanster.com app features? Here\u2019s a tour for you- &nbsp; First, the Cleanster.com [&hellip;]<\/p>\n","protected":false},"author":2,"featured_media":16160,"parent":0,"menu_order":0,"comment_status":"closed","ping_status":"closed","template":"templates\/features-cleanster.php","meta":{"_acf_changed":false,"footnotes":""},"class_list":["post-4517","page","type-page","status-publish","has-post-thumbnail","hentry","entry"],"acf":[],"yoast_head":"<!-- This site is optimized with the Yoast SEO Premium plugin v26.5 (Yoast SEO v27.3) - https:\/\/yoast.com\/product\/yoast-seo-premium-wordpress\/ -->\n<title>Awesome Features of Cleanster.com App- Cleanster.com App<\/title>\n<meta name=\"description\" content=\"Features of Cleanster.com that takes cleaning to a whole new level. By utilizing Cleanster App, you can instantly get a professional cleaner.\" \/>\n<meta name=\"robots\" content=\"index, follow, max-snippet:-1, max-image-preview:large, max-video-preview:-1\" \/>\n<link rel=\"canonical\" href=\"https:\/\/cleanster.com\/pt\/recursos-do-aplicativo-cleanster-com\/\" \/>\n<meta property=\"og:locale\" content=\"pt_PT\" \/>\n<meta property=\"og:type\" content=\"article\" \/>\n<meta property=\"og:title\" content=\"Features of Cleanster.com app - Cleanster | Cleaning &amp; Maid Services Near You\" \/>\n<meta property=\"og:description\" content=\"Features of Cleanster.com that takes cleaning to a whole new level. By utilizing Cleanster App, you can instantly get a professional cleaner.\" \/>\n<meta property=\"og:url\" content=\"https:\/\/cleanster.com\/pt\/recursos-do-aplicativo-cleanster-com\/\" \/>\n<meta property=\"og:site_name\" content=\"Cleanster | Cleaning &amp; Maid Services Near You\" \/>\n<meta property=\"article:publisher\" content=\"https:\/\/www.facebook.com\/cleansterhq\" \/>\n<meta property=\"article:modified_time\" content=\"2023-10-30T13:29:58+00:00\" \/>\n<meta property=\"og:image\" content=\"https:\/\/cleanster.com\/wp-content\/uploads\/2023\/10\/3.png\" \/>\n\t<meta property=\"og:image:width\" content=\"1440\" \/>\n\t<meta property=\"og:image:height\" content=\"700\" \/>\n\t<meta property=\"og:image:type\" content=\"image\/png\" \/>\n<meta name=\"twitter:card\" content=\"summary_large_image\" \/>\n<meta name=\"twitter:site\" content=\"@cleansterhq\" \/>\n<meta name=\"twitter:label1\" content=\"Tempo estimado de leitura\" \/>\n\t<meta name=\"twitter:data1\" content=\"2 minutos\" \/>\n<script type=\"application\/ld+json\" class=\"yoast-schema-graph\">{\"@context\":\"https:\\\/\\\/schema.org\",\"@graph\":[{\"@type\":\"WebPage\",\"@id\":\"https:\\\/\\\/cleanster.com\\\/features-of-cleanster-com-app\\\/\",\"url\":\"https:\\\/\\\/cleanster.com\\\/features-of-cleanster-com-app\\\/\",\"name\":\"Awesome Features of Cleanster.com App- Cleanster.com App\",\"isPartOf\":{\"@id\":\"https:\\\/\\\/cleanster.com\\\/#website\"},\"primaryImageOfPage\":{\"@id\":\"https:\\\/\\\/cleanster.com\\\/features-of-cleanster-com-app\\\/#primaryimage\"},\"image\":{\"@id\":\"https:\\\/\\\/cleanster.com\\\/features-of-cleanster-com-app\\\/#primaryimage\"},\"thumbnailUrl\":\"https:\\\/\\\/cleanster.com\\\/wp-content\\\/uploads\\\/2023\\\/10\\\/3.png\",\"datePublished\":\"2022-01-24T19:07:39+00:00\",\"dateModified\":\"2023-10-30T13:29:58+00:00\",\"description\":\"Features of Cleanster.com that takes cleaning to a whole new level. By utilizing Cleanster App, you can instantly get a professional cleaner.\",\"inLanguage\":\"pt-PT\",\"potentialAction\":[{\"@type\":\"ReadAction\",\"target\":[\"https:\\\/\\\/cleanster.com\\\/features-of-cleanster-com-app\\\/\"]}]},{\"@type\":\"ImageObject\",\"inLanguage\":\"pt-PT\",\"@id\":\"https:\\\/\\\/cleanster.com\\\/features-of-cleanster-com-app\\\/#primaryimage\",\"url\":\"https:\\\/\\\/cleanster.com\\\/wp-content\\\/uploads\\\/2023\\\/10\\\/3.png\",\"contentUrl\":\"https:\\\/\\\/cleanster.com\\\/wp-content\\\/uploads\\\/2023\\\/10\\\/3.png\",\"width\":1440,\"height\":700},{\"@type\":\"WebSite\",\"@id\":\"https:\\\/\\\/cleanster.com\\\/#website\",\"url\":\"https:\\\/\\\/cleanster.com\\\/\",\"name\":\"Cleanster | Cleaning & Maid Services Near You\",\"description\":\"Instantly find &amp; book trusted cleaners for homes, apartment, Airbnb, and offices. Cleanster offers affordable maid, housekeeping, and commercial cleaning services near you.\",\"publisher\":{\"@id\":\"https:\\\/\\\/cleanster.com\\\/#organization\"},\"alternateName\":\"Cleanster | Cleaning, Maid & Housekeeping Services for Everyone\",\"potentialAction\":[{\"@type\":\"SearchAction\",\"target\":{\"@type\":\"EntryPoint\",\"urlTemplate\":\"https:\\\/\\\/cleanster.com\\\/?s={search_term_string}\"},\"query-input\":{\"@type\":\"PropertyValueSpecification\",\"valueRequired\":true,\"valueName\":\"search_term_string\"}}],\"inLanguage\":\"pt-PT\"},{\"@type\":\"Organization\",\"@id\":\"https:\\\/\\\/cleanster.com\\\/#organization\",\"name\":\"Cleanster\",\"alternateName\":\"Cleanster.com\",\"url\":\"https:\\\/\\\/cleanster.com\\\/\",\"logo\":{\"@type\":\"ImageObject\",\"inLanguage\":\"pt-PT\",\"@id\":\"https:\\\/\\\/cleanster.com\\\/#\\\/schema\\\/logo\\\/image\\\/\",\"url\":\"https:\\\/\\\/cleanster.com\\\/wp-content\\\/uploads\\\/2025\\\/06\\\/Cleanster-Logo-1.svg\",\"contentUrl\":\"https:\\\/\\\/cleanster.com\\\/wp-content\\\/uploads\\\/2025\\\/06\\\/Cleanster-Logo-1.svg\",\"width\":1,\"height\":1,\"caption\":\"Cleanster\"},\"image\":{\"@id\":\"https:\\\/\\\/cleanster.com\\\/#\\\/schema\\\/logo\\\/image\\\/\"},\"sameAs\":[\"https:\\\/\\\/www.facebook.com\\\/cleansterhq\",\"https:\\\/\\\/x.com\\\/cleansterhq\",\"https:\\\/\\\/www.linkedin.com\\\/company\\\/cleansterhq\",\"https:\\\/\\\/www.instagram.com\\\/cleansterhq\",\"https:\\\/\\\/vm.tiktok.com\\\/ZM8vHmcuo\\\/\",\"https:\\\/\\\/www.clubhouse.com\\\/club\\\/cleanstercom\"],\"description\":\"Cleanster is an AI-powered cleaning services platform that connects Airbnb hosts, property managers, and commercial clients with vetted, on-demand cleaners. We offer apartment, house, Airbnb, commercial, and janitorial cleaning services. With a network of over 100,000 professionals across the US, Canada, and the UK, Cleanster delivers fast, reliable, and tech-enabled cleaning at scale.\",\"email\":\"support@cleanster.com\",\"telephone\":\"+1 (888) 788-2445\",\"legalName\":\"Cleanster, Inc.\",\"foundingDate\":\"2019-05-06\",\"duns\":\"118328526\",\"naics\":\"541511\",\"numberOfEmployees\":{\"@type\":\"QuantitativeValue\",\"minValue\":\"11\",\"maxValue\":\"50\"}}]}<\/script>\n<!-- \/ Yoast SEO Premium plugin. -->","yoast_head_json":{"title":"Recursos impressionantes do aplicativo Cleanster.com - aplicativo Cleanster.com","description":"Recursos do Cleanster.com que levam a limpeza a um n\u00edvel totalmente novo. Ao utilizar o Cleanster App, voc\u00ea pode obter instantaneamente um limpador profissional.","robots":{"index":"index","follow":"follow","max-snippet":"max-snippet:-1","max-image-preview":"max-image-preview:large","max-video-preview":"max-video-preview:-1"},"canonical":"https:\/\/cleanster.com\/pt\/recursos-do-aplicativo-cleanster-com\/","og_locale":"pt_PT","og_type":"article","og_title":"Features of Cleanster.com app - Cleanster | Cleaning &amp; Maid Services Near You","og_description":"Features of Cleanster.com that takes cleaning to a whole new level. By utilizing Cleanster App, you can instantly get a professional cleaner.","og_url":"https:\/\/cleanster.com\/pt\/recursos-do-aplicativo-cleanster-com\/","og_site_name":"Cleanster | Cleaning &amp; Maid Services Near You","article_publisher":"https:\/\/www.facebook.com\/cleansterhq","article_modified_time":"2023-10-30T13:29:58+00:00","og_image":[{"width":1440,"height":700,"url":"https:\/\/cleanster.com\/wp-content\/uploads\/2023\/10\/3.png","type":"image\/png"}],"twitter_card":"summary_large_image","twitter_site":"@cleansterhq","twitter_misc":{"Tempo estimado de leitura":"2 minutos"},"schema":{"@context":"https:\/\/schema.org","@graph":[{"@type":"WebPage","@id":"https:\/\/cleanster.com\/features-of-cleanster-com-app\/","url":"https:\/\/cleanster.com\/features-of-cleanster-com-app\/","name":"Recursos impressionantes do aplicativo Cleanster.com - aplicativo Cleanster.com","isPartOf":{"@id":"https:\/\/cleanster.com\/#website"},"primaryImageOfPage":{"@id":"https:\/\/cleanster.com\/features-of-cleanster-com-app\/#primaryimage"},"image":{"@id":"https:\/\/cleanster.com\/features-of-cleanster-com-app\/#primaryimage"},"thumbnailUrl":"https:\/\/cleanster.com\/wp-content\/uploads\/2023\/10\/3.png","datePublished":"2022-01-24T19:07:39+00:00","dateModified":"2023-10-30T13:29:58+00:00","description":"Recursos do Cleanster.com que levam a limpeza a um n\u00edvel totalmente novo. Ao utilizar o Cleanster App, voc\u00ea pode obter instantaneamente um limpador profissional.","inLanguage":"pt-PT","potentialAction":[{"@type":"ReadAction","target":["https:\/\/cleanster.com\/features-of-cleanster-com-app\/"]}]},{"@type":"ImageObject","inLanguage":"pt-PT","@id":"https:\/\/cleanster.com\/features-of-cleanster-com-app\/#primaryimage","url":"https:\/\/cleanster.com\/wp-content\/uploads\/2023\/10\/3.png","contentUrl":"https:\/\/cleanster.com\/wp-content\/uploads\/2023\/10\/3.png","width":1440,"height":700},{"@type":"WebSite","@id":"https:\/\/cleanster.com\/#website","url":"https:\/\/cleanster.com\/","name":"Cleanster | Servi\u00e7os de limpeza e limpeza perto de voc\u00ea","description":"Encontre e reserve instantaneamente servi\u00e7os de limpeza confi\u00e1veis para resid\u00eancias, apartamentos, Airbnb e escrit\u00f3rios. A Cleanster oferece servi\u00e7os acess\u00edveis de limpeza dom\u00e9stica, limpeza dom\u00e9stica e limpeza comercial perto de voc\u00ea.","publisher":{"@id":"https:\/\/cleanster.com\/#organization"},"alternateName":"Cleanster | Cleaning, Maid & Housekeeping Services for Everyone","potentialAction":[{"@type":"SearchAction","target":{"@type":"EntryPoint","urlTemplate":"https:\/\/cleanster.com\/?s={search_term_string}"},"query-input":{"@type":"PropertyValueSpecification","valueRequired":true,"valueName":"search_term_string"}}],"inLanguage":"pt-PT"},{"@type":"Organization","@id":"https:\/\/cleanster.com\/#organization","name":"Limpador","alternateName":"Cleanster.com","url":"https:\/\/cleanster.com\/","logo":{"@type":"ImageObject","inLanguage":"pt-PT","@id":"https:\/\/cleanster.com\/#\/schema\/logo\/image\/","url":"https:\/\/cleanster.com\/wp-content\/uploads\/2025\/06\/Cleanster-Logo-1.svg","contentUrl":"https:\/\/cleanster.com\/wp-content\/uploads\/2025\/06\/Cleanster-Logo-1.svg","width":1,"height":1,"caption":"Cleanster"},"image":{"@id":"https:\/\/cleanster.com\/#\/schema\/logo\/image\/"},"sameAs":["https:\/\/www.facebook.com\/cleansterhq","https:\/\/x.com\/cleansterhq","https:\/\/www.linkedin.com\/company\/cleansterhq","https:\/\/www.instagram.com\/cleansterhq","https:\/\/vm.tiktok.com\/ZM8vHmcuo\/","https:\/\/www.clubhouse.com\/club\/cleanstercom"],"description":"A Cleanster \u00e9 uma plataforma de servi\u00e7os de limpeza com tecnologia de IA que conecta anfitri\u00f5es do Airbnb, administradores de im\u00f3veis e clientes comerciais a profissionais de limpeza qualificados e sob demanda. Oferecemos servi\u00e7os de limpeza para apartamentos, casas, Airbnb, empresas e servi\u00e7os de zeladoria. Com uma rede de mais de 100.000 profissionais nos EUA, Canad\u00e1 e Reino Unido, a Cleanster oferece limpeza r\u00e1pida, confi\u00e1vel e com tecnologia em larga escala.","email":"support@cleanster.com","telephone":"+1 (888) 788-2445","legalName":"Cleanster, Inc.","foundingDate":"2019-05-06","duns":"118328526","naics":"541511","numberOfEmployees":{"@type":"QuantitativeValue","minValue":"11","maxValue":"50"}}]}},"_links":{"self":[{"href":"https:\/\/cleanster.com\/pt\/wp-json\/wp\/v2\/pages\/4517","targetHints":{"allow":["GET"]}}],"collection":[{"href":"https:\/\/cleanster.com\/pt\/wp-json\/wp\/v2\/pages"}],"about":[{"href":"https:\/\/cleanster.com\/pt\/wp-json\/wp\/v2\/types\/page"}],"author":[{"embeddable":true,"href":"https:\/\/cleanster.com\/pt\/wp-json\/wp\/v2\/users\/2"}],"replies":[{"embeddable":true,"href":"https:\/\/cleanster.com\/pt\/wp-json\/wp\/v2\/comments?post=4517"}],"version-history":[{"count":0,"href":"https:\/\/cleanster.com\/pt\/wp-json\/wp\/v2\/pages\/4517\/revisions"}],"wp:featuredmedia":[{"embeddable":true,"href":"https:\/\/cleanster.com\/pt\/wp-json\/wp\/v2\/media\/16160"}],"wp:attachment":[{"href":"https:\/\/cleanster.com\/pt\/wp-json\/wp\/v2\/media?parent=4517"}],"curies":[{"name":"wp","href":"https:\/\/api.w.org\/{rel}","templated":true}]}}