{"id":5681,"date":"2022-10-18T07:14:46","date_gmt":"2022-10-18T07:14:46","guid":{"rendered":"https:\/\/cleanster.com\/?page_id=5681"},"modified":"2025-10-09T19:53:39","modified_gmt":"2025-10-09T19:53:39","slug":"sobre-nos","status":"publish","type":"page","link":"https:\/\/cleanster.com\/pt\/sobre-nos\/","title":{"rendered":"Sobre n\u00f3s"},"content":{"rendered":"<p><span style=\"color: #ffffff;\">Bem-vindo ao Cleanster.com, onde os servi\u00e7os de limpeza encontram a inova\u00e7\u00e3o, <a style=\"color: #ffffff;\" href=\"https:\/\/www.investopedia.com\/terms\/e\/entrepreneur.asp\">empreendedorismo<\/a>e pr\u00e1ticas \u00e9ticas. Nossa plataforma, dispon\u00edvel como aplicativo em todos os dispositivos, n\u00e3o \u00e9 apenas um provedor de servi\u00e7os; \u00e9 uma for\u00e7a transformadora na ind\u00fastria de limpeza. Vamos explorar Cleanster.com<\/span><\/p>\n<h2><span style=\"color: #ffffff;\"><strong>Miss\u00e3o e Fundamentos \u00c9ticos<\/strong><\/span><\/h2>\n<p><span style=\"color: #ffffff;\">No centro da Cleanster.com est\u00e1 uma miss\u00e3o que orienta tudo o que fazemos. Acreditamos em dar a todos acesso conveniente a servi\u00e7os de limpeza, mas vamos al\u00e9m disso. Nosso compromisso com pr\u00e1ticas \u00e9ticas garante que os profissionais de servi\u00e7os recebam oportunidades reais de trabalho, permitindo-lhes se tornarem empreendedores. N\u00e3o se trata apenas de limpeza; trata-se de criar uma plataforma que pague um sal\u00e1rio digno e promova um sentimento de orgulho e propriedade no trabalho que nossos profissionais realizam.<\/span><\/p>\n<h2><span style=\"color: #ffffff;\"><strong>Plataforma amig\u00e1vel em todos os dispositivos<\/strong><\/span><\/h2>\n<p><span style=\"color: #ffffff;\">Cleanster.com entende a import\u00e2ncia da conveni\u00eancia no mundo acelerado de hoje. \u00c9 por isso que nossa plataforma est\u00e1 dispon\u00edvel como aplicativo em todos os dispositivos. Esteja voc\u00ea usando um smartphone, tablet ou computador, acessar nossos servi\u00e7os e gerenciar suas necessidades de limpeza est\u00e1 a apenas um toque de dist\u00e2ncia. Priorizamos uma experi\u00eancia de usu\u00e1rio perfeita, tornando mais f\u00e1cil para os clientes agendar, gerenciar e pagar por servi\u00e7os de limpeza sem esfor\u00e7o.<\/span><\/p>\n<h2><span style=\"color: #ffffff;\"><strong>Capacitando Profissionais de Servi\u00e7os<\/strong><\/span><\/h2>\n<p><span style=\"color: #ffffff;\">Os profissionais de limpeza que usam Cleanster.com n\u00e3o s\u00e3o apenas trabalhadores; eles s\u00e3o empreendedores em forma\u00e7\u00e3o. Fornecemos uma plataforma que os capacita com oportunidades reais de trabalho, remunera\u00e7\u00e3o justa e flexibilidade para escolher tarefas que se alinhem com seus hor\u00e1rios. Nosso compromisso com o desenvolvimento cont\u00ednuo de habilidades garante que nossos profissionais de limpeza permane\u00e7am \u00e0 frente no setor, oferecendo servi\u00e7os de primeira linha aos nossos clientes.<\/span><\/p>\n<h2><span style=\"color: #ffffff;\"><strong>Solu\u00e7\u00f5es de limpeza personalizadas<\/strong><\/span><\/h2>\n<p><span style=\"color: #ffffff;\">Cleanster.com entende que cada necessidade de limpeza \u00e9 \u00fanica. Quer se trate de um im\u00f3vel residencial, de um espa\u00e7o comercial ou de servi\u00e7os de limpeza especializados, a nossa plataforma oferece solu\u00e7\u00f5es personalizadas. Desde limpezas profundas \u00fanicas at\u00e9 manuten\u00e7\u00e3o regular, <a style=\"color: #ffffff;\" href=\"https:\/\/cleanster.com\/\">Cleanster.com<\/a> adapta-se \u00e0s diversas necessidades de nossa diversificada clientela.<\/span><\/p>\n<h2><span style=\"color: #ffffff;\"><strong>Transpar\u00eancia e responsabilidade<\/strong><\/span><\/h2>\n<p><span style=\"color: #ffffff;\">A transpar\u00eancia \u00e9 a base do Cleanster.com. Acreditamos na comunica\u00e7\u00e3o aberta e em negocia\u00e7\u00f5es justas. Nossa plataforma fornece relat\u00f3rios financeiros detalhados para profissionais de servi\u00e7os, garantindo transpar\u00eancia em ganhos, despesas e hist\u00f3ricos de pagamentos. Este compromisso com a responsabilidade se estende a todos os aspectos da nossa plataforma, criando um ambiente confi\u00e1vel tanto para clientes quanto para profissionais de servi\u00e7os.<\/span><\/p>\n<h2><span style=\"color: #ffffff;\"><strong>Pr\u00e1ticas Ambientalmente Conscientes<\/strong><\/span><\/h2>\n<p><span style=\"color: #ffffff;\">Cleanster.com n\u00e3o trata apenas de limpeza; \u00e9 tamb\u00e9m uma quest\u00e3o de sustentabilidade. Encorajamos a utiliza\u00e7\u00e3o de produtos e m\u00e9todos de limpeza ecol\u00f3gicos, minimizando o impacto ambiental dos nossos servi\u00e7os. Esta dedica\u00e7\u00e3o a pr\u00e1ticas ambientalmente conscientes alinha-se com o nosso compromisso mais amplo de criar um mundo mais limpo e saud\u00e1vel.<\/span><\/p>\n<h2><span style=\"color: #ffffff;\"><strong>Conclus\u00e3o: Junte-se \u00e0 revolu\u00e7\u00e3o Cleanster.com<\/strong><\/span><\/h2>\n<p><span style=\"color: #ffffff;\">Cleanster.com \u00e9 mais do que um servi\u00e7o de limpeza; \u00e9 uma revolu\u00e7\u00e3o na forma como os servi\u00e7os de limpeza s\u00e3o acessados, fornecidos e experimentados. Quer voc\u00ea seja um cliente em busca de solu\u00e7\u00f5es de limpeza convenientes e \u00e9ticas ou um profissional de limpeza em busca de oportunidades empreendedoras, Cleanster.com \u00e9 seu parceiro na transforma\u00e7\u00e3o da ind\u00fastria de limpeza.<\/span><\/p>\n<p><span style=\"color: #ffffff;\">Junte-se a n\u00f3s nesta jornada rumo a espa\u00e7os mais limpos, profissionais capacitados e um futuro mais brilhante e sustent\u00e1vel. Cleanster.com \u2013 onde a limpeza encontra inova\u00e7\u00e3o e \u00e9tica.<\/span><\/p>","protected":false},"excerpt":{"rendered":"<p>Welcome to Cleanster.com, where cleaning services meet innovation, entrepreneurship, and ethical practices. Our platform, available as an app across all devices, is not just a service provider; it&#8217;s a transformative force in the cleaning industry. Let&#8217;s explore about Cleanster.com Mission and Ethical Foundations At the core of Cleanster.com is a mission that guides everything we [&hellip;]<\/p>\n","protected":false},"author":2,"featured_media":0,"parent":0,"menu_order":0,"comment_status":"closed","ping_status":"closed","template":"templates\/about.php","meta":{"_acf_changed":false,"footnotes":""},"class_list":["post-5681","page","type-page","status-publish","hentry","entry"],"acf":[],"yoast_head":"<!-- This site is optimized with the Yoast SEO Premium plugin v26.5 (Yoast SEO v27.6) - https:\/\/yoast.com\/product\/yoast-seo-premium-wordpress\/ -->\n<title>About Us<\/title>\n<meta name=\"description\" content=\"Our primary mission is to give everyone convenient and quality access to professional cleaning services. Let&#039;s explore about us\" \/>\n<meta name=\"robots\" content=\"index, follow, max-snippet:-1, max-image-preview:large, max-video-preview:-1\" \/>\n<link rel=\"canonical\" href=\"https:\/\/cleanster.com\/pt\/sobre-nos\/\" \/>\n<meta property=\"og:locale\" content=\"pt_PT\" \/>\n<meta property=\"og:type\" content=\"article\" \/>\n<meta property=\"og:title\" content=\"About Us - Cleanster | Cleaning &amp; Maid Services Near You\" \/>\n<meta property=\"og:description\" content=\"Cleanster | Cleaning &amp; Maid Services Near You\" \/>\n<meta property=\"og:url\" content=\"https:\/\/cleanster.com\/pt\/sobre-nos\/\" \/>\n<meta property=\"og:site_name\" content=\"Cleanster | Cleaning &amp; Maid Services Near You\" \/>\n<meta property=\"article:publisher\" content=\"https:\/\/www.facebook.com\/cleansterhq\" \/>\n<meta property=\"article:modified_time\" content=\"2025-10-09T19:53:39+00:00\" \/>\n<meta property=\"og:image\" content=\"https:\/\/cleanster.com\/wp-content\/uploads\/2023\/11\/card@3x.png\" \/>\n\t<meta property=\"og:image:width\" content=\"1170\" \/>\n\t<meta property=\"og:image:height\" content=\"763\" \/>\n\t<meta property=\"og:image:type\" content=\"image\/png\" \/>\n<meta name=\"twitter:card\" content=\"summary_large_image\" \/>\n<meta name=\"twitter:site\" content=\"@cleansterhq\" \/>\n<meta name=\"twitter:label1\" content=\"Tempo estimado de leitura\" \/>\n\t<meta name=\"twitter:data1\" content=\"3 minutos\" \/>\n<script type=\"application\/ld+json\" class=\"yoast-schema-graph\">{\"@context\":\"https:\\\/\\\/schema.org\",\"@graph\":[{\"@type\":\"Article\",\"@id\":\"https:\\\/\\\/cleanster.com\\\/about-us\\\/#article\",\"isPartOf\":{\"@id\":\"https:\\\/\\\/cleanster.com\\\/about-us\\\/\"},\"author\":{\"name\":\"derrick\",\"@id\":\"https:\\\/\\\/cleanster.com\\\/#\\\/schema\\\/person\\\/bf8dbd71b6062df8d87e6f3f4673c94b\"},\"headline\":\"About Us\",\"datePublished\":\"2022-10-18T07:14:46+00:00\",\"dateModified\":\"2025-10-09T19:53:39+00:00\",\"mainEntityOfPage\":{\"@id\":\"https:\\\/\\\/cleanster.com\\\/about-us\\\/\"},\"wordCount\":496,\"publisher\":{\"@id\":\"https:\\\/\\\/cleanster.com\\\/#organization\"},\"inLanguage\":\"pt-PT\"},{\"@type\":[\"WebPage\",\"AboutPage\"],\"@id\":\"https:\\\/\\\/cleanster.com\\\/about-us\\\/\",\"url\":\"https:\\\/\\\/cleanster.com\\\/about-us\\\/\",\"name\":\"About Us\",\"isPartOf\":{\"@id\":\"https:\\\/\\\/cleanster.com\\\/#website\"},\"datePublished\":\"2022-10-18T07:14:46+00:00\",\"dateModified\":\"2025-10-09T19:53:39+00:00\",\"description\":\"Our primary mission is to give everyone convenient and quality access to professional cleaning services. Let's explore about us\",\"inLanguage\":\"pt-PT\",\"potentialAction\":[{\"@type\":\"ReadAction\",\"target\":[\"https:\\\/\\\/cleanster.com\\\/about-us\\\/\"]}]},{\"@type\":\"WebSite\",\"@id\":\"https:\\\/\\\/cleanster.com\\\/#website\",\"url\":\"https:\\\/\\\/cleanster.com\\\/\",\"name\":\"Cleanster | Cleaning & Maid Services Near You\",\"description\":\"Instantly find &amp; book trusted cleaners for homes, apartment, Airbnb, and offices. Cleanster offers affordable maid, housekeeping, and commercial cleaning services near you.\",\"publisher\":{\"@id\":\"https:\\\/\\\/cleanster.com\\\/#organization\"},\"alternateName\":\"Cleanster | Cleaning, Maid & Housekeeping Services for Everyone\",\"potentialAction\":[{\"@type\":\"SearchAction\",\"target\":{\"@type\":\"EntryPoint\",\"urlTemplate\":\"https:\\\/\\\/cleanster.com\\\/?s={search_term_string}\"},\"query-input\":{\"@type\":\"PropertyValueSpecification\",\"valueRequired\":true,\"valueName\":\"search_term_string\"}}],\"inLanguage\":\"pt-PT\"},{\"@type\":\"Organization\",\"@id\":\"https:\\\/\\\/cleanster.com\\\/#organization\",\"name\":\"Cleanster\",\"alternateName\":\"Cleanster.com\",\"url\":\"https:\\\/\\\/cleanster.com\\\/\",\"logo\":{\"@type\":\"ImageObject\",\"inLanguage\":\"pt-PT\",\"@id\":\"https:\\\/\\\/cleanster.com\\\/#\\\/schema\\\/logo\\\/image\\\/\",\"url\":\"https:\\\/\\\/cleanster.com\\\/wp-content\\\/uploads\\\/2025\\\/06\\\/Cleanster-Logo-1.svg\",\"contentUrl\":\"https:\\\/\\\/cleanster.com\\\/wp-content\\\/uploads\\\/2025\\\/06\\\/Cleanster-Logo-1.svg\",\"width\":1,\"height\":1,\"caption\":\"Cleanster\"},\"image\":{\"@id\":\"https:\\\/\\\/cleanster.com\\\/#\\\/schema\\\/logo\\\/image\\\/\"},\"sameAs\":[\"https:\\\/\\\/www.facebook.com\\\/cleansterhq\",\"https:\\\/\\\/x.com\\\/cleansterhq\",\"https:\\\/\\\/www.linkedin.com\\\/company\\\/cleansterhq\",\"https:\\\/\\\/www.instagram.com\\\/cleansterhq\",\"https:\\\/\\\/vm.tiktok.com\\\/ZM8vHmcuo\\\/\",\"https:\\\/\\\/www.clubhouse.com\\\/club\\\/cleanstercom\"],\"description\":\"Cleanster is an AI-powered cleaning services platform that connects Airbnb hosts, property managers, and commercial clients with vetted, on-demand cleaners. We offer apartment, house, Airbnb, commercial, and janitorial cleaning services. With a network of over 100,000 professionals across the US, Canada, and the UK, Cleanster delivers fast, reliable, and tech-enabled cleaning at scale.\",\"email\":\"support@cleanster.com\",\"telephone\":\"+1 (888) 788-2445\",\"legalName\":\"Cleanster, Inc.\",\"foundingDate\":\"2019-05-06\",\"duns\":\"118328526\",\"naics\":\"541511\",\"numberOfEmployees\":{\"@type\":\"QuantitativeValue\",\"minValue\":\"11\",\"maxValue\":\"50\"}},{\"@type\":\"Person\",\"@id\":\"https:\\\/\\\/cleanster.com\\\/#\\\/schema\\\/person\\\/bf8dbd71b6062df8d87e6f3f4673c94b\",\"name\":\"derrick\",\"image\":{\"@type\":\"ImageObject\",\"inLanguage\":\"pt-PT\",\"@id\":\"https:\\\/\\\/secure.gravatar.com\\\/avatar\\\/2f62e80994b7c3d8c0a4c2ab9df11da93ff44009f0af5bd22d3dc9b00b03610f?s=96&d=mm&r=g\",\"url\":\"https:\\\/\\\/secure.gravatar.com\\\/avatar\\\/2f62e80994b7c3d8c0a4c2ab9df11da93ff44009f0af5bd22d3dc9b00b03610f?s=96&d=mm&r=g\",\"contentUrl\":\"https:\\\/\\\/secure.gravatar.com\\\/avatar\\\/2f62e80994b7c3d8c0a4c2ab9df11da93ff44009f0af5bd22d3dc9b00b03610f?s=96&d=mm&r=g\",\"caption\":\"derrick\"},\"url\":\"https:\\\/\\\/cleanster.com\\\/pt\\\/author\\\/derrick\\\/\"}]}<\/script>\n<!-- \/ Yoast SEO Premium plugin. -->","yoast_head_json":{"title":"Sobre n\u00f3s","description":"Nossa principal miss\u00e3o \u00e9 oferecer a todos acesso conveniente e de qualidade a servi\u00e7os de limpeza profissionais. Vamos explorar sobre n\u00f3s","robots":{"index":"index","follow":"follow","max-snippet":"max-snippet:-1","max-image-preview":"max-image-preview:large","max-video-preview":"max-video-preview:-1"},"canonical":"https:\/\/cleanster.com\/pt\/sobre-nos\/","og_locale":"pt_PT","og_type":"article","og_title":"About Us - Cleanster | Cleaning &amp; Maid Services Near You","og_description":"Cleanster | Cleaning &amp; Maid Services Near You","og_url":"https:\/\/cleanster.com\/pt\/sobre-nos\/","og_site_name":"Cleanster | Cleaning &amp; Maid Services Near You","article_publisher":"https:\/\/www.facebook.com\/cleansterhq","article_modified_time":"2025-10-09T19:53:39+00:00","og_image":[{"width":1170,"height":763,"url":"https:\/\/cleanster.com\/wp-content\/uploads\/2023\/11\/card@3x.png","type":"image\/png"}],"twitter_card":"summary_large_image","twitter_site":"@cleansterhq","twitter_misc":{"Tempo estimado de leitura":"3 minutos"},"schema":{"@context":"https:\/\/schema.org","@graph":[{"@type":"Article","@id":"https:\/\/cleanster.com\/about-us\/#article","isPartOf":{"@id":"https:\/\/cleanster.com\/about-us\/"},"author":{"name":"derrick","@id":"https:\/\/cleanster.com\/#\/schema\/person\/bf8dbd71b6062df8d87e6f3f4673c94b"},"headline":"About Us","datePublished":"2022-10-18T07:14:46+00:00","dateModified":"2025-10-09T19:53:39+00:00","mainEntityOfPage":{"@id":"https:\/\/cleanster.com\/about-us\/"},"wordCount":496,"publisher":{"@id":"https:\/\/cleanster.com\/#organization"},"inLanguage":"pt-PT"},{"@type":["WebPage","AboutPage"],"@id":"https:\/\/cleanster.com\/about-us\/","url":"https:\/\/cleanster.com\/about-us\/","name":"Sobre n\u00f3s","isPartOf":{"@id":"https:\/\/cleanster.com\/#website"},"datePublished":"2022-10-18T07:14:46+00:00","dateModified":"2025-10-09T19:53:39+00:00","description":"Nossa principal miss\u00e3o \u00e9 oferecer a todos acesso conveniente e de qualidade a servi\u00e7os de limpeza profissionais. Vamos explorar sobre n\u00f3s","inLanguage":"pt-PT","potentialAction":[{"@type":"ReadAction","target":["https:\/\/cleanster.com\/about-us\/"]}]},{"@type":"WebSite","@id":"https:\/\/cleanster.com\/#website","url":"https:\/\/cleanster.com\/","name":"Cleanster | Servi\u00e7os de limpeza e limpeza perto de voc\u00ea","description":"Encontre e reserve instantaneamente servi\u00e7os de limpeza confi\u00e1veis para resid\u00eancias, apartamentos, Airbnb e escrit\u00f3rios. A Cleanster oferece servi\u00e7os acess\u00edveis de limpeza dom\u00e9stica, limpeza dom\u00e9stica e limpeza comercial perto de voc\u00ea.","publisher":{"@id":"https:\/\/cleanster.com\/#organization"},"alternateName":"Cleanster | Cleaning, Maid & Housekeeping Services for Everyone","potentialAction":[{"@type":"SearchAction","target":{"@type":"EntryPoint","urlTemplate":"https:\/\/cleanster.com\/?s={search_term_string}"},"query-input":{"@type":"PropertyValueSpecification","valueRequired":true,"valueName":"search_term_string"}}],"inLanguage":"pt-PT"},{"@type":"Organization","@id":"https:\/\/cleanster.com\/#organization","name":"Limpador","alternateName":"Cleanster.com","url":"https:\/\/cleanster.com\/","logo":{"@type":"ImageObject","inLanguage":"pt-PT","@id":"https:\/\/cleanster.com\/#\/schema\/logo\/image\/","url":"https:\/\/cleanster.com\/wp-content\/uploads\/2025\/06\/Cleanster-Logo-1.svg","contentUrl":"https:\/\/cleanster.com\/wp-content\/uploads\/2025\/06\/Cleanster-Logo-1.svg","width":1,"height":1,"caption":"Cleanster"},"image":{"@id":"https:\/\/cleanster.com\/#\/schema\/logo\/image\/"},"sameAs":["https:\/\/www.facebook.com\/cleansterhq","https:\/\/x.com\/cleansterhq","https:\/\/www.linkedin.com\/company\/cleansterhq","https:\/\/www.instagram.com\/cleansterhq","https:\/\/vm.tiktok.com\/ZM8vHmcuo\/","https:\/\/www.clubhouse.com\/club\/cleanstercom"],"description":"A Cleanster \u00e9 uma plataforma de servi\u00e7os de limpeza com tecnologia de IA que conecta anfitri\u00f5es do Airbnb, administradores de im\u00f3veis e clientes comerciais a profissionais de limpeza qualificados e sob demanda. Oferecemos servi\u00e7os de limpeza para apartamentos, casas, Airbnb, empresas e servi\u00e7os de zeladoria. Com uma rede de mais de 100.000 profissionais nos EUA, Canad\u00e1 e Reino Unido, a Cleanster oferece limpeza r\u00e1pida, confi\u00e1vel e com tecnologia em larga escala.","email":"support@cleanster.com","telephone":"+1 (888) 788-2445","legalName":"Cleanster, Inc.","foundingDate":"2019-05-06","duns":"118328526","naics":"541511","numberOfEmployees":{"@type":"QuantitativeValue","minValue":"11","maxValue":"50"}},{"@type":"Person","@id":"https:\/\/cleanster.com\/#\/schema\/person\/bf8dbd71b6062df8d87e6f3f4673c94b","name":"torre","image":{"@type":"ImageObject","inLanguage":"pt-PT","@id":"https:\/\/secure.gravatar.com\/avatar\/2f62e80994b7c3d8c0a4c2ab9df11da93ff44009f0af5bd22d3dc9b00b03610f?s=96&d=mm&r=g","url":"https:\/\/secure.gravatar.com\/avatar\/2f62e80994b7c3d8c0a4c2ab9df11da93ff44009f0af5bd22d3dc9b00b03610f?s=96&d=mm&r=g","contentUrl":"https:\/\/secure.gravatar.com\/avatar\/2f62e80994b7c3d8c0a4c2ab9df11da93ff44009f0af5bd22d3dc9b00b03610f?s=96&d=mm&r=g","caption":"derrick"},"url":"https:\/\/cleanster.com\/pt\/author\/derrick\/"}]}},"_links":{"self":[{"href":"https:\/\/cleanster.com\/pt\/wp-json\/wp\/v2\/pages\/5681","targetHints":{"allow":["GET"]}}],"collection":[{"href":"https:\/\/cleanster.com\/pt\/wp-json\/wp\/v2\/pages"}],"about":[{"href":"https:\/\/cleanster.com\/pt\/wp-json\/wp\/v2\/types\/page"}],"author":[{"embeddable":true,"href":"https:\/\/cleanster.com\/pt\/wp-json\/wp\/v2\/users\/2"}],"replies":[{"embeddable":true,"href":"https:\/\/cleanster.com\/pt\/wp-json\/wp\/v2\/comments?post=5681"}],"version-history":[{"count":0,"href":"https:\/\/cleanster.com\/pt\/wp-json\/wp\/v2\/pages\/5681\/revisions"}],"wp:attachment":[{"href":"https:\/\/cleanster.com\/pt\/wp-json\/wp\/v2\/media?parent=5681"}],"curies":[{"name":"wp","href":"https:\/\/api.w.org\/{rel}","templated":true}]}}