{"id":6071,"date":"2022-10-26T16:22:12","date_gmt":"2022-10-26T16:22:12","guid":{"rendered":"http:\/\/cleanster.ca\/?page_id=6071"},"modified":"2024-01-08T07:10:13","modified_gmt":"2024-01-08T07:10:13","slug":"limpeza-de-casa-perto-de-mim","status":"publish","type":"page","link":"https:\/\/cleanster.com\/pt\/limpeza-de-casa-perto-de-mim\/","title":{"rendered":"Limpeza dom\u00e9stica perto de mim"},"content":{"rendered":"<h2><span style=\"color: #ffffff;\"><b>App para limpeza de casa <\/b><b>perto de mim<\/b><\/span><\/h2>\n<p><span style=\"color: #ffffff;\"><span style=\"font-weight: 400;\">Um lar \u00e9 onde tudo depende da sua paz de esp\u00edrito, felicidade, estilo de vida mais saud\u00e1vel e muito mais. Sua agenda lotada provavelmente n\u00e3o lhe d\u00e1 escolha para limpar a casa. Se voc\u00ea est\u00e1 procurando um aplicativo profissional para limpeza dom\u00e9stica <\/span><span style=\"font-weight: 400;\">aproximar <\/span><span style=\"font-weight: 400;\">Ningu\u00e9m supera a Cleanster.com. Nosso aplicativo profissional para servi\u00e7os de limpeza dom\u00e9stica <\/span><span style=\"font-weight: 400;\">\u00e9 um aplicativo excelente para navegar por tudo facilmente.<\/span><\/span><\/p>\n<p><span style=\"font-weight: 400; color: #ffffff;\">Acreditamos que uma casa limpa parece mais saud\u00e1vel quando \u00e9 limpa por <a style=\"color: #ffffff;\" href=\"https:\/\/cleanster.com\/\">Cleanster.com<\/a> limpadores profissionais.<\/span><\/p>\n<h2><span style=\"color: #ffffff;\"><b>Aplicativo de lista de verifica\u00e7\u00e3o de limpeza dom\u00e9stica<\/b><\/span><\/h2>\n<p><span style=\"font-weight: 400; color: #ffffff;\">D\u00ea uma olhada mais de perto no aplicativo de servi\u00e7o de limpeza dom\u00e9stica profissional do Cleanster.com:<\/span><\/p>\n<p><span style=\"font-weight: 400; color: #ffffff;\">Salas de Estar \u2013 Tiramos o p\u00f3 e limpamos superf\u00edcies de madeira e vidro. Limpe sob as almofadas do sof\u00e1 e itens decorativos.\u00a0<\/span><\/p>\n<p><span style=\"font-weight: 400; color: #ffffff;\">Cozinhas \u2013 Limpamos profissionalmente frentes de arm\u00e1rios, mesas e cadeiras. Tamb\u00e9m limpamos, lavamos e higienizamos bancadas. Lixeiras vazias.\u00a0<\/span><\/p>\n<p><span style=\"font-weight: 400; color: #ffffff;\">Banheiros \u2013 Lave e higienize profundamente vasos sanit\u00e1rios, penteadeiras, banheiras, pisos e chuveiros.<\/span><\/p>\n<p><span style=\"font-weight: 400; color: #ffffff;\">Quartos \u2013 Arrume a cama, tire o p\u00f3 e arrume travesseiros e bichinhos de pel\u00facia. Limpamos profundamente as superf\u00edcies e debaixo da cama.\u00a0<\/span><\/p>\n<p><span style=\"font-weight: 400; color: #ffffff;\">Todos os quartos \u2013 Aspire profundamente, esfregue e higienize todos os quartos.<\/span><\/p>\n<h2><span style=\"color: #ffffff;\"><b>Melhor aplicativo de limpeza dom\u00e9stica<\/b><\/span><\/h2>\n<p><span style=\"font-weight: 400; color: #ffffff;\">A limpeza \u00e9 nossa prioridade, por isso, nos esfor\u00e7amos ao m\u00e1ximo para manter tudo f\u00e1cil e simples. A Cleanster.com oferece uma ampla gama de servi\u00e7os para sua casa, seja para limpeza de Airbnb, para mudan\u00e7a de casa ou para mudan\u00e7a de resid\u00eancia. Nossos profissionais de limpeza s\u00e3o profissionais, simp\u00e1ticos e eficientes.\u00a0<\/span><\/p>\n<p><span style=\"font-weight: 400; color: #ffffff;\">A Cleanster.com oferece resultados de limpeza excepcionais, reduz o impacto ambiental, conta com equipe treinada e qualificada, al\u00e9m de ferramentas e equipamentos especializados. E o mais importante: voc\u00ea s\u00f3 paga pelo servi\u00e7o contratado.\u00a0<\/span><\/p>\n<p><span style=\"color: #ffffff;\"><a style=\"color: #ffffff;\" href=\"https:\/\/play.google.com\/store\/apps\/details?id=com.tidyapp.pro\"><span style=\"font-weight: 400;\">Limpador<\/span><\/a><span style=\"font-weight: 400;\">.com \u00e9 o melhor aplicativo para servi\u00e7os de limpeza dom\u00e9stica perto de voc\u00ea para usu\u00e1rios de dispositivos m\u00f3veis Android e iPhone.\u00a0<\/span><\/span><\/p>\n<p><span style=\"font-weight: 400; color: #ffffff;\">Nosso servi\u00e7o \u00e9 econ\u00f4mico.<\/span><\/p>\n<p><span style=\"font-weight: 400; color: #ffffff;\">Oferecemos um aplicativo f\u00e1cil de agendamento de limpeza dom\u00e9stica para o Airbnb.\u00a0<\/span><\/p>\n<p><span style=\"font-weight: 400; color: #ffffff;\">O aplicativo de agendamento de limpeza da casa \u00e9 gratuito, ent\u00e3o voc\u00ea pode agendar para dividir suas tarefas de acordo com seu tempo.<\/span><\/p>\n<p><span style=\"color: #ffffff;\"><span style=\"font-weight: 400;\">N\u00e3o estamos apenas localizados perto de voc\u00ea,<\/span> <span style=\"font-weight: 400;\">Temos v\u00e1rios locais para prestar v\u00e1rios servi\u00e7os como <\/span><a style=\"color: #ffffff;\" href=\"https:\/\/cleanster.ca\/airbnb-cleaning-in-austin-tx\/\"><span style=\"font-weight: 400;\">Limpeza do Airbnb<\/span><\/a><span style=\"font-weight: 400;\">, <\/span><a style=\"color: #ffffff;\" href=\"https:\/\/cleanster.ca\/deep-cleaning-in-austin-tx-2\/\"><span style=\"font-weight: 400;\">limpeza profunda<\/span><\/a><span style=\"font-weight: 400;\">, <\/span><a style=\"color: #ffffff;\" href=\"https:\/\/cleanster.ca\/vacation-rental-cleaning-in-austin-tx\/\"><span style=\"font-weight: 400;\">limpeza de aluguel de temporada<\/span><\/a><span style=\"font-weight: 400;\"> e muitos mais.<\/span><\/span><\/p>","protected":false},"excerpt":{"rendered":"<p>App for house cleaning near me A home is where everything depends on your peace of mind, happiness, healthier lifestyle, and many more. Your busy schedule probably does not leave you a choice for cleaning the house. If you are looking for a professional app for house cleaning near your home no one can beat [&hellip;]<\/p>\n","protected":false},"author":1,"featured_media":16061,"parent":0,"menu_order":0,"comment_status":"closed","ping_status":"closed","template":"templates\/services.php","meta":{"_acf_changed":false,"footnotes":""},"class_list":["post-6071","page","type-page","status-publish","has-post-thumbnail","hentry","entry"],"acf":[],"yoast_head":"<!-- This site is optimized with the Yoast SEO Premium plugin v26.5 (Yoast SEO v27.4) - https:\/\/yoast.com\/product\/yoast-seo-premium-wordpress\/ -->\n<title>App for cleaning service near me - Cleanster.com<\/title>\n<meta name=\"description\" content=\"The smartest way to book, pay, and find house cleaning service near you through our Cleanster.com. It takes only 30 seconds.\" \/>\n<meta name=\"robots\" content=\"index, follow, max-snippet:-1, max-image-preview:large, max-video-preview:-1\" \/>\n<link rel=\"canonical\" href=\"https:\/\/cleanster.com\/pt\/limpeza-de-casa-perto-de-mim\/\" \/>\n<meta property=\"og:locale\" content=\"pt_PT\" \/>\n<meta property=\"og:type\" content=\"article\" \/>\n<meta property=\"og:title\" content=\"House Cleaning near me - Cleanster | Cleaning &amp; Maid Services Near You\" \/>\n<meta property=\"og:description\" content=\"The smartest way to book, pay, and find house cleaning service near you through our Cleanster.com. It takes only 30 seconds.\" \/>\n<meta property=\"og:url\" content=\"https:\/\/cleanster.com\/pt\/limpeza-de-casa-perto-de-mim\/\" \/>\n<meta property=\"og:site_name\" content=\"Cleanster | Cleaning &amp; Maid Services Near You\" \/>\n<meta property=\"article:publisher\" content=\"https:\/\/www.facebook.com\/cleansterhq\" \/>\n<meta property=\"article:modified_time\" content=\"2024-01-08T07:10:13+00:00\" \/>\n<meta property=\"og:image\" content=\"https:\/\/cleanster.com\/wp-content\/uploads\/2023\/10\/house-img.jpg\" \/>\n\t<meta property=\"og:image:width\" content=\"950\" \/>\n\t<meta property=\"og:image:height\" content=\"670\" \/>\n\t<meta property=\"og:image:type\" content=\"image\/jpeg\" \/>\n<meta name=\"twitter:card\" content=\"summary_large_image\" \/>\n<meta name=\"twitter:site\" content=\"@cleansterhq\" \/>\n<meta name=\"twitter:label1\" content=\"Tempo estimado de leitura\" \/>\n\t<meta name=\"twitter:data1\" content=\"2 minutos\" \/>\n<script type=\"application\/ld+json\" class=\"yoast-schema-graph\">{\"@context\":\"https:\\\/\\\/schema.org\",\"@graph\":[{\"@type\":\"WebPage\",\"@id\":\"https:\\\/\\\/cleanster.com\\\/house-cleaning-in-near-me\\\/\",\"url\":\"https:\\\/\\\/cleanster.com\\\/house-cleaning-in-near-me\\\/\",\"name\":\"App for cleaning service near me - Cleanster.com\",\"isPartOf\":{\"@id\":\"https:\\\/\\\/cleanster.com\\\/#website\"},\"primaryImageOfPage\":{\"@id\":\"https:\\\/\\\/cleanster.com\\\/house-cleaning-in-near-me\\\/#primaryimage\"},\"image\":{\"@id\":\"https:\\\/\\\/cleanster.com\\\/house-cleaning-in-near-me\\\/#primaryimage\"},\"thumbnailUrl\":\"https:\\\/\\\/cleanster.com\\\/wp-content\\\/uploads\\\/2023\\\/10\\\/house-img.jpg\",\"datePublished\":\"2022-10-26T16:22:12+00:00\",\"dateModified\":\"2024-01-08T07:10:13+00:00\",\"description\":\"The smartest way to book, pay, and find house cleaning service near you through our Cleanster.com. It takes only 30 seconds.\",\"inLanguage\":\"pt-PT\",\"potentialAction\":[{\"@type\":\"ReadAction\",\"target\":[\"https:\\\/\\\/cleanster.com\\\/house-cleaning-in-near-me\\\/\"]}]},{\"@type\":\"ImageObject\",\"inLanguage\":\"pt-PT\",\"@id\":\"https:\\\/\\\/cleanster.com\\\/house-cleaning-in-near-me\\\/#primaryimage\",\"url\":\"https:\\\/\\\/cleanster.com\\\/wp-content\\\/uploads\\\/2023\\\/10\\\/house-img.jpg\",\"contentUrl\":\"https:\\\/\\\/cleanster.com\\\/wp-content\\\/uploads\\\/2023\\\/10\\\/house-img.jpg\",\"width\":950,\"height\":670},{\"@type\":\"WebSite\",\"@id\":\"https:\\\/\\\/cleanster.com\\\/#website\",\"url\":\"https:\\\/\\\/cleanster.com\\\/\",\"name\":\"Cleanster | Cleaning & Maid Services Near You\",\"description\":\"Instantly find &amp; book trusted cleaners for homes, apartment, Airbnb, and offices. Cleanster offers affordable maid, housekeeping, and commercial cleaning services near you.\",\"publisher\":{\"@id\":\"https:\\\/\\\/cleanster.com\\\/#organization\"},\"alternateName\":\"Cleanster | Cleaning, Maid & Housekeeping Services for Everyone\",\"potentialAction\":[{\"@type\":\"SearchAction\",\"target\":{\"@type\":\"EntryPoint\",\"urlTemplate\":\"https:\\\/\\\/cleanster.com\\\/?s={search_term_string}\"},\"query-input\":{\"@type\":\"PropertyValueSpecification\",\"valueRequired\":true,\"valueName\":\"search_term_string\"}}],\"inLanguage\":\"pt-PT\"},{\"@type\":\"Organization\",\"@id\":\"https:\\\/\\\/cleanster.com\\\/#organization\",\"name\":\"Cleanster\",\"alternateName\":\"Cleanster.com\",\"url\":\"https:\\\/\\\/cleanster.com\\\/\",\"logo\":{\"@type\":\"ImageObject\",\"inLanguage\":\"pt-PT\",\"@id\":\"https:\\\/\\\/cleanster.com\\\/#\\\/schema\\\/logo\\\/image\\\/\",\"url\":\"https:\\\/\\\/cleanster.com\\\/wp-content\\\/uploads\\\/2025\\\/06\\\/Cleanster-Logo-1.svg\",\"contentUrl\":\"https:\\\/\\\/cleanster.com\\\/wp-content\\\/uploads\\\/2025\\\/06\\\/Cleanster-Logo-1.svg\",\"width\":1,\"height\":1,\"caption\":\"Cleanster\"},\"image\":{\"@id\":\"https:\\\/\\\/cleanster.com\\\/#\\\/schema\\\/logo\\\/image\\\/\"},\"sameAs\":[\"https:\\\/\\\/www.facebook.com\\\/cleansterhq\",\"https:\\\/\\\/x.com\\\/cleansterhq\",\"https:\\\/\\\/www.linkedin.com\\\/company\\\/cleansterhq\",\"https:\\\/\\\/www.instagram.com\\\/cleansterhq\",\"https:\\\/\\\/vm.tiktok.com\\\/ZM8vHmcuo\\\/\",\"https:\\\/\\\/www.clubhouse.com\\\/club\\\/cleanstercom\"],\"description\":\"Cleanster is an AI-powered cleaning services platform that connects Airbnb hosts, property managers, and commercial clients with vetted, on-demand cleaners. We offer apartment, house, Airbnb, commercial, and janitorial cleaning services. With a network of over 100,000 professionals across the US, Canada, and the UK, Cleanster delivers fast, reliable, and tech-enabled cleaning at scale.\",\"email\":\"support@cleanster.com\",\"telephone\":\"+1 (888) 788-2445\",\"legalName\":\"Cleanster, Inc.\",\"foundingDate\":\"2019-05-06\",\"duns\":\"118328526\",\"naics\":\"541511\",\"numberOfEmployees\":{\"@type\":\"QuantitativeValue\",\"minValue\":\"11\",\"maxValue\":\"50\"}}]}<\/script>\n<!-- \/ Yoast SEO Premium plugin. -->","yoast_head_json":{"title":"App para servi\u00e7o de limpeza perto de mim - Cleanster.com","description":"A maneira mais inteligente de reservar, pagar e encontrar servi\u00e7os de limpeza dom\u00e9stica perto de voc\u00ea por meio de nosso Cleanster.com. Leva apenas 30 segundos.","robots":{"index":"index","follow":"follow","max-snippet":"max-snippet:-1","max-image-preview":"max-image-preview:large","max-video-preview":"max-video-preview:-1"},"canonical":"https:\/\/cleanster.com\/pt\/limpeza-de-casa-perto-de-mim\/","og_locale":"pt_PT","og_type":"article","og_title":"House Cleaning near me - Cleanster | Cleaning &amp; Maid Services Near You","og_description":"The smartest way to book, pay, and find house cleaning service near you through our Cleanster.com. It takes only 30 seconds.","og_url":"https:\/\/cleanster.com\/pt\/limpeza-de-casa-perto-de-mim\/","og_site_name":"Cleanster | Cleaning &amp; Maid Services Near You","article_publisher":"https:\/\/www.facebook.com\/cleansterhq","article_modified_time":"2024-01-08T07:10:13+00:00","og_image":[{"width":950,"height":670,"url":"https:\/\/cleanster.com\/wp-content\/uploads\/2023\/10\/house-img.jpg","type":"image\/jpeg"}],"twitter_card":"summary_large_image","twitter_site":"@cleansterhq","twitter_misc":{"Tempo estimado de leitura":"2 minutos"},"schema":{"@context":"https:\/\/schema.org","@graph":[{"@type":"WebPage","@id":"https:\/\/cleanster.com\/house-cleaning-in-near-me\/","url":"https:\/\/cleanster.com\/house-cleaning-in-near-me\/","name":"App para servi\u00e7o de limpeza perto de mim - Cleanster.com","isPartOf":{"@id":"https:\/\/cleanster.com\/#website"},"primaryImageOfPage":{"@id":"https:\/\/cleanster.com\/house-cleaning-in-near-me\/#primaryimage"},"image":{"@id":"https:\/\/cleanster.com\/house-cleaning-in-near-me\/#primaryimage"},"thumbnailUrl":"https:\/\/cleanster.com\/wp-content\/uploads\/2023\/10\/house-img.jpg","datePublished":"2022-10-26T16:22:12+00:00","dateModified":"2024-01-08T07:10:13+00:00","description":"A maneira mais inteligente de reservar, pagar e encontrar servi\u00e7os de limpeza dom\u00e9stica perto de voc\u00ea por meio de nosso Cleanster.com. Leva apenas 30 segundos.","inLanguage":"pt-PT","potentialAction":[{"@type":"ReadAction","target":["https:\/\/cleanster.com\/house-cleaning-in-near-me\/"]}]},{"@type":"ImageObject","inLanguage":"pt-PT","@id":"https:\/\/cleanster.com\/house-cleaning-in-near-me\/#primaryimage","url":"https:\/\/cleanster.com\/wp-content\/uploads\/2023\/10\/house-img.jpg","contentUrl":"https:\/\/cleanster.com\/wp-content\/uploads\/2023\/10\/house-img.jpg","width":950,"height":670},{"@type":"WebSite","@id":"https:\/\/cleanster.com\/#website","url":"https:\/\/cleanster.com\/","name":"Cleanster | Servi\u00e7os de limpeza e limpeza perto de voc\u00ea","description":"Encontre e reserve instantaneamente servi\u00e7os de limpeza confi\u00e1veis para resid\u00eancias, apartamentos, Airbnb e escrit\u00f3rios. A Cleanster oferece servi\u00e7os acess\u00edveis de limpeza dom\u00e9stica, limpeza dom\u00e9stica e limpeza comercial perto de voc\u00ea.","publisher":{"@id":"https:\/\/cleanster.com\/#organization"},"alternateName":"Cleanster | Cleaning, Maid & Housekeeping Services for Everyone","potentialAction":[{"@type":"SearchAction","target":{"@type":"EntryPoint","urlTemplate":"https:\/\/cleanster.com\/?s={search_term_string}"},"query-input":{"@type":"PropertyValueSpecification","valueRequired":true,"valueName":"search_term_string"}}],"inLanguage":"pt-PT"},{"@type":"Organization","@id":"https:\/\/cleanster.com\/#organization","name":"Limpador","alternateName":"Cleanster.com","url":"https:\/\/cleanster.com\/","logo":{"@type":"ImageObject","inLanguage":"pt-PT","@id":"https:\/\/cleanster.com\/#\/schema\/logo\/image\/","url":"https:\/\/cleanster.com\/wp-content\/uploads\/2025\/06\/Cleanster-Logo-1.svg","contentUrl":"https:\/\/cleanster.com\/wp-content\/uploads\/2025\/06\/Cleanster-Logo-1.svg","width":1,"height":1,"caption":"Cleanster"},"image":{"@id":"https:\/\/cleanster.com\/#\/schema\/logo\/image\/"},"sameAs":["https:\/\/www.facebook.com\/cleansterhq","https:\/\/x.com\/cleansterhq","https:\/\/www.linkedin.com\/company\/cleansterhq","https:\/\/www.instagram.com\/cleansterhq","https:\/\/vm.tiktok.com\/ZM8vHmcuo\/","https:\/\/www.clubhouse.com\/club\/cleanstercom"],"description":"A Cleanster \u00e9 uma plataforma de servi\u00e7os de limpeza com tecnologia de IA que conecta anfitri\u00f5es do Airbnb, administradores de im\u00f3veis e clientes comerciais a profissionais de limpeza qualificados e sob demanda. Oferecemos servi\u00e7os de limpeza para apartamentos, casas, Airbnb, empresas e servi\u00e7os de zeladoria. Com uma rede de mais de 100.000 profissionais nos EUA, Canad\u00e1 e Reino Unido, a Cleanster oferece limpeza r\u00e1pida, confi\u00e1vel e com tecnologia em larga escala.","email":"support@cleanster.com","telephone":"+1 (888) 788-2445","legalName":"Cleanster, Inc.","foundingDate":"2019-05-06","duns":"118328526","naics":"541511","numberOfEmployees":{"@type":"QuantitativeValue","minValue":"11","maxValue":"50"}}]}},"_links":{"self":[{"href":"https:\/\/cleanster.com\/pt\/wp-json\/wp\/v2\/pages\/6071","targetHints":{"allow":["GET"]}}],"collection":[{"href":"https:\/\/cleanster.com\/pt\/wp-json\/wp\/v2\/pages"}],"about":[{"href":"https:\/\/cleanster.com\/pt\/wp-json\/wp\/v2\/types\/page"}],"author":[{"embeddable":true,"href":"https:\/\/cleanster.com\/pt\/wp-json\/wp\/v2\/users\/1"}],"replies":[{"embeddable":true,"href":"https:\/\/cleanster.com\/pt\/wp-json\/wp\/v2\/comments?post=6071"}],"version-history":[{"count":0,"href":"https:\/\/cleanster.com\/pt\/wp-json\/wp\/v2\/pages\/6071\/revisions"}],"wp:featuredmedia":[{"embeddable":true,"href":"https:\/\/cleanster.com\/pt\/wp-json\/wp\/v2\/media\/16061"}],"wp:attachment":[{"href":"https:\/\/cleanster.com\/pt\/wp-json\/wp\/v2\/media?parent=6071"}],"curies":[{"name":"wp","href":"https:\/\/api.w.org\/{rel}","templated":true}]}}