{"id":6098,"date":"2022-10-26T16:40:02","date_gmt":"2022-10-26T16:40:02","guid":{"rendered":"http:\/\/cleanster.ca\/?page_id=6098"},"modified":"2023-11-02T15:59:49","modified_gmt":"2023-11-02T15:59:49","slug":"limpeza-de-escritorio-em-sheffield-reino-unido-2","status":"publish","type":"page","link":"https:\/\/cleanster.com\/pt\/limpeza-de-escritorio-em-sheffield-reino-unido-2\/","title":{"rendered":"Limpeza de escrit\u00f3rios em Sheffield, Reino Unido"},"content":{"rendered":"<p><span style=\"color: #ffffff;\"><span style=\"font-weight: 400;\">O Cleanster.com \u00e9 o mais promissor <\/span><b>aplicativo para servi\u00e7os de limpeza de escrit\u00f3rio em <\/b><b>Sheffield, Reino Unido<\/b><b>.<\/b><span style=\"font-weight: 400;\"> Com o <\/span><a style=\"color: #ffffff;\" href=\"https:\/\/cleanster.ca\/\"><span style=\"font-weight: 400;\">Cleanster.com<\/span><\/a><span style=\"font-weight: 400;\">, voc\u00ea pode reservar nosso servi\u00e7o de limpeza de escrit\u00f3rio por um pre\u00e7o acess\u00edvel.\u00a0<\/span><\/span><\/p>\n<p><span style=\"color: #ffffff;\"><span style=\"font-weight: 400;\">O servi\u00e7o de limpeza de escrit\u00f3rio da Cleanster.com em <\/span><span style=\"font-weight: 400;\">Sheffield<\/span><span style=\"font-weight: 400;\"> pode ajud\u00e1-lo a fazer seus neg\u00f3cios em um ambiente 100% livre de bact\u00e9rias, higi\u00eanico e fresco com a ajuda de nossos profissionais de limpeza experientes.\u00a0<\/span><\/span><\/p>\n<p><span style=\"color: #ffffff;\"><span style=\"font-weight: 400;\">Como sabemos desde o surto da COVID-19, a limpeza di\u00e1ria do escrit\u00f3rio est\u00e1 a tornar-se ainda mais essencial e a nossa equipa de limpeza profissional sente-se feliz em manter o seu neg\u00f3cio seguro e em conformidade. N\u00e3o estamos apenas baseados em <\/span><span style=\"font-weight: 400;\">Sheffield<\/span><span style=\"font-weight: 400;\">, Temos v\u00e1rios locais para prestar v\u00e1rios servi\u00e7os como <\/span><a style=\"color: #ffffff;\" href=\"https:\/\/cleanster.ca\/house-cleaning-in-austin-tx\/\"><span style=\"font-weight: 400;\">Limpeza de casa<\/span><\/a><span style=\"font-weight: 400;\">, <\/span><a style=\"color: #ffffff;\" href=\"https:\/\/cleanster.ca\/airbnb-cleaning-in-austin-tx\/\"><span style=\"font-weight: 400;\">Limpeza do Airbnb<\/span><\/a><span style=\"font-weight: 400;\">, <\/span><a style=\"color: #ffffff;\" href=\"https:\/\/cleanster.ca\/deep-cleaning-in-austin-tx-2\/\"><span style=\"font-weight: 400;\">limpeza profunda<\/span><\/a><span style=\"font-weight: 400;\">, <\/span><a style=\"color: #ffffff;\" href=\"https:\/\/cleanster.ca\/vacation-rental-cleaning-in-austin-tx\/\"><span style=\"font-weight: 400;\">limpeza de aluguel de temporada<\/span><\/a><span style=\"font-weight: 400;\"> , e muitos mais.<\/span><\/span><\/p>\n<h2><span style=\"color: #ffffff;\"><b>Servi\u00e7os de limpeza comercial e de escrit\u00f3rio\u00a0<\/b><\/span><\/h2>\n<p><span style=\"color: #ffffff;\"><span style=\"font-weight: 400;\">Um servi\u00e7o de limpeza profissional profunda em <\/span><span style=\"font-weight: 400;\">Sheffield\u00a0 <\/span><span style=\"font-weight: 400;\">desempenha um papel vital para manter sua for\u00e7a de trabalho mais saud\u00e1vel, organizada e reduzir a propaga\u00e7\u00e3o do v\u00edrus mais recente. Servi\u00e7os que voc\u00ea pode obter:<\/span><\/span><\/p>\n<p><span style=\"color: #ffffff;\"><b>Limpeza B\u00e1sica<\/b><span style=\"font-weight: 400;\">\u2013 Varrer e esfregar o ch\u00e3o e limpar as superf\u00edcies. Limpamos \u00e1reas comuns como cozinha e banheiro.<\/span><\/span><\/p>\n<p>&nbsp;<\/p>\n<p><span style=\"color: #ffffff;\"><b>Limpeza profunda<\/b><span style=\"font-weight: 400;\">\u2013 Microondas, aspira\u00e7\u00e3o de estofados, atr\u00e1s de arm\u00e1rios e aparelhos de limpeza. Tamb\u00e9m polir pisos e m\u00f3veis e outras coisas.<\/span><\/span><\/p>\n<p>&nbsp;<\/p>\n<p><span style=\"color: #ffffff;\"><b>Desinfec\u00e7\u00e3o Profunda<\/b><span style=\"font-weight: 400;\">\u2013 Limpe ventiladores de teto, torneiras e ma\u00e7anetas.<\/span><\/span><\/p>\n<p>&nbsp;<\/p>\n<p><span style=\"color: #ffffff;\"><b>Higienizando Superf\u00edcies<\/b><span style=\"font-weight: 400;\">\u2013 Teclados, desktops, mouses, bra\u00e7os de cadeiras e desktops.\u00a0<\/span><\/span><\/p>\n<p>&nbsp;<\/p>\n<p><span style=\"color: #ffffff;\"><b>Limpeza de janelas<\/b><span style=\"font-weight: 400;\">\u2013 Polir todas as janelas e vidros.\u00a0<\/span><\/span><\/p>\n<p>&nbsp;<\/p>\n<p><span style=\"color: #ffffff;\"><b>Limpeza de persianas e cortinas<\/b><span style=\"font-weight: 400;\">\u2013 Part\u00edculas de poeira aderidas.<\/span><\/span><\/p>\n<p>&nbsp;<\/p>\n<p><span style=\"color: #ffffff;\"><b>Limpeza de carpetes e pisos<\/b><span style=\"font-weight: 400;\">- Livre-se de todas as bact\u00e9rias, poeira e higieniza\u00e7\u00e3o.<\/span><\/span><\/p>\n<p>&nbsp;<\/p>\n<p><span style=\"color: #ffffff;\"><b>Limpeza de m\u00f3veis<\/b><span style=\"font-weight: 400;\">\u2013 Mesas, cadeiras, mesas de centro e sof\u00e1s para relaxar, reuni\u00f5es ou entrevistas.<\/span><\/span><\/p>\n<p>&nbsp;<\/p>\n<h2><span style=\"color: #ffffff;\"><b>Como conseguir um trabalho de limpeza de escrit\u00f3rio?<\/b><\/span><\/h2>\n<p><span style=\"color: #ffffff;\"><span style=\"font-weight: 400;\">Se voc\u00ea est\u00e1 procurando um trabalho de limpeza, tente encontrar seu trabalho de limpeza de escrit\u00f3rio atrav\u00e9s do <\/span><a style=\"color: #ffffff;\" href=\"https:\/\/play.google.com\/store\/apps\/details?id=com.tidyapp.pro\"><span style=\"font-weight: 400;\">Cleanster.com<\/span><\/a><span style=\"font-weight: 400;\">. Como faxineiro, se voc\u00ea tiver as qualidades abaixo, poder\u00e1 facilmente conseguir um trabalho de limpeza em Cleanster.com.\u00a0<\/span><\/span><\/p>\n<p><span style=\"font-weight: 400; color: #ffffff;\">\u00c9 necess\u00e1ria alguma experi\u00eancia em limpeza.<\/span><\/p>\n<p><span style=\"font-weight: 400; color: #ffffff;\">Voc\u00ea precisa saber como usar as ferramentas e equipamentos de limpeza.\u00a0<\/span><\/p>\n<p><span style=\"font-weight: 400; color: #ffffff;\">Como usar um aspirador port\u00e1til.<\/span><\/p>\n<p><span style=\"font-weight: 400; color: #ffffff;\">Ter a capacidade de seguir orienta\u00e7\u00f5es, trabalhar com supervis\u00e3o m\u00ednima e funcionar cooperativamente.<\/span><\/p>\n<h2><span style=\"color: #ffffff;\"><b>O limpador<span style=\"font-weight: 400;\">.com<\/span> \u00e9 um aplicativo profissional de servi\u00e7os de limpeza de escrit\u00f3rio que possui:<\/b><\/span><\/h2>\n<p><span style=\"font-weight: 400; color: #ffffff;\">Sem custos ocultos.\u00a0\u00a0<\/span><\/p>\n<p><span style=\"font-weight: 400; color: #ffffff;\">Pessoal segurado e avaliado<\/span><\/p>\n<p><span style=\"font-weight: 400; color: #ffffff;\">Acess\u00edvel<\/span><\/p>","protected":false},"excerpt":{"rendered":"<p>The Cleanster.com is the most promising app for office cleaning services in Sheffield, UK. With the Cleanster.com, you can book our office cleaning service at a budget-friendly price.\u00a0 The Cleanster.com&#8217;s office cleaning service in Sheffield can help you to do your business in a 100% bacteria-free, hygienic, and fresh environment with the help of our [&hellip;]<\/p>\n","protected":false},"author":1,"featured_media":17310,"parent":0,"menu_order":0,"comment_status":"closed","ping_status":"closed","template":"templates\/services.php","meta":{"_acf_changed":false,"footnotes":""},"class_list":["post-6098","page","type-page","status-publish","has-post-thumbnail","hentry","entry"],"acf":[],"yoast_head":"<!-- This site is optimized with the Yoast SEO Premium plugin v26.5 (Yoast SEO v27.4) - https:\/\/yoast.com\/product\/yoast-seo-premium-wordpress\/ -->\n<title>App for office cleaning service in Sheffield, UK - Cleanster.com<\/title>\n<meta name=\"description\" content=\"The smartest way to book, pay, and find office cleaning service in Sheffield, UK through our Cleanster.com. It takes only 30 seconds.\" \/>\n<meta name=\"robots\" content=\"index, follow, max-snippet:-1, max-image-preview:large, max-video-preview:-1\" \/>\n<link rel=\"canonical\" href=\"https:\/\/cleanster.com\/pt\/limpeza-de-escritorio-em-sheffield-reino-unido-2\/\" \/>\n<meta property=\"og:locale\" content=\"pt_PT\" \/>\n<meta property=\"og:type\" content=\"article\" \/>\n<meta property=\"og:title\" content=\"Office Cleaning in Sheffield, UK - Cleanster | Cleaning &amp; Maid Services Near You\" \/>\n<meta property=\"og:description\" content=\"The smartest way to book, pay, and find office cleaning service in Sheffield, UK through our Cleanster.com. It takes only 30 seconds.\" \/>\n<meta property=\"og:url\" content=\"https:\/\/cleanster.com\/pt\/limpeza-de-escritorio-em-sheffield-reino-unido-2\/\" \/>\n<meta property=\"og:site_name\" content=\"Cleanster | Cleaning &amp; Maid Services Near You\" \/>\n<meta property=\"article:publisher\" content=\"https:\/\/www.facebook.com\/cleansterhq\" \/>\n<meta property=\"article:modified_time\" content=\"2023-11-02T15:59:49+00:00\" \/>\n<meta property=\"og:image\" content=\"https:\/\/cleanster.com\/wp-content\/uploads\/2023\/11\/office-img.jpg\" \/>\n\t<meta property=\"og:image:width\" content=\"950\" \/>\n\t<meta property=\"og:image:height\" content=\"670\" \/>\n\t<meta property=\"og:image:type\" content=\"image\/jpeg\" \/>\n<meta name=\"twitter:card\" content=\"summary_large_image\" \/>\n<meta name=\"twitter:site\" content=\"@cleansterhq\" \/>\n<meta name=\"twitter:label1\" content=\"Tempo estimado de leitura\" \/>\n\t<meta name=\"twitter:data1\" content=\"2 minutos\" \/>\n<script type=\"application\/ld+json\" class=\"yoast-schema-graph\">{\"@context\":\"https:\\\/\\\/schema.org\",\"@graph\":[{\"@type\":\"WebPage\",\"@id\":\"https:\\\/\\\/cleanster.com\\\/office-cleaning-in-sheffield-uk\\\/\",\"url\":\"https:\\\/\\\/cleanster.com\\\/office-cleaning-in-sheffield-uk\\\/\",\"name\":\"App for office cleaning service in Sheffield, UK - Cleanster.com\",\"isPartOf\":{\"@id\":\"https:\\\/\\\/cleanster.com\\\/#website\"},\"primaryImageOfPage\":{\"@id\":\"https:\\\/\\\/cleanster.com\\\/office-cleaning-in-sheffield-uk\\\/#primaryimage\"},\"image\":{\"@id\":\"https:\\\/\\\/cleanster.com\\\/office-cleaning-in-sheffield-uk\\\/#primaryimage\"},\"thumbnailUrl\":\"https:\\\/\\\/cleanster.com\\\/wp-content\\\/uploads\\\/2023\\\/11\\\/office-img.jpg\",\"datePublished\":\"2022-10-26T16:40:02+00:00\",\"dateModified\":\"2023-11-02T15:59:49+00:00\",\"description\":\"The smartest way to book, pay, and find office cleaning service in Sheffield, UK through our Cleanster.com. It takes only 30 seconds.\",\"inLanguage\":\"pt-PT\",\"potentialAction\":[{\"@type\":\"ReadAction\",\"target\":[\"https:\\\/\\\/cleanster.com\\\/office-cleaning-in-sheffield-uk\\\/\"]}]},{\"@type\":\"ImageObject\",\"inLanguage\":\"pt-PT\",\"@id\":\"https:\\\/\\\/cleanster.com\\\/office-cleaning-in-sheffield-uk\\\/#primaryimage\",\"url\":\"https:\\\/\\\/cleanster.com\\\/wp-content\\\/uploads\\\/2023\\\/11\\\/office-img.jpg\",\"contentUrl\":\"https:\\\/\\\/cleanster.com\\\/wp-content\\\/uploads\\\/2023\\\/11\\\/office-img.jpg\",\"width\":950,\"height\":670},{\"@type\":\"WebSite\",\"@id\":\"https:\\\/\\\/cleanster.com\\\/#website\",\"url\":\"https:\\\/\\\/cleanster.com\\\/\",\"name\":\"Cleanster | Cleaning & Maid Services Near You\",\"description\":\"Instantly find &amp; book trusted cleaners for homes, apartment, Airbnb, and offices. Cleanster offers affordable maid, housekeeping, and commercial cleaning services near you.\",\"publisher\":{\"@id\":\"https:\\\/\\\/cleanster.com\\\/#organization\"},\"alternateName\":\"Cleanster | Cleaning, Maid & Housekeeping Services for Everyone\",\"potentialAction\":[{\"@type\":\"SearchAction\",\"target\":{\"@type\":\"EntryPoint\",\"urlTemplate\":\"https:\\\/\\\/cleanster.com\\\/?s={search_term_string}\"},\"query-input\":{\"@type\":\"PropertyValueSpecification\",\"valueRequired\":true,\"valueName\":\"search_term_string\"}}],\"inLanguage\":\"pt-PT\"},{\"@type\":\"Organization\",\"@id\":\"https:\\\/\\\/cleanster.com\\\/#organization\",\"name\":\"Cleanster\",\"alternateName\":\"Cleanster.com\",\"url\":\"https:\\\/\\\/cleanster.com\\\/\",\"logo\":{\"@type\":\"ImageObject\",\"inLanguage\":\"pt-PT\",\"@id\":\"https:\\\/\\\/cleanster.com\\\/#\\\/schema\\\/logo\\\/image\\\/\",\"url\":\"https:\\\/\\\/cleanster.com\\\/wp-content\\\/uploads\\\/2025\\\/06\\\/Cleanster-Logo-1.svg\",\"contentUrl\":\"https:\\\/\\\/cleanster.com\\\/wp-content\\\/uploads\\\/2025\\\/06\\\/Cleanster-Logo-1.svg\",\"width\":1,\"height\":1,\"caption\":\"Cleanster\"},\"image\":{\"@id\":\"https:\\\/\\\/cleanster.com\\\/#\\\/schema\\\/logo\\\/image\\\/\"},\"sameAs\":[\"https:\\\/\\\/www.facebook.com\\\/cleansterhq\",\"https:\\\/\\\/x.com\\\/cleansterhq\",\"https:\\\/\\\/www.linkedin.com\\\/company\\\/cleansterhq\",\"https:\\\/\\\/www.instagram.com\\\/cleansterhq\",\"https:\\\/\\\/vm.tiktok.com\\\/ZM8vHmcuo\\\/\",\"https:\\\/\\\/www.clubhouse.com\\\/club\\\/cleanstercom\"],\"description\":\"Cleanster is an AI-powered cleaning services platform that connects Airbnb hosts, property managers, and commercial clients with vetted, on-demand cleaners. We offer apartment, house, Airbnb, commercial, and janitorial cleaning services. With a network of over 100,000 professionals across the US, Canada, and the UK, Cleanster delivers fast, reliable, and tech-enabled cleaning at scale.\",\"email\":\"support@cleanster.com\",\"telephone\":\"+1 (888) 788-2445\",\"legalName\":\"Cleanster, Inc.\",\"foundingDate\":\"2019-05-06\",\"duns\":\"118328526\",\"naics\":\"541511\",\"numberOfEmployees\":{\"@type\":\"QuantitativeValue\",\"minValue\":\"11\",\"maxValue\":\"50\"}}]}<\/script>\n<!-- \/ Yoast SEO Premium plugin. -->","yoast_head_json":{"title":"App para servi\u00e7o de limpeza de escrit\u00f3rio em Sheffield, Reino Unido - Cleanster.com","description":"A maneira mais inteligente de reservar, pagar e encontrar servi\u00e7o de limpeza de escrit\u00f3rio em Sheffield, Reino Unido, atrav\u00e9s de nosso Cleanster.com. Leva apenas 30 segundos.","robots":{"index":"index","follow":"follow","max-snippet":"max-snippet:-1","max-image-preview":"max-image-preview:large","max-video-preview":"max-video-preview:-1"},"canonical":"https:\/\/cleanster.com\/pt\/limpeza-de-escritorio-em-sheffield-reino-unido-2\/","og_locale":"pt_PT","og_type":"article","og_title":"Office Cleaning in Sheffield, UK - Cleanster | Cleaning &amp; Maid Services Near You","og_description":"The smartest way to book, pay, and find office cleaning service in Sheffield, UK through our Cleanster.com. It takes only 30 seconds.","og_url":"https:\/\/cleanster.com\/pt\/limpeza-de-escritorio-em-sheffield-reino-unido-2\/","og_site_name":"Cleanster | Cleaning &amp; Maid Services Near You","article_publisher":"https:\/\/www.facebook.com\/cleansterhq","article_modified_time":"2023-11-02T15:59:49+00:00","og_image":[{"width":950,"height":670,"url":"https:\/\/cleanster.com\/wp-content\/uploads\/2023\/11\/office-img.jpg","type":"image\/jpeg"}],"twitter_card":"summary_large_image","twitter_site":"@cleansterhq","twitter_misc":{"Tempo estimado de leitura":"2 minutos"},"schema":{"@context":"https:\/\/schema.org","@graph":[{"@type":"WebPage","@id":"https:\/\/cleanster.com\/office-cleaning-in-sheffield-uk\/","url":"https:\/\/cleanster.com\/office-cleaning-in-sheffield-uk\/","name":"App para servi\u00e7o de limpeza de escrit\u00f3rio em Sheffield, Reino Unido - Cleanster.com","isPartOf":{"@id":"https:\/\/cleanster.com\/#website"},"primaryImageOfPage":{"@id":"https:\/\/cleanster.com\/office-cleaning-in-sheffield-uk\/#primaryimage"},"image":{"@id":"https:\/\/cleanster.com\/office-cleaning-in-sheffield-uk\/#primaryimage"},"thumbnailUrl":"https:\/\/cleanster.com\/wp-content\/uploads\/2023\/11\/office-img.jpg","datePublished":"2022-10-26T16:40:02+00:00","dateModified":"2023-11-02T15:59:49+00:00","description":"A maneira mais inteligente de reservar, pagar e encontrar servi\u00e7o de limpeza de escrit\u00f3rio em Sheffield, Reino Unido, atrav\u00e9s de nosso Cleanster.com. Leva apenas 30 segundos.","inLanguage":"pt-PT","potentialAction":[{"@type":"ReadAction","target":["https:\/\/cleanster.com\/office-cleaning-in-sheffield-uk\/"]}]},{"@type":"ImageObject","inLanguage":"pt-PT","@id":"https:\/\/cleanster.com\/office-cleaning-in-sheffield-uk\/#primaryimage","url":"https:\/\/cleanster.com\/wp-content\/uploads\/2023\/11\/office-img.jpg","contentUrl":"https:\/\/cleanster.com\/wp-content\/uploads\/2023\/11\/office-img.jpg","width":950,"height":670},{"@type":"WebSite","@id":"https:\/\/cleanster.com\/#website","url":"https:\/\/cleanster.com\/","name":"Cleanster | Servi\u00e7os de limpeza e limpeza perto de voc\u00ea","description":"Encontre e reserve instantaneamente servi\u00e7os de limpeza confi\u00e1veis para resid\u00eancias, apartamentos, Airbnb e escrit\u00f3rios. A Cleanster oferece servi\u00e7os acess\u00edveis de limpeza dom\u00e9stica, limpeza dom\u00e9stica e limpeza comercial perto de voc\u00ea.","publisher":{"@id":"https:\/\/cleanster.com\/#organization"},"alternateName":"Cleanster | Cleaning, Maid & Housekeeping Services for Everyone","potentialAction":[{"@type":"SearchAction","target":{"@type":"EntryPoint","urlTemplate":"https:\/\/cleanster.com\/?s={search_term_string}"},"query-input":{"@type":"PropertyValueSpecification","valueRequired":true,"valueName":"search_term_string"}}],"inLanguage":"pt-PT"},{"@type":"Organization","@id":"https:\/\/cleanster.com\/#organization","name":"Limpador","alternateName":"Cleanster.com","url":"https:\/\/cleanster.com\/","logo":{"@type":"ImageObject","inLanguage":"pt-PT","@id":"https:\/\/cleanster.com\/#\/schema\/logo\/image\/","url":"https:\/\/cleanster.com\/wp-content\/uploads\/2025\/06\/Cleanster-Logo-1.svg","contentUrl":"https:\/\/cleanster.com\/wp-content\/uploads\/2025\/06\/Cleanster-Logo-1.svg","width":1,"height":1,"caption":"Cleanster"},"image":{"@id":"https:\/\/cleanster.com\/#\/schema\/logo\/image\/"},"sameAs":["https:\/\/www.facebook.com\/cleansterhq","https:\/\/x.com\/cleansterhq","https:\/\/www.linkedin.com\/company\/cleansterhq","https:\/\/www.instagram.com\/cleansterhq","https:\/\/vm.tiktok.com\/ZM8vHmcuo\/","https:\/\/www.clubhouse.com\/club\/cleanstercom"],"description":"A Cleanster \u00e9 uma plataforma de servi\u00e7os de limpeza com tecnologia de IA que conecta anfitri\u00f5es do Airbnb, administradores de im\u00f3veis e clientes comerciais a profissionais de limpeza qualificados e sob demanda. Oferecemos servi\u00e7os de limpeza para apartamentos, casas, Airbnb, empresas e servi\u00e7os de zeladoria. Com uma rede de mais de 100.000 profissionais nos EUA, Canad\u00e1 e Reino Unido, a Cleanster oferece limpeza r\u00e1pida, confi\u00e1vel e com tecnologia em larga escala.","email":"support@cleanster.com","telephone":"+1 (888) 788-2445","legalName":"Cleanster, Inc.","foundingDate":"2019-05-06","duns":"118328526","naics":"541511","numberOfEmployees":{"@type":"QuantitativeValue","minValue":"11","maxValue":"50"}}]}},"_links":{"self":[{"href":"https:\/\/cleanster.com\/pt\/wp-json\/wp\/v2\/pages\/6098","targetHints":{"allow":["GET"]}}],"collection":[{"href":"https:\/\/cleanster.com\/pt\/wp-json\/wp\/v2\/pages"}],"about":[{"href":"https:\/\/cleanster.com\/pt\/wp-json\/wp\/v2\/types\/page"}],"author":[{"embeddable":true,"href":"https:\/\/cleanster.com\/pt\/wp-json\/wp\/v2\/users\/1"}],"replies":[{"embeddable":true,"href":"https:\/\/cleanster.com\/pt\/wp-json\/wp\/v2\/comments?post=6098"}],"version-history":[{"count":0,"href":"https:\/\/cleanster.com\/pt\/wp-json\/wp\/v2\/pages\/6098\/revisions"}],"wp:featuredmedia":[{"embeddable":true,"href":"https:\/\/cleanster.com\/pt\/wp-json\/wp\/v2\/media\/17310"}],"wp:attachment":[{"href":"https:\/\/cleanster.com\/pt\/wp-json\/wp\/v2\/media?parent=6098"}],"curies":[{"name":"wp","href":"https:\/\/api.w.org\/{rel}","templated":true}]}}