{"id":6210,"date":"2022-10-26T17:44:09","date_gmt":"2022-10-26T17:44:09","guid":{"rendered":"http:\/\/cleanster.ca\/?page_id=6210"},"modified":"2023-11-02T15:30:05","modified_gmt":"2023-11-02T15:30:05","slug":"limpeza-profunda-em-montreal-qc","status":"publish","type":"page","link":"https:\/\/cleanster.com\/pt\/limpeza-profunda-em-montreal-qc\/","title":{"rendered":"Limpeza profunda em Montreal, QC"},"content":{"rendered":"<h2><span style=\"color: #ffffff;\"><b>Aplicativo para Limpeza Profunda em <\/b><b>Montreal, QC<\/b><\/span><\/h2>\n<p><span style=\"color: #ffffff;\"><span style=\"font-weight: 400;\">Para a maioria de n\u00f3s, o tempo \u00e9 o cerne de tudo, e com um estilo de vida agitado, queremos que tudo, como o servi\u00e7o de limpeza profunda, seja feito cada vez mais r\u00e1pido. Voc\u00ea pode considerar o aplicativo Cleanster.com para um <\/span><b>servi\u00e7o de limpeza profunda<\/b><span style=\"font-weight: 400;\"> em <\/span><span style=\"font-weight: 400;\">Montreal, QC<\/span><span style=\"font-weight: 400;\">. Ao usar nosso aplicativo de limpeza, voc\u00ea pode facilmente manter sua casa ou escrit\u00f3rio. No aplicativo Cleanster.com, voc\u00ea pode aproveitar nossos servi\u00e7os para tornar a vida sem complica\u00e7\u00f5es.\u00a0<\/span><\/span><\/p>\n<p><span style=\"color: #ffffff;\"><span style=\"font-weight: 400;\">Sabemos que manter o ambiente limpo \u00e9 uma tarefa sem fim. Limpeza dom\u00e9stica, limpeza de escrit\u00f3rio, limpeza dom\u00e9stica, limpeza profunda e outros. Mas com a ajuda do Cleanster.com <\/span><a style=\"color: #ffffff;\" href=\"https:\/\/cleanster.ca\/\"><span style=\"font-weight: 400;\">APLICATIVO<\/span><\/a><span style=\"font-weight: 400;\">, voc\u00ea pode resolver seu problema facilmente.\u00a0<\/span><\/span><\/p>\n<p><span style=\"color: #ffffff;\"><span style=\"font-weight: 400;\">\u00c9 o melhor aplicativo de limpeza profunda em <\/span><a style=\"color: #ffffff;\" href=\"https:\/\/en.wikipedia.org\/wiki\/Montreal\"><span style=\"font-weight: 400;\">Montreal, QC<\/span><\/a><span style=\"font-weight: 400;\"> para Airbnb, limpeza de casas e escrit\u00f3rios, limpeza de alugu\u00e9is de f\u00e9rias e mudan\u00e7a\/sa\u00edda.\u00a0<\/span><\/span><\/p>\n<p><span style=\"font-weight: 400; color: #ffffff;\">Por meio deste aplicativo, voc\u00ea pode contratar nossos limpadores profissionais para esfregar pisos. Alsaaao aspira, tira o p\u00f3 e troca roupa de cama por um pre\u00e7o razo\u00e1vel.<\/span><\/p>\n<p><span style=\"color: #ffffff;\"><span style=\"font-weight: 400;\">The Cleanster. com<\/span>\u00a0O excelente software Solutions do aplicativo ajudar\u00e1 os servi\u00e7os de limpeza a operarem de forma eficiente. \u00c9 facilmente acess\u00edvel, amig\u00e1vel e pr\u00e1tico.\u00a0\u00a0<\/span><\/p>\n<p><span style=\"font-weight: 400; color: #ffffff;\">Nosso aplicativo de limpeza profunda garantir\u00e1 a redu\u00e7\u00e3o de seus erros de agendamento, cuidar\u00e1 de cancelamentos rapidamente. Al\u00e9m disso, concluir\u00e1 os trabalhos conforme o plano.\u00a0<\/span><\/p>\n<p><span style=\"font-weight: 400; color: #ffffff;\">Mais importante ainda, voc\u00ea pode alterar sua programa\u00e7\u00e3o por meio de mensagens ou e-mail.<\/span><\/p>\n<p><span style=\"font-weight: 400; color: #ffffff;\">Para acompanhar suas tarefas e tarefas essenciais, voc\u00ea pode verificar nosso aplicativo Android gratuito de limpeza profunda.\u00a0<\/span><\/p>\n<h2><span style=\"color: #ffffff;\"><b>No\u00e7\u00f5es b\u00e1sicas que consideramos:<\/b><\/span><\/h2>\n<p><span style=\"font-weight: 400; color: #ffffff;\">Com nosso servi\u00e7o de limpeza profunda, nossos produtos de limpeza ajudar\u00e3o voc\u00ea a se livrar da sujeira. Sujeira, espuma de sab\u00e3o e outras sujeiras em sua casa ou escrit\u00f3rio.\u00a0<\/span><\/p>\n<p><span style=\"font-weight: 400; color: #ffffff;\">N\u00f3s higienizamos e desinfetamos profundamente as \u00e1reas e ferramentas essenciais para oferecer uma atmosfera mais saud\u00e1vel. E fazer as coisas parecerem limpas e cheirarem frescas.<\/span><\/p>\n<p><span style=\"font-weight: 400; color: #ffffff;\">Nosso servi\u00e7o de limpeza profunda leva mais tempo do que nosso servi\u00e7o de limpeza regular. Envolve muito trabalho detalhado e mant\u00e9m nosso toque pessoal.\u00a0<\/span><\/p>\n<p><span style=\"color: #ffffff;\"><span style=\"font-weight: 400;\">N\u00e3o estamos apenas baseados em<\/span><span style=\"font-weight: 400;\"> Montreal<\/span><span style=\"font-weight: 400;\">. Temos v\u00e1rios locais para fornecer v\u00e1rios servi\u00e7os como <\/span><a style=\"color: #ffffff;\" href=\"https:\/\/cleanster.ca\/house-cleaning-in-austin-tx\/\"><span style=\"font-weight: 400;\">Limpeza de casa<\/span><\/a><span style=\"font-weight: 400;\">, Um<\/span><a style=\"color: #ffffff;\" href=\"https:\/\/cleanster.ca\/airbnb-cleaning-in-austin-tx\/\"><span style=\"font-weight: 400;\">limpeza irbnb<\/span><\/a><span style=\"font-weight: 400;\">, <\/span><a style=\"color: #ffffff;\" href=\"https:\/\/cleanster.ca\/vacation-rental-cleaning-in-austin-tx\/\"><span style=\"font-weight: 400;\">limpeza de aluguel de temporada<\/span><\/a><span style=\"font-weight: 400;\">, <\/span><a style=\"color: #ffffff;\" href=\"https:\/\/cleanster.ca\/moving-in-out-cleaning-in-austin-tx\/\"><span style=\"font-weight: 400;\">limpeza de entrada e sa\u00edda <\/span><\/a><span style=\"font-weight: 400;\">e muitos mais.<\/span><\/span><\/p>\n<p><span style=\"color: #ffffff;\"><span style=\"font-weight: 400;\">Se voc\u00ea acha que sua casa precisa de uma limpeza completa, experimente nosso Cleanster.com<\/span><a style=\"color: #ffffff;\" href=\"https:\/\/play.google.com\/store\/apps\/details?id=com.tidyapp.pro\"><span style=\"font-weight: 400;\">\u00a0aplicativo<\/span><\/a><span style=\"font-weight: 400;\"> para obter o melhor servi\u00e7o de limpeza profunda.\u00a0<\/span><\/span><\/p>","protected":false},"excerpt":{"rendered":"<p>App for Deep Cleaning in Montr\u00e9al, QC For most of us, time is the core of everything, and with a busy lifestyle, we want everything such as deep cleaning service to be done quicker and faster. You can consider the Cleanster.com App for a deep cleaning service in Montr\u00e9al, QC. By using our cleaning app, [&hellip;]<\/p>\n","protected":false},"author":1,"featured_media":16053,"parent":0,"menu_order":0,"comment_status":"closed","ping_status":"closed","template":"templates\/services.php","meta":{"_acf_changed":false,"footnotes":""},"class_list":["post-6210","page","type-page","status-publish","has-post-thumbnail","hentry","entry"],"acf":[],"yoast_head":"<!-- This site is optimized with the Yoast SEO Premium plugin v26.5 (Yoast SEO v27.3) - https:\/\/yoast.com\/product\/yoast-seo-premium-wordpress\/ -->\n<title>App for deep cleaning in Montr\u00e9al, QC - Cleanster.com<\/title>\n<meta name=\"description\" content=\"The smartest way to book, pay, and find deep cleaning service in Montr\u00e9al, QC through the Cleanster.com. It takes only 30 seconds.\" \/>\n<meta name=\"robots\" content=\"index, follow, max-snippet:-1, max-image-preview:large, max-video-preview:-1\" \/>\n<link rel=\"canonical\" href=\"https:\/\/cleanster.com\/pt\/limpeza-profunda-em-montreal-qc\/\" \/>\n<meta property=\"og:locale\" content=\"pt_PT\" \/>\n<meta property=\"og:type\" content=\"article\" \/>\n<meta property=\"og:title\" content=\"Deep Cleaning in Montr\u00e9al, QC - Cleanster | Cleaning &amp; Maid Services Near You\" \/>\n<meta property=\"og:description\" content=\"The smartest way to book, pay, and find deep cleaning service in Montr\u00e9al, QC through the Cleanster.com. It takes only 30 seconds.\" \/>\n<meta property=\"og:url\" content=\"https:\/\/cleanster.com\/pt\/limpeza-profunda-em-montreal-qc\/\" \/>\n<meta property=\"og:site_name\" content=\"Cleanster | Cleaning &amp; Maid Services Near You\" \/>\n<meta property=\"article:publisher\" content=\"https:\/\/www.facebook.com\/cleansterhq\" \/>\n<meta property=\"article:modified_time\" content=\"2023-11-02T15:30:05+00:00\" \/>\n<meta property=\"og:image\" content=\"https:\/\/cleanster.com\/wp-content\/uploads\/2023\/10\/deep-img.jpg\" \/>\n\t<meta property=\"og:image:width\" content=\"950\" \/>\n\t<meta property=\"og:image:height\" content=\"670\" \/>\n\t<meta property=\"og:image:type\" content=\"image\/jpeg\" \/>\n<meta name=\"twitter:card\" content=\"summary_large_image\" \/>\n<meta name=\"twitter:site\" content=\"@cleansterhq\" \/>\n<meta name=\"twitter:label1\" content=\"Tempo estimado de leitura\" \/>\n\t<meta name=\"twitter:data1\" content=\"2 minutos\" \/>\n<script type=\"application\/ld+json\" class=\"yoast-schema-graph\">{\"@context\":\"https:\\\/\\\/schema.org\",\"@graph\":[{\"@type\":\"WebPage\",\"@id\":\"https:\\\/\\\/cleanster.com\\\/deep-cleaning-in-montreal-qc\\\/\",\"url\":\"https:\\\/\\\/cleanster.com\\\/deep-cleaning-in-montreal-qc\\\/\",\"name\":\"App for deep cleaning in Montr\u00e9al, QC - Cleanster.com\",\"isPartOf\":{\"@id\":\"https:\\\/\\\/cleanster.com\\\/#website\"},\"primaryImageOfPage\":{\"@id\":\"https:\\\/\\\/cleanster.com\\\/deep-cleaning-in-montreal-qc\\\/#primaryimage\"},\"image\":{\"@id\":\"https:\\\/\\\/cleanster.com\\\/deep-cleaning-in-montreal-qc\\\/#primaryimage\"},\"thumbnailUrl\":\"https:\\\/\\\/cleanster.com\\\/wp-content\\\/uploads\\\/2023\\\/10\\\/deep-img.jpg\",\"datePublished\":\"2022-10-26T17:44:09+00:00\",\"dateModified\":\"2023-11-02T15:30:05+00:00\",\"description\":\"The smartest way to book, pay, and find deep cleaning service in Montr\u00e9al, QC through the Cleanster.com. It takes only 30 seconds.\",\"inLanguage\":\"pt-PT\",\"potentialAction\":[{\"@type\":\"ReadAction\",\"target\":[\"https:\\\/\\\/cleanster.com\\\/deep-cleaning-in-montreal-qc\\\/\"]}]},{\"@type\":\"ImageObject\",\"inLanguage\":\"pt-PT\",\"@id\":\"https:\\\/\\\/cleanster.com\\\/deep-cleaning-in-montreal-qc\\\/#primaryimage\",\"url\":\"https:\\\/\\\/cleanster.com\\\/wp-content\\\/uploads\\\/2023\\\/10\\\/deep-img.jpg\",\"contentUrl\":\"https:\\\/\\\/cleanster.com\\\/wp-content\\\/uploads\\\/2023\\\/10\\\/deep-img.jpg\",\"width\":950,\"height\":670},{\"@type\":\"WebSite\",\"@id\":\"https:\\\/\\\/cleanster.com\\\/#website\",\"url\":\"https:\\\/\\\/cleanster.com\\\/\",\"name\":\"Cleanster | Cleaning & Maid Services Near You\",\"description\":\"Instantly find &amp; book trusted cleaners for homes, apartment, Airbnb, and offices. Cleanster offers affordable maid, housekeeping, and commercial cleaning services near you.\",\"publisher\":{\"@id\":\"https:\\\/\\\/cleanster.com\\\/#organization\"},\"alternateName\":\"Cleanster | Cleaning, Maid & Housekeeping Services for Everyone\",\"potentialAction\":[{\"@type\":\"SearchAction\",\"target\":{\"@type\":\"EntryPoint\",\"urlTemplate\":\"https:\\\/\\\/cleanster.com\\\/?s={search_term_string}\"},\"query-input\":{\"@type\":\"PropertyValueSpecification\",\"valueRequired\":true,\"valueName\":\"search_term_string\"}}],\"inLanguage\":\"pt-PT\"},{\"@type\":\"Organization\",\"@id\":\"https:\\\/\\\/cleanster.com\\\/#organization\",\"name\":\"Cleanster\",\"alternateName\":\"Cleanster.com\",\"url\":\"https:\\\/\\\/cleanster.com\\\/\",\"logo\":{\"@type\":\"ImageObject\",\"inLanguage\":\"pt-PT\",\"@id\":\"https:\\\/\\\/cleanster.com\\\/#\\\/schema\\\/logo\\\/image\\\/\",\"url\":\"https:\\\/\\\/cleanster.com\\\/wp-content\\\/uploads\\\/2025\\\/06\\\/Cleanster-Logo-1.svg\",\"contentUrl\":\"https:\\\/\\\/cleanster.com\\\/wp-content\\\/uploads\\\/2025\\\/06\\\/Cleanster-Logo-1.svg\",\"width\":1,\"height\":1,\"caption\":\"Cleanster\"},\"image\":{\"@id\":\"https:\\\/\\\/cleanster.com\\\/#\\\/schema\\\/logo\\\/image\\\/\"},\"sameAs\":[\"https:\\\/\\\/www.facebook.com\\\/cleansterhq\",\"https:\\\/\\\/x.com\\\/cleansterhq\",\"https:\\\/\\\/www.linkedin.com\\\/company\\\/cleansterhq\",\"https:\\\/\\\/www.instagram.com\\\/cleansterhq\",\"https:\\\/\\\/vm.tiktok.com\\\/ZM8vHmcuo\\\/\",\"https:\\\/\\\/www.clubhouse.com\\\/club\\\/cleanstercom\"],\"description\":\"Cleanster is an AI-powered cleaning services platform that connects Airbnb hosts, property managers, and commercial clients with vetted, on-demand cleaners. We offer apartment, house, Airbnb, commercial, and janitorial cleaning services. With a network of over 100,000 professionals across the US, Canada, and the UK, Cleanster delivers fast, reliable, and tech-enabled cleaning at scale.\",\"email\":\"support@cleanster.com\",\"telephone\":\"+1 (888) 788-2445\",\"legalName\":\"Cleanster, Inc.\",\"foundingDate\":\"2019-05-06\",\"duns\":\"118328526\",\"naics\":\"541511\",\"numberOfEmployees\":{\"@type\":\"QuantitativeValue\",\"minValue\":\"11\",\"maxValue\":\"50\"}}]}<\/script>\n<!-- \/ Yoast SEO Premium plugin. -->","yoast_head_json":{"title":"Aplicativo para limpeza profunda em Montreal, QC - Cleanster.com","description":"A maneira mais inteligente de reservar, pagar e encontrar servi\u00e7o de limpeza profunda em Montreal, QC atrav\u00e9s do Cleanster.com. Leva apenas 30 segundos.","robots":{"index":"index","follow":"follow","max-snippet":"max-snippet:-1","max-image-preview":"max-image-preview:large","max-video-preview":"max-video-preview:-1"},"canonical":"https:\/\/cleanster.com\/pt\/limpeza-profunda-em-montreal-qc\/","og_locale":"pt_PT","og_type":"article","og_title":"Deep Cleaning in Montr\u00e9al, QC - Cleanster | Cleaning &amp; Maid Services Near You","og_description":"The smartest way to book, pay, and find deep cleaning service in Montr\u00e9al, QC through the Cleanster.com. It takes only 30 seconds.","og_url":"https:\/\/cleanster.com\/pt\/limpeza-profunda-em-montreal-qc\/","og_site_name":"Cleanster | Cleaning &amp; Maid Services Near You","article_publisher":"https:\/\/www.facebook.com\/cleansterhq","article_modified_time":"2023-11-02T15:30:05+00:00","og_image":[{"width":950,"height":670,"url":"https:\/\/cleanster.com\/wp-content\/uploads\/2023\/10\/deep-img.jpg","type":"image\/jpeg"}],"twitter_card":"summary_large_image","twitter_site":"@cleansterhq","twitter_misc":{"Tempo estimado de leitura":"2 minutos"},"schema":{"@context":"https:\/\/schema.org","@graph":[{"@type":"WebPage","@id":"https:\/\/cleanster.com\/deep-cleaning-in-montreal-qc\/","url":"https:\/\/cleanster.com\/deep-cleaning-in-montreal-qc\/","name":"Aplicativo para limpeza profunda em Montreal, QC - Cleanster.com","isPartOf":{"@id":"https:\/\/cleanster.com\/#website"},"primaryImageOfPage":{"@id":"https:\/\/cleanster.com\/deep-cleaning-in-montreal-qc\/#primaryimage"},"image":{"@id":"https:\/\/cleanster.com\/deep-cleaning-in-montreal-qc\/#primaryimage"},"thumbnailUrl":"https:\/\/cleanster.com\/wp-content\/uploads\/2023\/10\/deep-img.jpg","datePublished":"2022-10-26T17:44:09+00:00","dateModified":"2023-11-02T15:30:05+00:00","description":"A maneira mais inteligente de reservar, pagar e encontrar servi\u00e7o de limpeza profunda em Montreal, QC atrav\u00e9s do Cleanster.com. Leva apenas 30 segundos.","inLanguage":"pt-PT","potentialAction":[{"@type":"ReadAction","target":["https:\/\/cleanster.com\/deep-cleaning-in-montreal-qc\/"]}]},{"@type":"ImageObject","inLanguage":"pt-PT","@id":"https:\/\/cleanster.com\/deep-cleaning-in-montreal-qc\/#primaryimage","url":"https:\/\/cleanster.com\/wp-content\/uploads\/2023\/10\/deep-img.jpg","contentUrl":"https:\/\/cleanster.com\/wp-content\/uploads\/2023\/10\/deep-img.jpg","width":950,"height":670},{"@type":"WebSite","@id":"https:\/\/cleanster.com\/#website","url":"https:\/\/cleanster.com\/","name":"Cleanster | Servi\u00e7os de limpeza e limpeza perto de voc\u00ea","description":"Encontre e reserve instantaneamente servi\u00e7os de limpeza confi\u00e1veis para resid\u00eancias, apartamentos, Airbnb e escrit\u00f3rios. A Cleanster oferece servi\u00e7os acess\u00edveis de limpeza dom\u00e9stica, limpeza dom\u00e9stica e limpeza comercial perto de voc\u00ea.","publisher":{"@id":"https:\/\/cleanster.com\/#organization"},"alternateName":"Cleanster | Cleaning, Maid & Housekeeping Services for Everyone","potentialAction":[{"@type":"SearchAction","target":{"@type":"EntryPoint","urlTemplate":"https:\/\/cleanster.com\/?s={search_term_string}"},"query-input":{"@type":"PropertyValueSpecification","valueRequired":true,"valueName":"search_term_string"}}],"inLanguage":"pt-PT"},{"@type":"Organization","@id":"https:\/\/cleanster.com\/#organization","name":"Limpador","alternateName":"Cleanster.com","url":"https:\/\/cleanster.com\/","logo":{"@type":"ImageObject","inLanguage":"pt-PT","@id":"https:\/\/cleanster.com\/#\/schema\/logo\/image\/","url":"https:\/\/cleanster.com\/wp-content\/uploads\/2025\/06\/Cleanster-Logo-1.svg","contentUrl":"https:\/\/cleanster.com\/wp-content\/uploads\/2025\/06\/Cleanster-Logo-1.svg","width":1,"height":1,"caption":"Cleanster"},"image":{"@id":"https:\/\/cleanster.com\/#\/schema\/logo\/image\/"},"sameAs":["https:\/\/www.facebook.com\/cleansterhq","https:\/\/x.com\/cleansterhq","https:\/\/www.linkedin.com\/company\/cleansterhq","https:\/\/www.instagram.com\/cleansterhq","https:\/\/vm.tiktok.com\/ZM8vHmcuo\/","https:\/\/www.clubhouse.com\/club\/cleanstercom"],"description":"A Cleanster \u00e9 uma plataforma de servi\u00e7os de limpeza com tecnologia de IA que conecta anfitri\u00f5es do Airbnb, administradores de im\u00f3veis e clientes comerciais a profissionais de limpeza qualificados e sob demanda. Oferecemos servi\u00e7os de limpeza para apartamentos, casas, Airbnb, empresas e servi\u00e7os de zeladoria. Com uma rede de mais de 100.000 profissionais nos EUA, Canad\u00e1 e Reino Unido, a Cleanster oferece limpeza r\u00e1pida, confi\u00e1vel e com tecnologia em larga escala.","email":"support@cleanster.com","telephone":"+1 (888) 788-2445","legalName":"Cleanster, Inc.","foundingDate":"2019-05-06","duns":"118328526","naics":"541511","numberOfEmployees":{"@type":"QuantitativeValue","minValue":"11","maxValue":"50"}}]}},"_links":{"self":[{"href":"https:\/\/cleanster.com\/pt\/wp-json\/wp\/v2\/pages\/6210","targetHints":{"allow":["GET"]}}],"collection":[{"href":"https:\/\/cleanster.com\/pt\/wp-json\/wp\/v2\/pages"}],"about":[{"href":"https:\/\/cleanster.com\/pt\/wp-json\/wp\/v2\/types\/page"}],"author":[{"embeddable":true,"href":"https:\/\/cleanster.com\/pt\/wp-json\/wp\/v2\/users\/1"}],"replies":[{"embeddable":true,"href":"https:\/\/cleanster.com\/pt\/wp-json\/wp\/v2\/comments?post=6210"}],"version-history":[{"count":0,"href":"https:\/\/cleanster.com\/pt\/wp-json\/wp\/v2\/pages\/6210\/revisions"}],"wp:featuredmedia":[{"embeddable":true,"href":"https:\/\/cleanster.com\/pt\/wp-json\/wp\/v2\/media\/16053"}],"wp:attachment":[{"href":"https:\/\/cleanster.com\/pt\/wp-json\/wp\/v2\/media?parent=6210"}],"curies":[{"name":"wp","href":"https:\/\/api.w.org\/{rel}","templated":true}]}}