{"id":6394,"date":"2022-10-26T19:28:54","date_gmt":"2022-10-26T19:28:54","guid":{"rendered":"http:\/\/cleanster.ca\/?page_id=6394"},"modified":"2023-11-02T16:06:00","modified_gmt":"2023-11-02T16:06:00","slug":"mudanca-para-limpeza-em-san-antonio-tx","status":"publish","type":"page","link":"https:\/\/cleanster.com\/pt\/mudanca-para-limpeza-em-san-antonio-tx\/","title":{"rendered":"Limpeza de mudan\u00e7a em San Antonio, TX"},"content":{"rendered":"<h2><span style=\"color: #ffffff;\"><b>Entrando e saindo do aplicativo de limpeza <\/b><b>Santo Antonio, Texas<\/b><\/span><\/h2>\n<p><span style=\"color: #ffffff;\"><span style=\"font-weight: 400;\">Voc\u00ea est\u00e1 procurando um aplicativo de limpeza de entrada e sa\u00edda em<\/span> <span style=\"font-weight: 400;\">Santo Antonio, Texas<\/span><span style=\"font-weight: 400;\">? Ent\u00e3o, sem d\u00favida, voc\u00ea pode tentar o <\/span><a style=\"color: #ffffff;\" href=\"https:\/\/play.google.com\/store\/apps\/details?id=com.tidyapp.pro\"><span style=\"font-weight: 400;\">Limpador<\/span><\/a><a style=\"color: #ffffff;\" href=\"https:\/\/play.google.com\/store\/apps\/details?id=com.tidyapp.pro\">.com <\/a>para este servi\u00e7o.\u00a0<\/span><\/p>\n<p><span style=\"color: #ffffff;\"><span style=\"font-weight: 400;\">Existem in\u00fameras tarefas e processos que voc\u00ea precisa realizar enquanto se desloca de um lugar para outro. O <\/span><a style=\"color: #ffffff;\" href=\"https:\/\/cleanster.ca\/\"><span style=\"font-weight: 400;\">Limpador<\/span><\/a><a style=\"color: #ffffff;\" href=\"https:\/\/cleanster.ca\/\">.com <\/a>tem solu\u00e7\u00f5es para servi\u00e7os de limpeza de entrada e sa\u00edda.<\/span><\/p>\n<p><span style=\"font-weight: 400; color: #ffffff;\">Os profissionais do Cleanster.com limpar\u00e3o completamente sua casa nova ou antiga para tornar sua experi\u00eancia de mudan\u00e7a o mais tranquila e livre de preocupa\u00e7\u00f5es poss\u00edvel e cuidar\u00e3o da bagun\u00e7a para voc\u00ea.<\/span><\/p>\n<h2><span style=\"color: #ffffff;\"><b>Lista de verifica\u00e7\u00e3o de limpeza de mudan\u00e7a O aplicativo Cleanster.com oferece:<\/b><\/span><\/h2>\n<p><span style=\"font-weight: 400; color: #ffffff;\">Os profissionais do Cleanster.com podem cuidar de todos os itens da sua lista de verifica\u00e7\u00e3o de limpeza de mudan\u00e7a sem danificar a propriedade, para que voc\u00ea possa passar mais tempo se preparando para a mudan\u00e7a.\u00a0<\/span><\/p>\n<p><span style=\"font-weight: 400; color: #ffffff;\">Poeira (tudo)<\/span><\/p>\n<p><span style=\"font-weight: 400; color: #ffffff;\">Limpe os eletrodom\u00e9sticos da cozinha<\/span><\/p>\n<p><span style=\"font-weight: 400; color: #ffffff;\">Limpe os arm\u00e1rios<\/span><\/p>\n<p><span style=\"font-weight: 400; color: #ffffff;\">Limpe pias e bancadas<\/span><\/p>\n<p><span style=\"font-weight: 400; color: #ffffff;\">Esfregar banheiros<\/span><\/p>\n<p><span style=\"font-weight: 400; color: #ffffff;\">Chuveiro e banheira<\/span><\/p>\n<p><span style=\"font-weight: 400; color: #ffffff;\">Limpe os rodap\u00e9s<\/span><\/p>\n<p><span style=\"font-weight: 400; color: #ffffff;\">Aspire e varra todos os andares<\/span><\/p>\n<p><span style=\"font-weight: 400; color: #ffffff;\">Realizamos nosso trabalho de limpeza e mudan\u00e7a de maneira eficiente com nossas m\u00e3os profissionais. Voc\u00ea pode personalizar seu cronograma de limpeza de mudan\u00e7a de acordo com voc\u00ea.\u00a0<\/span><\/p>\n<p><span style=\"color: #ffffff;\"><span style=\"font-weight: 400;\">N\u00e3o estamos apenas baseados em <\/span><span style=\"font-weight: 400;\">Santo Ant\u00f4nio,,<\/span><span style=\"font-weight: 400;\"> Temos v\u00e1rios locais para prestar v\u00e1rios servi\u00e7os como <\/span><a style=\"color: #ffffff;\" href=\"https:\/\/cleanster.ca\/house-cleaning-in-austin-tx\/\"><span style=\"font-weight: 400;\">Limpeza de casa<\/span><\/a><span style=\"font-weight: 400;\">, <\/span><a style=\"color: #ffffff;\" href=\"https:\/\/cleanster.ca\/airbnb-cleaning-in-austin-tx\/\"><span style=\"font-weight: 400;\">Limpeza do Airbnb<\/span><\/a><span style=\"font-weight: 400;\">, <\/span><a style=\"color: #ffffff;\" href=\"https:\/\/cleanster.ca\/deep-cleaning-in-austin-tx-2\/\"><span style=\"font-weight: 400;\">limpeza profunda<\/span><\/a><span style=\"font-weight: 400;\">, <\/span><a style=\"color: #ffffff;\" href=\"https:\/\/cleanster.ca\/vacation-rental-cleaning-in-austin-tx\/\"><span style=\"font-weight: 400;\">limpeza de aluguel de temporada<\/span><\/a><span style=\"font-weight: 400;\"> e muitos mais.<\/span><\/span><\/p>\n<h2><span style=\"color: #ffffff;\"><b>Servi\u00e7o de mudan\u00e7a<\/b><\/span><\/h2>\n<p><span style=\"color: #ffffff;\"><span style=\"font-weight: 400;\">Mudar-se para uma casa torna as coisas emocionantes e tamb\u00e9m estressantes. H\u00e1 muitas coisas que voc\u00ea precisa organizar antes de se mudar. Coisas como limpar e preparar novos m\u00f3veis e outros. Com o Cleanster.com, nosso especialista pode fazer essas tarefas com muita efici\u00eancia. Nosso excelente aplicativo tamb\u00e9m est\u00e1 dispon\u00edvel para servi\u00e7o de limpeza de mudan\u00e7a em <\/span><span style=\"font-weight: 400;\">San Antonio, Texas.<\/span><\/span><\/p>\n<p><span style=\"font-weight: 400; color: #ffffff;\">Limparemos minuciosamente a sua nova casa, organizaremos m\u00f3veis pesados e garantiremos que tudo esteja em perfeitas condi\u00e7\u00f5es.<\/span><\/p>\n<p><span style=\"font-weight: 400; color: #ffffff;\">Esteja voc\u00ea mudando ou mudando de casa, projetamos nosso aplicativo para mudar de faxineira a um pre\u00e7o acess\u00edvel.\u00a0<\/span><\/p>\n<h2><span style=\"color: #ffffff;\"><b>Vantagens que voc\u00ea pode obter<\/b><\/span><\/h2>\n<p><span style=\"font-weight: 400; color: #ffffff;\">Ajudamos a economizar seu tempo e somos muito mais seguros do que voc\u00ea imagina.<\/span><\/p>\n<p><span style=\"font-weight: 400; color: #ffffff;\">Voc\u00ea n\u00e3o precisa se preocupar com a gest\u00e3o de licen\u00e7as e conselhos.<\/span><\/p>\n<p><span style=\"font-weight: 400; color: #ffffff;\">Temos o equipamento de limpeza exato.<\/span><\/p>\n<p><span style=\"font-weight: 400; color: #ffffff;\">Nossa equipe \u00e9 altamente qualificada na remo\u00e7\u00e3o de itens pesados.<\/span><\/p>","protected":false},"excerpt":{"rendered":"<p>Moving In and Out Cleaning App in San Antonio, TX Are you looking for a moving in and out cleaning app in San Antonio, TX? Then without any doubt, you can try the Cleanster.com for this service.\u00a0 There are countless tasks and processes you need to do while you are moving out from one place [&hellip;]<\/p>\n","protected":false},"author":1,"featured_media":17319,"parent":0,"menu_order":0,"comment_status":"closed","ping_status":"closed","template":"templates\/services.php","meta":{"_acf_changed":false,"footnotes":""},"class_list":["post-6394","page","type-page","status-publish","has-post-thumbnail","hentry","entry"],"acf":[],"yoast_head":"<!-- This site is optimized with the Yoast SEO Premium plugin v26.5 (Yoast SEO v27.5) - https:\/\/yoast.com\/product\/yoast-seo-premium-wordpress\/ -->\n<title>Moving in and out cleaning app in San Antonio, TX- Cleanster.com<\/title>\n<meta name=\"description\" content=\"The smartest way to book, pay, and find moving in and out cleaning service in San Antonio, TX through Cleanster.com. Let&#039;s download\" \/>\n<meta name=\"robots\" content=\"index, follow, max-snippet:-1, max-image-preview:large, max-video-preview:-1\" \/>\n<link rel=\"canonical\" href=\"https:\/\/cleanster.com\/pt\/mudanca-para-limpeza-em-san-antonio-tx\/\" \/>\n<meta property=\"og:locale\" content=\"pt_PT\" \/>\n<meta property=\"og:type\" content=\"article\" \/>\n<meta property=\"og:title\" content=\"Moving In Out Cleaning in San Antonio, TX - Cleanster | Cleaning &amp; Maid Services Near You\" \/>\n<meta property=\"og:description\" content=\"The smartest way to book, pay, and find moving in and out cleaning service in San Antonio, TX through Cleanster.com. Let&#039;s download\" \/>\n<meta property=\"og:url\" content=\"https:\/\/cleanster.com\/pt\/mudanca-para-limpeza-em-san-antonio-tx\/\" \/>\n<meta property=\"og:site_name\" content=\"Cleanster | Cleaning &amp; Maid Services Near You\" \/>\n<meta property=\"article:publisher\" content=\"https:\/\/www.facebook.com\/cleansterhq\" \/>\n<meta property=\"article:modified_time\" content=\"2023-11-02T16:06:00+00:00\" \/>\n<meta property=\"og:image\" content=\"https:\/\/cleanster.com\/wp-content\/uploads\/2023\/11\/moving-img.jpg\" \/>\n\t<meta property=\"og:image:width\" content=\"950\" \/>\n\t<meta property=\"og:image:height\" content=\"670\" \/>\n\t<meta property=\"og:image:type\" content=\"image\/jpeg\" \/>\n<meta name=\"twitter:card\" content=\"summary_large_image\" \/>\n<meta name=\"twitter:site\" content=\"@cleansterhq\" \/>\n<meta name=\"twitter:label1\" content=\"Tempo estimado de leitura\" \/>\n\t<meta name=\"twitter:data1\" content=\"2 minutos\" \/>\n<script type=\"application\/ld+json\" class=\"yoast-schema-graph\">{\"@context\":\"https:\\\/\\\/schema.org\",\"@graph\":[{\"@type\":\"WebPage\",\"@id\":\"https:\\\/\\\/cleanster.com\\\/moving-in-out-cleaning-in-san-antonio-tx\\\/\",\"url\":\"https:\\\/\\\/cleanster.com\\\/moving-in-out-cleaning-in-san-antonio-tx\\\/\",\"name\":\"Moving in and out cleaning app in San Antonio, TX- Cleanster.com\",\"isPartOf\":{\"@id\":\"https:\\\/\\\/cleanster.com\\\/#website\"},\"primaryImageOfPage\":{\"@id\":\"https:\\\/\\\/cleanster.com\\\/moving-in-out-cleaning-in-san-antonio-tx\\\/#primaryimage\"},\"image\":{\"@id\":\"https:\\\/\\\/cleanster.com\\\/moving-in-out-cleaning-in-san-antonio-tx\\\/#primaryimage\"},\"thumbnailUrl\":\"https:\\\/\\\/cleanster.com\\\/wp-content\\\/uploads\\\/2023\\\/11\\\/moving-img.jpg\",\"datePublished\":\"2022-10-26T19:28:54+00:00\",\"dateModified\":\"2023-11-02T16:06:00+00:00\",\"description\":\"The smartest way to book, pay, and find moving in and out cleaning service in San Antonio, TX through Cleanster.com. Let's download\",\"inLanguage\":\"pt-PT\",\"potentialAction\":[{\"@type\":\"ReadAction\",\"target\":[\"https:\\\/\\\/cleanster.com\\\/moving-in-out-cleaning-in-san-antonio-tx\\\/\"]}]},{\"@type\":\"ImageObject\",\"inLanguage\":\"pt-PT\",\"@id\":\"https:\\\/\\\/cleanster.com\\\/moving-in-out-cleaning-in-san-antonio-tx\\\/#primaryimage\",\"url\":\"https:\\\/\\\/cleanster.com\\\/wp-content\\\/uploads\\\/2023\\\/11\\\/moving-img.jpg\",\"contentUrl\":\"https:\\\/\\\/cleanster.com\\\/wp-content\\\/uploads\\\/2023\\\/11\\\/moving-img.jpg\",\"width\":950,\"height\":670},{\"@type\":\"WebSite\",\"@id\":\"https:\\\/\\\/cleanster.com\\\/#website\",\"url\":\"https:\\\/\\\/cleanster.com\\\/\",\"name\":\"Cleanster | Cleaning & Maid Services Near You\",\"description\":\"Instantly find &amp; book trusted cleaners for homes, apartment, Airbnb, and offices. Cleanster offers affordable maid, housekeeping, and commercial cleaning services near you.\",\"publisher\":{\"@id\":\"https:\\\/\\\/cleanster.com\\\/#organization\"},\"alternateName\":\"Cleanster | Cleaning, Maid & Housekeeping Services for Everyone\",\"potentialAction\":[{\"@type\":\"SearchAction\",\"target\":{\"@type\":\"EntryPoint\",\"urlTemplate\":\"https:\\\/\\\/cleanster.com\\\/?s={search_term_string}\"},\"query-input\":{\"@type\":\"PropertyValueSpecification\",\"valueRequired\":true,\"valueName\":\"search_term_string\"}}],\"inLanguage\":\"pt-PT\"},{\"@type\":\"Organization\",\"@id\":\"https:\\\/\\\/cleanster.com\\\/#organization\",\"name\":\"Cleanster\",\"alternateName\":\"Cleanster.com\",\"url\":\"https:\\\/\\\/cleanster.com\\\/\",\"logo\":{\"@type\":\"ImageObject\",\"inLanguage\":\"pt-PT\",\"@id\":\"https:\\\/\\\/cleanster.com\\\/#\\\/schema\\\/logo\\\/image\\\/\",\"url\":\"https:\\\/\\\/cleanster.com\\\/wp-content\\\/uploads\\\/2025\\\/06\\\/Cleanster-Logo-1.svg\",\"contentUrl\":\"https:\\\/\\\/cleanster.com\\\/wp-content\\\/uploads\\\/2025\\\/06\\\/Cleanster-Logo-1.svg\",\"width\":1,\"height\":1,\"caption\":\"Cleanster\"},\"image\":{\"@id\":\"https:\\\/\\\/cleanster.com\\\/#\\\/schema\\\/logo\\\/image\\\/\"},\"sameAs\":[\"https:\\\/\\\/www.facebook.com\\\/cleansterhq\",\"https:\\\/\\\/x.com\\\/cleansterhq\",\"https:\\\/\\\/www.linkedin.com\\\/company\\\/cleansterhq\",\"https:\\\/\\\/www.instagram.com\\\/cleansterhq\",\"https:\\\/\\\/vm.tiktok.com\\\/ZM8vHmcuo\\\/\",\"https:\\\/\\\/www.clubhouse.com\\\/club\\\/cleanstercom\"],\"description\":\"Cleanster is an AI-powered cleaning services platform that connects Airbnb hosts, property managers, and commercial clients with vetted, on-demand cleaners. We offer apartment, house, Airbnb, commercial, and janitorial cleaning services. With a network of over 100,000 professionals across the US, Canada, and the UK, Cleanster delivers fast, reliable, and tech-enabled cleaning at scale.\",\"email\":\"support@cleanster.com\",\"telephone\":\"+1 (888) 788-2445\",\"legalName\":\"Cleanster, Inc.\",\"foundingDate\":\"2019-05-06\",\"duns\":\"118328526\",\"naics\":\"541511\",\"numberOfEmployees\":{\"@type\":\"QuantitativeValue\",\"minValue\":\"11\",\"maxValue\":\"50\"}}]}<\/script>\n<!-- \/ Yoast SEO Premium plugin. -->","yoast_head_json":{"title":"Entrando e saindo do aplicativo de limpeza em San Antonio, TX- Cleanster.com","description":"A maneira mais inteligente de reservar, pagar e encontrar servi\u00e7os de limpeza de entrada e sa\u00edda em San Antonio, TX atrav\u00e9s do Cleanster.com. Vamos baixar","robots":{"index":"index","follow":"follow","max-snippet":"max-snippet:-1","max-image-preview":"max-image-preview:large","max-video-preview":"max-video-preview:-1"},"canonical":"https:\/\/cleanster.com\/pt\/mudanca-para-limpeza-em-san-antonio-tx\/","og_locale":"pt_PT","og_type":"article","og_title":"Moving In Out Cleaning in San Antonio, TX - Cleanster | Cleaning &amp; Maid Services Near You","og_description":"The smartest way to book, pay, and find moving in and out cleaning service in San Antonio, TX through Cleanster.com. Let's download","og_url":"https:\/\/cleanster.com\/pt\/mudanca-para-limpeza-em-san-antonio-tx\/","og_site_name":"Cleanster | Cleaning &amp; Maid Services Near You","article_publisher":"https:\/\/www.facebook.com\/cleansterhq","article_modified_time":"2023-11-02T16:06:00+00:00","og_image":[{"width":950,"height":670,"url":"https:\/\/cleanster.com\/wp-content\/uploads\/2023\/11\/moving-img.jpg","type":"image\/jpeg"}],"twitter_card":"summary_large_image","twitter_site":"@cleansterhq","twitter_misc":{"Tempo estimado de leitura":"2 minutos"},"schema":{"@context":"https:\/\/schema.org","@graph":[{"@type":"WebPage","@id":"https:\/\/cleanster.com\/moving-in-out-cleaning-in-san-antonio-tx\/","url":"https:\/\/cleanster.com\/moving-in-out-cleaning-in-san-antonio-tx\/","name":"Entrando e saindo do aplicativo de limpeza em San Antonio, TX- Cleanster.com","isPartOf":{"@id":"https:\/\/cleanster.com\/#website"},"primaryImageOfPage":{"@id":"https:\/\/cleanster.com\/moving-in-out-cleaning-in-san-antonio-tx\/#primaryimage"},"image":{"@id":"https:\/\/cleanster.com\/moving-in-out-cleaning-in-san-antonio-tx\/#primaryimage"},"thumbnailUrl":"https:\/\/cleanster.com\/wp-content\/uploads\/2023\/11\/moving-img.jpg","datePublished":"2022-10-26T19:28:54+00:00","dateModified":"2023-11-02T16:06:00+00:00","description":"A maneira mais inteligente de reservar, pagar e encontrar servi\u00e7os de limpeza de entrada e sa\u00edda em San Antonio, TX atrav\u00e9s do Cleanster.com. Vamos baixar","inLanguage":"pt-PT","potentialAction":[{"@type":"ReadAction","target":["https:\/\/cleanster.com\/moving-in-out-cleaning-in-san-antonio-tx\/"]}]},{"@type":"ImageObject","inLanguage":"pt-PT","@id":"https:\/\/cleanster.com\/moving-in-out-cleaning-in-san-antonio-tx\/#primaryimage","url":"https:\/\/cleanster.com\/wp-content\/uploads\/2023\/11\/moving-img.jpg","contentUrl":"https:\/\/cleanster.com\/wp-content\/uploads\/2023\/11\/moving-img.jpg","width":950,"height":670},{"@type":"WebSite","@id":"https:\/\/cleanster.com\/#website","url":"https:\/\/cleanster.com\/","name":"Cleanster | Servi\u00e7os de limpeza e limpeza perto de voc\u00ea","description":"Encontre e reserve instantaneamente servi\u00e7os de limpeza confi\u00e1veis para resid\u00eancias, apartamentos, Airbnb e escrit\u00f3rios. A Cleanster oferece servi\u00e7os acess\u00edveis de limpeza dom\u00e9stica, limpeza dom\u00e9stica e limpeza comercial perto de voc\u00ea.","publisher":{"@id":"https:\/\/cleanster.com\/#organization"},"alternateName":"Cleanster | Cleaning, Maid & Housekeeping Services for Everyone","potentialAction":[{"@type":"SearchAction","target":{"@type":"EntryPoint","urlTemplate":"https:\/\/cleanster.com\/?s={search_term_string}"},"query-input":{"@type":"PropertyValueSpecification","valueRequired":true,"valueName":"search_term_string"}}],"inLanguage":"pt-PT"},{"@type":"Organization","@id":"https:\/\/cleanster.com\/#organization","name":"Limpador","alternateName":"Cleanster.com","url":"https:\/\/cleanster.com\/","logo":{"@type":"ImageObject","inLanguage":"pt-PT","@id":"https:\/\/cleanster.com\/#\/schema\/logo\/image\/","url":"https:\/\/cleanster.com\/wp-content\/uploads\/2025\/06\/Cleanster-Logo-1.svg","contentUrl":"https:\/\/cleanster.com\/wp-content\/uploads\/2025\/06\/Cleanster-Logo-1.svg","width":1,"height":1,"caption":"Cleanster"},"image":{"@id":"https:\/\/cleanster.com\/#\/schema\/logo\/image\/"},"sameAs":["https:\/\/www.facebook.com\/cleansterhq","https:\/\/x.com\/cleansterhq","https:\/\/www.linkedin.com\/company\/cleansterhq","https:\/\/www.instagram.com\/cleansterhq","https:\/\/vm.tiktok.com\/ZM8vHmcuo\/","https:\/\/www.clubhouse.com\/club\/cleanstercom"],"description":"A Cleanster \u00e9 uma plataforma de servi\u00e7os de limpeza com tecnologia de IA que conecta anfitri\u00f5es do Airbnb, administradores de im\u00f3veis e clientes comerciais a profissionais de limpeza qualificados e sob demanda. Oferecemos servi\u00e7os de limpeza para apartamentos, casas, Airbnb, empresas e servi\u00e7os de zeladoria. Com uma rede de mais de 100.000 profissionais nos EUA, Canad\u00e1 e Reino Unido, a Cleanster oferece limpeza r\u00e1pida, confi\u00e1vel e com tecnologia em larga escala.","email":"support@cleanster.com","telephone":"+1 (888) 788-2445","legalName":"Cleanster, Inc.","foundingDate":"2019-05-06","duns":"118328526","naics":"541511","numberOfEmployees":{"@type":"QuantitativeValue","minValue":"11","maxValue":"50"}}]}},"_links":{"self":[{"href":"https:\/\/cleanster.com\/pt\/wp-json\/wp\/v2\/pages\/6394","targetHints":{"allow":["GET"]}}],"collection":[{"href":"https:\/\/cleanster.com\/pt\/wp-json\/wp\/v2\/pages"}],"about":[{"href":"https:\/\/cleanster.com\/pt\/wp-json\/wp\/v2\/types\/page"}],"author":[{"embeddable":true,"href":"https:\/\/cleanster.com\/pt\/wp-json\/wp\/v2\/users\/1"}],"replies":[{"embeddable":true,"href":"https:\/\/cleanster.com\/pt\/wp-json\/wp\/v2\/comments?post=6394"}],"version-history":[{"count":0,"href":"https:\/\/cleanster.com\/pt\/wp-json\/wp\/v2\/pages\/6394\/revisions"}],"wp:featuredmedia":[{"embeddable":true,"href":"https:\/\/cleanster.com\/pt\/wp-json\/wp\/v2\/media\/17319"}],"wp:attachment":[{"href":"https:\/\/cleanster.com\/pt\/wp-json\/wp\/v2\/media?parent=6394"}],"curies":[{"name":"wp","href":"https:\/\/api.w.org\/{rel}","templated":true}]}}