{"id":79,"date":"2023-08-08T07:17:55","date_gmt":"2023-08-08T07:17:55","guid":{"rendered":"https:\/\/cleanster.com\/?page_id=79"},"modified":"2026-02-25T19:20:19","modified_gmt":"2026-02-25T19:20:19","slug":"servicos-de-limpeza-de-apartamentos-2","status":"publish","type":"page","link":"https:\/\/cleanster.com\/pt\/servicos-de-limpeza-de-apartamentos-2\/","title":{"rendered":"Servi\u00e7os de limpeza de apartamentos"},"content":{"rendered":"<h2><span style=\"color: #ffffff;\">Quais s\u00e3o os melhores servi\u00e7os de limpeza de apartamentos na minha \u00e1rea?<\/span><\/h2>\n<p><span style=\"color: #ffffff;\">Proposta de benef\u00edcio residencial Cleanster<\/span><\/p>\n<h2><span style=\"color: #ffffff;\">Vis\u00e3o geral<\/span><\/h2>\n<h2><span style=\"color: #ffffff;\">A Cleanster \u00e9 uma plataforma de limpeza confi\u00e1vel que atende mais de 15.000 clientes satisfeitos nos EUA. Com a Cleanster, os moradores podem contratar faxineiros profissionais para apartamentos ou condom\u00ednios instantaneamente, tudo isso com a nossa garantia de satisfa\u00e7\u00e3o 100%. Seja para uma limpeza \u00fanica, uma limpeza profunda, uma mudan\u00e7a ou um servi\u00e7o recorrente, a Cleanster torna a vida limpa sem esfor\u00e7o.<\/span><\/h2>\n<h2><\/h2>\n<h2><span style=\"color: #ffffff;\">Benef\u00edcio proposto para residentes<\/span><\/h2>\n<p style=\"font-weight: 400;\"><span style=\"color: #ffffff;\">\u201cBem-vindo ao Cleanster\u201d \u2013 Aproveite vantagens exclusivas na plataforma Cleanster, incluindo:<\/span><br \/>\n<span style=\"color: #ffffff;\">\u2013 30% DE DESCONTO na sua primeira limpeza acima de $99<\/span><br \/>\n<span style=\"color: #ffffff;\">\u2013 $25 Cleanster Cash para sua pr\u00f3xima reserva<\/span><br \/>\n<span style=\"color: #ffffff;\">\u2013 Reserva em tempo real com profissionais de limpeza totalmente selecionados<\/span><br \/>\n<span style=\"color: #ffffff;\">\u2013 Pre\u00e7os transparentes e or\u00e7amentos instant\u00e2neos<\/span><br \/>\n<span style=\"color: #ffffff;\">\u2013 Sele\u00e7\u00e3o personalizada de faxineiros com base na classifica\u00e7\u00e3o e disponibilidade, com a op\u00e7\u00e3o de remarcar o mesmo faxineiro ou experimentar um novo a cada vez<\/span><br \/>\n<span style=\"color: #ffffff;\">Todas as limpezas contam com uma garantia de satisfa\u00e7\u00e3o 100%.<\/span><\/p>\n<h2><span style=\"color: #ffffff;\">Op\u00e7\u00f5es de b\u00f4nus de engajamento de residentes (opcional)<\/span><\/h2>\n<p style=\"font-weight: 400;\"><span style=\"color: #ffffff;\">\u2013 Recompensas de indica\u00e7\u00e3o: os moradores ganham $25 Cleanster Cash quando um amigo faz uma reserva usando seu c\u00f3digo de indica\u00e7\u00e3o.<\/span><br \/>\n<span style=\"color: #ffffff;\">\u2013 Fidelidade recorrente: agende 7 limpezas recorrentes e ganhe a 8\u00aa GR\u00c1TIS.<\/span><br \/>\n<span style=\"color: #ffffff;\">\u2013 Promo\u00e7\u00e3o de limpeza profunda: ap\u00f3s 5 reservas conclu\u00eddas, desbloqueie 20% de desconto em limpezas profundas (emitido automaticamente, expira em 3 meses).<\/span><\/p>\n<p style=\"font-weight: 400;\">","protected":false},"excerpt":{"rendered":"<p>What are the best services for apartment cleaning in my area? Cleanster Residential Perk Proposal Overview Cleanster is a trusted cleaning platform serving over 15,000+ happy customers across US. With Cleanster, residents can instantly book professional cleaners for apartment or condo all backed by our 100% satisfaction guarantee. Whether it\u2019s a one-time freshen-up, deep, move-out [&hellip;]<\/p>\n","protected":false},"author":1,"featured_media":0,"parent":0,"menu_order":0,"comment_status":"closed","ping_status":"closed","template":"templates\/residents.php","meta":{"_acf_changed":false,"footnotes":""},"class_list":["post-79","page","type-page","status-publish","hentry","entry"],"acf":[],"yoast_head":"<!-- This site is optimized with the Yoast SEO Premium plugin v26.5 (Yoast SEO v27.3) - https:\/\/yoast.com\/product\/yoast-seo-premium-wordpress\/ -->\n<title>Apartment Resident Looking For Reliable Cleaning Services<\/title>\n<meta name=\"description\" content=\"Apartment residents can benefit from Cleanster.com\u2019s tailored cleaning services. Discover convenient services for your home.\" \/>\n<meta name=\"robots\" content=\"index, follow, max-snippet:-1, max-image-preview:large, max-video-preview:-1\" \/>\n<link rel=\"canonical\" href=\"https:\/\/cleanster.com\/pt\/servicos-de-limpeza-de-apartamentos-2\/\" \/>\n<meta property=\"og:locale\" content=\"pt_PT\" \/>\n<meta property=\"og:type\" content=\"article\" \/>\n<meta property=\"og:title\" content=\"Apartment Cleaning Services - Cleanster | Cleaning &amp; Maid Services Near You\" \/>\n<meta property=\"og:description\" content=\"Apartment residents can benefit from Cleanster.com\u2019s tailored cleaning services. Discover convenient services for your home.\" \/>\n<meta property=\"og:url\" content=\"https:\/\/cleanster.com\/pt\/servicos-de-limpeza-de-apartamentos-2\/\" \/>\n<meta property=\"og:site_name\" content=\"Cleanster | Cleaning &amp; Maid Services Near You\" \/>\n<meta property=\"article:publisher\" content=\"https:\/\/www.facebook.com\/cleansterhq\" \/>\n<meta property=\"article:modified_time\" content=\"2026-02-25T19:20:19+00:00\" \/>\n<meta property=\"og:image\" content=\"https:\/\/cleanster.com\/wp-content\/uploads\/2023\/11\/card@3x.png\" \/>\n\t<meta property=\"og:image:width\" content=\"1170\" \/>\n\t<meta property=\"og:image:height\" content=\"763\" \/>\n\t<meta property=\"og:image:type\" content=\"image\/png\" \/>\n<meta name=\"twitter:card\" content=\"summary_large_image\" \/>\n<meta name=\"twitter:site\" content=\"@cleansterhq\" \/>\n<meta name=\"twitter:label1\" content=\"Tempo estimado de leitura\" \/>\n\t<meta name=\"twitter:data1\" content=\"1 minuto\" \/>\n<script type=\"application\/ld+json\" class=\"yoast-schema-graph\">{\"@context\":\"https:\\\/\\\/schema.org\",\"@graph\":[{\"@type\":\"WebPage\",\"@id\":\"https:\\\/\\\/cleanster.com\\\/apartment-cleaning-services\\\/\",\"url\":\"https:\\\/\\\/cleanster.com\\\/apartment-cleaning-services\",\"name\":\"Apartment Resident Looking For Reliable Cleaning Services\",\"isPartOf\":{\"@id\":\"https:\\\/\\\/cleanster.com\\\/#website\"},\"datePublished\":\"2023-08-08T07:17:55+00:00\",\"dateModified\":\"2026-02-25T19:20:19+00:00\",\"description\":\"Apartment residents can benefit from Cleanster.com\u2019s tailored cleaning services. Discover convenient services for your home.\",\"inLanguage\":\"pt-PT\",\"potentialAction\":[{\"@type\":\"ReadAction\",\"target\":[\"https:\\\/\\\/cleanster.com\\\/apartment-cleaning-services\"]}]},{\"@type\":\"WebSite\",\"@id\":\"https:\\\/\\\/cleanster.com\\\/#website\",\"url\":\"https:\\\/\\\/cleanster.com\\\/\",\"name\":\"Cleanster | Cleaning & Maid Services Near You\",\"description\":\"Instantly find &amp; book trusted cleaners for homes, apartment, Airbnb, and offices. Cleanster offers affordable maid, housekeeping, and commercial cleaning services near you.\",\"publisher\":{\"@id\":\"https:\\\/\\\/cleanster.com\\\/#organization\"},\"alternateName\":\"Cleanster | Cleaning, Maid & Housekeeping Services for Everyone\",\"potentialAction\":[{\"@type\":\"SearchAction\",\"target\":{\"@type\":\"EntryPoint\",\"urlTemplate\":\"https:\\\/\\\/cleanster.com\\\/?s={search_term_string}\"},\"query-input\":{\"@type\":\"PropertyValueSpecification\",\"valueRequired\":true,\"valueName\":\"search_term_string\"}}],\"inLanguage\":\"pt-PT\"},{\"@type\":\"Organization\",\"@id\":\"https:\\\/\\\/cleanster.com\\\/#organization\",\"name\":\"Cleanster\",\"alternateName\":\"Cleanster.com\",\"url\":\"https:\\\/\\\/cleanster.com\\\/\",\"logo\":{\"@type\":\"ImageObject\",\"inLanguage\":\"pt-PT\",\"@id\":\"https:\\\/\\\/cleanster.com\\\/#\\\/schema\\\/logo\\\/image\\\/\",\"url\":\"https:\\\/\\\/cleanster.com\\\/wp-content\\\/uploads\\\/2025\\\/06\\\/Cleanster-Logo-1.svg\",\"contentUrl\":\"https:\\\/\\\/cleanster.com\\\/wp-content\\\/uploads\\\/2025\\\/06\\\/Cleanster-Logo-1.svg\",\"width\":1,\"height\":1,\"caption\":\"Cleanster\"},\"image\":{\"@id\":\"https:\\\/\\\/cleanster.com\\\/#\\\/schema\\\/logo\\\/image\\\/\"},\"sameAs\":[\"https:\\\/\\\/www.facebook.com\\\/cleansterhq\",\"https:\\\/\\\/x.com\\\/cleansterhq\",\"https:\\\/\\\/www.linkedin.com\\\/company\\\/cleansterhq\",\"https:\\\/\\\/www.instagram.com\\\/cleansterhq\",\"https:\\\/\\\/vm.tiktok.com\\\/ZM8vHmcuo\\\/\",\"https:\\\/\\\/www.clubhouse.com\\\/club\\\/cleanstercom\"],\"description\":\"Cleanster is an AI-powered cleaning services platform that connects Airbnb hosts, property managers, and commercial clients with vetted, on-demand cleaners. We offer apartment, house, Airbnb, commercial, and janitorial cleaning services. With a network of over 100,000 professionals across the US, Canada, and the UK, Cleanster delivers fast, reliable, and tech-enabled cleaning at scale.\",\"email\":\"support@cleanster.com\",\"telephone\":\"+1 (888) 788-2445\",\"legalName\":\"Cleanster, Inc.\",\"foundingDate\":\"2019-05-06\",\"duns\":\"118328526\",\"naics\":\"541511\",\"numberOfEmployees\":{\"@type\":\"QuantitativeValue\",\"minValue\":\"11\",\"maxValue\":\"50\"}}]}<\/script>\n<!-- \/ Yoast SEO Premium plugin. -->","yoast_head_json":{"title":"Morador de apartamento procura servi\u00e7os de limpeza confi\u00e1veis","description":"Moradores de apartamentos podem se beneficiar dos servi\u00e7os de limpeza personalizados da Cleanster.com. Descubra servi\u00e7os pr\u00e1ticos para sua casa.","robots":{"index":"index","follow":"follow","max-snippet":"max-snippet:-1","max-image-preview":"max-image-preview:large","max-video-preview":"max-video-preview:-1"},"canonical":"https:\/\/cleanster.com\/pt\/servicos-de-limpeza-de-apartamentos-2\/","og_locale":"pt_PT","og_type":"article","og_title":"Apartment Cleaning Services - Cleanster | Cleaning &amp; Maid Services Near You","og_description":"Apartment residents can benefit from Cleanster.com\u2019s tailored cleaning services. Discover convenient services for your home.","og_url":"https:\/\/cleanster.com\/pt\/servicos-de-limpeza-de-apartamentos-2\/","og_site_name":"Cleanster | Cleaning &amp; Maid Services Near You","article_publisher":"https:\/\/www.facebook.com\/cleansterhq","article_modified_time":"2026-02-25T19:20:19+00:00","og_image":[{"width":1170,"height":763,"url":"https:\/\/cleanster.com\/wp-content\/uploads\/2023\/11\/card@3x.png","type":"image\/png"}],"twitter_card":"summary_large_image","twitter_site":"@cleansterhq","twitter_misc":{"Tempo estimado de leitura":"1 minuto"},"schema":{"@context":"https:\/\/schema.org","@graph":[{"@type":"WebPage","@id":"https:\/\/cleanster.com\/apartment-cleaning-services\/","url":"https:\/\/cleanster.com\/apartment-cleaning-services","name":"Morador de apartamento procura servi\u00e7os de limpeza confi\u00e1veis","isPartOf":{"@id":"https:\/\/cleanster.com\/#website"},"datePublished":"2023-08-08T07:17:55+00:00","dateModified":"2026-02-25T19:20:19+00:00","description":"Moradores de apartamentos podem se beneficiar dos servi\u00e7os de limpeza personalizados da Cleanster.com. Descubra servi\u00e7os pr\u00e1ticos para sua casa.","inLanguage":"pt-PT","potentialAction":[{"@type":"ReadAction","target":["https:\/\/cleanster.com\/apartment-cleaning-services"]}]},{"@type":"WebSite","@id":"https:\/\/cleanster.com\/#website","url":"https:\/\/cleanster.com\/","name":"Cleanster | Servi\u00e7os de limpeza e limpeza perto de voc\u00ea","description":"Encontre e reserve instantaneamente servi\u00e7os de limpeza confi\u00e1veis para resid\u00eancias, apartamentos, Airbnb e escrit\u00f3rios. A Cleanster oferece servi\u00e7os acess\u00edveis de limpeza dom\u00e9stica, limpeza dom\u00e9stica e limpeza comercial perto de voc\u00ea.","publisher":{"@id":"https:\/\/cleanster.com\/#organization"},"alternateName":"Cleanster | Cleaning, Maid & Housekeeping Services for Everyone","potentialAction":[{"@type":"SearchAction","target":{"@type":"EntryPoint","urlTemplate":"https:\/\/cleanster.com\/?s={search_term_string}"},"query-input":{"@type":"PropertyValueSpecification","valueRequired":true,"valueName":"search_term_string"}}],"inLanguage":"pt-PT"},{"@type":"Organization","@id":"https:\/\/cleanster.com\/#organization","name":"Limpador","alternateName":"Cleanster.com","url":"https:\/\/cleanster.com\/","logo":{"@type":"ImageObject","inLanguage":"pt-PT","@id":"https:\/\/cleanster.com\/#\/schema\/logo\/image\/","url":"https:\/\/cleanster.com\/wp-content\/uploads\/2025\/06\/Cleanster-Logo-1.svg","contentUrl":"https:\/\/cleanster.com\/wp-content\/uploads\/2025\/06\/Cleanster-Logo-1.svg","width":1,"height":1,"caption":"Cleanster"},"image":{"@id":"https:\/\/cleanster.com\/#\/schema\/logo\/image\/"},"sameAs":["https:\/\/www.facebook.com\/cleansterhq","https:\/\/x.com\/cleansterhq","https:\/\/www.linkedin.com\/company\/cleansterhq","https:\/\/www.instagram.com\/cleansterhq","https:\/\/vm.tiktok.com\/ZM8vHmcuo\/","https:\/\/www.clubhouse.com\/club\/cleanstercom"],"description":"A Cleanster \u00e9 uma plataforma de servi\u00e7os de limpeza com tecnologia de IA que conecta anfitri\u00f5es do Airbnb, administradores de im\u00f3veis e clientes comerciais a profissionais de limpeza qualificados e sob demanda. Oferecemos servi\u00e7os de limpeza para apartamentos, casas, Airbnb, empresas e servi\u00e7os de zeladoria. Com uma rede de mais de 100.000 profissionais nos EUA, Canad\u00e1 e Reino Unido, a Cleanster oferece limpeza r\u00e1pida, confi\u00e1vel e com tecnologia em larga escala.","email":"support@cleanster.com","telephone":"+1 (888) 788-2445","legalName":"Cleanster, Inc.","foundingDate":"2019-05-06","duns":"118328526","naics":"541511","numberOfEmployees":{"@type":"QuantitativeValue","minValue":"11","maxValue":"50"}}]}},"_links":{"self":[{"href":"https:\/\/cleanster.com\/pt\/wp-json\/wp\/v2\/pages\/79","targetHints":{"allow":["GET"]}}],"collection":[{"href":"https:\/\/cleanster.com\/pt\/wp-json\/wp\/v2\/pages"}],"about":[{"href":"https:\/\/cleanster.com\/pt\/wp-json\/wp\/v2\/types\/page"}],"author":[{"embeddable":true,"href":"https:\/\/cleanster.com\/pt\/wp-json\/wp\/v2\/users\/1"}],"replies":[{"embeddable":true,"href":"https:\/\/cleanster.com\/pt\/wp-json\/wp\/v2\/comments?post=79"}],"version-history":[{"count":0,"href":"https:\/\/cleanster.com\/pt\/wp-json\/wp\/v2\/pages\/79\/revisions"}],"wp:attachment":[{"href":"https:\/\/cleanster.com\/pt\/wp-json\/wp\/v2\/media?parent=79"}],"curies":[{"name":"wp","href":"https:\/\/api.w.org\/{rel}","templated":true}]}}